{"id":13361,"date":"2021-09-27T22:24:05","date_gmt":"2021-09-27T21:24:05","guid":{"rendered":"http:\/\/guydutoit.com\/koast\/"},"modified":"2025-11-30T02:32:23","modified_gmt":"2025-11-30T01:32:23","slug":"koast","status":"publish","type":"page","link":"https:\/\/guydutoit.com\/de\/koast\/","title":{"rendered":"KOAST"},"content":{"rendered":"\t\t<div data-elementor-type=\"wp-page\" data-elementor-id=\"13361\" class=\"elementor elementor-13361 elementor-12771\" data-elementor-post-type=\"page\">\n\t\t\t\t<div class=\"elementor-element elementor-element-3c7ec74c e-flex e-con-boxed e-con e-parent\" data-id=\"3c7ec74c\" data-element_type=\"container\" data-e-type=\"container\">\n\t\t\t\t\t<div class=\"e-con-inner\">\n\t\t\t\t<div class=\"elementor-element elementor-element-621c1bf3 elementor-widget elementor-widget-text-editor\" data-id=\"621c1bf3\" data-element_type=\"widget\" data-e-type=\"widget\" data-widget_type=\"text-editor.default\">\n\t\t\t\t<div class=\"elementor-widget-container\">\n\t\t\t\t\t\t\t\t\t<div class=\"vce-row-container\" data-vce-boxed-width=\"true\">\n<div id=\"el-535ef9ff\" class=\"vce-row vce-row--col-gap-30 vce-row-equal-height vce-row-content--top\" data-vce-do-apply=\"all el-535ef9ff\">\n<div class=\"vce-row-content\" data-vce-element-content=\"true\">\n<div id=\"el-378e87e4\" class=\"vce-col vce-col--md-auto vce-col--xs-1 vce-col--xs-last vce-col--xs-first vce-col--sm-last vce-col--sm-first vce-col--md-last vce-col--lg-last vce-col--xl-last vce-col--md-first vce-col--lg-first vce-col--xl-first\">\n<div class=\"vce-col-inner\" data-vce-do-apply=\"border margin background el-378e87e4\">\n<div class=\"vce-col-content\" data-vce-element-content=\"true\" data-vce-do-apply=\"padding el-378e87e4\">\n<div class=\"vce-text-block\">\n<div id=\"el-939677cc\" class=\"vce-text-block-wrapper vce\" data-vce-do-apply=\"all el-939677cc\">\n<h3><a style=\"font-size: 1.7em; line-height: 50px; font-weight: bold;\" href=\"https:\/\/koast.org.nz\/\" target=\"_blank\" rel=\"noopener\">Kerikeri Open Art Studio Trail<\/a><\/h3>\n<div class=\"entry-content clear\">\n<div class=\"vce-row-container\" data-vce-boxed-width=\"true\">\n<div id=\"el-535ef9ff\" class=\"vce-row vce-row--col-gap-30 vce-row-equal-height vce-row-content--top\" data-vce-do-apply=\"all el-535ef9ff\">\n<div class=\"vce-row-content\" data-vce-element-content=\"true\">\n<div id=\"el-378e87e4\" class=\"vce-col vce-col--md-auto vce-col--xs-1 vce-col--xs-last vce-col--xs-first vce-col--sm-last vce-col--sm-first vce-col--md-last vce-col--lg-last vce-col--xl-last vce-col--md-first vce-col--lg-first vce-col--xl-first\">\n<div class=\"vce-col-inner\" data-vce-do-apply=\"border margin background el-378e87e4\">\n<div class=\"vce-col-content\" data-vce-element-content=\"true\" data-vce-do-apply=\"padding el-378e87e4\">\n<div class=\"vce-text-block\">\n<div id=\"el-939677cc\" class=\"vce-text-block-wrapper vce\" data-vce-do-apply=\"all el-939677cc\">\n\nSch\u00f6ne Regionen und Orte haben K\u00fcnstler seit Jahrhunderten angezogen und inspiriert, darunter Constable, Cezanne, van Gogh und nat\u00fcrlich Monets eigene G\u00e4rten. Kerikeri in der Bay of Islands, Northland, ist bekannt f\u00fcr seine atemberaubende Landschaft, sch\u00f6ne Str\u00e4nde, herrliche Spazierg\u00e4nge und seine Zitrus- und Kiwiobstplantagen. \n\nDiese faszinierende Region hat noch viel mehr zu bieten, denn viele sehr talentierte neuseel\u00e4ndische K\u00fcnstler sind in dieser sch\u00f6nen Gegend zu Hause. Jedes Jahr findet der<strong> <a href=\"https:\/\/koast.org.nz\/\" target=\"_blank\" rel=\"noopener\">Kerikeri Open Art Studios Trail <\/a><\/strong>eine wunderbare M\u00f6glichkeit f\u00fcr die K\u00fcnstler dieser Region, f\u00fcr Gastk\u00fcnstler und f\u00fcr Besucher und Kunstsammler geschaffen, ihr Talent zu genie\u00dfen.\n\nDer Kerikeri Open Art Studios Trail bietet Besuchern ein wunderbares Kunsterlebnis. Ein Besuch bei den Ausstellern in ihren Ateliers kann wirklich eine einzigartige und interessante Perspektive auf einen Ort bieten und seine Attraktivit\u00e4t erheblich steigern. \n\nBesucher, die die Ateliers und Galerien der K\u00fcnstler besuchen, helfen den K\u00fcnstlern, ihren Beruf auszu\u00fcben. Der Besuch ihrer Ateliers erm\u00f6glicht es den K\u00fcnstlern, ihren Kundenstamm zu erweitern und ihre Kunstwerke direkt an Kunstliebhaber und andere Interessenten zu verkaufen. Jeder K\u00fcnstler hat dem Besucher etwas ganz Besonderes zu bieten.  \n\nWenn Sie auf die Bilder unten klicken, \u00f6ffnet sich ein neues Fenster mit weiteren Informationen \u00fcber meine Teilnahme an KOAST in dem jeweiligen Jahr.\n\n<\/div>\n<\/div>\n<\/div>\n<\/div>\n<\/div>\n<\/div>\n<\/div>\n<\/div>\n<\/div>\n<\/div>\n<\/div>\n<\/div>\n<\/div>\n<\/div>\n<\/div>\n<\/div>\n<\/div>\n<div class=\"vce-row-container\" data-vce-boxed-width=\"true\">\n<div id=\"el-2822f8ab\" class=\"vce-row vce-row--col-gap-30 vce-row-equal-height vce-row-content--top\" data-vce-do-apply=\"all el-2822f8ab\">\n<div class=\"vce-row-content\" data-vce-element-content=\"true\">\n<div id=\"el-4c424d2f\" class=\"vce-col vce-col--md-auto vce-col--xs-1 vce-col--xs-last vce-col--xs-first vce-col--sm-last vce-col--sm-first vce-col--md-last vce-col--lg-last vce-col--xl-last vce-col--md-first vce-col--lg-first vce-col--xl-first\">\n<div class=\"vce-col-inner\" data-vce-do-apply=\"border margin background el-4c424d2f\">\n<div class=\"vce-col-content\" data-vce-element-content=\"true\" data-vce-do-apply=\"padding el-4c424d2f\"><\/div>\n<\/div>\n<\/div>\n<\/div>\n<\/div>\n<\/div>\t\t\t\t\t\t\t\t<\/div>\n\t\t\t\t<\/div>\n\t\t\t\t\t<\/div>\n\t\t\t\t<\/div>\n\t\t<div class=\"elementor-element elementor-element-ca3b859 e-grid e-con-full e-con e-parent\" data-id=\"ca3b859\" data-element_type=\"container\" data-e-type=\"container\">\n\t\t\t\t<div class=\"elementor-element elementor-element-6dcac61 elementor-widget elementor-widget-image\" data-id=\"6dcac61\" data-element_type=\"widget\" data-e-type=\"widget\" data-widget_type=\"image.default\">\n\t\t\t\t<div class=\"elementor-widget-container\">\n\t\t\t\t\t\t\t\t\t\t\t\t\t\t\t\t<a href=\"http:\/\/guydutoit.com\/koast-2019\/\" target=\"_blank\">\n\t\t\t\t\t\t\t<img fetchpriority=\"high\" decoding=\"async\" data-attachment-id=\"13362\" data-permalink=\"https:\/\/guydutoit.com\/de\/koast\/koast-2019-2-2\/\" data-orig-file=\"https:\/\/i0.wp.com\/guydutoit.com\/wp-content\/uploads\/2024\/11\/KOAST-2019.jpg?fit=170%2C300&amp;ssl=1\" data-orig-size=\"170,300\" data-comments-opened=\"0\" data-image-meta=\"{&quot;aperture&quot;:&quot;1.8&quot;,&quot;credit&quot;:&quot;&quot;,&quot;camera&quot;:&quot;SM-G988B&quot;,&quot;caption&quot;:&quot;&quot;,&quot;created_timestamp&quot;:&quot;1635343892&quot;,&quot;copyright&quot;:&quot;&quot;,&quot;focal_length&quot;:&quot;7&quot;,&quot;iso&quot;:&quot;400&quot;,&quot;shutter_speed&quot;:&quot;0.01&quot;,&quot;title&quot;:&quot;&quot;,&quot;orientation&quot;:&quot;1&quot;}\" data-image-title=\"KOAST 2019\" data-image-description=\"&lt;p&gt;KOAST 2019&lt;\/p&gt;\n\" data-image-caption=\"&lt;p&gt;KOAST 2019&lt;\/p&gt;\n\" data-medium-file=\"https:\/\/i0.wp.com\/guydutoit.com\/wp-content\/uploads\/2024\/11\/KOAST-2019.jpg?fit=170%2C300&amp;ssl=1\" data-large-file=\"https:\/\/i0.wp.com\/guydutoit.com\/wp-content\/uploads\/2024\/11\/KOAST-2019.jpg?fit=170%2C300&amp;ssl=1\" width=\"170\" height=\"300\" src=\"https:\/\/i0.wp.com\/guydutoit.com\/wp-content\/uploads\/2024\/11\/KOAST-2019.jpg?fit=170%2C300&amp;ssl=1\" class=\"attachment-large size-large wp-image-13362\" alt=\"KOAST 2019\" data-attachment-id=\"13362\" data-permalink=\"https:\/\/guydutoit.com\/de\/koast\/koast-2019-2-2\/\" data-orig-file=\"https:\/\/i0.wp.com\/guydutoit.com\/wp-content\/uploads\/2024\/11\/KOAST-2019.jpg?fit=170%2C300&amp;ssl=1\" data-orig-size=\"170,300\" data-comments-opened=\"0\" data-image-meta=\"{&quot;aperture&quot;:&quot;1.8&quot;,&quot;credit&quot;:&quot;&quot;,&quot;camera&quot;:&quot;SM-G988B&quot;,&quot;caption&quot;:&quot;&quot;,&quot;created_timestamp&quot;:&quot;1635343892&quot;,&quot;copyright&quot;:&quot;&quot;,&quot;focal_length&quot;:&quot;7&quot;,&quot;iso&quot;:&quot;400&quot;,&quot;shutter_speed&quot;:&quot;0.01&quot;,&quot;title&quot;:&quot;&quot;,&quot;orientation&quot;:&quot;1&quot;}\" data-image-title=\"KOAST 2019\" data-image-description=\"&lt;p&gt;KOAST 2019&lt;\/p&gt;\n\" data-image-caption=\"&lt;p&gt;KOAST 2019&lt;\/p&gt;\n\" data-medium-file=\"https:\/\/i0.wp.com\/guydutoit.com\/wp-content\/uploads\/2024\/11\/KOAST-2019.jpg?fit=170%2C300&amp;ssl=1\" data-large-file=\"https:\/\/i0.wp.com\/guydutoit.com\/wp-content\/uploads\/2024\/11\/KOAST-2019.jpg?fit=170%2C300&amp;ssl=1\" \/>\t\t\t\t\t\t\t\t<\/a>\n\t\t\t\t\t\t\t\t\t\t\t\t\t\t\t<\/div>\n\t\t\t\t<\/div>\n\t\t\t\t<div class=\"elementor-element elementor-element-88b67ba elementor-widget elementor-widget-image\" data-id=\"88b67ba\" data-element_type=\"widget\" data-e-type=\"widget\" data-widget_type=\"image.default\">\n\t\t\t\t<div class=\"elementor-widget-container\">\n\t\t\t\t\t\t\t\t\t\t\t\t\t\t\t\t<a href=\"http:\/\/guydutoit.com\/koast-2021\/\" target=\"_blank\">\n\t\t\t\t\t\t\t<img decoding=\"async\" data-attachment-id=\"13363\" data-permalink=\"https:\/\/guydutoit.com\/de\/koast\/koast-2021-2-2\/\" data-orig-file=\"https:\/\/i0.wp.com\/guydutoit.com\/wp-content\/uploads\/2024\/11\/KOAST-2021.jpg?fit=160%2C300&amp;ssl=1\" data-orig-size=\"160,300\" data-comments-opened=\"0\" data-image-meta=\"{&quot;aperture&quot;:&quot;1.8&quot;,&quot;credit&quot;:&quot;&quot;,&quot;camera&quot;:&quot;SM-G988B&quot;,&quot;caption&quot;:&quot;&quot;,&quot;created_timestamp&quot;:&quot;1635343948&quot;,&quot;copyright&quot;:&quot;&quot;,&quot;focal_length&quot;:&quot;7&quot;,&quot;iso&quot;:&quot;320&quot;,&quot;shutter_speed&quot;:&quot;0.01&quot;,&quot;title&quot;:&quot;&quot;,&quot;orientation&quot;:&quot;1&quot;}\" data-image-title=\"KOAST 2021\" data-image-description=\"&lt;p&gt;KOAST 2021&lt;\/p&gt;\n\" data-image-caption=\"&lt;p&gt;KOAST 2021&lt;\/p&gt;\n\" data-medium-file=\"https:\/\/i0.wp.com\/guydutoit.com\/wp-content\/uploads\/2024\/11\/KOAST-2021.jpg?fit=160%2C300&amp;ssl=1\" data-large-file=\"https:\/\/i0.wp.com\/guydutoit.com\/wp-content\/uploads\/2024\/11\/KOAST-2021.jpg?fit=160%2C300&amp;ssl=1\" width=\"160\" height=\"300\" src=\"https:\/\/i0.wp.com\/guydutoit.com\/wp-content\/uploads\/2024\/11\/KOAST-2021.jpg?fit=160%2C300&amp;ssl=1\" class=\"attachment-large size-large wp-image-13363\" alt=\"KOAST 2021\" data-attachment-id=\"13363\" data-permalink=\"https:\/\/guydutoit.com\/de\/koast\/koast-2021-2-2\/\" data-orig-file=\"https:\/\/i0.wp.com\/guydutoit.com\/wp-content\/uploads\/2024\/11\/KOAST-2021.jpg?fit=160%2C300&amp;ssl=1\" data-orig-size=\"160,300\" data-comments-opened=\"0\" data-image-meta=\"{&quot;aperture&quot;:&quot;1.8&quot;,&quot;credit&quot;:&quot;&quot;,&quot;camera&quot;:&quot;SM-G988B&quot;,&quot;caption&quot;:&quot;&quot;,&quot;created_timestamp&quot;:&quot;1635343948&quot;,&quot;copyright&quot;:&quot;&quot;,&quot;focal_length&quot;:&quot;7&quot;,&quot;iso&quot;:&quot;320&quot;,&quot;shutter_speed&quot;:&quot;0.01&quot;,&quot;title&quot;:&quot;&quot;,&quot;orientation&quot;:&quot;1&quot;}\" data-image-title=\"KOAST 2021\" data-image-description=\"&lt;p&gt;KOAST 2021&lt;\/p&gt;\n\" data-image-caption=\"&lt;p&gt;KOAST 2021&lt;\/p&gt;\n\" data-medium-file=\"https:\/\/i0.wp.com\/guydutoit.com\/wp-content\/uploads\/2024\/11\/KOAST-2021.jpg?fit=160%2C300&amp;ssl=1\" data-large-file=\"https:\/\/i0.wp.com\/guydutoit.com\/wp-content\/uploads\/2024\/11\/KOAST-2021.jpg?fit=160%2C300&amp;ssl=1\" \/>\t\t\t\t\t\t\t\t<\/a>\n\t\t\t\t\t\t\t\t\t\t\t\t\t\t\t<\/div>\n\t\t\t\t<\/div>\n\t\t\t\t<\/div>\n\t\t\t\t<\/div>\n\t\t","protected":false},"excerpt":{"rendered":"<p>Kerikeri Open Art Studio Trail Sch\u00f6ne Regionen und Orte haben K\u00fcnstler seit Jahrhunderten angezogen und inspiriert, darunter Constable, Cezanne, van Gogh und nat\u00fcrlich Monets eigene G\u00e4rten. Kerikeri in der Bay of Islands, Northland, ist bekannt f\u00fcr seine atemberaubende Landschaft, sch\u00f6ne Str\u00e4nde, herrliche Spazierg\u00e4nge und seine Zitrus- und Kiwiobstplantagen. Diese faszinierende Region hat noch viel mehr [&hellip;]<\/p>\n","protected":false},"author":2,"featured_media":0,"parent":0,"menu_order":0,"comment_status":"closed","ping_status":"closed","template":"","meta":{"site-sidebar-layout":"default","site-content-layout":"","ast-site-content-layout":"default","site-content-style":"default","site-sidebar-style":"default","ast-global-header-display":"","ast-banner-title-visibility":"","ast-main-header-display":"","ast-hfb-above-header-display":"","ast-hfb-below-header-display":"","ast-hfb-mobile-header-display":"","site-post-title":"","ast-breadcrumbs-content":"","ast-featured-img":"","footer-sml-layout":"","ast-disable-related-posts":"","theme-transparent-header-meta":"default","adv-header-id-meta":"","stick-header-meta":"default","header-above-stick-meta":"","header-main-stick-meta":"","header-below-stick-meta":"","astra-migrate-meta-layouts":"set","ast-page-background-enabled":"default","ast-page-background-meta":{"desktop":{"background-color":"var(--ast-global-color-4)","background-image":"","background-repeat":"repeat","background-position":"center center","background-size":"auto","background-attachment":"scroll","background-type":"","background-media":"","overlay-type":"","overlay-color":"","overlay-opacity":"","overlay-gradient":""},"tablet":{"background-color":"","background-image":"","background-repeat":"repeat","background-position":"center center","background-size":"auto","background-attachment":"scroll","background-type":"","background-media":"","overlay-type":"","overlay-color":"","overlay-opacity":"","overlay-gradient":""},"mobile":{"background-color":"","background-image":"","background-repeat":"repeat","background-position":"center center","background-size":"auto","background-attachment":"scroll","background-type":"","background-media":"","overlay-type":"","overlay-color":"","overlay-opacity":"","overlay-gradient":""}},"ast-content-background-meta":{"desktop":{"background-color":"var(--ast-global-color-5)","background-image":"","background-repeat":"repeat","background-position":"center center","background-size":"auto","background-attachment":"scroll","background-type":"","background-media":"","overlay-type":"","overlay-color":"","overlay-opacity":"","overlay-gradient":""},"tablet":{"background-color":"var(--ast-global-color-5)","background-image":"","background-repeat":"repeat","background-position":"center center","background-size":"auto","background-attachment":"scroll","background-type":"","background-media":"","overlay-type":"","overlay-color":"","overlay-opacity":"","overlay-gradient":""},"mobile":{"background-color":"var(--ast-global-color-5)","background-image":"","background-repeat":"repeat","background-position":"center center","background-size":"auto","background-attachment":"scroll","background-type":"","background-media":"","overlay-type":"","overlay-color":"","overlay-opacity":"","overlay-gradient":""}},"jetpack_post_was_ever_published":false,"footnotes":""},"class_list":["post-13361","page","type-page","status-publish","hentry"],"jetpack-related-posts":[{"id":14000,"url":"https:\/\/guydutoit.com\/de\/kerikeri-retirement-village-art-show-2020\/","url_meta":{"origin":13361,"position":0},"title":"Kerikeri Retirement Village Kunstausstellung 2020","author":"Guy du Toit","date":"19. Oktober 2021","format":false,"excerpt":"Im Dezember 2020 war ich eingeladen, meine Holzkunst zusammen mit einigen der vielen sehr talentierten K\u00fcnstler in Kerikeri im neuen Wohntrakt des Kerikeri Seniorendorfs auszustellen. Es war eine erstaunliche Veranstaltung, die von den lokalen K\u00fcnstlern sehr gut unterst\u00fctzt wurde, und es war ein Vergn\u00fcgen, einige Zeit mit den erstaunlichen Bewohnern\u2026","rel":"","context":"\u00c4hnlicher Beitrag","block_context":{"text":"\u00c4hnlicher Beitrag","link":""},"img":{"alt_text":"","src":"","width":0,"height":0},"classes":[]},{"id":16684,"url":"https:\/\/guydutoit.com\/de\/koast-2019\/","url_meta":{"origin":13361,"position":1},"title":"KOAST 2019","author":"Guy du Toit","date":"5. M\u00e4rz 2025","format":false,"excerpt":"2019 teilten sich Rolly Munro, Leigh Munro und ich eine Ausstellungsfl\u00e4che in Rollys Studio\/Werkstatt in Kerikeri.Es war ein gro\u00dfartiges Wochenende mit vielen Besuchern und vielen interessanten Gespr\u00e4chen mit Menschen, die von weit her kamen, um all die wunderbar unterschiedlichen K\u00fcnstler im hohen Norden zu besuchen und Kunst von lokalen K\u00fcnstlern\u2026","rel":"","context":"\u00c4hnlicher Beitrag","block_context":{"text":"\u00c4hnlicher Beitrag","link":""},"img":{"alt_text":"","src":"","width":0,"height":0},"classes":[]},{"id":14010,"url":"https:\/\/guydutoit.com\/de\/tuhono-kerikeri\/","url_meta":{"origin":13361,"position":2},"title":"TUHONO Kerikeri","author":"Guy du Toit","date":"28. September 2021","format":false,"excerpt":"Die 200-Jahr-Feier von Kerikeri Tuhono Kerikeri war eine Veranstaltung zur Feier des 200. Jahrestages der Gr\u00fcndung von Kerikeri. Mehrere lokale K\u00fcnstler wurden eingeladen, Kunstwerke f\u00fcr eine Ausstellung im Rahmen dieser Veranstaltung zu schaffen. Leider fand die Veranstaltung aufgrund von Covid-19 nie statt. F\u00fcr die Veranstaltung habe ich dieses St\u00fcck mit\u2026","rel":"","context":"\u00c4hnlicher Beitrag","block_context":{"text":"\u00c4hnlicher Beitrag","link":""},"img":{"alt_text":"","src":"","width":0,"height":0},"classes":[]},{"id":13559,"url":"https:\/\/guydutoit.com\/de\/exhibitions-events\/","url_meta":{"origin":13361,"position":3},"title":"Ausstellungen und Veranstaltungen","author":"Guy du Toit","date":"6. November 2024","format":false,"excerpt":"Ausstellungen & Veranstaltungen Hier finden Sie einige der Ausstellungen und Shows, zu denen ich eingeladen wurde, Veranstaltungen, an denen ich teilgenommen habe und einige der Galerien\/Boutiquen, die meine Kreationen verkaufen oder verkauft haben. Wenn Sie auf das Bild klicken, \u00f6ffnet sich ein neues Fenster mit weiteren Informationen \u00fcber die Galerie\u2026","rel":"","context":"\u00c4hnlicher Beitrag","block_context":{"text":"\u00c4hnlicher Beitrag","link":""},"img":{"alt_text":"","src":"https:\/\/i0.wp.com\/guydutoit.com\/wp-content\/uploads\/2025\/03\/Tuhono-1.png?resize=350%2C200&ssl=1","width":350,"height":200,"srcset":"https:\/\/i0.wp.com\/guydutoit.com\/wp-content\/uploads\/2025\/03\/Tuhono-1.png?resize=350%2C200&ssl=1 1x, https:\/\/i0.wp.com\/guydutoit.com\/wp-content\/uploads\/2025\/03\/Tuhono-1.png?resize=525%2C300&ssl=1 1.5x, https:\/\/i0.wp.com\/guydutoit.com\/wp-content\/uploads\/2025\/03\/Tuhono-1.png?resize=700%2C400&ssl=1 2x"},"classes":[]},{"id":13490,"url":"https:\/\/guydutoit.com\/de\/in-the-news\/","url_meta":{"origin":13361,"position":4},"title":"IN DEN NACHRICHTEN","author":"Guy du Toit","date":"8. November 2024","format":false,"excerpt":"In den Nachrichten In der Presse: Das Handwerk in Szene setzen Drechseln steht im Mittelpunkt Ich freue mich darauf, einige Dinge zu zeigen, die meine Arbeit und meine Leidenschaft f\u00fcr das Drechseln unterstreichen! Diese Medienereignisse haben dazu beigetragen, ein breiteres Publikum anzusprechen und die komplizierten Details und die k\u00fcnstlerische Vision\u2026","rel":"","context":"\u00c4hnlicher Beitrag","block_context":{"text":"\u00c4hnlicher Beitrag","link":""},"img":{"alt_text":"Guy du Toit Documentary","src":"https:\/\/i0.wp.com\/guydutoit.com\/wp-content\/uploads\/2024\/11\/Guy-du-Toit-Documentary.png?resize=350%2C200&ssl=1","width":350,"height":200},"classes":[]},{"id":12771,"url":"https:\/\/guydutoit.com\/koast\/","url_meta":{"origin":13361,"position":5},"title":"KOAST","author":"Guy du Toit","date":"27. September 2021","format":false,"excerpt":"Kerikeri Open Art Studio Trail Beautiful regions and places have attracted and inspired artists for centuries, including Constable, Cezanne, van Gogh and of course Monet\u2019s own gardens.\u00a0\u00a0Kerikeri in the Bay of Islands, Northland, is well known for its stunning scenery, beautiful beaches, lovely walks and its citrus and kiwi fruit\u2026","rel":"","context":"\u00c4hnlicher Beitrag","block_context":{"text":"\u00c4hnlicher Beitrag","link":""},"img":{"alt_text":"KOAST 2019","src":"https:\/\/i0.wp.com\/guydutoit.com\/wp-content\/uploads\/2024\/11\/KOAST-2019.jpg?resize=350%2C200&ssl=1","width":350,"height":200},"classes":[]}],"jetpack_sharing_enabled":false,"jetpack_likes_enabled":false,"_links":{"self":[{"href":"https:\/\/guydutoit.com\/de\/wp-json\/wp\/v2\/pages\/13361","targetHints":{"allow":["GET"]}}],"collection":[{"href":"https:\/\/guydutoit.com\/de\/wp-json\/wp\/v2\/pages"}],"about":[{"href":"https:\/\/guydutoit.com\/de\/wp-json\/wp\/v2\/types\/page"}],"author":[{"embeddable":true,"href":"https:\/\/guydutoit.com\/de\/wp-json\/wp\/v2\/users\/2"}],"replies":[{"embeddable":true,"href":"https:\/\/guydutoit.com\/de\/wp-json\/wp\/v2\/comments?post=13361"}],"version-history":[{"count":17,"href":"https:\/\/guydutoit.com\/de\/wp-json\/wp\/v2\/pages\/13361\/revisions"}],"predecessor-version":[{"id":22069,"href":"https:\/\/guydutoit.com\/de\/wp-json\/wp\/v2\/pages\/13361\/revisions\/22069"}],"wp:attachment":[{"href":"https:\/\/guydutoit.com\/de\/wp-json\/wp\/v2\/media?parent=13361"}],"curies":[{"name":"wp","href":"https:\/\/api.w.org\/{rel}","templated":true}]}}