{"id":13640,"date":"2021-11-08T22:58:37","date_gmt":"2021-11-08T21:58:37","guid":{"rendered":"http:\/\/guydutoit.com\/chakra-wuerfel-seltenes-holz-halskette\/"},"modified":"2025-03-13T10:43:49","modified_gmt":"2025-03-13T09:43:49","slug":"chakra-cube","status":"publish","type":"page","link":"https:\/\/guydutoit.com\/de\/chakra-cube\/","title":{"rendered":"Chakra W\u00fcrfel seltenes Holz Halskette"},"content":{"rendered":"<p><!--vcv no format--><\/p>\n<div class=\"vce-row-container\" data-vce-boxed-width=\"true\">\n<div id=\"el-8193401d\" class=\"vce-row vce-row--col-gap-30 vce-row-equal-height vce-row-content--top\" data-vce-do-apply=\"all el-8193401d\">\n<div class=\"vce-row-content\" data-vce-element-content=\"true\">\n<div id=\"el-3ad4823a\" class=\"vce-col vce-col--md-auto vce-col--xs-1 vce-col--xs-last vce-col--xs-first vce-col--sm-last vce-col--sm-first vce-col--md-last vce-col--lg-last vce-col--xl-last vce-col--md-first vce-col--lg-first vce-col--xl-first\">\n<div class=\"vce-col-inner\" data-vce-do-apply=\"border margin background el-3ad4823a\">\n<div class=\"vce-col-content\" data-vce-element-content=\"true\" data-vce-do-apply=\"padding el-3ad4823a\">\n<div class=\"vce-text-block\">\n<div id=\"el-d9440d8c\" class=\"vce-text-block-wrapper vce\" data-vce-do-apply=\"all el-d9440d8c\">\n<h2>7 Chakren, 7 H\u00f6lzer &#8211; $120.00<\/h2>\n<p>Hergestellt aus 7 verschiedenen Holzsorten, mit Purple Heart in der Mitte, das das Herzchakra repr\u00e4sentiert, ist dies ein Geschenk, das das Herz erw\u00e4rmt und die Stimmung hebt.<\/p>\n<\/div>\n<\/div>\n<\/div>\n<\/div>\n<\/div>\n<\/div>\n<\/div>\n<\/div>\n<div class=\"vce-row-container\" data-vce-boxed-width=\"true\">\n<div id=\"el-402434e5\" class=\"vce-row vce-row--col-gap-30 vce-row-equal-height vce-row-content--top\" data-vce-do-apply=\"all el-402434e5\">\n<div class=\"vce-row-content\" data-vce-element-content=\"true\">\n<div id=\"el-fd74abc5\" class=\"vce-col vce-col--md-auto vce-col--xs-1 vce-col--xs-last vce-col--xs-first vce-col--sm-last vce-col--sm-first vce-col--md-last vce-col--lg-last vce-col--xl-last vce-col--md-first vce-col--lg-first vce-col--xl-first\">\n<div class=\"vce-col-inner\" data-vce-do-apply=\"border margin background el-fd74abc5\">\n<div class=\"vce-col-content\" data-vce-element-content=\"true\" data-vce-do-apply=\"padding el-fd74abc5\">\n<div class=\"vce-image-gallery vce-image-gallery--gap-10 vce-image-gallery--columns-3 vce-image-gallery--border-rounded vce-image-gallery-caption--align-center\">\n<div id=\"el-ece44793\" class=\"vce-image-gallery-wrapper vce\" data-vce-do-apply=\"all el-ece44793\">\n<div class=\"vce-image-gallery-list\">\n<div class=\"vce-image-gallery-item\">\n<figure class=\"vce-image-gallery-item-inner-wrapper\"><a class=\"vce-image-gallery-item-inner\" href=\"|!|vcvUploadUrl|!|\/2021\/11\/20211108_133629-scaled-e1636408535831.jpg\" data-lightbox=\"lightbox-ece44793\"><img decoding=\"async\" class=\"vce-image-gallery-img vce-image-gallery-img--orientation-portrait\" title=\"Chakra W\u00fcrfel seltenes Holz Halskette\" src=\"|!|vcvUploadUrl|!|\/2021\/11\/20211108_133629-scaled-e1636408528797-576x1024.jpg\" alt=\"Chakra W\u00fcrfel seltenes Holz Halskette\"><\/a><figcaption>Chakra W\u00fcrfel seltenes Holz Halskette<\/figcaption><\/figure>\n<\/div>\n<div class=\"vce-image-gallery-item\">\n<figure class=\"vce-image-gallery-item-inner-wrapper\"><a class=\"vce-image-gallery-item-inner\" href=\"|!|vcvUploadUrl|!|\/2021\/11\/20211108_202330-scaled-e1636408311435.jpg\" data-lightbox=\"lightbox-ece44793\"><img decoding=\"async\" class=\"vce-image-gallery-img\" title=\"Chakra W\u00fcrfel seltenes Holz Halskette\" src=\"|!|vcvUploadUrl|!|\/2021\/11\/20211108_202330-scaled-e1636408305248-1024x595.jpg\" alt=\"Chakra W\u00fcrfel seltenes Holz Halskette\"><\/a><figcaption>Chakra W\u00fcrfel seltenes Holz Halskette<\/figcaption><\/figure>\n<\/div>\n<div class=\"vce-image-gallery-item\">\n<figure class=\"vce-image-gallery-item-inner-wrapper\"><a class=\"vce-image-gallery-item-inner\" href=\"|!|vcvUploadUrl|!|\/2021\/11\/20211108_203155-scaled-e1636408252750.jpg\" data-lightbox=\"lightbox-ece44793\"><img decoding=\"async\" class=\"vce-image-gallery-img vce-image-gallery-img--orientation-portrait\" title=\"Chakra W\u00fcrfel seltenes Holz Halskette\" src=\"|!|vcvUploadUrl|!|\/2021\/11\/20211108_203155-scaled-e1636408246497-795x1024.jpg\" alt=\"Chakra W\u00fcrfel seltenes Holz Halskette\"><\/a><figcaption>Chakra W\u00fcrfel seltenes Holz Halskette<\/figcaption><\/figure>\n<\/div>\n<\/div>\n<\/div>\n<\/div>\n<\/div>\n<\/div>\n<\/div>\n<\/div>\n<\/div>\n<\/div>\n<p><!--vcv no format--><\/p>\n","protected":false},"excerpt":{"rendered":"<p>7 Chakren, 7 H\u00f6lzer &#8211; $120.00 Hergestellt aus 7 verschiedenen Holzsorten, mit Purple Heart in der Mitte, das das Herzchakra repr\u00e4sentiert, ist dies ein Geschenk, das das Herz erw\u00e4rmt und die Stimmung hebt. Chakra W\u00fcrfel seltenes Holz Halskette Chakra W\u00fcrfel seltenes Holz Halskette Chakra W\u00fcrfel seltenes Holz Halskette<\/p>\n","protected":false},"author":2,"featured_media":0,"parent":0,"menu_order":0,"comment_status":"closed","ping_status":"closed","template":"","meta":{"site-sidebar-layout":"default","site-content-layout":"","ast-site-content-layout":"default","site-content-style":"default","site-sidebar-style":"default","ast-global-header-display":"","ast-banner-title-visibility":"","ast-main-header-display":"","ast-hfb-above-header-display":"","ast-hfb-below-header-display":"","ast-hfb-mobile-header-display":"","site-post-title":"","ast-breadcrumbs-content":"","ast-featured-img":"","footer-sml-layout":"","ast-disable-related-posts":"","theme-transparent-header-meta":"default","adv-header-id-meta":"","stick-header-meta":"default","header-above-stick-meta":"","header-main-stick-meta":"","header-below-stick-meta":"","astra-migrate-meta-layouts":"set","ast-page-background-enabled":"default","ast-page-background-meta":{"desktop":{"background-color":"var(--ast-global-color-4)","background-image":"","background-repeat":"repeat","background-position":"center center","background-size":"auto","background-attachment":"scroll","background-type":"","background-media":"","overlay-type":"","overlay-color":"","overlay-opacity":"","overlay-gradient":""},"tablet":{"background-color":"","background-image":"","background-repeat":"repeat","background-position":"center center","background-size":"auto","background-attachment":"scroll","background-type":"","background-media":"","overlay-type":"","overlay-color":"","overlay-opacity":"","overlay-gradient":""},"mobile":{"background-color":"","background-image":"","background-repeat":"repeat","background-position":"center center","background-size":"auto","background-attachment":"scroll","background-type":"","background-media":"","overlay-type":"","overlay-color":"","overlay-opacity":"","overlay-gradient":""}},"ast-content-background-meta":{"desktop":{"background-color":"var(--ast-global-color-5)","background-image":"","background-repeat":"repeat","background-position":"center center","background-size":"auto","background-attachment":"scroll","background-type":"","background-media":"","overlay-type":"","overlay-color":"","overlay-opacity":"","overlay-gradient":""},"tablet":{"background-color":"var(--ast-global-color-5)","background-image":"","background-repeat":"repeat","background-position":"center center","background-size":"auto","background-attachment":"scroll","background-type":"","background-media":"","overlay-type":"","overlay-color":"","overlay-opacity":"","overlay-gradient":""},"mobile":{"background-color":"var(--ast-global-color-5)","background-image":"","background-repeat":"repeat","background-position":"center center","background-size":"auto","background-attachment":"scroll","background-type":"","background-media":"","overlay-type":"","overlay-color":"","overlay-opacity":"","overlay-gradient":""}},"jetpack_post_was_ever_published":false,"footnotes":""},"class_list":["post-13640","page","type-page","status-publish","hentry"],"jetpack-related-posts":[{"id":13679,"url":"https:\/\/guydutoit.com\/de\/boule-de-canton-captive-wooden-spheres\/","url_meta":{"origin":13640,"position":0},"title":"&#8220;Boule de Canton&#8221; Gefangene Holzkugeln","author":"Guy du Toit","date":"5. Oktober 2021","format":false,"excerpt":"Diese Kugeln, auch bekannt als Captive Wooden Balls \/ Captive Spheres oder auf Franz\u00f6sisch \"Boule de Canton\" (kantonesische Kugeln), sind aus einem einzigen St\u00fcck Holz gefertigt und jede Kugel besteht entweder aus 5 oder 7 einzelnen Kugeln. Es erfordert viel Pr\u00e4zision, Geduld und Geschick, diese herzustellen. Jede Kugel hat zu\u2026","rel":"","context":"\u00c4hnlicher Beitrag","block_context":{"text":"\u00c4hnlicher Beitrag","link":""},"img":{"alt_text":"","src":"https:\/\/i0.wp.com\/guydutoit.com\/wp-content\/uploads\/2021\/10\/Boule-de-Canton-300x300.jpg?resize=350%2C200","width":350,"height":200},"classes":[]},{"id":13426,"url":"https:\/\/guydutoit.com\/de\/buy-munro-hollowing-tools-online\/","url_meta":{"origin":13640,"position":1},"title":"Munro Aush\u00f6hlwerkzeuge online kaufen","author":"Guy du Toit","date":"11. November 2024","format":false,"excerpt":"Munro Aush\u00f6hlwerkzeuge online kaufen Entfesseln Sie Ihr Drechslerpotenzial mit Munro Hollowing ToolsVerbessern Sie Ihr Drechslererlebnis mit den legend\u00e4ren Munro Hollowing Tools, die vom bekannten Drechslermeister Rolly Munro entworfen wurden. KLICKEN Sie auf das IMAGE, um zu meinem ONLINE SHOP zu gelangen Meine Reise mit dem Munro Hollowing Tool: Vom Skeptiker\u2026","rel":"","context":"\u00c4hnlicher Beitrag","block_context":{"text":"\u00c4hnlicher Beitrag","link":""},"img":{"alt_text":"Munro Tools Ersatzteile","src":"https:\/\/i0.wp.com\/guydutoit.com\/wp-content\/uploads\/2024\/11\/Munro-Tools-Spares.png?resize=350%2C200&ssl=1","width":350,"height":200,"srcset":"https:\/\/i0.wp.com\/guydutoit.com\/wp-content\/uploads\/2024\/11\/Munro-Tools-Spares.png?resize=350%2C200&ssl=1 1x, https:\/\/i0.wp.com\/guydutoit.com\/wp-content\/uploads\/2024\/11\/Munro-Tools-Spares.png?resize=525%2C300&ssl=1 1.5x, https:\/\/i0.wp.com\/guydutoit.com\/wp-content\/uploads\/2024\/11\/Munro-Tools-Spares.png?resize=700%2C400&ssl=1 2x, https:\/\/i0.wp.com\/guydutoit.com\/wp-content\/uploads\/2024\/11\/Munro-Tools-Spares.png?resize=1050%2C600&ssl=1 3x"},"classes":[]},{"id":13568,"url":"https:\/\/guydutoit.com\/de\/about-guy\/","url_meta":{"origin":13640,"position":2},"title":"\u00dcber Guy","author":"Guy du Toit","date":"6. November 2024","format":false,"excerpt":"\u00dcber Guy AUFTRAGSARBEIT AUSSTELLUNGEN UND VERANSTALTUNGEN IN DER PRESSE KOLLABORATIONEN AUSZEICHNUNGEN & PREISE Hallo, Kia Ora, Bonjour, Goeie dag! Willkommen auf meiner Website! Mein Name ist Guy (Gideon) du Toit, und ich bin ein leidenschaftlicher Drechsler, der Holz in sch\u00f6ne Kunst verwandelt. Ich bin in S\u00fcdafrika geboren, habe 10 Jahre\u2026","rel":"","context":"\u00c4hnlicher Beitrag","block_context":{"text":"\u00c4hnlicher Beitrag","link":""},"img":{"alt_text":"","src":"https:\/\/i0.wp.com\/guydutoit.com\/wp-content\/uploads\/2024\/11\/team.png?resize=350%2C200&ssl=1","width":350,"height":200},"classes":[]},{"id":14002,"url":"https:\/\/guydutoit.com\/de\/commissions\/","url_meta":{"origin":13640,"position":3},"title":"Provisionen","author":"Guy du Toit","date":"30. September 2021","format":false,"excerpt":"Enth\u00fcllen Sie Ihre Vision: Die Kunst der Auftragsvergabe und Bestellung eines Drechselst\u00fccksBen\u00f6tigen Sie ein bestimmtes Drechselst\u00fcck oder m\u00f6chten Sie es haben? Vielleicht ben\u00f6tigen Sie einen traditionellen Gegenstand, wie z.B. ein Treppengel\u00e4nder oder Tischbeine, oder Sie stellen M\u00f6bel her und ben\u00f6tigen einige der Teile aus Holz gedrechselt? Vielleicht m\u00fcssen Sie ein\u2026","rel":"","context":"\u00c4hnlicher Beitrag","block_context":{"text":"\u00c4hnlicher Beitrag","link":""},"img":{"alt_text":"Trembleur von Guy du Toit","src":"https:\/\/i0.wp.com\/guydutoit.com\/wp-content\/uploads\/2024\/11\/Trembleur-Flat.jpg?resize=350%2C200&ssl=1","width":350,"height":200,"srcset":"https:\/\/i0.wp.com\/guydutoit.com\/wp-content\/uploads\/2024\/11\/Trembleur-Flat.jpg?resize=350%2C200&ssl=1 1x, https:\/\/i0.wp.com\/guydutoit.com\/wp-content\/uploads\/2024\/11\/Trembleur-Flat.jpg?resize=525%2C300&ssl=1 1.5x, https:\/\/i0.wp.com\/guydutoit.com\/wp-content\/uploads\/2024\/11\/Trembleur-Flat.jpg?resize=700%2C400&ssl=1 2x, https:\/\/i0.wp.com\/guydutoit.com\/wp-content\/uploads\/2024\/11\/Trembleur-Flat.jpg?resize=1050%2C600&ssl=1 3x, https:\/\/i0.wp.com\/guydutoit.com\/wp-content\/uploads\/2024\/11\/Trembleur-Flat.jpg?resize=1400%2C800&ssl=1 4x"},"classes":[]},{"id":13730,"url":"https:\/\/guydutoit.com\/de\/neptunes-vase\/","url_meta":{"origin":13640,"position":4},"title":"Die Vase des Neptun","author":"Guy du Toit","date":"28. September 2021","format":false,"excerpt":"Skulptur - \"Neptuns Vase\" NZ$ 389-00. Geformt und gedrechselt aus einem St\u00fcck Treibholz (ich vermute Pohutekawa), das am Strand von Waihi gefunden wurde, und montiert auf einer Messingstange, die sich in einem Flussstein aus Granit dreht, der beim Fliegenfischen im Kawerau-Wald gefunden wurde. Fertiggestellt mit Gr\u00fcnspanwachs und poliert mit Carnaubawachs,\u2026","rel":"","context":"\u00c4hnlicher Beitrag","block_context":{"text":"\u00c4hnlicher Beitrag","link":""},"img":{"alt_text":"Skulptur aus Treibholz - ","src":"|!|vcvUploadUrl|!|\/2021\/09\/20171128_100327-606x1024.jpg","width":350,"height":200,"srcset":"|!|vcvUploadUrl|!|\/2021\/09\/20171128_100327-606x1024.jpg 1x, |!|vcvUploadUrl|!|\/2021\/09\/20171128_100327-606x1024.jpg 1.5x"},"classes":[]},{"id":13724,"url":"https:\/\/guydutoit.com\/de\/resilience\/","url_meta":{"origin":13640,"position":5},"title":"Widerstandsf\u00e4higkeit","author":"Guy du Toit","date":"28. September 2021","format":false,"excerpt":"\"WIDERSTANDSF\u00c4HIGKEIT\" - NZ$2800.00 So wie sich die Mohnblumen nach dem Krieg mit gro\u00dfer Sch\u00f6nheit und Widerstandsf\u00e4higkeit aus der Asche der Schlachtfelder erhoben, so werden auch wir als Volk nach Covid-19 und den Ereignissen des Jahres 2020 aufstehen. \u00dcBER DAS ST\u00dcCK Inspiriert durch den ANZAC-Tag 2020 und die Abriegelung Neuseelands auf\u2026","rel":"","context":"\u00c4hnlicher Beitrag","block_context":{"text":"\u00c4hnlicher Beitrag","link":""},"img":{"alt_text":"Resilience Vase von Guy du Toit - Link zur Online-Galerie","src":"https:\/\/i0.wp.com\/guydutoit.com\/wp-content\/uploads\/2021\/09\/20200424_135623-225x300.jpg?resize=350%2C200","width":350,"height":200},"classes":[]}],"jetpack_sharing_enabled":false,"jetpack_likes_enabled":false,"_links":{"self":[{"href":"https:\/\/guydutoit.com\/de\/wp-json\/wp\/v2\/pages\/13640","targetHints":{"allow":["GET"]}}],"collection":[{"href":"https:\/\/guydutoit.com\/de\/wp-json\/wp\/v2\/pages"}],"about":[{"href":"https:\/\/guydutoit.com\/de\/wp-json\/wp\/v2\/types\/page"}],"author":[{"embeddable":true,"href":"https:\/\/guydutoit.com\/de\/wp-json\/wp\/v2\/users\/2"}],"replies":[{"embeddable":true,"href":"https:\/\/guydutoit.com\/de\/wp-json\/wp\/v2\/comments?post=13640"}],"version-history":[{"count":3,"href":"https:\/\/guydutoit.com\/de\/wp-json\/wp\/v2\/pages\/13640\/revisions"}],"predecessor-version":[{"id":15711,"href":"https:\/\/guydutoit.com\/de\/wp-json\/wp\/v2\/pages\/13640\/revisions\/15711"}],"wp:attachment":[{"href":"https:\/\/guydutoit.com\/de\/wp-json\/wp\/v2\/media?parent=13640"}],"curies":[{"name":"wp","href":"https:\/\/api.w.org\/{rel}","templated":true}]}}