{"id":13652,"date":"2021-11-08T22:47:20","date_gmt":"2021-11-08T21:47:20","guid":{"rendered":"http:\/\/guydutoit.com\/grosser-schild-segmentierter-pin-seltenes-holz-halskette\/"},"modified":"2025-03-13T10:43:49","modified_gmt":"2025-03-13T09:43:49","slug":"large-shield-segmented-pin-rare-wood-necklace","status":"publish","type":"page","link":"https:\/\/guydutoit.com\/de\/large-shield-segmented-pin-rare-wood-necklace\/","title":{"rendered":"Gro\u00dfer Schild Segmentierter Pin seltenes Holz Halskette"},"content":{"rendered":"<p><!--vcv no format--><\/p>\n<div class=\"vce-row-container\" data-vce-boxed-width=\"true\">\n<div id=\"el-6767216a\" class=\"vce-row vce-row--col-gap-30 vce-row-equal-height vce-row-content--top\" data-vce-do-apply=\"all el-6767216a\">\n<div class=\"vce-row-content\" data-vce-element-content=\"true\">\n<div id=\"el-e97ec88a\" class=\"vce-col vce-col--md-auto vce-col--xs-1 vce-col--xs-last vce-col--xs-first vce-col--sm-last vce-col--sm-first vce-col--md-last vce-col--lg-last vce-col--xl-last vce-col--md-first vce-col--lg-first vce-col--xl-first\">\n<div class=\"vce-col-inner\" data-vce-do-apply=\"border margin background el-e97ec88a\">\n<div class=\"vce-col-content\" data-vce-element-content=\"true\" data-vce-do-apply=\"padding el-e97ec88a\">\n<div class=\"vce-text-block\">\n<div id=\"el-ad90aac0\" class=\"vce-text-block-wrapper vce\" data-vce-do-apply=\"all el-ad90aac0\">\n<h2>Handgefertigte segmentierte Holzkette aus seltenem Holz &#8211; $120.00<\/h2>\n<p>Handgefertigt aus verschiedenen St\u00fccken seltener H\u00f6lzer wie Maserknollen, gespaltenem Holz und anderen seltenen H\u00f6lzern sind diese Halsketten einzigartig und Sie werden sicher von all Ihren Freunden beneidet werden.<\/p>\n<p>Diese klobigen und sehr maskulinen Schmuckst\u00fccke f\u00fchlen sich gut um den Hals an und haben eine wunderbare Energie in der Hand.<\/p>\n<p>Die Teile werden einzeln zugeschnitten und dann sorgf\u00e4ltig mit Stecknadeln zusammengesteckt. Vermeiden Sie es, damit ins Wasser zu gehen, da die Holz- und Metallstifte das nicht m\u00f6gen. Wenn Sie sie nass machen, insbesondere mit Salzwasser, sp\u00fclen Sie sie bitte mit frischem Wasser ab und lassen Sie sie an einem warmen, schattigen Ort trocknen.<\/p>\n<p>Sie k\u00f6nnen ihren Glanz ganz einfach wiederherstellen, indem Sie sie mit nat\u00fcrlichem Bienenwachs bestreichen.<\/p>\n<p>Diese handgefertigten Holzketten sind wunderbare, durchdachte Geschenke.<\/p>\n<p>Holz ist eine so kostbare Ressource, dass ich versuche, jedes einzelne St\u00fcck zu nutzen. Alle Verschnittst\u00fccke werden in einem Beh\u00e4lter aufbewahrt und ich verwende diese seltenen und schwer zu findenden Holzst\u00fccke, um handgefertigten Schmuck herzustellen.<\/p>\n<\/div>\n<\/div>\n<\/div>\n<\/div>\n<\/div>\n<\/div>\n<\/div>\n<\/div>\n<div class=\"vce-row-container\" data-vce-boxed-width=\"true\">\n<div id=\"el-6d4fe0f2\" class=\"vce-row vce-row--col-gap-30 vce-row-equal-height vce-row-content--top\" data-vce-do-apply=\"all el-6d4fe0f2\">\n<div class=\"vce-row-content\" data-vce-element-content=\"true\">\n<div id=\"el-ddd5bcd0\" class=\"vce-col vce-col--md-auto vce-col--xs-1 vce-col--xs-last vce-col--xs-first vce-col--sm-last vce-col--sm-first vce-col--md-last vce-col--lg-last vce-col--xl-last vce-col--md-first vce-col--lg-first vce-col--xl-first\">\n<div class=\"vce-col-inner\" data-vce-do-apply=\"border margin background el-ddd5bcd0\">\n<div class=\"vce-col-content\" data-vce-element-content=\"true\" data-vce-do-apply=\"padding el-ddd5bcd0\">\n<div class=\"vce-image-gallery vce-image-gallery--gap-10 vce-image-gallery--columns-5 vce-image-gallery--border-rounded vce-image-gallery-caption--align-center\">\n<div id=\"el-db8cdf1c\" class=\"vce-image-gallery-wrapper vce\" data-vce-do-apply=\"all el-db8cdf1c\">\n<div class=\"vce-image-gallery-list\">\n<div class=\"vce-image-gallery-item\">\n<figure class=\"vce-image-gallery-item-inner-wrapper\"><a class=\"vce-image-gallery-item-inner\" href=\"|!|vcvUploadUrl|!|\/2021\/11\/20211108_203040-scaled-e1636408044299.jpg\" data-lightbox=\"lightbox-db8cdf1c\"><img decoding=\"async\" class=\"vce-image-gallery-img vce-image-gallery-img--orientation-portrait\" title=\"Gro\u00dfer Schild Segmentierter Pin seltenes Holz Halskette\" src=\"|!|vcvUploadUrl|!|\/2021\/11\/20211108_203040-scaled-e1636408038711-680x1024.jpg\" alt=\"Gro\u00dfer Schild Segmentierter Pin seltenes Holz Halskette\"><\/a><figcaption>Gro\u00dfer Schild Segmentierter Pin seltenes Holz Halskette<\/figcaption><\/figure>\n<\/div>\n<div class=\"vce-image-gallery-item\">\n<figure class=\"vce-image-gallery-item-inner-wrapper\"><a class=\"vce-image-gallery-item-inner\" href=\"|!|vcvUploadUrl|!|\/2021\/11\/20211108_155500-scaled-e1636405687360.jpg\" data-lightbox=\"lightbox-db8cdf1c\"><img decoding=\"async\" class=\"vce-image-gallery-img vce-image-gallery-img--orientation-portrait\" title=\"Gro\u00dfer Schild Segmentierter Pin seltenes Holz Halskette\" src=\"|!|vcvUploadUrl|!|\/2021\/11\/20211108_155500-scaled-e1636405679505-823x1024.jpg\" alt=\"Gro\u00dfer Schild Segmentierter Pin seltenes Holz Halskette\"><\/a><figcaption>Gro\u00dfer Schild Segmentierter Pin seltenes Holz Halskette<\/figcaption><\/figure>\n<\/div>\n<div class=\"vce-image-gallery-item\">\n<figure class=\"vce-image-gallery-item-inner-wrapper\"><a class=\"vce-image-gallery-item-inner\" href=\"|!|vcvUploadUrl|!|\/2021\/11\/20211108_155513-scaled-e1636405786578.jpg\" data-lightbox=\"lightbox-db8cdf1c\"><img decoding=\"async\" class=\"vce-image-gallery-img vce-image-gallery-img--orientation-portrait\" title=\"Gro\u00dfer Schild Segmented Pin seltenes Holz Halskette zur\u00fcck\" src=\"|!|vcvUploadUrl|!|\/2021\/11\/20211108_155513-scaled-e1636405749670-718x1024.jpg\" alt=\"Gro\u00dfer Schild Segmented Pin seltenes Holz Halskette zur\u00fcck\"><\/a><figcaption>Gro\u00dfer Schild Segmented Pin seltenes Holz Halskette zur\u00fcck<\/figcaption><\/figure>\n<\/div>\n<div class=\"vce-image-gallery-item\">\n<figure class=\"vce-image-gallery-item-inner-wrapper\"><a class=\"vce-image-gallery-item-inner\" href=\"|!|vcvUploadUrl|!|\/2021\/11\/20211108_202151-scaled-e1636407755483.jpg\" data-lightbox=\"lightbox-db8cdf1c\"><img decoding=\"async\" class=\"vce-image-gallery-img\" title=\"Gro\u00dfer Schild Segmentierter Pin seltenes Holz Halskette\" src=\"|!|vcvUploadUrl|!|\/2021\/11\/20211108_202151-scaled-e1636407748567-1024x612.jpg\" alt=\"Gro\u00dfer Schild Segmentierter Pin seltenes Holz Halskette\"><\/a><figcaption>Gro\u00dfer Schild Segmentierter Pin seltenes Holz Halskette<\/figcaption><\/figure>\n<\/div>\n<div class=\"vce-image-gallery-item\">\n<figure class=\"vce-image-gallery-item-inner-wrapper\"><a class=\"vce-image-gallery-item-inner\" href=\"|!|vcvUploadUrl|!|\/2021\/11\/20211108_155541-scaled-e1636405827214.jpg\" data-lightbox=\"lightbox-db8cdf1c\"><img decoding=\"async\" class=\"vce-image-gallery-img vce-image-gallery-img--orientation-portrait\" title=\"Gro\u00dfer Schild Segmentierter Pin seltenes Holz Halskette Seite\" src=\"|!|vcvUploadUrl|!|\/2021\/11\/20211108_155541-scaled-e1636405818834-578x1024.jpg\" alt=\"Gro\u00dfer Schild Segmentierter Pin seltenes Holz Halskette Seite\"><\/a><figcaption>Gro\u00dfer Schild Segmentierter Pin seltenes Holz Halskette Seite<\/figcaption><\/figure>\n<\/div>\n<\/div>\n<\/div>\n<\/div>\n<\/div>\n<\/div>\n<\/div>\n<\/div>\n<\/div>\n<\/div>\n<p><!--vcv no format--><\/p>\n","protected":false},"excerpt":{"rendered":"<p>Handgefertigte segmentierte Holzkette aus seltenem Holz &#8211; $120.00 Handgefertigt aus verschiedenen St\u00fccken seltener H\u00f6lzer wie Maserknollen, gespaltenem Holz und anderen seltenen H\u00f6lzern sind diese Halsketten einzigartig und Sie werden sicher von all Ihren Freunden beneidet werden. Diese klobigen und sehr maskulinen Schmuckst\u00fccke f\u00fchlen sich gut um den Hals an und haben eine wunderbare Energie in [&hellip;]<\/p>\n","protected":false},"author":2,"featured_media":0,"parent":0,"menu_order":0,"comment_status":"closed","ping_status":"closed","template":"","meta":{"site-sidebar-layout":"default","site-content-layout":"","ast-site-content-layout":"default","site-content-style":"default","site-sidebar-style":"default","ast-global-header-display":"","ast-banner-title-visibility":"","ast-main-header-display":"","ast-hfb-above-header-display":"","ast-hfb-below-header-display":"","ast-hfb-mobile-header-display":"","site-post-title":"","ast-breadcrumbs-content":"","ast-featured-img":"","footer-sml-layout":"","ast-disable-related-posts":"","theme-transparent-header-meta":"default","adv-header-id-meta":"","stick-header-meta":"default","header-above-stick-meta":"","header-main-stick-meta":"","header-below-stick-meta":"","astra-migrate-meta-layouts":"set","ast-page-background-enabled":"default","ast-page-background-meta":{"desktop":{"background-color":"var(--ast-global-color-4)","background-image":"","background-repeat":"repeat","background-position":"center center","background-size":"auto","background-attachment":"scroll","background-type":"","background-media":"","overlay-type":"","overlay-color":"","overlay-opacity":"","overlay-gradient":""},"tablet":{"background-color":"","background-image":"","background-repeat":"repeat","background-position":"center center","background-size":"auto","background-attachment":"scroll","background-type":"","background-media":"","overlay-type":"","overlay-color":"","overlay-opacity":"","overlay-gradient":""},"mobile":{"background-color":"","background-image":"","background-repeat":"repeat","background-position":"center center","background-size":"auto","background-attachment":"scroll","background-type":"","background-media":"","overlay-type":"","overlay-color":"","overlay-opacity":"","overlay-gradient":""}},"ast-content-background-meta":{"desktop":{"background-color":"var(--ast-global-color-5)","background-image":"","background-repeat":"repeat","background-position":"center center","background-size":"auto","background-attachment":"scroll","background-type":"","background-media":"","overlay-type":"","overlay-color":"","overlay-opacity":"","overlay-gradient":""},"tablet":{"background-color":"var(--ast-global-color-5)","background-image":"","background-repeat":"repeat","background-position":"center center","background-size":"auto","background-attachment":"scroll","background-type":"","background-media":"","overlay-type":"","overlay-color":"","overlay-opacity":"","overlay-gradient":""},"mobile":{"background-color":"var(--ast-global-color-5)","background-image":"","background-repeat":"repeat","background-position":"center center","background-size":"auto","background-attachment":"scroll","background-type":"","background-media":"","overlay-type":"","overlay-color":"","overlay-opacity":"","overlay-gradient":""}},"jetpack_post_was_ever_published":false,"footnotes":""},"class_list":["post-13652","page","type-page","status-publish","hentry"],"jetpack-related-posts":[{"id":13660,"url":"https:\/\/guydutoit.com\/de\/square-segmented-pin-rare-wood-necklace\/","url_meta":{"origin":13652,"position":0},"title":"Quadratische segmentierte Pin Halskette aus seltenem Holz","author":"Guy du Toit","date":"8. November 2021","format":false,"excerpt":"Handgefertigte segmentierte Holzkette aus seltenem Holz - $120.00 Handgefertigt aus verschiedenen St\u00fccken seltener H\u00f6lzer wie Maserknollen, gespaltenem Holz und anderen seltenen H\u00f6lzern sind diese Halsketten einzigartig und Sie werden sicher von all Ihren Freunden beneidet werden. Die Teile werden einzeln zugeschnitten und dann sorgf\u00e4ltig mit Stecknadeln zusammengesteckt. Vermeiden Sie es,\u2026","rel":"","context":"\u00c4hnlicher Beitrag","block_context":{"text":"\u00c4hnlicher Beitrag","link":""},"img":{"alt_text":"Square Segmented Pin seltenes Holz Halskette zur\u00fcck","src":"|!|vcvUploadUrl|!|\/2021\/11\/20211108_154919-461x1024.jpg","width":350,"height":200},"classes":[]},{"id":13656,"url":"https:\/\/guydutoit.com\/de\/large-oval-segmented-pin-rare-wood-necklace\/","url_meta":{"origin":13652,"position":1},"title":"Gro\u00dfer Ovaler Segmentierter Pin seltenes Holz Halskette","author":"Guy du Toit","date":"8. November 2021","format":false,"excerpt":"Handgefertigte segmentierte Holzkette aus seltenem Holz - $120.00 Handgefertigt aus verschiedenen St\u00fccken seltener H\u00f6lzer wie Maserknollen, gespaltenem Holz und anderen seltenen H\u00f6lzern sind diese Halsketten einzigartig und Sie werden sicher von all Ihren Freunden beneidet werden. Diese klobigen und sehr maskulinen Schmuckst\u00fccke f\u00fchlen sich gut um den Hals an und\u2026","rel":"","context":"\u00c4hnlicher Beitrag","block_context":{"text":"\u00c4hnlicher Beitrag","link":""},"img":{"alt_text":"Gro\u00dfer Ovaler Segmentierter Pin seltenes Holz Halskette","src":"|!|vcvUploadUrl|!|\/2021\/11\/20211108_203343-scaled-e1636408116523-608x1024.jpg","width":350,"height":200,"srcset":"|!|vcvUploadUrl|!|\/2021\/11\/20211108_203343-scaled-e1636408116523-608x1024.jpg 1x, |!|vcvUploadUrl|!|\/2021\/11\/20211108_203343-scaled-e1636408116523-608x1024.jpg 1.5x"},"classes":[]},{"id":13664,"url":"https:\/\/guydutoit.com\/de\/large-rectangle-segmented-pin-rare-wood-necklace\/","url_meta":{"origin":13652,"position":2},"title":"Gro\u00dfes Rechteck Segmentierter Pin seltenes Holz Halskette","author":"Guy du Toit","date":"8. November 2021","format":false,"excerpt":"Handgefertigte segmentierte Holzkette aus seltenem Holz - $120.00 Handgefertigt aus verschiedenen St\u00fccken seltener H\u00f6lzer wie Maserknollen, gespaltenem Holz und anderen seltenen H\u00f6lzern sind diese Halsketten einzigartig und Sie werden sicher von all Ihren Freunden beneidet werden. Diese klobigen und sehr maskulinen Schmuckst\u00fccke f\u00fchlen sich gut um den Hals an und\u2026","rel":"","context":"\u00c4hnlicher Beitrag","block_context":{"text":"\u00c4hnlicher Beitrag","link":""},"img":{"alt_text":"Gro\u00dfes Rechteck Segmentierter Pin seltenes Holz Halskette","src":"|!|vcvUploadUrl|!|\/2021\/11\/20211108_203247-scaled-e1636408078988-762x1024.jpg","width":350,"height":200,"srcset":"|!|vcvUploadUrl|!|\/2021\/11\/20211108_203247-scaled-e1636408078988-762x1024.jpg 1x, |!|vcvUploadUrl|!|\/2021\/11\/20211108_203247-scaled-e1636408078988-762x1024.jpg 1.5x, |!|vcvUploadUrl|!|\/2021\/11\/20211108_203247-scaled-e1636408078988-762x1024.jpg 2x"},"classes":[]},{"id":13668,"url":"https:\/\/guydutoit.com\/de\/diamond-segmented-pin-rare-wood-necklace\/","url_meta":{"origin":13652,"position":3},"title":"Diamant Segmented Pin seltenes Holz Halskette","author":"Guy du Toit","date":"8. November 2021","format":false,"excerpt":"Handgefertigte segmentierte Holzkette aus seltenem Holz - $120.00 Handgefertigt aus verschiedenen St\u00fccken seltener H\u00f6lzer wie Maserknollen, gespaltenem Holz und anderen seltenen H\u00f6lzern sind diese Halsketten einzigartig und Sie werden sicher von all Ihren Freunden beneidet werden. Die Teile werden einzeln zugeschnitten und dann sorgf\u00e4ltig mit Stecknadeln zusammengesteckt. Vermeiden Sie es,\u2026","rel":"","context":"\u00c4hnlicher Beitrag","block_context":{"text":"\u00c4hnlicher Beitrag","link":""},"img":{"alt_text":"Diamant Segmented Pin seltenes Holz Halskette zur\u00fcck","src":"|!|vcvUploadUrl|!|\/2021\/11\/20211108_155010-scaled-e1636404840600-964x1024.jpg","width":350,"height":200,"srcset":"|!|vcvUploadUrl|!|\/2021\/11\/20211108_155010-scaled-e1636404840600-964x1024.jpg 1x, |!|vcvUploadUrl|!|\/2021\/11\/20211108_155010-scaled-e1636404840600-964x1024.jpg 1.5x, |!|vcvUploadUrl|!|\/2021\/11\/20211108_155010-scaled-e1636404840600-964x1024.jpg 2x"},"classes":[]},{"id":13648,"url":"https:\/\/guydutoit.com\/de\/large-hourglass-segmented-pin-rare-wood-necklace\/","url_meta":{"origin":13652,"position":4},"title":"Gro\u00dfe Sanduhr Segmented Pin seltenes Holz Halskette","author":"Guy du Toit","date":"8. November 2021","format":false,"excerpt":"Handgefertigte segmentierte Holzkette aus seltenem Holz - $120.00 Handgefertigt aus verschiedenen St\u00fccken seltener H\u00f6lzer wie Maserknollen, gespaltenem Holz und anderen seltenen H\u00f6lzern sind diese Halsketten einzigartig und Sie werden sicher von all Ihren Freunden beneidet werden. Diese klobigen und sehr maskulinen Schmuckst\u00fccke f\u00fchlen sich gut um den Hals an und\u2026","rel":"","context":"\u00c4hnlicher Beitrag","block_context":{"text":"\u00c4hnlicher Beitrag","link":""},"img":{"alt_text":"Gro\u00dfe Sanduhr Segmented Pin seltenes Holz Halskette","src":"|!|vcvUploadUrl|!|\/2021\/11\/20211108_202952-scaled-e1636408002671-678x1024.jpg","width":350,"height":200,"srcset":"|!|vcvUploadUrl|!|\/2021\/11\/20211108_202952-scaled-e1636408002671-678x1024.jpg 1x, |!|vcvUploadUrl|!|\/2021\/11\/20211108_202952-scaled-e1636408002671-678x1024.jpg 1.5x"},"classes":[]},{"id":13931,"url":"https:\/\/guydutoit.com\/de\/wooden-jewellery\/","url_meta":{"origin":13652,"position":5},"title":"Holzschmuck","author":"Guy du Toit","date":"27. September 2021","format":false,"excerpt":"Hier finden Sie eine Auswahl an handgefertigten Schmuckst\u00fccken aus seltenen H\u00f6lzern, die Guy in seiner Galerie in Kerikeri zum Verkauf anbietet. Es gibt weitere Werke in Galerien, wo Sie auch einige von Guys Originalen erwerben k\u00f6nnen. Um die Galerien zu sehen, die derzeit seine Kunst ausstellen, klicken Sie bitte klicken\u2026","rel":"","context":"\u00c4hnlicher Beitrag","block_context":{"text":"\u00c4hnlicher Beitrag","link":""},"img":{"alt_text":"Franz\u00f6sische Buis handgeschnitzte Halskette aus Holz","src":"|!|vcvUploadUrl|!|\/2021\/11\/20211108_195920-1024x461.jpg","width":350,"height":200,"srcset":"|!|vcvUploadUrl|!|\/2021\/11\/20211108_195920-1024x461.jpg 1x, |!|vcvUploadUrl|!|\/2021\/11\/20211108_195920-1024x461.jpg 1.5x, |!|vcvUploadUrl|!|\/2021\/11\/20211108_195920-1024x461.jpg 2x"},"classes":[]}],"jetpack_sharing_enabled":false,"jetpack_likes_enabled":false,"_links":{"self":[{"href":"https:\/\/guydutoit.com\/de\/wp-json\/wp\/v2\/pages\/13652","targetHints":{"allow":["GET"]}}],"collection":[{"href":"https:\/\/guydutoit.com\/de\/wp-json\/wp\/v2\/pages"}],"about":[{"href":"https:\/\/guydutoit.com\/de\/wp-json\/wp\/v2\/types\/page"}],"author":[{"embeddable":true,"href":"https:\/\/guydutoit.com\/de\/wp-json\/wp\/v2\/users\/2"}],"replies":[{"embeddable":true,"href":"https:\/\/guydutoit.com\/de\/wp-json\/wp\/v2\/comments?post=13652"}],"version-history":[{"count":3,"href":"https:\/\/guydutoit.com\/de\/wp-json\/wp\/v2\/pages\/13652\/revisions"}],"predecessor-version":[{"id":15692,"href":"https:\/\/guydutoit.com\/de\/wp-json\/wp\/v2\/pages\/13652\/revisions\/15692"}],"wp:attachment":[{"href":"https:\/\/guydutoit.com\/de\/wp-json\/wp\/v2\/media?parent=13652"}],"curies":[{"name":"wp","href":"https:\/\/api.w.org\/{rel}","templated":true}]}}