{"id":13696,"date":"2021-09-30T01:40:57","date_gmt":"2021-09-30T00:40:57","guid":{"rendered":"http:\/\/guydutoit.com\/der-tresor\/"},"modified":"2025-03-13T10:43:50","modified_gmt":"2025-03-13T09:43:50","slug":"the-vault","status":"publish","type":"page","link":"https:\/\/guydutoit.com\/de\/the-vault\/","title":{"rendered":"Der Tresor"},"content":{"rendered":"<p><!--vcv no format--><\/p>\n<div class=\"vce-row-container\" data-vce-boxed-width=\"true\">\n<div id=\"el-43f20ce5\" class=\"vce-row vce-row--col-gap-30 vce-row-equal-height vce-row-content--top\" data-vce-do-apply=\"all el-43f20ce5\">\n<div class=\"vce-row-content\" data-vce-element-content=\"true\">\n<div id=\"el-5381619b\" class=\"vce-col vce-col--md-auto vce-col--xs-1 vce-col--xs-last vce-col--xs-first vce-col--sm-last vce-col--sm-first vce-col--md-last vce-col--lg-last vce-col--xl-last vce-col--md-first vce-col--lg-first vce-col--xl-first\">\n<div class=\"vce-col-inner\" data-vce-do-apply=\"border margin background el-5381619b\">\n<div class=\"vce-col-content\" data-vce-element-content=\"true\" data-vce-do-apply=\"padding el-5381619b\">\n<div class=\"vce-text-block\">\n<div id=\"el-32ea1a7a\" class=\"vce-text-block-wrapper vce\" data-vce-do-apply=\"all el-32ea1a7a\">\n<header class=\"entry-header\">\n<h2 class=\"entry-title\">&#8220;Der Tresor&#8221; &#8211; NZ$ 300.00<\/h2>\n<\/header>\n<div class=\"entry-content\">\n<div class=\"vce-row-container\">\n<div id=\"el-eed8a90c\" class=\"vce-row vce-row--col-gap-30 vce-row-columns--top vce-row-content--top\" data-vce-do-apply=\"all el-eed8a90c\">\n<div class=\"vce-row-content\" data-vce-element-content=\"true\">\n<div id=\"el-d911af9c\" class=\"vce-col vce-col--md-auto vce-col--xs-1 vce-col--xs-last vce-col--xs-first vce-col--sm-last vce-col--sm-first vce-col--md-last vce-col--lg-last vce-col--xl-last vce-col--md-first vce-col--lg-first vce-col--xl-first\">\n<div class=\"vce-col-inner\" data-vce-do-apply=\"border margin background el-d911af9c\">\n<div class=\"vce-col-content\" data-vce-element-content=\"true\" data-vce-do-apply=\"padding el-d911af9c\">\n<div class=\"vce-text-block\">\n<div id=\"el-b4c0ddd0\" class=\"vce-text-block-wrapper vce\" data-vce-do-apply=\"all el-b4c0ddd0\">\n<p>Dieses Kunstwerk weist auf die St\u00e4rke des Holzes hin, aber auch auf die St\u00e4rke Ihrer Absichten, Ihre inneren Geheimnisse zu bewahren. Unter der Oberfl\u00e4che sind wir alle so viel mehr, als wir nach au\u00dfen hin erscheinen.<\/p>\n<p>Gedrehte, sandgestrahlte, pyrogeschnitzte Kunst mit trocken geb\u00fcrstetem Acryl und silbernem Pastenwachs.<\/p>\n<p>Der Deckel f\u00fcr &#8220;The Vault&#8221; wird auf das mit einem feinen Gewinde versehene Holz der French Box geschraubt und verschlie\u00dft fest, um Ihre kleinen Sch\u00e4tze zu sch\u00fctzen.<\/p>\n<p>Holz: F\u00e4den aus franz\u00f6sischem Buchsbaumholz, Korpus und Deckel aus Ulme und Olivesche<\/p>\n<p>Ungef\u00e4hre Gr\u00f6\u00dfe &#8211;<\/p>\n<p>Durchmesser: 95mm<\/p>\n<p>H\u00f6he: 70mm<\/p>\n<\/div>\n<\/div>\n<\/div>\n<\/div>\n<\/div>\n<\/div>\n<\/div>\n<\/div>\n<\/div>\n<\/div>\n<\/div>\n<\/div>\n<\/div>\n<\/div>\n<\/div>\n<\/div>\n<\/div>\n<div class=\"vce-row-container\" data-vce-boxed-width=\"true\">\n<div id=\"el-a04fd0f8\" class=\"vce-row vce-row--col-gap-30 vce-row-equal-height vce-row-content--top\" data-vce-do-apply=\"all el-a04fd0f8\">\n<div class=\"vce-row-content\" data-vce-element-content=\"true\">\n<div id=\"el-f4cf967f\" class=\"vce-col vce-col--md-auto vce-col--xs-1 vce-col--xs-last vce-col--xs-first vce-col--sm-last vce-col--sm-first vce-col--md-last vce-col--lg-last vce-col--xl-last vce-col--md-first vce-col--lg-first vce-col--xl-first\">\n<div class=\"vce-col-inner\" data-vce-do-apply=\"border margin background el-f4cf967f\">\n<div class=\"vce-col-content\" data-vce-element-content=\"true\" data-vce-do-apply=\"padding el-f4cf967f\">\n<div class=\"vce-image-gallery vce-image-gallery--gap-10 vce-image-gallery--columns-4 vce-image-gallery--border-rounded vce-image-gallery-caption--align-center\">\n<div id=\"el-0938181d\" class=\"vce-image-gallery-wrapper vce\" data-vce-do-apply=\"all el-0938181d\">\n<div class=\"vce-image-gallery-list\">\n<div class=\"vce-image-gallery-item\">\n<figure class=\"vce-image-gallery-item-inner-wrapper\"><a class=\"vce-image-gallery-item-inner\" href=\"|!|vcvUploadUrl|!|\/2021\/09\/Vault-e1564041085419.jpg\" data-lightbox=\"lightbox-0938181d\"><img decoding=\"async\" class=\"vce-image-gallery-img\" title=\"\"Der Tresor\" von Guy du Toit\" src=\"|!|vcvUploadUrl|!|\/2021\/09\/Vault-e1564041085419.jpg\" alt=\"\"Der Tresor\" von Guy du Toit\"><\/a><figcaption>&#8220;Der Tresor&#8221; von Guy du Toit<\/figcaption><\/figure>\n<\/div>\n<div class=\"vce-image-gallery-item\">\n<figure class=\"vce-image-gallery-item-inner-wrapper\"><a class=\"vce-image-gallery-item-inner\" href=\"|!|vcvUploadUrl|!|\/2021\/09\/Vault-Open-e1632965878282.jpg\" data-lightbox=\"lightbox-0938181d\"><img decoding=\"async\" class=\"vce-image-gallery-img\" title=\"\"Der Tresor\" ge\u00f6ffnet\" src=\"|!|vcvUploadUrl|!|\/2021\/09\/Vault-Open-1024x769.jpg\" alt=\"\"Der Tresor\" Kunst von Guy du Toit\"><\/a><figcaption>&#8220;Der Tresor&#8221; ge\u00f6ffnet<\/figcaption><\/figure>\n<\/div>\n<div class=\"vce-image-gallery-item\">\n<figure class=\"vce-image-gallery-item-inner-wrapper\"><a class=\"vce-image-gallery-item-inner\" href=\"|!|vcvUploadUrl|!|\/2021\/09\/Vault-Sandblasted-view-e1632965865661.jpg\" data-lightbox=\"lightbox-0938181d\"><img decoding=\"async\" class=\"vce-image-gallery-img\" title=\"Gew\u00f6lbe Sandgestrahlte Ansicht\" src=\"|!|vcvUploadUrl|!|\/2021\/09\/Vault-Sandblasted-view-1024x769.jpg\" alt=\"\"Der Tresor\" Kunst von Guy du Toit\"><\/a><figcaption>Gew\u00f6lbe Sandgestrahlte Ansicht<\/figcaption><\/figure>\n<\/div>\n<div class=\"vce-image-gallery-item\">\n<figure class=\"vce-image-gallery-item-inner-wrapper\"><a class=\"vce-image-gallery-item-inner\" href=\"|!|vcvUploadUrl|!|\/2021\/09\/VaultHeader-e1632965922169.jpg\" data-lightbox=\"lightbox-0938181d\"><img decoding=\"async\" class=\"vce-image-gallery-img\" title=\"Details zu \"The Vault\" Kunst\" src=\"|!|vcvUploadUrl|!|\/2021\/09\/VaultHeader-e1632965922169.jpg\" alt=\"Details zu \"The Vault\" Kunst\"><\/a><figcaption>Details zu &#8220;The Vault&#8221; Kunst<\/figcaption><\/figure>\n<\/div>\n<\/div>\n<\/div>\n<\/div>\n<\/div>\n<\/div>\n<\/div>\n<\/div>\n<\/div>\n<\/div>\n<p><!--vcv no format--><\/p>\n","protected":false},"excerpt":{"rendered":"<p>&#8220;Der Tresor&#8221; &#8211; NZ$ 300.00 Dieses Kunstwerk weist auf die St\u00e4rke des Holzes hin, aber auch auf die St\u00e4rke Ihrer Absichten, Ihre inneren Geheimnisse zu bewahren. Unter der Oberfl\u00e4che sind wir alle so viel mehr, als wir nach au\u00dfen hin erscheinen. Gedrehte, sandgestrahlte, pyrogeschnitzte Kunst mit trocken geb\u00fcrstetem Acryl und silbernem Pastenwachs. Der Deckel f\u00fcr [&hellip;]<\/p>\n","protected":false},"author":2,"featured_media":0,"parent":0,"menu_order":0,"comment_status":"closed","ping_status":"closed","template":"","meta":{"site-sidebar-layout":"default","site-content-layout":"","ast-site-content-layout":"default","site-content-style":"default","site-sidebar-style":"default","ast-global-header-display":"","ast-banner-title-visibility":"","ast-main-header-display":"","ast-hfb-above-header-display":"","ast-hfb-below-header-display":"","ast-hfb-mobile-header-display":"","site-post-title":"","ast-breadcrumbs-content":"","ast-featured-img":"","footer-sml-layout":"","ast-disable-related-posts":"","theme-transparent-header-meta":"default","adv-header-id-meta":"","stick-header-meta":"default","header-above-stick-meta":"","header-main-stick-meta":"","header-below-stick-meta":"","astra-migrate-meta-layouts":"set","ast-page-background-enabled":"default","ast-page-background-meta":{"desktop":{"background-color":"var(--ast-global-color-4)","background-image":"","background-repeat":"repeat","background-position":"center center","background-size":"auto","background-attachment":"scroll","background-type":"","background-media":"","overlay-type":"","overlay-color":"","overlay-opacity":"","overlay-gradient":""},"tablet":{"background-color":"","background-image":"","background-repeat":"repeat","background-position":"center center","background-size":"auto","background-attachment":"scroll","background-type":"","background-media":"","overlay-type":"","overlay-color":"","overlay-opacity":"","overlay-gradient":""},"mobile":{"background-color":"","background-image":"","background-repeat":"repeat","background-position":"center center","background-size":"auto","background-attachment":"scroll","background-type":"","background-media":"","overlay-type":"","overlay-color":"","overlay-opacity":"","overlay-gradient":""}},"ast-content-background-meta":{"desktop":{"background-color":"var(--ast-global-color-5)","background-image":"","background-repeat":"repeat","background-position":"center center","background-size":"auto","background-attachment":"scroll","background-type":"","background-media":"","overlay-type":"","overlay-color":"","overlay-opacity":"","overlay-gradient":""},"tablet":{"background-color":"var(--ast-global-color-5)","background-image":"","background-repeat":"repeat","background-position":"center center","background-size":"auto","background-attachment":"scroll","background-type":"","background-media":"","overlay-type":"","overlay-color":"","overlay-opacity":"","overlay-gradient":""},"mobile":{"background-color":"var(--ast-global-color-5)","background-image":"","background-repeat":"repeat","background-position":"center center","background-size":"auto","background-attachment":"scroll","background-type":"","background-media":"","overlay-type":"","overlay-color":"","overlay-opacity":"","overlay-gradient":""}},"jetpack_post_was_ever_published":false,"footnotes":""},"class_list":["post-13696","page","type-page","status-publish","hentry"],"jetpack-related-posts":[{"id":15531,"url":"https:\/\/guydutoit.com\/fr\/the-vault\/","url_meta":{"origin":13696,"position":0},"title":"La chambre forte","author":"Guy du Toit","date":"30. September 2021","format":false,"excerpt":"\"La chambre forte\" - NZ$ 300.00 Cette \u0153uvre d'art fait allusion \u00e0 la force du bois mais aussi \u00e0 la force de vos intentions de garder vos secrets int\u00e9rieurs \u00e0 l'abri. Sous la surface, nous sommes tous beaucoup plus qu'il n'y para\u00eet. Art tourn\u00e9, sabl\u00e9, pyrograv\u00e9 avec de l'acrylique bross\u00e9\u2026","rel":"","context":"\u00c4hnlicher Beitrag","block_context":{"text":"\u00c4hnlicher Beitrag","link":""},"img":{"alt_text":"","src":"|!|vcvUploadUrl|!|\/2021\/09\/Vault-Open-1024x769.jpg","width":350,"height":200,"srcset":"|!|vcvUploadUrl|!|\/2021\/09\/Vault-Open-1024x769.jpg 1x, |!|vcvUploadUrl|!|\/2021\/09\/Vault-Open-1024x769.jpg 1.5x, |!|vcvUploadUrl|!|\/2021\/09\/Vault-Open-1024x769.jpg 2x"},"classes":[]},{"id":15530,"url":"https:\/\/guydutoit.com\/fr\/perception\/","url_meta":{"origin":13696,"position":1},"title":"Perception","author":"Guy du Toit","date":"30. September 2021","format":false,"excerpt":"Bol en loupe d'oiseau Totara - NZ$589 Tourn\u00e9 \u00e0 partir d'une loupe d'\u0153il d'oiseau Totara exceptionnellement rare en Nouvelle-Z\u00e9lande, ce bol exquis est un v\u00e9ritable tr\u00e9sor et un investissement. Le bois de loupe d'oiseau Totara est aujourd'hui incroyablement rare et difficile \u00e0 trouver. Les grandes fraises sont depuis longtemps coup\u00e9es\u2026","rel":"","context":"\u00c4hnlicher Beitrag","block_context":{"text":"\u00c4hnlicher Beitrag","link":""},"img":{"alt_text":"Ronce ","src":"|!|vcvUploadUrl|!|\/2021\/09\/DSCF1315-Guy-de-Toit-LR-1024x768.jpg","width":350,"height":200,"srcset":"|!|vcvUploadUrl|!|\/2021\/09\/DSCF1315-Guy-de-Toit-LR-1024x768.jpg 1x, |!|vcvUploadUrl|!|\/2021\/09\/DSCF1315-Guy-de-Toit-LR-1024x768.jpg 1.5x, |!|vcvUploadUrl|!|\/2021\/09\/DSCF1315-Guy-de-Toit-LR-1024x768.jpg 2x"},"classes":[]},{"id":15534,"url":"https:\/\/guydutoit.com\/fr\/commissions\/","url_meta":{"origin":13696,"position":2},"title":"Commissions","author":"Guy du Toit","date":"30. September 2021","format":false,"excerpt":"R\u00e9v\u00e9ler votre vision : L'art de commander une pi\u00e8ce de tournage sur boisVous avez un besoin ou une envie pour une pi\u00e8ce sp\u00e9cifique de tournage sur bois ? Vous avez peut-\u00eatre besoin d'un objet traditionnel tourn\u00e9 en bois, comme des balustrades d'escalier ou des pieds de table, ou vous fabriquez\u2026","rel":"","context":"\u00c4hnlicher Beitrag","block_context":{"text":"\u00c4hnlicher Beitrag","link":""},"img":{"alt_text":"Trembleur by Guy du Toit","src":"https:\/\/i0.wp.com\/guydutoit.com\/wp-content\/uploads\/2024\/11\/Trembleur-Flat.jpg?resize=350%2C200&ssl=1","width":350,"height":200,"srcset":"https:\/\/i0.wp.com\/guydutoit.com\/wp-content\/uploads\/2024\/11\/Trembleur-Flat.jpg?resize=350%2C200&ssl=1 1x, https:\/\/i0.wp.com\/guydutoit.com\/wp-content\/uploads\/2024\/11\/Trembleur-Flat.jpg?resize=525%2C300&ssl=1 1.5x, https:\/\/i0.wp.com\/guydutoit.com\/wp-content\/uploads\/2024\/11\/Trembleur-Flat.jpg?resize=700%2C400&ssl=1 2x, https:\/\/i0.wp.com\/guydutoit.com\/wp-content\/uploads\/2024\/11\/Trembleur-Flat.jpg?resize=1050%2C600&ssl=1 3x, https:\/\/i0.wp.com\/guydutoit.com\/wp-content\/uploads\/2024\/11\/Trembleur-Flat.jpg?resize=1400%2C800&ssl=1 4x"},"classes":[]},{"id":13716,"url":"https:\/\/guydutoit.com\/de\/hourglass\/","url_meta":{"origin":13696,"position":3},"title":"Sanduhr","author":"Guy du Toit","date":"30. September 2021","format":false,"excerpt":"Holz gedrechselte Sanduhr zu verkaufen - NZ$640.00 Diese Sanduhr, die im Rahmen der einw\u00f6chigen praktischen Pr\u00fcfung an der Ecole Escoulen entstand, war ein echter Test f\u00fcr das Drechslerhandwerk. Ja, er l\u00e4uft eine ganze Stunde lang. Hergestellt aus franz\u00f6sischer Buche mit Kn\u00f6pfen aus Walnussholz und mit Carnubawachs behandelt. Abmessungen - H\u00f6he:\u2026","rel":"","context":"\u00c4hnlicher Beitrag","block_context":{"text":"\u00c4hnlicher Beitrag","link":""},"img":{"alt_text":"Sanduhr in Buche","src":"|!|vcvUploadUrl|!|\/2021\/09\/Hourglass-1-1024x772.jpg","width":350,"height":200,"srcset":"|!|vcvUploadUrl|!|\/2021\/09\/Hourglass-1-1024x772.jpg 1x, |!|vcvUploadUrl|!|\/2021\/09\/Hourglass-1-1024x772.jpg 1.5x, |!|vcvUploadUrl|!|\/2021\/09\/Hourglass-1-1024x772.jpg 2x"},"classes":[]},{"id":13694,"url":"https:\/\/guydutoit.com\/es\/the-vault\/","url_meta":{"origin":13696,"position":4},"title":"La b\u00f3veda","author":"Guy du Toit","date":"30. September 2021","format":false,"excerpt":"\"La B\u00f3veda\" - NZ$ 300.00 Esta obra de arte alude a la fuerza de la madera pero tambi\u00e9n a la fuerza de sus intenciones para mantener a salvo sus secretos interiores. Bajo la superficie todos somos mucho m\u00e1s de lo que aparentamos por fuera. Arte torneado, arenado y pirograbado con\u2026","rel":"","context":"\u00c4hnlicher Beitrag","block_context":{"text":"\u00c4hnlicher Beitrag","link":""},"img":{"alt_text":"","src":"|!|vcvUploadUrl|!|\/2021\/09\/Vault-Open-1024x769.jpg","width":350,"height":200,"srcset":"|!|vcvUploadUrl|!|\/2021\/09\/Vault-Open-1024x769.jpg 1x, |!|vcvUploadUrl|!|\/2021\/09\/Vault-Open-1024x769.jpg 1.5x, |!|vcvUploadUrl|!|\/2021\/09\/Vault-Open-1024x769.jpg 2x"},"classes":[]},{"id":13690,"url":"https:\/\/guydutoit.com\/de\/perception\/","url_meta":{"origin":13696,"position":5},"title":"Wahrnehmung","author":"Guy du Toit","date":"30. September 2021","format":false,"excerpt":"Totara Vogelaugen-Maser-Schale - NZ$589 Diese exquisite Schale wurde aus der \u00e4u\u00dferst seltenen neuseel\u00e4ndischen Totara Vogelaugenwurzel gedreht und ist eine wahre Kostbarkeit und Investition. Totara Vogelaugen-Maserholz ist heute unglaublich selten und schwer zu finden. Die gro\u00dfen Grate wurden schon vor langer Zeit abgeholzt und exportiert oder f\u00fcr einige der feinsten Furniere\u2026","rel":"","context":"\u00c4hnlicher Beitrag","block_context":{"text":"\u00c4hnlicher Beitrag","link":""},"img":{"alt_text":"","src":"|!|vcvUploadUrl|!|\/2021\/09\/DSCF1315-Guy-de-Toit-LR-1024x768.jpg","width":350,"height":200,"srcset":"|!|vcvUploadUrl|!|\/2021\/09\/DSCF1315-Guy-de-Toit-LR-1024x768.jpg 1x, |!|vcvUploadUrl|!|\/2021\/09\/DSCF1315-Guy-de-Toit-LR-1024x768.jpg 1.5x, |!|vcvUploadUrl|!|\/2021\/09\/DSCF1315-Guy-de-Toit-LR-1024x768.jpg 2x"},"classes":[]}],"jetpack_sharing_enabled":false,"jetpack_likes_enabled":false,"_links":{"self":[{"href":"https:\/\/guydutoit.com\/de\/wp-json\/wp\/v2\/pages\/13696","targetHints":{"allow":["GET"]}}],"collection":[{"href":"https:\/\/guydutoit.com\/de\/wp-json\/wp\/v2\/pages"}],"about":[{"href":"https:\/\/guydutoit.com\/de\/wp-json\/wp\/v2\/types\/page"}],"author":[{"embeddable":true,"href":"https:\/\/guydutoit.com\/de\/wp-json\/wp\/v2\/users\/2"}],"replies":[{"embeddable":true,"href":"https:\/\/guydutoit.com\/de\/wp-json\/wp\/v2\/comments?post=13696"}],"version-history":[{"count":3,"href":"https:\/\/guydutoit.com\/de\/wp-json\/wp\/v2\/pages\/13696\/revisions"}],"predecessor-version":[{"id":15656,"href":"https:\/\/guydutoit.com\/de\/wp-json\/wp\/v2\/pages\/13696\/revisions\/15656"}],"wp:attachment":[{"href":"https:\/\/guydutoit.com\/de\/wp-json\/wp\/v2\/media?parent=13696"}],"curies":[{"name":"wp","href":"https:\/\/api.w.org\/{rel}","templated":true}]}}