{"id":13923,"date":"2021-09-27T01:06:51","date_gmt":"2021-09-27T00:06:51","guid":{"rendered":"http:\/\/guydutoit.com\/shop\/zahlungen\/"},"modified":"2025-03-18T19:47:59","modified_gmt":"2025-03-18T18:47:59","slug":"payments","status":"publish","type":"page","link":"https:\/\/guydutoit.com\/de\/shop\/payments\/","title":{"rendered":"Zahlungen"},"content":{"rendered":"<div class=\"vce-row-container\" data-vce-boxed-width=\"true\">\n<div id=\"el-42290047\" class=\"vce-row vce-row--col-gap-30 vce-row-equal-height vce-row-content--top\" data-vce-do-apply=\"all el-42290047\">\n<div class=\"vce-row-content\" data-vce-element-content=\"true\">\n<div id=\"el-ec434792\" class=\"vce-col vce-col--md-auto vce-col--xs-1 vce-col--xs-last vce-col--xs-first vce-col--sm-last vce-col--sm-first vce-col--md-last vce-col--lg-last vce-col--xl-last vce-col--md-first vce-col--lg-first vce-col--xl-first\">\n<div class=\"vce-col-inner\" data-vce-do-apply=\"border margin background el-ec434792\">\n<div class=\"vce-col-content\" data-vce-element-content=\"true\" data-vce-do-apply=\"padding el-ec434792\">\n<div class=\"vce-text-block\">\n<div id=\"el-09f9b2e8\" class=\"vce-text-block-wrapper vce\" data-vce-do-apply=\"all el-09f9b2e8\">\n<h2>Zahlungen und Versand<\/h2>\n<p>Mein Unternehmen, L&#8217;Atelier de Guy du Toit &#8211; ARTelier de Guy, ist ein in Frankreich registriertes Unternehmen mit einer Mehrwertsteuernummer. Meine Siretnummer lautet 979 832 540 00012 und meine Mehrwertsteuer ist FR29979832540. Zahlungen k\u00f6nnen \u00fcber WooCommerce, PayPal oder per EFT auf mein Bankkonto bei der CCF Bank in Frankreich erfolgen. Alle K\u00e4ufe werden mit einer Mehrwertsteuerrechnung geliefert, es sei denn, es handelt sich um Verk\u00e4ufe f\u00fcr den Export, bei denen keine Mehrwertsteuer anf\u00e4llt.<\/p>\n<p>Bitte beachten Sie, dass die Preise weder Versand noch Versicherung w\u00e4hrend des Transports beinhalten.<\/p>\n<p>Die hier angezeigten Preise sind dieselben wie in den Galerien, die meine Arbeiten f\u00fchren. Bitte fragen Sie nicht nach einem Rabatt. Ein Preisnachlass w\u00e4re nicht fair gegen\u00fcber den Galerien, die meine Werke f\u00fchren und hart daran arbeiten, meine Kunst in meinem Namen zu vermarkten und zu verkaufen.<\/p>\n<p>Au\u00dferdem sind dies Kunstwerke, die ich in vielen Stunden liebevoller Arbeit hergestellt habe. Ich nutze F\u00e4higkeiten, die ich \u00fcber viele Jahre hinweg in der Praxis, auf der Spur und durch Fehler entwickelt habe. Hinzu kommen die Tausende von Dollar, die ich f\u00fcr die formale Ausbildung, die besten Maschinen, die seltensten H\u00f6lzer und andere Kosten ausgegeben habe.<\/p>\n<p>Die Preise f\u00fcr Drechselwerkzeuge und Zubeh\u00f6r basieren auf den Wechselkursen, Versand- und Importkosten zum Zeitpunkt des Erhalts, sie k\u00f6nnen sich also von Zeit zu Zeit \u00e4ndern. Manchmal kann es vorkommen, dass meine Preise f\u00fcr Munro Tools als Beispiel etwas weniger oder etwas mehr kosten als auf anderen Websites, was fast immer auf Wechselkursschwankungen zur\u00fcckzuf\u00fchren ist. Ich garantiere Ihnen, dass ich alles, was in meinem Online-Shop erh\u00e4ltlich ist, auf Lager habe, im Gegensatz zu vielen anderen Websites, die f\u00fcr Rolly Munro&#8217;s Werkzeuge werben.<\/p>\n<p>Vielen Dank f\u00fcr Ihre freundliche Unterst\u00fctzung und Ihr Vertrauen.<\/p>\n<p>Guy du Toit<\/p>\n<\/div>\n<div id=\"\" class=\"vce-text-block-wrapper vce\" style=\"height: 0px; width: 0px; overflow: hidden; position: fixed; bottom: 0px; right: 0px;\" data-vce-do-apply=\"all el-09f9b2e8\">\n<h2>Zahlungen und Versand<\/h2>\n<p>Mein Unternehmen, Journey Investments Ltd, ist eine in Neuseeland zur GST registrierte Gesellschaft mit beschr\u00e4nkter Haftung. Zahlungen k\u00f6nnen per Pay Pal an mich oder per EFT auf das Bankkonto von Journey Investments bei der ASB Bank in Neuseeland geleistet werden. Alle K\u00e4ufe werden mit einer GST-Rechnung geliefert, es sei denn, der Verkauf ist f\u00fcr den Export bestimmt.<\/p>\n<p>Bei internationalen Bestellungen ziehen Sie bitte 15% GST vom angezeigten Preis ab.<\/p>\n<p>Bitte beachten Sie, dass die Preise weder Versand noch Versicherung w\u00e4hrend des Transports beinhalten.<\/p>\n<p>Die hier angezeigten Preise sind dieselben wie in den Galerien, die meine Arbeiten f\u00fchren. Bitte fragen Sie nicht nach einem Rabatt. Ein Preisnachlass w\u00e4re nicht fair gegen\u00fcber den Galerien, die meine Werke f\u00fchren und hart daran arbeiten, meine Kunst in meinem Namen zu vermarkten und zu verkaufen.<\/p>\n<p>Au\u00dferdem sind dies Kunstwerke, die ich in vielen Stunden liebevoller Arbeit hergestellt habe. Ich nutze F\u00e4higkeiten, die ich \u00fcber viele Jahre hinweg in der Praxis, auf der Spur und durch Fehler entwickelt habe. Hinzu kommen die Tausende von Dollar, die ich f\u00fcr die formale Ausbildung, die besten Maschinen, die seltensten H\u00f6lzer und andere Kosten ausgegeben habe.<\/p>\n<p>Vielen Dank f\u00fcr Ihr Vertrauen und Ihre anhaltende Unterst\u00fctzung.<\/p>\n<\/div>\n<\/div>\n<\/div>\n<\/div>\n<\/div>\n<\/div>\n<\/div>\n<\/div>\n<p><!--vcv no format--><\/p>\n","protected":false},"excerpt":{"rendered":"<p>Zahlungen und Versand Mein Unternehmen, L&#8217;Atelier de Guy du Toit &#8211; ARTelier de Guy, ist ein in Frankreich registriertes Unternehmen mit einer Mehrwertsteuernummer. Meine Siretnummer lautet 979 832 540 00012 und meine Mehrwertsteuer ist FR29979832540. Zahlungen k\u00f6nnen \u00fcber WooCommerce, PayPal oder per EFT auf mein Bankkonto bei der CCF Bank in Frankreich erfolgen. Alle K\u00e4ufe [&hellip;]<\/p>\n","protected":false},"author":2,"featured_media":0,"parent":13636,"menu_order":0,"comment_status":"closed","ping_status":"closed","template":"","meta":{"site-sidebar-layout":"default","site-content-layout":"","ast-site-content-layout":"default","site-content-style":"default","site-sidebar-style":"default","ast-global-header-display":"","ast-banner-title-visibility":"","ast-main-header-display":"","ast-hfb-above-header-display":"","ast-hfb-below-header-display":"","ast-hfb-mobile-header-display":"","site-post-title":"","ast-breadcrumbs-content":"","ast-featured-img":"","footer-sml-layout":"","ast-disable-related-posts":"","theme-transparent-header-meta":"default","adv-header-id-meta":"","stick-header-meta":"default","header-above-stick-meta":"","header-main-stick-meta":"","header-below-stick-meta":"","astra-migrate-meta-layouts":"set","ast-page-background-enabled":"default","ast-page-background-meta":{"desktop":{"background-color":"var(--ast-global-color-4)","background-image":"","background-repeat":"repeat","background-position":"center center","background-size":"auto","background-attachment":"scroll","background-type":"","background-media":"","overlay-type":"","overlay-color":"","overlay-opacity":"","overlay-gradient":""},"tablet":{"background-color":"","background-image":"","background-repeat":"repeat","background-position":"center center","background-size":"auto","background-attachment":"scroll","background-type":"","background-media":"","overlay-type":"","overlay-color":"","overlay-opacity":"","overlay-gradient":""},"mobile":{"background-color":"","background-image":"","background-repeat":"repeat","background-position":"center center","background-size":"auto","background-attachment":"scroll","background-type":"","background-media":"","overlay-type":"","overlay-color":"","overlay-opacity":"","overlay-gradient":""}},"ast-content-background-meta":{"desktop":{"background-color":"var(--ast-global-color-5)","background-image":"","background-repeat":"repeat","background-position":"center center","background-size":"auto","background-attachment":"scroll","background-type":"","background-media":"","overlay-type":"","overlay-color":"","overlay-opacity":"","overlay-gradient":""},"tablet":{"background-color":"var(--ast-global-color-5)","background-image":"","background-repeat":"repeat","background-position":"center center","background-size":"auto","background-attachment":"scroll","background-type":"","background-media":"","overlay-type":"","overlay-color":"","overlay-opacity":"","overlay-gradient":""},"mobile":{"background-color":"var(--ast-global-color-5)","background-image":"","background-repeat":"repeat","background-position":"center center","background-size":"auto","background-attachment":"scroll","background-type":"","background-media":"","overlay-type":"","overlay-color":"","overlay-opacity":"","overlay-gradient":""}},"jetpack_post_was_ever_published":false,"footnotes":""},"class_list":["post-13923","page","type-page","status-publish","hentry"],"jetpack-related-posts":[{"id":13433,"url":"https:\/\/guydutoit.com\/de\/home-page-new\/","url_meta":{"origin":13923,"position":0},"title":"Home Design","author":"Guy du Toit","date":"16. November 2024","format":false,"excerpt":"Guy's Artelier - 'ARTelier de Guy' Wo Kunst und Holz aufeinandertreffen JETZT EINKAUFEN Willkommen in der Welt von Guy du Toit, wo Holz in fesselnde Kunst verwandelt wird. Als erfahrener Drechsler, Handwerker und Kunsthandwerker fertige ich einzigartige, ma\u00dfgeschneiderte St\u00fccke aus seltenem, nachhaltig beschafftem und wiederverwertetem Holz f\u00fcr Sie an. Guy\u2026","rel":"","context":"\u00c4hnlicher Beitrag","block_context":{"text":"\u00c4hnlicher Beitrag","link":""},"img":{"alt_text":"ARTelier de Guy interieur","src":"https:\/\/i0.wp.com\/guydutoit.com\/wp-content\/uploads\/2025\/06\/IMG_20250612_121059.jpg?resize=350%2C200&ssl=1","width":350,"height":200,"srcset":"https:\/\/i0.wp.com\/guydutoit.com\/wp-content\/uploads\/2025\/06\/IMG_20250612_121059.jpg?resize=350%2C200&ssl=1 1x, https:\/\/i0.wp.com\/guydutoit.com\/wp-content\/uploads\/2025\/06\/IMG_20250612_121059.jpg?resize=525%2C300&ssl=1 1.5x, https:\/\/i0.wp.com\/guydutoit.com\/wp-content\/uploads\/2025\/06\/IMG_20250612_121059.jpg?resize=700%2C400&ssl=1 2x, https:\/\/i0.wp.com\/guydutoit.com\/wp-content\/uploads\/2025\/06\/IMG_20250612_121059.jpg?resize=1050%2C600&ssl=1 3x, https:\/\/i0.wp.com\/guydutoit.com\/wp-content\/uploads\/2025\/06\/IMG_20250612_121059.jpg?resize=1400%2C800&ssl=1 4x"},"classes":[]},{"id":13568,"url":"https:\/\/guydutoit.com\/de\/about-guy\/","url_meta":{"origin":13923,"position":1},"title":"\u00dcber Guy","author":"Guy du Toit","date":"6. November 2024","format":false,"excerpt":"\u00dcber Guy AUFTRAGSARBEIT AUSSTELLUNGEN UND VERANSTALTUNGEN IN DER PRESSE KOLLABORATIONEN AUSZEICHNUNGEN & PREISE Hallo, Kia Ora, Bonjour, Goeie dag! Willkommen auf meiner Website! Mein Name ist Guy (Gideon) du Toit, und ich bin ein leidenschaftlicher Drechsler, der Holz in sch\u00f6ne Kunst verwandelt. Ich bin in S\u00fcdafrika geboren, habe 10 Jahre\u2026","rel":"","context":"\u00c4hnlicher Beitrag","block_context":{"text":"\u00c4hnlicher Beitrag","link":""},"img":{"alt_text":"","src":"https:\/\/i0.wp.com\/guydutoit.com\/wp-content\/uploads\/2024\/11\/team.png?resize=350%2C200&ssl=1","width":350,"height":200},"classes":[]},{"id":22090,"url":"https:\/\/guydutoit.com\/de\/elementor-22081\/","url_meta":{"origin":13923,"position":2},"title":"Ausbildung zum Drechsler","author":"Guy du Toit","date":"2. Dezember 2025","format":false,"excerpt":"\ud83c\uddeb\ud83c\uddf7 Meistern Sie Ihr Handwerk: Drechselkurse in Carcassonne \"Vom rohen Holz zum Meisterwerk. Ihre H\u00e4nde haben die Macht.\" \ud83c\udf1f Unterrichtet vom lokalen Drechsler Guy du Toit Ich bin Guy du Toit und bereit, mein in 10.000 \u00dcbungsstunden perfektioniertes Handwerk weiterzugeben. Meine Reise f\u00fchrte mich an die renommierte \u00c9cole Escoulen in\u2026","rel":"","context":"\u00c4hnlicher Beitrag","block_context":{"text":"\u00c4hnlicher Beitrag","link":""},"img":{"alt_text":"Drechsler Guy du Toit in seiner Werkstatt in Carcassonne, Frankreich","src":"https:\/\/i0.wp.com\/guydutoit.com\/wp-content\/uploads\/2025\/12\/20250924_102956-300x225.jpg?resize=350%2C200&ssl=1","width":350,"height":200},"classes":[]},{"id":14264,"url":"https:\/\/guydutoit.com\/de\/copyright-statement\/","url_meta":{"origin":13923,"position":3},"title":"Copyright Erkl\u00e4rung","author":"Guy du Toit","date":"28. September 2021","format":false,"excerpt":"Copyright-Erkl\u00e4rung - \"Ich wei\u00df es zu sch\u00e4tzen, dass Sie mein Eigentum an meinen Werken und meine Urheberrechte respektieren. Die Kunstwerke sind \u00a92016 - 2025 Guy (Gideon) du Toit und d\u00fcrfen, sofern nicht anders angegeben, nicht ohne schriftliche Genehmigung gedruckt, weiterverteilt, ver\u00e4ndert oder an anderer Stelle ver\u00f6ffentlicht werden.\" \u00a9 und alle\u2026","rel":"","context":"\u00c4hnlicher Beitrag","block_context":{"text":"\u00c4hnlicher Beitrag","link":""},"img":{"alt_text":"","src":"","width":0,"height":0},"classes":[]},{"id":28468,"url":"https:\/\/guydutoit.com\/de\/drechselkurse\/","url_meta":{"origin":13923,"position":4},"title":"Drechselkurse","author":"Guy du Toit","date":"16. Februar 2026","format":false,"excerpt":"Meistern Sie Ihr Handwerk: Drechselkurse in Carcassonne \ud83c\uddeb\ud83c\uddf7 Meistern Sie Ihr Handwerk: Drechselkurse in Carcassonne \"Vom rohen Holz zum Meisterwerk. Ihre H\u00e4nde haben die Macht.\" Unterrichtet von Drechsler Guy du Toit Ich bin Guy du Toit, und ich bin bereit, mein in 10.000 Stunden Praxis verfeinertes Handwerk weiterzugeben. Meine Reise\u2026","rel":"","context":"\u00c4hnlicher Beitrag","block_context":{"text":"\u00c4hnlicher Beitrag","link":""},"img":{"alt_text":"","src":"","width":0,"height":0},"classes":[]},{"id":13490,"url":"https:\/\/guydutoit.com\/de\/in-the-news\/","url_meta":{"origin":13923,"position":5},"title":"IN DEN NACHRICHTEN","author":"Guy du Toit","date":"8. November 2024","format":false,"excerpt":"In den Nachrichten In der Presse: Das Handwerk in Szene setzen Drechseln steht im Mittelpunkt Ich freue mich darauf, einige Dinge zu zeigen, die meine Arbeit und meine Leidenschaft f\u00fcr das Drechseln unterstreichen! Diese Medienereignisse haben dazu beigetragen, ein breiteres Publikum anzusprechen und die komplizierten Details und die k\u00fcnstlerische Vision\u2026","rel":"","context":"\u00c4hnlicher Beitrag","block_context":{"text":"\u00c4hnlicher Beitrag","link":""},"img":{"alt_text":"Guy du Toit Documentary","src":"https:\/\/i0.wp.com\/guydutoit.com\/wp-content\/uploads\/2024\/11\/Guy-du-Toit-Documentary.png?resize=350%2C200&ssl=1","width":350,"height":200},"classes":[]}],"jetpack_sharing_enabled":false,"jetpack_likes_enabled":false,"_links":{"self":[{"href":"https:\/\/guydutoit.com\/de\/wp-json\/wp\/v2\/pages\/13923","targetHints":{"allow":["GET"]}}],"collection":[{"href":"https:\/\/guydutoit.com\/de\/wp-json\/wp\/v2\/pages"}],"about":[{"href":"https:\/\/guydutoit.com\/de\/wp-json\/wp\/v2\/types\/page"}],"author":[{"embeddable":true,"href":"https:\/\/guydutoit.com\/de\/wp-json\/wp\/v2\/users\/2"}],"replies":[{"embeddable":true,"href":"https:\/\/guydutoit.com\/de\/wp-json\/wp\/v2\/comments?post=13923"}],"version-history":[{"count":8,"href":"https:\/\/guydutoit.com\/de\/wp-json\/wp\/v2\/pages\/13923\/revisions"}],"predecessor-version":[{"id":17793,"href":"https:\/\/guydutoit.com\/de\/wp-json\/wp\/v2\/pages\/13923\/revisions\/17793"}],"up":[{"embeddable":true,"href":"https:\/\/guydutoit.com\/de\/wp-json\/wp\/v2\/pages\/13636"}],"wp:attachment":[{"href":"https:\/\/guydutoit.com\/de\/wp-json\/wp\/v2\/media?parent=13923"}],"curies":[{"name":"wp","href":"https:\/\/api.w.org\/{rel}","templated":true}]}}