{"id":13990,"date":"2024-07-18T11:59:42","date_gmt":"2024-07-18T10:59:42","guid":{"rendered":"http:\/\/guydutoit.com\/my-account\/"},"modified":"2026-03-14T14:43:22","modified_gmt":"2026-03-14T13:43:22","slug":"my-account","status":"publish","type":"page","link":"https:\/\/guydutoit.com\/de\/my-account\/","title":{"rendered":"Mein Konto"},"content":{"rendered":"\t\t<div data-elementor-type=\"wp-page\" data-elementor-id=\"13990\" class=\"elementor elementor-13990 elementor-3243\" data-elementor-post-type=\"page\">\n\t\t\t\t<div class=\"elementor-element elementor-element-513d3744 e-flex e-con-boxed e-con e-parent\" data-id=\"513d3744\" data-element_type=\"container\" data-e-type=\"container\">\n\t\t\t\t\t<div class=\"e-con-inner\">\n\t\t\t\t<div class=\"elementor-element elementor-element-0e56724 e-my-account-tabs-vertical elementor-widget elementor-widget-woocommerce-my-account\" data-id=\"0e56724\" data-element_type=\"widget\" data-e-type=\"widget\" data-widget_type=\"woocommerce-my-account.default\">\n\t\t\t\t<div class=\"elementor-widget-container\">\n\t\t\t\t\t<div class=\"e-my-account-tab e-my-account-tab__ \">\t\t\t<div class=\"woocommerce\"><\/div>\t\t<\/div>\n\t\t\t\t\t\t<\/div>\n\t\t\t\t<\/div>\n\t\t\t\t\t<\/div>\n\t\t\t\t<\/div>\n\t\t\t\t<\/div>\n\t\t","protected":false},"excerpt":{"rendered":"","protected":false},"author":2,"featured_media":0,"parent":0,"menu_order":0,"comment_status":"closed","ping_status":"closed","template":"elementor_header_footer","meta":{"site-sidebar-layout":"default","site-content-layout":"","ast-site-content-layout":"default","site-content-style":"default","site-sidebar-style":"default","ast-global-header-display":"","ast-banner-title-visibility":"","ast-main-header-display":"","ast-hfb-above-header-display":"","ast-hfb-below-header-display":"","ast-hfb-mobile-header-display":"","site-post-title":"","ast-breadcrumbs-content":"","ast-featured-img":"","footer-sml-layout":"","ast-disable-related-posts":"","theme-transparent-header-meta":"default","adv-header-id-meta":"","stick-header-meta":"default","header-above-stick-meta":"","header-main-stick-meta":"","header-below-stick-meta":"","astra-migrate-meta-layouts":"set","ast-page-background-enabled":"default","ast-page-background-meta":{"desktop":{"background-color":"var(--ast-global-color-4)","background-image":"","background-repeat":"repeat","background-position":"center center","background-size":"auto","background-attachment":"scroll","background-type":"","background-media":"","overlay-type":"","overlay-color":"","overlay-opacity":"","overlay-gradient":""},"tablet":{"background-color":"","background-image":"","background-repeat":"repeat","background-position":"center center","background-size":"auto","background-attachment":"scroll","background-type":"","background-media":"","overlay-type":"","overlay-color":"","overlay-opacity":"","overlay-gradient":""},"mobile":{"background-color":"","background-image":"","background-repeat":"repeat","background-position":"center center","background-size":"auto","background-attachment":"scroll","background-type":"","background-media":"","overlay-type":"","overlay-color":"","overlay-opacity":"","overlay-gradient":""}},"ast-content-background-meta":{"desktop":{"background-color":"var(--ast-global-color-5)","background-image":"","background-repeat":"repeat","background-position":"center center","background-size":"auto","background-attachment":"scroll","background-type":"","background-media":"","overlay-type":"","overlay-color":"","overlay-opacity":"","overlay-gradient":""},"tablet":{"background-color":"var(--ast-global-color-5)","background-image":"","background-repeat":"repeat","background-position":"center center","background-size":"auto","background-attachment":"scroll","background-type":"","background-media":"","overlay-type":"","overlay-color":"","overlay-opacity":"","overlay-gradient":""},"mobile":{"background-color":"var(--ast-global-color-5)","background-image":"","background-repeat":"repeat","background-position":"center center","background-size":"auto","background-attachment":"scroll","background-type":"","background-media":"","overlay-type":"","overlay-color":"","overlay-opacity":"","overlay-gradient":""}},"jetpack_post_was_ever_published":false,"footnotes":""},"class_list":["post-13990","page","type-page","status-publish","hentry"],"jetpack-related-posts":[{"id":13490,"url":"https:\/\/guydutoit.com\/de\/in-the-news\/","url_meta":{"origin":13990,"position":0},"title":"IN DEN NACHRICHTEN","author":"Guy du Toit","date":"8. November 2024","format":false,"excerpt":"In den Nachrichten In der Presse: Das Handwerk in Szene setzen Drechseln steht im Mittelpunkt Ich freue mich darauf, einige Dinge zu zeigen, die meine Arbeit und meine Leidenschaft f\u00fcr das Drechseln unterstreichen! Diese Medienereignisse haben dazu beigetragen, ein breiteres Publikum anzusprechen und die komplizierten Details und die k\u00fcnstlerische Vision\u2026","rel":"","context":"\u00c4hnlicher Beitrag","block_context":{"text":"\u00c4hnlicher Beitrag","link":""},"img":{"alt_text":"Guy du Toit Documentary","src":"https:\/\/i0.wp.com\/guydutoit.com\/wp-content\/uploads\/2024\/11\/Guy-du-Toit-Documentary.png?resize=350%2C200&ssl=1","width":350,"height":200},"classes":[]},{"id":13923,"url":"https:\/\/guydutoit.com\/de\/shop\/payments\/","url_meta":{"origin":13990,"position":1},"title":"Zahlungen","author":"Guy du Toit","date":"27. September 2021","format":false,"excerpt":"Zahlungen und Versand Mein Unternehmen, L'Atelier de Guy du Toit - ARTelier de Guy, ist ein in Frankreich registriertes Unternehmen mit einer Mehrwertsteuernummer. Meine Siretnummer lautet 979 832 540 00012 und meine Mehrwertsteuer ist FR29979832540. Zahlungen k\u00f6nnen \u00fcber WooCommerce, PayPal oder per EFT auf mein Bankkonto bei der CCF Bank\u2026","rel":"","context":"\u00c4hnlicher Beitrag","block_context":{"text":"\u00c4hnlicher Beitrag","link":""},"img":{"alt_text":"","src":"","width":0,"height":0},"classes":[]},{"id":13940,"url":"https:\/\/guydutoit.com\/de\/soul-gallery-hamilton\/","url_meta":{"origin":13990,"position":2},"title":"Soul Galerie Hamilton","author":"Guy du Toit","date":"19. Juli 2024","format":false,"excerpt":"Galerie der Seele - Hamilton Die Soul Gallery in Hamilton war die erste Galerie, in der ich meine Holzkreationen ausstellte. Sie bot mir eine Plattform, um mein handwerkliches K\u00f6nnen und meine k\u00fcnstlerische Vision der \u00d6ffentlichkeit vorzustellen.","rel":"","context":"\u00c4hnlicher Beitrag","block_context":{"text":"\u00c4hnlicher Beitrag","link":""},"img":{"alt_text":"","src":"","width":0,"height":0},"classes":[]},{"id":13568,"url":"https:\/\/guydutoit.com\/de\/about-guy\/","url_meta":{"origin":13990,"position":3},"title":"\u00dcber Guy","author":"Guy du Toit","date":"6. November 2024","format":false,"excerpt":"\u00dcber Guy AUFTRAGSARBEIT AUSSTELLUNGEN UND VERANSTALTUNGEN IN DER PRESSE KOLLABORATIONEN AUSZEICHNUNGEN & PREISE Hallo, Kia Ora, Bonjour, Goeie dag! Willkommen auf meiner Website! Mein Name ist Guy (Gideon) du Toit, und ich bin ein leidenschaftlicher Drechsler, der Holz in sch\u00f6ne Kunst verwandelt. Ich bin in S\u00fcdafrika geboren, habe 10 Jahre\u2026","rel":"","context":"\u00c4hnlicher Beitrag","block_context":{"text":"\u00c4hnlicher Beitrag","link":""},"img":{"alt_text":"","src":"https:\/\/i0.wp.com\/guydutoit.com\/wp-content\/uploads\/2024\/11\/team.png?resize=350%2C200&ssl=1","width":350,"height":200},"classes":[]},{"id":22090,"url":"https:\/\/guydutoit.com\/de\/elementor-22081\/","url_meta":{"origin":13990,"position":4},"title":"Ausbildung zum Drechsler","author":"Guy du Toit","date":"2. Dezember 2025","format":false,"excerpt":"\ud83c\uddeb\ud83c\uddf7 Meistern Sie Ihr Handwerk: Drechselkurse in Carcassonne \"Vom rohen Holz zum Meisterwerk. Ihre H\u00e4nde haben die Macht.\" \ud83c\udf1f Unterrichtet vom lokalen Drechsler Guy du Toit Ich bin Guy du Toit und bereit, mein in 10.000 \u00dcbungsstunden perfektioniertes Handwerk weiterzugeben. Meine Reise f\u00fchrte mich an die renommierte \u00c9cole Escoulen in\u2026","rel":"","context":"\u00c4hnlicher Beitrag","block_context":{"text":"\u00c4hnlicher Beitrag","link":""},"img":{"alt_text":"Drechsler Guy du Toit in seiner Werkstatt in Carcassonne, Frankreich","src":"https:\/\/i0.wp.com\/guydutoit.com\/wp-content\/uploads\/2025\/12\/20250924_102956-300x225.jpg?resize=350%2C200&ssl=1","width":350,"height":200},"classes":[]},{"id":28468,"url":"https:\/\/guydutoit.com\/de\/drechselkurse\/","url_meta":{"origin":13990,"position":5},"title":"Drechselkurse","author":"Guy du Toit","date":"16. Februar 2026","format":false,"excerpt":"Meistern Sie Ihr Handwerk: Drechselkurse in Carcassonne \ud83c\uddeb\ud83c\uddf7 Meistern Sie Ihr Handwerk: Drechselkurse in Carcassonne \"Vom rohen Holz zum Meisterwerk. Ihre H\u00e4nde haben die Macht.\" Unterrichtet von Drechsler Guy du Toit Ich bin Guy du Toit, und ich bin bereit, mein in 10.000 Stunden Praxis verfeinertes Handwerk weiterzugeben. Meine Reise\u2026","rel":"","context":"\u00c4hnlicher Beitrag","block_context":{"text":"\u00c4hnlicher Beitrag","link":""},"img":{"alt_text":"","src":"","width":0,"height":0},"classes":[]}],"jetpack_sharing_enabled":false,"jetpack_likes_enabled":false,"_links":{"self":[{"href":"https:\/\/guydutoit.com\/de\/wp-json\/wp\/v2\/pages\/13990","targetHints":{"allow":["GET"]}}],"collection":[{"href":"https:\/\/guydutoit.com\/de\/wp-json\/wp\/v2\/pages"}],"about":[{"href":"https:\/\/guydutoit.com\/de\/wp-json\/wp\/v2\/types\/page"}],"author":[{"embeddable":true,"href":"https:\/\/guydutoit.com\/de\/wp-json\/wp\/v2\/users\/2"}],"replies":[{"embeddable":true,"href":"https:\/\/guydutoit.com\/de\/wp-json\/wp\/v2\/comments?post=13990"}],"version-history":[{"count":10,"href":"https:\/\/guydutoit.com\/de\/wp-json\/wp\/v2\/pages\/13990\/revisions"}],"predecessor-version":[{"id":17700,"href":"https:\/\/guydutoit.com\/de\/wp-json\/wp\/v2\/pages\/13990\/revisions\/17700"}],"wp:attachment":[{"href":"https:\/\/guydutoit.com\/de\/wp-json\/wp\/v2\/media?parent=13990"}],"curies":[{"name":"wp","href":"https:\/\/api.w.org\/{rel}","templated":true}]}}