{"id":14002,"date":"2021-09-30T01:15:00","date_gmt":"2021-09-30T00:15:00","guid":{"rendered":"http:\/\/guydutoit.com\/commissions\/"},"modified":"2026-03-05T04:02:53","modified_gmt":"2026-03-05T03:02:53","slug":"commissions","status":"publish","type":"page","link":"https:\/\/guydutoit.com\/de\/commissions\/","title":{"rendered":"Provisionen"},"content":{"rendered":"\t\t<div data-elementor-type=\"wp-page\" data-elementor-id=\"14002\" class=\"elementor elementor-14002 elementor-652\" data-elementor-post-type=\"page\">\n\t\t\t\t<div class=\"elementor-element elementor-element-4a6147fa e-flex e-con-boxed e-con e-parent\" data-id=\"4a6147fa\" data-element_type=\"container\" data-e-type=\"container\">\n\t\t\t\t\t<div class=\"e-con-inner\">\n\t\t\t\t<div class=\"elementor-element elementor-element-9a89354 elementor-widget elementor-widget-image\" data-id=\"9a89354\" data-element_type=\"widget\" data-e-type=\"widget\" data-widget_type=\"image.default\">\n\t\t\t\t<div class=\"elementor-widget-container\">\n\t\t\t\t\t\t\t\t\t\t\t\t\t\t\t<img fetchpriority=\"high\" decoding=\"async\" data-attachment-id=\"13708\" data-permalink=\"https:\/\/guydutoit.com\/de\/commissions\/trembleur-flach\/\" data-orig-file=\"https:\/\/i0.wp.com\/guydutoit.com\/wp-content\/uploads\/2024\/11\/Trembleur-Flat.jpg?fit=1400%2C350&amp;ssl=1\" data-orig-size=\"1400,350\" data-comments-opened=\"0\" data-image-meta=\"{&quot;aperture&quot;:&quot;0&quot;,&quot;credit&quot;:&quot;&quot;,&quot;camera&quot;:&quot;&quot;,&quot;caption&quot;:&quot;&quot;,&quot;created_timestamp&quot;:&quot;0&quot;,&quot;copyright&quot;:&quot;&quot;,&quot;focal_length&quot;:&quot;0&quot;,&quot;iso&quot;:&quot;0&quot;,&quot;shutter_speed&quot;:&quot;0&quot;,&quot;title&quot;:&quot;&quot;,&quot;orientation&quot;:&quot;0&quot;}\" data-image-title=\"Trembleur Flach\" data-image-description=\"\" data-image-caption=\"&lt;p&gt;Trembleur von Guy du Toit&lt;\/p&gt;\n\" data-medium-file=\"https:\/\/i0.wp.com\/guydutoit.com\/wp-content\/uploads\/2024\/11\/Trembleur-Flat.jpg?fit=300%2C75&amp;ssl=1\" data-large-file=\"https:\/\/i0.wp.com\/guydutoit.com\/wp-content\/uploads\/2024\/11\/Trembleur-Flat.jpg?fit=1024%2C256&amp;ssl=1\" width=\"1400\" height=\"350\" src=\"https:\/\/i0.wp.com\/guydutoit.com\/wp-content\/uploads\/2024\/11\/Trembleur-Flat.jpg?fit=1400%2C350&amp;ssl=1\" class=\"attachment-full size-full wp-image-13708\" alt=\"Trembleur von Guy du Toit\" srcset=\"https:\/\/i0.wp.com\/guydutoit.com\/wp-content\/uploads\/2024\/11\/Trembleur-Flat.jpg?w=1400&amp;ssl=1 1400w, https:\/\/i0.wp.com\/guydutoit.com\/wp-content\/uploads\/2024\/11\/Trembleur-Flat.jpg?resize=300%2C75&amp;ssl=1 300w, https:\/\/i0.wp.com\/guydutoit.com\/wp-content\/uploads\/2024\/11\/Trembleur-Flat.jpg?resize=1024%2C256&amp;ssl=1 1024w, https:\/\/i0.wp.com\/guydutoit.com\/wp-content\/uploads\/2024\/11\/Trembleur-Flat.jpg?resize=768%2C192&amp;ssl=1 768w, https:\/\/i0.wp.com\/guydutoit.com\/wp-content\/uploads\/2024\/11\/Trembleur-Flat.jpg?resize=600%2C150&amp;ssl=1 600w\" sizes=\"(max-width: 1000px) 100vw, 1000px\" data-attachment-id=\"13708\" data-permalink=\"https:\/\/guydutoit.com\/de\/commissions\/trembleur-flach\/\" data-orig-file=\"https:\/\/i0.wp.com\/guydutoit.com\/wp-content\/uploads\/2024\/11\/Trembleur-Flat.jpg?fit=1400%2C350&amp;ssl=1\" data-orig-size=\"1400,350\" data-comments-opened=\"0\" data-image-meta=\"{&quot;aperture&quot;:&quot;0&quot;,&quot;credit&quot;:&quot;&quot;,&quot;camera&quot;:&quot;&quot;,&quot;caption&quot;:&quot;&quot;,&quot;created_timestamp&quot;:&quot;0&quot;,&quot;copyright&quot;:&quot;&quot;,&quot;focal_length&quot;:&quot;0&quot;,&quot;iso&quot;:&quot;0&quot;,&quot;shutter_speed&quot;:&quot;0&quot;,&quot;title&quot;:&quot;&quot;,&quot;orientation&quot;:&quot;0&quot;}\" data-image-title=\"Trembleur Flach\" data-image-description=\"\" data-image-caption=\"&lt;p&gt;Trembleur von Guy du Toit&lt;\/p&gt;\n\" data-medium-file=\"https:\/\/i0.wp.com\/guydutoit.com\/wp-content\/uploads\/2024\/11\/Trembleur-Flat.jpg?fit=300%2C75&amp;ssl=1\" data-large-file=\"https:\/\/i0.wp.com\/guydutoit.com\/wp-content\/uploads\/2024\/11\/Trembleur-Flat.jpg?fit=1024%2C256&amp;ssl=1\" \/>\t\t\t\t\t\t\t\t\t\t\t\t\t\t\t<\/div>\n\t\t\t\t<\/div>\n\t\t\t\t<div class=\"elementor-element elementor-element-c75945e elementor-widget elementor-widget-text-editor\" data-id=\"c75945e\" data-element_type=\"widget\" data-e-type=\"widget\" data-widget_type=\"text-editor.default\">\n\t\t\t\t<div class=\"elementor-widget-container\">\n\t\t\t\t\t\t\t\t\t<div class=\"vce-row-container\" data-vce-boxed-width=\"true\"><div id=\"el-be2f4dc7\" class=\"vce-row vce-row--col-gap-30 vce-row-equal-height vce-row-content--top\" data-vce-do-apply=\"all el-be2f4dc7\"><div class=\"vce-row-content\" data-vce-element-content=\"true\"><p><\/p><div id=\"el-507df67b\" class=\"vce-col vce-col--md-auto vce-col--xs-1 vce-col--xs-last vce-col--xs-first vce-col--sm-last vce-col--sm-first vce-col--md-last vce-col--lg-last vce-col--xl-last vce-col--md-first vce-col--lg-first vce-col--xl-first\"><div class=\"vce-col-inner\" data-vce-do-apply=\"border margin background el-507df67b\"><div class=\"vce-col-content\" data-vce-element-content=\"true\" data-vce-do-apply=\"padding el-507df67b\"><p><\/p><div class=\"vce-text-block\"><div id=\"el-8a79cfc1\" class=\"vce-text-block-wrapper vce\" data-vce-do-apply=\"all el-8a79cfc1\"><header class=\"entry-header\"><h2 class=\"\" data-sourcepos=\"1:1-1:59\">Enth\u00fcllen Sie Ihre Vision: Die Kunst der Auftragsvergabe und Bestellung eines Drechselst\u00fccks<\/h2><p><strong>Ben\u00f6tigen Sie ein bestimmtes Drechselst\u00fcck oder m\u00f6chten Sie es haben?  <\/strong>Vielleicht ben\u00f6tigen Sie einen traditionellen Gegenstand, wie z.B. ein Treppengel\u00e4nder oder Tischbeine, oder Sie stellen M\u00f6bel her und ben\u00f6tigen einige der Teile aus Holz gedrechselt? Vielleicht m\u00fcssen Sie ein antikes Drechselst\u00fcck restaurieren oder ein St\u00fcck duplizieren? Vielleicht m\u00f6chten Sie ein Set von Kugelschreibern oder andere Artikel als Firmengeschenke (Ja, ich kann Ihr Logo oder Ihren Firmennamen auf meine Kreationen lasern) oder vielleicht etwas Besonderes und Pers\u00f6nliches wie eine Urne als ewiges Zuhause f\u00fcr einen geliebten Menschen oder ein Haustier? Vielleicht eine Vase oder Schale als Geschenk? Oder haben Sie vielleicht eine Idee f\u00fcr ein gedrechseltes Kunstwerk?  <\/p><p>So k\u00f6nnen Sie Drechselarbeiten bei mir bestellen und in Auftrag geben.<\/p><p data-sourcepos=\"3:1-3:118\"><strong>Stellen Sie sich ein Meisterwerk vor, das aus dem Gefl\u00fcster uralter W\u00e4lder entstanden ist, ein Zeugnis Ihrer einzigartigen Vision.<\/strong>  Meine ma\u00dfgeschneiderten Drechselarbeiten gehen \u00fcber das Gew\u00f6hnliche hinaus und bieten eine Reise der Zusammenarbeit und Kreation, die in einem St\u00fcck gipfelt, das Ihre tiefsten W\u00fcnsche widerspiegelt.<\/p><p data-sourcepos=\"5:1-5:24\"><strong>Eine Partnerschaft des Vertrauens:<\/strong><\/p><ul data-sourcepos=\"7:1-7:151\"><li data-sourcepos=\"7:1-7:151\"><strong>Enth\u00fcllen Sie Ihre Vision:<\/strong> Teilen Sie Ihre Tr\u00e4ume mit uns &#8211; sei es eine Skulptur mit einer pers\u00f6nlichen Geschichte, ein funktionales Kunstwerk, das den Alltag aufwertet, oder ein Firmengeschenk, das B\u00e4nde spricht.<\/li><li data-sourcepos=\"8:1-8:113\"><strong>Das Band des Verstehens:<\/strong> Durch einen offenen Dialog stellen wir eine Verbindung her, die sicherstellt, dass Ihre Vision perfekt mit meinem k\u00fcnstlerischen Ansatz \u00fcbereinstimmt.<\/li><li data-sourcepos=\"9:1-10:0\"><strong>Zeitlose Sch\u00f6pfung:<\/strong> Kunst kann nicht \u00fcberst\u00fcrzt werden. Wir f\u00f6rdern den kreativen Prozess, damit Ihr Meisterwerk organisch entstehen kann.<\/li><\/ul><p data-sourcepos=\"11:1-11:35\"><strong>Eine nachhaltige Symphonie aus Holz:<\/strong><\/p><ul data-sourcepos=\"13:1-14:0\"><li data-sourcepos=\"13:1-14:0\"><strong>Vom Wald zum Meisterwerk:<\/strong> Wir setzen uns f\u00fcr Nachhaltigkeit ein. W\u00e4hlen Sie aus sorgf\u00e4ltig ausgew\u00e4hlten, lokal beschafften und wiederverwerteten franz\u00f6sischen H\u00f6lzern sowie aus atemberaubenden, legal exportierten H\u00f6lzern, die aus Neuseeland stammen. Jedes St\u00fcck verf\u00fcgt \u00fcber ein reiches Erbe und erz\u00e4hlt seine eigene Geschichte.<\/li><\/ul><p data-sourcepos=\"15:1-15:20\"><strong>Ein Erbe besitzen:<\/strong><\/p><ul data-sourcepos=\"17:1-17:153\"><li data-sourcepos=\"17:1-17:153\"><strong>Das Ritual der Pflege:<\/strong> Ihre Vision ist eine Investition, die eine aufmerksame Pflege verdient. Mit jedem St\u00fcck erhalten Sie eine ausf\u00fchrliche Anleitung, um seine dauerhafte Sch\u00f6nheit zu gew\u00e4hrleisten.<\/li><li data-sourcepos=\"18:1-19:0\"><strong>Ein zeitloses Erbst\u00fcck:<\/strong> Ihr Auftragsst\u00fcck ist mehr als nur ein Gegenstand, es wird zu einem wertvollen Erbst\u00fcck, das \u00fcber Generationen hinweg Geschichten erz\u00e4hlt.<\/li><\/ul><p data-sourcepos=\"20:1-20:129\"><strong>Sind Sie bereit, sich auf diese transformative Reise zu begeben? <a href=\"http:\/\/guydutoit.com\/contact\/\" target=\"_blank\" rel=\"noopener\">Kontaktieren Sie mich<\/a> noch heute und lassen Sie uns gemeinsam ein Meisterwerk erschaffen, das Ihre Vision verk\u00f6rpert.<\/strong><\/p><p data-sourcepos=\"22:1-22:167\"><strong>P.S..<\/strong> <strong><a href=\"http:\/\/guydutoit.com\/shop\" target=\"_blank\" rel=\"noopener\">Entdecken Sie meine bestehende Kollektion<\/a><\/strong> f\u00fcr Sch\u00e4tze, die Ihr Zuhause versch\u00f6nern werden. Aber wenn Ihr Herz etwas wirklich Ma\u00dfgeschneidertes begehrt, k\u00f6nnen wir Ihren Traum Wirklichkeit werden lassen.<\/p><\/header><\/div><\/div><p><\/p><\/div><\/div><\/div><p><\/p><\/div><\/div><\/div><p><\/p>\t\t\t\t\t\t\t\t<\/div>\n\t\t\t\t<\/div>\n\t\t\t\t\t<\/div>\n\t\t\t\t<\/div>\n\t\t\t\t<\/div>\n\t\t","protected":false},"excerpt":{"rendered":"<p>Enth\u00fcllen Sie Ihre Vision: Die Kunst der Auftragsvergabe und Bestellung eines Drechselst\u00fccks Ben\u00f6tigen Sie ein bestimmtes Drechselst\u00fcck oder m\u00f6chten Sie es haben? Vielleicht ben\u00f6tigen Sie einen traditionellen Gegenstand, wie z.B. ein Treppengel\u00e4nder oder Tischbeine, oder Sie stellen M\u00f6bel her und ben\u00f6tigen einige der Teile aus Holz gedrechselt? Vielleicht m\u00fcssen Sie ein antikes Drechselst\u00fcck restaurieren oder [&hellip;]<\/p>\n","protected":false},"author":2,"featured_media":0,"parent":0,"menu_order":0,"comment_status":"closed","ping_status":"closed","template":"","meta":{"site-sidebar-layout":"default","site-content-layout":"","ast-site-content-layout":"default","site-content-style":"default","site-sidebar-style":"default","ast-global-header-display":"","ast-banner-title-visibility":"","ast-main-header-display":"","ast-hfb-above-header-display":"","ast-hfb-below-header-display":"","ast-hfb-mobile-header-display":"","site-post-title":"","ast-breadcrumbs-content":"","ast-featured-img":"","footer-sml-layout":"","ast-disable-related-posts":"","theme-transparent-header-meta":"default","adv-header-id-meta":"","stick-header-meta":"default","header-above-stick-meta":"","header-main-stick-meta":"","header-below-stick-meta":"","astra-migrate-meta-layouts":"set","ast-page-background-enabled":"default","ast-page-background-meta":{"desktop":{"background-color":"var(--ast-global-color-4)","background-image":"","background-repeat":"repeat","background-position":"center center","background-size":"auto","background-attachment":"scroll","background-type":"","background-media":"","overlay-type":"","overlay-color":"","overlay-opacity":"","overlay-gradient":""},"tablet":{"background-color":"","background-image":"","background-repeat":"repeat","background-position":"center center","background-size":"auto","background-attachment":"scroll","background-type":"","background-media":"","overlay-type":"","overlay-color":"","overlay-opacity":"","overlay-gradient":""},"mobile":{"background-color":"","background-image":"","background-repeat":"repeat","background-position":"center center","background-size":"auto","background-attachment":"scroll","background-type":"","background-media":"","overlay-type":"","overlay-color":"","overlay-opacity":"","overlay-gradient":""}},"ast-content-background-meta":{"desktop":{"background-color":"var(--ast-global-color-5)","background-image":"","background-repeat":"repeat","background-position":"center center","background-size":"auto","background-attachment":"scroll","background-type":"","background-media":"","overlay-type":"","overlay-color":"","overlay-opacity":"","overlay-gradient":""},"tablet":{"background-color":"var(--ast-global-color-5)","background-image":"","background-repeat":"repeat","background-position":"center center","background-size":"auto","background-attachment":"scroll","background-type":"","background-media":"","overlay-type":"","overlay-color":"","overlay-opacity":"","overlay-gradient":""},"mobile":{"background-color":"var(--ast-global-color-5)","background-image":"","background-repeat":"repeat","background-position":"center center","background-size":"auto","background-attachment":"scroll","background-type":"","background-media":"","overlay-type":"","overlay-color":"","overlay-opacity":"","overlay-gradient":""}},"jetpack_post_was_ever_published":false,"footnotes":""},"class_list":["post-14002","page","type-page","status-publish","hentry"],"jetpack-related-posts":[],"jetpack_sharing_enabled":false,"jetpack_likes_enabled":false,"_links":{"self":[{"href":"https:\/\/guydutoit.com\/de\/wp-json\/wp\/v2\/pages\/14002","targetHints":{"allow":["GET"]}}],"collection":[{"href":"https:\/\/guydutoit.com\/de\/wp-json\/wp\/v2\/pages"}],"about":[{"href":"https:\/\/guydutoit.com\/de\/wp-json\/wp\/v2\/types\/page"}],"author":[{"embeddable":true,"href":"https:\/\/guydutoit.com\/de\/wp-json\/wp\/v2\/users\/2"}],"replies":[{"embeddable":true,"href":"https:\/\/guydutoit.com\/de\/wp-json\/wp\/v2\/comments?post=14002"}],"version-history":[{"count":20,"href":"https:\/\/guydutoit.com\/de\/wp-json\/wp\/v2\/pages\/14002\/revisions"}],"predecessor-version":[{"id":18836,"href":"https:\/\/guydutoit.com\/de\/wp-json\/wp\/v2\/pages\/14002\/revisions\/18836"}],"wp:attachment":[{"href":"https:\/\/guydutoit.com\/de\/wp-json\/wp\/v2\/media?parent=14002"}],"curies":[{"name":"wp","href":"https:\/\/api.w.org\/{rel}","templated":true}]}}