{"id":14004,"date":"2025-02-25T09:06:18","date_gmt":"2025-02-25T08:06:18","guid":{"rendered":"http:\/\/guydutoit.com\/ecole-escoulen-2-2\/"},"modified":"2025-03-20T15:58:20","modified_gmt":"2025-03-20T14:58:20","slug":"ecole-escoulen-2-2","status":"publish","type":"page","link":"https:\/\/guydutoit.com\/de\/ecole-escoulen-2-2\/","title":{"rendered":"Ecole Escoulen"},"content":{"rendered":"\t\t<div data-elementor-type=\"wp-page\" data-elementor-id=\"14004\" class=\"elementor elementor-14004 elementor-316\" data-elementor-post-type=\"page\">\n\t\t\t\t<div class=\"elementor-element elementor-element-7eb078c7 e-flex e-con-boxed e-con e-parent\" data-id=\"7eb078c7\" data-element_type=\"container\" data-e-type=\"container\">\n\t\t\t\t\t<div class=\"e-con-inner\">\n\t\t\t\t<div class=\"elementor-element elementor-element-74ecea1d elementor-widget elementor-widget-text-editor\" data-id=\"74ecea1d\" data-element_type=\"widget\" data-e-type=\"widget\" data-widget_type=\"text-editor.default\">\n\t\t\t\t<div class=\"elementor-widget-container\">\n\t\t\t\t\t\t\t\t\t<div class=\"vce-row-container\" data-vce-boxed-width=\"true\"><div id=\"el-8c8bf427\" class=\"vce-row vce-row--col-gap-30 vce-row-equal-height vce-row-content--top\" data-vce-do-apply=\"all el-8c8bf427\"><div class=\"vce-row-content\" data-vce-element-content=\"true\"><div id=\"el-f8b70685\" class=\"vce-col vce-col--md-auto vce-col--xs-1 vce-col--xs-last vce-col--xs-first vce-col--sm-last vce-col--sm-first vce-col--md-last vce-col--lg-last vce-col--xl-last vce-col--md-first vce-col--lg-first vce-col--xl-first\"><div class=\"vce-col-inner\" data-vce-do-apply=\"border margin background el-f8b70685\"><div class=\"vce-col-content\" data-vce-element-content=\"true\" data-vce-do-apply=\"padding el-f8b70685\"><div class=\"vce-text-block\"><div id=\"el-5fa13ada\" class=\"vce-text-block-wrapper vce\" data-vce-do-apply=\"all el-5fa13ada\"><p>Die erste und einzige Vollzeit-Drechslerschule der Welt, benannt nach Jean-Fran\u00e7ois Escoulen.  <\/p><figure id=\"attachment_306\" aria-describedby=\"caption-attachment-306\" style=\"width: 300px\" class=\"wp-caption aligncenter\"><img fetchpriority=\"high\" decoding=\"async\" class=\"size-medium wp-image-306\" src=\"https:\/\/i0.wp.com\/guydutoit.com\/wp-content\/uploads\/2025\/02\/Ecole-Escoulen.jpg?ssl=1\" alt=\"Ecole Escoulen Drechslerschule\" width=\"300\" height=\"300\"><figcaption id=\"caption-attachment-306\" class=\"wp-caption-text\">Ecole Escoulen Drechslerschule<\/figcaption><\/figure><p>In Aiguines in S\u00fcdfrankreich, dem Geburtsort des modernen Drechselns. In der Stadt gibt es ein Drechselmuseum.<\/p><p>Nachdem Jean-Fran\u00e7ois Escoulen 1972 eine traditionelle Tischlerlehre (Tischbeine, stilisierte Beine, Baluster usw.) abgeschlossen hatte, wandte er sich nach und nach der Kreation von Einzelst\u00fccken zu. Seine Beherrschung des feinen und exzentrischen Drechselns hat ihn dazu gebracht, sein Wissen auf der ganzen Welt zu teilen. Aufbauend auf dieser Erfahrung und seinem nationalen und internationalen Ruf haben Jean-Fran\u00e7ois Escoulen und seine Frau Monique Escoulen, eine Kunsttischlerin, zwischen 2010 und 2012 auf Anfrage der Gemeinde Aiguines die Jean-Fran\u00e7ois Escoulen Drechselschule gegr\u00fcndet.<\/p><p>Die Schule bietet 700 Stunden Vollzeit- und Praxisunterricht mit zwei sehr strengen einw\u00f6chigen Pr\u00fcfungen, um sich zu qualifizieren. Unser Hauptlehrer war Yann Marot und unser Hilfslehrer war Laurent Niclot. Zu den anderen Lehrern, bei denen ich das Gl\u00fcck hatte, zu lernen, geh\u00f6rten Nathalie Groeneweg, Joss Naigeon, Hubert Landri, Thierry Berth\u00e9as und Alain Mailland.<\/p><\/div><p><span style=\"text-decoration: underline;\"><strong><a href=\"https:\/\/escoulen.com\/en\/welcome\/\">Sie<\/a><\/strong><em><strong><a href=\"https:\/\/www.escoulen.com\/\" target=\"_blank\" rel=\"noopener\"> Weitere Informationen \u00fcber Ecole Escoulen finden Sie hier.<\/a><\/strong><\/em><\/span><\/p><div id=\"el-5fa13ada\" class=\"vce-text-block-wrapper vce\" data-vce-do-apply=\"all el-5fa13ada\"><p>Nachfolgend finden Sie einige Bilder von meiner Zeit an der Schule mit einigen der Lehrer. Wenn Sie auf das Bild klicken, \u00f6ffnet sich ein neues Fenster mit dem vollst\u00e4ndigen Bild.<\/p><\/div><\/div><\/div><\/div><\/div><\/div><\/div><\/div><div class=\"vce-row-container\" data-vce-boxed-width=\"true\"><div id=\"el-027ed02a\" class=\"vce-row vce-row--col-gap-30 vce-row-equal-height vce-row-content--top\" data-vce-do-apply=\"all el-027ed02a\"><div class=\"vce-row-content\" data-vce-element-content=\"true\"> <\/div><\/div><\/div>\t\t\t\t\t\t\t\t<\/div>\n\t\t\t\t<\/div>\n\t\t\t\t\t<\/div>\n\t\t\t\t<\/div>\n\t\t<div class=\"elementor-element elementor-element-e8216a8 e-flex e-con-boxed e-con e-parent\" data-id=\"e8216a8\" data-element_type=\"container\" data-e-type=\"container\">\n\t\t\t\t\t<div class=\"e-con-inner\">\n\t\t\t\t<div class=\"elementor-element elementor-element-f5ca674 elementor-widget elementor-widget-gallery\" data-id=\"f5ca674\" data-element_type=\"widget\" data-e-type=\"widget\" data-settings=\"{&quot;columns&quot;:3,&quot;gallery_layout&quot;:&quot;masonry&quot;,&quot;lazyload&quot;:&quot;yes&quot;,&quot;columns_tablet&quot;:2,&quot;columns_mobile&quot;:1,&quot;gap&quot;:{&quot;unit&quot;:&quot;px&quot;,&quot;size&quot;:10,&quot;sizes&quot;:[]},&quot;gap_tablet&quot;:{&quot;unit&quot;:&quot;px&quot;,&quot;size&quot;:10,&quot;sizes&quot;:[]},&quot;gap_mobile&quot;:{&quot;unit&quot;:&quot;px&quot;,&quot;size&quot;:10,&quot;sizes&quot;:[]},&quot;link_to&quot;:&quot;file&quot;,&quot;overlay_background&quot;:&quot;yes&quot;,&quot;content_hover_animation&quot;:&quot;fade-in&quot;}\" data-widget_type=\"gallery.default\">\n\t\t\t\t<div class=\"elementor-widget-container\">\n\t\t\t\t\t\t\t<div class=\"elementor-gallery__container\">\n\t\t\t\t\t\t\t<a class=\"e-gallery-item elementor-gallery-item elementor-animated-content\" href=\"https:\/\/i0.wp.com\/guydutoit.com\/wp-content\/uploads\/2024\/11\/20220413_183320-EDIT.webp?fit=300%2C244&#038;ssl=1\" data-elementor-open-lightbox=\"yes\" data-elementor-lightbox-slideshow=\"f5ca674\" data-elementor-lightbox-title=\"Jean Fran\u00e7ois Escoulen and Guy du Toit\" data-elementor-lightbox-description=\"Jean Fran\u00e7ois Escoulen and Guy du Toit\" data-e-action-hash=\"#elementor-action%3Aaction%3Dlightbox%26settings%3DeyJpZCI6OTg3NiwidXJsIjoiaHR0cHM6XC9cL2d1eWR1dG9pdC5jb21cL3dwLWNvbnRlbnRcL3VwbG9hZHNcLzIwMjRcLzExXC8yMDIyMDQxM18xODMzMjAtRURJVC53ZWJwIiwic2xpZGVzaG93IjoiZjVjYTY3NCJ9\">\n\t\t\t\t\t<div class=\"e-gallery-image elementor-gallery-item__image\" data-thumbnail=\"https:\/\/i0.wp.com\/guydutoit.com\/wp-content\/uploads\/2024\/11\/20220413_183320-EDIT.webp?fit=300%2C244&amp;ssl=1\" data-width=\"300\" data-height=\"244\" aria-label=\"Jean Fran\u00e7ois Escoulen and Guy du Toit\" role=\"img\" ><\/div>\n\t\t\t\t\t\t\t\t\t\t\t<div class=\"elementor-gallery-item__overlay\"><\/div>\n\t\t\t\t\t\t\t\t\t\t\t\t\t\t<\/a>\n\t\t\t\t\t\t\t<a class=\"e-gallery-item elementor-gallery-item elementor-animated-content\" href=\"https:\/\/i0.wp.com\/guydutoit.com\/wp-content\/uploads\/2024\/11\/Guy-Alain-scaled.jpg?fit=1920%2C2560&#038;ssl=1\" data-elementor-open-lightbox=\"yes\" data-elementor-lightbox-slideshow=\"f5ca674\" data-elementor-lightbox-title=\"Alain Mailland and Guy du Toit\" data-elementor-lightbox-description=\"Alain Mailland and Guy du Toit\" data-e-action-hash=\"#elementor-action%3Aaction%3Dlightbox%26settings%3DeyJpZCI6OTQ0MywidXJsIjoiaHR0cHM6XC9cL2d1eWR1dG9pdC5jb21cL3dwLWNvbnRlbnRcL3VwbG9hZHNcLzIwMjRcLzExXC9HdXktQWxhaW4tc2NhbGVkLmpwZyIsInNsaWRlc2hvdyI6ImY1Y2E2NzQifQ%3D%3D\">\n\t\t\t\t\t<div class=\"e-gallery-image elementor-gallery-item__image\" data-thumbnail=\"https:\/\/i0.wp.com\/guydutoit.com\/wp-content\/uploads\/2024\/11\/Guy-Alain-scaled.jpg?fit=768%2C1024&amp;ssl=1\" data-width=\"768\" data-height=\"1024\" aria-label=\"Alain Mailland and Guy du Toit\" role=\"img\" ><\/div>\n\t\t\t\t\t\t\t\t\t\t\t<div class=\"elementor-gallery-item__overlay\"><\/div>\n\t\t\t\t\t\t\t\t\t\t\t\t\t\t<\/a>\n\t\t\t\t\t\t\t<a class=\"e-gallery-item elementor-gallery-item elementor-animated-content\" href=\"https:\/\/i0.wp.com\/guydutoit.com\/wp-content\/uploads\/2024\/11\/Guy-Thierry-scaled.jpg?fit=1919%2C2560&#038;ssl=1\" data-elementor-open-lightbox=\"yes\" data-elementor-lightbox-slideshow=\"f5ca674\" data-elementor-lightbox-title=\"Thierry Bertreas and Guy du Toit\" data-elementor-lightbox-description=\"Thierry Bertreas and Guy du Toit\" data-e-action-hash=\"#elementor-action%3Aaction%3Dlightbox%26settings%3DeyJpZCI6OTQ0MiwidXJsIjoiaHR0cHM6XC9cL2d1eWR1dG9pdC5jb21cL3dwLWNvbnRlbnRcL3VwbG9hZHNcLzIwMjRcLzExXC9HdXktVGhpZXJyeS1zY2FsZWQuanBnIiwic2xpZGVzaG93IjoiZjVjYTY3NCJ9\">\n\t\t\t\t\t<div class=\"e-gallery-image elementor-gallery-item__image\" data-thumbnail=\"https:\/\/i0.wp.com\/guydutoit.com\/wp-content\/uploads\/2024\/11\/Guy-Thierry-scaled.jpg?fit=768%2C1025&amp;ssl=1\" data-width=\"768\" data-height=\"1025\" aria-label=\"Thierry Bertreas and Guy du Toit\" role=\"img\" ><\/div>\n\t\t\t\t\t\t\t\t\t\t\t<div class=\"elementor-gallery-item__overlay\"><\/div>\n\t\t\t\t\t\t\t\t\t\t\t\t\t\t<\/a>\n\t\t\t\t\t\t\t<a class=\"e-gallery-item elementor-gallery-item elementor-animated-content\" href=\"https:\/\/i0.wp.com\/guydutoit.com\/wp-content\/uploads\/2024\/11\/Guy-Hubert-1-scaled.webp?fit=2048%2C1536&#038;ssl=1\" data-elementor-open-lightbox=\"yes\" data-elementor-lightbox-slideshow=\"f5ca674\" data-elementor-lightbox-title=\"Hubert Landri and Guy du Toit\" data-elementor-lightbox-description=\"Hubert Landri and Guy du Toit\" data-e-action-hash=\"#elementor-action%3Aaction%3Dlightbox%26settings%3DeyJpZCI6OTg5OCwidXJsIjoiaHR0cHM6XC9cL2d1eWR1dG9pdC5jb21cL3dwLWNvbnRlbnRcL3VwbG9hZHNcLzIwMjRcLzExXC9HdXktSHViZXJ0LTEtc2NhbGVkLndlYnAiLCJzbGlkZXNob3ciOiJmNWNhNjc0In0%3D\">\n\t\t\t\t\t<div class=\"e-gallery-image elementor-gallery-item__image\" data-thumbnail=\"https:\/\/i0.wp.com\/guydutoit.com\/wp-content\/uploads\/2024\/11\/Guy-Hubert-1-scaled.webp?fit=768%2C576&amp;ssl=1\" data-width=\"768\" data-height=\"576\" aria-label=\"Hubert Landri and Guy du Toit\" role=\"img\" ><\/div>\n\t\t\t\t\t\t\t\t\t\t\t<div class=\"elementor-gallery-item__overlay\"><\/div>\n\t\t\t\t\t\t\t\t\t\t\t\t\t\t<\/a>\n\t\t\t\t\t\t\t<a class=\"e-gallery-item elementor-gallery-item elementor-animated-content\" href=\"https:\/\/i0.wp.com\/guydutoit.com\/wp-content\/uploads\/2024\/11\/Guy-Paul-1-scaled.webp?fit=2048%2C1536&#038;ssl=1\" data-elementor-open-lightbox=\"yes\" data-elementor-lightbox-slideshow=\"f5ca674\" data-elementor-lightbox-title=\"Paul Texier and Guy du Toit\" data-elementor-lightbox-description=\"Paul Texier and Guy du Toit\" data-e-action-hash=\"#elementor-action%3Aaction%3Dlightbox%26settings%3DeyJpZCI6OTg5OSwidXJsIjoiaHR0cHM6XC9cL2d1eWR1dG9pdC5jb21cL3dwLWNvbnRlbnRcL3VwbG9hZHNcLzIwMjRcLzExXC9HdXktUGF1bC0xLXNjYWxlZC53ZWJwIiwic2xpZGVzaG93IjoiZjVjYTY3NCJ9\">\n\t\t\t\t\t<div class=\"e-gallery-image elementor-gallery-item__image\" data-thumbnail=\"https:\/\/i0.wp.com\/guydutoit.com\/wp-content\/uploads\/2024\/11\/Guy-Paul-1-scaled.webp?fit=768%2C576&amp;ssl=1\" data-width=\"768\" data-height=\"576\" aria-label=\"Paul Texier and Guy du Toit\" role=\"img\" ><\/div>\n\t\t\t\t\t\t\t\t\t\t\t<div class=\"elementor-gallery-item__overlay\"><\/div>\n\t\t\t\t\t\t\t\t\t\t\t\t\t\t<\/a>\n\t\t\t\t\t\t\t<a class=\"e-gallery-item elementor-gallery-item elementor-animated-content\" href=\"https:\/\/i0.wp.com\/guydutoit.com\/wp-content\/uploads\/2024\/11\/Guy-Thierry-Yann.webp?fit=1078%2C1080&#038;ssl=1\" data-elementor-open-lightbox=\"yes\" data-elementor-lightbox-slideshow=\"f5ca674\" data-elementor-lightbox-title=\"Yann Marot, Thierry Bertreas and Guy du Toit\" data-elementor-lightbox-description=\"Yann Marot, Thierry Bertreas and Guy du Toit\" data-e-action-hash=\"#elementor-action%3Aaction%3Dlightbox%26settings%3DeyJpZCI6OTkwMSwidXJsIjoiaHR0cHM6XC9cL2d1eWR1dG9pdC5jb21cL3dwLWNvbnRlbnRcL3VwbG9hZHNcLzIwMjRcLzExXC9HdXktVGhpZXJyeS1ZYW5uLndlYnAiLCJzbGlkZXNob3ciOiJmNWNhNjc0In0%3D\">\n\t\t\t\t\t<div class=\"e-gallery-image elementor-gallery-item__image\" data-thumbnail=\"https:\/\/i0.wp.com\/guydutoit.com\/wp-content\/uploads\/2024\/11\/Guy-Thierry-Yann.webp?fit=768%2C769&amp;ssl=1\" data-width=\"768\" data-height=\"769\" aria-label=\"Yann Marot, Thierry Bertreas and Guy du Toit\" role=\"img\" ><\/div>\n\t\t\t\t\t\t\t\t\t\t\t<div class=\"elementor-gallery-item__overlay\"><\/div>\n\t\t\t\t\t\t\t\t\t\t\t\t\t\t<\/a>\n\t\t\t\t\t<\/div>\n\t\t\t\t\t<\/div>\n\t\t\t\t<\/div>\n\t\t\t\t\t<\/div>\n\t\t\t\t<\/div>\n\t\t\t\t<\/div>\n\t\t","protected":false},"excerpt":{"rendered":"<p>Die erste und einzige Vollzeit-Drechslerschule der Welt, benannt nach Jean-Fran\u00e7ois Escoulen. In Aiguines in S\u00fcdfrankreich, dem Geburtsort des modernen Drechselns. In der Stadt gibt es ein Drechselmuseum. Nachdem Jean-Fran\u00e7ois Escoulen 1972 eine traditionelle Tischlerlehre (Tischbeine, stilisierte Beine, Baluster usw.) abgeschlossen hatte, wandte er sich nach und nach der Kreation von Einzelst\u00fccken zu. Seine Beherrschung des [&hellip;]<\/p>\n","protected":false},"author":2,"featured_media":0,"parent":0,"menu_order":0,"comment_status":"closed","ping_status":"closed","template":"","meta":{"site-sidebar-layout":"default","site-content-layout":"","ast-site-content-layout":"default","site-content-style":"default","site-sidebar-style":"default","ast-global-header-display":"","ast-banner-title-visibility":"","ast-main-header-display":"","ast-hfb-above-header-display":"","ast-hfb-below-header-display":"","ast-hfb-mobile-header-display":"","site-post-title":"","ast-breadcrumbs-content":"","ast-featured-img":"","footer-sml-layout":"","ast-disable-related-posts":"","theme-transparent-header-meta":"default","adv-header-id-meta":"","stick-header-meta":"default","header-above-stick-meta":"","header-main-stick-meta":"","header-below-stick-meta":"","astra-migrate-meta-layouts":"set","ast-page-background-enabled":"default","ast-page-background-meta":{"desktop":{"background-color":"var(--ast-global-color-4)","background-image":"","background-repeat":"repeat","background-position":"center center","background-size":"auto","background-attachment":"scroll","background-type":"","background-media":"","overlay-type":"","overlay-color":"","overlay-opacity":"","overlay-gradient":""},"tablet":{"background-color":"","background-image":"","background-repeat":"repeat","background-position":"center center","background-size":"auto","background-attachment":"scroll","background-type":"","background-media":"","overlay-type":"","overlay-color":"","overlay-opacity":"","overlay-gradient":""},"mobile":{"background-color":"","background-image":"","background-repeat":"repeat","background-position":"center center","background-size":"auto","background-attachment":"scroll","background-type":"","background-media":"","overlay-type":"","overlay-color":"","overlay-opacity":"","overlay-gradient":""}},"ast-content-background-meta":{"desktop":{"background-color":"var(--ast-global-color-5)","background-image":"","background-repeat":"repeat","background-position":"center center","background-size":"auto","background-attachment":"scroll","background-type":"","background-media":"","overlay-type":"","overlay-color":"","overlay-opacity":"","overlay-gradient":""},"tablet":{"background-color":"var(--ast-global-color-5)","background-image":"","background-repeat":"repeat","background-position":"center center","background-size":"auto","background-attachment":"scroll","background-type":"","background-media":"","overlay-type":"","overlay-color":"","overlay-opacity":"","overlay-gradient":""},"mobile":{"background-color":"var(--ast-global-color-5)","background-image":"","background-repeat":"repeat","background-position":"center center","background-size":"auto","background-attachment":"scroll","background-type":"","background-media":"","overlay-type":"","overlay-color":"","overlay-opacity":"","overlay-gradient":""}},"jetpack_post_was_ever_published":false,"footnotes":""},"class_list":["post-14004","page","type-page","status-publish","hentry"],"jetpack-related-posts":[{"id":13371,"url":"https:\/\/guydutoit.com\/de\/jean-francois-escoulen\/","url_meta":{"origin":14004,"position":0},"title":"Jean-Fran\u00e7ois Escoulen","author":"Guy du Toit","date":"19. Juli 2024","format":false,"excerpt":"Eine einzigartige Zusammenarbeit: Der Exzenter Trembleur Im Jahr 2022 versp\u00fcrte ich das Bed\u00fcrfnis, mich wieder mit meinen Wurzeln als Drechsler zu verbinden. Ich kehrte zur Escoulen-Schule in Frankreich zur\u00fcck, um eine Woche lang intensiv mit Jean Fran\u00e7ois Escoulen zu trainieren und mich speziell auf exzentrische und exzentrische Filmtechniken zu konzentrieren.\u2026","rel":"","context":"\u00c4hnlicher Beitrag","block_context":{"text":"\u00c4hnlicher Beitrag","link":""},"img":{"alt_text":"","src":"","width":0,"height":0},"classes":[]},{"id":316,"url":"https:\/\/guydutoit.com\/ecole-escoulen-2-2\/","url_meta":{"origin":14004,"position":1},"title":"Ecole Escoulen","author":"Guy du Toit","date":"25. Februar 2025","format":false,"excerpt":"The premier and only full time wood turning school in the world and named after Jean-Fran\u00e7ois Escoulen.\u00a0Located in Aiguines in the South of France in the birthplace of modern wood turning. The town includes a wood turning museum.After completing a traditional apprenticeship in cabinetmaking (table legs, styled legs, balusters, etc.)\u2026","rel":"","context":"\u00c4hnlicher Beitrag","block_context":{"text":"\u00c4hnlicher Beitrag","link":""},"img":{"alt_text":"Ecole Escoulen wood turning school","src":"https:\/\/i0.wp.com\/guydutoit.com\/wp-content\/uploads\/2025\/02\/Ecole-Escoulen.jpg?ssl=1&resize=350%2C200","width":350,"height":200},"classes":[]},{"id":15541,"url":"https:\/\/guydutoit.com\/fr\/ecole-escoulen-2-2\/","url_meta":{"origin":14004,"position":2},"title":"Ecole Escoulen","author":"Guy du Toit","date":"25. Februar 2025","format":false,"excerpt":"La premi\u00e8re et seule \u00e9cole de tournage sur bois \u00e0 temps plein au monde, nomm\u00e9e en l'honneur de Jean-Fran\u00e7ois Escoulen. Situ\u00e9 \u00e0 Aiguines dans le sud de la France, dans le berceau du tournage moderne sur bois. La ville comprend un mus\u00e9e de la tournerie.Apr\u00e8s avoir suivi un apprentissage traditionnel\u2026","rel":"","context":"\u00c4hnlicher Beitrag","block_context":{"text":"\u00c4hnlicher Beitrag","link":""},"img":{"alt_text":"Ecole Escoulen, \u00e9cole de tournage sur bois","src":"https:\/\/i0.wp.com\/guydutoit.com\/wp-content\/uploads\/2025\/02\/Ecole-Escoulen.jpg?ssl=1&resize=350%2C200","width":350,"height":200},"classes":[]},{"id":14005,"url":"https:\/\/guydutoit.com\/es\/ecole-escoulen-2-2\/","url_meta":{"origin":14004,"position":3},"title":"Escuela Escoulen","author":"Guy du Toit","date":"25. Februar 2025","format":false,"excerpt":"La primera y \u00fanica escuela de torneado de madera a tiempo completo del mundo y que lleva el nombre de Jean-Fran\u00e7ois Escoulen. Situado en Aiguines, en el sur de Francia, en la cuna del torneado moderno de la madera. La ciudad cuenta con un museo del torneado de la madera.Tras\u2026","rel":"","context":"\u00c4hnlicher Beitrag","block_context":{"text":"\u00c4hnlicher Beitrag","link":""},"img":{"alt_text":"Escuela Escoulen de torneado de madera","src":"https:\/\/i0.wp.com\/guydutoit.com\/wp-content\/uploads\/2025\/02\/Ecole-Escoulen.jpg?ssl=1&resize=350%2C200","width":350,"height":200},"classes":[]},{"id":12763,"url":"https:\/\/guydutoit.com\/jean-francois-escoulen\/","url_meta":{"origin":14004,"position":4},"title":"Jean-Fran\u00e7ois Escoulen","author":"Guy du Toit","date":"19. Juli 2024","format":false,"excerpt":"A unique collaboration: The Eccentric Trembleur In 2022, I felt the need to reconnect with my roots as a woodturner. I returned to the Escoulen School in France for a week of intensive training with Jean Fran\u00e7ois Escoulen, focusing specifically on eccentric and off-center filming techniques. Although I explored these\u2026","rel":"","context":"\u00c4hnlicher Beitrag","block_context":{"text":"\u00c4hnlicher Beitrag","link":""},"img":{"alt_text":"","src":"","width":0,"height":0},"classes":[]},{"id":13369,"url":"https:\/\/guydutoit.com\/es\/jean-francois-escoulen\/","url_meta":{"origin":14004,"position":5},"title":"Jean-Fran\u00e7ois Escoulen","author":"Guy du Toit","date":"19. Juli 2024","format":false,"excerpt":"Una colaboraci\u00f3n \u00fanica: El Trembleur Exc\u00e9ntrico En 2022, sent\u00ed la necesidad de volver a conectar con mis ra\u00edces como tornero de madera. Volv\u00ed a la Escuela Escoulen en Francia para una semana de entrenamiento intensivo con Jean Fran\u00e7ois Escoulen, centr\u00e1ndome espec\u00edficamente en las t\u00e9cnicas de rodaje exc\u00e9ntrico y descentrado. Aunque\u2026","rel":"","context":"\u00c4hnlicher Beitrag","block_context":{"text":"\u00c4hnlicher Beitrag","link":""},"img":{"alt_text":"","src":"","width":0,"height":0},"classes":[]}],"jetpack_sharing_enabled":false,"jetpack_likes_enabled":false,"_links":{"self":[{"href":"https:\/\/guydutoit.com\/de\/wp-json\/wp\/v2\/pages\/14004","targetHints":{"allow":["GET"]}}],"collection":[{"href":"https:\/\/guydutoit.com\/de\/wp-json\/wp\/v2\/pages"}],"about":[{"href":"https:\/\/guydutoit.com\/de\/wp-json\/wp\/v2\/types\/page"}],"author":[{"embeddable":true,"href":"https:\/\/guydutoit.com\/de\/wp-json\/wp\/v2\/users\/2"}],"replies":[{"embeddable":true,"href":"https:\/\/guydutoit.com\/de\/wp-json\/wp\/v2\/comments?post=14004"}],"version-history":[{"count":13,"href":"https:\/\/guydutoit.com\/de\/wp-json\/wp\/v2\/pages\/14004\/revisions"}],"predecessor-version":[{"id":18133,"href":"https:\/\/guydutoit.com\/de\/wp-json\/wp\/v2\/pages\/14004\/revisions\/18133"}],"wp:attachment":[{"href":"https:\/\/guydutoit.com\/de\/wp-json\/wp\/v2\/media?parent=14004"}],"curies":[{"name":"wp","href":"https:\/\/api.w.org\/{rel}","templated":true}]}}