{"id":14090,"date":"2021-09-27T03:29:55","date_gmt":"2021-09-27T02:29:55","guid":{"rendered":"http:\/\/guydutoit.com\/ricci-lang\/"},"modified":"2025-03-20T18:02:31","modified_gmt":"2025-03-20T17:02:31","slug":"ricci-lang","status":"publish","type":"page","link":"https:\/\/guydutoit.com\/de\/ricci-lang\/","title":{"rendered":"Ricci Lang"},"content":{"rendered":"\t\t<div data-elementor-type=\"wp-page\" data-elementor-id=\"14090\" class=\"elementor elementor-14090 elementor-239\" data-elementor-post-type=\"page\">\n\t\t\t\t<div class=\"elementor-element elementor-element-65e22174 e-flex e-con-boxed e-con e-parent\" data-id=\"65e22174\" data-element_type=\"container\" data-e-type=\"container\">\n\t\t\t\t\t<div class=\"e-con-inner\">\n\t\t\t\t<div class=\"elementor-element elementor-element-7d1d7fda elementor-widget elementor-widget-text-editor\" data-id=\"7d1d7fda\" data-element_type=\"widget\" data-e-type=\"widget\" data-widget_type=\"text-editor.default\">\n\t\t\t\t<div class=\"elementor-widget-container\">\n\t\t\t\t\t\t\t\t\t<p><em>Eine Zusammenarbeit auf dem Markt geboren<\/em><\/p><p><em>Meine Verbindung zu Ricci begann auf dem lebhaften Packhouse Market in Kerikeri, wo sie ein bekanntes Gesicht war und ihre fesselnden Arbeiten pr\u00e4sentierte. \u00dcber diesen Link zu <a href=\"https:\/\/www.instagram.com\/riccilangart\/\" target=\"_blank\" rel=\"noopener\">ihrer Instagram-Seite<\/a> k\u00f6nnen Sie mehr von ihren Kreationen entdecken, darunter auch St\u00fccke, die Sie kaufen k\u00f6nnen.<\/em><\/p><p><em>Riccis Zeichnungen haben sofort meine Aufmerksamkeit erregt, insbesondere ihre hypnotisierenden Mandalas. Inspiriert von ihren einzigartigen Entw\u00fcrfen habe ich mich auf ein gemeinsames Projekt eingelassen. Ich w\u00e4hlte sorgf\u00e4ltig Holz aus, das perfekt zu ihrem Kunstwerk passte, und \u00fcbertrug dann mit einem speziell angefertigten Diodenlaser ihre Bilder auf die von mir angefertigten Holzplatten und -teller.<\/em><\/p><p><em>Hier ist Riccis eigene Reflexion \u00fcber ihre Kunst:<\/em><\/p><p><em>&#8220;Als K\u00fcnstlerin f\u00fcr gemischte Medien mit Sitz in Kerikeri lasse ich mich von der Sch\u00f6nheit der Natur und ihrer Lebewesen inspirieren, von der Energie der Erde und unserer Verbindung zu ihr sowie von der Magie, die in jedem von uns steckt und darauf wartet, durch unser authentisches Selbst zum Ausdruck zu kommen.<\/em><\/p><p><em>Meine Kunstwerke sollen die Seele beruhigen, den Geist erweitern und Sie dazu einladen, die nat\u00fcrliche Welt mit meinen Augen zu sehen: ein wundersamer Ort voller Magie und Geheimnisse!&#8221;<\/em><\/p><p><strong><em>Sind Sie bereit, einen Hauch von Riccis Magie in Ihren eigenen Raum zu bringen? Entdecken Sie ihre Kollektion in <a href=\"https:\/\/guydutoit.com\/de\/shop\" target=\"_blank\" rel=\"noopener\">meinem Online-Shop<\/a> und finden Sie ein St\u00fcck, das Sie anspricht.<\/em><\/strong><\/p>\t\t\t\t\t\t\t\t<\/div>\n\t\t\t\t<\/div>\n\t\t\t\t<div class=\"elementor-element elementor-element-b63e1a9 elementor-widget elementor-widget-gallery\" data-id=\"b63e1a9\" data-element_type=\"widget\" data-e-type=\"widget\" data-settings=\"{&quot;gallery_layout&quot;:&quot;masonry&quot;,&quot;columns&quot;:2,&quot;lazyload&quot;:&quot;yes&quot;,&quot;columns_tablet&quot;:2,&quot;columns_mobile&quot;:1,&quot;gap&quot;:{&quot;unit&quot;:&quot;px&quot;,&quot;size&quot;:10,&quot;sizes&quot;:[]},&quot;gap_tablet&quot;:{&quot;unit&quot;:&quot;px&quot;,&quot;size&quot;:10,&quot;sizes&quot;:[]},&quot;gap_mobile&quot;:{&quot;unit&quot;:&quot;px&quot;,&quot;size&quot;:10,&quot;sizes&quot;:[]},&quot;link_to&quot;:&quot;file&quot;,&quot;overlay_background&quot;:&quot;yes&quot;,&quot;content_hover_animation&quot;:&quot;fade-in&quot;}\" data-widget_type=\"gallery.default\">\n\t\t\t\t<div class=\"elementor-widget-container\">\n\t\t\t\t\t\t\t<div class=\"elementor-gallery__container\">\n\t\t\t\t\t<\/div>\n\t\t\t\t\t<\/div>\n\t\t\t\t<\/div>\n\t\t\t\t\t<\/div>\n\t\t\t\t<\/div>\n\t\t<div class=\"elementor-element elementor-element-3fd626b e-flex e-con-boxed e-con e-parent\" data-id=\"3fd626b\" data-element_type=\"container\" data-e-type=\"container\">\n\t\t\t\t\t<div class=\"e-con-inner\">\n\t\t\t\t<div class=\"elementor-element elementor-element-6df9b74 elementor-widget elementor-widget-gallery\" data-id=\"6df9b74\" data-element_type=\"widget\" data-e-type=\"widget\" data-settings=\"{&quot;gallery_layout&quot;:&quot;masonry&quot;,&quot;columns&quot;:2,&quot;lazyload&quot;:&quot;yes&quot;,&quot;columns_tablet&quot;:2,&quot;columns_mobile&quot;:1,&quot;gap&quot;:{&quot;unit&quot;:&quot;px&quot;,&quot;size&quot;:10,&quot;sizes&quot;:[]},&quot;gap_tablet&quot;:{&quot;unit&quot;:&quot;px&quot;,&quot;size&quot;:10,&quot;sizes&quot;:[]},&quot;gap_mobile&quot;:{&quot;unit&quot;:&quot;px&quot;,&quot;size&quot;:10,&quot;sizes&quot;:[]},&quot;link_to&quot;:&quot;file&quot;,&quot;overlay_background&quot;:&quot;yes&quot;,&quot;content_hover_animation&quot;:&quot;fade-in&quot;}\" data-widget_type=\"gallery.default\">\n\t\t\t\t<div class=\"elementor-widget-container\">\n\t\t\t\t\t\t\t<div class=\"elementor-gallery__container\">\n\t\t\t\t\t\t\t<a class=\"e-gallery-item elementor-gallery-item elementor-animated-content\" href=\"https:\/\/i0.wp.com\/guydutoit.com\/wp-content\/uploads\/2024\/11\/Ricci-Guy-Collab1.jpg?fit=300%2C202&#038;ssl=1\" data-elementor-open-lightbox=\"yes\" data-elementor-lightbox-slideshow=\"6df9b74\" data-elementor-lightbox-title=\"Collaboration - Ricci Lang and Guy du Toit\" data-elementor-lightbox-description=\"Collaboration - Ricci Lang and Guy du Toit\" data-e-action-hash=\"#elementor-action%3Aaction%3Dlightbox%26settings%3DeyJpZCI6OTQ2OSwidXJsIjoiaHR0cHM6XC9cL2d1eWR1dG9pdC5jb21cL3dwLWNvbnRlbnRcL3VwbG9hZHNcLzIwMjRcLzExXC9SaWNjaS1HdXktQ29sbGFiMS5qcGciLCJzbGlkZXNob3ciOiI2ZGY5Yjc0In0%3D\">\n\t\t\t\t\t<div class=\"e-gallery-image elementor-gallery-item__image\" data-thumbnail=\"https:\/\/i0.wp.com\/guydutoit.com\/wp-content\/uploads\/2024\/11\/Ricci-Guy-Collab1.jpg?fit=300%2C202&amp;ssl=1\" data-width=\"300\" data-height=\"202\" aria-label=\"Collaboration - Ricci Lang and Guy du Toit\" role=\"img\" ><\/div>\n\t\t\t\t\t\t\t\t\t\t\t<div class=\"elementor-gallery-item__overlay\"><\/div>\n\t\t\t\t\t\t\t\t\t\t\t\t\t\t<\/a>\n\t\t\t\t\t\t\t<a class=\"e-gallery-item elementor-gallery-item elementor-animated-content\" href=\"https:\/\/i0.wp.com\/guydutoit.com\/wp-content\/uploads\/2024\/11\/Ricci-Lang-Guy-du-Toit.jpg?fit=300%2C283&#038;ssl=1\" data-elementor-open-lightbox=\"yes\" data-elementor-lightbox-slideshow=\"6df9b74\" data-elementor-lightbox-title=\"Ricci Lang Guy du Toit\" data-elementor-lightbox-description=\"Ricci Lang Guy du Toit\" data-e-action-hash=\"#elementor-action%3Aaction%3Dlightbox%26settings%3DeyJpZCI6MTMyOTQsInVybCI6Imh0dHBzOlwvXC9ndXlkdXRvaXQuY29tXC93cC1jb250ZW50XC91cGxvYWRzXC8yMDI0XC8xMVwvUmljY2ktTGFuZy1HdXktZHUtVG9pdC5qcGciLCJzbGlkZXNob3ciOiI2ZGY5Yjc0In0%3D\">\n\t\t\t\t\t<div class=\"e-gallery-image elementor-gallery-item__image\" data-thumbnail=\"https:\/\/i0.wp.com\/guydutoit.com\/wp-content\/uploads\/2024\/11\/Ricci-Lang-Guy-du-Toit.jpg?fit=300%2C283&amp;ssl=1\" data-width=\"300\" data-height=\"283\" aria-label=\"Ricci Lang Guy du Toit\" role=\"img\" ><\/div>\n\t\t\t\t\t\t\t\t\t\t\t<div class=\"elementor-gallery-item__overlay\"><\/div>\n\t\t\t\t\t\t\t\t\t\t\t\t\t\t<\/a>\n\t\t\t\t\t\t\t<a class=\"e-gallery-item elementor-gallery-item elementor-animated-content\" href=\"https:\/\/i0.wp.com\/guydutoit.com\/wp-content\/uploads\/2024\/11\/SacredGeometry-Plate-1.jpg?fit=2000%2C2000&#038;ssl=1\" data-elementor-open-lightbox=\"yes\" data-elementor-lightbox-slideshow=\"6df9b74\" data-elementor-lightbox-title=\"Collaboration - Ricci Lang and Guy du Toit\" data-e-action-hash=\"#elementor-action%3Aaction%3Dlightbox%26settings%3DeyJpZCI6OTQ3MSwidXJsIjoiaHR0cHM6XC9cL2d1eWR1dG9pdC5jb21cL3dwLWNvbnRlbnRcL3VwbG9hZHNcLzIwMjRcLzExXC9TYWNyZWRHZW9tZXRyeS1QbGF0ZS0xLmpwZyIsInNsaWRlc2hvdyI6IjZkZjliNzQifQ%3D%3D\">\n\t\t\t\t\t<div class=\"e-gallery-image elementor-gallery-item__image\" data-thumbnail=\"https:\/\/i0.wp.com\/guydutoit.com\/wp-content\/uploads\/2024\/11\/SacredGeometry-Plate-1.jpg?fit=768%2C768&amp;ssl=1\" data-width=\"768\" data-height=\"768\" aria-label=\"Collaboration - Ricci Lang and Guy du Toit\" role=\"img\" ><\/div>\n\t\t\t\t\t\t\t\t\t\t\t<div class=\"elementor-gallery-item__overlay\"><\/div>\n\t\t\t\t\t\t\t\t\t\t\t\t\t\t<\/a>\n\t\t\t\t\t<\/div>\n\t\t\t\t\t<\/div>\n\t\t\t\t<\/div>\n\t\t\t\t\t<\/div>\n\t\t\t\t<\/div>\n\t\t\t\t<\/div>\n\t\t","protected":false},"excerpt":{"rendered":"<p>Eine Zusammenarbeit auf dem Markt geboren Meine Verbindung zu Ricci begann auf dem lebhaften Packhouse Market in Kerikeri, wo sie ein bekanntes Gesicht war und ihre fesselnden Arbeiten pr\u00e4sentierte. \u00dcber diesen Link zu ihrer Instagram-Seite k\u00f6nnen Sie mehr von ihren Kreationen entdecken, darunter auch St\u00fccke, die Sie kaufen k\u00f6nnen. Riccis Zeichnungen haben sofort meine Aufmerksamkeit [&hellip;]<\/p>\n","protected":false},"author":2,"featured_media":0,"parent":0,"menu_order":0,"comment_status":"closed","ping_status":"closed","template":"","meta":{"site-sidebar-layout":"default","site-content-layout":"","ast-site-content-layout":"default","site-content-style":"default","site-sidebar-style":"default","ast-global-header-display":"","ast-banner-title-visibility":"","ast-main-header-display":"","ast-hfb-above-header-display":"","ast-hfb-below-header-display":"","ast-hfb-mobile-header-display":"","site-post-title":"","ast-breadcrumbs-content":"","ast-featured-img":"","footer-sml-layout":"","ast-disable-related-posts":"","theme-transparent-header-meta":"default","adv-header-id-meta":"","stick-header-meta":"default","header-above-stick-meta":"","header-main-stick-meta":"","header-below-stick-meta":"","astra-migrate-meta-layouts":"set","ast-page-background-enabled":"default","ast-page-background-meta":{"desktop":{"background-color":"var(--ast-global-color-4)","background-image":"","background-repeat":"repeat","background-position":"center center","background-size":"auto","background-attachment":"scroll","background-type":"","background-media":"","overlay-type":"","overlay-color":"","overlay-opacity":"","overlay-gradient":""},"tablet":{"background-color":"","background-image":"","background-repeat":"repeat","background-position":"center center","background-size":"auto","background-attachment":"scroll","background-type":"","background-media":"","overlay-type":"","overlay-color":"","overlay-opacity":"","overlay-gradient":""},"mobile":{"background-color":"","background-image":"","background-repeat":"repeat","background-position":"center center","background-size":"auto","background-attachment":"scroll","background-type":"","background-media":"","overlay-type":"","overlay-color":"","overlay-opacity":"","overlay-gradient":""}},"ast-content-background-meta":{"desktop":{"background-color":"var(--ast-global-color-5)","background-image":"","background-repeat":"repeat","background-position":"center center","background-size":"auto","background-attachment":"scroll","background-type":"","background-media":"","overlay-type":"","overlay-color":"","overlay-opacity":"","overlay-gradient":""},"tablet":{"background-color":"var(--ast-global-color-5)","background-image":"","background-repeat":"repeat","background-position":"center center","background-size":"auto","background-attachment":"scroll","background-type":"","background-media":"","overlay-type":"","overlay-color":"","overlay-opacity":"","overlay-gradient":""},"mobile":{"background-color":"var(--ast-global-color-5)","background-image":"","background-repeat":"repeat","background-position":"center center","background-size":"auto","background-attachment":"scroll","background-type":"","background-media":"","overlay-type":"","overlay-color":"","overlay-opacity":"","overlay-gradient":""}},"jetpack_post_was_ever_published":false,"footnotes":""},"class_list":["post-14090","page","type-page","status-publish","hentry"],"jetpack-related-posts":[{"id":13998,"url":"https:\/\/guydutoit.com\/de\/koast-2021\/","url_meta":{"origin":14090,"position":0},"title":"KOAST 2021","author":"Guy du Toit","date":"27. Oktober 2021","format":false,"excerpt":"Leider wurde KOAST 2021 wegen Covid-19 auf das Auckland Anniversary Wochenende 2022 verschoben.Wir befanden uns im Lockdown Level 2, aber ich habe trotzdem meine Kunstgalerie in Kerikeri f\u00fcr das Labour-Wochenende ge\u00f6ffnet und trotz der Hygienebeschr\u00e4nkungen und des wirklich wilden und nassen Wetters kamen ein paar Leute, um Kunst zu besuchen\u2026","rel":"","context":"\u00c4hnlicher Beitrag","block_context":{"text":"\u00c4hnlicher Beitrag","link":""},"img":{"alt_text":"","src":"","width":0,"height":0},"classes":[]},{"id":13498,"url":"https:\/\/guydutoit.com\/de\/collaborations\/","url_meta":{"origin":14090,"position":1},"title":"Kollaborationen","author":"Guy du Toit","date":"6. November 2024","format":false,"excerpt":"Kollaborationen Werke, die in Zusammenarbeit mit anderen Sch\u00f6pfern und K\u00fcnstlern entstanden sind Hier finden Sie eine Auswahl von Werken, die ich in Zusammenarbeit mit anderen K\u00fcnstlern oder Kreativen geschaffen habe. Wenn Sie ein K\u00fcnstler sind und mit mir zusammenarbeiten m\u00f6chten, kontaktieren Sie mich bitte. Ich liebe es, mit anderen an\u2026","rel":"","context":"\u00c4hnlicher Beitrag","block_context":{"text":"\u00c4hnlicher Beitrag","link":""},"img":{"alt_text":"","src":"https:\/\/i0.wp.com\/guydutoit.com\/wp-content\/uploads\/2025\/03\/20220414_180814-scaled-1.jpg?resize=350%2C200&ssl=1","width":350,"height":200,"srcset":"https:\/\/i0.wp.com\/guydutoit.com\/wp-content\/uploads\/2025\/03\/20220414_180814-scaled-1.jpg?resize=350%2C200&ssl=1 1x, https:\/\/i0.wp.com\/guydutoit.com\/wp-content\/uploads\/2025\/03\/20220414_180814-scaled-1.jpg?resize=525%2C300&ssl=1 1.5x, https:\/\/i0.wp.com\/guydutoit.com\/wp-content\/uploads\/2025\/03\/20220414_180814-scaled-1.jpg?resize=700%2C400&ssl=1 2x, https:\/\/i0.wp.com\/guydutoit.com\/wp-content\/uploads\/2025\/03\/20220414_180814-scaled-1.jpg?resize=1050%2C600&ssl=1 3x"},"classes":[]},{"id":13426,"url":"https:\/\/guydutoit.com\/de\/buy-munro-hollowing-tools-online\/","url_meta":{"origin":14090,"position":2},"title":"Munro Aush\u00f6hlwerkzeuge online kaufen","author":"Guy du Toit","date":"11. November 2024","format":false,"excerpt":"Munro Aush\u00f6hlwerkzeuge online kaufen Entfesseln Sie Ihr Drechslerpotenzial mit Munro Hollowing ToolsVerbessern Sie Ihr Drechslererlebnis mit den legend\u00e4ren Munro Hollowing Tools, die vom bekannten Drechslermeister Rolly Munro entworfen wurden. KLICKEN Sie auf das IMAGE, um zu meinem ONLINE SHOP zu gelangen Meine Reise mit dem Munro Hollowing Tool: Vom Skeptiker\u2026","rel":"","context":"\u00c4hnlicher Beitrag","block_context":{"text":"\u00c4hnlicher Beitrag","link":""},"img":{"alt_text":"Munro Tools Ersatzteile","src":"https:\/\/i0.wp.com\/guydutoit.com\/wp-content\/uploads\/2024\/11\/Munro-Tools-Spares.png?resize=350%2C200&ssl=1","width":350,"height":200,"srcset":"https:\/\/i0.wp.com\/guydutoit.com\/wp-content\/uploads\/2024\/11\/Munro-Tools-Spares.png?resize=350%2C200&ssl=1 1x, https:\/\/i0.wp.com\/guydutoit.com\/wp-content\/uploads\/2024\/11\/Munro-Tools-Spares.png?resize=525%2C300&ssl=1 1.5x, https:\/\/i0.wp.com\/guydutoit.com\/wp-content\/uploads\/2024\/11\/Munro-Tools-Spares.png?resize=700%2C400&ssl=1 2x, https:\/\/i0.wp.com\/guydutoit.com\/wp-content\/uploads\/2024\/11\/Munro-Tools-Spares.png?resize=1050%2C600&ssl=1 3x"},"classes":[]},{"id":13568,"url":"https:\/\/guydutoit.com\/de\/about-guy\/","url_meta":{"origin":14090,"position":3},"title":"\u00dcber Guy","author":"Guy du Toit","date":"6. November 2024","format":false,"excerpt":"\u00dcber Guy AUFTRAGSARBEIT AUSSTELLUNGEN UND VERANSTALTUNGEN IN DER PRESSE KOLLABORATIONEN AUSZEICHNUNGEN & PREISE Hallo, Kia Ora, Bonjour, Goeie dag! Willkommen auf meiner Website! Mein Name ist Guy (Gideon) du Toit, und ich bin ein leidenschaftlicher Drechsler, der Holz in sch\u00f6ne Kunst verwandelt. Ich bin in S\u00fcdafrika geboren, habe 10 Jahre\u2026","rel":"","context":"\u00c4hnlicher Beitrag","block_context":{"text":"\u00c4hnlicher Beitrag","link":""},"img":{"alt_text":"","src":"https:\/\/i0.wp.com\/guydutoit.com\/wp-content\/uploads\/2024\/11\/team.png?resize=350%2C200&ssl=1","width":350,"height":200},"classes":[]},{"id":13490,"url":"https:\/\/guydutoit.com\/de\/in-the-news\/","url_meta":{"origin":14090,"position":4},"title":"IN DEN NACHRICHTEN","author":"Guy du Toit","date":"8. November 2024","format":false,"excerpt":"In den Nachrichten In der Presse: Das Handwerk in Szene setzen Drechseln steht im Mittelpunkt Ich freue mich darauf, einige Dinge zu zeigen, die meine Arbeit und meine Leidenschaft f\u00fcr das Drechseln unterstreichen! Diese Medienereignisse haben dazu beigetragen, ein breiteres Publikum anzusprechen und die komplizierten Details und die k\u00fcnstlerische Vision\u2026","rel":"","context":"\u00c4hnlicher Beitrag","block_context":{"text":"\u00c4hnlicher Beitrag","link":""},"img":{"alt_text":"Guy du Toit Documentary","src":"https:\/\/i0.wp.com\/guydutoit.com\/wp-content\/uploads\/2024\/11\/Guy-du-Toit-Documentary.png?resize=350%2C200&ssl=1","width":350,"height":200},"classes":[]},{"id":13361,"url":"https:\/\/guydutoit.com\/de\/koast\/","url_meta":{"origin":14090,"position":5},"title":"KOAST","author":"Guy du Toit","date":"27. September 2021","format":false,"excerpt":"Kerikeri Open Art Studio Trail Sch\u00f6ne Regionen und Orte haben K\u00fcnstler seit Jahrhunderten angezogen und inspiriert, darunter Constable, Cezanne, van Gogh und nat\u00fcrlich Monets eigene G\u00e4rten. Kerikeri in der Bay of Islands, Northland, ist bekannt f\u00fcr seine atemberaubende Landschaft, sch\u00f6ne Str\u00e4nde, herrliche Spazierg\u00e4nge und seine Zitrus- und Kiwiobstplantagen. Diese faszinierende\u2026","rel":"","context":"\u00c4hnlicher Beitrag","block_context":{"text":"\u00c4hnlicher Beitrag","link":""},"img":{"alt_text":"KOAST 2019","src":"https:\/\/i0.wp.com\/guydutoit.com\/wp-content\/uploads\/2024\/11\/KOAST-2019.jpg?resize=350%2C200&ssl=1","width":350,"height":200},"classes":[]}],"jetpack_sharing_enabled":false,"jetpack_likes_enabled":false,"_links":{"self":[{"href":"https:\/\/guydutoit.com\/de\/wp-json\/wp\/v2\/pages\/14090","targetHints":{"allow":["GET"]}}],"collection":[{"href":"https:\/\/guydutoit.com\/de\/wp-json\/wp\/v2\/pages"}],"about":[{"href":"https:\/\/guydutoit.com\/de\/wp-json\/wp\/v2\/types\/page"}],"author":[{"embeddable":true,"href":"https:\/\/guydutoit.com\/de\/wp-json\/wp\/v2\/users\/2"}],"replies":[{"embeddable":true,"href":"https:\/\/guydutoit.com\/de\/wp-json\/wp\/v2\/comments?post=14090"}],"version-history":[{"count":20,"href":"https:\/\/guydutoit.com\/de\/wp-json\/wp\/v2\/pages\/14090\/revisions"}],"predecessor-version":[{"id":18221,"href":"https:\/\/guydutoit.com\/de\/wp-json\/wp\/v2\/pages\/14090\/revisions\/18221"}],"wp:attachment":[{"href":"https:\/\/guydutoit.com\/de\/wp-json\/wp\/v2\/media?parent=14090"}],"curies":[{"name":"wp","href":"https:\/\/api.w.org\/{rel}","templated":true}]}}