{"id":14264,"date":"2021-09-28T20:04:29","date_gmt":"2021-09-28T19:04:29","guid":{"rendered":"http:\/\/guydutoit.com\/copyright-statement\/"},"modified":"2025-03-18T19:48:15","modified_gmt":"2025-03-18T18:48:15","slug":"copyright-statement","status":"publish","type":"page","link":"https:\/\/guydutoit.com\/de\/copyright-statement\/","title":{"rendered":"Copyright Erkl\u00e4rung"},"content":{"rendered":"<p><!--vcv no format--><!-- vcwb\/dynamicElementComment:0170fd5c --><\/p>\n<div class=\"vce-row-container\" data-vce-boxed-width=\"true\">\n<div id=\"el-0170fd5c\" class=\"vce-row vce-row--col-gap-30 vce-row-equal-height vce-row-content--top\" data-vce-do-apply=\"all el-0170fd5c\">\n<div class=\"vce-row-content\" data-vce-element-content=\"true\">\n<p><!-- vcwb\/dynamicElementComment:ebd37d4e --><\/p>\n<div id=\"el-ebd37d4e\" class=\"vce-col vce-col--md-auto vce-col--xs-1 vce-col--xs-last vce-col--xs-first vce-col--sm-last vce-col--sm-first vce-col--md-last vce-col--lg-last vce-col--xl-last vce-col--md-first vce-col--lg-first vce-col--xl-first\">\n<div class=\"vce-col-inner\" data-vce-do-apply=\"border margin background el-ebd37d4e\">\n<div class=\"vce-col-content\" data-vce-element-content=\"true\" data-vce-do-apply=\"padding el-ebd37d4e\">\n<p><!-- vcwb\/dynamicElementComment:77ccd8c4 --><\/p>\n<div class=\"vce-text-block\">\n<div id=\"el-77ccd8c4\" class=\"vce-text-block-wrapper vce\" data-vce-do-apply=\"all el-77ccd8c4\">\n<p>Copyright-Erkl\u00e4rung &#8211; &#8220;Ich wei\u00df es zu sch\u00e4tzen, dass Sie mein Eigentum an meinen Werken und meine Urheberrechte respektieren. Die Kunstwerke sind \u00a92016 &#8211; 2025 Guy (Gideon) du Toit und d\u00fcrfen, sofern nicht anders angegeben, nicht ohne schriftliche Genehmigung gedruckt, weiterverteilt, ver\u00e4ndert oder an anderer Stelle ver\u00f6ffentlicht werden.&#8221; \u00a9 und alle Rechte vorbehalten Guy (Gideon) du Toit 2016 &#8211; 2025. Alle Bilder und Inhalte auf dieser Website sind urheberrechtlich gesch\u00fctzt und geistiges Eigentum des K\u00fcnstlers.<\/p>\n<p data-sourcepos=\"10:1-10:45\">**Alle Rechte vorbehalten. Alle Bilder und Inhalte auf dieser Website sind nach dem Recht der Europ\u00e4ischen Union und internationalen Urheberrechtsvertr\u00e4gen urheberrechtlich gesch\u00fctzt. Copyright \u00a9 2016-2025 Guy (Gideon) du Toit oder des jeweiligen K\u00fcnstlers, wie in oder unter dem abgebildeten Kunstwerk erw\u00e4hnt.<\/p>\n<p data-sourcepos=\"12:1-12:184\">Jegliche nicht autorisierte Vervielf\u00e4ltigung, Anpassung, Verbreitung, \u00c4nderung, \u00f6ffentliche Darstellung oder sonstige Verwertung von Inhalten dieser Website ist strengstens untersagt. Dies umfasst unter anderem die Verwendung der Inhalte f\u00fcr kommerzielle Zwecke ohne schriftliche Genehmigung von Guy (Gideon) du Toit.**.<\/p>\n<\/div>\n<\/div>\n<p><!-- \/vcwb\/dynamicElementComment:77ccd8c4 --><\/p>\n<\/div>\n<\/div>\n<\/div>\n<p><!-- \/vcwb\/dynamicElementComment:ebd37d4e --><\/p>\n<\/div>\n<\/div>\n<\/div>\n<p><!-- \/vcwb\/dynamicElementComment:0170fd5c --><!--vcv no format--><\/p>\n","protected":false},"excerpt":{"rendered":"<p>Copyright-Erkl\u00e4rung &#8211; &#8220;Ich wei\u00df es zu sch\u00e4tzen, dass Sie mein Eigentum an meinen Werken und meine Urheberrechte respektieren. Die Kunstwerke sind \u00a92016 &#8211; 2025 Guy (Gideon) du Toit und d\u00fcrfen, sofern nicht anders angegeben, nicht ohne schriftliche Genehmigung gedruckt, weiterverteilt, ver\u00e4ndert oder an anderer Stelle ver\u00f6ffentlicht werden.&#8221; \u00a9 und alle Rechte vorbehalten Guy (Gideon) du [&hellip;]<\/p>\n","protected":false},"author":2,"featured_media":0,"parent":0,"menu_order":0,"comment_status":"closed","ping_status":"closed","template":"","meta":{"site-sidebar-layout":"default","site-content-layout":"","ast-site-content-layout":"default","site-content-style":"default","site-sidebar-style":"default","ast-global-header-display":"","ast-banner-title-visibility":"","ast-main-header-display":"","ast-hfb-above-header-display":"","ast-hfb-below-header-display":"","ast-hfb-mobile-header-display":"","site-post-title":"","ast-breadcrumbs-content":"","ast-featured-img":"","footer-sml-layout":"","ast-disable-related-posts":"","theme-transparent-header-meta":"default","adv-header-id-meta":"","stick-header-meta":"default","header-above-stick-meta":"","header-main-stick-meta":"","header-below-stick-meta":"","astra-migrate-meta-layouts":"set","ast-page-background-enabled":"default","ast-page-background-meta":{"desktop":{"background-color":"var(--ast-global-color-4)","background-image":"","background-repeat":"repeat","background-position":"center center","background-size":"auto","background-attachment":"scroll","background-type":"","background-media":"","overlay-type":"","overlay-color":"","overlay-opacity":"","overlay-gradient":""},"tablet":{"background-color":"","background-image":"","background-repeat":"repeat","background-position":"center center","background-size":"auto","background-attachment":"scroll","background-type":"","background-media":"","overlay-type":"","overlay-color":"","overlay-opacity":"","overlay-gradient":""},"mobile":{"background-color":"","background-image":"","background-repeat":"repeat","background-position":"center center","background-size":"auto","background-attachment":"scroll","background-type":"","background-media":"","overlay-type":"","overlay-color":"","overlay-opacity":"","overlay-gradient":""}},"ast-content-background-meta":{"desktop":{"background-color":"var(--ast-global-color-5)","background-image":"","background-repeat":"repeat","background-position":"center center","background-size":"auto","background-attachment":"scroll","background-type":"","background-media":"","overlay-type":"","overlay-color":"","overlay-opacity":"","overlay-gradient":""},"tablet":{"background-color":"var(--ast-global-color-5)","background-image":"","background-repeat":"repeat","background-position":"center center","background-size":"auto","background-attachment":"scroll","background-type":"","background-media":"","overlay-type":"","overlay-color":"","overlay-opacity":"","overlay-gradient":""},"mobile":{"background-color":"var(--ast-global-color-5)","background-image":"","background-repeat":"repeat","background-position":"center center","background-size":"auto","background-attachment":"scroll","background-type":"","background-media":"","overlay-type":"","overlay-color":"","overlay-opacity":"","overlay-gradient":""}},"jetpack_post_was_ever_published":false,"footnotes":""},"class_list":["post-14264","page","type-page","status-publish","hentry"],"jetpack-related-posts":[{"id":13371,"url":"https:\/\/guydutoit.com\/de\/jean-francois-escoulen\/","url_meta":{"origin":14264,"position":0},"title":"Jean-Fran\u00e7ois Escoulen","author":"Guy du Toit","date":"19. Juli 2024","format":false,"excerpt":"Eine einzigartige Zusammenarbeit: Der Exzenter Trembleur Im Jahr 2022 versp\u00fcrte ich das Bed\u00fcrfnis, mich wieder mit meinen Wurzeln als Drechsler zu verbinden. Ich kehrte zur Escoulen-Schule in Frankreich zur\u00fcck, um eine Woche lang intensiv mit Jean Fran\u00e7ois Escoulen zu trainieren und mich speziell auf exzentrische und exzentrische Filmtechniken zu konzentrieren.\u2026","rel":"","context":"\u00c4hnlicher Beitrag","block_context":{"text":"\u00c4hnlicher Beitrag","link":""},"img":{"alt_text":"","src":"","width":0,"height":0},"classes":[]},{"id":13568,"url":"https:\/\/guydutoit.com\/de\/about-guy\/","url_meta":{"origin":14264,"position":1},"title":"\u00dcber Guy","author":"Guy du Toit","date":"6. November 2024","format":false,"excerpt":"\u00dcber Guy AUFTRAGSARBEIT AUSSTELLUNGEN UND VERANSTALTUNGEN IN DER PRESSE KOLLABORATIONEN AUSZEICHNUNGEN & PREISE Hallo, Kia Ora, Bonjour, Goeie dag! Willkommen auf meiner Website! Mein Name ist Guy (Gideon) du Toit, und ich bin ein leidenschaftlicher Drechsler, der Holz in sch\u00f6ne Kunst verwandelt. Ich bin in S\u00fcdafrika geboren, habe 10 Jahre\u2026","rel":"","context":"\u00c4hnlicher Beitrag","block_context":{"text":"\u00c4hnlicher Beitrag","link":""},"img":{"alt_text":"","src":"https:\/\/i0.wp.com\/guydutoit.com\/wp-content\/uploads\/2024\/11\/team.png?resize=350%2C200&ssl=1","width":350,"height":200},"classes":[]},{"id":13490,"url":"https:\/\/guydutoit.com\/de\/in-the-news\/","url_meta":{"origin":14264,"position":2},"title":"IN DEN NACHRICHTEN","author":"Guy du Toit","date":"8. November 2024","format":false,"excerpt":"In den Nachrichten In der Presse: Das Handwerk in Szene setzen Drechseln steht im Mittelpunkt Ich freue mich darauf, einige Dinge zu zeigen, die meine Arbeit und meine Leidenschaft f\u00fcr das Drechseln unterstreichen! Diese Medienereignisse haben dazu beigetragen, ein breiteres Publikum anzusprechen und die komplizierten Details und die k\u00fcnstlerische Vision\u2026","rel":"","context":"\u00c4hnlicher Beitrag","block_context":{"text":"\u00c4hnlicher Beitrag","link":""},"img":{"alt_text":"Guy du Toit Documentary","src":"https:\/\/i0.wp.com\/guydutoit.com\/wp-content\/uploads\/2024\/11\/Guy-du-Toit-Documentary.png?resize=350%2C200&ssl=1","width":350,"height":200},"classes":[]},{"id":13923,"url":"https:\/\/guydutoit.com\/de\/shop\/payments\/","url_meta":{"origin":14264,"position":3},"title":"Zahlungen","author":"Guy du Toit","date":"27. September 2021","format":false,"excerpt":"Zahlungen und Versand Mein Unternehmen, L'Atelier de Guy du Toit - ARTelier de Guy, ist ein in Frankreich registriertes Unternehmen mit einer Mehrwertsteuernummer. Meine Siretnummer lautet 979 832 540 00012 und meine Mehrwertsteuer ist FR29979832540. Zahlungen k\u00f6nnen \u00fcber WooCommerce, PayPal oder per EFT auf mein Bankkonto bei der CCF Bank\u2026","rel":"","context":"\u00c4hnlicher Beitrag","block_context":{"text":"\u00c4hnlicher Beitrag","link":""},"img":{"alt_text":"","src":"","width":0,"height":0},"classes":[]},{"id":16698,"url":"https:\/\/guydutoit.com\/de\/beke-lohmeyer\/","url_meta":{"origin":14264,"position":4},"title":"Beke Lohmeyer","author":"Guy du Toit","date":"5. M\u00e4rz 2025","format":false,"excerpt":"Ich habe Beke kennengelernt, als sie in Neuseeland Couchsurfing betrieben hat. Wir unterhielten uns \u00fcber Kunst und sie zeigte mir einige ihrer Zeichnungen. Ich fand, dass einige ihrer Zeichnungen mit dem Laser in Teller oder Platten ge\u00e4tzt richtig cool aussehen w\u00fcrden.So beschreibt sich Beke selbst:\"Ich bin eine junge aufstrebende K\u00fcnstlerin\u2026","rel":"","context":"\u00c4hnlicher Beitrag","block_context":{"text":"\u00c4hnlicher Beitrag","link":""},"img":{"alt_text":"","src":"","width":0,"height":0},"classes":[]},{"id":13426,"url":"https:\/\/guydutoit.com\/de\/buy-munro-hollowing-tools-online\/","url_meta":{"origin":14264,"position":5},"title":"Munro Aush\u00f6hlwerkzeuge online kaufen","author":"Guy du Toit","date":"11. November 2024","format":false,"excerpt":"Munro Aush\u00f6hlwerkzeuge online kaufen Entfesseln Sie Ihr Drechslerpotenzial mit Munro Hollowing ToolsVerbessern Sie Ihr Drechslererlebnis mit den legend\u00e4ren Munro Hollowing Tools, die vom bekannten Drechslermeister Rolly Munro entworfen wurden. KLICKEN Sie auf das IMAGE, um zu meinem ONLINE SHOP zu gelangen Meine Reise mit dem Munro Hollowing Tool: Vom Skeptiker\u2026","rel":"","context":"\u00c4hnlicher Beitrag","block_context":{"text":"\u00c4hnlicher Beitrag","link":""},"img":{"alt_text":"Munro Tools Ersatzteile","src":"https:\/\/i0.wp.com\/guydutoit.com\/wp-content\/uploads\/2024\/11\/Munro-Tools-Spares.png?resize=350%2C200&ssl=1","width":350,"height":200,"srcset":"https:\/\/i0.wp.com\/guydutoit.com\/wp-content\/uploads\/2024\/11\/Munro-Tools-Spares.png?resize=350%2C200&ssl=1 1x, https:\/\/i0.wp.com\/guydutoit.com\/wp-content\/uploads\/2024\/11\/Munro-Tools-Spares.png?resize=525%2C300&ssl=1 1.5x, https:\/\/i0.wp.com\/guydutoit.com\/wp-content\/uploads\/2024\/11\/Munro-Tools-Spares.png?resize=700%2C400&ssl=1 2x, https:\/\/i0.wp.com\/guydutoit.com\/wp-content\/uploads\/2024\/11\/Munro-Tools-Spares.png?resize=1050%2C600&ssl=1 3x"},"classes":[]}],"jetpack_sharing_enabled":false,"jetpack_likes_enabled":false,"_links":{"self":[{"href":"https:\/\/guydutoit.com\/de\/wp-json\/wp\/v2\/pages\/14264","targetHints":{"allow":["GET"]}}],"collection":[{"href":"https:\/\/guydutoit.com\/de\/wp-json\/wp\/v2\/pages"}],"about":[{"href":"https:\/\/guydutoit.com\/de\/wp-json\/wp\/v2\/types\/page"}],"author":[{"embeddable":true,"href":"https:\/\/guydutoit.com\/de\/wp-json\/wp\/v2\/users\/2"}],"replies":[{"embeddable":true,"href":"https:\/\/guydutoit.com\/de\/wp-json\/wp\/v2\/comments?post=14264"}],"version-history":[{"count":6,"href":"https:\/\/guydutoit.com\/de\/wp-json\/wp\/v2\/pages\/14264\/revisions"}],"predecessor-version":[{"id":17517,"href":"https:\/\/guydutoit.com\/de\/wp-json\/wp\/v2\/pages\/14264\/revisions\/17517"}],"wp:attachment":[{"href":"https:\/\/guydutoit.com\/de\/wp-json\/wp\/v2\/media?parent=14264"}],"curies":[{"name":"wp","href":"https:\/\/api.w.org\/{rel}","templated":true}]}}