{"id":14125,"date":"2024-08-22T12:45:12","date_gmt":"2024-08-22T11:45:12","guid":{"rendered":"http:\/\/guydutoit.com\/shop-online\/unkategorisiert\/munro-hollowers-replacement-screw-sets\/"},"modified":"2026-04-13T13:04:10","modified_gmt":"2026-04-13T12:04:10","slug":"munro-hollowers-replacement-screw-sets","status":"publish","type":"product","link":"https:\/\/guydutoit.com\/de\/product\/munro-hollowers-replacement-screw-sets\/","title":{"rendered":"Munro Hollowers Ersatzschraubens\u00e4tze"},"content":{"rendered":"<p><strong>Munro Hollowers Ersatzschraubens\u00e4tze<\/strong><\/p>\n<p><strong>M\u00fcssen Sie Ihre Munro Hollower&#8217;s Schrauben ersetzen?<\/strong>  Sie haben es vermasselt und eine Schraube verloren? Jeder erfahrene Drechsler kennt das Gef\u00fchl, wenn etwas schief geht, das Gef\u00fchl des Grauens in der Magengrube. Vielleicht haben Sie beim Wechseln der Trennscheibe Ihre Torx-Schraube auf den Werkstattboden fallen lassen und sie ist nach Murphys Gesetz in den einen Spalt zwischen der Wand und den Tiefen der H\u00f6lle gefallen, wo sie nie wieder gesehen wurde. Oder in den Haufen von Sp\u00e4nen, den Sie schon die ganze Woche auffegen wollten. Oder haben Sie vielleicht etwas wirklich Dummes gemacht und beschlossen, Ihr Tool zu \u00e4ndern, und jetzt funktioniert es nicht mehr? Was auch immer der Grund sein mag, wir k\u00f6nnen Ihnen so schnell wie m\u00f6glich einen neuen Satz Schrauben f\u00fcr Ihren Munro Hollower schicken. Bitte verwenden Sie keine billigen Ersatzschrauben. Unsere Schrauben sind die Original-Sets, die Rolly Munro bei der Montage seiner Werkzeuge verwendet, und haben die richtige Gr\u00f6\u00dfe, L\u00e4nge, Gewinde und Schlitzgr\u00f6\u00dfe, um perfekt in Ihr Werkzeug zu passen. Diese aus hochwertigem Stahl gefertigten Produkte sind den Preis wert, wenn Sie sicher sein wollen, dass Ihr Laubbl\u00e4ser wieder wie neu funktioniert.<\/p>\n<p><strong>Investieren Sie in Qualit\u00e4t, investieren Sie in Ihr Handwerk. Bestellen Sie noch heute Ihr Munro Ersatzschraubenset und erleben Sie den Unterschied! <\/strong><\/p>\n","protected":false},"excerpt":{"rendered":"<p>Ersetzen Sie die Schrauben an Ihrem Munro Hollower durch neue Schrauben, die den Originalen entsprechen. Hochwertige Materialien, korrekte Gr\u00f6\u00dfe und Gewinde &#8211; machen Sie es richtig. <\/p>\n","protected":false},"featured_media":11468,"comment_status":"open","ping_status":"closed","template":"","meta":{"site-sidebar-layout":"default","site-content-layout":"","ast-site-content-layout":"default","site-content-style":"default","site-sidebar-style":"default","ast-global-header-display":"","ast-banner-title-visibility":"","ast-main-header-display":"","ast-hfb-above-header-display":"","ast-hfb-below-header-display":"","ast-hfb-mobile-header-display":"","site-post-title":"","ast-breadcrumbs-content":"","ast-featured-img":"","footer-sml-layout":"","ast-disable-related-posts":"","theme-transparent-header-meta":"default","adv-header-id-meta":"","stick-header-meta":"default","header-above-stick-meta":"","header-main-stick-meta":"","header-below-stick-meta":"","astra-migrate-meta-layouts":"default","ast-page-background-enabled":"default","ast-page-background-meta":{"desktop":{"background-color":"var(--ast-global-color-4)","background-image":"","background-repeat":"repeat","background-position":"center center","background-size":"auto","background-attachment":"scroll","background-type":"","background-media":"","overlay-type":"","overlay-color":"","overlay-opacity":"","overlay-gradient":""},"tablet":{"background-color":"","background-image":"","background-repeat":"repeat","background-position":"center center","background-size":"auto","background-attachment":"scroll","background-type":"","background-media":"","overlay-type":"","overlay-color":"","overlay-opacity":"","overlay-gradient":""},"mobile":{"background-color":"","background-image":"","background-repeat":"repeat","background-position":"center center","background-size":"auto","background-attachment":"scroll","background-type":"","background-media":"","overlay-type":"","overlay-color":"","overlay-opacity":"","overlay-gradient":""}},"ast-content-background-meta":{"desktop":{"background-color":"var(--ast-global-color-5)","background-image":"","background-repeat":"repeat","background-position":"center center","background-size":"auto","background-attachment":"scroll","background-type":"","background-media":"","overlay-type":"","overlay-color":"","overlay-opacity":"","overlay-gradient":""},"tablet":{"background-color":"var(--ast-global-color-5)","background-image":"","background-repeat":"repeat","background-position":"center center","background-size":"auto","background-attachment":"scroll","background-type":"","background-media":"","overlay-type":"","overlay-color":"","overlay-opacity":"","overlay-gradient":""},"mobile":{"background-color":"var(--ast-global-color-5)","background-image":"","background-repeat":"repeat","background-position":"center center","background-size":"auto","background-attachment":"scroll","background-type":"","background-media":"","overlay-type":"","overlay-color":"","overlay-opacity":"","overlay-gradient":""}},"jetpack_post_was_ever_published":false,"jetpack_publicize_message":"","jetpack_publicize_feature_enabled":true,"jetpack_social_post_already_shared":false,"jetpack_social_options":{"image_generator_settings":{"template":"highway","default_image_id":0,"font":"","enabled":false},"version":2}},"product_brand":[],"product_cat":[383],"product_tag":[118,214,117,122,224,120,123,119,121,215,223,213],"class_list":{"0":"post-14125","1":"product","2":"type-product","3":"status-publish","4":"has-post-thumbnail","6":"product_cat-munro-werkzeuge","7":"product_tag-aushohlwerkzeug","8":"product_tag-dickenbegrenzer","9":"product_tag-drechselwerkzeuge","10":"product_tag-drechselzubehor","11":"product_tag-ersatzschraube","12":"product_tag-gegliedertes-werkzeug","13":"product_tag-mega2-de","14":"product_tag-rolly-munro-de","15":"product_tag-tiefe-hohlformen","16":"product_tag-tiefenbegrenzer-fur-drechselmeisel","17":"product_tag-torxschraube","18":"product_tag-wundercutt10-de","19":"desktop-align-left","20":"tablet-align-left","21":"mobile-align-left","22":"ast-product-gallery-layout-vertical-slider","23":"ast-product-single-variable","24":"ast-product-tabs-layout-horizontal","26":"first","27":"instock","28":"shipping-taxable","29":"purchasable","30":"product-type-variable"},"jetpack_publicize_connections":[],"jetpack-related-posts":[{"id":14135,"url":"https:\/\/guydutoit.com\/de\/product\/munro-replacement-thickness-limiter\/","url_meta":{"origin":14125,"position":0},"title":"Munro Ersatz-Dickenbegrenzer","author":"Guy du Toit","date":"21. August 2024","format":false,"excerpt":"Das geniale Design von Rolly Munro macht Schluss mit der Frustration durch Versuch und Irrtum. Erzielen Sie pr\u00e4zise Schnitttiefen mit dem innovativen Spandickenbegrenzer, einstellbar von 0,05 mm bis 0,5 mm [1\/125\" bis 1\/50\"].","rel":"","context":"\u00c4hnlicher Beitrag","block_context":{"text":"\u00c4hnlicher Beitrag","link":""},"img":{"alt_text":"Munro Ersatz-Dickenbegrenzer","src":"https:\/\/i0.wp.com\/guydutoit.com\/wp-content\/uploads\/2024\/11\/Munro-Replacement-Thickness-Limiters.png?fit=938%2C388&ssl=1&resize=350%2C200","width":350,"height":200,"srcset":"https:\/\/i0.wp.com\/guydutoit.com\/wp-content\/uploads\/2024\/11\/Munro-Replacement-Thickness-Limiters.png?fit=938%2C388&ssl=1&resize=350%2C200 1x, https:\/\/i0.wp.com\/guydutoit.com\/wp-content\/uploads\/2024\/11\/Munro-Replacement-Thickness-Limiters.png?fit=938%2C388&ssl=1&resize=525%2C300 1.5x, https:\/\/i0.wp.com\/guydutoit.com\/wp-content\/uploads\/2024\/11\/Munro-Replacement-Thickness-Limiters.png?fit=938%2C388&ssl=1&resize=700%2C400 2x"},"classes":[]},{"id":14149,"url":"https:\/\/guydutoit.com\/de\/product\/munro-sharpening-dowel\/","url_meta":{"origin":14125,"position":1},"title":"Munro Sch\u00e4rfd\u00fcbel","author":"Guy du Toit","date":"16. August 2024","format":false,"excerpt":"Pr\u00e4zisionssch\u00e4rfd\u00fcbel zum Sch\u00e4rfen von Hartmetall-Schneidr\u00e4dern f\u00fcr Munro Drechselwerkzeuge. Erleben Sie \u00fcberlegene Schneidleistung und Langlebigkeit.","rel":"","context":"\u00c4hnlicher Beitrag","block_context":{"text":"\u00c4hnlicher Beitrag","link":""},"img":{"alt_text":"Munro Sch\u00e4rfd\u00fcbel f\u00fcr Wolframkarbid-Schleifscheiben","src":"https:\/\/i0.wp.com\/guydutoit.com\/wp-content\/uploads\/2024\/11\/Munro-Sharpening-Dowel-for-Tungsten-Carbide-Cutting-Wheels.png?fit=678%2C806&ssl=1&resize=350%2C200","width":350,"height":200,"srcset":"https:\/\/i0.wp.com\/guydutoit.com\/wp-content\/uploads\/2024\/11\/Munro-Sharpening-Dowel-for-Tungsten-Carbide-Cutting-Wheels.png?fit=678%2C806&ssl=1&resize=350%2C200 1x, https:\/\/i0.wp.com\/guydutoit.com\/wp-content\/uploads\/2024\/11\/Munro-Sharpening-Dowel-for-Tungsten-Carbide-Cutting-Wheels.png?fit=678%2C806&ssl=1&resize=525%2C300 1.5x"},"classes":[]},{"id":14179,"url":"https:\/\/guydutoit.com\/de\/product\/munro-minimum-6-lister-bend-hollowing-tool-copy\/","url_meta":{"origin":14125,"position":2},"title":"Munro Minimum 6 Lister Bend Aush\u00f6hlungswerkzeug","author":"Guy du Toit","date":"10. August 2024","format":false,"excerpt":"Das Minimum6 Lister Bend Hollowing Tool von Rolly Munro ist perfekt f\u00fcr kleine bis mittelgro\u00dfe Formen.","rel":"","context":"\u00c4hnlicher Beitrag","block_context":{"text":"\u00c4hnlicher Beitrag","link":""},"img":{"alt_text":"","src":"https:\/\/i0.wp.com\/guydutoit.com\/wp-content\/uploads\/2024\/08\/Munro-Minimum6-Lister-bend-png.webp?fit=1200%2C1200&ssl=1&resize=350%2C200","width":350,"height":200,"srcset":"https:\/\/i0.wp.com\/guydutoit.com\/wp-content\/uploads\/2024\/08\/Munro-Minimum6-Lister-bend-png.webp?fit=1200%2C1200&ssl=1&resize=350%2C200 1x, https:\/\/i0.wp.com\/guydutoit.com\/wp-content\/uploads\/2024\/08\/Munro-Minimum6-Lister-bend-png.webp?fit=1200%2C1200&ssl=1&resize=525%2C300 1.5x, https:\/\/i0.wp.com\/guydutoit.com\/wp-content\/uploads\/2024\/08\/Munro-Minimum6-Lister-bend-png.webp?fit=1200%2C1200&ssl=1&resize=700%2C400 2x, https:\/\/i0.wp.com\/guydutoit.com\/wp-content\/uploads\/2024\/08\/Munro-Minimum6-Lister-bend-png.webp?fit=1200%2C1200&ssl=1&resize=1050%2C600 3x"},"classes":[]},{"id":14211,"url":"https:\/\/guydutoit.com\/de\/product\/munro-minimum6-owen-hollowing-tool\/","url_meta":{"origin":14125,"position":3},"title":"Munro Minimum 6 Owen Bend Aush\u00f6hlungswerkzeug","author":"Guy du Toit","date":"8. August 2024","format":false,"excerpt":"Das Minimum6 Owen Hollowing Tool mit gebogenem Schaft von Rolly Munro ist perfekt f\u00fcr kleine bis mittelgro\u00dfe Formen.","rel":"","context":"\u00c4hnlicher Beitrag","block_context":{"text":"\u00c4hnlicher Beitrag","link":""},"img":{"alt_text":"","src":"https:\/\/i0.wp.com\/guydutoit.com\/wp-content\/uploads\/2024\/08\/Munro-minimun6-owen-png.webp?fit=1200%2C675&ssl=1&resize=350%2C200","width":350,"height":200,"srcset":"https:\/\/i0.wp.com\/guydutoit.com\/wp-content\/uploads\/2024\/08\/Munro-minimun6-owen-png.webp?fit=1200%2C675&ssl=1&resize=350%2C200 1x, https:\/\/i0.wp.com\/guydutoit.com\/wp-content\/uploads\/2024\/08\/Munro-minimun6-owen-png.webp?fit=1200%2C675&ssl=1&resize=525%2C300 1.5x, https:\/\/i0.wp.com\/guydutoit.com\/wp-content\/uploads\/2024\/08\/Munro-minimun6-owen-png.webp?fit=1200%2C675&ssl=1&resize=700%2C400 2x, https:\/\/i0.wp.com\/guydutoit.com\/wp-content\/uploads\/2024\/08\/Munro-minimun6-owen-png.webp?fit=1200%2C675&ssl=1&resize=1050%2C600 3x"},"classes":[]},{"id":14141,"url":"https:\/\/guydutoit.com\/de\/product\/munro-hollower-handle-only\/","url_meta":{"origin":14125,"position":4},"title":"Rolly Munro Hollowing Tool Griffe","author":"Guy du Toit","date":"21. August 2024","format":false,"excerpt":"Rolly Munro Hohlmei\u00dfelgriffe f\u00fcr Drechslerhohlmei\u00dfel und Hohlmei\u00dfel. Das Beste, was es gibt!","rel":"","context":"\u00c4hnlicher Beitrag","block_context":{"text":"\u00c4hnlicher Beitrag","link":""},"img":{"alt_text":"Rolly Munro Hollower Griffe","src":"https:\/\/i0.wp.com\/guydutoit.com\/wp-content\/uploads\/2024\/11\/Rolly-Munro-Hollower-Handles.png?fit=817%2C1200&ssl=1&resize=350%2C200","width":350,"height":200,"srcset":"https:\/\/i0.wp.com\/guydutoit.com\/wp-content\/uploads\/2024\/11\/Rolly-Munro-Hollower-Handles.png?fit=817%2C1200&ssl=1&resize=350%2C200 1x, https:\/\/i0.wp.com\/guydutoit.com\/wp-content\/uploads\/2024\/11\/Rolly-Munro-Hollower-Handles.png?fit=817%2C1200&ssl=1&resize=525%2C300 1.5x, https:\/\/i0.wp.com\/guydutoit.com\/wp-content\/uploads\/2024\/11\/Rolly-Munro-Hollower-Handles.png?fit=817%2C1200&ssl=1&resize=700%2C400 2x"},"classes":[]},{"id":14243,"url":"https:\/\/guydutoit.com\/de\/product\/munro-minimum-6-straight-shaft-hollower\/","url_meta":{"origin":14125,"position":5},"title":"Munro Minimum 6 Geradschacht-Hobelmaschine","author":"Guy du Toit","date":"8. August 2024","format":false,"excerpt":"Das Minimum6 Straight Hollowing Tool von Rolly Munro wurde f\u00fcr pr\u00e4zise Aush\u00f6hlungsarbeiten in kleinen bis mittleren Formen entwickelt.","rel":"","context":"\u00c4hnlicher Beitrag","block_context":{"text":"\u00c4hnlicher Beitrag","link":""},"img":{"alt_text":"","src":"https:\/\/i0.wp.com\/guydutoit.com\/wp-content\/uploads\/2024\/08\/Munro-Minimun6-Straight-Shaft-Hollowing-Tool-png.webp?fit=1200%2C675&ssl=1&resize=350%2C200","width":350,"height":200,"srcset":"https:\/\/i0.wp.com\/guydutoit.com\/wp-content\/uploads\/2024\/08\/Munro-Minimun6-Straight-Shaft-Hollowing-Tool-png.webp?fit=1200%2C675&ssl=1&resize=350%2C200 1x, https:\/\/i0.wp.com\/guydutoit.com\/wp-content\/uploads\/2024\/08\/Munro-Minimun6-Straight-Shaft-Hollowing-Tool-png.webp?fit=1200%2C675&ssl=1&resize=525%2C300 1.5x, https:\/\/i0.wp.com\/guydutoit.com\/wp-content\/uploads\/2024\/08\/Munro-Minimun6-Straight-Shaft-Hollowing-Tool-png.webp?fit=1200%2C675&ssl=1&resize=700%2C400 2x, https:\/\/i0.wp.com\/guydutoit.com\/wp-content\/uploads\/2024\/08\/Munro-Minimun6-Straight-Shaft-Hollowing-Tool-png.webp?fit=1200%2C675&ssl=1&resize=1050%2C600 3x"},"classes":[]}],"jetpack_sharing_enabled":true,"jetpack_likes_enabled":true,"_links":{"self":[{"href":"https:\/\/guydutoit.com\/de\/wp-json\/wp\/v2\/product\/14125","targetHints":{"allow":["GET"]}}],"collection":[{"href":"https:\/\/guydutoit.com\/de\/wp-json\/wp\/v2\/product"}],"about":[{"href":"https:\/\/guydutoit.com\/de\/wp-json\/wp\/v2\/types\/product"}],"replies":[{"embeddable":true,"href":"https:\/\/guydutoit.com\/de\/wp-json\/wp\/v2\/comments?post=14125"}],"wp:featuredmedia":[{"embeddable":true,"href":"https:\/\/guydutoit.com\/de\/wp-json\/wp\/v2\/media\/11468"}],"wp:attachment":[{"href":"https:\/\/guydutoit.com\/de\/wp-json\/wp\/v2\/media?parent=14125"}],"wp:term":[{"taxonomy":"product_brand","embeddable":true,"href":"https:\/\/guydutoit.com\/de\/wp-json\/wp\/v2\/product_brand?post=14125"},{"taxonomy":"product_cat","embeddable":true,"href":"https:\/\/guydutoit.com\/de\/wp-json\/wp\/v2\/product_cat?post=14125"},{"taxonomy":"product_tag","embeddable":true,"href":"https:\/\/guydutoit.com\/de\/wp-json\/wp\/v2\/product_tag?post=14125"}],"curies":[{"name":"wp","href":"https:\/\/api.w.org\/{rel}","templated":true}]}}