{"id":14135,"date":"2024-08-21T18:33:18","date_gmt":"2024-08-21T17:33:18","guid":{"rendered":"http:\/\/guydutoit.com\/shop-online\/unkategorisiert\/munro-replacement-thickness-limiter\/"},"modified":"2026-02-09T05:01:54","modified_gmt":"2026-02-09T04:01:54","slug":"munro-replacement-thickness-limiter","status":"publish","type":"product","link":"https:\/\/guydutoit.com\/de\/product\/munro-replacement-thickness-limiter\/","title":{"rendered":"Munro Ersatz-Dickenbegrenzer"},"content":{"rendered":"<p><strong>Munro Ersatz-Dickenbegrenzer<\/strong><\/p>\n<p><strong>M\u00fcssen Sie den Dickenbegrenzer von Munro Hollower ersetzen?<\/strong>  Wir k\u00fcmmern uns um Sie (ja, da ist ein Wortspiel drin!). Jeder erfahrene Drechsler kennt das Gef\u00fchl, wenn etwas schief geht, das Gef\u00fchl des Grauens in der Magengrube. Vielleicht haben Sie beim Wechseln der Trennscheibe Ihren Dickenbegrenzer auf den Werkstattboden fallen lassen und er ist nach Murphys Gesetz in den einen Spalt zwischen der Wand und den Tiefen der H\u00f6lle gefallen, um nie wieder gesehen zu werden. Oder in den Haufen von Sp\u00e4nen, den Sie schon die ganze Woche auffegen wollten. Oder haben Sie vielleicht etwas wirklich Dummes gemacht und beschlossen, es zu \u00e4ndern, und jetzt funktioniert es nicht mehr? Was auch immer der Grund sein mag, wir k\u00f6nnen Ihnen so schnell wie m\u00f6glich ein neues Exemplar schicken. Bis dahin ist es eine gute \u00dcbung, ab und zu ohne sie zu drehen, denn so k\u00f6nnen Sie Ihre Werkzeuge hervorragend kontrollieren. (Und verbesserte Nerven aus Stahl&#8230;)<\/p>\n<p><strong>Mikro-einstellbare Tiefenkontrolle:<\/strong> Das geniale Design von Rolly Munro macht Schluss mit der Frustration durch Versuch und Irrtum. Erzielen Sie pr\u00e4zise Schnitttiefen mit dem innovativen Spandickenbegrenzer, einstellbar von 0,05 mm bis 0,5 mm [1\/125&#8243; bis 1\/50&#8243;].<\/p>\n<p><strong>F\u00fcr die Ewigkeit gebaut:<\/strong><\/p>\n<ul>\n<li><strong>Hochwertige Materialien:<\/strong> Die Munro Dickenbegrenzer sind durchgehend aus hochwertigem Edelstahl gefertigt und halten den Anforderungen in Ihrer Werkstatt stand.<\/li>\n<\/ul>\n<p><strong>Investieren Sie in Qualit\u00e4t, investieren Sie in Ihr Handwerk. Bestellen Sie noch heute Ihren Munro Ersatz-Dickenbegrenzer und erleben Sie den Unterschied! <\/strong><\/p>\n","protected":false},"excerpt":{"rendered":"<p>Das geniale Design von Rolly Munro macht Schluss mit der Frustration durch Versuch und Irrtum. Erzielen Sie pr\u00e4zise Schnitttiefen mit dem innovativen Spandickenbegrenzer, einstellbar von 0,05 mm bis 0,5 mm [1\/125&#8243; bis 1\/50&#8243;].<\/p>\n","protected":false},"featured_media":13261,"comment_status":"open","ping_status":"closed","template":"","meta":{"site-sidebar-layout":"default","site-content-layout":"","ast-site-content-layout":"default","site-content-style":"default","site-sidebar-style":"default","ast-global-header-display":"","ast-banner-title-visibility":"","ast-main-header-display":"","ast-hfb-above-header-display":"","ast-hfb-below-header-display":"","ast-hfb-mobile-header-display":"","site-post-title":"","ast-breadcrumbs-content":"","ast-featured-img":"","footer-sml-layout":"","ast-disable-related-posts":"","theme-transparent-header-meta":"default","adv-header-id-meta":"","stick-header-meta":"default","header-above-stick-meta":"","header-main-stick-meta":"","header-below-stick-meta":"","astra-migrate-meta-layouts":"default","ast-page-background-enabled":"default","ast-page-background-meta":{"desktop":{"background-color":"var(--ast-global-color-4)","background-image":"","background-repeat":"repeat","background-position":"center center","background-size":"auto","background-attachment":"scroll","background-type":"","background-media":"","overlay-type":"","overlay-color":"","overlay-opacity":"","overlay-gradient":""},"tablet":{"background-color":"","background-image":"","background-repeat":"repeat","background-position":"center center","background-size":"auto","background-attachment":"scroll","background-type":"","background-media":"","overlay-type":"","overlay-color":"","overlay-opacity":"","overlay-gradient":""},"mobile":{"background-color":"","background-image":"","background-repeat":"repeat","background-position":"center center","background-size":"auto","background-attachment":"scroll","background-type":"","background-media":"","overlay-type":"","overlay-color":"","overlay-opacity":"","overlay-gradient":""}},"ast-content-background-meta":{"desktop":{"background-color":"var(--ast-global-color-5)","background-image":"","background-repeat":"repeat","background-position":"center center","background-size":"auto","background-attachment":"scroll","background-type":"","background-media":"","overlay-type":"","overlay-color":"","overlay-opacity":"","overlay-gradient":""},"tablet":{"background-color":"var(--ast-global-color-5)","background-image":"","background-repeat":"repeat","background-position":"center center","background-size":"auto","background-attachment":"scroll","background-type":"","background-media":"","overlay-type":"","overlay-color":"","overlay-opacity":"","overlay-gradient":""},"mobile":{"background-color":"var(--ast-global-color-5)","background-image":"","background-repeat":"repeat","background-position":"center center","background-size":"auto","background-attachment":"scroll","background-type":"","background-media":"","overlay-type":"","overlay-color":"","overlay-opacity":"","overlay-gradient":""}},"jetpack_post_was_ever_published":false,"jetpack_publicize_message":"","jetpack_publicize_feature_enabled":true,"jetpack_social_post_already_shared":false,"jetpack_social_options":{"image_generator_settings":{"template":"highway","default_image_id":0,"font":"","enabled":false},"version":2}},"product_brand":[],"product_cat":[383],"product_tag":[118,214,117,122,120,123,119,121,215,213],"class_list":{"0":"post-14135","1":"product","2":"type-product","3":"status-publish","4":"has-post-thumbnail","6":"product_cat-munro-werkzeuge","7":"product_tag-aushohlwerkzeug","8":"product_tag-dickenbegrenzer","9":"product_tag-drechselwerkzeuge","10":"product_tag-drechselzubehor","11":"product_tag-gegliedertes-werkzeug","12":"product_tag-mega2-de","13":"product_tag-rolly-munro-de","14":"product_tag-tiefe-hohlformen","15":"product_tag-tiefenbegrenzer-fur-drechselmeisel","16":"product_tag-wundercutt10-de","17":"desktop-align-left","18":"tablet-align-left","19":"mobile-align-left","20":"ast-product-gallery-layout-vertical-slider","21":"ast-product-single-variable","22":"ast-product-tabs-layout-horizontal","24":"first","25":"instock","26":"featured","27":"shipping-taxable","28":"purchasable","29":"product-type-variable"},"jetpack_publicize_connections":[],"jetpack-related-posts":[{"id":14125,"url":"https:\/\/guydutoit.com\/de\/product\/munro-hollowers-replacement-screw-sets\/","url_meta":{"origin":14135,"position":0},"title":"Munro Hollowers Ersatzschraubens\u00e4tze","author":"Guy du Toit","date":"22. August 2024","format":false,"excerpt":"Ersetzen Sie die Schrauben an Ihrem Munro Hollower durch neue Schrauben, die den Originalen entsprechen. Hochwertige Materialien, korrekte Gr\u00f6\u00dfe und Gewinde - machen Sie es richtig.","rel":"","context":"\u00c4hnlicher Beitrag","block_context":{"text":"\u00c4hnlicher Beitrag","link":""},"img":{"alt_text":"","src":"https:\/\/i0.wp.com\/guydutoit.com\/wp-content\/uploads\/2024\/08\/Munro-Hollowers-Replacement-Screw-Sets.png?fit=1200%2C675&ssl=1&resize=350%2C200","width":350,"height":200,"srcset":"https:\/\/i0.wp.com\/guydutoit.com\/wp-content\/uploads\/2024\/08\/Munro-Hollowers-Replacement-Screw-Sets.png?fit=1200%2C675&ssl=1&resize=350%2C200 1x, https:\/\/i0.wp.com\/guydutoit.com\/wp-content\/uploads\/2024\/08\/Munro-Hollowers-Replacement-Screw-Sets.png?fit=1200%2C675&ssl=1&resize=525%2C300 1.5x, https:\/\/i0.wp.com\/guydutoit.com\/wp-content\/uploads\/2024\/08\/Munro-Hollowers-Replacement-Screw-Sets.png?fit=1200%2C675&ssl=1&resize=700%2C400 2x, https:\/\/i0.wp.com\/guydutoit.com\/wp-content\/uploads\/2024\/08\/Munro-Hollowers-Replacement-Screw-Sets.png?fit=1200%2C675&ssl=1&resize=1050%2C600 3x"},"classes":[]},{"id":14123,"url":"https:\/\/guydutoit.com\/de\/product\/munro-wundercutt10-replacement-head\/","url_meta":{"origin":14135,"position":1},"title":"Munro Wundercutt10 Ersatzkopf","author":"Guy du Toit","date":"22. August 2024","format":false,"excerpt":"Bauen Sie Ihr eigenes Drechselwerkzeug zum Aush\u00f6hlen? Vielleicht haben Sie etwas wirklich Dummes getan und beschlossen, Ihr Werkzeug zu modifizieren und jetzt funktioniert es nicht mehr? Was auch immer die Gr\u00fcnde sind, wir k\u00f6nnen Ihnen so schnell wie m\u00f6glich einen neuen Ersatzkopf f\u00fcr Ihren Wundercutt10 schicken.","rel":"","context":"\u00c4hnlicher Beitrag","block_context":{"text":"\u00c4hnlicher Beitrag","link":""},"img":{"alt_text":"","src":"https:\/\/i0.wp.com\/guydutoit.com\/wp-content\/uploads\/2024\/08\/Munro-Wunderkutt10-Replacement-Head.png?fit=1200%2C1200&ssl=1&resize=350%2C200","width":350,"height":200,"srcset":"https:\/\/i0.wp.com\/guydutoit.com\/wp-content\/uploads\/2024\/08\/Munro-Wunderkutt10-Replacement-Head.png?fit=1200%2C1200&ssl=1&resize=350%2C200 1x, https:\/\/i0.wp.com\/guydutoit.com\/wp-content\/uploads\/2024\/08\/Munro-Wunderkutt10-Replacement-Head.png?fit=1200%2C1200&ssl=1&resize=525%2C300 1.5x, https:\/\/i0.wp.com\/guydutoit.com\/wp-content\/uploads\/2024\/08\/Munro-Wunderkutt10-Replacement-Head.png?fit=1200%2C1200&ssl=1&resize=700%2C400 2x, https:\/\/i0.wp.com\/guydutoit.com\/wp-content\/uploads\/2024\/08\/Munro-Wunderkutt10-Replacement-Head.png?fit=1200%2C1200&ssl=1&resize=1050%2C600 3x"},"classes":[]},{"id":14165,"url":"https:\/\/guydutoit.com\/de\/product\/replacement-tungsten-carbide-cutting-wheels\/","url_meta":{"origin":14135,"position":2},"title":"Munro Hartmetall-Schneidrad","author":"Guy du Toit","date":"10. August 2024","format":false,"excerpt":"Pr\u00e4zise Ersatz-Schneidr\u00e4der aus Wolframkarbid f\u00fcr Munro Drechselwerkzeuge. Erleben Sie \u00fcberlegene Schneidleistung und Langlebigkeit.","rel":"","context":"\u00c4hnlicher Beitrag","block_context":{"text":"\u00c4hnlicher Beitrag","link":""},"img":{"alt_text":"Munro Wolframkarbid-Schneidplatten","src":"https:\/\/i0.wp.com\/guydutoit.com\/wp-content\/uploads\/2024\/08\/Munro-Tungsten-Carbide-Cutting-Wheels-With-Screw-In.png?fit=1200%2C867&ssl=1&resize=350%2C200","width":350,"height":200,"srcset":"https:\/\/i0.wp.com\/guydutoit.com\/wp-content\/uploads\/2024\/08\/Munro-Tungsten-Carbide-Cutting-Wheels-With-Screw-In.png?fit=1200%2C867&ssl=1&resize=350%2C200 1x, https:\/\/i0.wp.com\/guydutoit.com\/wp-content\/uploads\/2024\/08\/Munro-Tungsten-Carbide-Cutting-Wheels-With-Screw-In.png?fit=1200%2C867&ssl=1&resize=525%2C300 1.5x, https:\/\/i0.wp.com\/guydutoit.com\/wp-content\/uploads\/2024\/08\/Munro-Tungsten-Carbide-Cutting-Wheels-With-Screw-In.png?fit=1200%2C867&ssl=1&resize=700%2C400 2x, https:\/\/i0.wp.com\/guydutoit.com\/wp-content\/uploads\/2024\/08\/Munro-Tungsten-Carbide-Cutting-Wheels-With-Screw-In.png?fit=1200%2C867&ssl=1&resize=1050%2C600 3x"},"classes":[]},{"id":14149,"url":"https:\/\/guydutoit.com\/de\/product\/munro-sharpening-dowel\/","url_meta":{"origin":14135,"position":3},"title":"Munro Sch\u00e4rfd\u00fcbel","author":"Guy du Toit","date":"16. August 2024","format":false,"excerpt":"Pr\u00e4zisionssch\u00e4rfd\u00fcbel zum Sch\u00e4rfen von Hartmetall-Schneidr\u00e4dern f\u00fcr Munro Drechselwerkzeuge. Erleben Sie \u00fcberlegene Schneidleistung und Langlebigkeit.","rel":"","context":"\u00c4hnlicher Beitrag","block_context":{"text":"\u00c4hnlicher Beitrag","link":""},"img":{"alt_text":"Munro Sch\u00e4rfd\u00fcbel f\u00fcr Wolframkarbid-Schleifscheiben","src":"https:\/\/i0.wp.com\/guydutoit.com\/wp-content\/uploads\/2024\/11\/Munro-Sharpening-Dowel-for-Tungsten-Carbide-Cutting-Wheels.png?fit=678%2C806&ssl=1&resize=350%2C200","width":350,"height":200,"srcset":"https:\/\/i0.wp.com\/guydutoit.com\/wp-content\/uploads\/2024\/11\/Munro-Sharpening-Dowel-for-Tungsten-Carbide-Cutting-Wheels.png?fit=678%2C806&ssl=1&resize=350%2C200 1x, https:\/\/i0.wp.com\/guydutoit.com\/wp-content\/uploads\/2024\/11\/Munro-Sharpening-Dowel-for-Tungsten-Carbide-Cutting-Wheels.png?fit=678%2C806&ssl=1&resize=525%2C300 1.5x"},"classes":[]},{"id":14159,"url":"https:\/\/guydutoit.com\/de\/product\/woodturning-shear-scraping-attachments\/","url_meta":{"origin":14135,"position":4},"title":"Munro Arikulierte Scherenschaber","author":"Guy du Toit","date":"10. August 2024","format":false,"excerpt":"Pr\u00e4zisionsschaber f\u00fcr Drechslerarbeiten. Erzielen Sie makellose Oberfl\u00e4chen mit unserem gelenkigen Schaber und den Ersatzklingen.","rel":"","context":"\u00c4hnlicher Beitrag","block_context":{"text":"\u00c4hnlicher Beitrag","link":""},"img":{"alt_text":"Munro Scherenschaber","src":"https:\/\/i0.wp.com\/guydutoit.com\/wp-content\/uploads\/2024\/11\/Munro-Shear-Scrapers.png?fit=1099%2C1200&ssl=1&resize=350%2C200","width":350,"height":200,"srcset":"https:\/\/i0.wp.com\/guydutoit.com\/wp-content\/uploads\/2024\/11\/Munro-Shear-Scrapers.png?fit=1099%2C1200&ssl=1&resize=350%2C200 1x, https:\/\/i0.wp.com\/guydutoit.com\/wp-content\/uploads\/2024\/11\/Munro-Shear-Scrapers.png?fit=1099%2C1200&ssl=1&resize=525%2C300 1.5x, https:\/\/i0.wp.com\/guydutoit.com\/wp-content\/uploads\/2024\/11\/Munro-Shear-Scrapers.png?fit=1099%2C1200&ssl=1&resize=700%2C400 2x, https:\/\/i0.wp.com\/guydutoit.com\/wp-content\/uploads\/2024\/11\/Munro-Shear-Scrapers.png?fit=1099%2C1200&ssl=1&resize=1050%2C600 3x"},"classes":[]},{"id":14245,"url":"https:\/\/guydutoit.com\/de\/product\/rolly-munro-articulated-mega2-hollowing-tool\/","url_meta":{"origin":14135,"position":5},"title":"Munro Mega2 Aush\u00f6hlwerkzeug","author":"Guy du Toit","date":"8. August 2024","format":false,"excerpt":"Beherrschen Sie gro\u00dfe Hohlformen mit Pr\u00e4zision und Leichtigkeit mit dem MEGA2-Gelenkwerkzeug von Rolly Munro. Gebaut f\u00fcr Kontrolle, Komfort und Langlebigkeit.","rel":"","context":"\u00c4hnlicher Beitrag","block_context":{"text":"\u00c4hnlicher Beitrag","link":""},"img":{"alt_text":"","src":"https:\/\/i0.wp.com\/guydutoit.com\/wp-content\/uploads\/2024\/08\/Munro-Mega2-Package-png.webp?fit=1200%2C1200&ssl=1&resize=350%2C200","width":350,"height":200,"srcset":"https:\/\/i0.wp.com\/guydutoit.com\/wp-content\/uploads\/2024\/08\/Munro-Mega2-Package-png.webp?fit=1200%2C1200&ssl=1&resize=350%2C200 1x, https:\/\/i0.wp.com\/guydutoit.com\/wp-content\/uploads\/2024\/08\/Munro-Mega2-Package-png.webp?fit=1200%2C1200&ssl=1&resize=525%2C300 1.5x, https:\/\/i0.wp.com\/guydutoit.com\/wp-content\/uploads\/2024\/08\/Munro-Mega2-Package-png.webp?fit=1200%2C1200&ssl=1&resize=700%2C400 2x, https:\/\/i0.wp.com\/guydutoit.com\/wp-content\/uploads\/2024\/08\/Munro-Mega2-Package-png.webp?fit=1200%2C1200&ssl=1&resize=1050%2C600 3x"},"classes":[]}],"jetpack_sharing_enabled":true,"jetpack_likes_enabled":true,"_links":{"self":[{"href":"https:\/\/guydutoit.com\/de\/wp-json\/wp\/v2\/product\/14135","targetHints":{"allow":["GET"]}}],"collection":[{"href":"https:\/\/guydutoit.com\/de\/wp-json\/wp\/v2\/product"}],"about":[{"href":"https:\/\/guydutoit.com\/de\/wp-json\/wp\/v2\/types\/product"}],"replies":[{"embeddable":true,"href":"https:\/\/guydutoit.com\/de\/wp-json\/wp\/v2\/comments?post=14135"}],"wp:featuredmedia":[{"embeddable":true,"href":"https:\/\/guydutoit.com\/de\/wp-json\/wp\/v2\/media\/13261"}],"wp:attachment":[{"href":"https:\/\/guydutoit.com\/de\/wp-json\/wp\/v2\/media?parent=14135"}],"wp:term":[{"taxonomy":"product_brand","embeddable":true,"href":"https:\/\/guydutoit.com\/de\/wp-json\/wp\/v2\/product_brand?post=14135"},{"taxonomy":"product_cat","embeddable":true,"href":"https:\/\/guydutoit.com\/de\/wp-json\/wp\/v2\/product_cat?post=14135"},{"taxonomy":"product_tag","embeddable":true,"href":"https:\/\/guydutoit.com\/de\/wp-json\/wp\/v2\/product_tag?post=14135"}],"curies":[{"name":"wp","href":"https:\/\/api.w.org\/{rel}","templated":true}]}}