{"id":14159,"date":"2024-08-10T20:38:55","date_gmt":"2024-08-10T19:38:55","guid":{"rendered":"http:\/\/guydutoit.com\/shop-online\/unkategorisiert\/woodturning-shear-scraping-attachments\/"},"modified":"2026-04-13T13:04:10","modified_gmt":"2026-04-13T12:04:10","slug":"woodturning-shear-scraping-attachments","status":"publish","type":"product","link":"https:\/\/guydutoit.com\/de\/product\/woodturning-shear-scraping-attachments\/","title":{"rendered":"Munro Arikulierte Scherenschaber"},"content":{"rendered":"<h1>W\u00e4hlen Sie die L\u00f6sung f\u00fcr das Drechseln mit der Schere, um ultrafeine Oberfl\u00e4chen zu erzeugen<\/h1>\n<p>Wenn es darum geht, die glattesten und feinsten Oberfl\u00e4chen beim Drechseln zu erzielen, sind die <strong>Drechselscheren<\/strong> von Munro die ideale Wahl. Speziell f\u00fcr Drechsler entwickelt, die Wert auf Pr\u00e4zision und Effizienz legen, sorgen diese Zubeh\u00f6rteile daf\u00fcr, dass Ihre Werkst\u00fccke die sorgf\u00e4ltige Pflege erhalten, die sie verdienen. Ganz gleich, ob Sie komplizierte Hohlformen oder gro\u00dfe Schalen bearbeiten, mit diesen Schabemessern schaffen Sie ultrafeine Oberfl\u00e4chen, die mit anderen Werkzeugen nur schwer zu erreichen sind.<\/p>\n<h2>Warum sollten Sie sich f\u00fcr Munro Scherensch\u00fcrfger\u00e4te entscheiden?<\/h2>\n<p>Die Scherensch\u00fcrfger\u00e4te von Munro zeichnen sich durch ihre au\u00dfergew\u00f6hnliche Verarbeitungsqualit\u00e4t und ihr innovatives Design aus. Jede Klinge ist mit einer sich st\u00e4ndig ver\u00e4ndernden Kurve versehen, so dass Sie mit Leichtigkeit einer Vielzahl von Konturen folgen k\u00f6nnen. Die Klingen aus Hochgeschwindigkeitsstahl (HSS) bieten eine hervorragende Haltbarkeit und Sch\u00e4rfe und sorgen f\u00fcr gleichm\u00e4\u00dfige, saubere Schnitte bei verschiedenen Holzarten. Diese Aufs\u00e4tze sind in zwei Gr\u00f6\u00dfen erh\u00e4ltlich, die f\u00fcr verschiedene Werkzeugsch\u00e4fte geeignet sind, was sie zu einer vielseitigen Erg\u00e4nzung Ihres Drechselwerkzeugsatzes macht.<\/p>\n<h3>Merkmale der Munro Gelenkschere Scraper<\/h3>\n<h4>Hochpr\u00e4zise Schabemesser<\/h4>\n<p>Die Schabemesser von Munro sind mit einer sich st\u00e4ndig ver\u00e4ndernden Kurve geformt, um sich den verschiedenen Konturen Ihres Werkst\u00fccks anzupassen. Dieses einzigartige Design sorgt daf\u00fcr, dass die Klinge den Kontakt mit der Holzoberfl\u00e4che aufrechterh\u00e4lt, so dass glatte, pr\u00e4zise Sp\u00e4ne entstehen und die Notwendigkeit eines umfangreichen Schleifens reduziert wird.<\/p>\n<p><img data-recalc-dims=\"1\" decoding=\"async\" class=\"size-medium wp-image-9753\" src=\"https:\/\/i0.wp.com\/guydutoit.com\/wp-content\/uploads\/2024\/11\/Munro-Shear-Scraper-Illustration-1.png?resize=300%2C152&#038;ssl=1\" alt=\"Munro Scherenschaber Abbildung 1\" width=\"300\" height=\"152\" srcset=\"https:\/\/i0.wp.com\/guydutoit.com\/wp-content\/uploads\/2024\/11\/Munro-Shear-Scraper-Illustration-1.png?resize=300%2C152&amp;ssl=1 300w, https:\/\/i0.wp.com\/guydutoit.com\/wp-content\/uploads\/2024\/11\/Munro-Shear-Scraper-Illustration-1.png?resize=1024%2C519&amp;ssl=1 1024w, https:\/\/i0.wp.com\/guydutoit.com\/wp-content\/uploads\/2024\/11\/Munro-Shear-Scraper-Illustration-1.png?resize=768%2C389&amp;ssl=1 768w, https:\/\/i0.wp.com\/guydutoit.com\/wp-content\/uploads\/2024\/11\/Munro-Shear-Scraper-Illustration-1.png?resize=1536%2C778&amp;ssl=1 1536w, https:\/\/i0.wp.com\/guydutoit.com\/wp-content\/uploads\/2024\/11\/Munro-Shear-Scraper-Illustration-1.png?resize=600%2C304&amp;ssl=1 600w, https:\/\/i0.wp.com\/guydutoit.com\/wp-content\/uploads\/2024\/11\/Munro-Shear-Scraper-Illustration-1.png?w=1728&amp;ssl=1 1728w\" sizes=\"(max-width: 300px) 100vw, 300px\" \/><\/p>\n<p>&nbsp;<\/p>\n<h4>Vielseitiges Gliederdesign<\/h4>\n<p>Die gelenkige Konstruktion des Schaberhalters erm\u00f6glicht es Ihnen, den Klingenwinkel entsprechend der Faserrichtung und der Drehung der Drehmaschine einzustellen. Diese Flexibilit\u00e4t gew\u00e4hrleistet, dass Sie sowohl auf Hirnholz- als auch auf Querholzoberfl\u00e4chen das bestm\u00f6gliche Ergebnis erzielen k\u00f6nnen.<\/p>\n<p><img data-recalc-dims=\"1\" fetchpriority=\"high\" decoding=\"async\" class=\"size-medium wp-image-9754 aligncenter\" src=\"https:\/\/i0.wp.com\/guydutoit.com\/wp-content\/uploads\/2024\/11\/Munro-Shear-Scraper-Illustration-2.png?resize=300%2C251&#038;ssl=1\" alt=\"Munro Scherenschaber Illustration 2\" width=\"300\" height=\"251\" srcset=\"https:\/\/i0.wp.com\/guydutoit.com\/wp-content\/uploads\/2024\/11\/Munro-Shear-Scraper-Illustration-2.png?resize=300%2C251&amp;ssl=1 300w, https:\/\/i0.wp.com\/guydutoit.com\/wp-content\/uploads\/2024\/11\/Munro-Shear-Scraper-Illustration-2.png?resize=1024%2C858&amp;ssl=1 1024w, https:\/\/i0.wp.com\/guydutoit.com\/wp-content\/uploads\/2024\/11\/Munro-Shear-Scraper-Illustration-2.png?resize=768%2C644&amp;ssl=1 768w, https:\/\/i0.wp.com\/guydutoit.com\/wp-content\/uploads\/2024\/11\/Munro-Shear-Scraper-Illustration-2.png?resize=600%2C503&amp;ssl=1 600w, https:\/\/i0.wp.com\/guydutoit.com\/wp-content\/uploads\/2024\/11\/Munro-Shear-Scraper-Illustration-2.png?w=1044&amp;ssl=1 1044w\" sizes=\"(max-width: 300px) 100vw, 300px\" \/><\/p>\n<p><img data-recalc-dims=\"1\" decoding=\"async\" class=\"size-medium wp-image-9755 aligncenter\" src=\"https:\/\/i0.wp.com\/guydutoit.com\/wp-content\/uploads\/2024\/11\/Munro-Shear-Scraper-Illustration-3.png?resize=300%2C245&#038;ssl=1\" alt=\"Munro Scherenschaber Abbildung 3\" width=\"300\" height=\"245\" srcset=\"https:\/\/i0.wp.com\/guydutoit.com\/wp-content\/uploads\/2024\/11\/Munro-Shear-Scraper-Illustration-3.png?resize=300%2C245&amp;ssl=1 300w, https:\/\/i0.wp.com\/guydutoit.com\/wp-content\/uploads\/2024\/11\/Munro-Shear-Scraper-Illustration-3.png?resize=1024%2C835&amp;ssl=1 1024w, https:\/\/i0.wp.com\/guydutoit.com\/wp-content\/uploads\/2024\/11\/Munro-Shear-Scraper-Illustration-3.png?resize=768%2C626&amp;ssl=1 768w, https:\/\/i0.wp.com\/guydutoit.com\/wp-content\/uploads\/2024\/11\/Munro-Shear-Scraper-Illustration-3.png?resize=1536%2C1252&amp;ssl=1 1536w, https:\/\/i0.wp.com\/guydutoit.com\/wp-content\/uploads\/2024\/11\/Munro-Shear-Scraper-Illustration-3.png?resize=600%2C489&amp;ssl=1 600w, https:\/\/i0.wp.com\/guydutoit.com\/wp-content\/uploads\/2024\/11\/Munro-Shear-Scraper-Illustration-3.png?w=1541&amp;ssl=1 1541w\" sizes=\"(max-width: 300px) 100vw, 300px\" \/><\/p>\n<h4>Erh\u00e4ltlich in zwei Gr\u00f6\u00dfen<\/h4>\n<p>Munro bietet diese Scherenschaberaufs\u00e4tze in zwei Gr\u00f6\u00dfen an: einen 1\/2&#8243;-Mini-Schaber und eine gr\u00f6\u00dfere Version f\u00fcr 5\/8&#8243;-Sch\u00e4fte. Beide Gr\u00f6\u00dfen sind mit verschiedenen Munro-Hohlmei\u00dfeln kompatibel, so dass Sie f\u00fcr jedes Drechselprojekt das richtige Werkzeug haben.<\/p>\n<h3>So verwenden Sie Munro Scherenschaber f\u00fcr beste Ergebnisse<\/h3>\n<h4>Cross Grain Bowl Scraping<\/h4>\n<p>Montieren Sie den Abstreifer an der Vorderseite des Werkzeughalters. Die Klinge zeigt nach WEG von Ihnen, w\u00e4hrend der Werkzeughalter nach LINKS zeigt. Drehen Sie die Klinge in eine Position, in der die Kante am besten mit der Kr\u00fcmmung der ausgeh\u00f6hlten Form \u00fcbereinstimmt. Das bedeutet, dass die Schabewirkung MIT der Maserung des Holzes arbeitet.<\/p>\n<p>Der Werkzeuggriff und der Schaft werden HORIZONTAL und ungef\u00e4hr in einer Linie mit der Achse des Werkst\u00fccks gehalten. W\u00e4hrend die Fase fast am rotierenden Werkst\u00fcck reibt, wird die Klinge sanft vorgef\u00fchrt, wodurch eine feine Schabung und Staub entsteht, w\u00e4hrend sich das Werkzeug langsam und stetig zum unteren Totpunkt des Werkst\u00fccks bewegt.<\/p>\n<figure id=\"attachment_22277\" aria-describedby=\"caption-attachment-22277\" style=\"width: 300px\" class=\"wp-caption alignnone\"><a href=\"https:\/\/guydutoit.com\/?attachment_id=22277\" rel=\"attachment wp-att-22277\"><img data-recalc-dims=\"1\" loading=\"lazy\" decoding=\"async\" class=\"size-medium wp-image-22277\" src=\"https:\/\/i0.wp.com\/guydutoit.com\/wp-content\/uploads\/2024\/08\/Munro-Shear-Scraper-Cross-Grain-Scraping.png?resize=300%2C228&#038;ssl=1\" alt=\"Munro Querkornschere mit Schabewerkzeug\" width=\"300\" height=\"228\" srcset=\"https:\/\/i0.wp.com\/guydutoit.com\/wp-content\/uploads\/2024\/08\/Munro-Shear-Scraper-Cross-Grain-Scraping.png?resize=300%2C228&amp;ssl=1 300w, https:\/\/i0.wp.com\/guydutoit.com\/wp-content\/uploads\/2024\/08\/Munro-Shear-Scraper-Cross-Grain-Scraping.png?resize=1024%2C778&amp;ssl=1 1024w, https:\/\/i0.wp.com\/guydutoit.com\/wp-content\/uploads\/2024\/08\/Munro-Shear-Scraper-Cross-Grain-Scraping.png?resize=768%2C583&amp;ssl=1 768w, https:\/\/i0.wp.com\/guydutoit.com\/wp-content\/uploads\/2024\/08\/Munro-Shear-Scraper-Cross-Grain-Scraping.png?resize=1536%2C1167&amp;ssl=1 1536w, https:\/\/i0.wp.com\/guydutoit.com\/wp-content\/uploads\/2024\/08\/Munro-Shear-Scraper-Cross-Grain-Scraping.png?resize=2048%2C1556&amp;ssl=1 2048w, https:\/\/i0.wp.com\/guydutoit.com\/wp-content\/uploads\/2024\/08\/Munro-Shear-Scraper-Cross-Grain-Scraping.png?resize=600%2C456&amp;ssl=1 600w\" sizes=\"(max-width: 300px) 100vw, 300px\" \/><\/a><figcaption id=\"caption-attachment-22277\" class=\"wp-caption-text\">Wie man mit dem Munro-Scherensch\u00e4ler quer zur Faser sch\u00e4lt<\/figcaption><\/figure>\n<p>Dieser Vorgang wird so lange wiederholt, bis alle Werkzeugspuren und Defekte beseitigt sind und die gew\u00fcnschten Innenkonturen erreicht sind.<\/p>\n<p>Dieses Werkzeug ist NUR f\u00fcr feine Schlichtschnitte geeignet. Wenn Sie feststellen, dass das Werkzeug einen \u00fcberm\u00e4\u00dfigen Druck auf das Werkst\u00fcck aus\u00fcbt, ist es wahrscheinlich an der Zeit, die Klinge zu sch\u00e4rfen.<\/p>\n<h4>Sch\u00e4len von Hirnholzschalen<\/h4>\n<p>Montieren Sie die Abstreifklinge so, dass sie mit der Werkzeughalterung nach LINKS zu Ihnen zeigt. Drehen Sie die Klinge in eine Position, in der die Kante am besten mit der Kr\u00fcmmung der ausgeh\u00f6hlten Form \u00fcbereinstimmt.<\/p>\n<p>Der Werkzeuggriff und der Schaft werden HORIZONTAL und ungef\u00e4hr in einer Linie mit der Achse des Werkst\u00fccks gehalten. W\u00e4hrend die Fase fast am rotierenden Werkst\u00fcck reibt und sich das Werkzeug in Richtung der Werkst\u00fcck\u00f6ffnung bewegt, wird die Klinge sanft pr\u00e4sentiert, wodurch eine feine Rasur und Staub entsteht.<\/p>\n<figure id=\"attachment_22276\" aria-describedby=\"caption-attachment-22276\" style=\"width: 300px\" class=\"wp-caption alignnone\"><a href=\"https:\/\/guydutoit.com\/?attachment_id=22276\" rel=\"attachment wp-att-22276\"><img data-recalc-dims=\"1\" loading=\"lazy\" decoding=\"async\" class=\"size-medium wp-image-22276\" src=\"https:\/\/i0.wp.com\/guydutoit.com\/wp-content\/uploads\/2024\/08\/End-grain-scraping.png?resize=300%2C224&#038;ssl=1\" alt=\"Munro Schaber f\u00fcr Hirnholzscheren\" width=\"300\" height=\"224\" srcset=\"https:\/\/i0.wp.com\/guydutoit.com\/wp-content\/uploads\/2024\/08\/End-grain-scraping.png?resize=300%2C224&amp;ssl=1 300w, https:\/\/i0.wp.com\/guydutoit.com\/wp-content\/uploads\/2024\/08\/End-grain-scraping.png?resize=1024%2C766&amp;ssl=1 1024w, https:\/\/i0.wp.com\/guydutoit.com\/wp-content\/uploads\/2024\/08\/End-grain-scraping.png?resize=768%2C575&amp;ssl=1 768w, https:\/\/i0.wp.com\/guydutoit.com\/wp-content\/uploads\/2024\/08\/End-grain-scraping.png?resize=1536%2C1149&amp;ssl=1 1536w, https:\/\/i0.wp.com\/guydutoit.com\/wp-content\/uploads\/2024\/08\/End-grain-scraping.png?resize=2048%2C1533&amp;ssl=1 2048w, https:\/\/i0.wp.com\/guydutoit.com\/wp-content\/uploads\/2024\/08\/End-grain-scraping.png?resize=600%2C449&amp;ssl=1 600w\" sizes=\"(max-width: 300px) 100vw, 300px\" \/><\/a><figcaption id=\"caption-attachment-22276\" class=\"wp-caption-text\">Wie man den Hirnholzstreifen schert<\/figcaption><\/figure>\n<p>Dieser Vorgang wird so lange wiederholt, bis alle Werkzeugspuren und Defekte beseitigt sind und die gew\u00fcnschten Innenkonturen erreicht sind.<\/p>\n<p>Dieses Werkzeug ist NUR f\u00fcr feine Schlichtschnitte geeignet. Wenn Sie feststellen, dass das Werkzeug einen \u00fcberm\u00e4\u00dfigen Druck auf das Werkst\u00fcck aus\u00fcbt, ist es wahrscheinlich an der Zeit, die Klinge zu sch\u00e4rfen.<\/p>\n<h3>Was im Kit enthalten ist<\/h3>\n<p>Jedes Munro Scherenaufsatz-Kit enth\u00e4lt ein hochwertiges Schabmesser, einen haltbaren Werkzeughalter und alle notwendigen Teile f\u00fcr eine einfache Installation. Der Bausatz ist in zwei Gr\u00f6\u00dfen erh\u00e4ltlich, die zu verschiedenen Werkzeugsch\u00e4ften passen. Damit haben Sie die perfekte L\u00f6sung f\u00fcr jedes Drechselprojekt.<\/p>\n<h3>Munro Scherensch\u00fcrfger\u00e4te heute kaufen<\/h3>\n<p>Investieren Sie in Munro&#8217;s <strong>Drechselscheren-Schabeaufs\u00e4tze<\/strong>, um Ihr Drechselhandwerk zu verbessern. Mit diesen Werkzeugen erzielen Sie glattere, feinere Oberfl\u00e4chen, die Ihre Projekte hervorstechen lassen. Bestellen Sie noch heute Ihr Scherenschabeset und erleben Sie den Unterschied, den Munro in Ihrer Werkstatt machen kann.<\/p>\n","protected":false},"excerpt":{"rendered":"<p>Pr\u00e4zisionsschaber f\u00fcr Drechslerarbeiten. Erzielen Sie makellose Oberfl\u00e4chen mit unserem gelenkigen Schaber und den Ersatzklingen. <\/p>\n","protected":false},"featured_media":11165,"comment_status":"open","ping_status":"closed","template":"","meta":{"site-sidebar-layout":"default","site-content-layout":"","ast-site-content-layout":"default","site-content-style":"default","site-sidebar-style":"default","ast-global-header-display":"","ast-banner-title-visibility":"","ast-main-header-display":"","ast-hfb-above-header-display":"","ast-hfb-below-header-display":"","ast-hfb-mobile-header-display":"","site-post-title":"","ast-breadcrumbs-content":"","ast-featured-img":"","footer-sml-layout":"","ast-disable-related-posts":"","theme-transparent-header-meta":"default","adv-header-id-meta":"","stick-header-meta":"default","header-above-stick-meta":"","header-main-stick-meta":"","header-below-stick-meta":"","astra-migrate-meta-layouts":"default","ast-page-background-enabled":"default","ast-page-background-meta":{"desktop":{"background-color":"var(--ast-global-color-4)","background-image":"","background-repeat":"repeat","background-position":"center center","background-size":"auto","background-attachment":"scroll","background-type":"","background-media":"","overlay-type":"","overlay-color":"","overlay-opacity":"","overlay-gradient":""},"tablet":{"background-color":"","background-image":"","background-repeat":"repeat","background-position":"center center","background-size":"auto","background-attachment":"scroll","background-type":"","background-media":"","overlay-type":"","overlay-color":"","overlay-opacity":"","overlay-gradient":""},"mobile":{"background-color":"","background-image":"","background-repeat":"repeat","background-position":"center center","background-size":"auto","background-attachment":"scroll","background-type":"","background-media":"","overlay-type":"","overlay-color":"","overlay-opacity":"","overlay-gradient":""}},"ast-content-background-meta":{"desktop":{"background-color":"var(--ast-global-color-5)","background-image":"","background-repeat":"repeat","background-position":"center center","background-size":"auto","background-attachment":"scroll","background-type":"","background-media":"","overlay-type":"","overlay-color":"","overlay-opacity":"","overlay-gradient":""},"tablet":{"background-color":"var(--ast-global-color-5)","background-image":"","background-repeat":"repeat","background-position":"center center","background-size":"auto","background-attachment":"scroll","background-type":"","background-media":"","overlay-type":"","overlay-color":"","overlay-opacity":"","overlay-gradient":""},"mobile":{"background-color":"var(--ast-global-color-5)","background-image":"","background-repeat":"repeat","background-position":"center center","background-size":"auto","background-attachment":"scroll","background-type":"","background-media":"","overlay-type":"","overlay-color":"","overlay-opacity":"","overlay-gradient":""}},"jetpack_post_was_ever_published":false,"jetpack_publicize_message":"","jetpack_publicize_feature_enabled":true,"jetpack_social_post_already_shared":false,"jetpack_social_options":{"image_generator_settings":{"template":"highway","default_image_id":0,"font":"","enabled":false},"version":2}},"product_brand":[],"product_cat":[383],"product_tag":[241,122,242,145,149,240,243],"class_list":{"0":"post-14159","1":"product","2":"type-product","3":"status-publish","4":"has-post-thumbnail","6":"product_cat-munro-werkzeuge","7":"product_tag-abstreifklingen","8":"product_tag-drechselzubehor","9":"product_tag-knickspachtel","10":"product_tag-munro-werkzeuge","11":"product_tag-prazisionsdrechseln","12":"product_tag-scherenschaben","13":"product_tag-werkzeuge-fur-die-holzbearbeitung","14":"desktop-align-left","15":"tablet-align-left","16":"mobile-align-left","17":"ast-product-gallery-layout-vertical-slider","18":"ast-product-single-variable","19":"ast-product-tabs-layout-horizontal","21":"first","22":"instock","23":"shipping-taxable","24":"purchasable","25":"product-type-variable"},"jetpack_publicize_connections":[],"jetpack-related-posts":[{"id":14165,"url":"https:\/\/guydutoit.com\/de\/product\/replacement-tungsten-carbide-cutting-wheels\/","url_meta":{"origin":14159,"position":0},"title":"Munro Hartmetall-Schneidrad","author":"Guy du Toit","date":"10. August 2024","format":false,"excerpt":"Pr\u00e4zise Ersatz-Schneidr\u00e4der aus Wolframkarbid f\u00fcr Munro Drechselwerkzeuge. Erleben Sie \u00fcberlegene Schneidleistung und Langlebigkeit.","rel":"","context":"\u00c4hnlicher Beitrag","block_context":{"text":"\u00c4hnlicher Beitrag","link":""},"img":{"alt_text":"Munro Wolframkarbid-Schneidplatten","src":"https:\/\/i0.wp.com\/guydutoit.com\/wp-content\/uploads\/2024\/08\/Munro-Tungsten-Carbide-Cutting-Wheels-With-Screw-In.png?fit=1200%2C867&ssl=1&resize=350%2C200","width":350,"height":200,"srcset":"https:\/\/i0.wp.com\/guydutoit.com\/wp-content\/uploads\/2024\/08\/Munro-Tungsten-Carbide-Cutting-Wheels-With-Screw-In.png?fit=1200%2C867&ssl=1&resize=350%2C200 1x, https:\/\/i0.wp.com\/guydutoit.com\/wp-content\/uploads\/2024\/08\/Munro-Tungsten-Carbide-Cutting-Wheels-With-Screw-In.png?fit=1200%2C867&ssl=1&resize=525%2C300 1.5x, https:\/\/i0.wp.com\/guydutoit.com\/wp-content\/uploads\/2024\/08\/Munro-Tungsten-Carbide-Cutting-Wheels-With-Screw-In.png?fit=1200%2C867&ssl=1&resize=700%2C400 2x, https:\/\/i0.wp.com\/guydutoit.com\/wp-content\/uploads\/2024\/08\/Munro-Tungsten-Carbide-Cutting-Wheels-With-Screw-In.png?fit=1200%2C867&ssl=1&resize=1050%2C600 3x"},"classes":[]},{"id":14149,"url":"https:\/\/guydutoit.com\/de\/product\/munro-sharpening-dowel\/","url_meta":{"origin":14159,"position":1},"title":"Munro Sch\u00e4rfd\u00fcbel","author":"Guy du Toit","date":"16. August 2024","format":false,"excerpt":"Pr\u00e4zisionssch\u00e4rfd\u00fcbel zum Sch\u00e4rfen von Hartmetall-Schneidr\u00e4dern f\u00fcr Munro Drechselwerkzeuge. Erleben Sie \u00fcberlegene Schneidleistung und Langlebigkeit.","rel":"","context":"\u00c4hnlicher Beitrag","block_context":{"text":"\u00c4hnlicher Beitrag","link":""},"img":{"alt_text":"Munro Sch\u00e4rfd\u00fcbel f\u00fcr Wolframkarbid-Schleifscheiben","src":"https:\/\/i0.wp.com\/guydutoit.com\/wp-content\/uploads\/2024\/11\/Munro-Sharpening-Dowel-for-Tungsten-Carbide-Cutting-Wheels.png?fit=678%2C806&ssl=1&resize=350%2C200","width":350,"height":200,"srcset":"https:\/\/i0.wp.com\/guydutoit.com\/wp-content\/uploads\/2024\/11\/Munro-Sharpening-Dowel-for-Tungsten-Carbide-Cutting-Wheels.png?fit=678%2C806&ssl=1&resize=350%2C200 1x, https:\/\/i0.wp.com\/guydutoit.com\/wp-content\/uploads\/2024\/11\/Munro-Sharpening-Dowel-for-Tungsten-Carbide-Cutting-Wheels.png?fit=678%2C806&ssl=1&resize=525%2C300 1.5x"},"classes":[]},{"id":14247,"url":"https:\/\/guydutoit.com\/de\/product\/munro-minimum6-articulating-hollowing-tool\/","url_meta":{"origin":14159,"position":2},"title":"Munro Minimum6 Gelenk-Hohlmei\u00dfel","author":"Guy du Toit","date":"8. August 2024","format":false,"excerpt":"\u00dcberwinden Sie m\u00fchelos enge \u00d6ffnungen mit dem Minimum6 Gelenkhohlmei\u00dfel. Dieses revolution\u00e4re Werkzeug von Rolly Munro bietet un\u00fcbertroffene Pr\u00e4zision, Kontrolle und Langlebigkeit bei der Herstellung beeindruckender Hohlformen. Das Minimum6 Articulating Tool von Rolly Munro ist die ultimative L\u00f6sung f\u00fcr Drechsler, die die Kunst des Aush\u00f6hlens beherrschen wollen. Dieses innovative Werkzeug wurde\u2026","rel":"","context":"\u00c4hnlicher Beitrag","block_context":{"text":"\u00c4hnlicher Beitrag","link":""},"img":{"alt_text":"","src":"https:\/\/i0.wp.com\/guydutoit.com\/wp-content\/uploads\/2024\/08\/Munro-Minimun6-Articulating-Package-png.webp?fit=1200%2C1200&ssl=1&resize=350%2C200","width":350,"height":200,"srcset":"https:\/\/i0.wp.com\/guydutoit.com\/wp-content\/uploads\/2024\/08\/Munro-Minimun6-Articulating-Package-png.webp?fit=1200%2C1200&ssl=1&resize=350%2C200 1x, https:\/\/i0.wp.com\/guydutoit.com\/wp-content\/uploads\/2024\/08\/Munro-Minimun6-Articulating-Package-png.webp?fit=1200%2C1200&ssl=1&resize=525%2C300 1.5x, https:\/\/i0.wp.com\/guydutoit.com\/wp-content\/uploads\/2024\/08\/Munro-Minimun6-Articulating-Package-png.webp?fit=1200%2C1200&ssl=1&resize=700%2C400 2x, https:\/\/i0.wp.com\/guydutoit.com\/wp-content\/uploads\/2024\/08\/Munro-Minimun6-Articulating-Package-png.webp?fit=1200%2C1200&ssl=1&resize=1050%2C600 3x"},"classes":[]},{"id":14245,"url":"https:\/\/guydutoit.com\/de\/product\/rolly-munro-articulated-mega2-hollowing-tool\/","url_meta":{"origin":14159,"position":3},"title":"Munro Mega2 Aush\u00f6hlwerkzeug","author":"Guy du Toit","date":"8. August 2024","format":false,"excerpt":"Beherrschen Sie gro\u00dfe Hohlformen mit Pr\u00e4zision und Leichtigkeit mit dem MEGA2-Gelenkwerkzeug von Rolly Munro. Gebaut f\u00fcr Kontrolle, Komfort und Langlebigkeit.","rel":"","context":"\u00c4hnlicher Beitrag","block_context":{"text":"\u00c4hnlicher Beitrag","link":""},"img":{"alt_text":"","src":"https:\/\/i0.wp.com\/guydutoit.com\/wp-content\/uploads\/2024\/08\/Munro-Mega2-Package-png.webp?fit=1200%2C1200&ssl=1&resize=350%2C200","width":350,"height":200,"srcset":"https:\/\/i0.wp.com\/guydutoit.com\/wp-content\/uploads\/2024\/08\/Munro-Mega2-Package-png.webp?fit=1200%2C1200&ssl=1&resize=350%2C200 1x, https:\/\/i0.wp.com\/guydutoit.com\/wp-content\/uploads\/2024\/08\/Munro-Mega2-Package-png.webp?fit=1200%2C1200&ssl=1&resize=525%2C300 1.5x, https:\/\/i0.wp.com\/guydutoit.com\/wp-content\/uploads\/2024\/08\/Munro-Mega2-Package-png.webp?fit=1200%2C1200&ssl=1&resize=700%2C400 2x, https:\/\/i0.wp.com\/guydutoit.com\/wp-content\/uploads\/2024\/08\/Munro-Mega2-Package-png.webp?fit=1200%2C1200&ssl=1&resize=1050%2C600 3x"},"classes":[]},{"id":20800,"url":"https:\/\/guydutoit.com\/de\/product\/10er-pack-schleifblaetter-elektrobeschichtetes-siliziumkarbid\/","url_meta":{"origin":14159,"position":4},"title":"10er Pack Schleifbl\u00e4tter | Elektrobeschichtetes Siliziumkarbid","author":"Guy du Toit","date":"5. September 2025","format":false,"excerpt":"Dieser 10er-Pack hochwertiger, elektrobeschichteter Schleifbl\u00e4tter ist perfekt f\u00fcr den Nass- und Trockenschliff geeignet. Erh\u00e4ltlich in vier wichtigen K\u00f6rnungen (#180, #240, #320, #400) f\u00fcr ein makelloses Finish bei Ihren Holzarbeiten.","rel":"","context":"\u00c4hnlicher Beitrag","block_context":{"text":"\u00c4hnlicher Beitrag","link":""},"img":{"alt_text":"10er-Pack wasserfeste Siliziumkarbid-Schleifbl\u00e4tter, erh\u00e4ltlich in verschiedenen K\u00f6rnungen f\u00fcr die Holzbearbeitung und das Drechseln.","src":"https:\/\/i0.wp.com\/guydutoit.com\/wp-content\/uploads\/2025\/09\/Silicon-Carbide-Sanding-Sheets.jpg?fit=1100%2C740&ssl=1&resize=350%2C200","width":350,"height":200,"srcset":"https:\/\/i0.wp.com\/guydutoit.com\/wp-content\/uploads\/2025\/09\/Silicon-Carbide-Sanding-Sheets.jpg?fit=1100%2C740&ssl=1&resize=350%2C200 1x, https:\/\/i0.wp.com\/guydutoit.com\/wp-content\/uploads\/2025\/09\/Silicon-Carbide-Sanding-Sheets.jpg?fit=1100%2C740&ssl=1&resize=525%2C300 1.5x, https:\/\/i0.wp.com\/guydutoit.com\/wp-content\/uploads\/2025\/09\/Silicon-Carbide-Sanding-Sheets.jpg?fit=1100%2C740&ssl=1&resize=700%2C400 2x, https:\/\/i0.wp.com\/guydutoit.com\/wp-content\/uploads\/2025\/09\/Silicon-Carbide-Sanding-Sheets.jpg?fit=1100%2C740&ssl=1&resize=1050%2C600 3x"},"classes":[]},{"id":14249,"url":"https:\/\/guydutoit.com\/de\/product\/munro-wundercutt10-deep-hollowing-tool\/","url_meta":{"origin":14159,"position":5},"title":"Munro Wundercutt10","author":"Guy du Toit","date":"27. Juli 2024","format":false,"excerpt":"M\u00f6chten Sie atemberaubende Hohlformen herstellen und Ihre Drechselk\u00fcnste auf die n\u00e4chste Stufe bringen? Suchen Sie nicht weiter als den Wundercutt10 von Rolly Munro, der zuverl\u00e4ssigen Wahl von Drechslern weltweit.","rel":"","context":"\u00c4hnlicher Beitrag","block_context":{"text":"\u00c4hnlicher Beitrag","link":""},"img":{"alt_text":"Wundercutt10 Knickl\u00f6ffler","src":"https:\/\/i0.wp.com\/guydutoit.com\/wp-content\/uploads\/2024\/11\/Wundercutt10-Articulated-Hollower.png?fit=1200%2C815&ssl=1&resize=350%2C200","width":350,"height":200,"srcset":"https:\/\/i0.wp.com\/guydutoit.com\/wp-content\/uploads\/2024\/11\/Wundercutt10-Articulated-Hollower.png?fit=1200%2C815&ssl=1&resize=350%2C200 1x, https:\/\/i0.wp.com\/guydutoit.com\/wp-content\/uploads\/2024\/11\/Wundercutt10-Articulated-Hollower.png?fit=1200%2C815&ssl=1&resize=525%2C300 1.5x, https:\/\/i0.wp.com\/guydutoit.com\/wp-content\/uploads\/2024\/11\/Wundercutt10-Articulated-Hollower.png?fit=1200%2C815&ssl=1&resize=700%2C400 2x, https:\/\/i0.wp.com\/guydutoit.com\/wp-content\/uploads\/2024\/11\/Wundercutt10-Articulated-Hollower.png?fit=1200%2C815&ssl=1&resize=1050%2C600 3x"},"classes":[]}],"jetpack_sharing_enabled":true,"jetpack_likes_enabled":true,"_links":{"self":[{"href":"https:\/\/guydutoit.com\/de\/wp-json\/wp\/v2\/product\/14159","targetHints":{"allow":["GET"]}}],"collection":[{"href":"https:\/\/guydutoit.com\/de\/wp-json\/wp\/v2\/product"}],"about":[{"href":"https:\/\/guydutoit.com\/de\/wp-json\/wp\/v2\/types\/product"}],"replies":[{"embeddable":true,"href":"https:\/\/guydutoit.com\/de\/wp-json\/wp\/v2\/comments?post=14159"}],"wp:featuredmedia":[{"embeddable":true,"href":"https:\/\/guydutoit.com\/de\/wp-json\/wp\/v2\/media\/11165"}],"wp:attachment":[{"href":"https:\/\/guydutoit.com\/de\/wp-json\/wp\/v2\/media?parent=14159"}],"wp:term":[{"taxonomy":"product_brand","embeddable":true,"href":"https:\/\/guydutoit.com\/de\/wp-json\/wp\/v2\/product_brand?post=14159"},{"taxonomy":"product_cat","embeddable":true,"href":"https:\/\/guydutoit.com\/de\/wp-json\/wp\/v2\/product_cat?post=14159"},{"taxonomy":"product_tag","embeddable":true,"href":"https:\/\/guydutoit.com\/de\/wp-json\/wp\/v2\/product_tag?post=14159"}],"curies":[{"name":"wp","href":"https:\/\/api.w.org\/{rel}","templated":true}]}}