{"id":14243,"date":"2024-08-08T18:41:26","date_gmt":"2024-08-08T17:41:26","guid":{"rendered":"http:\/\/guydutoit.com\/shop-online\/unkategorisiert\/munro-minimum-6-straight-shaft-hollower\/"},"modified":"2026-02-09T04:21:12","modified_gmt":"2026-02-09T03:21:12","slug":"munro-minimum-6-straight-shaft-hollower","status":"publish","type":"product","link":"https:\/\/guydutoit.com\/de\/product\/munro-minimum-6-straight-shaft-hollower\/","title":{"rendered":"Munro Minimum 6 Geradschacht-Hobelmaschine"},"content":{"rendered":"<h1>Bezwingen Sie enge \u00d6ffnungen und legen Sie verborgene Tiefen frei &#8211; und das zu einem g\u00fcnstigen Preis: Das Minimum6 Werkzeug zum Aush\u00f6hlen von Geraden von Rolly Munro<\/h1>\n<p>&nbsp;<\/p>\n<h2>Das Werkzeug zum geraden Aush\u00f6hlen \u00dcbersicht<\/h2>\n<p>Das Minimum6 Straight Hollowing Tool von Rolly Munro ist eine unverzichtbare Erg\u00e4nzung f\u00fcr jeden Drechsler, vor allem f\u00fcr diejenigen, die sich auf kleine bis mittelgro\u00dfe Hohlformen konzentrieren. Dieses in Neuseeland gefertigte Werkzeug ist auf Pr\u00e4zision und Benutzerfreundlichkeit ausgelegt. Ganz gleich, ob Sie das Innere von Gef\u00e4\u00dfen s\u00e4ubern oder den Boden von Hohlformen verfeinern, dieses Werkzeug liefert au\u00dfergew\u00f6hnliche Ergebnisse.<\/p>\n<h3>Merkmale des geraden Hohlmei\u00dfels<\/h3>\n<p>Dieses Werkzeug verf\u00fcgt \u00fcber einen massiven Edelstahlschaft mit einer L\u00e4nge von 350 mm und einem Durchmesser von 12,7 mm (1\/2&#8243;), der die n\u00f6tige Stabilit\u00e4t und Kontrolle f\u00fcr filigrane Arbeiten bietet. Der 6 mm Offset-Hartmetallfr\u00e4ser ist f\u00fcr eine scherende Schabewirkung ausgelegt und bietet ein nahezu perfektes Finish f\u00fcr Ihre Projekte. Die flach gefr\u00e4ste Oberseite des Stiels sorgt daf\u00fcr, dass das Werkzeug sicher im Griff einrastet und sich w\u00e4hrend der Benutzung nicht verdreht.<\/p>\n<h3>Vorteile der Verwendung des geraden Aush\u00f6hlungswerkzeugs<\/h3>\n<p>Das Straight Hollowing Tool wurde sowohl f\u00fcr Profis als auch f\u00fcr Hobbybastler entwickelt und bietet ein sanftes, nicht-aggressives Schneideerlebnis, das die Notwendigkeit einer zus\u00e4tzlichen Nachbearbeitung minimiert. Die austauschbare Wolframkarbid-Schneide sorgt f\u00fcr eine lang anhaltende Sch\u00e4rfe und macht dieses Messer zu einer Investition, die den Test der Zeit bestehen wird.<\/p>\n<h3>Warum sollten Sie sich f\u00fcr die Minimum6-Serie von Rolly Munro entscheiden?<\/h3>\n<p>Rolly Munro ist weltweit f\u00fcr seine Expertise bei der Herstellung hochwertiger Drechselwerkzeuge bekannt. Die Minimum6-Serie spiegelt sein Engagement f\u00fcr Werkzeuge wider, die Pr\u00e4zisionstechnik mit Erschwinglichkeit verbinden. Dieses Werkzeug bietet, wie auch die anderen in der Reihe, das beste Preis-Leistungs-Verh\u00e4ltnis f\u00fcr diejenigen, die kleine bis mittelgro\u00dfe Hohlformen herstellen m\u00f6chten, ohne Kompromisse bei der Qualit\u00e4t einzugehen.<\/p>\n<h4>Spezifikationen f\u00fcr gerade Hohlk\u00f6rperwerkzeuge<\/h4>\n<ul>\n<li>L\u00e4nge: 350mm<\/li>\n<li>Durchmesser: 12,7 mm<\/li>\n<li>Fr\u00e4ser: 6mm Offset Wolframkarbid<\/li>\n<li>Kompatibilit\u00e4t der Griffe: Minimum6-Griff (separat erh\u00e4ltlich)<\/li>\n<\/ul>\n<h4>Kompatibilit\u00e4t und Extras<\/h4>\n<p>Das gerade Aush\u00f6hlwerkzeug ist so konzipiert, dass es nahtlos mit dem Minimum6-Griff zusammenarbeitet, der separat erh\u00e4ltlich ist. Jedes Werkzeug wird mit einem Drehmomentschl\u00fcssel geliefert, mit dem Sie den Fr\u00e4ser leicht auswechseln k\u00f6nnen, so dass Sie mit minimalem Aufwand eine optimale Leistung erhalten.<\/p>\n","protected":false},"excerpt":{"rendered":"<p>Das Minimum6 Straight Hollowing Tool von Rolly Munro wurde f\u00fcr pr\u00e4zise Aush\u00f6hlungsarbeiten in kleinen bis mittleren Formen entwickelt.<\/p>\n","protected":false},"featured_media":17115,"comment_status":"open","ping_status":"closed","template":"","meta":{"site-sidebar-layout":"default","site-content-layout":"","ast-site-content-layout":"default","site-content-style":"default","site-sidebar-style":"default","ast-global-header-display":"","ast-banner-title-visibility":"","ast-main-header-display":"","ast-hfb-above-header-display":"","ast-hfb-below-header-display":"","ast-hfb-mobile-header-display":"","site-post-title":"","ast-breadcrumbs-content":"","ast-featured-img":"","footer-sml-layout":"","ast-disable-related-posts":"","theme-transparent-header-meta":"default","adv-header-id-meta":"","stick-header-meta":"default","header-above-stick-meta":"","header-main-stick-meta":"","header-below-stick-meta":"","astra-migrate-meta-layouts":"default","ast-page-background-enabled":"default","ast-page-background-meta":{"desktop":{"background-color":"var(--ast-global-color-4)","background-image":"","background-repeat":"repeat","background-position":"center center","background-size":"auto","background-attachment":"scroll","background-type":"","background-media":"","overlay-type":"","overlay-color":"","overlay-opacity":"","overlay-gradient":""},"tablet":{"background-color":"","background-image":"","background-repeat":"repeat","background-position":"center center","background-size":"auto","background-attachment":"scroll","background-type":"","background-media":"","overlay-type":"","overlay-color":"","overlay-opacity":"","overlay-gradient":""},"mobile":{"background-color":"","background-image":"","background-repeat":"repeat","background-position":"center center","background-size":"auto","background-attachment":"scroll","background-type":"","background-media":"","overlay-type":"","overlay-color":"","overlay-opacity":"","overlay-gradient":""}},"ast-content-background-meta":{"desktop":{"background-color":"var(--ast-global-color-5)","background-image":"","background-repeat":"repeat","background-position":"center center","background-size":"auto","background-attachment":"scroll","background-type":"","background-media":"","overlay-type":"","overlay-color":"","overlay-opacity":"","overlay-gradient":""},"tablet":{"background-color":"var(--ast-global-color-5)","background-image":"","background-repeat":"repeat","background-position":"center center","background-size":"auto","background-attachment":"scroll","background-type":"","background-media":"","overlay-type":"","overlay-color":"","overlay-opacity":"","overlay-gradient":""},"mobile":{"background-color":"var(--ast-global-color-5)","background-image":"","background-repeat":"repeat","background-position":"center center","background-size":"auto","background-attachment":"scroll","background-type":"","background-media":"","overlay-type":"","overlay-color":"","overlay-opacity":"","overlay-gradient":""}},"jetpack_post_was_ever_published":false,"jetpack_publicize_message":"","jetpack_publicize_feature_enabled":true,"jetpack_social_post_already_shared":false,"jetpack_social_options":{"image_generator_settings":{"template":"highway","default_image_id":0,"font":"","enabled":false},"version":2}},"product_brand":[],"product_cat":[383],"product_tag":[144,146,117,228,145,147],"class_list":{"0":"post-14243","1":"product","2":"type-product","3":"status-publish","4":"has-post-thumbnail","6":"product_cat-munro-werkzeuge","7":"product_tag-aushohlungswerkzeuge","8":"product_tag-budget-drechseln","9":"product_tag-drechselwerkzeuge","10":"product_tag-gerades-aushohlungswerkzeug","11":"product_tag-munro-werkzeuge","12":"product_tag-wolframkarbid-fraser","13":"desktop-align-left","14":"tablet-align-left","15":"mobile-align-left","16":"ast-product-gallery-layout-vertical-slider","17":"ast-product-tabs-layout-horizontal","19":"first","20":"instock","21":"shipping-taxable","22":"purchasable","23":"product-type-simple"},"jetpack_publicize_connections":[],"jetpack-related-posts":[{"id":14247,"url":"https:\/\/guydutoit.com\/de\/product\/munro-minimum6-articulating-hollowing-tool\/","url_meta":{"origin":14243,"position":0},"title":"Munro Minimum6 Gelenk-Hohlmei\u00dfel","author":"Guy du Toit","date":"8. August 2024","format":false,"excerpt":"\u00dcberwinden Sie m\u00fchelos enge \u00d6ffnungen mit dem Minimum6 Gelenkhohlmei\u00dfel. Dieses revolution\u00e4re Werkzeug von Rolly Munro bietet un\u00fcbertroffene Pr\u00e4zision, Kontrolle und Langlebigkeit bei der Herstellung beeindruckender Hohlformen. Das Minimum6 Articulating Tool von Rolly Munro ist die ultimative L\u00f6sung f\u00fcr Drechsler, die die Kunst des Aush\u00f6hlens beherrschen wollen. Dieses innovative Werkzeug wurde\u2026","rel":"","context":"\u00c4hnlicher Beitrag","block_context":{"text":"\u00c4hnlicher Beitrag","link":""},"img":{"alt_text":"","src":"https:\/\/i0.wp.com\/guydutoit.com\/wp-content\/uploads\/2024\/08\/Munro-Minimun6-Articulating-Package-png.webp?fit=1200%2C1200&ssl=1&resize=350%2C200","width":350,"height":200,"srcset":"https:\/\/i0.wp.com\/guydutoit.com\/wp-content\/uploads\/2024\/08\/Munro-Minimun6-Articulating-Package-png.webp?fit=1200%2C1200&ssl=1&resize=350%2C200 1x, https:\/\/i0.wp.com\/guydutoit.com\/wp-content\/uploads\/2024\/08\/Munro-Minimun6-Articulating-Package-png.webp?fit=1200%2C1200&ssl=1&resize=525%2C300 1.5x, https:\/\/i0.wp.com\/guydutoit.com\/wp-content\/uploads\/2024\/08\/Munro-Minimun6-Articulating-Package-png.webp?fit=1200%2C1200&ssl=1&resize=700%2C400 2x, https:\/\/i0.wp.com\/guydutoit.com\/wp-content\/uploads\/2024\/08\/Munro-Minimun6-Articulating-Package-png.webp?fit=1200%2C1200&ssl=1&resize=1050%2C600 3x"},"classes":[]},{"id":14211,"url":"https:\/\/guydutoit.com\/de\/product\/munro-minimum6-owen-hollowing-tool\/","url_meta":{"origin":14243,"position":1},"title":"Munro Minimum 6 Owen Bend Aush\u00f6hlungswerkzeug","author":"Guy du Toit","date":"8. August 2024","format":false,"excerpt":"Das Minimum6 Owen Hollowing Tool mit gebogenem Schaft von Rolly Munro ist perfekt f\u00fcr kleine bis mittelgro\u00dfe Formen.","rel":"","context":"\u00c4hnlicher Beitrag","block_context":{"text":"\u00c4hnlicher Beitrag","link":""},"img":{"alt_text":"","src":"https:\/\/i0.wp.com\/guydutoit.com\/wp-content\/uploads\/2024\/08\/Munro-minimun6-owen-png.webp?fit=1200%2C675&ssl=1&resize=350%2C200","width":350,"height":200,"srcset":"https:\/\/i0.wp.com\/guydutoit.com\/wp-content\/uploads\/2024\/08\/Munro-minimun6-owen-png.webp?fit=1200%2C675&ssl=1&resize=350%2C200 1x, https:\/\/i0.wp.com\/guydutoit.com\/wp-content\/uploads\/2024\/08\/Munro-minimun6-owen-png.webp?fit=1200%2C675&ssl=1&resize=525%2C300 1.5x, https:\/\/i0.wp.com\/guydutoit.com\/wp-content\/uploads\/2024\/08\/Munro-minimun6-owen-png.webp?fit=1200%2C675&ssl=1&resize=700%2C400 2x, https:\/\/i0.wp.com\/guydutoit.com\/wp-content\/uploads\/2024\/08\/Munro-minimun6-owen-png.webp?fit=1200%2C675&ssl=1&resize=1050%2C600 3x"},"classes":[]},{"id":14179,"url":"https:\/\/guydutoit.com\/de\/product\/munro-minimum-6-lister-bend-hollowing-tool-copy\/","url_meta":{"origin":14243,"position":2},"title":"Munro Minimum 6 Lister Bend Aush\u00f6hlungswerkzeug","author":"Guy du Toit","date":"10. August 2024","format":false,"excerpt":"Das Minimum6 Lister Bend Hollowing Tool von Rolly Munro ist perfekt f\u00fcr kleine bis mittelgro\u00dfe Formen.","rel":"","context":"\u00c4hnlicher Beitrag","block_context":{"text":"\u00c4hnlicher Beitrag","link":""},"img":{"alt_text":"","src":"https:\/\/i0.wp.com\/guydutoit.com\/wp-content\/uploads\/2024\/08\/Munro-Minimum6-Lister-bend-png.webp?fit=1200%2C1200&ssl=1&resize=350%2C200","width":350,"height":200,"srcset":"https:\/\/i0.wp.com\/guydutoit.com\/wp-content\/uploads\/2024\/08\/Munro-Minimum6-Lister-bend-png.webp?fit=1200%2C1200&ssl=1&resize=350%2C200 1x, https:\/\/i0.wp.com\/guydutoit.com\/wp-content\/uploads\/2024\/08\/Munro-Minimum6-Lister-bend-png.webp?fit=1200%2C1200&ssl=1&resize=525%2C300 1.5x, https:\/\/i0.wp.com\/guydutoit.com\/wp-content\/uploads\/2024\/08\/Munro-Minimum6-Lister-bend-png.webp?fit=1200%2C1200&ssl=1&resize=700%2C400 2x, https:\/\/i0.wp.com\/guydutoit.com\/wp-content\/uploads\/2024\/08\/Munro-Minimum6-Lister-bend-png.webp?fit=1200%2C1200&ssl=1&resize=1050%2C600 3x"},"classes":[]},{"id":14245,"url":"https:\/\/guydutoit.com\/de\/product\/rolly-munro-articulated-mega2-hollowing-tool\/","url_meta":{"origin":14243,"position":3},"title":"Munro Mega2 Aush\u00f6hlwerkzeug","author":"Guy du Toit","date":"8. August 2024","format":false,"excerpt":"Beherrschen Sie gro\u00dfe Hohlformen mit Pr\u00e4zision und Leichtigkeit mit dem MEGA2-Gelenkwerkzeug von Rolly Munro. Gebaut f\u00fcr Kontrolle, Komfort und Langlebigkeit.","rel":"","context":"\u00c4hnlicher Beitrag","block_context":{"text":"\u00c4hnlicher Beitrag","link":""},"img":{"alt_text":"","src":"https:\/\/i0.wp.com\/guydutoit.com\/wp-content\/uploads\/2024\/08\/Munro-Mega2-Package-png.webp?fit=1200%2C1200&ssl=1&resize=350%2C200","width":350,"height":200,"srcset":"https:\/\/i0.wp.com\/guydutoit.com\/wp-content\/uploads\/2024\/08\/Munro-Mega2-Package-png.webp?fit=1200%2C1200&ssl=1&resize=350%2C200 1x, https:\/\/i0.wp.com\/guydutoit.com\/wp-content\/uploads\/2024\/08\/Munro-Mega2-Package-png.webp?fit=1200%2C1200&ssl=1&resize=525%2C300 1.5x, https:\/\/i0.wp.com\/guydutoit.com\/wp-content\/uploads\/2024\/08\/Munro-Mega2-Package-png.webp?fit=1200%2C1200&ssl=1&resize=700%2C400 2x, https:\/\/i0.wp.com\/guydutoit.com\/wp-content\/uploads\/2024\/08\/Munro-Mega2-Package-png.webp?fit=1200%2C1200&ssl=1&resize=1050%2C600 3x"},"classes":[]},{"id":14123,"url":"https:\/\/guydutoit.com\/de\/product\/munro-wundercutt10-replacement-head\/","url_meta":{"origin":14243,"position":4},"title":"Munro Wundercutt10 Ersatzkopf","author":"Guy du Toit","date":"22. August 2024","format":false,"excerpt":"Bauen Sie Ihr eigenes Drechselwerkzeug zum Aush\u00f6hlen? Vielleicht haben Sie etwas wirklich Dummes getan und beschlossen, Ihr Werkzeug zu modifizieren und jetzt funktioniert es nicht mehr? Was auch immer die Gr\u00fcnde sind, wir k\u00f6nnen Ihnen so schnell wie m\u00f6glich einen neuen Ersatzkopf f\u00fcr Ihren Wundercutt10 schicken.","rel":"","context":"\u00c4hnlicher Beitrag","block_context":{"text":"\u00c4hnlicher Beitrag","link":""},"img":{"alt_text":"","src":"https:\/\/i0.wp.com\/guydutoit.com\/wp-content\/uploads\/2024\/08\/Munro-Wunderkutt10-Replacement-Head.png?fit=1200%2C1200&ssl=1&resize=350%2C200","width":350,"height":200,"srcset":"https:\/\/i0.wp.com\/guydutoit.com\/wp-content\/uploads\/2024\/08\/Munro-Wunderkutt10-Replacement-Head.png?fit=1200%2C1200&ssl=1&resize=350%2C200 1x, https:\/\/i0.wp.com\/guydutoit.com\/wp-content\/uploads\/2024\/08\/Munro-Wunderkutt10-Replacement-Head.png?fit=1200%2C1200&ssl=1&resize=525%2C300 1.5x, https:\/\/i0.wp.com\/guydutoit.com\/wp-content\/uploads\/2024\/08\/Munro-Wunderkutt10-Replacement-Head.png?fit=1200%2C1200&ssl=1&resize=700%2C400 2x, https:\/\/i0.wp.com\/guydutoit.com\/wp-content\/uploads\/2024\/08\/Munro-Wunderkutt10-Replacement-Head.png?fit=1200%2C1200&ssl=1&resize=1050%2C600 3x"},"classes":[]},{"id":14249,"url":"https:\/\/guydutoit.com\/de\/product\/munro-wundercutt10-deep-hollowing-tool\/","url_meta":{"origin":14243,"position":5},"title":"Munro Wundercutt10","author":"Guy du Toit","date":"27. Juli 2024","format":false,"excerpt":"M\u00f6chten Sie atemberaubende Hohlformen herstellen und Ihre Drechselk\u00fcnste auf die n\u00e4chste Stufe bringen? Suchen Sie nicht weiter als den Wundercutt10 von Rolly Munro, der zuverl\u00e4ssigen Wahl von Drechslern weltweit.","rel":"","context":"\u00c4hnlicher Beitrag","block_context":{"text":"\u00c4hnlicher Beitrag","link":""},"img":{"alt_text":"Wundercutt10 Knickl\u00f6ffler","src":"https:\/\/i0.wp.com\/guydutoit.com\/wp-content\/uploads\/2024\/11\/Wundercutt10-Articulated-Hollower.png?fit=1200%2C815&ssl=1&resize=350%2C200","width":350,"height":200,"srcset":"https:\/\/i0.wp.com\/guydutoit.com\/wp-content\/uploads\/2024\/11\/Wundercutt10-Articulated-Hollower.png?fit=1200%2C815&ssl=1&resize=350%2C200 1x, https:\/\/i0.wp.com\/guydutoit.com\/wp-content\/uploads\/2024\/11\/Wundercutt10-Articulated-Hollower.png?fit=1200%2C815&ssl=1&resize=525%2C300 1.5x, https:\/\/i0.wp.com\/guydutoit.com\/wp-content\/uploads\/2024\/11\/Wundercutt10-Articulated-Hollower.png?fit=1200%2C815&ssl=1&resize=700%2C400 2x, https:\/\/i0.wp.com\/guydutoit.com\/wp-content\/uploads\/2024\/11\/Wundercutt10-Articulated-Hollower.png?fit=1200%2C815&ssl=1&resize=1050%2C600 3x"},"classes":[]}],"jetpack_sharing_enabled":true,"jetpack_likes_enabled":true,"_links":{"self":[{"href":"https:\/\/guydutoit.com\/de\/wp-json\/wp\/v2\/product\/14243","targetHints":{"allow":["GET"]}}],"collection":[{"href":"https:\/\/guydutoit.com\/de\/wp-json\/wp\/v2\/product"}],"about":[{"href":"https:\/\/guydutoit.com\/de\/wp-json\/wp\/v2\/types\/product"}],"replies":[{"embeddable":true,"href":"https:\/\/guydutoit.com\/de\/wp-json\/wp\/v2\/comments?post=14243"}],"wp:featuredmedia":[{"embeddable":true,"href":"https:\/\/guydutoit.com\/de\/wp-json\/wp\/v2\/media\/17115"}],"wp:attachment":[{"href":"https:\/\/guydutoit.com\/de\/wp-json\/wp\/v2\/media?parent=14243"}],"wp:term":[{"taxonomy":"product_brand","embeddable":true,"href":"https:\/\/guydutoit.com\/de\/wp-json\/wp\/v2\/product_brand?post=14243"},{"taxonomy":"product_cat","embeddable":true,"href":"https:\/\/guydutoit.com\/de\/wp-json\/wp\/v2\/product_cat?post=14243"},{"taxonomy":"product_tag","embeddable":true,"href":"https:\/\/guydutoit.com\/de\/wp-json\/wp\/v2\/product_tag?post=14243"}],"curies":[{"name":"wp","href":"https:\/\/api.w.org\/{rel}","templated":true}]}}