{"id":14245,"date":"2024-08-08T14:25:09","date_gmt":"2024-08-08T13:25:09","guid":{"rendered":"http:\/\/guydutoit.com\/shop-online\/unkategorisiert\/rolly-munro-articulated-mega2-hollowing-tool\/"},"modified":"2025-09-17T10:49:31","modified_gmt":"2025-09-17T09:49:31","slug":"rolly-munro-articulated-mega2-hollowing-tool","status":"publish","type":"product","link":"https:\/\/guydutoit.com\/de\/product\/rolly-munro-articulated-mega2-hollowing-tool\/","title":{"rendered":"Munro Mega2 Aush\u00f6hlwerkzeug"},"content":{"rendered":"<h1>Erobern Sie gro\u00dfe hohle Formen mit un\u00fcbertroffener Kontrolle: Der artikulierte MEGA2 von Rolly Munro<\/h1>\n<p>Das <strong>Articulated MEGA2 Tool<\/strong> von Rolly Munro ist die ultimative L\u00f6sung f\u00fcr Drechsler, die tiefe, gro\u00dffl\u00e4chige Hohlformen herstellen wollen. Dieses revolution\u00e4re Werkzeug wurde entwickelt, um auch die anspruchsvollsten Projekte mit au\u00dfergew\u00f6hnlicher Pr\u00e4zision, Leichtigkeit und Kontrolle zu bearbeiten. Wenn Sie Ihr Drechslerhandwerk verbessern m\u00f6chten, ist der Articulated MEGA2 das richtige Werkzeug f\u00fcr Sie.<\/p>\n<h2>Wir stellen die ultimative L\u00f6sung zum Aush\u00f6hlen vor: Der gelenkige MEGA2<\/h2>\n<p>Lernen Sie die n\u00e4chste Generation von Aush\u00f6hlungswerkzeugen kennen &#8211; entwickelt, um gro\u00dfe Hohlformen mit Effizienz und Anmut zu bew\u00e4ltigen. Das <strong>artikulierte MEGA2-Werkzeug<\/strong> von Rolly Munro bringt unvergleichliche Man\u00f6vrierbarkeit und Stabilit\u00e4t in Ihre Werkstatt und erm\u00f6glicht es Ihnen, selbst an den kompliziertesten Stellen perfekte Schnittwinkel zu erzielen.<\/p>\n<h2>Warum sollten Sie sich f\u00fcr den MEGA2 mit Knickgelenk f\u00fcr gro\u00dffl\u00e4chige Aush\u00f6hlungen entscheiden?<\/h2>\n<h3>M\u00fchelose Artikulation f\u00fcr pr\u00e4zises Schneiden<\/h3>\n<p>Der innovative Gelenkkopf des MEGA2 erm\u00f6glicht eine gro\u00dfe Auswahl an Winkeln und sorgt f\u00fcr un\u00fcbertroffene Pr\u00e4zision bei der Bearbeitung anspruchsvoller Formen. Ganz gleich, ob Sie in komplizierte Bereiche vordringen oder an gro\u00dffl\u00e4chigen Formen arbeiten, dieses Werkzeug sorgt daf\u00fcr, dass jeder Schnitt glatt und pr\u00e4zise ist.<\/p>\n<h3>Unerreichte Stabilit\u00e4t f\u00fcr reibungslose Leistung<\/h3>\n<p>Der MEGA2 mit Gelenk ist mit einem neuen Gest\u00e4nge ausgestattet, das eine au\u00dfergew\u00f6hnliche Stabilit\u00e4t w\u00e4hrend des gesamten Drehvorgangs gew\u00e4hrleistet. Diese Stabilit\u00e4t minimiert Vibrationen und sorgt f\u00fcr ein reibungsloses und pr\u00e4zises Arbeiten, ganz gleich, wie komplex das Projekt ist.<\/p>\n<h3>Strapazierf\u00e4hige Leistung f\u00fcr anspruchsvolle W\u00e4lder<\/h3>\n<p>Ausgestattet mit einem robusten 12-mm-Titan-Chrom-Messer ist der MEGA2 so konzipiert, dass er selbst die h\u00e4rtesten Harth\u00f6lzer mit Leichtigkeit bearbeitet. Seine robuste Konstruktion sorgt daf\u00fcr, dass Sie auch die anspruchsvollsten Drechselarbeiten mit Zuversicht angehen k\u00f6nnen.<\/p>\n<h2>Gebaut f\u00fcr Komfort und Effizienz<\/h2>\n<p>Jedes Detail des Articulated MEGA2 wurde mit Blick auf den Drechsler entwickelt. Der hohle Aluminiumgriff, der mit einem Schaumstoff-Au\u00dfengriff \u00fcberzogen ist, bietet au\u00dfergew\u00f6hnlichen Komfort bei l\u00e4ngerem Gebrauch, w\u00e4hrend die L\u00e4nge von 26&#8243; (660 mm) eine optimale Hebelwirkung f\u00fcr mehr Kontrolle bietet. Der dreifl\u00fcgelige Knopf sichert die Welle und bietet eine klare visuelle Referenz der Messerposition, was die Bedienung intuitiv und m\u00fchelos macht.<\/p>\n<h2>Entfesseln Sie Ihr kreatives Potenzial mit dem MEGA2<\/h2>\n<p>Die Vielseitigkeit des MEGA2-Gelenkwerkzeugs ist un\u00fcbertroffen. Er l\u00e4sst sich sowohl innen als auch au\u00dfen m\u00fchelos drehen und kann mit dem Articulating Shear Scraper (separat erh\u00e4ltlich) kombiniert werden, um noch mehr kreative M\u00f6glichkeiten zu erschlie\u00dfen. Dieses Werkzeug ist Ihr Schl\u00fcssel, um neue Dimensionen des Drechselns zu erkunden.<\/p>\n<h2>Erkunden Sie die Deep Reach-Funktionen<\/h2>\n<p>Der Edelstahlschaft des MEGA2 mit einem Durchmesser von 19 mm (1\/2&#8243; oder 3\/4&#8243;) bietet eine gro\u00dfz\u00fcgige L\u00e4nge von 700 mm (28,1\/2&#8243;), so dass Sie tief in Gef\u00e4\u00dfe eindringen und ausgedehnte Hohlformen herstellen k\u00f6nnen. Diese F\u00e4higkeit er\u00f6ffnet Ihnen eine Welt von M\u00f6glichkeiten f\u00fcr Ihre Drechselprojekte.<\/p>\n<p>Erh\u00f6hen Sie Ihr Drechselhandwerk mit dem <strong>Articulated MEGA2 Tool<\/strong> von Rolly Munro und erleben Sie die Zukunft der Aush\u00f6hlwerkzeuge.<\/p>\n","protected":false},"excerpt":{"rendered":"<p>Beherrschen Sie gro\u00dfe Hohlformen mit Pr\u00e4zision und Leichtigkeit mit dem MEGA2-Gelenkwerkzeug von Rolly Munro. Gebaut f\u00fcr Kontrolle, Komfort und Langlebigkeit. <\/p>\n","protected":false},"featured_media":17148,"comment_status":"open","ping_status":"closed","template":"","meta":{"site-sidebar-layout":"default","site-content-layout":"","ast-site-content-layout":"default","site-content-style":"default","site-sidebar-style":"default","ast-global-header-display":"","ast-banner-title-visibility":"","ast-main-header-display":"","ast-hfb-above-header-display":"","ast-hfb-below-header-display":"","ast-hfb-mobile-header-display":"","site-post-title":"","ast-breadcrumbs-content":"","ast-featured-img":"","footer-sml-layout":"","ast-disable-related-posts":"","theme-transparent-header-meta":"default","adv-header-id-meta":"","stick-header-meta":"default","header-above-stick-meta":"","header-main-stick-meta":"","header-below-stick-meta":"","astra-migrate-meta-layouts":"default","ast-page-background-enabled":"default","ast-page-background-meta":{"desktop":{"background-color":"var(--ast-global-color-4)","background-image":"","background-repeat":"repeat","background-position":"center center","background-size":"auto","background-attachment":"scroll","background-type":"","background-media":"","overlay-type":"","overlay-color":"","overlay-opacity":"","overlay-gradient":""},"tablet":{"background-color":"","background-image":"","background-repeat":"repeat","background-position":"center center","background-size":"auto","background-attachment":"scroll","background-type":"","background-media":"","overlay-type":"","overlay-color":"","overlay-opacity":"","overlay-gradient":""},"mobile":{"background-color":"","background-image":"","background-repeat":"repeat","background-position":"center center","background-size":"auto","background-attachment":"scroll","background-type":"","background-media":"","overlay-type":"","overlay-color":"","overlay-opacity":"","overlay-gradient":""}},"ast-content-background-meta":{"desktop":{"background-color":"var(--ast-global-color-5)","background-image":"","background-repeat":"repeat","background-position":"center center","background-size":"auto","background-attachment":"scroll","background-type":"","background-media":"","overlay-type":"","overlay-color":"","overlay-opacity":"","overlay-gradient":""},"tablet":{"background-color":"var(--ast-global-color-5)","background-image":"","background-repeat":"repeat","background-position":"center center","background-size":"auto","background-attachment":"scroll","background-type":"","background-media":"","overlay-type":"","overlay-color":"","overlay-opacity":"","overlay-gradient":""},"mobile":{"background-color":"var(--ast-global-color-5)","background-image":"","background-repeat":"repeat","background-position":"center center","background-size":"auto","background-attachment":"scroll","background-type":"","background-media":"","overlay-type":"","overlay-color":"","overlay-opacity":"","overlay-gradient":""}},"jetpack_post_was_ever_published":false,"jetpack_publicize_message":"","jetpack_publicize_feature_enabled":true,"jetpack_social_post_already_shared":false,"jetpack_social_options":{"image_generator_settings":{"template":"highway","default_image_id":0,"font":"","enabled":false},"version":2}},"product_brand":[],"product_cat":[383],"product_tag":[118,117,122,120,123,394,119,121],"class_list":{"0":"post-14245","1":"product","2":"type-product","3":"status-publish","4":"has-post-thumbnail","6":"product_cat-munro-werkzeuge","7":"product_tag-aushohlwerkzeug","8":"product_tag-drechselwerkzeuge","9":"product_tag-drechselzubehor","10":"product_tag-gegliedertes-werkzeug","11":"product_tag-mega2-de","12":"product_tag-munro-jumbo-de","13":"product_tag-rolly-munro-de","14":"product_tag-tiefe-hohlformen","15":"desktop-align-left","16":"tablet-align-left","17":"mobile-align-left","18":"ast-product-gallery-layout-vertical-slider","19":"ast-product-single-variable","20":"ast-product-tabs-layout-horizontal","22":"first","23":"instock","24":"shipping-taxable","25":"purchasable","26":"product-type-variable"},"jetpack_publicize_connections":[],"jetpack-related-posts":[{"id":14247,"url":"https:\/\/guydutoit.com\/de\/product\/munro-minimum6-articulating-hollowing-tool\/","url_meta":{"origin":14245,"position":0},"title":"Munro Minimum6 Gelenk-Hohlmei\u00dfel","author":"Guy du Toit","date":"8. August 2024","format":false,"excerpt":"\u00dcberwinden Sie m\u00fchelos enge \u00d6ffnungen mit dem Minimum6 Gelenkhohlmei\u00dfel. Dieses revolution\u00e4re Werkzeug von Rolly Munro bietet un\u00fcbertroffene Pr\u00e4zision, Kontrolle und Langlebigkeit bei der Herstellung beeindruckender Hohlformen. Das Minimum6 Articulating Tool von Rolly Munro ist die ultimative L\u00f6sung f\u00fcr Drechsler, die die Kunst des Aush\u00f6hlens beherrschen wollen. Dieses innovative Werkzeug wurde\u2026","rel":"","context":"\u00c4hnlicher Beitrag","block_context":{"text":"\u00c4hnlicher Beitrag","link":""},"img":{"alt_text":"","src":"https:\/\/i0.wp.com\/guydutoit.com\/wp-content\/uploads\/2024\/08\/Munro-Minimun6-Articulating-Package-png.webp?fit=1200%2C1200&ssl=1&resize=350%2C200","width":350,"height":200,"srcset":"https:\/\/i0.wp.com\/guydutoit.com\/wp-content\/uploads\/2024\/08\/Munro-Minimun6-Articulating-Package-png.webp?fit=1200%2C1200&ssl=1&resize=350%2C200 1x, https:\/\/i0.wp.com\/guydutoit.com\/wp-content\/uploads\/2024\/08\/Munro-Minimun6-Articulating-Package-png.webp?fit=1200%2C1200&ssl=1&resize=525%2C300 1.5x, https:\/\/i0.wp.com\/guydutoit.com\/wp-content\/uploads\/2024\/08\/Munro-Minimun6-Articulating-Package-png.webp?fit=1200%2C1200&ssl=1&resize=700%2C400 2x, https:\/\/i0.wp.com\/guydutoit.com\/wp-content\/uploads\/2024\/08\/Munro-Minimun6-Articulating-Package-png.webp?fit=1200%2C1200&ssl=1&resize=1050%2C600 3x"},"classes":[]},{"id":14123,"url":"https:\/\/guydutoit.com\/de\/product\/munro-wundercutt10-replacement-head\/","url_meta":{"origin":14245,"position":1},"title":"Munro Wundercutt10 Ersatzkopf","author":"Guy du Toit","date":"22. August 2024","format":false,"excerpt":"Bauen Sie Ihr eigenes Drechselwerkzeug zum Aush\u00f6hlen? Vielleicht haben Sie etwas wirklich Dummes getan und beschlossen, Ihr Werkzeug zu modifizieren und jetzt funktioniert es nicht mehr? Was auch immer die Gr\u00fcnde sind, wir k\u00f6nnen Ihnen so schnell wie m\u00f6glich einen neuen Ersatzkopf f\u00fcr Ihren Wundercutt10 schicken.","rel":"","context":"\u00c4hnlicher Beitrag","block_context":{"text":"\u00c4hnlicher Beitrag","link":""},"img":{"alt_text":"","src":"https:\/\/i0.wp.com\/guydutoit.com\/wp-content\/uploads\/2024\/08\/Munro-Wunderkutt10-Replacement-Head.png?fit=1200%2C1200&ssl=1&resize=350%2C200","width":350,"height":200,"srcset":"https:\/\/i0.wp.com\/guydutoit.com\/wp-content\/uploads\/2024\/08\/Munro-Wunderkutt10-Replacement-Head.png?fit=1200%2C1200&ssl=1&resize=350%2C200 1x, https:\/\/i0.wp.com\/guydutoit.com\/wp-content\/uploads\/2024\/08\/Munro-Wunderkutt10-Replacement-Head.png?fit=1200%2C1200&ssl=1&resize=525%2C300 1.5x, https:\/\/i0.wp.com\/guydutoit.com\/wp-content\/uploads\/2024\/08\/Munro-Wunderkutt10-Replacement-Head.png?fit=1200%2C1200&ssl=1&resize=700%2C400 2x, https:\/\/i0.wp.com\/guydutoit.com\/wp-content\/uploads\/2024\/08\/Munro-Wunderkutt10-Replacement-Head.png?fit=1200%2C1200&ssl=1&resize=1050%2C600 3x"},"classes":[]},{"id":14141,"url":"https:\/\/guydutoit.com\/de\/product\/munro-hollower-handle-only\/","url_meta":{"origin":14245,"position":2},"title":"Rolly Munro Hollowing Tool Griffe","author":"Guy du Toit","date":"21. August 2024","format":false,"excerpt":"Rolly Munro Hohlmei\u00dfelgriffe f\u00fcr Drechslerhohlmei\u00dfel und Hohlmei\u00dfel. Das Beste, was es gibt!","rel":"","context":"\u00c4hnlicher Beitrag","block_context":{"text":"\u00c4hnlicher Beitrag","link":""},"img":{"alt_text":"Rolly Munro Hollower Griffe","src":"https:\/\/i0.wp.com\/guydutoit.com\/wp-content\/uploads\/2024\/11\/Rolly-Munro-Hollower-Handles.png?fit=817%2C1200&ssl=1&resize=350%2C200","width":350,"height":200,"srcset":"https:\/\/i0.wp.com\/guydutoit.com\/wp-content\/uploads\/2024\/11\/Rolly-Munro-Hollower-Handles.png?fit=817%2C1200&ssl=1&resize=350%2C200 1x, https:\/\/i0.wp.com\/guydutoit.com\/wp-content\/uploads\/2024\/11\/Rolly-Munro-Hollower-Handles.png?fit=817%2C1200&ssl=1&resize=525%2C300 1.5x, https:\/\/i0.wp.com\/guydutoit.com\/wp-content\/uploads\/2024\/11\/Rolly-Munro-Hollower-Handles.png?fit=817%2C1200&ssl=1&resize=700%2C400 2x"},"classes":[]},{"id":14135,"url":"https:\/\/guydutoit.com\/de\/product\/munro-replacement-thickness-limiter\/","url_meta":{"origin":14245,"position":3},"title":"Munro Ersatz-Dickenbegrenzer","author":"Guy du Toit","date":"21. August 2024","format":false,"excerpt":"Das geniale Design von Rolly Munro macht Schluss mit der Frustration durch Versuch und Irrtum. Erzielen Sie pr\u00e4zise Schnitttiefen mit dem innovativen Spandickenbegrenzer, einstellbar von 0,05 mm bis 0,5 mm [1\/125\" bis 1\/50\"].","rel":"","context":"\u00c4hnlicher Beitrag","block_context":{"text":"\u00c4hnlicher Beitrag","link":""},"img":{"alt_text":"Munro Ersatz-Dickenbegrenzer","src":"https:\/\/i0.wp.com\/guydutoit.com\/wp-content\/uploads\/2024\/11\/Munro-Replacement-Thickness-Limiters.png?fit=938%2C388&ssl=1&resize=350%2C200","width":350,"height":200,"srcset":"https:\/\/i0.wp.com\/guydutoit.com\/wp-content\/uploads\/2024\/11\/Munro-Replacement-Thickness-Limiters.png?fit=938%2C388&ssl=1&resize=350%2C200 1x, https:\/\/i0.wp.com\/guydutoit.com\/wp-content\/uploads\/2024\/11\/Munro-Replacement-Thickness-Limiters.png?fit=938%2C388&ssl=1&resize=525%2C300 1.5x, https:\/\/i0.wp.com\/guydutoit.com\/wp-content\/uploads\/2024\/11\/Munro-Replacement-Thickness-Limiters.png?fit=938%2C388&ssl=1&resize=700%2C400 2x"},"classes":[]},{"id":14125,"url":"https:\/\/guydutoit.com\/de\/product\/munro-hollowers-replacement-screw-sets\/","url_meta":{"origin":14245,"position":4},"title":"Munro Hollowers Ersatzschraubens\u00e4tze","author":"Guy du Toit","date":"22. August 2024","format":false,"excerpt":"Ersetzen Sie die Schrauben an Ihrem Munro Hollower durch neue Schrauben, die den Originalen entsprechen. Hochwertige Materialien, korrekte Gr\u00f6\u00dfe und Gewinde - machen Sie es richtig.","rel":"","context":"\u00c4hnlicher Beitrag","block_context":{"text":"\u00c4hnlicher Beitrag","link":""},"img":{"alt_text":"","src":"https:\/\/i0.wp.com\/guydutoit.com\/wp-content\/uploads\/2024\/08\/Munro-Hollowers-Replacement-Screw-Sets.png?fit=1200%2C675&ssl=1&resize=350%2C200","width":350,"height":200,"srcset":"https:\/\/i0.wp.com\/guydutoit.com\/wp-content\/uploads\/2024\/08\/Munro-Hollowers-Replacement-Screw-Sets.png?fit=1200%2C675&ssl=1&resize=350%2C200 1x, https:\/\/i0.wp.com\/guydutoit.com\/wp-content\/uploads\/2024\/08\/Munro-Hollowers-Replacement-Screw-Sets.png?fit=1200%2C675&ssl=1&resize=525%2C300 1.5x, https:\/\/i0.wp.com\/guydutoit.com\/wp-content\/uploads\/2024\/08\/Munro-Hollowers-Replacement-Screw-Sets.png?fit=1200%2C675&ssl=1&resize=700%2C400 2x, https:\/\/i0.wp.com\/guydutoit.com\/wp-content\/uploads\/2024\/08\/Munro-Hollowers-Replacement-Screw-Sets.png?fit=1200%2C675&ssl=1&resize=1050%2C600 3x"},"classes":[]},{"id":14243,"url":"https:\/\/guydutoit.com\/de\/product\/munro-minimum-6-straight-shaft-hollower\/","url_meta":{"origin":14245,"position":5},"title":"Munro Minimum 6 Geradschacht-Hobelmaschine","author":"Guy du Toit","date":"8. August 2024","format":false,"excerpt":"Das Minimum6 Straight Hollowing Tool von Rolly Munro wurde f\u00fcr pr\u00e4zise Aush\u00f6hlungsarbeiten in kleinen bis mittleren Formen entwickelt.","rel":"","context":"\u00c4hnlicher Beitrag","block_context":{"text":"\u00c4hnlicher Beitrag","link":""},"img":{"alt_text":"","src":"https:\/\/i0.wp.com\/guydutoit.com\/wp-content\/uploads\/2024\/08\/Munro-Minimun6-Straight-Shaft-Hollowing-Tool-png.webp?fit=1200%2C675&ssl=1&resize=350%2C200","width":350,"height":200,"srcset":"https:\/\/i0.wp.com\/guydutoit.com\/wp-content\/uploads\/2024\/08\/Munro-Minimun6-Straight-Shaft-Hollowing-Tool-png.webp?fit=1200%2C675&ssl=1&resize=350%2C200 1x, https:\/\/i0.wp.com\/guydutoit.com\/wp-content\/uploads\/2024\/08\/Munro-Minimun6-Straight-Shaft-Hollowing-Tool-png.webp?fit=1200%2C675&ssl=1&resize=525%2C300 1.5x, https:\/\/i0.wp.com\/guydutoit.com\/wp-content\/uploads\/2024\/08\/Munro-Minimun6-Straight-Shaft-Hollowing-Tool-png.webp?fit=1200%2C675&ssl=1&resize=700%2C400 2x, https:\/\/i0.wp.com\/guydutoit.com\/wp-content\/uploads\/2024\/08\/Munro-Minimun6-Straight-Shaft-Hollowing-Tool-png.webp?fit=1200%2C675&ssl=1&resize=1050%2C600 3x"},"classes":[]}],"jetpack_sharing_enabled":true,"jetpack_likes_enabled":true,"_links":{"self":[{"href":"https:\/\/guydutoit.com\/de\/wp-json\/wp\/v2\/product\/14245","targetHints":{"allow":["GET"]}}],"collection":[{"href":"https:\/\/guydutoit.com\/de\/wp-json\/wp\/v2\/product"}],"about":[{"href":"https:\/\/guydutoit.com\/de\/wp-json\/wp\/v2\/types\/product"}],"replies":[{"embeddable":true,"href":"https:\/\/guydutoit.com\/de\/wp-json\/wp\/v2\/comments?post=14245"}],"wp:featuredmedia":[{"embeddable":true,"href":"https:\/\/guydutoit.com\/de\/wp-json\/wp\/v2\/media\/17148"}],"wp:attachment":[{"href":"https:\/\/guydutoit.com\/de\/wp-json\/wp\/v2\/media?parent=14245"}],"wp:term":[{"taxonomy":"product_brand","embeddable":true,"href":"https:\/\/guydutoit.com\/de\/wp-json\/wp\/v2\/product_brand?post=14245"},{"taxonomy":"product_cat","embeddable":true,"href":"https:\/\/guydutoit.com\/de\/wp-json\/wp\/v2\/product_cat?post=14245"},{"taxonomy":"product_tag","embeddable":true,"href":"https:\/\/guydutoit.com\/de\/wp-json\/wp\/v2\/product_tag?post=14245"}],"curies":[{"name":"wp","href":"https:\/\/api.w.org\/{rel}","templated":true}]}}