{"id":14249,"date":"2024-07-27T09:46:35","date_gmt":"2024-07-27T09:46:35","guid":{"rendered":"http:\/\/guydutoit.com\/shop-online\/unkategorisiert\/munro-wundercutt10-deep-hollowing-tool\/"},"modified":"2026-04-18T09:42:37","modified_gmt":"2026-04-18T08:42:37","slug":"munro-wundercutt10-deep-hollowing-tool","status":"publish","type":"product","link":"https:\/\/guydutoit.com\/de\/product\/munro-wundercutt10-deep-hollowing-tool\/","title":{"rendered":"Munro Wundercutt10"},"content":{"rendered":"<p><strong>Der Wundercutt10: Ihr perfekter Partner f\u00fcr m\u00fcheloses Drechseln<\/strong><\/p>\n<p><strong>M\u00f6chten Sie atemberaubende Hohlformen herstellen und Ihre Drechslerf\u00e4higkeiten auf die n\u00e4chste Stufe heben?<\/strong> Dann ist der Wundercutt10 von Rolly Munro genau das Richtige f\u00fcr Sie, denn er ist die <strong>erste Wahl f\u00fcr Drechsler weltweit<\/strong>.<\/p>\n<p><strong>M\u00fchelose Kontrolle und un\u00fcbertroffene Leistung:<\/strong><\/p>\n<ul>\n<li><strong>Hartmetall-Fr\u00e4ser:<\/strong> Erleben Sie au\u00dfergew\u00f6hnliche Haltbarkeit und langanhaltende Leistung mit dem 10 mm Wolframkarbid-Fr\u00e4ser des Wundercutt10. Dieses hochwertige Material sorgt f\u00fcr saubere Schnitte und minimiert den Nachsch\u00e4rfbedarf. <\/li>\n<li><strong>Mikro-verstellbare Tiefenkontrolle:<\/strong> Das geniale Design von Rolly Munro macht Schluss mit der Frustration durch Versuch und Irrtum. Erzielen Sie pr\u00e4zise Schnitttiefen mit dem innovativen Spandickenbegrenzer, der von 0,05 mm bis 0,5 mm einstellbar ist [1\/125 to 1\/50&#8243;]. <\/li>\n<li><strong>Gelenkiger Kopf:<\/strong> Navigieren Sie selbst durch die kompliziertesten Formen mit Leichtigkeit. Der Gelenkkopf des Wundercutt10 l\u00e4sst sich nahtlos man\u00f6vrieren, so dass Sie auch schwer zug\u00e4ngliche Bereiche wie die Innenseiten von Schalen und halb geschlossenen Formen erreichen k\u00f6nnen. <\/li>\n<\/ul>\n<p><strong>Entwickelt f\u00fcr Komfort und Effizienz:<\/strong><\/p>\n<ul>\n<li><strong>\u00dcberlegene Stabilit\u00e4t:<\/strong> Der 5\/8&#8243; dicke Edelstahlschaft (15,8 mm) sorgt f\u00fcr au\u00dfergew\u00f6hnliche Stabilit\u00e4t und minimiert Vibrationen f\u00fcr ein sanftes und kontrolliertes Dreherlebnis.<\/li>\n<li><strong>Ergonomischer Handgriff:<\/strong> Der neu gestaltete, vibrationsd\u00e4mpfende Griff bietet einen bequemen und sicheren Halt, auch bei l\u00e4ngerem Gebrauch. Dieser Griff l\u00e4sst sich bis auf 500 mm ausziehen [19 .7&#8243;] und bietet so eine optimale Hebelwirkung bei der Arbeit mit gr\u00f6\u00dferen Teilen. <\/li>\n<li><strong>Anpassungsf\u00e4hig f\u00fcr alle Drechsler:<\/strong> Links- oder Rechtsh\u00e4nder? Kein Problem! Das ausgekl\u00fcgelte Gelenksystem des Wundercutt10 erm\u00f6glicht eine m\u00fchelose Einstellung und sorgt f\u00fcr eine perfekte Passform f\u00fcr jeden Benutzer.  <\/li>\n<\/ul>\n<p><strong>F\u00fcr die Ewigkeit gebaut:<\/strong><\/p>\n<ul>\n<li><strong>Hochwertige Materialien:<\/strong> Der Wundercutt10 ist durchgehend aus hochwertigem Edelstahl gefertigt und h\u00e4lt den Anforderungen in Ihrer Werkstatt stand.<\/li>\n<li><strong>Sch\u00e4rfbare Schneide:<\/strong> Verl\u00e4ngern Sie die Lebensdauer Ihres Werkzeugs! Der Hartmetallschneider kann gedreht werden, um mehrere frische Schneiden zu erhalten, oder mit dem mitgelieferten Sch\u00e4rfdorn gesch\u00e4rft werden. <\/li>\n<\/ul>\n<p><strong>Der Wundercutt10 Vorteil:<\/strong><\/p>\n<ul>\n<li><strong>Vielseitig:<\/strong> Der Wundercutt10 ist sowohl f\u00fcr Innen- als auch f\u00fcr Au\u00dfendrehen geeignet und eignet sich f\u00fcr eine Vielzahl von Projekten, von mittleren bis hin zu gro\u00dfen Hohlformen.<\/li>\n<li><strong>Benutzerfreundlich:<\/strong> Das innovative Design minimiert Verstopfungen und macht die Bedienung des Werkzeugs intuitiv, selbst f\u00fcr fortgeschrittene Drechsler.<\/li>\n<li><strong>Vollst\u00e4ndiges Set:<\/strong> Legen Sie sofort los! Der Wundercutt10 wird mit allem geliefert, was Sie brauchen, einschlie\u00dflich des Hartmetallfr\u00e4sers, des einstellbaren Schnittbegrenzers, des Verbindungsglieds, des Schafts, des Griffs, der Schraubenschl\u00fcssel und der Bedienungsanleitung. <\/li>\n<\/ul>\n<p><strong>Investieren Sie in Qualit\u00e4t, investieren Sie in Ihr Handwerk. Bestellen Sie noch heute Ihren Munro Wundercutt10 Knickl\u00fcfter und erleben Sie den Unterschied! <\/strong><\/p>\n","protected":false},"excerpt":{"rendered":"<p>M\u00f6chten Sie atemberaubende Hohlformen herstellen und Ihre Drechselk\u00fcnste auf die n\u00e4chste Stufe bringen? Suchen Sie nicht weiter als den <strong>Wundercutt10 von Rolly Munro<\/strong>, der <strong>zuverl\u00e4ssigen Wahl<\/strong> von Drechslern <strong>weltweit<\/strong>.<\/p>\n","protected":false},"featured_media":11418,"comment_status":"open","ping_status":"closed","template":"","meta":{"site-sidebar-layout":"default","site-content-layout":"","ast-site-content-layout":"default","site-content-style":"default","site-sidebar-style":"default","ast-global-header-display":"","ast-banner-title-visibility":"","ast-main-header-display":"","ast-hfb-above-header-display":"","ast-hfb-below-header-display":"","ast-hfb-mobile-header-display":"","site-post-title":"","ast-breadcrumbs-content":"","ast-featured-img":"","footer-sml-layout":"","ast-disable-related-posts":"","theme-transparent-header-meta":"default","adv-header-id-meta":"","stick-header-meta":"default","header-above-stick-meta":"","header-main-stick-meta":"","header-below-stick-meta":"","astra-migrate-meta-layouts":"default","ast-page-background-enabled":"default","ast-page-background-meta":{"desktop":{"background-color":"var(--ast-global-color-4)","background-image":"","background-repeat":"repeat","background-position":"center center","background-size":"auto","background-attachment":"scroll","background-type":"","background-media":"","overlay-type":"","overlay-color":"","overlay-opacity":"","overlay-gradient":""},"tablet":{"background-color":"","background-image":"","background-repeat":"repeat","background-position":"center center","background-size":"auto","background-attachment":"scroll","background-type":"","background-media":"","overlay-type":"","overlay-color":"","overlay-opacity":"","overlay-gradient":""},"mobile":{"background-color":"","background-image":"","background-repeat":"repeat","background-position":"center center","background-size":"auto","background-attachment":"scroll","background-type":"","background-media":"","overlay-type":"","overlay-color":"","overlay-opacity":"","overlay-gradient":""}},"ast-content-background-meta":{"desktop":{"background-color":"var(--ast-global-color-5)","background-image":"","background-repeat":"repeat","background-position":"center center","background-size":"auto","background-attachment":"scroll","background-type":"","background-media":"","overlay-type":"","overlay-color":"","overlay-opacity":"","overlay-gradient":""},"tablet":{"background-color":"var(--ast-global-color-5)","background-image":"","background-repeat":"repeat","background-position":"center center","background-size":"auto","background-attachment":"scroll","background-type":"","background-media":"","overlay-type":"","overlay-color":"","overlay-opacity":"","overlay-gradient":""},"mobile":{"background-color":"var(--ast-global-color-5)","background-image":"","background-repeat":"repeat","background-position":"center center","background-size":"auto","background-attachment":"scroll","background-type":"","background-media":"","overlay-type":"","overlay-color":"","overlay-opacity":"","overlay-gradient":""}},"jetpack_post_was_ever_published":false,"jetpack_publicize_message":"","jetpack_publicize_feature_enabled":true,"jetpack_social_post_already_shared":false,"jetpack_social_options":{"image_generator_settings":{"template":"highway","default_image_id":0,"font":"","enabled":false},"version":2}},"product_brand":[],"product_cat":[383],"product_tag":[118,117,122,120,119,121,213],"class_list":{"0":"post-14249","1":"product","2":"type-product","3":"status-publish","4":"has-post-thumbnail","6":"product_cat-munro-werkzeuge","7":"product_tag-aushohlwerkzeug","8":"product_tag-drechselwerkzeuge","9":"product_tag-drechselzubehor","10":"product_tag-gegliedertes-werkzeug","11":"product_tag-rolly-munro-de","12":"product_tag-tiefe-hohlformen","13":"product_tag-wundercutt10-de","14":"desktop-align-left","15":"tablet-align-left","16":"mobile-align-left","17":"ast-product-gallery-layout-vertical-slider","18":"ast-product-tabs-layout-horizontal","20":"first","21":"instock","22":"shipping-taxable","23":"purchasable","24":"product-type-simple"},"jetpack_publicize_connections":[],"jetpack-related-posts":[{"id":14123,"url":"https:\/\/guydutoit.com\/de\/product\/munro-wundercutt10-replacement-head\/","url_meta":{"origin":14249,"position":0},"title":"Munro Wundercutt10 Ersatzkopf","author":"Guy du Toit","date":"22. August 2024","format":false,"excerpt":"Bauen Sie Ihr eigenes Drechselwerkzeug zum Aush\u00f6hlen? Vielleicht haben Sie etwas wirklich Dummes getan und beschlossen, Ihr Werkzeug zu modifizieren und jetzt funktioniert es nicht mehr? Was auch immer die Gr\u00fcnde sind, wir k\u00f6nnen Ihnen so schnell wie m\u00f6glich einen neuen Ersatzkopf f\u00fcr Ihren Wundercutt10 schicken.","rel":"","context":"\u00c4hnlicher Beitrag","block_context":{"text":"\u00c4hnlicher Beitrag","link":""},"img":{"alt_text":"","src":"https:\/\/i0.wp.com\/guydutoit.com\/wp-content\/uploads\/2024\/08\/Munro-Wunderkutt10-Replacement-Head.png?fit=1200%2C1200&ssl=1&resize=350%2C200","width":350,"height":200,"srcset":"https:\/\/i0.wp.com\/guydutoit.com\/wp-content\/uploads\/2024\/08\/Munro-Wunderkutt10-Replacement-Head.png?fit=1200%2C1200&ssl=1&resize=350%2C200 1x, https:\/\/i0.wp.com\/guydutoit.com\/wp-content\/uploads\/2024\/08\/Munro-Wunderkutt10-Replacement-Head.png?fit=1200%2C1200&ssl=1&resize=525%2C300 1.5x, https:\/\/i0.wp.com\/guydutoit.com\/wp-content\/uploads\/2024\/08\/Munro-Wunderkutt10-Replacement-Head.png?fit=1200%2C1200&ssl=1&resize=700%2C400 2x, https:\/\/i0.wp.com\/guydutoit.com\/wp-content\/uploads\/2024\/08\/Munro-Wunderkutt10-Replacement-Head.png?fit=1200%2C1200&ssl=1&resize=1050%2C600 3x"},"classes":[]},{"id":14141,"url":"https:\/\/guydutoit.com\/de\/product\/munro-hollower-handle-only\/","url_meta":{"origin":14249,"position":1},"title":"Rolly Munro Hollowing Tool Griffe","author":"Guy du Toit","date":"21. August 2024","format":false,"excerpt":"Rolly Munro Hohlmei\u00dfelgriffe f\u00fcr Drechslerhohlmei\u00dfel und Hohlmei\u00dfel. Das Beste, was es gibt!","rel":"","context":"\u00c4hnlicher Beitrag","block_context":{"text":"\u00c4hnlicher Beitrag","link":""},"img":{"alt_text":"Rolly Munro Hollower Griffe","src":"https:\/\/i0.wp.com\/guydutoit.com\/wp-content\/uploads\/2024\/11\/Rolly-Munro-Hollower-Handles.png?fit=817%2C1200&ssl=1&resize=350%2C200","width":350,"height":200,"srcset":"https:\/\/i0.wp.com\/guydutoit.com\/wp-content\/uploads\/2024\/11\/Rolly-Munro-Hollower-Handles.png?fit=817%2C1200&ssl=1&resize=350%2C200 1x, https:\/\/i0.wp.com\/guydutoit.com\/wp-content\/uploads\/2024\/11\/Rolly-Munro-Hollower-Handles.png?fit=817%2C1200&ssl=1&resize=525%2C300 1.5x, https:\/\/i0.wp.com\/guydutoit.com\/wp-content\/uploads\/2024\/11\/Rolly-Munro-Hollower-Handles.png?fit=817%2C1200&ssl=1&resize=700%2C400 2x"},"classes":[]},{"id":14211,"url":"https:\/\/guydutoit.com\/de\/product\/munro-minimum6-owen-hollowing-tool\/","url_meta":{"origin":14249,"position":2},"title":"Munro Minimum 6 Owen Bend Aush\u00f6hlungswerkzeug","author":"Guy du Toit","date":"8. August 2024","format":false,"excerpt":"Das Minimum6 Owen Hollowing Tool mit gebogenem Schaft von Rolly Munro ist perfekt f\u00fcr kleine bis mittelgro\u00dfe Formen.","rel":"","context":"\u00c4hnlicher Beitrag","block_context":{"text":"\u00c4hnlicher Beitrag","link":""},"img":{"alt_text":"","src":"https:\/\/i0.wp.com\/guydutoit.com\/wp-content\/uploads\/2024\/08\/Munro-minimun6-owen-png.webp?fit=1200%2C675&ssl=1&resize=350%2C200","width":350,"height":200,"srcset":"https:\/\/i0.wp.com\/guydutoit.com\/wp-content\/uploads\/2024\/08\/Munro-minimun6-owen-png.webp?fit=1200%2C675&ssl=1&resize=350%2C200 1x, https:\/\/i0.wp.com\/guydutoit.com\/wp-content\/uploads\/2024\/08\/Munro-minimun6-owen-png.webp?fit=1200%2C675&ssl=1&resize=525%2C300 1.5x, https:\/\/i0.wp.com\/guydutoit.com\/wp-content\/uploads\/2024\/08\/Munro-minimun6-owen-png.webp?fit=1200%2C675&ssl=1&resize=700%2C400 2x, https:\/\/i0.wp.com\/guydutoit.com\/wp-content\/uploads\/2024\/08\/Munro-minimun6-owen-png.webp?fit=1200%2C675&ssl=1&resize=1050%2C600 3x"},"classes":[]},{"id":14179,"url":"https:\/\/guydutoit.com\/de\/product\/munro-minimum-6-lister-bend-hollowing-tool-copy\/","url_meta":{"origin":14249,"position":3},"title":"Munro Minimum 6 Lister Bend Aush\u00f6hlungswerkzeug","author":"Guy du Toit","date":"10. August 2024","format":false,"excerpt":"Das Minimum6 Lister Bend Hollowing Tool von Rolly Munro ist perfekt f\u00fcr kleine bis mittelgro\u00dfe Formen.","rel":"","context":"\u00c4hnlicher Beitrag","block_context":{"text":"\u00c4hnlicher Beitrag","link":""},"img":{"alt_text":"","src":"https:\/\/i0.wp.com\/guydutoit.com\/wp-content\/uploads\/2024\/08\/Munro-Minimum6-Lister-bend-png.webp?fit=1200%2C1200&ssl=1&resize=350%2C200","width":350,"height":200,"srcset":"https:\/\/i0.wp.com\/guydutoit.com\/wp-content\/uploads\/2024\/08\/Munro-Minimum6-Lister-bend-png.webp?fit=1200%2C1200&ssl=1&resize=350%2C200 1x, https:\/\/i0.wp.com\/guydutoit.com\/wp-content\/uploads\/2024\/08\/Munro-Minimum6-Lister-bend-png.webp?fit=1200%2C1200&ssl=1&resize=525%2C300 1.5x, https:\/\/i0.wp.com\/guydutoit.com\/wp-content\/uploads\/2024\/08\/Munro-Minimum6-Lister-bend-png.webp?fit=1200%2C1200&ssl=1&resize=700%2C400 2x, https:\/\/i0.wp.com\/guydutoit.com\/wp-content\/uploads\/2024\/08\/Munro-Minimum6-Lister-bend-png.webp?fit=1200%2C1200&ssl=1&resize=1050%2C600 3x"},"classes":[]},{"id":14243,"url":"https:\/\/guydutoit.com\/de\/product\/munro-minimum-6-straight-shaft-hollower\/","url_meta":{"origin":14249,"position":4},"title":"Munro Minimum 6 Geradschacht-Hobelmaschine","author":"Guy du Toit","date":"8. August 2024","format":false,"excerpt":"Das Minimum6 Straight Hollowing Tool von Rolly Munro wurde f\u00fcr pr\u00e4zise Aush\u00f6hlungsarbeiten in kleinen bis mittleren Formen entwickelt.","rel":"","context":"\u00c4hnlicher Beitrag","block_context":{"text":"\u00c4hnlicher Beitrag","link":""},"img":{"alt_text":"","src":"https:\/\/i0.wp.com\/guydutoit.com\/wp-content\/uploads\/2024\/08\/Munro-Minimun6-Straight-Shaft-Hollowing-Tool-png.webp?fit=1200%2C675&ssl=1&resize=350%2C200","width":350,"height":200,"srcset":"https:\/\/i0.wp.com\/guydutoit.com\/wp-content\/uploads\/2024\/08\/Munro-Minimun6-Straight-Shaft-Hollowing-Tool-png.webp?fit=1200%2C675&ssl=1&resize=350%2C200 1x, https:\/\/i0.wp.com\/guydutoit.com\/wp-content\/uploads\/2024\/08\/Munro-Minimun6-Straight-Shaft-Hollowing-Tool-png.webp?fit=1200%2C675&ssl=1&resize=525%2C300 1.5x, https:\/\/i0.wp.com\/guydutoit.com\/wp-content\/uploads\/2024\/08\/Munro-Minimun6-Straight-Shaft-Hollowing-Tool-png.webp?fit=1200%2C675&ssl=1&resize=700%2C400 2x, https:\/\/i0.wp.com\/guydutoit.com\/wp-content\/uploads\/2024\/08\/Munro-Minimun6-Straight-Shaft-Hollowing-Tool-png.webp?fit=1200%2C675&ssl=1&resize=1050%2C600 3x"},"classes":[]},{"id":14245,"url":"https:\/\/guydutoit.com\/de\/product\/rolly-munro-articulated-mega2-hollowing-tool\/","url_meta":{"origin":14249,"position":5},"title":"Munro Mega2 Aush\u00f6hlwerkzeug","author":"Guy du Toit","date":"8. August 2024","format":false,"excerpt":"Beherrschen Sie gro\u00dfe Hohlformen mit Pr\u00e4zision und Leichtigkeit mit dem MEGA2-Gelenkwerkzeug von Rolly Munro. Gebaut f\u00fcr Kontrolle, Komfort und Langlebigkeit.","rel":"","context":"\u00c4hnlicher Beitrag","block_context":{"text":"\u00c4hnlicher Beitrag","link":""},"img":{"alt_text":"","src":"https:\/\/i0.wp.com\/guydutoit.com\/wp-content\/uploads\/2024\/08\/Munro-Mega2-Package-png.webp?fit=1200%2C1200&ssl=1&resize=350%2C200","width":350,"height":200,"srcset":"https:\/\/i0.wp.com\/guydutoit.com\/wp-content\/uploads\/2024\/08\/Munro-Mega2-Package-png.webp?fit=1200%2C1200&ssl=1&resize=350%2C200 1x, https:\/\/i0.wp.com\/guydutoit.com\/wp-content\/uploads\/2024\/08\/Munro-Mega2-Package-png.webp?fit=1200%2C1200&ssl=1&resize=525%2C300 1.5x, https:\/\/i0.wp.com\/guydutoit.com\/wp-content\/uploads\/2024\/08\/Munro-Mega2-Package-png.webp?fit=1200%2C1200&ssl=1&resize=700%2C400 2x, https:\/\/i0.wp.com\/guydutoit.com\/wp-content\/uploads\/2024\/08\/Munro-Mega2-Package-png.webp?fit=1200%2C1200&ssl=1&resize=1050%2C600 3x"},"classes":[]}],"jetpack_sharing_enabled":true,"jetpack_likes_enabled":true,"_links":{"self":[{"href":"https:\/\/guydutoit.com\/de\/wp-json\/wp\/v2\/product\/14249","targetHints":{"allow":["GET"]}}],"collection":[{"href":"https:\/\/guydutoit.com\/de\/wp-json\/wp\/v2\/product"}],"about":[{"href":"https:\/\/guydutoit.com\/de\/wp-json\/wp\/v2\/types\/product"}],"replies":[{"embeddable":true,"href":"https:\/\/guydutoit.com\/de\/wp-json\/wp\/v2\/comments?post=14249"}],"wp:featuredmedia":[{"embeddable":true,"href":"https:\/\/guydutoit.com\/de\/wp-json\/wp\/v2\/media\/11418"}],"wp:attachment":[{"href":"https:\/\/guydutoit.com\/de\/wp-json\/wp\/v2\/media?parent=14249"}],"wp:term":[{"taxonomy":"product_brand","embeddable":true,"href":"https:\/\/guydutoit.com\/de\/wp-json\/wp\/v2\/product_brand?post=14249"},{"taxonomy":"product_cat","embeddable":true,"href":"https:\/\/guydutoit.com\/de\/wp-json\/wp\/v2\/product_cat?post=14249"},{"taxonomy":"product_tag","embeddable":true,"href":"https:\/\/guydutoit.com\/de\/wp-json\/wp\/v2\/product_tag?post=14249"}],"curies":[{"name":"wp","href":"https:\/\/api.w.org\/{rel}","templated":true}]}}