{"id":26558,"date":"2026-01-23T01:05:21","date_gmt":"2026-01-23T00:05:21","guid":{"rendered":"https:\/\/guydutoit.com\/product\/antike-rose-kupfer-kiefer-nuss-potpourri-deckel-2\/"},"modified":"2026-01-23T01:05:21","modified_gmt":"2026-01-23T00:05:21","slug":"antike-rose-kupfer-kiefer-nuss-potpourri-deckel-2","status":"publish","type":"product","link":"https:\/\/guydutoit.com\/de\/product\/antike-rose-kupfer-kiefer-nuss-potpourri-deckel-2\/","title":{"rendered":"Antike Rose Kupfer Kiefer Nuss Potpourri Deckel"},"content":{"rendered":"<p>Antiker rosafarbener Kupferdeckel f\u00fcr Pinienkerne. Materialien: Zinklegierung. Gr\u00f6\u00dfe:80mm Durchmesser. Jeder Deckel ist so gestaltet, dass der Duft direkt durch die Oberseite des Deckels kommt. Diese Deckel k\u00f6nnen auch auf jede Art von Sch\u00e4lchen oder Schale gelegt werden. Sie haben die Wahl zwischen vielen verschiedenen Modellen, die Sie gerne bestellen k\u00f6nnen.<\/p>\n","protected":false},"excerpt":{"rendered":"<p>Versch\u00f6nern Sie Ihren Raum mit unserem antik-rosafarbenen Kupferdeckel f\u00fcr Pinienkerne. Er wurde entwickelt, um D\u00fcfte effektiv freizusetzen und passt in jede kleine Sch\u00fcssel oder Schale.<\/p>\n","protected":false},"featured_media":26562,"comment_status":"open","ping_status":"closed","template":"","meta":{"site-sidebar-layout":"","site-content-layout":"","ast-site-content-layout":"","site-content-style":"","site-sidebar-style":"","ast-global-header-display":"","ast-banner-title-visibility":"","ast-main-header-display":"","ast-hfb-above-header-display":"","ast-hfb-below-header-display":"","ast-hfb-mobile-header-display":"","site-post-title":"","ast-breadcrumbs-content":"","ast-featured-img":"","footer-sml-layout":"","ast-disable-related-posts":"","theme-transparent-header-meta":"","adv-header-id-meta":"","stick-header-meta":"","header-above-stick-meta":"","header-main-stick-meta":"","header-below-stick-meta":"","astra-migrate-meta-layouts":"default","ast-page-background-enabled":"default","ast-page-background-meta":{"desktop":{"background-color":"var(--ast-global-color-4)","background-image":"","background-repeat":"repeat","background-position":"center center","background-size":"auto","background-attachment":"scroll","background-type":"","background-media":"","overlay-type":"","overlay-color":"","overlay-opacity":"","overlay-gradient":""},"tablet":{"background-color":"","background-image":"","background-repeat":"repeat","background-position":"center center","background-size":"auto","background-attachment":"scroll","background-type":"","background-media":"","overlay-type":"","overlay-color":"","overlay-opacity":"","overlay-gradient":""},"mobile":{"background-color":"","background-image":"","background-repeat":"repeat","background-position":"center center","background-size":"auto","background-attachment":"scroll","background-type":"","background-media":"","overlay-type":"","overlay-color":"","overlay-opacity":"","overlay-gradient":""}},"ast-content-background-meta":{"desktop":{"background-color":"var(--ast-global-color-5)","background-image":"","background-repeat":"repeat","background-position":"center center","background-size":"auto","background-attachment":"scroll","background-type":"","background-media":"","overlay-type":"","overlay-color":"","overlay-opacity":"","overlay-gradient":""},"tablet":{"background-color":"var(--ast-global-color-5)","background-image":"","background-repeat":"repeat","background-position":"center center","background-size":"auto","background-attachment":"scroll","background-type":"","background-media":"","overlay-type":"","overlay-color":"","overlay-opacity":"","overlay-gradient":""},"mobile":{"background-color":"var(--ast-global-color-5)","background-image":"","background-repeat":"repeat","background-position":"center center","background-size":"auto","background-attachment":"scroll","background-type":"","background-media":"","overlay-type":"","overlay-color":"","overlay-opacity":"","overlay-gradient":""}},"jetpack_post_was_ever_published":false,"jetpack_publicize_message":"","jetpack_publicize_feature_enabled":true,"jetpack_social_post_already_shared":true,"jetpack_social_options":{"image_generator_settings":{"template":"highway","default_image_id":0,"font":"","enabled":false},"version":2}},"product_brand":[],"product_cat":[31],"product_tag":[1673,2026,1171,2025,2027],"class_list":{"0":"post-26558","1":"product","2":"type-product","3":"status-publish","4":"has-post-thumbnail","6":"product_cat-uncategorized","7":"product_tag-antik-rosa-kupfer","8":"product_tag-duftendes-dekor","9":"product_tag-potpourri-deckel","10":"product_tag-zinklegierung","11":"product_tag-zubehor-fur-kleine-schalen","12":"desktop-align-left","13":"tablet-align-left","14":"mobile-align-left","15":"ast-product-gallery-layout-vertical-slider","16":"ast-product-tabs-layout-horizontal","18":"first","19":"instock","20":"shipping-taxable","21":"purchasable","22":"product-type-simple"},"jetpack_publicize_connections":[],"jetpack-related-posts":[{"id":21884,"url":"https:\/\/guydutoit.com\/de\/product\/antiker-bronze-tulpen-potpourri-deckel-copy\/","url_meta":{"origin":26558,"position":0},"title":"Antiker Bronze Tulpen Potpourri-Deckel (Copy)","author":"Guy du Toit","date":"3. November 2025","format":false,"excerpt":"Versch\u00f6nern Sie Ihren Raum mit diesem sch\u00f6nen 80 mm gro\u00dfen, antikbronzefarbenen Tulpendeckel. Zarte Tulpenmotive verstr\u00f6men einen nat\u00fcrlichen Duft und verleihen jeder kleinen Schale oder jedem Teller einen botanischen Vintage-Charme. Dieser vielseitige Deckel ist aus einer haltbaren Zinklegierung gefertigt und mit einem reichen Bronze-Finish versehen. Er macht aus einfachen Beh\u00e4ltern ein\u2026","rel":"","context":"\u00c4hnlicher Beitrag","block_context":{"text":"\u00c4hnlicher Beitrag","link":""},"img":{"alt_text":"Antike Rose Kupfer Osmanthus Potpourri Deckel Drechselset","src":"https:\/\/i0.wp.com\/guydutoit.com\/wp-content\/uploads\/2025\/10\/Antique-rose-copper-osmanthus-potpourri-lid.jpg?fit=1100%2C740&ssl=1&resize=350%2C200","width":350,"height":200,"srcset":"https:\/\/i0.wp.com\/guydutoit.com\/wp-content\/uploads\/2025\/10\/Antique-rose-copper-osmanthus-potpourri-lid.jpg?fit=1100%2C740&ssl=1&resize=350%2C200 1x, https:\/\/i0.wp.com\/guydutoit.com\/wp-content\/uploads\/2025\/10\/Antique-rose-copper-osmanthus-potpourri-lid.jpg?fit=1100%2C740&ssl=1&resize=525%2C300 1.5x, https:\/\/i0.wp.com\/guydutoit.com\/wp-content\/uploads\/2025\/10\/Antique-rose-copper-osmanthus-potpourri-lid.jpg?fit=1100%2C740&ssl=1&resize=700%2C400 2x, https:\/\/i0.wp.com\/guydutoit.com\/wp-content\/uploads\/2025\/10\/Antique-rose-copper-osmanthus-potpourri-lid.jpg?fit=1100%2C740&ssl=1&resize=1050%2C600 3x"},"classes":[]},{"id":21704,"url":"https:\/\/guydutoit.com\/de\/product\/antiker-bronze-tulpen-potpourri-deckel\/","url_meta":{"origin":26558,"position":1},"title":"Antiker Bronze Tulpen Potpourri-Deckel","author":"","date":"31. Oktober 2025","format":false,"excerpt":"80mm Antiker Bronze Tulpen Potpourri Deckel. Der perfekte, hochwertige Schliff f\u00fcr Ihre gedrechselten Holzschalen. Verwandelt ein einfaches Holzgef\u00e4\u00df im Handumdrehen in einen hochwertigen, funktionalen Duftzerst\u00e4uber mit hoher Marktattraktivit\u00e4t.","rel":"","context":"\u00c4hnlicher Beitrag","block_context":{"text":"\u00c4hnlicher Beitrag","link":""},"img":{"alt_text":"Antiker Bronze Tulpen Potpourri Deckel f\u00fcr Drechselprojekte","src":"https:\/\/i0.wp.com\/guydutoit.com\/wp-content\/uploads\/2025\/10\/Antique-bronze-tulips-potpourri-lid.jpg?fit=1100%2C740&ssl=1&resize=350%2C200","width":350,"height":200,"srcset":"https:\/\/i0.wp.com\/guydutoit.com\/wp-content\/uploads\/2025\/10\/Antique-bronze-tulips-potpourri-lid.jpg?fit=1100%2C740&ssl=1&resize=350%2C200 1x, https:\/\/i0.wp.com\/guydutoit.com\/wp-content\/uploads\/2025\/10\/Antique-bronze-tulips-potpourri-lid.jpg?fit=1100%2C740&ssl=1&resize=525%2C300 1.5x, https:\/\/i0.wp.com\/guydutoit.com\/wp-content\/uploads\/2025\/10\/Antique-bronze-tulips-potpourri-lid.jpg?fit=1100%2C740&ssl=1&resize=700%2C400 2x, https:\/\/i0.wp.com\/guydutoit.com\/wp-content\/uploads\/2025\/10\/Antique-bronze-tulips-potpourri-lid.jpg?fit=1100%2C740&ssl=1&resize=1050%2C600 3x"},"classes":[]},{"id":21698,"url":"https:\/\/guydutoit.com\/de\/product\/antike-rose-kupfer-kiefer-nuss-potpourri-deckel\/","url_meta":{"origin":26558,"position":2},"title":"Rose Kupfer Pinienkern Potpourri Deckel: Das handwerkliche Upgrade","author":"","date":"31. Oktober 2025","format":false,"excerpt":"80mm Antique Rose Kupfer Kiefer Nuss Deckel. Das hochwertige Hardware-Zubeh\u00f6r, das Ihre kleinen, gedrehten Gef\u00e4\u00dfe im Handumdrehen in hochwertige, funktionelle Duftdiffusoren verwandelt. Verwenden Sie diesen Deckel, um Ihre Handwerkskunst zu verbessern und die Marktf\u00e4higkeit Ihrer Holzschalen zu erh\u00f6hen.","rel":"","context":"\u00c4hnlicher Beitrag","block_context":{"text":"\u00c4hnlicher Beitrag","link":""},"img":{"alt_text":"Antik rose Kupfer Pinienkern Potpourri Deckel f\u00fcr Drechselprojekte","src":"https:\/\/i0.wp.com\/guydutoit.com\/wp-content\/uploads\/2025\/10\/Antique-rose-copper-pine-nut-potpourri-lid.jpg?fit=1100%2C740&ssl=1&resize=350%2C200","width":350,"height":200,"srcset":"https:\/\/i0.wp.com\/guydutoit.com\/wp-content\/uploads\/2025\/10\/Antique-rose-copper-pine-nut-potpourri-lid.jpg?fit=1100%2C740&ssl=1&resize=350%2C200 1x, https:\/\/i0.wp.com\/guydutoit.com\/wp-content\/uploads\/2025\/10\/Antique-rose-copper-pine-nut-potpourri-lid.jpg?fit=1100%2C740&ssl=1&resize=525%2C300 1.5x, https:\/\/i0.wp.com\/guydutoit.com\/wp-content\/uploads\/2025\/10\/Antique-rose-copper-pine-nut-potpourri-lid.jpg?fit=1100%2C740&ssl=1&resize=700%2C400 2x, https:\/\/i0.wp.com\/guydutoit.com\/wp-content\/uploads\/2025\/10\/Antique-rose-copper-pine-nut-potpourri-lid.jpg?fit=1100%2C740&ssl=1&resize=1050%2C600 3x"},"classes":[]},{"id":21701,"url":"https:\/\/guydutoit.com\/de\/product\/der-monarch-potpourri-akzent\/","url_meta":{"origin":26558,"position":3},"title":"Antiker Silber Schmetterlingsdeckel: Der letzte Schliff f\u00fcr hochwertige Schalen","author":"","date":"31. Oktober 2025","format":false,"excerpt":"0mm Antikes Silber Schmetterling Potpourri-Deckel. Die hochwertige Hardware, die Ihre kleinen, gedrehten Gef\u00e4\u00dfe in hochwertige, stimmige dekorative Diffusoren verwandelt. F\u00fcgen Sie Ihrer Produktlinie sofortige Vintage-Eleganz und \u00fcberlegene Funktionalit\u00e4t hinzu.","rel":"","context":"\u00c4hnlicher Beitrag","block_context":{"text":"\u00c4hnlicher Beitrag","link":""},"img":{"alt_text":"Antiker silberner Schmetterling Potpourri Deckel","src":"https:\/\/i0.wp.com\/guydutoit.com\/wp-content\/uploads\/2025\/10\/Antique-silver-butterfly-potpourri-lid.jpg?fit=1100%2C740&ssl=1&resize=350%2C200","width":350,"height":200,"srcset":"https:\/\/i0.wp.com\/guydutoit.com\/wp-content\/uploads\/2025\/10\/Antique-silver-butterfly-potpourri-lid.jpg?fit=1100%2C740&ssl=1&resize=350%2C200 1x, https:\/\/i0.wp.com\/guydutoit.com\/wp-content\/uploads\/2025\/10\/Antique-silver-butterfly-potpourri-lid.jpg?fit=1100%2C740&ssl=1&resize=525%2C300 1.5x, https:\/\/i0.wp.com\/guydutoit.com\/wp-content\/uploads\/2025\/10\/Antique-silver-butterfly-potpourri-lid.jpg?fit=1100%2C740&ssl=1&resize=700%2C400 2x, https:\/\/i0.wp.com\/guydutoit.com\/wp-content\/uploads\/2025\/10\/Antique-silver-butterfly-potpourri-lid.jpg?fit=1100%2C740&ssl=1&resize=1050%2C600 3x"},"classes":[]},{"id":28765,"url":"https:\/\/guydutoit.com\/de\/product\/reisebecher-aus-edelstahl-mit-auslaufsicherem-deckel\/","url_meta":{"origin":26558,"position":4},"title":"Reisebecher aus Edelstahl mit auslaufsicherem Deckel","author":"Guy du Toit","date":"23. Januar 2026","format":false,"excerpt":"Halten Sie Ihren Kaffee oder Tee l\u00e4nger hei\u00df mit diesem Reisebecher aus Edelstahl mit auslaufsicherem Deckel. Eine perfekte Geschenkidee!","rel":"","context":"\u00c4hnlicher Beitrag","block_context":{"text":"\u00c4hnlicher Beitrag","link":""},"img":{"alt_text":"","src":"https:\/\/i0.wp.com\/guydutoit.com\/wp-content\/uploads\/2026\/01\/RZ-PK4422-SS_002.jpg?fit=1100%2C740&ssl=1&resize=350%2C200","width":350,"height":200,"srcset":"https:\/\/i0.wp.com\/guydutoit.com\/wp-content\/uploads\/2026\/01\/RZ-PK4422-SS_002.jpg?fit=1100%2C740&ssl=1&resize=350%2C200 1x, https:\/\/i0.wp.com\/guydutoit.com\/wp-content\/uploads\/2026\/01\/RZ-PK4422-SS_002.jpg?fit=1100%2C740&ssl=1&resize=525%2C300 1.5x, https:\/\/i0.wp.com\/guydutoit.com\/wp-content\/uploads\/2026\/01\/RZ-PK4422-SS_002.jpg?fit=1100%2C740&ssl=1&resize=700%2C400 2x, https:\/\/i0.wp.com\/guydutoit.com\/wp-content\/uploads\/2026\/01\/RZ-PK4422-SS_002.jpg?fit=1100%2C740&ssl=1&resize=1050%2C600 3x"},"classes":[]},{"id":21061,"url":"https:\/\/guydutoit.com\/de\/product\/doppelstift-display-box-aus-schwarzem-papier-mit-klarem-deckel-copy-2\/","url_meta":{"origin":26558,"position":5},"title":"Display-Box f\u00fcr einzelne Stifte aus schwarzem Papier mit klarem Deckel","author":"Guy du Toit","date":"11. September 2025","format":false,"excerpt":"Sind Sie bereit, eine Ihrer sch\u00f6nsten Drechselkreationen zu pr\u00e4sentieren? Diese elegante schwarze Box mit klarem Deckel ist die perfekte Art, einen schlanken Stift zu pr\u00e4sentieren. Es hebt Ihre Handwerkskunst sofort hervor und l\u00e4sst Ihre Arbeit professionell und verschenkfertig aussehen.","rel":"","context":"\u00c4hnlicher Beitrag","block_context":{"text":"\u00c4hnlicher Beitrag","link":""},"img":{"alt_text":"Eine schwarze Stiftbox mit durchsichtigem Deckel, in der ein schlanker, gedrechselter Stift pr\u00e4sentiert wird.","src":"https:\/\/i0.wp.com\/guydutoit.com\/wp-content\/uploads\/2025\/09\/PPB05-Paper-pen-box-single2.jpg?fit=1100%2C740&ssl=1&resize=350%2C200","width":350,"height":200,"srcset":"https:\/\/i0.wp.com\/guydutoit.com\/wp-content\/uploads\/2025\/09\/PPB05-Paper-pen-box-single2.jpg?fit=1100%2C740&ssl=1&resize=350%2C200 1x, https:\/\/i0.wp.com\/guydutoit.com\/wp-content\/uploads\/2025\/09\/PPB05-Paper-pen-box-single2.jpg?fit=1100%2C740&ssl=1&resize=525%2C300 1.5x, https:\/\/i0.wp.com\/guydutoit.com\/wp-content\/uploads\/2025\/09\/PPB05-Paper-pen-box-single2.jpg?fit=1100%2C740&ssl=1&resize=700%2C400 2x, https:\/\/i0.wp.com\/guydutoit.com\/wp-content\/uploads\/2025\/09\/PPB05-Paper-pen-box-single2.jpg?fit=1100%2C740&ssl=1&resize=1050%2C600 3x"},"classes":[]}],"jetpack_sharing_enabled":true,"jetpack_likes_enabled":true,"_links":{"self":[{"href":"https:\/\/guydutoit.com\/de\/wp-json\/wp\/v2\/product\/26558","targetHints":{"allow":["GET"]}}],"collection":[{"href":"https:\/\/guydutoit.com\/de\/wp-json\/wp\/v2\/product"}],"about":[{"href":"https:\/\/guydutoit.com\/de\/wp-json\/wp\/v2\/types\/product"}],"replies":[{"embeddable":true,"href":"https:\/\/guydutoit.com\/de\/wp-json\/wp\/v2\/comments?post=26558"}],"wp:featuredmedia":[{"embeddable":true,"href":"https:\/\/guydutoit.com\/de\/wp-json\/wp\/v2\/media\/26562"}],"wp:attachment":[{"href":"https:\/\/guydutoit.com\/de\/wp-json\/wp\/v2\/media?parent=26558"}],"wp:term":[{"taxonomy":"product_brand","embeddable":true,"href":"https:\/\/guydutoit.com\/de\/wp-json\/wp\/v2\/product_brand?post=26558"},{"taxonomy":"product_cat","embeddable":true,"href":"https:\/\/guydutoit.com\/de\/wp-json\/wp\/v2\/product_cat?post=26558"},{"taxonomy":"product_tag","embeddable":true,"href":"https:\/\/guydutoit.com\/de\/wp-json\/wp\/v2\/product_tag?post=26558"}],"curies":[{"name":"wp","href":"https:\/\/api.w.org\/{rel}","templated":true}]}}