{"id":26559,"date":"2026-01-23T01:05:21","date_gmt":"2026-01-23T00:05:21","guid":{"rendered":"https:\/\/guydutoit.com\/product\/verchromte-aluminiumlegierung-mini-flaschenstopper-kit\/"},"modified":"2026-01-23T01:05:21","modified_gmt":"2026-01-23T00:05:21","slug":"verchromte-aluminiumlegierung-mini-flaschenstopper-kit","status":"publish","type":"product","link":"https:\/\/guydutoit.com\/de\/product\/verchromte-aluminiumlegierung-mini-flaschenstopper-kit\/","title":{"rendered":"Verchromte Aluminiumlegierung Mini-Flaschenstopper Kit"},"content":{"rendered":"<p>Verchromt. Mini-Flaschenverschluss-Kits aus Aluminiumlegierung mit Schraube und Gummiring. Einfach zu machen und eine funktionelle Sch\u00f6nheit. Gr\u00f6\u00dfe: 20*62mm.<\/p>\n","protected":false},"excerpt":{"rendered":"<p>Schaffen Sie funktionelle Sch\u00f6nheit mit diesem einfach zu bastelnden Mini-Flaschenverschluss-Kit aus verchromter Aluminiumlegierung. Perfekt f\u00fcr Drechselprojekte.<\/p>\n","protected":false},"featured_media":26565,"comment_status":"open","ping_status":"closed","template":"","meta":{"site-sidebar-layout":"","site-content-layout":"","ast-site-content-layout":"","site-content-style":"","site-sidebar-style":"","ast-global-header-display":"","ast-banner-title-visibility":"","ast-main-header-display":"","ast-hfb-above-header-display":"","ast-hfb-below-header-display":"","ast-hfb-mobile-header-display":"","site-post-title":"","ast-breadcrumbs-content":"","ast-featured-img":"","footer-sml-layout":"","ast-disable-related-posts":"","theme-transparent-header-meta":"","adv-header-id-meta":"","stick-header-meta":"","header-above-stick-meta":"","header-main-stick-meta":"","header-below-stick-meta":"","astra-migrate-meta-layouts":"default","ast-page-background-enabled":"default","ast-page-background-meta":{"desktop":{"background-color":"var(--ast-global-color-4)","background-image":"","background-repeat":"repeat","background-position":"center center","background-size":"auto","background-attachment":"scroll","background-type":"","background-media":"","overlay-type":"","overlay-color":"","overlay-opacity":"","overlay-gradient":""},"tablet":{"background-color":"","background-image":"","background-repeat":"repeat","background-position":"center center","background-size":"auto","background-attachment":"scroll","background-type":"","background-media":"","overlay-type":"","overlay-color":"","overlay-opacity":"","overlay-gradient":""},"mobile":{"background-color":"","background-image":"","background-repeat":"repeat","background-position":"center center","background-size":"auto","background-attachment":"scroll","background-type":"","background-media":"","overlay-type":"","overlay-color":"","overlay-opacity":"","overlay-gradient":""}},"ast-content-background-meta":{"desktop":{"background-color":"var(--ast-global-color-5)","background-image":"","background-repeat":"repeat","background-position":"center center","background-size":"auto","background-attachment":"scroll","background-type":"","background-media":"","overlay-type":"","overlay-color":"","overlay-opacity":"","overlay-gradient":""},"tablet":{"background-color":"var(--ast-global-color-5)","background-image":"","background-repeat":"repeat","background-position":"center center","background-size":"auto","background-attachment":"scroll","background-type":"","background-media":"","overlay-type":"","overlay-color":"","overlay-opacity":"","overlay-gradient":""},"mobile":{"background-color":"var(--ast-global-color-5)","background-image":"","background-repeat":"repeat","background-position":"center center","background-size":"auto","background-attachment":"scroll","background-type":"","background-media":"","overlay-type":"","overlay-color":"","overlay-opacity":"","overlay-gradient":""}},"jetpack_post_was_ever_published":false,"jetpack_publicize_message":"","jetpack_publicize_feature_enabled":true,"jetpack_social_post_already_shared":true,"jetpack_social_options":{"image_generator_settings":{"template":"highway","default_image_id":0,"font":"","enabled":false},"version":2}},"product_brand":[],"product_cat":[31],"product_tag":[2029,2028,2031,716,2030],"class_list":{"0":"post-26559","1":"product","2":"type-product","3":"status-publish","4":"has-post-thumbnail","6":"product_cat-uncategorized","7":"product_tag-bausatz-aus-aluminiumlegierung","8":"product_tag-chrom-flaschenverschluss","9":"product_tag-diy-flaschenverschluss","10":"product_tag-drechslerbedarf","11":"product_tag-mini-flaschenverschluss","12":"desktop-align-left","13":"tablet-align-left","14":"mobile-align-left","15":"ast-product-gallery-layout-vertical-slider","16":"ast-product-tabs-layout-horizontal","18":"first","19":"instock","20":"shipping-taxable","21":"purchasable","22":"product-type-simple"},"jetpack_publicize_connections":[],"jetpack-related-posts":[{"id":26534,"url":"https:\/\/guydutoit.com\/de\/product\/antik-rose-verkupferte-aluminiumlegierung-mini-flaschenverschluss-kit\/","url_meta":{"origin":26559,"position":0},"title":"Antik Rose Verkupferte Aluminiumlegierung Mini Flaschenverschluss Kit","author":"Guy du Toit","date":"23. Januar 2026","format":false,"excerpt":"Kreieren Sie funktionelle Sch\u00f6nheit mit diesem einfach herzustellenden Mini-Flaschenverschluss-Kit in antikem Rosenkupfer.","rel":"","context":"\u00c4hnlicher Beitrag","block_context":{"text":"\u00c4hnlicher Beitrag","link":""},"img":{"alt_text":"","src":"https:\/\/i0.wp.com\/guydutoit.com\/wp-content\/uploads\/2026\/01\/RZ-WBS6-ARCP_003.jpg?fit=1100%2C740&ssl=1&resize=350%2C200","width":350,"height":200,"srcset":"https:\/\/i0.wp.com\/guydutoit.com\/wp-content\/uploads\/2026\/01\/RZ-WBS6-ARCP_003.jpg?fit=1100%2C740&ssl=1&resize=350%2C200 1x, https:\/\/i0.wp.com\/guydutoit.com\/wp-content\/uploads\/2026\/01\/RZ-WBS6-ARCP_003.jpg?fit=1100%2C740&ssl=1&resize=525%2C300 1.5x, https:\/\/i0.wp.com\/guydutoit.com\/wp-content\/uploads\/2026\/01\/RZ-WBS6-ARCP_003.jpg?fit=1100%2C740&ssl=1&resize=700%2C400 2x, https:\/\/i0.wp.com\/guydutoit.com\/wp-content\/uploads\/2026\/01\/RZ-WBS6-ARCP_003.jpg?fit=1100%2C740&ssl=1&resize=1050%2C600 3x"},"classes":[]},{"id":26481,"url":"https:\/\/guydutoit.com\/de\/product\/premium-edelstahl-weinflaschenstopper\/","url_meta":{"origin":26559,"position":1},"title":"Premium-Edelstahl-Weinflaschenstopper","author":"Guy du Toit","date":"23. Januar 2026","format":false,"excerpt":"Erh\u00f6hen Sie Ihr Weinerlebnis mit diesem hochwertigen Flaschenverschluss aus Edelstahl. Ein perfektes Geschenk f\u00fcr Weinliebhaber.","rel":"","context":"\u00c4hnlicher Beitrag","block_context":{"text":"\u00c4hnlicher Beitrag","link":""},"img":{"alt_text":"","src":"https:\/\/i0.wp.com\/guydutoit.com\/wp-content\/uploads\/2026\/01\/RZ-WBS1-SS_003.jpg?fit=1100%2C740&ssl=1&resize=350%2C200","width":350,"height":200,"srcset":"https:\/\/i0.wp.com\/guydutoit.com\/wp-content\/uploads\/2026\/01\/RZ-WBS1-SS_003.jpg?fit=1100%2C740&ssl=1&resize=350%2C200 1x, https:\/\/i0.wp.com\/guydutoit.com\/wp-content\/uploads\/2026\/01\/RZ-WBS1-SS_003.jpg?fit=1100%2C740&ssl=1&resize=525%2C300 1.5x, https:\/\/i0.wp.com\/guydutoit.com\/wp-content\/uploads\/2026\/01\/RZ-WBS1-SS_003.jpg?fit=1100%2C740&ssl=1&resize=700%2C400 2x, https:\/\/i0.wp.com\/guydutoit.com\/wp-content\/uploads\/2026\/01\/RZ-WBS1-SS_003.jpg?fit=1100%2C740&ssl=1&resize=1050%2C600 3x"},"classes":[]},{"id":28734,"url":"https:\/\/guydutoit.com\/de\/product\/hochwertiger-verchromter-blauer-drechselfueller\/","url_meta":{"origin":26559,"position":2},"title":"Hochwertiger verchromter blauer Drechself\u00fcller","author":"Guy du Toit","date":"23. Januar 2026","format":false,"excerpt":"Drehen Sie m\u00fchelos mit diesem eleganten verchromten blauen Stift. Drehen Sie einfach, um mit dem Basteln zu beginnen. Ein zuverl\u00e4ssiger Begleiter f\u00fcr den t\u00e4glichen Gebrauch.","rel":"","context":"\u00c4hnlicher Beitrag","block_context":{"text":"\u00c4hnlicher Beitrag","link":""},"img":{"alt_text":"","src":"https:\/\/i0.wp.com\/guydutoit.com\/wp-content\/uploads\/2026\/01\/RZ-BP40-CBL_001.jpg?fit=1100%2C740&ssl=1&resize=350%2C200","width":350,"height":200,"srcset":"https:\/\/i0.wp.com\/guydutoit.com\/wp-content\/uploads\/2026\/01\/RZ-BP40-CBL_001.jpg?fit=1100%2C740&ssl=1&resize=350%2C200 1x, https:\/\/i0.wp.com\/guydutoit.com\/wp-content\/uploads\/2026\/01\/RZ-BP40-CBL_001.jpg?fit=1100%2C740&ssl=1&resize=525%2C300 1.5x, https:\/\/i0.wp.com\/guydutoit.com\/wp-content\/uploads\/2026\/01\/RZ-BP40-CBL_001.jpg?fit=1100%2C740&ssl=1&resize=700%2C400 2x, https:\/\/i0.wp.com\/guydutoit.com\/wp-content\/uploads\/2026\/01\/RZ-BP40-CBL_001.jpg?fit=1100%2C740&ssl=1&resize=1050%2C600 3x"},"classes":[]},{"id":28743,"url":"https:\/\/guydutoit.com\/de\/product\/hochwertiger-verchromter-roter-drechselfueller\/","url_meta":{"origin":26559,"position":3},"title":"Hochwertiger verchromter roter Drechself\u00fcller","author":"Guy du Toit","date":"23. Januar 2026","format":false,"excerpt":"Erleben Sie m\u00fcheloses Drehen mit diesem schlanken Stift im Einr\u00f6hrendesign. Drehen Sie einfach die Kappe, um mit der Erstellung zu beginnen. Perfekt f\u00fcr den t\u00e4glichen Gebrauch.","rel":"","context":"\u00c4hnlicher Beitrag","block_context":{"text":"\u00c4hnlicher Beitrag","link":""},"img":{"alt_text":"","src":"https:\/\/i0.wp.com\/guydutoit.com\/wp-content\/uploads\/2026\/01\/RZ-BP40-CRE_001.jpg?fit=1100%2C740&ssl=1&resize=350%2C200","width":350,"height":200,"srcset":"https:\/\/i0.wp.com\/guydutoit.com\/wp-content\/uploads\/2026\/01\/RZ-BP40-CRE_001.jpg?fit=1100%2C740&ssl=1&resize=350%2C200 1x, https:\/\/i0.wp.com\/guydutoit.com\/wp-content\/uploads\/2026\/01\/RZ-BP40-CRE_001.jpg?fit=1100%2C740&ssl=1&resize=525%2C300 1.5x, https:\/\/i0.wp.com\/guydutoit.com\/wp-content\/uploads\/2026\/01\/RZ-BP40-CRE_001.jpg?fit=1100%2C740&ssl=1&resize=700%2C400 2x, https:\/\/i0.wp.com\/guydutoit.com\/wp-content\/uploads\/2026\/01\/RZ-BP40-CRE_001.jpg?fit=1100%2C740&ssl=1&resize=1050%2C600 3x"},"classes":[]},{"id":28757,"url":"https:\/\/guydutoit.com\/de\/product\/premium-verchromter-gruener-drechslerstift\/","url_meta":{"origin":26559,"position":4},"title":"Premium Verchromter Gr\u00fcner Drechslerstift","author":"Guy du Toit","date":"23. Januar 2026","format":false,"excerpt":"Drehen Sie m\u00fchelos mit diesem eleganten Kugelschreiber im Einr\u00f6hrendesign mit Chrombeschichtung und Drehverschluss. Perfekt f\u00fcr den t\u00e4glichen Gebrauch.","rel":"","context":"\u00c4hnlicher Beitrag","block_context":{"text":"\u00c4hnlicher Beitrag","link":""},"img":{"alt_text":"","src":"https:\/\/i0.wp.com\/guydutoit.com\/wp-content\/uploads\/2026\/01\/RZ-BP40-CGR_002.jpg?fit=1100%2C740&ssl=1&resize=350%2C200","width":350,"height":200,"srcset":"https:\/\/i0.wp.com\/guydutoit.com\/wp-content\/uploads\/2026\/01\/RZ-BP40-CGR_002.jpg?fit=1100%2C740&ssl=1&resize=350%2C200 1x, https:\/\/i0.wp.com\/guydutoit.com\/wp-content\/uploads\/2026\/01\/RZ-BP40-CGR_002.jpg?fit=1100%2C740&ssl=1&resize=525%2C300 1.5x, https:\/\/i0.wp.com\/guydutoit.com\/wp-content\/uploads\/2026\/01\/RZ-BP40-CGR_002.jpg?fit=1100%2C740&ssl=1&resize=700%2C400 2x, https:\/\/i0.wp.com\/guydutoit.com\/wp-content\/uploads\/2026\/01\/RZ-BP40-CGR_002.jpg?fit=1100%2C740&ssl=1&resize=1050%2C600 3x"},"classes":[]},{"id":26926,"url":"https:\/\/guydutoit.com\/de\/product\/elegantes-verchromtes-und-mit-gunmetal-ueberzogenes-schreibset-mit-blatt-und-sonnenblumendetails\/","url_meta":{"origin":26559,"position":5},"title":"Elegantes verchromtes und mit Gunmetal \u00fcberzogenes Schreibset mit Blatt- und Sonnenblumendetails","author":"Guy du Toit","date":"23. Januar 2026","format":false,"excerpt":"Entdecken Sie die Eleganz dieses verchromten und kugelbeschichteten Schreibger\u00e4ts mit einem dreidimensionalen geschnitzten Blattmotiv auf dem mittleren Band und einer wundersch\u00f6nen Sonnenblume am Ende.","rel":"","context":"\u00c4hnlicher Beitrag","block_context":{"text":"\u00c4hnlicher Beitrag","link":""},"img":{"alt_text":"","src":"https:\/\/i0.wp.com\/guydutoit.com\/wp-content\/uploads\/2026\/01\/RZ-BP182-CGM_001.jpg?fit=1100%2C740&ssl=1&resize=350%2C200","width":350,"height":200,"srcset":"https:\/\/i0.wp.com\/guydutoit.com\/wp-content\/uploads\/2026\/01\/RZ-BP182-CGM_001.jpg?fit=1100%2C740&ssl=1&resize=350%2C200 1x, https:\/\/i0.wp.com\/guydutoit.com\/wp-content\/uploads\/2026\/01\/RZ-BP182-CGM_001.jpg?fit=1100%2C740&ssl=1&resize=525%2C300 1.5x, https:\/\/i0.wp.com\/guydutoit.com\/wp-content\/uploads\/2026\/01\/RZ-BP182-CGM_001.jpg?fit=1100%2C740&ssl=1&resize=700%2C400 2x, https:\/\/i0.wp.com\/guydutoit.com\/wp-content\/uploads\/2026\/01\/RZ-BP182-CGM_001.jpg?fit=1100%2C740&ssl=1&resize=1050%2C600 3x"},"classes":[]}],"jetpack_sharing_enabled":true,"jetpack_likes_enabled":true,"_links":{"self":[{"href":"https:\/\/guydutoit.com\/de\/wp-json\/wp\/v2\/product\/26559","targetHints":{"allow":["GET"]}}],"collection":[{"href":"https:\/\/guydutoit.com\/de\/wp-json\/wp\/v2\/product"}],"about":[{"href":"https:\/\/guydutoit.com\/de\/wp-json\/wp\/v2\/types\/product"}],"replies":[{"embeddable":true,"href":"https:\/\/guydutoit.com\/de\/wp-json\/wp\/v2\/comments?post=26559"}],"wp:featuredmedia":[{"embeddable":true,"href":"https:\/\/guydutoit.com\/de\/wp-json\/wp\/v2\/media\/26565"}],"wp:attachment":[{"href":"https:\/\/guydutoit.com\/de\/wp-json\/wp\/v2\/media?parent=26559"}],"wp:term":[{"taxonomy":"product_brand","embeddable":true,"href":"https:\/\/guydutoit.com\/de\/wp-json\/wp\/v2\/product_brand?post=26559"},{"taxonomy":"product_cat","embeddable":true,"href":"https:\/\/guydutoit.com\/de\/wp-json\/wp\/v2\/product_cat?post=26559"},{"taxonomy":"product_tag","embeddable":true,"href":"https:\/\/guydutoit.com\/de\/wp-json\/wp\/v2\/product_tag?post=26559"}],"curies":[{"name":"wp","href":"https:\/\/api.w.org\/{rel}","templated":true}]}}