{"id":26819,"date":"2026-01-23T01:05:25","date_gmt":"2026-01-23T00:05:25","guid":{"rendered":"https:\/\/guydutoit.com\/product\/antikes-zinn-chinesischer-drachen-stift-set-mit-drachenclip\/"},"modified":"2026-01-23T01:05:25","modified_gmt":"2026-01-23T00:05:25","slug":"antikes-zinn-chinesischer-drachen-stift-set-mit-drachenclip","status":"publish","type":"product","link":"https:\/\/guydutoit.com\/de\/product\/antikes-zinn-chinesischer-drachen-stift-set-mit-drachenclip\/","title":{"rendered":"Antikes Zinn Chinesischer Drachen Stift Set mit Drachenclip"},"content":{"rendered":"<p>Antikes Zinn, lange Stifts\u00e4tze. Der Clip ist ein vollst\u00e4ndiger Drachenk\u00f6rper. Das Band zeigt einen Doppel-Drachen, der einen Ball spielt. Die Stiftspitze und die Endkappe sind mit dem Squama des Drachens bedeckt. Chinesische Drachen sind m\u00e4chtige und wohlwollende Symbole in der chinesischen Kultur und kommen \u00fcberall in China vor &#8211; in Legenden, Festen, Astrologie, Kunst, Namen und Redewendungen. Zubeh\u00f6r: Buchse(RZ-BP231#-BU) Rohre (RZ-BT231) Drehmechanismus(RZ-M6) Die PDF-Anleitung f\u00fcr dieses Kit k\u00f6nnen Sie <a href=\"https:\/\/guydutoit.com\/wp-content\/uploads\/2026\/01\/Antique-Pewter-Chinese-Dragon-Pen-Kit-With-Full-Dragon-Clip.pdf\">hier<\/a> herunterladen.<\/p>\n","protected":false},"excerpt":{"rendered":"<p>Machen Sie sich die Kraft der chinesischen Symbolik zunutze mit diesem Schreibset aus antikem Zinn mit aufw\u00e4ndigen Drachendetails.<\/p>\n","protected":false},"featured_media":26820,"comment_status":"open","ping_status":"closed","template":"","meta":{"site-sidebar-layout":"","site-content-layout":"","ast-site-content-layout":"","site-content-style":"","site-sidebar-style":"","ast-global-header-display":"","ast-banner-title-visibility":"","ast-main-header-display":"","ast-hfb-above-header-display":"","ast-hfb-below-header-display":"","ast-hfb-mobile-header-display":"","site-post-title":"","ast-breadcrumbs-content":"","ast-featured-img":"","footer-sml-layout":"","ast-disable-related-posts":"","theme-transparent-header-meta":"","adv-header-id-meta":"","stick-header-meta":"","header-above-stick-meta":"","header-main-stick-meta":"","header-below-stick-meta":"","astra-migrate-meta-layouts":"default","ast-page-background-enabled":"default","ast-page-background-meta":{"desktop":{"background-color":"var(--ast-global-color-4)","background-image":"","background-repeat":"repeat","background-position":"center center","background-size":"auto","background-attachment":"scroll","background-type":"","background-media":"","overlay-type":"","overlay-color":"","overlay-opacity":"","overlay-gradient":""},"tablet":{"background-color":"","background-image":"","background-repeat":"repeat","background-position":"center center","background-size":"auto","background-attachment":"scroll","background-type":"","background-media":"","overlay-type":"","overlay-color":"","overlay-opacity":"","overlay-gradient":""},"mobile":{"background-color":"","background-image":"","background-repeat":"repeat","background-position":"center center","background-size":"auto","background-attachment":"scroll","background-type":"","background-media":"","overlay-type":"","overlay-color":"","overlay-opacity":"","overlay-gradient":""}},"ast-content-background-meta":{"desktop":{"background-color":"var(--ast-global-color-5)","background-image":"","background-repeat":"repeat","background-position":"center center","background-size":"auto","background-attachment":"scroll","background-type":"","background-media":"","overlay-type":"","overlay-color":"","overlay-opacity":"","overlay-gradient":""},"tablet":{"background-color":"var(--ast-global-color-5)","background-image":"","background-repeat":"repeat","background-position":"center center","background-size":"auto","background-attachment":"scroll","background-type":"","background-media":"","overlay-type":"","overlay-color":"","overlay-opacity":"","overlay-gradient":""},"mobile":{"background-color":"var(--ast-global-color-5)","background-image":"","background-repeat":"repeat","background-position":"center center","background-size":"auto","background-attachment":"scroll","background-type":"","background-media":"","overlay-type":"","overlay-color":"","overlay-opacity":"","overlay-gradient":""}},"jetpack_post_was_ever_published":false,"jetpack_publicize_message":"","jetpack_publicize_feature_enabled":true,"jetpack_social_post_already_shared":true,"jetpack_social_options":{"image_generator_settings":{"template":"highway","default_image_id":0,"font":"","enabled":false},"version":2}},"product_brand":[],"product_cat":[31],"product_tag":[2241,2230,2243,1050,2245],"class_list":{"0":"post-26819","1":"product","2":"type-product","3":"status-publish","4":"has-post-thumbnail","6":"product_cat-uncategorized","7":"product_tag-antike-zinnfeder-bausatze","8":"product_tag-chinesischer-drache-design","9":"product_tag-dragon-pen-zubehor","10":"product_tag-drechsel-bausatze","11":"product_tag-kugelschreiber-mit-drehmechanik-2","12":"desktop-align-left","13":"tablet-align-left","14":"mobile-align-left","15":"ast-product-gallery-layout-vertical-slider","16":"ast-product-tabs-layout-horizontal","18":"first","19":"instock","20":"shipping-taxable","21":"purchasable","22":"product-type-simple"},"jetpack_publicize_connections":[],"jetpack-related-posts":[{"id":26774,"url":"https:\/\/guydutoit.com\/de\/product\/antike-bronze-chinesischer-drache-schreibset\/","url_meta":{"origin":26819,"position":0},"title":"Antike Bronze Chinesischer Drache Schreibset","author":"Guy du Toit","date":"23. Januar 2026","format":false,"excerpt":"Dieses Schreibset ist mit aufw\u00e4ndigen Details eines chinesischen Drachens versehen und mit einer antiken Bronzepolitur versehen, perfekt f\u00fcr Drechsler.","rel":"","context":"\u00c4hnlicher Beitrag","block_context":{"text":"\u00c4hnlicher Beitrag","link":""},"img":{"alt_text":"","src":"https:\/\/i0.wp.com\/guydutoit.com\/wp-content\/uploads\/2026\/01\/RZ-BP231-ABP_001.jpg?fit=1100%2C740&ssl=1&resize=350%2C200","width":350,"height":200,"srcset":"https:\/\/i0.wp.com\/guydutoit.com\/wp-content\/uploads\/2026\/01\/RZ-BP231-ABP_001.jpg?fit=1100%2C740&ssl=1&resize=350%2C200 1x, https:\/\/i0.wp.com\/guydutoit.com\/wp-content\/uploads\/2026\/01\/RZ-BP231-ABP_001.jpg?fit=1100%2C740&ssl=1&resize=525%2C300 1.5x, https:\/\/i0.wp.com\/guydutoit.com\/wp-content\/uploads\/2026\/01\/RZ-BP231-ABP_001.jpg?fit=1100%2C740&ssl=1&resize=700%2C400 2x, https:\/\/i0.wp.com\/guydutoit.com\/wp-content\/uploads\/2026\/01\/RZ-BP231-ABP_001.jpg?fit=1100%2C740&ssl=1&resize=1050%2C600 3x"},"classes":[]},{"id":26798,"url":"https:\/\/guydutoit.com\/de\/product\/antik-rose-kupfer-polnisch-dragon-body-pen-kit\/","url_meta":{"origin":26819,"position":1},"title":"Antik Rose Kupfer Polnisch Dragon Body Pen Kit","author":"Guy du Toit","date":"23. Januar 2026","format":false,"excerpt":"Dieses mit einem kraftvollen chinesischen Drachenmotiv gestaltete Schreibset in antikem Ros\u00e9-Kupfer verf\u00fcgt \u00fcber einen Volldrachen-K\u00f6rperclip, ein doppeltes Drachenband und eine mit Squama \u00fcberzogene Schreibspitze und Endkappe.","rel":"","context":"\u00c4hnlicher Beitrag","block_context":{"text":"\u00c4hnlicher Beitrag","link":""},"img":{"alt_text":"","src":"https:\/\/i0.wp.com\/guydutoit.com\/wp-content\/uploads\/2026\/01\/RZ-BP231-ARCP_001.jpg?fit=1100%2C740&ssl=1&resize=350%2C200","width":350,"height":200,"srcset":"https:\/\/i0.wp.com\/guydutoit.com\/wp-content\/uploads\/2026\/01\/RZ-BP231-ARCP_001.jpg?fit=1100%2C740&ssl=1&resize=350%2C200 1x, https:\/\/i0.wp.com\/guydutoit.com\/wp-content\/uploads\/2026\/01\/RZ-BP231-ARCP_001.jpg?fit=1100%2C740&ssl=1&resize=525%2C300 1.5x, https:\/\/i0.wp.com\/guydutoit.com\/wp-content\/uploads\/2026\/01\/RZ-BP231-ARCP_001.jpg?fit=1100%2C740&ssl=1&resize=700%2C400 2x, https:\/\/i0.wp.com\/guydutoit.com\/wp-content\/uploads\/2026\/01\/RZ-BP231-ARCP_001.jpg?fit=1100%2C740&ssl=1&resize=1050%2C600 3x"},"classes":[]},{"id":28940,"url":"https:\/\/guydutoit.com\/de\/product\/antiker-bronzefarbener-polierter-specht-kugelschreiber-mit-einzigartigem-tintenvorschub-mechanismus\/","url_meta":{"origin":26819,"position":2},"title":"Antiker bronzefarbener, polierter Specht-Kugelschreiber mit einzigartigem Tintenvorschub-Mechanismus","author":"Guy du Toit","date":"23. Januar 2026","format":false,"excerpt":"Erleben Sie den Charme der Natur mit diesem Kugelschreiber mit Spechtmotiv, der einen einzigartigen Tintenvorschubmechanismus und von V\u00f6geln inspirierte Details aufweist.","rel":"","context":"\u00c4hnlicher Beitrag","block_context":{"text":"\u00c4hnlicher Beitrag","link":""},"img":{"alt_text":"","src":"https:\/\/i0.wp.com\/guydutoit.com\/wp-content\/uploads\/2026\/01\/RZ-BP480-ABP_002.jpg?fit=1100%2C740&ssl=1&resize=350%2C200","width":350,"height":200,"srcset":"https:\/\/i0.wp.com\/guydutoit.com\/wp-content\/uploads\/2026\/01\/RZ-BP480-ABP_002.jpg?fit=1100%2C740&ssl=1&resize=350%2C200 1x, https:\/\/i0.wp.com\/guydutoit.com\/wp-content\/uploads\/2026\/01\/RZ-BP480-ABP_002.jpg?fit=1100%2C740&ssl=1&resize=525%2C300 1.5x, https:\/\/i0.wp.com\/guydutoit.com\/wp-content\/uploads\/2026\/01\/RZ-BP480-ABP_002.jpg?fit=1100%2C740&ssl=1&resize=700%2C400 2x, https:\/\/i0.wp.com\/guydutoit.com\/wp-content\/uploads\/2026\/01\/RZ-BP480-ABP_002.jpg?fit=1100%2C740&ssl=1&resize=1050%2C600 3x"},"classes":[]},{"id":26743,"url":"https:\/\/guydutoit.com\/de\/product\/drechselbausatz-in-antiker-bronze-und-gun-polish-beschichtet\/","url_meta":{"origin":26819,"position":3},"title":"Drechselbausatz in antiker Bronze und Gun-Polish beschichtet","author":"Guy du Toit","date":"23. Januar 2026","format":false,"excerpt":"Versetzen Sie sich mit diesem klassischen Drechselset in antiker Bronze und Gun-Polish-Beschichtung in die alte Zeit zur\u00fcck.","rel":"","context":"\u00c4hnlicher Beitrag","block_context":{"text":"\u00c4hnlicher Beitrag","link":""},"img":{"alt_text":"","src":"https:\/\/i0.wp.com\/guydutoit.com\/wp-content\/uploads\/2026\/01\/RZ-BP178-ABP_002.jpg?fit=1100%2C740&ssl=1&resize=350%2C200","width":350,"height":200,"srcset":"https:\/\/i0.wp.com\/guydutoit.com\/wp-content\/uploads\/2026\/01\/RZ-BP178-ABP_002.jpg?fit=1100%2C740&ssl=1&resize=350%2C200 1x, https:\/\/i0.wp.com\/guydutoit.com\/wp-content\/uploads\/2026\/01\/RZ-BP178-ABP_002.jpg?fit=1100%2C740&ssl=1&resize=525%2C300 1.5x, https:\/\/i0.wp.com\/guydutoit.com\/wp-content\/uploads\/2026\/01\/RZ-BP178-ABP_002.jpg?fit=1100%2C740&ssl=1&resize=700%2C400 2x, https:\/\/i0.wp.com\/guydutoit.com\/wp-content\/uploads\/2026\/01\/RZ-BP178-ABP_002.jpg?fit=1100%2C740&ssl=1&resize=1050%2C600 3x"},"classes":[]},{"id":26258,"url":"https:\/\/guydutoit.com\/de\/product\/antike-bronze-honigbiene-tintenroller-set-mit-bienenkorbkappe\/","url_meta":{"origin":26819,"position":4},"title":"Antike Bronze Honigbiene Tintenroller Set mit Bienenkorbkappe","author":"Guy du Toit","date":"23. Januar 2026","format":false,"excerpt":"Lassen Sie sich vom Charme der Natur verzaubern mit diesem exquisiten Rollerball-Kugelschreiber-Set mit Bienenstockkappe und verschlungenen Bienenelementen.","rel":"","context":"\u00c4hnlicher Beitrag","block_context":{"text":"\u00c4hnlicher Beitrag","link":""},"img":{"alt_text":"","src":"","width":0,"height":0},"classes":[]},{"id":28541,"url":"https:\/\/guydutoit.com\/de\/product\/dekoratives-zyklotron-stiftset-in-antikbronze\/","url_meta":{"origin":26819,"position":5},"title":"Dekoratives Zyklotron-Stiftset in Antikbronze","author":"Guy du Toit","date":"23. Januar 2026","format":false,"excerpt":"Schaffen Sie einen stilvollen, drehbaren Radstift mit antiker Bronzepolitur. Die perfekte Geschenkidee.","rel":"","context":"\u00c4hnlicher Beitrag","block_context":{"text":"\u00c4hnlicher Beitrag","link":""},"img":{"alt_text":"","src":"https:\/\/i0.wp.com\/guydutoit.com\/wp-content\/uploads\/2026\/01\/RZ-BP604-ABP_002.jpg?fit=1100%2C740&ssl=1&resize=350%2C200","width":350,"height":200,"srcset":"https:\/\/i0.wp.com\/guydutoit.com\/wp-content\/uploads\/2026\/01\/RZ-BP604-ABP_002.jpg?fit=1100%2C740&ssl=1&resize=350%2C200 1x, https:\/\/i0.wp.com\/guydutoit.com\/wp-content\/uploads\/2026\/01\/RZ-BP604-ABP_002.jpg?fit=1100%2C740&ssl=1&resize=525%2C300 1.5x, https:\/\/i0.wp.com\/guydutoit.com\/wp-content\/uploads\/2026\/01\/RZ-BP604-ABP_002.jpg?fit=1100%2C740&ssl=1&resize=700%2C400 2x, https:\/\/i0.wp.com\/guydutoit.com\/wp-content\/uploads\/2026\/01\/RZ-BP604-ABP_002.jpg?fit=1100%2C740&ssl=1&resize=1050%2C600 3x"},"classes":[]}],"jetpack_sharing_enabled":true,"jetpack_likes_enabled":true,"_links":{"self":[{"href":"https:\/\/guydutoit.com\/de\/wp-json\/wp\/v2\/product\/26819","targetHints":{"allow":["GET"]}}],"collection":[{"href":"https:\/\/guydutoit.com\/de\/wp-json\/wp\/v2\/product"}],"about":[{"href":"https:\/\/guydutoit.com\/de\/wp-json\/wp\/v2\/types\/product"}],"replies":[{"embeddable":true,"href":"https:\/\/guydutoit.com\/de\/wp-json\/wp\/v2\/comments?post=26819"}],"wp:featuredmedia":[{"embeddable":true,"href":"https:\/\/guydutoit.com\/de\/wp-json\/wp\/v2\/media\/26820"}],"wp:attachment":[{"href":"https:\/\/guydutoit.com\/de\/wp-json\/wp\/v2\/media?parent=26819"}],"wp:term":[{"taxonomy":"product_brand","embeddable":true,"href":"https:\/\/guydutoit.com\/de\/wp-json\/wp\/v2\/product_brand?post=26819"},{"taxonomy":"product_cat","embeddable":true,"href":"https:\/\/guydutoit.com\/de\/wp-json\/wp\/v2\/product_cat?post=26819"},{"taxonomy":"product_tag","embeddable":true,"href":"https:\/\/guydutoit.com\/de\/wp-json\/wp\/v2\/product_tag?post=26819"}],"curies":[{"name":"wp","href":"https:\/\/api.w.org\/{rel}","templated":true}]}}