{"id":27140,"date":"2026-01-23T01:08:21","date_gmt":"2026-01-23T00:08:21","guid":{"rendered":"https:\/\/guydutoit.com\/product\/verstellbares-keramik-salz-und-pfeffermuehlen-set-grob-bis-fein-mahlen\/"},"modified":"2026-01-23T01:08:21","modified_gmt":"2026-01-23T00:08:21","slug":"verstellbares-keramik-salz-und-pfeffermuehlen-set-grob-bis-fein-mahlen","status":"publish","type":"product","link":"https:\/\/guydutoit.com\/de\/product\/verstellbares-keramik-salz-und-pfeffermuehlen-set-grob-bis-fein-mahlen\/","title":{"rendered":"Verstellbares Keramik-Salz- und Pfefferm\u00fchlen-Set &#8211; grob bis fein mahlen"},"content":{"rendered":"<p>9-Zoll-Keramik-Salz- und Pfefferm\u00fchlenset, mit dem Sie das Mahlen von grob bis fein ganz einfach einstellen k\u00f6nnen. Forstnerbohrer (RZ-FBS27, RZ-FBS38), Forstnerbohrer-Verl\u00e4ngerung (RZ-FBE38-08)<\/p>\n","protected":false},"excerpt":{"rendered":"<p>Mit dieser 9-Zoll-Keramik-Salz- und Pfefferm\u00fchle k\u00f6nnen Sie den Mahlgrad ganz einfach von grob bis fein einstellen.<\/p>\n","protected":false},"featured_media":27143,"comment_status":"open","ping_status":"closed","template":"","meta":{"site-sidebar-layout":"","site-content-layout":"","ast-site-content-layout":"","site-content-style":"","site-sidebar-style":"","ast-global-header-display":"","ast-banner-title-visibility":"","ast-main-header-display":"","ast-hfb-above-header-display":"","ast-hfb-below-header-display":"","ast-hfb-mobile-header-display":"","site-post-title":"","ast-breadcrumbs-content":"","ast-featured-img":"","footer-sml-layout":"","ast-disable-related-posts":"","theme-transparent-header-meta":"","adv-header-id-meta":"","stick-header-meta":"","header-above-stick-meta":"","header-main-stick-meta":"","header-below-stick-meta":"","astra-migrate-meta-layouts":"default","ast-page-background-enabled":"default","ast-page-background-meta":{"desktop":{"background-color":"var(--ast-global-color-4)","background-image":"","background-repeat":"repeat","background-position":"center center","background-size":"auto","background-attachment":"scroll","background-type":"","background-media":"","overlay-type":"","overlay-color":"","overlay-opacity":"","overlay-gradient":""},"tablet":{"background-color":"","background-image":"","background-repeat":"repeat","background-position":"center center","background-size":"auto","background-attachment":"scroll","background-type":"","background-media":"","overlay-type":"","overlay-color":"","overlay-opacity":"","overlay-gradient":""},"mobile":{"background-color":"","background-image":"","background-repeat":"repeat","background-position":"center center","background-size":"auto","background-attachment":"scroll","background-type":"","background-media":"","overlay-type":"","overlay-color":"","overlay-opacity":"","overlay-gradient":""}},"ast-content-background-meta":{"desktop":{"background-color":"var(--ast-global-color-5)","background-image":"","background-repeat":"repeat","background-position":"center center","background-size":"auto","background-attachment":"scroll","background-type":"","background-media":"","overlay-type":"","overlay-color":"","overlay-opacity":"","overlay-gradient":""},"tablet":{"background-color":"var(--ast-global-color-5)","background-image":"","background-repeat":"repeat","background-position":"center center","background-size":"auto","background-attachment":"scroll","background-type":"","background-media":"","overlay-type":"","overlay-color":"","overlay-opacity":"","overlay-gradient":""},"mobile":{"background-color":"var(--ast-global-color-5)","background-image":"","background-repeat":"repeat","background-position":"center center","background-size":"auto","background-attachment":"scroll","background-type":"","background-media":"","overlay-type":"","overlay-color":"","overlay-opacity":"","overlay-gradient":""}},"jetpack_post_was_ever_published":false,"jetpack_publicize_message":"","jetpack_publicize_feature_enabled":true,"jetpack_social_post_already_shared":true,"jetpack_social_options":{"image_generator_settings":{"template":"highway","default_image_id":0,"font":"","enabled":false},"version":2}},"product_brand":[],"product_cat":[31],"product_tag":[1050,2504,2505,2519,2518],"class_list":{"0":"post-27140","1":"product","2":"type-product","3":"status-publish","4":"has-post-thumbnail","6":"product_cat-uncategorized","7":"product_tag-drechsel-bausatze","8":"product_tag-einstellbarer-mahlgrad","9":"product_tag-forstnerbohrer","10":"product_tag-keramik-pfeffermuhle","11":"product_tag-keramik-salzmuhle","12":"desktop-align-left","13":"tablet-align-left","14":"mobile-align-left","15":"ast-product-gallery-layout-vertical-slider","16":"ast-product-tabs-layout-horizontal","18":"first","19":"instock","20":"shipping-taxable","21":"purchasable","22":"product-type-simple"},"jetpack_publicize_connections":[],"jetpack-related-posts":[{"id":27170,"url":"https:\/\/guydutoit.com\/de\/product\/verstellbares-keramik-salz-und-pfeffermuehlen-set-grob-bis-fein-mahlen-2\/","url_meta":{"origin":27140,"position":0},"title":"Verstellbares Keramik-Salz- und Pfefferm\u00fchlen-Set &#8211; grob bis fein mahlen","author":"Guy du Toit","date":"23. Januar 2026","format":false,"excerpt":"Mit dieser 5-Zoll-Keramik-Salz- und Pfefferm\u00fchle k\u00f6nnen Sie den Mahlgrad ganz einfach von grob bis fein einstellen.","rel":"","context":"\u00c4hnlicher Beitrag","block_context":{"text":"\u00c4hnlicher Beitrag","link":""},"img":{"alt_text":"","src":"https:\/\/i0.wp.com\/guydutoit.com\/wp-content\/uploads\/2026\/01\/RZ-PK95-C005_003.jpg?fit=550%2C370&ssl=1&resize=350%2C200","width":350,"height":200,"srcset":"https:\/\/i0.wp.com\/guydutoit.com\/wp-content\/uploads\/2026\/01\/RZ-PK95-C005_003.jpg?fit=550%2C370&ssl=1&resize=350%2C200 1x, https:\/\/i0.wp.com\/guydutoit.com\/wp-content\/uploads\/2026\/01\/RZ-PK95-C005_003.jpg?fit=550%2C370&ssl=1&resize=525%2C300 1.5x"},"classes":[]},{"id":27164,"url":"https:\/\/guydutoit.com\/de\/product\/verstellbares-keramik-salz-und-pfeffermuehlen-set-8-zoll\/","url_meta":{"origin":27140,"position":1},"title":"Verstellbares Keramik Salz- und Pfefferm\u00fchlen-Set &#8211; 8 Zoll","author":"Guy du Toit","date":"23. Januar 2026","format":false,"excerpt":"Mit dieser 8-Zoll-Keramik-Salz- und Pfefferm\u00fchle k\u00f6nnen Sie den Mahlgrad ganz einfach von grob bis fein einstellen.","rel":"","context":"\u00c4hnlicher Beitrag","block_context":{"text":"\u00c4hnlicher Beitrag","link":""},"img":{"alt_text":"","src":"https:\/\/i0.wp.com\/guydutoit.com\/wp-content\/uploads\/2026\/01\/RZ-PK95-C008_002.jpg?fit=550%2C370&ssl=1&resize=350%2C200","width":350,"height":200,"srcset":"https:\/\/i0.wp.com\/guydutoit.com\/wp-content\/uploads\/2026\/01\/RZ-PK95-C008_002.jpg?fit=550%2C370&ssl=1&resize=350%2C200 1x, https:\/\/i0.wp.com\/guydutoit.com\/wp-content\/uploads\/2026\/01\/RZ-PK95-C008_002.jpg?fit=550%2C370&ssl=1&resize=525%2C300 1.5x"},"classes":[]},{"id":27146,"url":"https:\/\/guydutoit.com\/de\/product\/verstellbares-keramik-salz-und-pfeffermuehlen-set-6-zoll\/","url_meta":{"origin":27140,"position":2},"title":"Verstellbares Keramik Salz- und Pfefferm\u00fchlen Set &#8211; 6 Zoll","author":"Guy du Toit","date":"23. Januar 2026","format":false,"excerpt":"Mit dieser 6-Zoll-Keramik-Salz- und Pfefferm\u00fchle k\u00f6nnen Sie den Mahlgrad ganz einfach von grob bis fein einstellen. Verbessern Sie Ihr W\u00fcrz-Erlebnis.","rel":"","context":"\u00c4hnlicher Beitrag","block_context":{"text":"\u00c4hnlicher Beitrag","link":""},"img":{"alt_text":"","src":"https:\/\/i0.wp.com\/guydutoit.com\/wp-content\/uploads\/2026\/01\/RZ-PK95-C006_002.jpg?fit=550%2C370&ssl=1&resize=350%2C200","width":350,"height":200,"srcset":"https:\/\/i0.wp.com\/guydutoit.com\/wp-content\/uploads\/2026\/01\/RZ-PK95-C006_002.jpg?fit=550%2C370&ssl=1&resize=350%2C200 1x, https:\/\/i0.wp.com\/guydutoit.com\/wp-content\/uploads\/2026\/01\/RZ-PK95-C006_002.jpg?fit=550%2C370&ssl=1&resize=525%2C300 1.5x"},"classes":[]},{"id":27119,"url":"https:\/\/guydutoit.com\/de\/product\/verstellbares-keramik-salz-und-pfeffermuehlen-set-einfache-mahlgradkontrolle\/","url_meta":{"origin":27140,"position":3},"title":"Verstellbares Keramik Salz- und Pfefferm\u00fchlen-Set &#8211; Einfache Mahlgradkontrolle","author":"Guy du Toit","date":"23. Januar 2026","format":false,"excerpt":"Verbessern Sie Ihr kulinarisches Erlebnis mit diesem 12-Zoll Keramik-Salz- und Pfefferm\u00fchlen-Set. Stellen Sie den Mahlgrad einfach von grob bis fein ein, um perfekt zu w\u00fcrzen.","rel":"","context":"\u00c4hnlicher Beitrag","block_context":{"text":"\u00c4hnlicher Beitrag","link":""},"img":{"alt_text":"","src":"https:\/\/i0.wp.com\/guydutoit.com\/wp-content\/uploads\/2026\/01\/RZ-PK95-C012_003.jpg?fit=550%2C370&ssl=1&resize=350%2C200","width":350,"height":200,"srcset":"https:\/\/i0.wp.com\/guydutoit.com\/wp-content\/uploads\/2026\/01\/RZ-PK95-C012_003.jpg?fit=550%2C370&ssl=1&resize=350%2C200 1x, https:\/\/i0.wp.com\/guydutoit.com\/wp-content\/uploads\/2026\/01\/RZ-PK95-C012_003.jpg?fit=550%2C370&ssl=1&resize=525%2C300 1.5x"},"classes":[]},{"id":18648,"url":"https:\/\/guydutoit.com\/de\/product\/keramik-salz-oder-pfeffermuehle-drechselset\/","url_meta":{"origin":27140,"position":4},"title":"Keramik Salz- oder Pfefferm\u00fchle Drechselset","author":"Guy du Toit","date":"9. Mai 2025","format":false,"excerpt":"Keramische Salz- oder Pfefferm\u00fchlen-Sets f\u00fcr Drechsler","rel":"","context":"\u00c4hnlicher Beitrag","block_context":{"text":"\u00c4hnlicher Beitrag","link":""},"img":{"alt_text":"Holzgedrechselte Pfefferm\u00fchlen-Baus\u00e4tze","src":"https:\/\/i0.wp.com\/guydutoit.com\/wp-content\/uploads\/2025\/05\/Peppermill-kits.jpg?fit=1100%2C740&ssl=1&resize=350%2C200","width":350,"height":200,"srcset":"https:\/\/i0.wp.com\/guydutoit.com\/wp-content\/uploads\/2025\/05\/Peppermill-kits.jpg?fit=1100%2C740&ssl=1&resize=350%2C200 1x, https:\/\/i0.wp.com\/guydutoit.com\/wp-content\/uploads\/2025\/05\/Peppermill-kits.jpg?fit=1100%2C740&ssl=1&resize=525%2C300 1.5x, https:\/\/i0.wp.com\/guydutoit.com\/wp-content\/uploads\/2025\/05\/Peppermill-kits.jpg?fit=1100%2C740&ssl=1&resize=700%2C400 2x, https:\/\/i0.wp.com\/guydutoit.com\/wp-content\/uploads\/2025\/05\/Peppermill-kits.jpg?fit=1100%2C740&ssl=1&resize=1050%2C600 3x"},"classes":[]},{"id":27494,"url":"https:\/\/guydutoit.com\/de\/product\/premium-8-zoll-salz-und-pfeffermuehle-mit-kurbelaufsatz\/","url_meta":{"origin":27140,"position":5},"title":"Premium 8-Zoll Salz- und Pfefferm\u00fchle mit Kurbelaufsatz","author":"Guy du Toit","date":"23. Januar 2026","format":false,"excerpt":"Basteln Sie das perfekte Geschenk mit diesem einfach zu bedienenden 8-Zoll Salz- und Pfefferm\u00fchlenset mit Keramikmahlwerk. Ideal, um jedem Essenserlebnis eine pers\u00f6nliche Note zu verleihen.","rel":"","context":"\u00c4hnlicher Beitrag","block_context":{"text":"\u00c4hnlicher Beitrag","link":""},"img":{"alt_text":"","src":"https:\/\/i0.wp.com\/guydutoit.com\/wp-content\/uploads\/2026\/01\/RZ-PK339-C008_001.jpg?fit=1100%2C740&ssl=1&resize=350%2C200","width":350,"height":200,"srcset":"https:\/\/i0.wp.com\/guydutoit.com\/wp-content\/uploads\/2026\/01\/RZ-PK339-C008_001.jpg?fit=1100%2C740&ssl=1&resize=350%2C200 1x, https:\/\/i0.wp.com\/guydutoit.com\/wp-content\/uploads\/2026\/01\/RZ-PK339-C008_001.jpg?fit=1100%2C740&ssl=1&resize=525%2C300 1.5x, https:\/\/i0.wp.com\/guydutoit.com\/wp-content\/uploads\/2026\/01\/RZ-PK339-C008_001.jpg?fit=1100%2C740&ssl=1&resize=700%2C400 2x, https:\/\/i0.wp.com\/guydutoit.com\/wp-content\/uploads\/2026\/01\/RZ-PK339-C008_001.jpg?fit=1100%2C740&ssl=1&resize=1050%2C600 3x"},"classes":[]}],"jetpack_sharing_enabled":true,"jetpack_likes_enabled":true,"_links":{"self":[{"href":"https:\/\/guydutoit.com\/de\/wp-json\/wp\/v2\/product\/27140","targetHints":{"allow":["GET"]}}],"collection":[{"href":"https:\/\/guydutoit.com\/de\/wp-json\/wp\/v2\/product"}],"about":[{"href":"https:\/\/guydutoit.com\/de\/wp-json\/wp\/v2\/types\/product"}],"replies":[{"embeddable":true,"href":"https:\/\/guydutoit.com\/de\/wp-json\/wp\/v2\/comments?post=27140"}],"wp:featuredmedia":[{"embeddable":true,"href":"https:\/\/guydutoit.com\/de\/wp-json\/wp\/v2\/media\/27143"}],"wp:attachment":[{"href":"https:\/\/guydutoit.com\/de\/wp-json\/wp\/v2\/media?parent=27140"}],"wp:term":[{"taxonomy":"product_brand","embeddable":true,"href":"https:\/\/guydutoit.com\/de\/wp-json\/wp\/v2\/product_brand?post=27140"},{"taxonomy":"product_cat","embeddable":true,"href":"https:\/\/guydutoit.com\/de\/wp-json\/wp\/v2\/product_cat?post=27140"},{"taxonomy":"product_tag","embeddable":true,"href":"https:\/\/guydutoit.com\/de\/wp-json\/wp\/v2\/product_tag?post=27140"}],"curies":[{"name":"wp","href":"https:\/\/api.w.org\/{rel}","templated":true}]}}