{"id":27795,"date":"2026-01-23T01:11:57","date_gmt":"2026-01-23T00:11:57","guid":{"rendered":"https:\/\/guydutoit.com\/product\/premium-drechslerdom-polierwerkzeug-100mm-durchmesser\/"},"modified":"2026-01-23T01:11:57","modified_gmt":"2026-01-23T00:11:57","slug":"premium-drechslerdom-polierwerkzeug-100mm-durchmesser","status":"publish","type":"product","link":"https:\/\/guydutoit.com\/de\/product\/premium-drechslerdom-polierwerkzeug-100mm-durchmesser\/","title":{"rendered":"Premium Drechslerdom Polierwerkzeug 100Mm Durchmesser"},"content":{"rendered":"<p>Durchmesser: 100mm. Speziell gew\u00f6lbt zum Polieren einer konkaven Oberfl\u00e4che. Der 6 mm Durchmesser des Dorns passt auf die meisten Bohrmaschinen.<\/p>\n","protected":false},"excerpt":{"rendered":"<p>Erzielen Sie makellose konkave Oberfl\u00e4chen mit unserem hochwertigen Drechslerwerkzeug zum Polieren von Kuppeln. Passt auf die meisten Bohrmaschinen f\u00fcr eine einfache Anwendung.<\/p>\n","protected":false},"featured_media":27797,"comment_status":"open","ping_status":"closed","template":"","meta":{"site-sidebar-layout":"","site-content-layout":"","ast-site-content-layout":"","site-content-style":"","site-sidebar-style":"","ast-global-header-display":"","ast-banner-title-visibility":"","ast-main-header-display":"","ast-hfb-above-header-display":"","ast-hfb-below-header-display":"","ast-hfb-mobile-header-display":"","site-post-title":"","ast-breadcrumbs-content":"","ast-featured-img":"","footer-sml-layout":"","ast-disable-related-posts":"","theme-transparent-header-meta":"","adv-header-id-meta":"","stick-header-meta":"","header-above-stick-meta":"","header-main-stick-meta":"","header-below-stick-meta":"","astra-migrate-meta-layouts":"default","ast-page-background-enabled":"default","ast-page-background-meta":{"desktop":{"background-color":"var(--ast-global-color-4)","background-image":"","background-repeat":"repeat","background-position":"center center","background-size":"auto","background-attachment":"scroll","background-type":"","background-media":"","overlay-type":"","overlay-color":"","overlay-opacity":"","overlay-gradient":""},"tablet":{"background-color":"","background-image":"","background-repeat":"repeat","background-position":"center center","background-size":"auto","background-attachment":"scroll","background-type":"","background-media":"","overlay-type":"","overlay-color":"","overlay-opacity":"","overlay-gradient":""},"mobile":{"background-color":"","background-image":"","background-repeat":"repeat","background-position":"center center","background-size":"auto","background-attachment":"scroll","background-type":"","background-media":"","overlay-type":"","overlay-color":"","overlay-opacity":"","overlay-gradient":""}},"ast-content-background-meta":{"desktop":{"background-color":"var(--ast-global-color-5)","background-image":"","background-repeat":"repeat","background-position":"center center","background-size":"auto","background-attachment":"scroll","background-type":"","background-media":"","overlay-type":"","overlay-color":"","overlay-opacity":"","overlay-gradient":""},"tablet":{"background-color":"var(--ast-global-color-5)","background-image":"","background-repeat":"repeat","background-position":"center center","background-size":"auto","background-attachment":"scroll","background-type":"","background-media":"","overlay-type":"","overlay-color":"","overlay-opacity":"","overlay-gradient":""},"mobile":{"background-color":"var(--ast-global-color-5)","background-image":"","background-repeat":"repeat","background-position":"center center","background-size":"auto","background-attachment":"scroll","background-type":"","background-media":"","overlay-type":"","overlay-color":"","overlay-opacity":"","overlay-gradient":""}},"jetpack_post_was_ever_published":false,"jetpack_publicize_message":"","jetpack_publicize_feature_enabled":true,"jetpack_social_post_already_shared":true,"jetpack_social_options":{"image_generator_settings":{"template":"highway","default_image_id":0,"font":"","enabled":false},"version":2}},"product_brand":[],"product_cat":[31],"product_tag":[1050,1547,2914,2913,2915],"class_list":{"0":"post-27795","1":"product","2":"type-product","3":"status-publish","4":"has-post-thumbnail","6":"product_cat-uncategorized","7":"product_tag-drechsel-bausatze","8":"product_tag-holzbearbeitungszubehor","9":"product_tag-konkave-oberflache","10":"product_tag-polierwerkzeuge","11":"product_tag-zubehor-fur-bohrmaschinen","12":"desktop-align-left","13":"tablet-align-left","14":"mobile-align-left","15":"ast-product-gallery-layout-vertical-slider","16":"ast-product-tabs-layout-horizontal","18":"first","19":"instock","20":"shipping-taxable","21":"purchasable","22":"product-type-simple"},"jetpack_publicize_connections":[],"jetpack-related-posts":[{"id":18666,"url":"https:\/\/guydutoit.com\/de\/product\/100mm-gewoelbter-baumwoll-poliermopp\/","url_meta":{"origin":27795,"position":0},"title":"100mm gew\u00f6lbter Baumwoll-Poliermopp","author":"Guy du Toit","date":"9. Mai 2025","format":false,"excerpt":"100mm Gew\u00f6lbter Baumwollpoliermopp zum Polieren von konkaven Oberfl\u00e4chen wie Sch\u00fcsseln","rel":"","context":"\u00c4hnlicher Beitrag","block_context":{"text":"\u00c4hnlicher Beitrag","link":""},"img":{"alt_text":"100mm gew\u00f6lbter Baumwoll-Poliermopp","src":"https:\/\/i0.wp.com\/guydutoit.com\/wp-content\/uploads\/2025\/05\/100mm-dome-polishing-mop.jpg?fit=1100%2C740&ssl=1&resize=350%2C200","width":350,"height":200,"srcset":"https:\/\/i0.wp.com\/guydutoit.com\/wp-content\/uploads\/2025\/05\/100mm-dome-polishing-mop.jpg?fit=1100%2C740&ssl=1&resize=350%2C200 1x, https:\/\/i0.wp.com\/guydutoit.com\/wp-content\/uploads\/2025\/05\/100mm-dome-polishing-mop.jpg?fit=1100%2C740&ssl=1&resize=525%2C300 1.5x, https:\/\/i0.wp.com\/guydutoit.com\/wp-content\/uploads\/2025\/05\/100mm-dome-polishing-mop.jpg?fit=1100%2C740&ssl=1&resize=700%2C400 2x, https:\/\/i0.wp.com\/guydutoit.com\/wp-content\/uploads\/2025\/05\/100mm-dome-polishing-mop.jpg?fit=1100%2C740&ssl=1&resize=1050%2C600 3x"},"classes":[]},{"id":18661,"url":"https:\/\/guydutoit.com\/de\/product\/75mm-schleifpad\/","url_meta":{"origin":27795,"position":1},"title":"75mm Schleifpad","author":"Guy du Toit","date":"7. Mai 2025","format":false,"excerpt":"75 mm (3 Zoll) Klett-Schleifteller (mit Bohreraufsatz).","rel":"","context":"\u00c4hnlicher Beitrag","block_context":{"text":"\u00c4hnlicher Beitrag","link":""},"img":{"alt_text":"75mm Klettverschluss-Schleifunterlage","src":"https:\/\/i0.wp.com\/guydutoit.com\/wp-content\/uploads\/2025\/05\/3-inch-sanding-pad.jpg?fit=1100%2C740&ssl=1&resize=350%2C200","width":350,"height":200,"srcset":"https:\/\/i0.wp.com\/guydutoit.com\/wp-content\/uploads\/2025\/05\/3-inch-sanding-pad.jpg?fit=1100%2C740&ssl=1&resize=350%2C200 1x, https:\/\/i0.wp.com\/guydutoit.com\/wp-content\/uploads\/2025\/05\/3-inch-sanding-pad.jpg?fit=1100%2C740&ssl=1&resize=525%2C300 1.5x, https:\/\/i0.wp.com\/guydutoit.com\/wp-content\/uploads\/2025\/05\/3-inch-sanding-pad.jpg?fit=1100%2C740&ssl=1&resize=700%2C400 2x, https:\/\/i0.wp.com\/guydutoit.com\/wp-content\/uploads\/2025\/05\/3-inch-sanding-pad.jpg?fit=1100%2C740&ssl=1&resize=1050%2C600 3x"},"classes":[]},{"id":21715,"url":"https:\/\/guydutoit.com\/de\/product\/messbecher-set-aus-edelstahl-mit-runden-griffen\/","url_meta":{"origin":27795,"position":2},"title":"Messbecher-Set aus Edelstahl mit runden Griffen","author":"","date":"31. Oktober 2025","format":false,"excerpt":"Perfekt als durchdachtes, gedrechseltes und handgefertigtes Geschenk f\u00fcr Hochzeiten, Einweihungen, Hochzeitsfeiern oder kulinarische Liebhaber in Ihrem Leben. Dieses hochwertige 4-teilige Messbecher-Set aus Edelstahl verf\u00fcgt \u00fcber elegante runde Griffe. Enth\u00e4lt 1\/4 Tasse (60ml), 1\/3 Tasse (80ml), 1\/2 Tasse (125ml) und 1 Tasse (250ml). Das perfekte K\u00fcchenzubeh\u00f6r und Geschenk - bestellen Sie\u2026","rel":"","context":"\u00c4hnlicher Beitrag","block_context":{"text":"\u00c4hnlicher Beitrag","link":""},"img":{"alt_text":"Messbecher-Sets aus rostfreiem Stahl mit rundem Griff zum Drechseln.","src":"https:\/\/i0.wp.com\/guydutoit.com\/wp-content\/uploads\/2025\/10\/Large-Measuring-Scoops.jpg?fit=1100%2C740&ssl=1&resize=350%2C200","width":350,"height":200,"srcset":"https:\/\/i0.wp.com\/guydutoit.com\/wp-content\/uploads\/2025\/10\/Large-Measuring-Scoops.jpg?fit=1100%2C740&ssl=1&resize=350%2C200 1x, https:\/\/i0.wp.com\/guydutoit.com\/wp-content\/uploads\/2025\/10\/Large-Measuring-Scoops.jpg?fit=1100%2C740&ssl=1&resize=525%2C300 1.5x, https:\/\/i0.wp.com\/guydutoit.com\/wp-content\/uploads\/2025\/10\/Large-Measuring-Scoops.jpg?fit=1100%2C740&ssl=1&resize=700%2C400 2x, https:\/\/i0.wp.com\/guydutoit.com\/wp-content\/uploads\/2025\/10\/Large-Measuring-Scoops.jpg?fit=1100%2C740&ssl=1&resize=1050%2C600 3x"},"classes":[]},{"id":26558,"url":"https:\/\/guydutoit.com\/de\/product\/antike-rose-kupfer-kiefer-nuss-potpourri-deckel-2\/","url_meta":{"origin":27795,"position":3},"title":"Antike Rose Kupfer Kiefer Nuss Potpourri Deckel","author":"Guy du Toit","date":"23. Januar 2026","format":false,"excerpt":"Versch\u00f6nern Sie Ihren Raum mit unserem antik-rosafarbenen Kupferdeckel f\u00fcr Pinienkerne. Er wurde entwickelt, um D\u00fcfte effektiv freizusetzen und passt in jede kleine Sch\u00fcssel oder Schale.","rel":"","context":"\u00c4hnlicher Beitrag","block_context":{"text":"\u00c4hnlicher Beitrag","link":""},"img":{"alt_text":"","src":"https:\/\/i0.wp.com\/guydutoit.com\/wp-content\/uploads\/2026\/01\/RZ-PK3912-ARCP_002.jpg?fit=1100%2C740&ssl=1&resize=350%2C200","width":350,"height":200,"srcset":"https:\/\/i0.wp.com\/guydutoit.com\/wp-content\/uploads\/2026\/01\/RZ-PK3912-ARCP_002.jpg?fit=1100%2C740&ssl=1&resize=350%2C200 1x, https:\/\/i0.wp.com\/guydutoit.com\/wp-content\/uploads\/2026\/01\/RZ-PK3912-ARCP_002.jpg?fit=1100%2C740&ssl=1&resize=525%2C300 1.5x, https:\/\/i0.wp.com\/guydutoit.com\/wp-content\/uploads\/2026\/01\/RZ-PK3912-ARCP_002.jpg?fit=1100%2C740&ssl=1&resize=700%2C400 2x, https:\/\/i0.wp.com\/guydutoit.com\/wp-content\/uploads\/2026\/01\/RZ-PK3912-ARCP_002.jpg?fit=1100%2C740&ssl=1&resize=1050%2C600 3x"},"classes":[]},{"id":20793,"url":"https:\/\/guydutoit.com\/de\/product\/75mm-sandpapierscheiben-sortierte-koernung-fuer-drechslerarbeiten\/","url_meta":{"origin":27795,"position":4},"title":"75mm Sandpapierscheiben | Sortierte K\u00f6rnung f\u00fcr Drechslerarbeiten","author":"Guy du Toit","date":"5. September 2025","format":false,"excerpt":"Dieser 80er-Pack mit 75 mm (3 Zoll) gro\u00dfen Schleifscheiben mit Klettverschluss bietet acht verschiedene K\u00f6rnungen, von grob bis fein, f\u00fcr alle Ihre Bed\u00fcrfnisse beim Drechseln und Polieren.","rel":"","context":"\u00c4hnlicher Beitrag","block_context":{"text":"\u00c4hnlicher Beitrag","link":""},"img":{"alt_text":"Packung mit 80 sortierten 75 mm Klett-Schleifscheiben mit verschiedenen K\u00f6rnungen f\u00fcr Drechselprojekte.","src":"https:\/\/i0.wp.com\/guydutoit.com\/wp-content\/uploads\/2025\/09\/75mm-Sandpaper-Discs.jpg?fit=1100%2C740&ssl=1&resize=350%2C200","width":350,"height":200,"srcset":"https:\/\/i0.wp.com\/guydutoit.com\/wp-content\/uploads\/2025\/09\/75mm-Sandpaper-Discs.jpg?fit=1100%2C740&ssl=1&resize=350%2C200 1x, https:\/\/i0.wp.com\/guydutoit.com\/wp-content\/uploads\/2025\/09\/75mm-Sandpaper-Discs.jpg?fit=1100%2C740&ssl=1&resize=525%2C300 1.5x, https:\/\/i0.wp.com\/guydutoit.com\/wp-content\/uploads\/2025\/09\/75mm-Sandpaper-Discs.jpg?fit=1100%2C740&ssl=1&resize=700%2C400 2x, https:\/\/i0.wp.com\/guydutoit.com\/wp-content\/uploads\/2025\/09\/75mm-Sandpaper-Discs.jpg?fit=1100%2C740&ssl=1&resize=1050%2C600 3x"},"classes":[]},{"id":18669,"url":"https:\/\/guydutoit.com\/de\/product\/ultrafein-gemischte-schleifpads\/","url_meta":{"origin":27795,"position":5},"title":"Ultrafein gemischte Schleifpads","author":"Guy du Toit","date":"7. Mai 2025","format":false,"excerpt":"Doppelseitige ultrafeine Schleifpads. 1.500 bis 12.000 K\u00f6rner. Ideal zum Schleifen von Kugelschreibern und anderen mit CA (Sekundenkleber) bearbeiteten Drechselbaus\u00e4tzen oder zum Schleifen und Polieren von Acrylharzartikeln.","rel":"","context":"\u00c4hnlicher Beitrag","block_context":{"text":"\u00c4hnlicher Beitrag","link":""},"img":{"alt_text":"Ultrafeine Schleifpads","src":"https:\/\/i0.wp.com\/guydutoit.com\/wp-content\/uploads\/2025\/05\/Mixed-Sanding-Pads.jpg?fit=1100%2C740&ssl=1&resize=350%2C200","width":350,"height":200,"srcset":"https:\/\/i0.wp.com\/guydutoit.com\/wp-content\/uploads\/2025\/05\/Mixed-Sanding-Pads.jpg?fit=1100%2C740&ssl=1&resize=350%2C200 1x, https:\/\/i0.wp.com\/guydutoit.com\/wp-content\/uploads\/2025\/05\/Mixed-Sanding-Pads.jpg?fit=1100%2C740&ssl=1&resize=525%2C300 1.5x, https:\/\/i0.wp.com\/guydutoit.com\/wp-content\/uploads\/2025\/05\/Mixed-Sanding-Pads.jpg?fit=1100%2C740&ssl=1&resize=700%2C400 2x, https:\/\/i0.wp.com\/guydutoit.com\/wp-content\/uploads\/2025\/05\/Mixed-Sanding-Pads.jpg?fit=1100%2C740&ssl=1&resize=1050%2C600 3x"},"classes":[]}],"jetpack_sharing_enabled":true,"jetpack_likes_enabled":true,"_links":{"self":[{"href":"https:\/\/guydutoit.com\/de\/wp-json\/wp\/v2\/product\/27795","targetHints":{"allow":["GET"]}}],"collection":[{"href":"https:\/\/guydutoit.com\/de\/wp-json\/wp\/v2\/product"}],"about":[{"href":"https:\/\/guydutoit.com\/de\/wp-json\/wp\/v2\/types\/product"}],"replies":[{"embeddable":true,"href":"https:\/\/guydutoit.com\/de\/wp-json\/wp\/v2\/comments?post=27795"}],"wp:featuredmedia":[{"embeddable":true,"href":"https:\/\/guydutoit.com\/de\/wp-json\/wp\/v2\/media\/27797"}],"wp:attachment":[{"href":"https:\/\/guydutoit.com\/de\/wp-json\/wp\/v2\/media?parent=27795"}],"wp:term":[{"taxonomy":"product_brand","embeddable":true,"href":"https:\/\/guydutoit.com\/de\/wp-json\/wp\/v2\/product_brand?post=27795"},{"taxonomy":"product_cat","embeddable":true,"href":"https:\/\/guydutoit.com\/de\/wp-json\/wp\/v2\/product_cat?post=27795"},{"taxonomy":"product_tag","embeddable":true,"href":"https:\/\/guydutoit.com\/de\/wp-json\/wp\/v2\/product_tag?post=27795"}],"curies":[{"name":"wp","href":"https:\/\/api.w.org\/{rel}","templated":true}]}}