{"id":28820,"date":"2026-01-23T01:01:41","date_gmt":"2026-01-23T00:01:41","guid":{"rendered":"https:\/\/guydutoit.com\/product\/premium-edelstahl-pizzaschneider-set\/"},"modified":"2026-01-23T01:01:41","modified_gmt":"2026-01-23T00:01:41","slug":"premium-edelstahl-pizzaschneider-set","status":"publish","type":"product","link":"https:\/\/guydutoit.com\/de\/product\/premium-edelstahl-pizzaschneider-set\/","title":{"rendered":"Premium-Edelstahl-Pizzaschneider-Set"},"content":{"rendered":"<p>Pizzaschneider-Sets aus Edelstahl. Er schneidet durch Pizza, Kuchenteig, Lasagne, Bl\u00e4tterteig und mehr. Rad mit einem Durchmesser von 9 cm, die Gesamtl\u00e4nge kann je nach Ihrem Entwurf variieren. Sie k\u00f6nnen die PDF-Anleitung f\u00fcr diesen Bausatz <a href=\"https:\/\/guydutoit.com\/wp-content\/uploads\/2026\/01\/Premium-Stainless-Steel-Pizza-Cutter-Kit.pdf\">hier<\/a> herunterladen.<\/p>\n","protected":false},"excerpt":{"rendered":"<p>Schneiden Sie m\u00fchelos Pizza, Kuchenkruste, Lasagne und vieles mehr mit diesem hochwertigen Schneide-Set aus Edelstahl. Passen Sie die Gesamtl\u00e4nge an Ihr Design an.<\/p>\n","protected":false},"featured_media":28824,"comment_status":"open","ping_status":"closed","template":"","meta":{"site-sidebar-layout":"","site-content-layout":"","ast-site-content-layout":"","site-content-style":"","site-sidebar-style":"","ast-global-header-display":"","ast-banner-title-visibility":"","ast-main-header-display":"","ast-hfb-above-header-display":"","ast-hfb-below-header-display":"","ast-hfb-mobile-header-display":"","site-post-title":"","ast-breadcrumbs-content":"","ast-featured-img":"","footer-sml-layout":"","ast-disable-related-posts":"","theme-transparent-header-meta":"","adv-header-id-meta":"","stick-header-meta":"","header-above-stick-meta":"","header-main-stick-meta":"","header-below-stick-meta":"","astra-migrate-meta-layouts":"default","ast-page-background-enabled":"default","ast-page-background-meta":{"desktop":{"background-color":"var(--ast-global-color-4)","background-image":"","background-repeat":"repeat","background-position":"center center","background-size":"auto","background-attachment":"scroll","background-type":"","background-media":"","overlay-type":"","overlay-color":"","overlay-opacity":"","overlay-gradient":""},"tablet":{"background-color":"","background-image":"","background-repeat":"repeat","background-position":"center center","background-size":"auto","background-attachment":"scroll","background-type":"","background-media":"","overlay-type":"","overlay-color":"","overlay-opacity":"","overlay-gradient":""},"mobile":{"background-color":"","background-image":"","background-repeat":"repeat","background-position":"center center","background-size":"auto","background-attachment":"scroll","background-type":"","background-media":"","overlay-type":"","overlay-color":"","overlay-opacity":"","overlay-gradient":""}},"ast-content-background-meta":{"desktop":{"background-color":"var(--ast-global-color-5)","background-image":"","background-repeat":"repeat","background-position":"center center","background-size":"auto","background-attachment":"scroll","background-type":"","background-media":"","overlay-type":"","overlay-color":"","overlay-opacity":"","overlay-gradient":""},"tablet":{"background-color":"var(--ast-global-color-5)","background-image":"","background-repeat":"repeat","background-position":"center center","background-size":"auto","background-attachment":"scroll","background-type":"","background-media":"","overlay-type":"","overlay-color":"","overlay-opacity":"","overlay-gradient":""},"mobile":{"background-color":"var(--ast-global-color-5)","background-image":"","background-repeat":"repeat","background-position":"center center","background-size":"auto","background-attachment":"scroll","background-type":"","background-media":"","overlay-type":"","overlay-color":"","overlay-opacity":"","overlay-gradient":""}},"jetpack_post_was_ever_published":false,"jetpack_publicize_message":"","jetpack_publicize_feature_enabled":true,"jetpack_social_post_already_shared":true,"jetpack_social_options":{"image_generator_settings":{"template":"highway","default_image_id":0,"font":"","enabled":false},"version":2}},"product_brand":[],"product_cat":[3144],"product_tag":[535,2128,3331,3333,3334],"class_list":{"0":"post-28820","1":"product","2":"type-product","3":"status-publish","4":"has-post-thumbnail","6":"product_cat-drechslerzubehor","7":"product_tag-bausatz-drechseln","8":"product_tag-kuchengerate-2","9":"product_tag-pizzaschneider-aus-rostfreiem-stahl","10":"product_tag-pizzaschneider-bausatz","11":"product_tag-pizzazubehor","12":"desktop-align-left","13":"tablet-align-left","14":"mobile-align-left","15":"ast-product-gallery-layout-vertical-slider","16":"ast-product-tabs-layout-horizontal","18":"first","19":"instock","20":"shipping-taxable","21":"purchasable","22":"product-type-simple"},"jetpack_publicize_connections":[],"jetpack-related-posts":[{"id":26288,"url":"https:\/\/guydutoit.com\/de\/product\/premium-edelstahl-kaeseschneider-set-fuer-drechselprojekte\/","url_meta":{"origin":28820,"position":0},"title":"Premium-Edelstahl-K\u00e4seschneider-Set f\u00fcr Drechselprojekte","author":"Guy du Toit","date":"23. Januar 2026","format":false,"excerpt":"Verbessern Sie Ihre Drechselprojekte mit diesem hochwertigen K\u00e4seschneidsatz aus Edelstahl, komplett mit Zwinge und Endkappe aus Edelstahl. Perfekt f\u00fcr die Herstellung von einzigartigen Griffen aus Acryl, Holz oder Yunstein.","rel":"","context":"\u00c4hnlicher Beitrag","block_context":{"text":"\u00c4hnlicher Beitrag","link":""},"img":{"alt_text":"","src":"https:\/\/i0.wp.com\/guydutoit.com\/wp-content\/uploads\/2026\/01\/RZ-PK663-SS_001.jpg?fit=1100%2C740&ssl=1&resize=350%2C200","width":350,"height":200,"srcset":"https:\/\/i0.wp.com\/guydutoit.com\/wp-content\/uploads\/2026\/01\/RZ-PK663-SS_001.jpg?fit=1100%2C740&ssl=1&resize=350%2C200 1x, https:\/\/i0.wp.com\/guydutoit.com\/wp-content\/uploads\/2026\/01\/RZ-PK663-SS_001.jpg?fit=1100%2C740&ssl=1&resize=525%2C300 1.5x, https:\/\/i0.wp.com\/guydutoit.com\/wp-content\/uploads\/2026\/01\/RZ-PK663-SS_001.jpg?fit=1100%2C740&ssl=1&resize=700%2C400 2x, https:\/\/i0.wp.com\/guydutoit.com\/wp-content\/uploads\/2026\/01\/RZ-PK663-SS_001.jpg?fit=1100%2C740&ssl=1&resize=1050%2C600 3x"},"classes":[]},{"id":21740,"url":"https:\/\/guydutoit.com\/de\/product\/besteckkoffer-aus-edelstahl-messer-gabel-loeffel\/","url_meta":{"origin":28820,"position":1},"title":"Besteckkoffer aus Edelstahl (Messer\/Gabel\/L\u00f6ffel)","author":"","date":"31. Oktober 2025","format":false,"excerpt":"Stellen Sie mit diesem hochwertigen Edelstahlbesteck, bestehend aus Messer, Gabel und L\u00f6ffel, ein einzigartiges, aus Holz gedrechseltes Besteckset her. Die lebensmittelechte, rostbest\u00e4ndige Konstruktion gew\u00e4hrleistet dauerhafte Qualit\u00e4t und Sicherheit.","rel":"","context":"\u00c4hnlicher Beitrag","block_context":{"text":"\u00c4hnlicher Beitrag","link":""},"img":{"alt_text":"Drechselbesteck-Set aus Edelstahl. Messer, Gabel und L\u00f6ffel.","src":"https:\/\/i0.wp.com\/guydutoit.com\/wp-content\/uploads\/2025\/10\/Stainless-Steel-Woodturning-Cutlery-Kit.jpg?fit=1100%2C740&ssl=1&resize=350%2C200","width":350,"height":200,"srcset":"https:\/\/i0.wp.com\/guydutoit.com\/wp-content\/uploads\/2025\/10\/Stainless-Steel-Woodturning-Cutlery-Kit.jpg?fit=1100%2C740&ssl=1&resize=350%2C200 1x, https:\/\/i0.wp.com\/guydutoit.com\/wp-content\/uploads\/2025\/10\/Stainless-Steel-Woodturning-Cutlery-Kit.jpg?fit=1100%2C740&ssl=1&resize=525%2C300 1.5x, https:\/\/i0.wp.com\/guydutoit.com\/wp-content\/uploads\/2025\/10\/Stainless-Steel-Woodturning-Cutlery-Kit.jpg?fit=1100%2C740&ssl=1&resize=700%2C400 2x, https:\/\/i0.wp.com\/guydutoit.com\/wp-content\/uploads\/2025\/10\/Stainless-Steel-Woodturning-Cutlery-Kit.jpg?fit=1100%2C740&ssl=1&resize=1050%2C600 3x"},"classes":[]},{"id":27651,"url":"https:\/\/guydutoit.com\/de\/product\/premium-edelstahl-gartenjaeter-set\/","url_meta":{"origin":28820,"position":2},"title":"Premium-Edelstahl-Gartenj\u00e4ter-Set","author":"Guy du Toit","date":"23. Januar 2026","format":false,"excerpt":"Verabschieden Sie sich vom m\u00fchsamen Unkrautj\u00e4ten mit unserem hochwertigen Unkrautstecher-Set aus Edelstahl. Die gebogene Hebelwirkung und die scharfen Gabeln sorgen daf\u00fcr, dass das Unkraut von der Wurzel her entfernt wird.","rel":"","context":"\u00c4hnlicher Beitrag","block_context":{"text":"\u00c4hnlicher Beitrag","link":""},"img":{"alt_text":"","src":"https:\/\/i0.wp.com\/guydutoit.com\/wp-content\/uploads\/2026\/01\/RZ-PK431-SS_002.jpg?fit=1100%2C740&ssl=1&resize=350%2C200","width":350,"height":200,"srcset":"https:\/\/i0.wp.com\/guydutoit.com\/wp-content\/uploads\/2026\/01\/RZ-PK431-SS_002.jpg?fit=1100%2C740&ssl=1&resize=350%2C200 1x, https:\/\/i0.wp.com\/guydutoit.com\/wp-content\/uploads\/2026\/01\/RZ-PK431-SS_002.jpg?fit=1100%2C740&ssl=1&resize=525%2C300 1.5x, https:\/\/i0.wp.com\/guydutoit.com\/wp-content\/uploads\/2026\/01\/RZ-PK431-SS_002.jpg?fit=1100%2C740&ssl=1&resize=700%2C400 2x, https:\/\/i0.wp.com\/guydutoit.com\/wp-content\/uploads\/2026\/01\/RZ-PK431-SS_002.jpg?fit=1100%2C740&ssl=1&resize=1050%2C600 3x"},"classes":[]},{"id":21749,"url":"https:\/\/guydutoit.com\/de\/product\/edelstahl-kaffeeschaufel-set-60ml\/","url_meta":{"origin":28820,"position":3},"title":"Edelstahl-Kaffeeschaufel-Set &#8211; 60ml","author":"","date":"31. Oktober 2025","format":false,"excerpt":"Stellen Sie mit diesem hochwertigen 60ml-Edelstahl 304-Kit Ihre eigene individuelle Kaffeeschaufel her. Das r\u00f6hrenf\u00f6rmige Design macht das Anbringen von Holzgriffen f\u00fcr jedes Geschicklichkeitsniveau einfach. Perfekt f\u00fcr Drechsler und Kaffeeliebhaber.","rel":"","context":"\u00c4hnlicher Beitrag","block_context":{"text":"\u00c4hnlicher Beitrag","link":""},"img":{"alt_text":"Goldkaffeeschaufel Drechselset 60ml","src":"https:\/\/i0.wp.com\/guydutoit.com\/wp-content\/uploads\/2025\/10\/Gold-coffee-scoop-woodturning-kit-60ml.jpg?fit=1100%2C740&ssl=1&resize=350%2C200","width":350,"height":200,"srcset":"https:\/\/i0.wp.com\/guydutoit.com\/wp-content\/uploads\/2025\/10\/Gold-coffee-scoop-woodturning-kit-60ml.jpg?fit=1100%2C740&ssl=1&resize=350%2C200 1x, https:\/\/i0.wp.com\/guydutoit.com\/wp-content\/uploads\/2025\/10\/Gold-coffee-scoop-woodturning-kit-60ml.jpg?fit=1100%2C740&ssl=1&resize=525%2C300 1.5x, https:\/\/i0.wp.com\/guydutoit.com\/wp-content\/uploads\/2025\/10\/Gold-coffee-scoop-woodturning-kit-60ml.jpg?fit=1100%2C740&ssl=1&resize=700%2C400 2x, https:\/\/i0.wp.com\/guydutoit.com\/wp-content\/uploads\/2025\/10\/Gold-coffee-scoop-woodturning-kit-60ml.jpg?fit=1100%2C740&ssl=1&resize=1050%2C600 3x"},"classes":[]},{"id":21647,"url":"https:\/\/guydutoit.com\/de\/product\/edelstahl-flaschenoffner-satz-copy\/","url_meta":{"origin":28820,"position":4},"title":"Bierflaschen\u00f6ffner aus Edelstahl","author":"Guy du Toit","date":"30. Oktober 2025","format":false,"excerpt":"Ein hochwertiger Bierflaschen\u00f6ffner aus rostfreiem Stahl, der sich perfekt f\u00fcr die Herstellung individueller, gedrechselter Flaschen\u00f6ffner eignet.","rel":"","context":"\u00c4hnlicher Beitrag","block_context":{"text":"\u00c4hnlicher Beitrag","link":""},"img":{"alt_text":"Flaschen\u00f6ffner-Set aus Edelstahl f\u00fcr Drechselprojekte.","src":"https:\/\/i0.wp.com\/guydutoit.com\/wp-content\/uploads\/2025\/11\/Stainless-steel-beer-bottle-opener.jpg?fit=1100%2C740&ssl=1&resize=350%2C200","width":350,"height":200,"srcset":"https:\/\/i0.wp.com\/guydutoit.com\/wp-content\/uploads\/2025\/11\/Stainless-steel-beer-bottle-opener.jpg?fit=1100%2C740&ssl=1&resize=350%2C200 1x, https:\/\/i0.wp.com\/guydutoit.com\/wp-content\/uploads\/2025\/11\/Stainless-steel-beer-bottle-opener.jpg?fit=1100%2C740&ssl=1&resize=525%2C300 1.5x, https:\/\/i0.wp.com\/guydutoit.com\/wp-content\/uploads\/2025\/11\/Stainless-steel-beer-bottle-opener.jpg?fit=1100%2C740&ssl=1&resize=700%2C400 2x, https:\/\/i0.wp.com\/guydutoit.com\/wp-content\/uploads\/2025\/11\/Stainless-steel-beer-bottle-opener.jpg?fit=1100%2C740&ssl=1&resize=1050%2C600 3x"},"classes":[]},{"id":21025,"url":"https:\/\/guydutoit.com\/de\/product\/edelstahl-flaschenoeffner-satz\/","url_meta":{"origin":28820,"position":5},"title":"Edelstahl-Flaschen\u00f6ffner-Satz","author":"Guy du Toit","date":"10. September 2025","format":false,"excerpt":"Eine hochwertige Flaschen\u00f6ffnerscheibe aus rostfreiem Stahl, die sich perfekt f\u00fcr die Herstellung individueller, gedrechselter Flaschen\u00f6ffner eignet. Inklusive vier Schrauben f\u00fcr einen sicheren Halt.","rel":"","context":"\u00c4hnlicher Beitrag","block_context":{"text":"\u00c4hnlicher Beitrag","link":""},"img":{"alt_text":"Ein Flaschen\u00f6ffner-Satz aus rostfreiem Stahl mit Schrauben f\u00fcr Drechselprojekte.","src":"https:\/\/i0.wp.com\/guydutoit.com\/wp-content\/uploads\/2025\/09\/Stainless-steel-bottle-opener-disc-kits.jpg?fit=1100%2C740&ssl=1&resize=350%2C200","width":350,"height":200,"srcset":"https:\/\/i0.wp.com\/guydutoit.com\/wp-content\/uploads\/2025\/09\/Stainless-steel-bottle-opener-disc-kits.jpg?fit=1100%2C740&ssl=1&resize=350%2C200 1x, https:\/\/i0.wp.com\/guydutoit.com\/wp-content\/uploads\/2025\/09\/Stainless-steel-bottle-opener-disc-kits.jpg?fit=1100%2C740&ssl=1&resize=525%2C300 1.5x, https:\/\/i0.wp.com\/guydutoit.com\/wp-content\/uploads\/2025\/09\/Stainless-steel-bottle-opener-disc-kits.jpg?fit=1100%2C740&ssl=1&resize=700%2C400 2x, https:\/\/i0.wp.com\/guydutoit.com\/wp-content\/uploads\/2025\/09\/Stainless-steel-bottle-opener-disc-kits.jpg?fit=1100%2C740&ssl=1&resize=1050%2C600 3x"},"classes":[]}],"jetpack_sharing_enabled":true,"jetpack_likes_enabled":true,"_links":{"self":[{"href":"https:\/\/guydutoit.com\/de\/wp-json\/wp\/v2\/product\/28820","targetHints":{"allow":["GET"]}}],"collection":[{"href":"https:\/\/guydutoit.com\/de\/wp-json\/wp\/v2\/product"}],"about":[{"href":"https:\/\/guydutoit.com\/de\/wp-json\/wp\/v2\/types\/product"}],"replies":[{"embeddable":true,"href":"https:\/\/guydutoit.com\/de\/wp-json\/wp\/v2\/comments?post=28820"}],"wp:featuredmedia":[{"embeddable":true,"href":"https:\/\/guydutoit.com\/de\/wp-json\/wp\/v2\/media\/28824"}],"wp:attachment":[{"href":"https:\/\/guydutoit.com\/de\/wp-json\/wp\/v2\/media?parent=28820"}],"wp:term":[{"taxonomy":"product_brand","embeddable":true,"href":"https:\/\/guydutoit.com\/de\/wp-json\/wp\/v2\/product_brand?post=28820"},{"taxonomy":"product_cat","embeddable":true,"href":"https:\/\/guydutoit.com\/de\/wp-json\/wp\/v2\/product_cat?post=28820"},{"taxonomy":"product_tag","embeddable":true,"href":"https:\/\/guydutoit.com\/de\/wp-json\/wp\/v2\/product_tag?post=28820"}],"curies":[{"name":"wp","href":"https:\/\/api.w.org\/{rel}","templated":true}]}}