{"id":29058,"date":"2026-01-23T01:01:36","date_gmt":"2026-01-23T00:01:36","guid":{"rendered":"https:\/\/guydutoit.com\/product\/premium-drechselzange-mit-o-ringen-und-metallbeschichtung\/"},"modified":"2026-01-23T01:01:36","modified_gmt":"2026-01-23T00:01:36","slug":"premium-drechselzange-mit-o-ringen-und-metallbeschichtung","status":"publish","type":"product","link":"https:\/\/guydutoit.com\/de\/product\/premium-drechselzange-mit-o-ringen-und-metallbeschichtung\/","title":{"rendered":"Premium Drechselzange mit O-Ringen und Metallbeschichtung"},"content":{"rendered":"<p>Gesch\u00fctzter Metall\u00fcberzug. Mit O-Ringen, die den Aufrei\u00dfer in Position halten. Kein Aufkleber, keine Feder, neuer Stil! Buchse (RZ-PK91#-BU) Rohre (RZ-BT91) Bohrer (RZ-DB008) Stiftm\u00fchlen\uff08RZ-PM012). Sie k\u00f6nnen die PDF-Anleitung f\u00fcr diesen Bausatz <a href=\"https:\/\/guydutoit.com\/wp-content\/uploads\/2026\/01\/Premium-Gun-Metal-Plated-Woodturning-Ripper-With-O-Rings.pdf\">hier<\/a> herunterladen.<\/p>\n","protected":false},"excerpt":{"rendered":"<p>Entdecken Sie den neuen Drechselzangenstil mit O-Ringen f\u00fcr pr\u00e4zise Drechselprojekte. Kein Aufkleber, keine Feder, nur Premium-Qualit\u00e4t.<\/p>\n","protected":false},"featured_media":29061,"comment_status":"open","ping_status":"closed","template":"","meta":{"site-sidebar-layout":"","site-content-layout":"","ast-site-content-layout":"","site-content-style":"","site-sidebar-style":"","ast-global-header-display":"","ast-banner-title-visibility":"","ast-main-header-display":"","ast-hfb-above-header-display":"","ast-hfb-below-header-display":"","ast-hfb-mobile-header-display":"","site-post-title":"","ast-breadcrumbs-content":"","ast-featured-img":"","footer-sml-layout":"","ast-disable-related-posts":"","theme-transparent-header-meta":"","adv-header-id-meta":"","stick-header-meta":"","header-above-stick-meta":"","header-main-stick-meta":"","header-below-stick-meta":"","astra-migrate-meta-layouts":"default","ast-page-background-enabled":"default","ast-page-background-meta":{"desktop":{"background-color":"var(--ast-global-color-4)","background-image":"","background-repeat":"repeat","background-position":"center center","background-size":"auto","background-attachment":"scroll","background-type":"","background-media":"","overlay-type":"","overlay-color":"","overlay-opacity":"","overlay-gradient":""},"tablet":{"background-color":"","background-image":"","background-repeat":"repeat","background-position":"center center","background-size":"auto","background-attachment":"scroll","background-type":"","background-media":"","overlay-type":"","overlay-color":"","overlay-opacity":"","overlay-gradient":""},"mobile":{"background-color":"","background-image":"","background-repeat":"repeat","background-position":"center center","background-size":"auto","background-attachment":"scroll","background-type":"","background-media":"","overlay-type":"","overlay-color":"","overlay-opacity":"","overlay-gradient":""}},"ast-content-background-meta":{"desktop":{"background-color":"var(--ast-global-color-5)","background-image":"","background-repeat":"repeat","background-position":"center center","background-size":"auto","background-attachment":"scroll","background-type":"","background-media":"","overlay-type":"","overlay-color":"","overlay-opacity":"","overlay-gradient":""},"tablet":{"background-color":"var(--ast-global-color-5)","background-image":"","background-repeat":"repeat","background-position":"center center","background-size":"auto","background-attachment":"scroll","background-type":"","background-media":"","overlay-type":"","overlay-color":"","overlay-opacity":"","overlay-gradient":""},"mobile":{"background-color":"var(--ast-global-color-5)","background-image":"","background-repeat":"repeat","background-position":"center center","background-size":"auto","background-attachment":"scroll","background-type":"","background-media":"","overlay-type":"","overlay-color":"","overlay-opacity":"","overlay-gradient":""}},"jetpack_post_was_ever_published":false,"jetpack_publicize_message":"","jetpack_publicize_feature_enabled":true,"jetpack_social_post_already_shared":true,"jetpack_social_options":{"image_generator_settings":{"template":"highway","default_image_id":0,"font":"","enabled":false},"version":2}},"product_brand":[],"product_cat":[3144],"product_tag":[3474,1050,117,1772,2118],"class_list":{"0":"post-29058","1":"product","2":"type-product","3":"status-publish","4":"has-post-thumbnail","6":"product_cat-drechslerzubehor","7":"product_tag-aufreiserhalter","8":"product_tag-drechsel-bausatze","9":"product_tag-drechselwerkzeuge","10":"product_tag-galvanotechnik","11":"product_tag-zubehor-fur-die-herstellung-von-stiften","12":"desktop-align-left","13":"tablet-align-left","14":"mobile-align-left","15":"ast-product-gallery-layout-vertical-slider","16":"ast-product-tabs-layout-horizontal","18":"first","19":"instock","20":"shipping-taxable","21":"purchasable","22":"product-type-simple"},"jetpack_publicize_connections":[],"jetpack-related-posts":[{"id":28990,"url":"https:\/\/guydutoit.com\/de\/product\/antike-bronze-poliert-nahtaufreisserset-mit-o-ringen\/","url_meta":{"origin":29058,"position":0},"title":"Antike Bronze poliert, Nahtaufrei\u00dferset mit O-Ringen","author":"Guy du Toit","date":"23. Januar 2026","format":false,"excerpt":"Entfernen Sie m\u00fchelos N\u00e4hte mit unserem Antique Bronze Polish Plated Seam Ripper Kit. Es enth\u00e4lt drei Rei\u00dfer - Stiletto, klein und gro\u00df, die jeweils durch O-Ringe sicher gehalten werden.","rel":"","context":"\u00c4hnlicher Beitrag","block_context":{"text":"\u00c4hnlicher Beitrag","link":""},"img":{"alt_text":"","src":"https:\/\/i0.wp.com\/guydutoit.com\/wp-content\/uploads\/2026\/01\/RZ-PK330-ABP_002.jpg?fit=1100%2C740&ssl=1&resize=350%2C200","width":350,"height":200,"srcset":"https:\/\/i0.wp.com\/guydutoit.com\/wp-content\/uploads\/2026\/01\/RZ-PK330-ABP_002.jpg?fit=1100%2C740&ssl=1&resize=350%2C200 1x, https:\/\/i0.wp.com\/guydutoit.com\/wp-content\/uploads\/2026\/01\/RZ-PK330-ABP_002.jpg?fit=1100%2C740&ssl=1&resize=525%2C300 1.5x, https:\/\/i0.wp.com\/guydutoit.com\/wp-content\/uploads\/2026\/01\/RZ-PK330-ABP_002.jpg?fit=1100%2C740&ssl=1&resize=700%2C400 2x, https:\/\/i0.wp.com\/guydutoit.com\/wp-content\/uploads\/2026\/01\/RZ-PK330-ABP_002.jpg?fit=1100%2C740&ssl=1&resize=1050%2C600 3x"},"classes":[]},{"id":28711,"url":"https:\/\/guydutoit.com\/de\/product\/premium-gun-metal-plated-grosses-jr-gentleman-schreibgeraete-set\/","url_meta":{"origin":29058,"position":1},"title":"Premium Gun Metal Plated Gro\u00dfes Jr.Gentleman Schreibger\u00e4te-Set","author":"Guy du Toit","date":"23. Januar 2026","format":false,"excerpt":"Erh\u00f6hen Sie Ihr Schreibger\u00e4t mit diesen gro\u00dfen, gut aussehenden Kugelschreibern in einem unverwechselbaren Rotguss-Finish. Perfekt zum Verschenken!","rel":"","context":"\u00c4hnlicher Beitrag","block_context":{"text":"\u00c4hnlicher Beitrag","link":""},"img":{"alt_text":"","src":"https:\/\/i0.wp.com\/guydutoit.com\/wp-content\/uploads\/2026\/01\/RZ-RP50-GM_001.jpg?fit=1100%2C740&ssl=1&resize=350%2C200","width":350,"height":200,"srcset":"https:\/\/i0.wp.com\/guydutoit.com\/wp-content\/uploads\/2026\/01\/RZ-RP50-GM_001.jpg?fit=1100%2C740&ssl=1&resize=350%2C200 1x, https:\/\/i0.wp.com\/guydutoit.com\/wp-content\/uploads\/2026\/01\/RZ-RP50-GM_001.jpg?fit=1100%2C740&ssl=1&resize=525%2C300 1.5x, https:\/\/i0.wp.com\/guydutoit.com\/wp-content\/uploads\/2026\/01\/RZ-RP50-GM_001.jpg?fit=1100%2C740&ssl=1&resize=700%2C400 2x, https:\/\/i0.wp.com\/guydutoit.com\/wp-content\/uploads\/2026\/01\/RZ-RP50-GM_001.jpg?fit=1100%2C740&ssl=1&resize=1050%2C600 3x"},"classes":[]},{"id":29010,"url":"https:\/\/guydutoit.com\/de\/product\/premium-vergoldeter-tintenroller-mit-flachem-mittelstreifen\/","url_meta":{"origin":29058,"position":2},"title":"Premium vergoldeter Tintenroller mit flachem Mittelstreifen","author":"Guy du Toit","date":"23. Januar 2026","format":false,"excerpt":"Erleben Sie das perfekte Gleichgewicht und Gewicht mit unserem leicht zu montierenden, vergoldeten Rollerball-Kit. Verleihen Sie Ihren Drechselprojekten einen Hauch von Luxus.","rel":"","context":"\u00c4hnlicher Beitrag","block_context":{"text":"\u00c4hnlicher Beitrag","link":""},"img":{"alt_text":"","src":"https:\/\/i0.wp.com\/guydutoit.com\/wp-content\/uploads\/2026\/01\/RZ-RP501-ABP_001.jpg?fit=1100%2C740&ssl=1&resize=350%2C200","width":350,"height":200,"srcset":"https:\/\/i0.wp.com\/guydutoit.com\/wp-content\/uploads\/2026\/01\/RZ-RP501-ABP_001.jpg?fit=1100%2C740&ssl=1&resize=350%2C200 1x, https:\/\/i0.wp.com\/guydutoit.com\/wp-content\/uploads\/2026\/01\/RZ-RP501-ABP_001.jpg?fit=1100%2C740&ssl=1&resize=525%2C300 1.5x, https:\/\/i0.wp.com\/guydutoit.com\/wp-content\/uploads\/2026\/01\/RZ-RP501-ABP_001.jpg?fit=1100%2C740&ssl=1&resize=700%2C400 2x, https:\/\/i0.wp.com\/guydutoit.com\/wp-content\/uploads\/2026\/01\/RZ-RP501-ABP_001.jpg?fit=1100%2C740&ssl=1&resize=1050%2C600 3x"},"classes":[]},{"id":28876,"url":"https:\/\/guydutoit.com\/de\/product\/blauer-premium-drehkugelschreiber-mit-goldbeschichtung\/","url_meta":{"origin":29058,"position":3},"title":"Blauer Premium-Drehkugelschreiber mit Goldbeschichtung","author":"Guy du Toit","date":"23. Januar 2026","format":false,"excerpt":"Erleben Sie m\u00fcheloses Drehen mit diesem eleganten, vergoldeten blauen Stift. Drehen Sie einfach die Kappe, um mit dem Basteln zu beginnen. Perfekt f\u00fcr den t\u00e4glichen Gebrauch.","rel":"","context":"\u00c4hnlicher Beitrag","block_context":{"text":"\u00c4hnlicher Beitrag","link":""},"img":{"alt_text":"","src":"https:\/\/i0.wp.com\/guydutoit.com\/wp-content\/uploads\/2026\/01\/RZ-BP40-GBL_001.jpg?fit=1100%2C740&ssl=1&resize=350%2C200","width":350,"height":200,"srcset":"https:\/\/i0.wp.com\/guydutoit.com\/wp-content\/uploads\/2026\/01\/RZ-BP40-GBL_001.jpg?fit=1100%2C740&ssl=1&resize=350%2C200 1x, https:\/\/i0.wp.com\/guydutoit.com\/wp-content\/uploads\/2026\/01\/RZ-BP40-GBL_001.jpg?fit=1100%2C740&ssl=1&resize=525%2C300 1.5x, https:\/\/i0.wp.com\/guydutoit.com\/wp-content\/uploads\/2026\/01\/RZ-BP40-GBL_001.jpg?fit=1100%2C740&ssl=1&resize=700%2C400 2x, https:\/\/i0.wp.com\/guydutoit.com\/wp-content\/uploads\/2026\/01\/RZ-BP40-GBL_001.jpg?fit=1100%2C740&ssl=1&resize=1050%2C600 3x"},"classes":[]},{"id":28994,"url":"https:\/\/guydutoit.com\/de\/product\/premium-vergoldeter-tintenroller-mit-flachem-mittelband-und-endkappe\/","url_meta":{"origin":29058,"position":4},"title":"Premium vergoldeter Tintenroller mit flachem Mittelband und Endkappe","author":"Guy du Toit","date":"23. Januar 2026","format":false,"excerpt":"Erleben Sie die hervorragende Balance und das Gewicht unseres leicht zu montierenden, vergoldeten Rollerball-Kits mit flachem Mittelstreifen und Endkappe.","rel":"","context":"\u00c4hnlicher Beitrag","block_context":{"text":"\u00c4hnlicher Beitrag","link":""},"img":{"alt_text":"","src":"","width":0,"height":0},"classes":[]},{"id":28860,"url":"https:\/\/guydutoit.com\/de\/product\/premium-goldplattierter-roter-drechselfueller\/","url_meta":{"origin":29058,"position":5},"title":"Premium Goldplattierter Roter Drechself\u00fcller","author":"Guy du Toit","date":"23. Januar 2026","format":false,"excerpt":"Erleben Sie die Eleganz einer Vergoldung mit dem Komfort einer einfachen Drehbewegung. Dieser hochwertige Stift ist perfekt f\u00fcr den t\u00e4glichen Gebrauch.","rel":"","context":"\u00c4hnlicher Beitrag","block_context":{"text":"\u00c4hnlicher Beitrag","link":""},"img":{"alt_text":"","src":"https:\/\/i0.wp.com\/guydutoit.com\/wp-content\/uploads\/2026\/01\/RZ-BP40-GRE_001.jpg?fit=1100%2C740&ssl=1&resize=350%2C200","width":350,"height":200,"srcset":"https:\/\/i0.wp.com\/guydutoit.com\/wp-content\/uploads\/2026\/01\/RZ-BP40-GRE_001.jpg?fit=1100%2C740&ssl=1&resize=350%2C200 1x, https:\/\/i0.wp.com\/guydutoit.com\/wp-content\/uploads\/2026\/01\/RZ-BP40-GRE_001.jpg?fit=1100%2C740&ssl=1&resize=525%2C300 1.5x, https:\/\/i0.wp.com\/guydutoit.com\/wp-content\/uploads\/2026\/01\/RZ-BP40-GRE_001.jpg?fit=1100%2C740&ssl=1&resize=700%2C400 2x, https:\/\/i0.wp.com\/guydutoit.com\/wp-content\/uploads\/2026\/01\/RZ-BP40-GRE_001.jpg?fit=1100%2C740&ssl=1&resize=1050%2C600 3x"},"classes":[]}],"jetpack_sharing_enabled":true,"jetpack_likes_enabled":true,"_links":{"self":[{"href":"https:\/\/guydutoit.com\/de\/wp-json\/wp\/v2\/product\/29058","targetHints":{"allow":["GET"]}}],"collection":[{"href":"https:\/\/guydutoit.com\/de\/wp-json\/wp\/v2\/product"}],"about":[{"href":"https:\/\/guydutoit.com\/de\/wp-json\/wp\/v2\/types\/product"}],"replies":[{"embeddable":true,"href":"https:\/\/guydutoit.com\/de\/wp-json\/wp\/v2\/comments?post=29058"}],"wp:featuredmedia":[{"embeddable":true,"href":"https:\/\/guydutoit.com\/de\/wp-json\/wp\/v2\/media\/29061"}],"wp:attachment":[{"href":"https:\/\/guydutoit.com\/de\/wp-json\/wp\/v2\/media?parent=29058"}],"wp:term":[{"taxonomy":"product_brand","embeddable":true,"href":"https:\/\/guydutoit.com\/de\/wp-json\/wp\/v2\/product_brand?post=29058"},{"taxonomy":"product_cat","embeddable":true,"href":"https:\/\/guydutoit.com\/de\/wp-json\/wp\/v2\/product_cat?post=29058"},{"taxonomy":"product_tag","embeddable":true,"href":"https:\/\/guydutoit.com\/de\/wp-json\/wp\/v2\/product_tag?post=29058"}],"curies":[{"name":"wp","href":"https:\/\/api.w.org\/{rel}","templated":true}]}}