{"id":13352,"date":"2021-09-27T22:24:05","date_gmt":"2021-09-27T21:24:05","guid":{"rendered":"http:\/\/guydutoit.com\/koast\/"},"modified":"2025-11-30T02:32:23","modified_gmt":"2025-11-30T01:32:23","slug":"koast","status":"publish","type":"page","link":"https:\/\/guydutoit.com\/es\/koast\/","title":{"rendered":"KOAST"},"content":{"rendered":"\t\t<div data-elementor-type=\"wp-page\" data-elementor-id=\"13352\" class=\"elementor elementor-13352 elementor-12771\" data-elementor-post-type=\"page\">\n\t\t\t\t<div class=\"elementor-element elementor-element-3c7ec74c e-flex e-con-boxed e-con e-parent\" data-id=\"3c7ec74c\" data-element_type=\"container\" data-e-type=\"container\">\n\t\t\t\t\t<div class=\"e-con-inner\">\n\t\t\t\t<div class=\"elementor-element elementor-element-621c1bf3 elementor-widget elementor-widget-text-editor\" data-id=\"621c1bf3\" data-element_type=\"widget\" data-e-type=\"widget\" data-widget_type=\"text-editor.default\">\n\t\t\t\t<div class=\"elementor-widget-container\">\n\t\t\t\t\t\t\t\t\t<div class=\"vce-row-container\" data-vce-boxed-width=\"true\">\n<div id=\"el-535ef9ff\" class=\"vce-row vce-row--col-gap-30 vce-row-equal-height vce-row-content--top\" data-vce-do-apply=\"all el-535ef9ff\">\n<div class=\"vce-row-content\" data-vce-element-content=\"true\">\n<div id=\"el-378e87e4\" class=\"vce-col vce-col--md-auto vce-col--xs-1 vce-col--xs-last vce-col--xs-first vce-col--sm-last vce-col--sm-first vce-col--md-last vce-col--lg-last vce-col--xl-last vce-col--md-first vce-col--lg-first vce-col--xl-first\">\n<div class=\"vce-col-inner\" data-vce-do-apply=\"border margin background el-378e87e4\">\n<div class=\"vce-col-content\" data-vce-element-content=\"true\" data-vce-do-apply=\"padding el-378e87e4\">\n<div class=\"vce-text-block\">\n<div id=\"el-939677cc\" class=\"vce-text-block-wrapper vce\" data-vce-do-apply=\"all el-939677cc\">\n<h3><a style=\"font-size: 1.7em; line-height: 50px; font-weight: bold;\" href=\"https:\/\/koast.org.nz\/\" target=\"_blank\" rel=\"noopener\">Ruta de los estudios de arte abiertos de Kerikeri<\/a><\/h3>\n<div class=\"entry-content clear\">\n<div class=\"vce-row-container\" data-vce-boxed-width=\"true\">\n<div id=\"el-535ef9ff\" class=\"vce-row vce-row--col-gap-30 vce-row-equal-height vce-row-content--top\" data-vce-do-apply=\"all el-535ef9ff\">\n<div class=\"vce-row-content\" data-vce-element-content=\"true\">\n<div id=\"el-378e87e4\" class=\"vce-col vce-col--md-auto vce-col--xs-1 vce-col--xs-last vce-col--xs-first vce-col--sm-last vce-col--sm-first vce-col--md-last vce-col--lg-last vce-col--xl-last vce-col--md-first vce-col--lg-first vce-col--xl-first\">\n<div class=\"vce-col-inner\" data-vce-do-apply=\"border margin background el-378e87e4\">\n<div class=\"vce-col-content\" data-vce-element-content=\"true\" data-vce-do-apply=\"padding el-378e87e4\">\n<div class=\"vce-text-block\">\n<div id=\"el-939677cc\" class=\"vce-text-block-wrapper vce\" data-vce-do-apply=\"all el-939677cc\">\n\nRegiones y lugares hermosos han atra\u00eddo e inspirado a artistas durante siglos, como Constable, Cezanne, van Gogh y, por supuesto, los propios jardines de Monet. Kerikeri, en la Bah\u00eda de las Islas, Northland, es conocida por sus impresionantes paisajes, sus hermosas playas, sus encantadores paseos y sus huertos de c\u00edtricos y kiwis. \n\nHay mucho m\u00e1s en esta fascinante regi\u00f3n, con muchos artistas neozelandeses de gran talento que consideran esta encantadora zona su hogar. Cada a\u00f1o el<strong> <a href=\"https:\/\/koast.org.nz\/\" target=\"_blank\" rel=\"noopener\">Ruta de los Estudios de Arte Abiertos de Kerikeri <\/a><\/strong>ha creado un veh\u00edculo maravilloso para que los artistas de esta regi\u00f3n, los artistas invitados y los visitantes y coleccionistas de arte disfruten de su talento.\n\nLa Ruta de los Estudios de Arte Abiertos de Kerikeri ofrece a los visitantes una maravillosa experiencia art\u00edstica. Visitar a los expositores en sus estudios puede realmente dar una perspectiva \u00fanica e interesante de un lugar y a\u00f1adir mucho a su atractivo. \n\nLos visitantes que acuden a los estudios y galer\u00edas de los artistas contribuyen a apoyarlos en la profesi\u00f3n que han elegido. Visitar sus estudios permite a los artistas aumentar su clientela y vender sus obras directamente a los amantes del arte y a otras personas interesadas. Cada artista tiene algo muy especial que ofrecer al visitante.  \n\nAl hacer clic en las im\u00e1genes de abajo se abrir\u00e1 una nueva ventana con m\u00e1s informaci\u00f3n sobre mi participaci\u00f3n en KOAST durante ese a\u00f1o en concreto.\n\n<\/div>\n<\/div>\n<\/div>\n<\/div>\n<\/div>\n<\/div>\n<\/div>\n<\/div>\n<\/div>\n<\/div>\n<\/div>\n<\/div>\n<\/div>\n<\/div>\n<\/div>\n<\/div>\n<\/div>\n<div class=\"vce-row-container\" data-vce-boxed-width=\"true\">\n<div id=\"el-2822f8ab\" class=\"vce-row vce-row--col-gap-30 vce-row-equal-height vce-row-content--top\" data-vce-do-apply=\"all el-2822f8ab\">\n<div class=\"vce-row-content\" data-vce-element-content=\"true\">\n<div id=\"el-4c424d2f\" class=\"vce-col vce-col--md-auto vce-col--xs-1 vce-col--xs-last vce-col--xs-first vce-col--sm-last vce-col--sm-first vce-col--md-last vce-col--lg-last vce-col--xl-last vce-col--md-first vce-col--lg-first vce-col--xl-first\">\n<div class=\"vce-col-inner\" data-vce-do-apply=\"border margin background el-4c424d2f\">\n<div class=\"vce-col-content\" data-vce-element-content=\"true\" data-vce-do-apply=\"padding el-4c424d2f\"><\/div>\n<\/div>\n<\/div>\n<\/div>\n<\/div>\n<\/div>\t\t\t\t\t\t\t\t<\/div>\n\t\t\t\t<\/div>\n\t\t\t\t\t<\/div>\n\t\t\t\t<\/div>\n\t\t<div class=\"elementor-element elementor-element-ca3b859 e-grid e-con-full e-con e-parent\" data-id=\"ca3b859\" data-element_type=\"container\" data-e-type=\"container\">\n\t\t\t\t<div class=\"elementor-element elementor-element-6dcac61 elementor-widget elementor-widget-image\" data-id=\"6dcac61\" data-element_type=\"widget\" data-e-type=\"widget\" data-widget_type=\"image.default\">\n\t\t\t\t<div class=\"elementor-widget-container\">\n\t\t\t\t\t\t\t\t\t\t\t\t\t\t\t\t<a href=\"http:\/\/guydutoit.com\/koast-2019\/\" target=\"_blank\">\n\t\t\t\t\t\t\t<img fetchpriority=\"high\" decoding=\"async\" data-attachment-id=\"13353\" data-permalink=\"https:\/\/guydutoit.com\/es\/koast\/koast-2019-2\/\" data-orig-file=\"https:\/\/i0.wp.com\/guydutoit.com\/wp-content\/uploads\/2024\/11\/KOAST-2019.jpg?fit=170%2C300&amp;ssl=1\" data-orig-size=\"170,300\" data-comments-opened=\"0\" data-image-meta=\"{&quot;aperture&quot;:&quot;1.8&quot;,&quot;credit&quot;:&quot;&quot;,&quot;camera&quot;:&quot;SM-G988B&quot;,&quot;caption&quot;:&quot;&quot;,&quot;created_timestamp&quot;:&quot;1635343892&quot;,&quot;copyright&quot;:&quot;&quot;,&quot;focal_length&quot;:&quot;7&quot;,&quot;iso&quot;:&quot;400&quot;,&quot;shutter_speed&quot;:&quot;0.01&quot;,&quot;title&quot;:&quot;&quot;,&quot;orientation&quot;:&quot;1&quot;}\" data-image-title=\"KOAST 2019\" data-image-description=\"&lt;p&gt;KOAST 2019&lt;\/p&gt;\n\" data-image-caption=\"&lt;p&gt;KOAST 2019&lt;\/p&gt;\n\" data-large-file=\"https:\/\/i0.wp.com\/guydutoit.com\/wp-content\/uploads\/2024\/11\/KOAST-2019.jpg?fit=170%2C300&amp;ssl=1\" width=\"170\" height=\"300\" src=\"https:\/\/i0.wp.com\/guydutoit.com\/wp-content\/uploads\/2024\/11\/KOAST-2019.jpg?fit=170%2C300&amp;ssl=1\" class=\"attachment-large size-large wp-image-13353\" alt=\"KOAST 2019\" data-attachment-id=\"13353\" data-permalink=\"https:\/\/guydutoit.com\/es\/koast\/koast-2019-2\/\" data-orig-file=\"https:\/\/i0.wp.com\/guydutoit.com\/wp-content\/uploads\/2024\/11\/KOAST-2019.jpg?fit=170%2C300&amp;ssl=1\" data-orig-size=\"170,300\" data-comments-opened=\"0\" data-image-meta=\"{&quot;aperture&quot;:&quot;1.8&quot;,&quot;credit&quot;:&quot;&quot;,&quot;camera&quot;:&quot;SM-G988B&quot;,&quot;caption&quot;:&quot;&quot;,&quot;created_timestamp&quot;:&quot;1635343892&quot;,&quot;copyright&quot;:&quot;&quot;,&quot;focal_length&quot;:&quot;7&quot;,&quot;iso&quot;:&quot;400&quot;,&quot;shutter_speed&quot;:&quot;0.01&quot;,&quot;title&quot;:&quot;&quot;,&quot;orientation&quot;:&quot;1&quot;}\" data-image-title=\"KOAST 2019\" data-image-description=\"&lt;p&gt;KOAST 2019&lt;\/p&gt;\n\" data-image-caption=\"&lt;p&gt;KOAST 2019&lt;\/p&gt;\n\" data-large-file=\"https:\/\/i0.wp.com\/guydutoit.com\/wp-content\/uploads\/2024\/11\/KOAST-2019.jpg?fit=170%2C300&amp;ssl=1\" \/>\t\t\t\t\t\t\t\t<\/a>\n\t\t\t\t\t\t\t\t\t\t\t\t\t\t\t<\/div>\n\t\t\t\t<\/div>\n\t\t\t\t<div class=\"elementor-element elementor-element-88b67ba elementor-widget elementor-widget-image\" data-id=\"88b67ba\" data-element_type=\"widget\" data-e-type=\"widget\" data-widget_type=\"image.default\">\n\t\t\t\t<div class=\"elementor-widget-container\">\n\t\t\t\t\t\t\t\t\t\t\t\t\t\t\t\t<a href=\"http:\/\/guydutoit.com\/koast-2021\/\" target=\"_blank\">\n\t\t\t\t\t\t\t<img decoding=\"async\" data-attachment-id=\"13354\" data-permalink=\"https:\/\/guydutoit.com\/es\/koast\/koast-2021-2\/\" data-orig-file=\"https:\/\/i0.wp.com\/guydutoit.com\/wp-content\/uploads\/2024\/11\/KOAST-2021.jpg?fit=160%2C300&amp;ssl=1\" data-orig-size=\"160,300\" data-comments-opened=\"0\" data-image-meta=\"{&quot;aperture&quot;:&quot;1.8&quot;,&quot;credit&quot;:&quot;&quot;,&quot;camera&quot;:&quot;SM-G988B&quot;,&quot;caption&quot;:&quot;&quot;,&quot;created_timestamp&quot;:&quot;1635343948&quot;,&quot;copyright&quot;:&quot;&quot;,&quot;focal_length&quot;:&quot;7&quot;,&quot;iso&quot;:&quot;320&quot;,&quot;shutter_speed&quot;:&quot;0.01&quot;,&quot;title&quot;:&quot;&quot;,&quot;orientation&quot;:&quot;1&quot;}\" data-image-title=\"KOAST 2021\" data-image-description=\"&lt;p&gt;KOAST 2021&lt;\/p&gt;\n\" data-image-caption=\"&lt;p&gt;KOAST 2021&lt;\/p&gt;\n\" data-large-file=\"https:\/\/i0.wp.com\/guydutoit.com\/wp-content\/uploads\/2024\/11\/KOAST-2021.jpg?fit=160%2C300&amp;ssl=1\" width=\"160\" height=\"300\" src=\"https:\/\/i0.wp.com\/guydutoit.com\/wp-content\/uploads\/2024\/11\/KOAST-2021.jpg?fit=160%2C300&amp;ssl=1\" class=\"attachment-large size-large wp-image-13354\" alt=\"KOAST 2021\" data-attachment-id=\"13354\" data-permalink=\"https:\/\/guydutoit.com\/es\/koast\/koast-2021-2\/\" data-orig-file=\"https:\/\/i0.wp.com\/guydutoit.com\/wp-content\/uploads\/2024\/11\/KOAST-2021.jpg?fit=160%2C300&amp;ssl=1\" data-orig-size=\"160,300\" data-comments-opened=\"0\" data-image-meta=\"{&quot;aperture&quot;:&quot;1.8&quot;,&quot;credit&quot;:&quot;&quot;,&quot;camera&quot;:&quot;SM-G988B&quot;,&quot;caption&quot;:&quot;&quot;,&quot;created_timestamp&quot;:&quot;1635343948&quot;,&quot;copyright&quot;:&quot;&quot;,&quot;focal_length&quot;:&quot;7&quot;,&quot;iso&quot;:&quot;320&quot;,&quot;shutter_speed&quot;:&quot;0.01&quot;,&quot;title&quot;:&quot;&quot;,&quot;orientation&quot;:&quot;1&quot;}\" data-image-title=\"KOAST 2021\" data-image-description=\"&lt;p&gt;KOAST 2021&lt;\/p&gt;\n\" data-image-caption=\"&lt;p&gt;KOAST 2021&lt;\/p&gt;\n\" data-large-file=\"https:\/\/i0.wp.com\/guydutoit.com\/wp-content\/uploads\/2024\/11\/KOAST-2021.jpg?fit=160%2C300&amp;ssl=1\" \/>\t\t\t\t\t\t\t\t<\/a>\n\t\t\t\t\t\t\t\t\t\t\t\t\t\t\t<\/div>\n\t\t\t\t<\/div>\n\t\t\t\t<\/div>\n\t\t\t\t<\/div>\n\t\t","protected":false},"excerpt":{"rendered":"<p>Ruta de los estudios de arte abiertos de Kerikeri Regiones y lugares hermosos han atra\u00eddo e inspirado a artistas durante siglos, como Constable, Cezanne, van Gogh y, por supuesto, los propios jardines de Monet. Kerikeri, en la Bah\u00eda de las Islas, Northland, es conocida por sus impresionantes paisajes, sus hermosas playas, sus encantadores paseos y [&hellip;]<\/p>\n","protected":false},"author":2,"featured_media":0,"parent":0,"menu_order":0,"comment_status":"closed","ping_status":"closed","template":"","meta":{"site-sidebar-layout":"default","site-content-layout":"","ast-site-content-layout":"default","site-content-style":"default","site-sidebar-style":"default","ast-global-header-display":"","ast-banner-title-visibility":"","ast-main-header-display":"","ast-hfb-above-header-display":"","ast-hfb-below-header-display":"","ast-hfb-mobile-header-display":"","site-post-title":"","ast-breadcrumbs-content":"","ast-featured-img":"","footer-sml-layout":"","ast-disable-related-posts":"","theme-transparent-header-meta":"default","adv-header-id-meta":"","stick-header-meta":"default","header-above-stick-meta":"","header-main-stick-meta":"","header-below-stick-meta":"","astra-migrate-meta-layouts":"default","ast-page-background-enabled":"default","ast-page-background-meta":{"desktop":{"background-color":"var(--ast-global-color-4)","background-image":"","background-repeat":"repeat","background-position":"center center","background-size":"auto","background-attachment":"scroll","background-type":"","background-media":"","overlay-type":"","overlay-color":"","overlay-opacity":"","overlay-gradient":""},"tablet":{"background-color":"","background-image":"","background-repeat":"repeat","background-position":"center center","background-size":"auto","background-attachment":"scroll","background-type":"","background-media":"","overlay-type":"","overlay-color":"","overlay-opacity":"","overlay-gradient":""},"mobile":{"background-color":"","background-image":"","background-repeat":"repeat","background-position":"center center","background-size":"auto","background-attachment":"scroll","background-type":"","background-media":"","overlay-type":"","overlay-color":"","overlay-opacity":"","overlay-gradient":""}},"ast-content-background-meta":{"desktop":{"background-color":"var(--ast-global-color-5)","background-image":"","background-repeat":"repeat","background-position":"center center","background-size":"auto","background-attachment":"scroll","background-type":"","background-media":"","overlay-type":"","overlay-color":"","overlay-opacity":"","overlay-gradient":""},"tablet":{"background-color":"var(--ast-global-color-5)","background-image":"","background-repeat":"repeat","background-position":"center center","background-size":"auto","background-attachment":"scroll","background-type":"","background-media":"","overlay-type":"","overlay-color":"","overlay-opacity":"","overlay-gradient":""},"mobile":{"background-color":"var(--ast-global-color-5)","background-image":"","background-repeat":"repeat","background-position":"center center","background-size":"auto","background-attachment":"scroll","background-type":"","background-media":"","overlay-type":"","overlay-color":"","overlay-opacity":"","overlay-gradient":""}},"jetpack_post_was_ever_published":false,"footnotes":""},"class_list":["post-13352","page","type-page","status-publish","hentry"],"jetpack-related-posts":[{"id":13505,"url":"https:\/\/guydutoit.com\/es\/exhibitions-events\/","url_meta":{"origin":13352,"position":0},"title":"Exposiciones y eventos","author":"Guy du Toit","date":"6 de noviembre de 2024","format":false,"excerpt":"Exposiciones y eventos Estas son algunas de las exposiciones y muestras a las que he sido invitada, eventos en los que he participado y algunas de las galer\u00edas \/ boutiques que venden o han vendido mis creaciones. Al hacer clic en la imagen se abrir\u00e1 una nueva ventana con m\u00e1s\u2026","rel":"","context":"Entrada similar","block_context":{"text":"Entrada similar","link":""},"img":{"alt_text":"","src":"https:\/\/i0.wp.com\/guydutoit.com\/wp-content\/uploads\/2025\/03\/Tuhono-1.png?resize=350%2C200&ssl=1","width":350,"height":200,"srcset":"https:\/\/i0.wp.com\/guydutoit.com\/wp-content\/uploads\/2025\/03\/Tuhono-1.png?resize=350%2C200&ssl=1 1x, https:\/\/i0.wp.com\/guydutoit.com\/wp-content\/uploads\/2025\/03\/Tuhono-1.png?resize=525%2C300&ssl=1 1.5x, https:\/\/i0.wp.com\/guydutoit.com\/wp-content\/uploads\/2025\/03\/Tuhono-1.png?resize=700%2C400&ssl=1 2x"},"classes":[]},{"id":14001,"url":"https:\/\/guydutoit.com\/es\/kerikeri-retirement-village-art-show-2020\/","url_meta":{"origin":13352,"position":1},"title":"Muestra de Arte de la Aldea de Jubilados de Kerikeri 2020","author":"Guy du Toit","date":"19 de octubre de 2021","format":false,"excerpt":"En diciembre de 2020 me invitaron a exponer mi arte en madera con algunos de los muchos artistas de gran talento de Kerikeri en la nueva ala de apartamentos de la aldea de jubilados de Kerikeri. Fue un acontecimiento asombroso realmente bien apoyado por los artistas locales y tal un\u2026","rel":"","context":"Entrada similar","block_context":{"text":"Entrada similar","link":""},"img":{"alt_text":"","src":"","width":0,"height":0},"classes":[]},{"id":16681,"url":"https:\/\/guydutoit.com\/es\/koast-2019\/","url_meta":{"origin":13352,"position":2},"title":"KOAST 2019","author":"Guy du Toit","date":"5 de marzo de 2025","format":false,"excerpt":"En 2019 Rolly Munro, Leigh Munro y yo compartimos espacio expositivo en el estudio \/ taller de Rolly en Kerikeri.Fue un fin de semana estupendo con muchos visitantes y un mont\u00f3n de charlas interesantes con gente que vino de lejos para visitar a todos los artistas maravillosamente diversos del Extremo\u2026","rel":"","context":"Entrada similar","block_context":{"text":"Entrada similar","link":""},"img":{"alt_text":"","src":"","width":0,"height":0},"classes":[]},{"id":13481,"url":"https:\/\/guydutoit.com\/es\/in-the-news\/","url_meta":{"origin":13352,"position":3},"title":"EN LAS NOTICIAS","author":"Guy du Toit","date":"8 de noviembre de 2024","format":false,"excerpt":"En las noticias En la prensa Mostrando el oficio La torner\u00eda de madera toma protagonismo \u00a1Estoy emocionada por compartir algunas cosas que destacan mi trabajo y mi pasi\u00f3n por la torner\u00eda de madera! Estos eventos medi\u00e1ticos han sido fundamentales para conectar con un p\u00fablico m\u00e1s amplio y mostrar los intrincados\u2026","rel":"","context":"Entrada similar","block_context":{"text":"Entrada similar","link":""},"img":{"alt_text":"Guy du Toit Documentary","src":"https:\/\/i0.wp.com\/guydutoit.com\/wp-content\/uploads\/2024\/11\/Guy-du-Toit-Documentary.png?resize=350%2C200&ssl=1","width":350,"height":200},"classes":[]},{"id":14011,"url":"https:\/\/guydutoit.com\/es\/tuhono-kerikeri\/","url_meta":{"origin":13352,"position":4},"title":"TUHONO Kerikeri","author":"Guy du Toit","date":"28 de septiembre de 2021","format":false,"excerpt":"Celebraci\u00f3n del 200 aniversario de Kerikeri Tuhono Kerikeri fue un acto programado para celebrar el 200 aniversario de la fundaci\u00f3n de Kerikeri. Varios artistas locales fueron invitados a crear obras de arte para una exposici\u00f3n como parte de este evento. Desgraciadamente, el evento nunca lleg\u00f3 a celebrarse debido a Covid-19.\u2026","rel":"","context":"Entrada similar","block_context":{"text":"Entrada similar","link":""},"img":{"alt_text":"","src":"","width":0,"height":0},"classes":[]},{"id":14091,"url":"https:\/\/guydutoit.com\/es\/ricci-lang\/","url_meta":{"origin":13352,"position":5},"title":"Ricci Lang","author":"Guy du Toit","date":"27 de septiembre de 2021","format":false,"excerpt":"Una colaboraci\u00f3n nacida en el mercadoMi conexi\u00f3n con Ricci comenz\u00f3 en el vibrante Packhouse Market de Kerikeri, donde era una cara familiar que exhib\u00eda su cautivador trabajo. Puede explorar m\u00e1s de sus creaciones, incluidas las piezas disponibles para la compra, a trav\u00e9s de este enlace a su p\u00e1gina de Instagram.Los\u2026","rel":"","context":"Entrada similar","block_context":{"text":"Entrada similar","link":""},"img":{"alt_text":"","src":"","width":0,"height":0},"classes":[]}],"jetpack_sharing_enabled":true,"jetpack_likes_enabled":true,"_links":{"self":[{"href":"https:\/\/guydutoit.com\/es\/wp-json\/wp\/v2\/pages\/13352","targetHints":{"allow":["GET"]}}],"collection":[{"href":"https:\/\/guydutoit.com\/es\/wp-json\/wp\/v2\/pages"}],"about":[{"href":"https:\/\/guydutoit.com\/es\/wp-json\/wp\/v2\/types\/page"}],"author":[{"embeddable":true,"href":"https:\/\/guydutoit.com\/es\/wp-json\/wp\/v2\/users\/2"}],"replies":[{"embeddable":true,"href":"https:\/\/guydutoit.com\/es\/wp-json\/wp\/v2\/comments?post=13352"}],"version-history":[{"count":17,"href":"https:\/\/guydutoit.com\/es\/wp-json\/wp\/v2\/pages\/13352\/revisions"}],"predecessor-version":[{"id":22070,"href":"https:\/\/guydutoit.com\/es\/wp-json\/wp\/v2\/pages\/13352\/revisions\/22070"}],"wp:attachment":[{"href":"https:\/\/guydutoit.com\/es\/wp-json\/wp\/v2\/media?parent=13352"}],"curies":[{"name":"wp","href":"https:\/\/api.w.org\/{rel}","templated":true}]}}