{"id":13638,"date":"2021-11-08T22:58:37","date_gmt":"2021-11-08T21:58:37","guid":{"rendered":"http:\/\/guydutoit.com\/collar-de-madera-rara-chakra-cube\/"},"modified":"2025-03-13T10:44:25","modified_gmt":"2025-03-13T09:44:25","slug":"chakra-cube","status":"publish","type":"page","link":"https:\/\/guydutoit.com\/es\/chakra-cube\/","title":{"rendered":"Collar de madera rara Chakra Cube"},"content":{"rendered":"<p><!--vcv no format--><\/p>\n<div class=\"vce-row-container\" data-vce-boxed-width=\"true\">\n<div id=\"el-8193401d\" class=\"vce-row vce-row--col-gap-30 vce-row-equal-height vce-row-content--top\" data-vce-do-apply=\"all el-8193401d\">\n<div class=\"vce-row-content\" data-vce-element-content=\"true\">\n<div id=\"el-3ad4823a\" class=\"vce-col vce-col--md-auto vce-col--xs-1 vce-col--xs-last vce-col--xs-first vce-col--sm-last vce-col--sm-first vce-col--md-last vce-col--lg-last vce-col--xl-last vce-col--md-first vce-col--lg-first vce-col--xl-first\">\n<div class=\"vce-col-inner\" data-vce-do-apply=\"border margin background el-3ad4823a\">\n<div class=\"vce-col-content\" data-vce-element-content=\"true\" data-vce-do-apply=\"padding el-3ad4823a\">\n<div class=\"vce-text-block\">\n<div id=\"el-d9440d8c\" class=\"vce-text-block-wrapper vce\" data-vce-do-apply=\"all el-d9440d8c\">\n<h2>7 Chakras, 7 maderas &#8211; $120.00<\/h2>\n<p>Hecho de 7 tipos diferentes de madera, con el coraz\u00f3n p\u00farpura para representar el chakra del coraz\u00f3n en el centro, he aqu\u00ed un regalo para calentar el coraz\u00f3n y levantar el \u00e1nimo.<\/p>\n<\/div>\n<\/div>\n<\/div>\n<\/div>\n<\/div>\n<\/div>\n<\/div>\n<\/div>\n<div class=\"vce-row-container\" data-vce-boxed-width=\"true\">\n<div id=\"el-402434e5\" class=\"vce-row vce-row--col-gap-30 vce-row-equal-height vce-row-content--top\" data-vce-do-apply=\"all el-402434e5\">\n<div class=\"vce-row-content\" data-vce-element-content=\"true\">\n<div id=\"el-fd74abc5\" class=\"vce-col vce-col--md-auto vce-col--xs-1 vce-col--xs-last vce-col--xs-first vce-col--sm-last vce-col--sm-first vce-col--md-last vce-col--lg-last vce-col--xl-last vce-col--md-first vce-col--lg-first vce-col--xl-first\">\n<div class=\"vce-col-inner\" data-vce-do-apply=\"border margin background el-fd74abc5\">\n<div class=\"vce-col-content\" data-vce-element-content=\"true\" data-vce-do-apply=\"padding el-fd74abc5\">\n<div class=\"vce-image-gallery vce-image-gallery--gap-10 vce-image-gallery--columns-3 vce-image-gallery--border-rounded vce-image-gallery-caption--align-center\">\n<div id=\"el-ece44793\" class=\"vce-image-gallery-wrapper vce\" data-vce-do-apply=\"all el-ece44793\">\n<div class=\"vce-image-gallery-list\">\n<div class=\"vce-image-gallery-item\">\n<figure class=\"vce-image-gallery-item-inner-wrapper\"><a class=\"vce-image-gallery-item-inner\" href=\"|!|vcvUploadUrl|!|\/2021\/11\/20211108_133629-scaled-e1636408535831.jpg\" data-lightbox=\"lightbox-ece44793\"><img decoding=\"async\" class=\"vce-image-gallery-img vce-image-gallery-img--orientation-portrait\" title=\"Collar de madera rara Chakra Cube\" src=\"|!|vcvUploadUrl|!|\/2021\/11\/20211108_133629-scaled-e1636408528797-576x1024.jpg\" alt=\"Collar de madera rara Chakra Cube\"><\/a><figcaption>Collar de madera rara Chakra Cube<\/figcaption><\/figure>\n<\/div>\n<div class=\"vce-image-gallery-item\">\n<figure class=\"vce-image-gallery-item-inner-wrapper\"><a class=\"vce-image-gallery-item-inner\" href=\"|!|vcvUploadUrl|!|\/2021\/11\/20211108_202330-scaled-e1636408311435.jpg\" data-lightbox=\"lightbox-ece44793\"><img decoding=\"async\" class=\"vce-image-gallery-img\" title=\"Collar de madera rara Chakra Cube\" src=\"|!|vcvUploadUrl|!|\/2021\/11\/20211108_202330-scaled-e1636408305248-1024x595.jpg\" alt=\"Collar de madera rara Chakra Cube\"><\/a><figcaption>Collar de madera rara Chakra Cube<\/figcaption><\/figure>\n<\/div>\n<div class=\"vce-image-gallery-item\">\n<figure class=\"vce-image-gallery-item-inner-wrapper\"><a class=\"vce-image-gallery-item-inner\" href=\"|!|vcvUploadUrl|!|\/2021\/11\/20211108_203155-scaled-e1636408252750.jpg\" data-lightbox=\"lightbox-ece44793\"><img decoding=\"async\" class=\"vce-image-gallery-img vce-image-gallery-img--orientation-portrait\" title=\"Collar de madera rara Chakra Cube\" src=\"|!|vcvUploadUrl|!|\/2021\/11\/20211108_203155-scaled-e1636408246497-795x1024.jpg\" alt=\"Collar de madera rara Chakra Cube\"><\/a><figcaption>Collar de madera rara Chakra Cube<\/figcaption><\/figure>\n<\/div>\n<\/div>\n<\/div>\n<\/div>\n<\/div>\n<\/div>\n<\/div>\n<\/div>\n<\/div>\n<\/div>\n<p><!--vcv no format--><\/p>\n","protected":false},"excerpt":{"rendered":"<p>7 Chakras, 7 maderas &#8211; $120.00 Hecho de 7 tipos diferentes de madera, con el coraz\u00f3n p\u00farpura para representar el chakra del coraz\u00f3n en el centro, he aqu\u00ed un regalo para calentar el coraz\u00f3n y levantar el \u00e1nimo. Collar de madera rara Chakra Cube Collar de madera rara Chakra Cube Collar de madera rara Chakra [&hellip;]<\/p>\n","protected":false},"author":2,"featured_media":0,"parent":0,"menu_order":0,"comment_status":"closed","ping_status":"closed","template":"","meta":{"site-sidebar-layout":"default","site-content-layout":"","ast-site-content-layout":"default","site-content-style":"default","site-sidebar-style":"default","ast-global-header-display":"","ast-banner-title-visibility":"","ast-main-header-display":"","ast-hfb-above-header-display":"","ast-hfb-below-header-display":"","ast-hfb-mobile-header-display":"","site-post-title":"","ast-breadcrumbs-content":"","ast-featured-img":"","footer-sml-layout":"","ast-disable-related-posts":"","theme-transparent-header-meta":"default","adv-header-id-meta":"","stick-header-meta":"default","header-above-stick-meta":"","header-main-stick-meta":"","header-below-stick-meta":"","astra-migrate-meta-layouts":"default","ast-page-background-enabled":"default","ast-page-background-meta":{"desktop":{"background-color":"var(--ast-global-color-4)","background-image":"","background-repeat":"repeat","background-position":"center center","background-size":"auto","background-attachment":"scroll","background-type":"","background-media":"","overlay-type":"","overlay-color":"","overlay-opacity":"","overlay-gradient":""},"tablet":{"background-color":"","background-image":"","background-repeat":"repeat","background-position":"center center","background-size":"auto","background-attachment":"scroll","background-type":"","background-media":"","overlay-type":"","overlay-color":"","overlay-opacity":"","overlay-gradient":""},"mobile":{"background-color":"","background-image":"","background-repeat":"repeat","background-position":"center center","background-size":"auto","background-attachment":"scroll","background-type":"","background-media":"","overlay-type":"","overlay-color":"","overlay-opacity":"","overlay-gradient":""}},"ast-content-background-meta":{"desktop":{"background-color":"var(--ast-global-color-5)","background-image":"","background-repeat":"repeat","background-position":"center center","background-size":"auto","background-attachment":"scroll","background-type":"","background-media":"","overlay-type":"","overlay-color":"","overlay-opacity":"","overlay-gradient":""},"tablet":{"background-color":"var(--ast-global-color-5)","background-image":"","background-repeat":"repeat","background-position":"center center","background-size":"auto","background-attachment":"scroll","background-type":"","background-media":"","overlay-type":"","overlay-color":"","overlay-opacity":"","overlay-gradient":""},"mobile":{"background-color":"var(--ast-global-color-5)","background-image":"","background-repeat":"repeat","background-position":"center center","background-size":"auto","background-attachment":"scroll","background-type":"","background-media":"","overlay-type":"","overlay-color":"","overlay-opacity":"","overlay-gradient":""}},"jetpack_post_was_ever_published":false,"footnotes":""},"class_list":["post-13638","page","type-page","status-publish","hentry"],"jetpack-related-posts":[{"id":13929,"url":"https:\/\/guydutoit.com\/es\/wooden-jewellery\/","url_meta":{"origin":13638,"position":0},"title":"Joyas de madera","author":"Guy du Toit","date":"27 de septiembre de 2021","format":false,"excerpt":"Aqu\u00ed encontrar\u00e1 una selecci\u00f3n de joyas artesanales hechas con maderas raras que Guy tiene a la venta en su galer\u00eda de Kerikeri. Hay otras obras en galer\u00edas donde tambi\u00e9n puede adquirir algunos de los originales de Guy. Para ver las galer\u00edas que actualmente exponen su arte, por favor pulse aqu\u00ed.\u2026","rel":"","context":"Entrada similar","block_context":{"text":"Entrada similar","link":""},"img":{"alt_text":"Collar franc\u00e9s Buis de madera tallada a mano","src":"|!|vcvUploadUrl|!|\/2021\/11\/20211108_195920-1024x461.jpg","width":350,"height":200,"srcset":"|!|vcvUploadUrl|!|\/2021\/11\/20211108_195920-1024x461.jpg 1x, |!|vcvUploadUrl|!|\/2021\/11\/20211108_195920-1024x461.jpg 1.5x, |!|vcvUploadUrl|!|\/2021\/11\/20211108_195920-1024x461.jpg 2x"},"classes":[]},{"id":13642,"url":"https:\/\/guydutoit.com\/es\/purple-heart-wood-hand-carved-wave-necklace\/","url_meta":{"origin":13638,"position":1},"title":"Collar ondulado de madera tallada a mano Coraz\u00f3n p\u00farpura","author":"Guy du Toit","date":"8 de noviembre de 2021","format":false,"excerpt":"Ola Coraz\u00f3n P\u00farpura hecha a mano - $189.00 Con menos de 2 mm de grosor, este collar muy delicado, casi et\u00e9reo, ha sido cuidadosamente tallado a mano a partir de coraz\u00f3n p\u00farpura. Con un cierre magn\u00e9tico encajado en cajas de Coraz\u00f3n P\u00farpura que lo redondean a la perfecci\u00f3n. \u00a1Elegancia sin\u2026","rel":"","context":"Entrada similar","block_context":{"text":"Entrada similar","link":""},"img":{"alt_text":"Collar ondulado de madera tallada a mano Coraz\u00f3n p\u00farpura","src":"|!|vcvUploadUrl|!|\/2021\/11\/20211108_133053-scaled-e1636403971266-883x1024.jpg","width":350,"height":200,"srcset":"|!|vcvUploadUrl|!|\/2021\/11\/20211108_133053-scaled-e1636403971266-883x1024.jpg 1x, |!|vcvUploadUrl|!|\/2021\/11\/20211108_133053-scaled-e1636403971266-883x1024.jpg 1.5x, |!|vcvUploadUrl|!|\/2021\/11\/20211108_133053-scaled-e1636403971266-883x1024.jpg 2x"},"classes":[]},{"id":13738,"url":"https:\/\/guydutoit.com\/es\/trembleurs\/","url_meta":{"origin":13638,"position":2},"title":"Temblores","author":"Guy du Toit","date":"28 de septiembre de 2021","format":false,"excerpt":"1.200-00 d\u00f3lares neozelandeses cada uno. Impartidas como asignatura final en la Escuela Escoulen, estas piezas requieren todas las habilidades que se le han ense\u00f1ado como tornero de madera para completarlas con \u00e9xito. Fabricadas a partir de una sola pieza de madera, estas piezas se dise\u00f1an cuidadosamente para garantizar una escultura\u2026","rel":"","context":"Entrada similar","block_context":{"text":"Entrada similar","link":""},"img":{"alt_text":"","src":"https:\/\/i0.wp.com\/guydutoit.com\/wp-content\/uploads\/2022\/08\/sold-out-stamp-clipart-2-300x220.png?resize=350%2C200","width":350,"height":200},"classes":[]},{"id":13721,"url":"https:\/\/guydutoit.com\/es\/resilience\/","url_meta":{"origin":13638,"position":3},"title":"Resiliencia","author":"Guy du Toit","date":"28 de septiembre de 2021","format":false,"excerpt":"\"RESILIENCIA\" - NZ$2800.00 Al igual que las amapolas resurgieron de las cenizas de los campos de batalla tras la guerra con gran belleza y resistencia, tambi\u00e9n nosotros, como pueblo, nos levantaremos tras Covid-19 y los acontecimientos de 2020. SOBRE LA PIEZA Inspirada por el d\u00eda ANZAC de 2020 y con\u2026","rel":"","context":"Entrada similar","block_context":{"text":"Entrada similar","link":""},"img":{"alt_text":"Jarr\u00f3n Resilience de Guy du Toit - Enlace a la Galer\u00eda en l\u00ednea","src":"https:\/\/i0.wp.com\/guydutoit.com\/wp-content\/uploads\/2021\/09\/20200424_135623-225x300.jpg?resize=350%2C200","width":350,"height":200},"classes":[]},{"id":14003,"url":"https:\/\/guydutoit.com\/es\/commissions\/","url_meta":{"origin":13638,"position":4},"title":"Comisiones","author":"Guy du Toit","date":"30 de septiembre de 2021","format":false,"excerpt":"Desvelando su visi\u00f3n: El arte de encargar y encargar una pieza de torneado en madera\u00bfNecesita o desea una pieza espec\u00edfica de torneado de madera? Tal vez necesite un art\u00edculo tradicional torneado en madera como un juego de barandillas de escalera o patas de mesa, \u00bfquiz\u00e1 est\u00e9 fabricando muebles y necesite\u2026","rel":"","context":"Entrada similar","block_context":{"text":"Entrada similar","link":""},"img":{"alt_text":"Trembleur de Guy du Toit","src":"https:\/\/i0.wp.com\/guydutoit.com\/wp-content\/uploads\/2024\/11\/Trembleur-Flat.jpg?resize=350%2C200&ssl=1","width":350,"height":200,"srcset":"https:\/\/i0.wp.com\/guydutoit.com\/wp-content\/uploads\/2024\/11\/Trembleur-Flat.jpg?resize=350%2C200&ssl=1 1x, https:\/\/i0.wp.com\/guydutoit.com\/wp-content\/uploads\/2024\/11\/Trembleur-Flat.jpg?resize=525%2C300&ssl=1 1.5x, https:\/\/i0.wp.com\/guydutoit.com\/wp-content\/uploads\/2024\/11\/Trembleur-Flat.jpg?resize=700%2C400&ssl=1 2x, https:\/\/i0.wp.com\/guydutoit.com\/wp-content\/uploads\/2024\/11\/Trembleur-Flat.jpg?resize=1050%2C600&ssl=1 3x, https:\/\/i0.wp.com\/guydutoit.com\/wp-content\/uploads\/2024\/11\/Trembleur-Flat.jpg?resize=1400%2C800&ssl=1 4x"},"classes":[]},{"id":13676,"url":"https:\/\/guydutoit.com\/es\/boule-de-canton-captive-wooden-spheres\/","url_meta":{"origin":13638,"position":5},"title":"&#8220;Boule de Canton&#8221; Esferas de madera cautivas","author":"Guy du Toit","date":"5 de octubre de 2021","format":false,"excerpt":"Conocidas como Bolas de Madera Cautivas \/ Esferas Cautivas o en franc\u00e9s \"Boule de Canton\" (Bolas de Cant\u00f3n) - est\u00e1n hechas de una sola pieza de madera y cada bola se compone de 5 o 7 esferas individuales. Se necesita mucha precisi\u00f3n, paciencia y habilidad para hacerlas. Para empezar, cada\u2026","rel":"","context":"Entrada similar","block_context":{"text":"Entrada similar","link":""},"img":{"alt_text":"","src":"https:\/\/i0.wp.com\/guydutoit.com\/wp-content\/uploads\/2021\/10\/Boule-de-Canton-300x300.jpg?resize=350%2C200","width":350,"height":200},"classes":[]}],"jetpack_sharing_enabled":true,"jetpack_likes_enabled":true,"_links":{"self":[{"href":"https:\/\/guydutoit.com\/es\/wp-json\/wp\/v2\/pages\/13638","targetHints":{"allow":["GET"]}}],"collection":[{"href":"https:\/\/guydutoit.com\/es\/wp-json\/wp\/v2\/pages"}],"about":[{"href":"https:\/\/guydutoit.com\/es\/wp-json\/wp\/v2\/types\/page"}],"author":[{"embeddable":true,"href":"https:\/\/guydutoit.com\/es\/wp-json\/wp\/v2\/users\/2"}],"replies":[{"embeddable":true,"href":"https:\/\/guydutoit.com\/es\/wp-json\/wp\/v2\/comments?post=13638"}],"version-history":[{"count":3,"href":"https:\/\/guydutoit.com\/es\/wp-json\/wp\/v2\/pages\/13638\/revisions"}],"predecessor-version":[{"id":15710,"href":"https:\/\/guydutoit.com\/es\/wp-json\/wp\/v2\/pages\/13638\/revisions\/15710"}],"wp:attachment":[{"href":"https:\/\/guydutoit.com\/es\/wp-json\/wp\/v2\/media?parent=13638"}],"curies":[{"name":"wp","href":"https:\/\/api.w.org\/{rel}","templated":true}]}}