{"id":13683,"date":"2021-10-05T00:42:41","date_gmt":"2021-10-04T23:42:41","guid":{"rendered":"http:\/\/guydutoit.com\/la-larga-nube-blanca\/"},"modified":"2025-03-13T10:44:29","modified_gmt":"2025-03-13T09:44:29","slug":"the-long-white-cloud","status":"publish","type":"page","link":"https:\/\/guydutoit.com\/es\/the-long-white-cloud\/","title":{"rendered":"&#8220;La larga nube blanca&#8221;"},"content":{"rendered":"<p><!--vcv no format--><\/p>\n<div class=\"vce-row-container\" data-vce-boxed-width=\"true\">\n<div id=\"el-aab25700\" class=\"vce-row vce-row--col-gap-30 vce-row-equal-height vce-row-content--top\" data-vce-do-apply=\"all el-aab25700\">\n<div class=\"vce-row-content\" data-vce-element-content=\"true\">\n<div id=\"el-136ebc76\" class=\"vce-col vce-col--md-auto vce-col--xs-1 vce-col--xs-last vce-col--xs-first vce-col--sm-last vce-col--sm-first vce-col--md-last vce-col--lg-last vce-col--xl-last vce-col--md-first vce-col--lg-first vce-col--xl-first\">\n<div class=\"vce-col-inner\" data-vce-do-apply=\"border margin background el-136ebc76\">\n<div class=\"vce-col-content\" data-vce-element-content=\"true\" data-vce-do-apply=\"padding el-136ebc76\">\n<div class=\"vce-text-block\">\n<div id=\"el-7de18f95\" class=\"vce-text-block-wrapper vce\" data-vce-do-apply=\"all el-7de18f95\">\n<h2>Plato grande negro de Maire NZ$ 600.00 incl GST<\/h2>\n<p>\u00a1Esta fuente es enorme y una absoluta belleza! Y esconde un secreto que s\u00f3lo el propietario conocer\u00e1 hasta que le d\u00e9 la vuelta para ense\u00f1\u00e1rselo a sus amigos.<\/p>\n<p><img fetchpriority=\"high\" decoding=\"async\" class=\"aligncenter wp-image-834 size-large\" src=\"|!|vcvUploadUrl|!|\/2021\/10\/DSC00186-1024x768.jpg\" alt=\"Realce de resina en torneado de madera\" width=\"640\" height=\"480\"><\/p>\n<p>El hecho de que &#8220;La larga nube blanca&#8221; s\u00f3lo sea visible cuando se da la vuelta a la pieza a\u00f1ade un toque de sofisticaci\u00f3n a esta ya de por s\u00ed espl\u00e9ndida obra de arte. No hay nada como una peque\u00f1a sorpresa escondida.<\/p>\n<p>Para los no kiwis, &#8220;La larga nube blanca&#8221; es la traducci\u00f3n del nombre maor\u00ed de Nueva Zelanda &#8211; Aotearoa<\/p>\n<p>Black Maire es una madera aut\u00f3ctona de Nueva Zelanda y es excepcionalmente dura. Los maor\u00edes sol\u00edan utilizar esta madera para fabricar sus armas. Las obras de Maire negro de este tama\u00f1o son muy raras.<\/p>\n<p>Esta pieza ser\u00e1 un buen complemento para cualquier coleccionista de arte torneado en madera de Nueva Zelanda a partir de madera aut\u00f3ctona poco com\u00fan.<\/p>\n<p>Tama\u00f1o aproximado &#8211;<\/p>\n<p>Di\u00e1metro: 460 mm<\/p>\n<p>Altura: 40 mm<\/p>\n<p>Madera: Maire negra.<\/p>\n<p>Acabado: Cera de carnuba pulida apta para alimentos<\/p>\n<p>Realces y obras de arte: Torneado, resina acr\u00edlica con incrustaciones de paua (concha de abul\u00f3n) y nubes de resina pintadas a mano rodeadas por un marco de nogal negro.<\/p>\n<\/div>\n<\/div>\n<\/div>\n<\/div>\n<\/div>\n<\/div>\n<\/div>\n<\/div>\n<div class=\"vce-row-container\" data-vce-boxed-width=\"true\">\n<div id=\"el-168491be\" class=\"vce-row vce-row--col-gap-30 vce-row-equal-height vce-row-content--top\" data-vce-do-apply=\"all el-168491be\">\n<div class=\"vce-row-content\" data-vce-element-content=\"true\">\n<div id=\"el-f598b869\" class=\"vce-col vce-col--md-auto vce-col--xs-1 vce-col--xs-last vce-col--xs-first vce-col--sm-last vce-col--sm-first vce-col--md-last vce-col--lg-last vce-col--xl-last vce-col--md-first vce-col--lg-first vce-col--xl-first\">\n<div class=\"vce-col-inner\" data-vce-do-apply=\"border margin background el-f598b869\">\n<div class=\"vce-col-content\" data-vce-element-content=\"true\" data-vce-do-apply=\"padding el-f598b869\">\n<div class=\"vce-image-gallery vce-image-gallery--gap-10 vce-image-gallery--columns-4 vce-image-gallery--border-rounded\">\n<div id=\"el-d8c44183\" class=\"vce-image-gallery-wrapper vce\" data-vce-do-apply=\"all el-d8c44183\">\n<div class=\"vce-image-gallery-list\">\n<div class=\"vce-image-gallery-item\">\n<figure class=\"vce-image-gallery-item-inner-wrapper\"><a class=\"vce-image-gallery-item-inner\" href=\"|!|vcvUploadUrl|!|\/2021\/10\/DSC00183-e1633394407800.jpg\" data-lightbox=\"lightbox-d8c44183\"><img decoding=\"async\" class=\"vce-image-gallery-img\" title=\"Bandeja Maire negra\" src=\"|!|vcvUploadUrl|!|\/2021\/10\/DSC00183-e1633394397420-1024x872.jpg\" alt=\"Bandeja Maire negra\"><\/a><\/figure>\n<\/div>\n<div class=\"vce-image-gallery-item\">\n<figure class=\"vce-image-gallery-item-inner-wrapper\"><a class=\"vce-image-gallery-item-inner\" href=\"|!|vcvUploadUrl|!|\/2021\/10\/DSC00185-e1633394373661.jpg\" data-lightbox=\"lightbox-d8c44183\"><img decoding=\"async\" class=\"vce-image-gallery-img\" title=\"Bandeja Maire negra\" src=\"|!|vcvUploadUrl|!|\/2021\/10\/DSC00185-1024x768.jpg\" alt=\"Bandeja Maire negra\"><\/a><\/figure>\n<\/div>\n<div class=\"vce-image-gallery-item\">\n<figure class=\"vce-image-gallery-item-inner-wrapper\"><a class=\"vce-image-gallery-item-inner\" href=\"|!|vcvUploadUrl|!|\/2021\/10\/DSC00186-e1633394325745.jpg\" data-lightbox=\"lightbox-d8c44183\"><img decoding=\"async\" class=\"vce-image-gallery-img\" title=\"Realce de resina en torneado de madera\" src=\"|!|vcvUploadUrl|!|\/2021\/10\/DSC00186-1024x768.jpg\" alt=\"Realce de resina en torneado de madera\"><\/a><\/figure>\n<\/div>\n<div class=\"vce-image-gallery-item\">\n<figure class=\"vce-image-gallery-item-inner-wrapper\"><a class=\"vce-image-gallery-item-inner\" href=\"|!|vcvUploadUrl|!|\/2021\/10\/DSC00188-e1633394311123.jpg\" data-lightbox=\"lightbox-d8c44183\"><img decoding=\"async\" class=\"vce-image-gallery-img\" title=\"Plato torneado de madera de Maire negra\" src=\"|!|vcvUploadUrl|!|\/2021\/10\/DSC00188-1024x768.jpg\" alt=\"Plato torneado de madera de Maire negra\"><\/a><\/figure>\n<\/div>\n<\/div>\n<\/div>\n<\/div>\n<\/div>\n<\/div>\n<\/div>\n<\/div>\n<\/div>\n<\/div>\n<p><!--vcv no format--><\/p>\n","protected":false},"excerpt":{"rendered":"<p>Plato grande negro de Maire NZ$ 600.00 incl GST \u00a1Esta fuente es enorme y una absoluta belleza! Y esconde un secreto que s\u00f3lo el propietario conocer\u00e1 hasta que le d\u00e9 la vuelta para ense\u00f1\u00e1rselo a sus amigos. El hecho de que &#8220;La larga nube blanca&#8221; s\u00f3lo sea visible cuando se da la vuelta a la [&hellip;]<\/p>\n","protected":false},"author":2,"featured_media":0,"parent":0,"menu_order":0,"comment_status":"closed","ping_status":"closed","template":"","meta":{"site-sidebar-layout":"default","site-content-layout":"","ast-site-content-layout":"default","site-content-style":"default","site-sidebar-style":"default","ast-global-header-display":"","ast-banner-title-visibility":"","ast-main-header-display":"","ast-hfb-above-header-display":"","ast-hfb-below-header-display":"","ast-hfb-mobile-header-display":"","site-post-title":"","ast-breadcrumbs-content":"","ast-featured-img":"","footer-sml-layout":"","ast-disable-related-posts":"","theme-transparent-header-meta":"default","adv-header-id-meta":"","stick-header-meta":"default","header-above-stick-meta":"","header-main-stick-meta":"","header-below-stick-meta":"","astra-migrate-meta-layouts":"default","ast-page-background-enabled":"default","ast-page-background-meta":{"desktop":{"background-color":"var(--ast-global-color-4)","background-image":"","background-repeat":"repeat","background-position":"center center","background-size":"auto","background-attachment":"scroll","background-type":"","background-media":"","overlay-type":"","overlay-color":"","overlay-opacity":"","overlay-gradient":""},"tablet":{"background-color":"","background-image":"","background-repeat":"repeat","background-position":"center center","background-size":"auto","background-attachment":"scroll","background-type":"","background-media":"","overlay-type":"","overlay-color":"","overlay-opacity":"","overlay-gradient":""},"mobile":{"background-color":"","background-image":"","background-repeat":"repeat","background-position":"center center","background-size":"auto","background-attachment":"scroll","background-type":"","background-media":"","overlay-type":"","overlay-color":"","overlay-opacity":"","overlay-gradient":""}},"ast-content-background-meta":{"desktop":{"background-color":"var(--ast-global-color-5)","background-image":"","background-repeat":"repeat","background-position":"center center","background-size":"auto","background-attachment":"scroll","background-type":"","background-media":"","overlay-type":"","overlay-color":"","overlay-opacity":"","overlay-gradient":""},"tablet":{"background-color":"var(--ast-global-color-5)","background-image":"","background-repeat":"repeat","background-position":"center center","background-size":"auto","background-attachment":"scroll","background-type":"","background-media":"","overlay-type":"","overlay-color":"","overlay-opacity":"","overlay-gradient":""},"mobile":{"background-color":"var(--ast-global-color-5)","background-image":"","background-repeat":"repeat","background-position":"center center","background-size":"auto","background-attachment":"scroll","background-type":"","background-media":"","overlay-type":"","overlay-color":"","overlay-opacity":"","overlay-gradient":""}},"jetpack_post_was_ever_published":false,"footnotes":""},"class_list":["post-13683","page","type-page","status-publish","hentry"],"jetpack-related-posts":[{"id":13401,"url":"https:\/\/guydutoit.com\/es\/home-page-new\/","url_meta":{"origin":13683,"position":0},"title":"Dise\u00f1o del hogar","author":"Guy du Toit","date":"16 de noviembre de 2024","format":false,"excerpt":"El artelier de Guy - 'ARTelier de Guy Donde chocan el arte y la madera COMPRAR AHORA Bienvenido al mundo de Guy du Toit, donde la madera se transforma en arte cautivador. Como tornero de madera experimentado, artesano y manualista, creo piezas \u00fanicas a medida utilizando maderas raras recuperadas y\u2026","rel":"","context":"Entrada similar","block_context":{"text":"Entrada similar","link":""},"img":{"alt_text":"ARTelier de Guy interieur","src":"https:\/\/i0.wp.com\/guydutoit.com\/wp-content\/uploads\/2025\/06\/IMG_20250612_121059.jpg?resize=350%2C200&ssl=1","width":350,"height":200,"srcset":"https:\/\/i0.wp.com\/guydutoit.com\/wp-content\/uploads\/2025\/06\/IMG_20250612_121059.jpg?resize=350%2C200&ssl=1 1x, https:\/\/i0.wp.com\/guydutoit.com\/wp-content\/uploads\/2025\/06\/IMG_20250612_121059.jpg?resize=525%2C300&ssl=1 1.5x, https:\/\/i0.wp.com\/guydutoit.com\/wp-content\/uploads\/2025\/06\/IMG_20250612_121059.jpg?resize=700%2C400&ssl=1 2x, https:\/\/i0.wp.com\/guydutoit.com\/wp-content\/uploads\/2025\/06\/IMG_20250612_121059.jpg?resize=1050%2C600&ssl=1 3x, https:\/\/i0.wp.com\/guydutoit.com\/wp-content\/uploads\/2025\/06\/IMG_20250612_121059.jpg?resize=1400%2C800&ssl=1 4x"},"classes":[]},{"id":13506,"url":"https:\/\/guydutoit.com\/es\/about-guy\/","url_meta":{"origin":13683,"position":1},"title":"Sobre Guy","author":"Guy du Toit","date":"6 de noviembre de 2024","format":false,"excerpt":"Sobre Guy TRABAJO POR ENCARGO EXPOSICIONES Y EVENTOS EN LA PRENSA COLABORACIONES PREMIOS Y GALARDONES \u00a1Hola, Kia Ora, Bonjour, Goeie dag! \u00a1Bienvenido a mi p\u00e1gina web! Me llamo Guy (Gideon) du Toit y soy un tornero apasionado en un viaje de transformaci\u00f3n de la madera en bello arte. Nacida en\u2026","rel":"","context":"Entrada similar","block_context":{"text":"Entrada similar","link":""},"img":{"alt_text":"","src":"https:\/\/i0.wp.com\/guydutoit.com\/wp-content\/uploads\/2024\/11\/team.png?resize=350%2C200&ssl=1","width":350,"height":200},"classes":[]},{"id":13721,"url":"https:\/\/guydutoit.com\/es\/resilience\/","url_meta":{"origin":13683,"position":2},"title":"Resiliencia","author":"Guy du Toit","date":"28 de septiembre de 2021","format":false,"excerpt":"\"RESILIENCIA\" - NZ$2800.00 Al igual que las amapolas resurgieron de las cenizas de los campos de batalla tras la guerra con gran belleza y resistencia, tambi\u00e9n nosotros, como pueblo, nos levantaremos tras Covid-19 y los acontecimientos de 2020. SOBRE LA PIEZA Inspirada por el d\u00eda ANZAC de 2020 y con\u2026","rel":"","context":"Entrada similar","block_context":{"text":"Entrada similar","link":""},"img":{"alt_text":"Jarr\u00f3n Resilience de Guy du Toit - Enlace a la Galer\u00eda en l\u00ednea","src":"https:\/\/i0.wp.com\/guydutoit.com\/wp-content\/uploads\/2021\/09\/20200424_135623-225x300.jpg?resize=350%2C200","width":350,"height":200},"classes":[]},{"id":13481,"url":"https:\/\/guydutoit.com\/es\/in-the-news\/","url_meta":{"origin":13683,"position":3},"title":"EN LAS NOTICIAS","author":"Guy du Toit","date":"8 de noviembre de 2024","format":false,"excerpt":"En las noticias En la prensa Mostrando el oficio La torner\u00eda de madera toma protagonismo \u00a1Estoy emocionada por compartir algunas cosas que destacan mi trabajo y mi pasi\u00f3n por la torner\u00eda de madera! Estos eventos medi\u00e1ticos han sido fundamentales para conectar con un p\u00fablico m\u00e1s amplio y mostrar los intrincados\u2026","rel":"","context":"Entrada similar","block_context":{"text":"Entrada similar","link":""},"img":{"alt_text":"Guy du Toit Documentary","src":"https:\/\/i0.wp.com\/guydutoit.com\/wp-content\/uploads\/2024\/11\/Guy-du-Toit-Documentary.png?resize=350%2C200&ssl=1","width":350,"height":200},"classes":[]},{"id":13352,"url":"https:\/\/guydutoit.com\/es\/koast\/","url_meta":{"origin":13683,"position":4},"title":"KOAST","author":"Guy du Toit","date":"27 de septiembre de 2021","format":false,"excerpt":"Ruta de los estudios de arte abiertos de Kerikeri Regiones y lugares hermosos han atra\u00eddo e inspirado a artistas durante siglos, como Constable, Cezanne, van Gogh y, por supuesto, los propios jardines de Monet. Kerikeri, en la Bah\u00eda de las Islas, Northland, es conocida por sus impresionantes paisajes, sus hermosas\u2026","rel":"","context":"Entrada similar","block_context":{"text":"Entrada similar","link":""},"img":{"alt_text":"KOAST 2019","src":"https:\/\/i0.wp.com\/guydutoit.com\/wp-content\/uploads\/2024\/11\/KOAST-2019.jpg?resize=350%2C200&ssl=1","width":350,"height":200},"classes":[]},{"id":13467,"url":"https:\/\/guydutoit.com\/es\/buy-munro-hollowing-tools-online\/","url_meta":{"origin":13683,"position":5},"title":"Compre en l\u00ednea las herramientas para ahuecar de Munro","author":"Guy du Toit","date":"11 de noviembre de 2024","format":false,"excerpt":"Compre en l\u00ednea las herramientas para ahuecar de Munro Libere su potencial de torneado de madera con las herramientas de ahuecado de MunroEleve su experiencia en el torneado de madera con las legendarias herramientas para ahuecar de Munro, dise\u00f1adas por el renombrado maestro tornero Rolly Munro. HAGA CLIC en la\u2026","rel":"","context":"Entrada similar","block_context":{"text":"Entrada similar","link":""},"img":{"alt_text":"Munro Tools Recambios","src":"https:\/\/i0.wp.com\/guydutoit.com\/wp-content\/uploads\/2024\/11\/Munro-Tools-Spares.png?resize=350%2C200&ssl=1","width":350,"height":200,"srcset":"https:\/\/i0.wp.com\/guydutoit.com\/wp-content\/uploads\/2024\/11\/Munro-Tools-Spares.png?resize=350%2C200&ssl=1 1x, https:\/\/i0.wp.com\/guydutoit.com\/wp-content\/uploads\/2024\/11\/Munro-Tools-Spares.png?resize=525%2C300&ssl=1 1.5x, https:\/\/i0.wp.com\/guydutoit.com\/wp-content\/uploads\/2024\/11\/Munro-Tools-Spares.png?resize=700%2C400&ssl=1 2x, https:\/\/i0.wp.com\/guydutoit.com\/wp-content\/uploads\/2024\/11\/Munro-Tools-Spares.png?resize=1050%2C600&ssl=1 3x"},"classes":[]}],"jetpack_sharing_enabled":true,"jetpack_likes_enabled":true,"_links":{"self":[{"href":"https:\/\/guydutoit.com\/es\/wp-json\/wp\/v2\/pages\/13683","targetHints":{"allow":["GET"]}}],"collection":[{"href":"https:\/\/guydutoit.com\/es\/wp-json\/wp\/v2\/pages"}],"about":[{"href":"https:\/\/guydutoit.com\/es\/wp-json\/wp\/v2\/types\/page"}],"author":[{"embeddable":true,"href":"https:\/\/guydutoit.com\/es\/wp-json\/wp\/v2\/users\/2"}],"replies":[{"embeddable":true,"href":"https:\/\/guydutoit.com\/es\/wp-json\/wp\/v2\/comments?post=13683"}],"version-history":[{"count":3,"href":"https:\/\/guydutoit.com\/es\/wp-json\/wp\/v2\/pages\/13683\/revisions"}],"predecessor-version":[{"id":15666,"href":"https:\/\/guydutoit.com\/es\/wp-json\/wp\/v2\/pages\/13683\/revisions\/15666"}],"wp:attachment":[{"href":"https:\/\/guydutoit.com\/es\/wp-json\/wp\/v2\/media?parent=13683"}],"curies":[{"name":"wp","href":"https:\/\/api.w.org\/{rel}","templated":true}]}}