{"id":13694,"date":"2021-09-30T01:40:57","date_gmt":"2021-09-30T00:40:57","guid":{"rendered":"http:\/\/guydutoit.com\/la-boveda\/"},"modified":"2025-03-13T10:44:26","modified_gmt":"2025-03-13T09:44:26","slug":"the-vault","status":"publish","type":"page","link":"https:\/\/guydutoit.com\/es\/the-vault\/","title":{"rendered":"La b\u00f3veda"},"content":{"rendered":"<p><!--vcv no format--><\/p>\n<div class=\"vce-row-container\" data-vce-boxed-width=\"true\">\n<div id=\"el-43f20ce5\" class=\"vce-row vce-row--col-gap-30 vce-row-equal-height vce-row-content--top\" data-vce-do-apply=\"all el-43f20ce5\">\n<div class=\"vce-row-content\" data-vce-element-content=\"true\">\n<div id=\"el-5381619b\" class=\"vce-col vce-col--md-auto vce-col--xs-1 vce-col--xs-last vce-col--xs-first vce-col--sm-last vce-col--sm-first vce-col--md-last vce-col--lg-last vce-col--xl-last vce-col--md-first vce-col--lg-first vce-col--xl-first\">\n<div class=\"vce-col-inner\" data-vce-do-apply=\"border margin background el-5381619b\">\n<div class=\"vce-col-content\" data-vce-element-content=\"true\" data-vce-do-apply=\"padding el-5381619b\">\n<div class=\"vce-text-block\">\n<div id=\"el-32ea1a7a\" class=\"vce-text-block-wrapper vce\" data-vce-do-apply=\"all el-32ea1a7a\">\n<header class=\"entry-header\">\n<h2 class=\"entry-title\">&#8220;La B\u00f3veda&#8221; &#8211; NZ$ 300.00<\/h2>\n<\/header>\n<div class=\"entry-content\">\n<div class=\"vce-row-container\">\n<div id=\"el-eed8a90c\" class=\"vce-row vce-row--col-gap-30 vce-row-columns--top vce-row-content--top\" data-vce-do-apply=\"all el-eed8a90c\">\n<div class=\"vce-row-content\" data-vce-element-content=\"true\">\n<div id=\"el-d911af9c\" class=\"vce-col vce-col--md-auto vce-col--xs-1 vce-col--xs-last vce-col--xs-first vce-col--sm-last vce-col--sm-first vce-col--md-last vce-col--lg-last vce-col--xl-last vce-col--md-first vce-col--lg-first vce-col--xl-first\">\n<div class=\"vce-col-inner\" data-vce-do-apply=\"border margin background el-d911af9c\">\n<div class=\"vce-col-content\" data-vce-element-content=\"true\" data-vce-do-apply=\"padding el-d911af9c\">\n<div class=\"vce-text-block\">\n<div id=\"el-b4c0ddd0\" class=\"vce-text-block-wrapper vce\" data-vce-do-apply=\"all el-b4c0ddd0\">\n<p>Esta obra de arte alude a la fuerza de la madera pero tambi\u00e9n a la fuerza de sus intenciones para mantener a salvo sus secretos interiores. Bajo la superficie todos somos mucho m\u00e1s de lo que aparentamos por fuera.<\/p>\n<p>Arte torneado, arenado y pirograbado con acr\u00edlico cepillado en seco y cera en pasta plateada.<\/p>\n<p>La tapa de &#8220;La B\u00f3veda&#8221; se enrosca en madera de caja francesa finamente roscada y se sella herm\u00e9ticamente para salvaguardar sus peque\u00f1os tesoros.<\/p>\n<p>Madera: Roscas en madera de boj franc\u00e9s, cuerpo y tapa en olmo y fresno olivo<\/p>\n<p>Tama\u00f1o aproximado &#8211;<\/p>\n<p>Di\u00e1metro: 95 mm<\/p>\n<p>Altura: 70 mm<\/p>\n<\/div>\n<\/div>\n<\/div>\n<\/div>\n<\/div>\n<\/div>\n<\/div>\n<\/div>\n<\/div>\n<\/div>\n<\/div>\n<\/div>\n<\/div>\n<\/div>\n<\/div>\n<\/div>\n<\/div>\n<div class=\"vce-row-container\" data-vce-boxed-width=\"true\">\n<div id=\"el-a04fd0f8\" class=\"vce-row vce-row--col-gap-30 vce-row-equal-height vce-row-content--top\" data-vce-do-apply=\"all el-a04fd0f8\">\n<div class=\"vce-row-content\" data-vce-element-content=\"true\">\n<div id=\"el-f4cf967f\" class=\"vce-col vce-col--md-auto vce-col--xs-1 vce-col--xs-last vce-col--xs-first vce-col--sm-last vce-col--sm-first vce-col--md-last vce-col--lg-last vce-col--xl-last vce-col--md-first vce-col--lg-first vce-col--xl-first\">\n<div class=\"vce-col-inner\" data-vce-do-apply=\"border margin background el-f4cf967f\">\n<div class=\"vce-col-content\" data-vce-element-content=\"true\" data-vce-do-apply=\"padding el-f4cf967f\">\n<div class=\"vce-image-gallery vce-image-gallery--gap-10 vce-image-gallery--columns-4 vce-image-gallery--border-rounded vce-image-gallery-caption--align-center\">\n<div id=\"el-0938181d\" class=\"vce-image-gallery-wrapper vce\" data-vce-do-apply=\"all el-0938181d\">\n<div class=\"vce-image-gallery-list\">\n<div class=\"vce-image-gallery-item\">\n<figure class=\"vce-image-gallery-item-inner-wrapper\"><a class=\"vce-image-gallery-item-inner\" href=\"|!|vcvUploadUrl|!|\/2021\/09\/Vault-e1564041085419.jpg\" data-lightbox=\"lightbox-0938181d\"><img decoding=\"async\" class=\"vce-image-gallery-img\" title=\"\"La B\u00f3veda\" de Guy du Toit\" src=\"|!|vcvUploadUrl|!|\/2021\/09\/Vault-e1564041085419.jpg\" alt=\"\"La B\u00f3veda\" de Guy du Toit\"><\/a><figcaption>&#8220;La B\u00f3veda&#8221; de Guy du Toit<\/figcaption><\/figure>\n<\/div>\n<div class=\"vce-image-gallery-item\">\n<figure class=\"vce-image-gallery-item-inner-wrapper\"><a class=\"vce-image-gallery-item-inner\" href=\"|!|vcvUploadUrl|!|\/2021\/09\/Vault-Open-e1632965878282.jpg\" data-lightbox=\"lightbox-0938181d\"><img decoding=\"async\" class=\"vce-image-gallery-img\" title=\"\"La B\u00f3veda\" abierta\" src=\"|!|vcvUploadUrl|!|\/2021\/09\/Vault-Open-1024x769.jpg\" alt=\"\"La B\u00f3veda\" arte de Guy du Toit\"><\/a><figcaption>&#8220;La B\u00f3veda&#8221; abierta<\/figcaption><\/figure>\n<\/div>\n<div class=\"vce-image-gallery-item\">\n<figure class=\"vce-image-gallery-item-inner-wrapper\"><a class=\"vce-image-gallery-item-inner\" href=\"|!|vcvUploadUrl|!|\/2021\/09\/Vault-Sandblasted-view-e1632965865661.jpg\" data-lightbox=\"lightbox-0938181d\"><img decoding=\"async\" class=\"vce-image-gallery-img\" title=\"B\u00f3veda Vista arenada\" src=\"|!|vcvUploadUrl|!|\/2021\/09\/Vault-Sandblasted-view-1024x769.jpg\" alt=\"\"La B\u00f3veda\" arte de Guy du Toit\"><\/a><figcaption>B\u00f3veda Vista arenada<\/figcaption><\/figure>\n<\/div>\n<div class=\"vce-image-gallery-item\">\n<figure class=\"vce-image-gallery-item-inner-wrapper\"><a class=\"vce-image-gallery-item-inner\" href=\"|!|vcvUploadUrl|!|\/2021\/09\/VaultHeader-e1632965922169.jpg\" data-lightbox=\"lightbox-0938181d\"><img decoding=\"async\" class=\"vce-image-gallery-img\" title=\"\"Detalles art\u00edsticos de \"La B\u00f3veda\" src=\"|!|vcvUploadUrl|!|\/2021\/09\/VaultHeader-e1632965922169.jpg\" alt=\"\"Detalles art\u00edsticos de \"La B\u00f3veda\"><\/a><figcaption>&#8220;Detalles art\u00edsticos de &#8220;La B\u00f3veda<\/figcaption><\/figure>\n<\/div>\n<\/div>\n<\/div>\n<\/div>\n<\/div>\n<\/div>\n<\/div>\n<\/div>\n<\/div>\n<\/div>\n<p><!--vcv no format--><\/p>\n","protected":false},"excerpt":{"rendered":"<p>&#8220;La B\u00f3veda&#8221; &#8211; NZ$ 300.00 Esta obra de arte alude a la fuerza de la madera pero tambi\u00e9n a la fuerza de sus intenciones para mantener a salvo sus secretos interiores. Bajo la superficie todos somos mucho m\u00e1s de lo que aparentamos por fuera. Arte torneado, arenado y pirograbado con acr\u00edlico cepillado en seco y [&hellip;]<\/p>\n","protected":false},"author":2,"featured_media":0,"parent":0,"menu_order":0,"comment_status":"closed","ping_status":"closed","template":"","meta":{"site-sidebar-layout":"default","site-content-layout":"","ast-site-content-layout":"default","site-content-style":"default","site-sidebar-style":"default","ast-global-header-display":"","ast-banner-title-visibility":"","ast-main-header-display":"","ast-hfb-above-header-display":"","ast-hfb-below-header-display":"","ast-hfb-mobile-header-display":"","site-post-title":"","ast-breadcrumbs-content":"","ast-featured-img":"","footer-sml-layout":"","ast-disable-related-posts":"","theme-transparent-header-meta":"default","adv-header-id-meta":"","stick-header-meta":"default","header-above-stick-meta":"","header-main-stick-meta":"","header-below-stick-meta":"","astra-migrate-meta-layouts":"default","ast-page-background-enabled":"default","ast-page-background-meta":{"desktop":{"background-color":"var(--ast-global-color-4)","background-image":"","background-repeat":"repeat","background-position":"center center","background-size":"auto","background-attachment":"scroll","background-type":"","background-media":"","overlay-type":"","overlay-color":"","overlay-opacity":"","overlay-gradient":""},"tablet":{"background-color":"","background-image":"","background-repeat":"repeat","background-position":"center center","background-size":"auto","background-attachment":"scroll","background-type":"","background-media":"","overlay-type":"","overlay-color":"","overlay-opacity":"","overlay-gradient":""},"mobile":{"background-color":"","background-image":"","background-repeat":"repeat","background-position":"center center","background-size":"auto","background-attachment":"scroll","background-type":"","background-media":"","overlay-type":"","overlay-color":"","overlay-opacity":"","overlay-gradient":""}},"ast-content-background-meta":{"desktop":{"background-color":"var(--ast-global-color-5)","background-image":"","background-repeat":"repeat","background-position":"center center","background-size":"auto","background-attachment":"scroll","background-type":"","background-media":"","overlay-type":"","overlay-color":"","overlay-opacity":"","overlay-gradient":""},"tablet":{"background-color":"var(--ast-global-color-5)","background-image":"","background-repeat":"repeat","background-position":"center center","background-size":"auto","background-attachment":"scroll","background-type":"","background-media":"","overlay-type":"","overlay-color":"","overlay-opacity":"","overlay-gradient":""},"mobile":{"background-color":"var(--ast-global-color-5)","background-image":"","background-repeat":"repeat","background-position":"center center","background-size":"auto","background-attachment":"scroll","background-type":"","background-media":"","overlay-type":"","overlay-color":"","overlay-opacity":"","overlay-gradient":""}},"jetpack_post_was_ever_published":false,"footnotes":""},"class_list":["post-13694","page","type-page","status-publish","hentry"],"jetpack-related-posts":[{"id":15531,"url":"https:\/\/guydutoit.com\/fr\/the-vault\/","url_meta":{"origin":13694,"position":0},"title":"La chambre forte","author":"Guy du Toit","date":"30 de septiembre de 2021","format":false,"excerpt":"\"La chambre forte\" - NZ$ 300.00 Cette \u0153uvre d'art fait allusion \u00e0 la force du bois mais aussi \u00e0 la force de vos intentions de garder vos secrets int\u00e9rieurs \u00e0 l'abri. Sous la surface, nous sommes tous beaucoup plus qu'il n'y para\u00eet. Art tourn\u00e9, sabl\u00e9, pyrograv\u00e9 avec de l'acrylique bross\u00e9\u2026","rel":"","context":"Entrada similar","block_context":{"text":"Entrada similar","link":""},"img":{"alt_text":"","src":"|!|vcvUploadUrl|!|\/2021\/09\/Vault-Open-1024x769.jpg","width":350,"height":200,"srcset":"|!|vcvUploadUrl|!|\/2021\/09\/Vault-Open-1024x769.jpg 1x, |!|vcvUploadUrl|!|\/2021\/09\/Vault-Open-1024x769.jpg 1.5x, |!|vcvUploadUrl|!|\/2021\/09\/Vault-Open-1024x769.jpg 2x"},"classes":[]},{"id":13696,"url":"https:\/\/guydutoit.com\/de\/the-vault\/","url_meta":{"origin":13694,"position":1},"title":"Der Tresor","author":"Guy du Toit","date":"30 de septiembre de 2021","format":false,"excerpt":"\"Der Tresor\" - NZ$ 300.00 Dieses Kunstwerk weist auf die St\u00e4rke des Holzes hin, aber auch auf die St\u00e4rke Ihrer Absichten, Ihre inneren Geheimnisse zu bewahren. Unter der Oberfl\u00e4che sind wir alle so viel mehr, als wir nach au\u00dfen hin erscheinen. Gedrehte, sandgestrahlte, pyrogeschnitzte Kunst mit trocken geb\u00fcrstetem Acryl und\u2026","rel":"","context":"Entrada similar","block_context":{"text":"Entrada similar","link":""},"img":{"alt_text":"","src":"|!|vcvUploadUrl|!|\/2021\/09\/Vault-Open-1024x769.jpg","width":350,"height":200,"srcset":"|!|vcvUploadUrl|!|\/2021\/09\/Vault-Open-1024x769.jpg 1x, |!|vcvUploadUrl|!|\/2021\/09\/Vault-Open-1024x769.jpg 1.5x, |!|vcvUploadUrl|!|\/2021\/09\/Vault-Open-1024x769.jpg 2x"},"classes":[]},{"id":13505,"url":"https:\/\/guydutoit.com\/es\/exhibitions-events\/","url_meta":{"origin":13694,"position":2},"title":"Exposiciones y eventos","author":"Guy du Toit","date":"6 de noviembre de 2024","format":false,"excerpt":"Exposiciones y eventos Estas son algunas de las exposiciones y muestras a las que he sido invitada, eventos en los que he participado y algunas de las galer\u00edas \/ boutiques que venden o han vendido mis creaciones. Al hacer clic en la imagen se abrir\u00e1 una nueva ventana con m\u00e1s\u2026","rel":"","context":"Entrada similar","block_context":{"text":"Entrada similar","link":""},"img":{"alt_text":"","src":"https:\/\/i0.wp.com\/guydutoit.com\/wp-content\/uploads\/2025\/03\/Tuhono-1.png?resize=350%2C200&ssl=1","width":350,"height":200,"srcset":"https:\/\/i0.wp.com\/guydutoit.com\/wp-content\/uploads\/2025\/03\/Tuhono-1.png?resize=350%2C200&ssl=1 1x, https:\/\/i0.wp.com\/guydutoit.com\/wp-content\/uploads\/2025\/03\/Tuhono-1.png?resize=525%2C300&ssl=1 1.5x, https:\/\/i0.wp.com\/guydutoit.com\/wp-content\/uploads\/2025\/03\/Tuhono-1.png?resize=700%2C400&ssl=1 2x"},"classes":[]},{"id":13686,"url":"https:\/\/guydutoit.com\/es\/perception\/","url_meta":{"origin":13694,"position":3},"title":"Percepci\u00f3n","author":"Guy du Toit","date":"30 de septiembre de 2021","format":false,"excerpt":"Cuenco Totara Bird's Eye Burl - NZ$589 Torneado a partir de la excepcionalmente rara rebaba \/ rebaba de ojo de p\u00e1jaro aut\u00f3ctona de Nueva Zelanda, este exquisito cuenco es un verdadero tesoro y una inversi\u00f3n. La madera de nudo de ojo de p\u00e1jaro de Totara es hoy en d\u00eda incre\u00edblemente\u2026","rel":"","context":"Entrada similar","block_context":{"text":"Entrada similar","link":""},"img":{"alt_text":"","src":"|!|vcvUploadUrl|!|\/2021\/09\/DSCF1315-Guy-de-Toit-LR-1024x768.jpg","width":350,"height":200,"srcset":"|!|vcvUploadUrl|!|\/2021\/09\/DSCF1315-Guy-de-Toit-LR-1024x768.jpg 1x, |!|vcvUploadUrl|!|\/2021\/09\/DSCF1315-Guy-de-Toit-LR-1024x768.jpg 1.5x, |!|vcvUploadUrl|!|\/2021\/09\/DSCF1315-Guy-de-Toit-LR-1024x768.jpg 2x"},"classes":[]},{"id":15538,"url":"https:\/\/guydutoit.com\/fr\/neptunes-vase\/","url_meta":{"origin":13694,"position":4},"title":"Vase de Neptune","author":"Guy du Toit","date":"28 de septiembre de 2021","format":false,"excerpt":"Scuplture - \"Vase de Neptune\" NZ$ 389-00. Sculpt\u00e9 et tourn\u00e9 \u00e0 partir d'un morceau de bois flott\u00e9 (je soup\u00e7onne Pohutekawa) trouv\u00e9 sur la plage de Waihi et mont\u00e9 sur une tige en laiton qui pivote dans une pierre de rivi\u00e8re en granit trouv\u00e9e lors d'une partie de p\u00eache \u00e0 la\u2026","rel":"","context":"Entrada similar","block_context":{"text":"Entrada similar","link":""},"img":{"alt_text":"Sculpture en bois flott\u00e9 - ","src":"|!|vcvUploadUrl|!|\/2021\/09\/20171128_100327-606x1024.jpg","width":350,"height":200,"srcset":"|!|vcvUploadUrl|!|\/2021\/09\/20171128_100327-606x1024.jpg 1x, |!|vcvUploadUrl|!|\/2021\/09\/20171128_100327-606x1024.jpg 1.5x"},"classes":[]},{"id":15488,"url":"https:\/\/guydutoit.com\/fr\/exhibitions-events\/","url_meta":{"origin":13694,"position":5},"title":"Expositions et \u00e9v\u00e9nements","author":"Guy du Toit","date":"6 de noviembre de 2024","format":false,"excerpt":"Expositions et \u00e9v\u00e9nements Voici quelques-unes des expositions auxquelles j'ai \u00e9t\u00e9 invit\u00e9e, des \u00e9v\u00e9nements auxquels j'ai particip\u00e9 et des galeries et boutiques qui vendent ou ont vendu mes cr\u00e9ations. En cliquant sur l'image, vous ouvrirez une nouvelle fen\u00eatre contenant plus d'informations sur la galerie, la boutique ou l'exposition. En cliquant sur\u2026","rel":"","context":"Entrada similar","block_context":{"text":"Entrada similar","link":""},"img":{"alt_text":"K.O.A.S.T.","src":"https:\/\/i0.wp.com\/guydutoit.com\/wp-content\/uploads\/2021\/09\/logo_y2-e1732167057338.jpg?resize=350%2C200&ssl=1","width":350,"height":200},"classes":[]}],"jetpack_sharing_enabled":true,"jetpack_likes_enabled":true,"_links":{"self":[{"href":"https:\/\/guydutoit.com\/es\/wp-json\/wp\/v2\/pages\/13694","targetHints":{"allow":["GET"]}}],"collection":[{"href":"https:\/\/guydutoit.com\/es\/wp-json\/wp\/v2\/pages"}],"about":[{"href":"https:\/\/guydutoit.com\/es\/wp-json\/wp\/v2\/types\/page"}],"author":[{"embeddable":true,"href":"https:\/\/guydutoit.com\/es\/wp-json\/wp\/v2\/users\/2"}],"replies":[{"embeddable":true,"href":"https:\/\/guydutoit.com\/es\/wp-json\/wp\/v2\/comments?post=13694"}],"version-history":[{"count":3,"href":"https:\/\/guydutoit.com\/es\/wp-json\/wp\/v2\/pages\/13694\/revisions"}],"predecessor-version":[{"id":15655,"href":"https:\/\/guydutoit.com\/es\/wp-json\/wp\/v2\/pages\/13694\/revisions\/15655"}],"wp:attachment":[{"href":"https:\/\/guydutoit.com\/es\/wp-json\/wp\/v2\/media?parent=13694"}],"curies":[{"name":"wp","href":"https:\/\/api.w.org\/{rel}","templated":true}]}}