{"id":13929,"date":"2021-09-27T00:36:18","date_gmt":"2021-09-26T23:36:18","guid":{"rendered":"http:\/\/guydutoit.com\/joyas-de-madera\/"},"modified":"2025-03-13T10:44:28","modified_gmt":"2025-03-13T09:44:28","slug":"wooden-jewellery","status":"publish","type":"page","link":"https:\/\/guydutoit.com\/es\/wooden-jewellery\/","title":{"rendered":"Joyas de madera"},"content":{"rendered":"<p><!--vcv no format--><\/p>\n<div class=\"vce-row-container\" data-vce-boxed-width=\"true\">\n<div id=\"el-9a45065a\" class=\"vce-row vce-row--col-gap-30 vce-row-equal-height vce-row-content--top\" data-vce-do-apply=\"all el-9a45065a\">\n<div class=\"vce-row-content\" data-vce-element-content=\"true\">\n<div id=\"el-325d73b4\" class=\"vce-col vce-col--md-auto vce-col--xs-1 vce-col--xs-last vce-col--xs-first vce-col--sm-last vce-col--sm-first vce-col--md-last vce-col--lg-last vce-col--xl-last vce-col--md-first vce-col--lg-first vce-col--xl-first\">\n<div class=\"vce-col-inner\" data-vce-do-apply=\"border margin background el-325d73b4\">\n<div class=\"vce-col-content\" data-vce-element-content=\"true\" data-vce-do-apply=\"padding el-325d73b4\">\n<div class=\"vce-text-block\">\n<div id=\"el-f92a129b\" class=\"vce-text-block-wrapper vce\" data-vce-do-apply=\"all el-f92a129b\">\n<p>Aqu\u00ed encontrar\u00e1 una selecci\u00f3n de joyas artesanales hechas con maderas raras que Guy tiene a la venta en su galer\u00eda de Kerikeri.<\/p>\n<p>Hay otras obras en galer\u00edas donde tambi\u00e9n puede adquirir algunos de los originales de Guy. Para ver las galer\u00edas que actualmente exponen su arte, por favor <a href=\"http:\/\/journeywoodturning.co.nz\/exhibition-schedule\/\"><strong><span style=\"text-decoration: underline;\">pulse aqu\u00ed. <\/span><\/strong><\/a> <\/p>\n<p>Al hacer clic en la imagen se abrir\u00e1 una nueva ventana con los precios y m\u00e1s informaci\u00f3n sobre cada pieza.<\/p>\n<\/div>\n<\/div>\n<\/div>\n<\/div>\n<\/div>\n<\/div>\n<\/div>\n<\/div>\n<div class=\"vce-row-container\" data-vce-boxed-width=\"true\">\n<div id=\"el-453859e2\" class=\"vce-row vce-row--col-gap-30 vce-row-equal-height vce-row-content--top\" data-vce-do-apply=\"all el-453859e2\">\n<div class=\"vce-row-content\" data-vce-element-content=\"true\">\n<div id=\"el-ea0d4354\" class=\"vce-col vce-col--md-auto vce-col--xs-1 vce-col--xs-last vce-col--xs-first vce-col--sm-last vce-col--sm-first vce-col--md-last vce-col--lg-last vce-col--xl-last vce-col--md-first vce-col--lg-first vce-col--xl-first\">\n<div class=\"vce-col-inner\" data-vce-do-apply=\"border margin background el-ea0d4354\">\n<div class=\"vce-col-content\" data-vce-element-content=\"true\" data-vce-do-apply=\"padding el-ea0d4354\">\n<div class=\"vce-image-gallery vce-image-gallery--gap-10 vce-image-gallery--columns-4 vce-image-gallery--border-rounded vce-image-gallery-caption--align-center\">\n<div id=\"el-2af3afca\" class=\"vce-image-gallery-wrapper vce\" data-vce-do-apply=\"all el-2af3afca\">\n<div class=\"vce-image-gallery-list\">\n<div class=\"vce-image-gallery-item\">\n<figure class=\"vce-image-gallery-item-inner-wrapper\"><a class=\"vce-image-gallery-item-inner\" title=\"\" href=\"http:\/\/guydutoit.com\/french-buis-hand-carved-wooden-necklace\/\" target=\"_blank\" rel=\"noopener\"><img decoding=\"async\" class=\"vce-image-gallery-img\" title=\"Collar franc\u00e9s Buis de madera tallada a mano\" src=\"|!|vcvUploadUrl|!|\/2021\/11\/20211108_195920-1024x461.jpg\" alt=\"Collar franc\u00e9s Buis de madera tallada a mano\"><\/a><figcaption>Collar franc\u00e9s Buis de madera tallada a mano &#8211; $189.00<\/figcaption><\/figure>\n<\/div>\n<div class=\"vce-image-gallery-item\">\n<figure class=\"vce-image-gallery-item-inner-wrapper\"><a class=\"vce-image-gallery-item-inner\" title=\"\" href=\"http:\/\/guydutoit.com\/large-rectangle-segmented-pin-rare-wood-necklace\/\" target=\"_blank\" rel=\"noopener\"><img decoding=\"async\" class=\"vce-image-gallery-img vce-image-gallery-img--orientation-portrait\" title=\"Gran pasador rectangular segmentado collar de madera rara\" src=\"|!|vcvUploadUrl|!|\/2021\/11\/20211108_203247-scaled-e1636408078988-762x1024.jpg\" alt=\"Gran pasador rectangular segmentado collar de madera rara\"><\/a><figcaption>Collar de madera rara con pasador segmentado rectangular grande &#8211; $120.00<\/figcaption><\/figure>\n<\/div>\n<div class=\"vce-image-gallery-item\">\n<figure class=\"vce-image-gallery-item-inner-wrapper\"><a class=\"vce-image-gallery-item-inner\" title=\"\" href=\"http:\/\/guydutoit.com\/black-lacquer-wood-turned-necklace\/\" target=\"_blank\" rel=\"noopener\"><img decoding=\"async\" class=\"vce-image-gallery-img\" title=\"Laca negra Collar torneado de madera\" src=\"|!|vcvUploadUrl|!|\/2021\/11\/20211108_195831-1024x461.jpg\" alt=\"Laca negra Collar torneado de madera\"><\/a><figcaption>Collar torneado de madera lacada negra &#8211; $89.00<\/figcaption><\/figure>\n<\/div>\n<div class=\"vce-image-gallery-item\">\n<figure class=\"vce-image-gallery-item-inner-wrapper\"><a class=\"vce-image-gallery-item-inner\" title=\"\" href=\"http:\/\/guydutoit.com\/surfboard-rare-wood-necklace\/\" target=\"_blank\" rel=\"noopener\"><img decoding=\"async\" class=\"vce-image-gallery-img\" title=\"Collar de madera rara de tabla de surf\" src=\"|!|vcvUploadUrl|!|\/2021\/11\/20211108_202646-scaled-e1636407870928-1024x608.jpg\" alt=\"Collar de madera rara de tabla de surf\"><\/a><figcaption>Collar de madera rara Surfboard &#8211; $120.00<\/figcaption><\/figure>\n<\/div>\n<div class=\"vce-image-gallery-item\">\n<figure class=\"vce-image-gallery-item-inner-wrapper\"><a class=\"vce-image-gallery-item-inner\" title=\"\" href=\"http:\/\/guydutoit.com\/purple-heart-wood-hand-carved-wave-necklace\/\" target=\"_blank\" rel=\"noopener\"><img decoding=\"async\" class=\"vce-image-gallery-img\" title=\"Collar ondulado de madera tallada a mano Coraz\u00f3n p\u00farpura\" src=\"|!|vcvUploadUrl|!|\/2021\/11\/20211108_195726-1024x461.jpg\" alt=\"Collar ondulado de madera tallada a mano Coraz\u00f3n p\u00farpura\"><\/a><figcaption>Collar ondulado de madera tallada a mano Coraz\u00f3n P\u00farpura &#8211; $189.00<\/figcaption><\/figure>\n<\/div>\n<div class=\"vce-image-gallery-item\">\n<figure class=\"vce-image-gallery-item-inner-wrapper\"><a class=\"vce-image-gallery-item-inner\" title=\"\" href=\"http:\/\/guydutoit.com\/large-shield-segmented-pin-rare-wood-necklace\/\" target=\"_blank\" rel=\"noopener\"><img decoding=\"async\" class=\"vce-image-gallery-img vce-image-gallery-img--orientation-portrait\" title=\"Gran pasador segmentado de escudo collar de madera rara\" src=\"|!|vcvUploadUrl|!|\/2021\/11\/20211108_203040-scaled-e1636408038711-680x1024.jpg\" alt=\"Gran pasador segmentado de escudo collar de madera rara\"><\/a><figcaption>Collar de madera rara con pasador segmentado de escudo grande &#8211; $120.00<\/figcaption><\/figure>\n<\/div>\n<div class=\"vce-image-gallery-item\">\n<figure class=\"vce-image-gallery-item-inner-wrapper\"><a class=\"vce-image-gallery-item-inner\" title=\"\" href=\"http:\/\/guydutoit.com\/rimu-hand-carved-holey-leaf-necklace\/\" target=\"_blank\" rel=\"noopener\"><img decoding=\"async\" class=\"vce-image-gallery-img\" title=\"Collar de hojas holey talladas a mano Rimu\" src=\"|!|vcvUploadUrl|!|\/2021\/11\/20211108_195348-1024x461.jpg\" alt=\"Collar de hojas holey talladas a mano Rimu\"><\/a><figcaption>Collar de hojas de holey talladas a mano Rimu &#8211; $198<\/figcaption><\/figure>\n<\/div>\n<div class=\"vce-image-gallery-item\">\n<figure class=\"vce-image-gallery-item-inner-wrapper\"><a class=\"vce-image-gallery-item-inner\" title=\"\" href=\"http:\/\/guydutoit.com\/large-hourglass-segmented-pin-rare-wood-necklace\/\" target=\"_blank\" rel=\"noopener\"><img decoding=\"async\" class=\"vce-image-gallery-img vce-image-gallery-img--orientation-portrait\" title=\"Gran alfiler segmentado de reloj de arena collar de madera rara\" src=\"|!|vcvUploadUrl|!|\/2021\/11\/20211108_202952-scaled-e1636408002671-678x1024.jpg\" alt=\"Gran alfiler segmentado de reloj de arena collar de madera rara\"><\/a><figcaption>Collar de madera rara con pasador segmentado de reloj de arena grande &#8211; $120.00<\/figcaption><\/figure>\n<\/div>\n<div class=\"vce-image-gallery-item\">\n<figure class=\"vce-image-gallery-item-inner-wrapper\"><a class=\"vce-image-gallery-item-inner\" title=\"\" href=\"http:\/\/guydutoit.com\/square-segmented-pin-rare-wood-necklace\/\" target=\"_blank\" rel=\"noopener\"><img decoding=\"async\" class=\"vce-image-gallery-img\" title=\"Pasador cuadrado segmentado collar de madera rara\" src=\"|!|vcvUploadUrl|!|\/2021\/11\/20211108_195140-1024x461.jpg\" alt=\"Pasador cuadrado segmentado collar de madera rara\"><\/a><figcaption>Pasador cuadrado segmentado collar de madera rara &#8211; $120.00<\/figcaption><\/figure>\n<\/div>\n<div class=\"vce-image-gallery-item\">\n<figure class=\"vce-image-gallery-item-inner-wrapper\"><a class=\"vce-image-gallery-item-inner\" title=\"\" href=\"http:\/\/guydutoit.com\/large-oval-segmented-pin-rare-wood-necklace\/\" target=\"_blank\" rel=\"noopener\"><img decoding=\"async\" class=\"vce-image-gallery-img vce-image-gallery-img--orientation-portrait\" title=\"Gran pasador oval segmentado collar de madera rara\" src=\"|!|vcvUploadUrl|!|\/2021\/11\/20211108_203343-scaled-e1636408116523-608x1024.jpg\" alt=\"Gran pasador oval segmentado collar de madera rara\"><\/a><figcaption>Collar de madera rara con pasador ovalado segmentado grande &#8211; $120.00<\/figcaption><\/figure>\n<\/div>\n<div class=\"vce-image-gallery-item\">\n<figure class=\"vce-image-gallery-item-inner-wrapper\"><a class=\"vce-image-gallery-item-inner\" title=\"\" href=\"http:\/\/guydutoit.com\/rimu-hand-carved-leaf-necklace\/\" target=\"_blank\" rel=\"noopener\"><img decoding=\"async\" class=\"vce-image-gallery-img\" title=\"Collar de hojas talladas a mano Rimu\" src=\"|!|vcvUploadUrl|!|\/2021\/11\/20211108_195448-1024x461.jpg\" alt=\"Collar de hojas talladas a mano Rimu\"><\/a><figcaption>Collar de hojas talladas a mano Rimu &#8211; $198.00<\/figcaption><\/figure>\n<\/div>\n<div class=\"vce-image-gallery-item\">\n<figure class=\"vce-image-gallery-item-inner-wrapper\"><a class=\"vce-image-gallery-item-inner\" title=\"\" href=\"http:\/\/guydutoit.com\/chakra-cube\/\" target=\"_blank\" rel=\"noopener\"><img decoding=\"async\" class=\"vce-image-gallery-img vce-image-gallery-img--orientation-portrait\" title=\"Collar de madera rara Chakra Cube\" src=\"|!|vcvUploadUrl|!|\/2021\/11\/20211108_203155-scaled-e1636408246497-795x1024.jpg\" alt=\"Collar de madera rara Chakra Cube\"><\/a><figcaption>Collar de madera rara Chakra Cube &#8211; $120.00<\/figcaption><\/figure>\n<\/div>\n<div class=\"vce-image-gallery-item\">\n<figure class=\"vce-image-gallery-item-inner-wrapper\"><a class=\"vce-image-gallery-item-inner\" title=\"\" href=\"http:\/\/guydutoit.com\/diamond-segmented-pin-rare-wood-necklace\/\" target=\"_blank\" rel=\"noopener\"><img decoding=\"async\" class=\"vce-image-gallery-img\" title=\"Alfiler segmentado de diamantes collar de madera rara\" src=\"|!|vcvUploadUrl|!|\/2021\/11\/20211108_195029-1024x461.jpg\" alt=\"Alfiler segmentado de diamantes collar de madera rara\"><\/a><figcaption>Collar de madera rara con alfiler segmentado con diamantes &#8211; $120.00<\/figcaption><\/figure>\n<\/div>\n<div class=\"vce-image-gallery-item\">\n<figure class=\"vce-image-gallery-item-inner-wrapper\"><a class=\"vce-image-gallery-item-inner\" title=\"\" href=\"http:\/\/guydutoit.com\/ying-yang-pendants\/\" target=\"_blank\" rel=\"noopener\"><img decoding=\"async\" class=\"vce-image-gallery-img\" title=\"Colgantes Yin-Yang\" src=\"|!|vcvUploadUrl|!|\/2021\/09\/YinYangPendants-e1632946304582.jpg\" alt=\"Colgantes YinYang\"><\/a><figcaption>Colgantes Yin Yang &#8211; $89.00<\/figcaption><\/figure>\n<\/div>\n<\/div>\n<\/div>\n<\/div>\n<\/div>\n<\/div>\n<\/div>\n<\/div>\n<\/div>\n<\/div>\n<p><!--vcv no format--><\/p>\n","protected":false},"excerpt":{"rendered":"<p>Aqu\u00ed encontrar\u00e1 una selecci\u00f3n de joyas artesanales hechas con maderas raras que Guy tiene a la venta en su galer\u00eda de Kerikeri. Hay otras obras en galer\u00edas donde tambi\u00e9n puede adquirir algunos de los originales de Guy. Para ver las galer\u00edas que actualmente exponen su arte, por favor pulse aqu\u00ed. Al hacer clic en la [&hellip;]<\/p>\n","protected":false},"author":2,"featured_media":0,"parent":0,"menu_order":0,"comment_status":"closed","ping_status":"closed","template":"","meta":{"site-sidebar-layout":"default","site-content-layout":"","ast-site-content-layout":"default","site-content-style":"default","site-sidebar-style":"default","ast-global-header-display":"","ast-banner-title-visibility":"","ast-main-header-display":"","ast-hfb-above-header-display":"","ast-hfb-below-header-display":"","ast-hfb-mobile-header-display":"","site-post-title":"","ast-breadcrumbs-content":"","ast-featured-img":"","footer-sml-layout":"","ast-disable-related-posts":"","theme-transparent-header-meta":"default","adv-header-id-meta":"","stick-header-meta":"default","header-above-stick-meta":"","header-main-stick-meta":"","header-below-stick-meta":"","astra-migrate-meta-layouts":"default","ast-page-background-enabled":"default","ast-page-background-meta":{"desktop":{"background-color":"var(--ast-global-color-4)","background-image":"","background-repeat":"repeat","background-position":"center center","background-size":"auto","background-attachment":"scroll","background-type":"","background-media":"","overlay-type":"","overlay-color":"","overlay-opacity":"","overlay-gradient":""},"tablet":{"background-color":"","background-image":"","background-repeat":"repeat","background-position":"center center","background-size":"auto","background-attachment":"scroll","background-type":"","background-media":"","overlay-type":"","overlay-color":"","overlay-opacity":"","overlay-gradient":""},"mobile":{"background-color":"","background-image":"","background-repeat":"repeat","background-position":"center center","background-size":"auto","background-attachment":"scroll","background-type":"","background-media":"","overlay-type":"","overlay-color":"","overlay-opacity":"","overlay-gradient":""}},"ast-content-background-meta":{"desktop":{"background-color":"var(--ast-global-color-5)","background-image":"","background-repeat":"repeat","background-position":"center center","background-size":"auto","background-attachment":"scroll","background-type":"","background-media":"","overlay-type":"","overlay-color":"","overlay-opacity":"","overlay-gradient":""},"tablet":{"background-color":"var(--ast-global-color-5)","background-image":"","background-repeat":"repeat","background-position":"center center","background-size":"auto","background-attachment":"scroll","background-type":"","background-media":"","overlay-type":"","overlay-color":"","overlay-opacity":"","overlay-gradient":""},"mobile":{"background-color":"var(--ast-global-color-5)","background-image":"","background-repeat":"repeat","background-position":"center center","background-size":"auto","background-attachment":"scroll","background-type":"","background-media":"","overlay-type":"","overlay-color":"","overlay-opacity":"","overlay-gradient":""}},"jetpack_post_was_ever_published":false,"footnotes":""},"class_list":["post-13929","page","type-page","status-publish","hentry"],"jetpack-related-posts":[{"id":14093,"url":"https:\/\/guydutoit.com\/es\/the-little-black-gallery-kerikeri\/","url_meta":{"origin":13929,"position":0},"title":"La Peque\u00f1a Galer\u00eda Negra Kerikeri","author":"Guy du Toit","date":"27 de septiembre de 2021","format":false,"excerpt":"Anna Hamilton me invit\u00f3 a exponer en su galer\u00eda de Kerikeri y he participado en varias exposiciones all\u00ed. Normalmente puede encontrar algunas de mis obras expuestas y a la venta en La Peque\u00f1a Galer\u00eda Negra. Una aut\u00e9ntica peque\u00f1a joya de galer\u00eda en el extremo norte de Nueva Zelanda.","rel":"","context":"Entrada similar","block_context":{"text":"Entrada similar","link":""},"img":{"alt_text":"","src":"","width":0,"height":0},"classes":[]},{"id":13619,"url":"https:\/\/guydutoit.com\/es\/online-gallery\/","url_meta":{"origin":13929,"position":1},"title":"GALER\u00cdA EN L\u00cdNEA","author":"Guy du Toit","date":"5 de noviembre de 2024","format":false,"excerpt":"Algunas de estas piezas est\u00e1n a la venta en el Tienda en l\u00ednea Conecte con las creaciones de Guy du Toit Le invitamos a explorar el ARTelier, Boutique y Galer\u00eda de Guy du Toit - 'ARTelier de Guy' y a descubrir la magia del torneado de madera y la madera\u2026","rel":"","context":"Entrada similar","block_context":{"text":"Entrada similar","link":""},"img":{"alt_text":"","src":"","width":0,"height":0},"classes":[]},{"id":13401,"url":"https:\/\/guydutoit.com\/es\/home-page-new\/","url_meta":{"origin":13929,"position":2},"title":"Dise\u00f1o del hogar","author":"Guy du Toit","date":"16 de noviembre de 2024","format":false,"excerpt":"El artelier de Guy - 'ARTelier de Guy Donde chocan el arte y la madera COMPRAR AHORA Bienvenido al mundo de Guy du Toit, donde la madera se transforma en arte cautivador. Como tornero de madera experimentado, artesano y manualista, creo piezas \u00fanicas a medida utilizando maderas raras recuperadas y\u2026","rel":"","context":"Entrada similar","block_context":{"text":"Entrada similar","link":""},"img":{"alt_text":"ARTelier de Guy interieur","src":"https:\/\/i0.wp.com\/guydutoit.com\/wp-content\/uploads\/2025\/06\/IMG_20250612_121059.jpg?resize=350%2C200&ssl=1","width":350,"height":200,"srcset":"https:\/\/i0.wp.com\/guydutoit.com\/wp-content\/uploads\/2025\/06\/IMG_20250612_121059.jpg?resize=350%2C200&ssl=1 1x, https:\/\/i0.wp.com\/guydutoit.com\/wp-content\/uploads\/2025\/06\/IMG_20250612_121059.jpg?resize=525%2C300&ssl=1 1.5x, https:\/\/i0.wp.com\/guydutoit.com\/wp-content\/uploads\/2025\/06\/IMG_20250612_121059.jpg?resize=700%2C400&ssl=1 2x, https:\/\/i0.wp.com\/guydutoit.com\/wp-content\/uploads\/2025\/06\/IMG_20250612_121059.jpg?resize=1050%2C600&ssl=1 3x, https:\/\/i0.wp.com\/guydutoit.com\/wp-content\/uploads\/2025\/06\/IMG_20250612_121059.jpg?resize=1400%2C800&ssl=1 4x"},"classes":[]},{"id":13949,"url":"https:\/\/guydutoit.com\/es\/your-prana-gallery\/","url_meta":{"origin":13929,"position":3},"title":"Su galer\u00eda Prana","author":"Guy du Toit","date":"19 de julio de 2024","format":false,"excerpt":"Su estudio Prana - Northland He colaborado con Your Prana, una galer\u00eda boutique especializada en cristales, joyas y arte relacionado para exponer y vender algunas de mis creaciones. Cre\u00e9 una serie especial de obras que complementaban maravillosamente su colecci\u00f3n \u00fanica y complementaban el tema del estudio.","rel":"","context":"Entrada similar","block_context":{"text":"Entrada similar","link":""},"img":{"alt_text":"","src":"","width":0,"height":0},"classes":[]},{"id":13941,"url":"https:\/\/guydutoit.com\/es\/soul-gallery-hamilton\/","url_meta":{"origin":13929,"position":4},"title":"Galer\u00eda del Alma Hamilton","author":"Guy du Toit","date":"19 de julio de 2024","format":false,"excerpt":"Galer\u00eda Soul - Hamilton Soul Gallery de Hamilton fue la primera galer\u00eda en la que expuse mis creaciones en madera. Me proporcion\u00f3 una plataforma para presentar mi artesan\u00eda y mi visi\u00f3n art\u00edstica al p\u00fablico.","rel":"","context":"Entrada similar","block_context":{"text":"Entrada similar","link":""},"img":{"alt_text":"","src":"","width":0,"height":0},"classes":[]},{"id":13882,"url":"https:\/\/guydutoit.com\/es\/shop\/payments\/","url_meta":{"origin":13929,"position":5},"title":"Pagos","author":"Guy du Toit","date":"27 de septiembre de 2021","format":false,"excerpt":"Pagos y env\u00edos Mi empresa, L'Atelier de Guy du Toit - ARTelier de Guy, es una empresa registrada en Francia con un n\u00famero de IVA. Mi n\u00famero de siret es 979 832 540 00012 y mi CIF es FR29979832540. Los pagos se pueden realizar a trav\u00e9s de WooCommerce, PayPal o\u2026","rel":"","context":"Entrada similar","block_context":{"text":"Entrada similar","link":""},"img":{"alt_text":"","src":"","width":0,"height":0},"classes":[]}],"jetpack_sharing_enabled":true,"jetpack_likes_enabled":true,"_links":{"self":[{"href":"https:\/\/guydutoit.com\/es\/wp-json\/wp\/v2\/pages\/13929","targetHints":{"allow":["GET"]}}],"collection":[{"href":"https:\/\/guydutoit.com\/es\/wp-json\/wp\/v2\/pages"}],"about":[{"href":"https:\/\/guydutoit.com\/es\/wp-json\/wp\/v2\/types\/page"}],"author":[{"embeddable":true,"href":"https:\/\/guydutoit.com\/es\/wp-json\/wp\/v2\/users\/2"}],"replies":[{"embeddable":true,"href":"https:\/\/guydutoit.com\/es\/wp-json\/wp\/v2\/comments?post=13929"}],"version-history":[{"count":3,"href":"https:\/\/guydutoit.com\/es\/wp-json\/wp\/v2\/pages\/13929\/revisions"}],"predecessor-version":[{"id":15563,"href":"https:\/\/guydutoit.com\/es\/wp-json\/wp\/v2\/pages\/13929\/revisions\/15563"}],"wp:attachment":[{"href":"https:\/\/guydutoit.com\/es\/wp-json\/wp\/v2\/media?parent=13929"}],"curies":[{"name":"wp","href":"https:\/\/api.w.org\/{rel}","templated":true}]}}