{"id":13991,"date":"2024-07-18T11:59:42","date_gmt":"2024-07-18T10:59:42","guid":{"rendered":"http:\/\/guydutoit.com\/my-account\/"},"modified":"2026-03-14T14:43:22","modified_gmt":"2026-03-14T13:43:22","slug":"my-account","status":"publish","type":"page","link":"https:\/\/guydutoit.com\/es\/my-account\/","title":{"rendered":"Mi cuenta"},"content":{"rendered":"\t\t<div data-elementor-type=\"wp-page\" data-elementor-id=\"13991\" class=\"elementor elementor-13991 elementor-3243\" data-elementor-post-type=\"page\">\n\t\t\t\t<div class=\"elementor-element elementor-element-513d3744 e-flex e-con-boxed e-con e-parent\" data-id=\"513d3744\" data-element_type=\"container\" data-e-type=\"container\">\n\t\t\t\t\t<div class=\"e-con-inner\">\n\t\t\t\t<div class=\"elementor-element elementor-element-0e56724 e-my-account-tabs-vertical elementor-widget elementor-widget-woocommerce-my-account\" data-id=\"0e56724\" data-element_type=\"widget\" data-e-type=\"widget\" data-widget_type=\"woocommerce-my-account.default\">\n\t\t\t\t<div class=\"elementor-widget-container\">\n\t\t\t\t\t<div class=\"e-my-account-tab e-my-account-tab__ \">\t\t\t<div class=\"woocommerce\"><\/div>\t\t<\/div>\n\t\t\t\t\t\t<\/div>\n\t\t\t\t<\/div>\n\t\t\t\t\t<\/div>\n\t\t\t\t<\/div>\n\t\t\t\t<\/div>\n\t\t","protected":false},"excerpt":{"rendered":"","protected":false},"author":2,"featured_media":0,"parent":0,"menu_order":0,"comment_status":"closed","ping_status":"closed","template":"elementor_header_footer","meta":{"site-sidebar-layout":"default","site-content-layout":"","ast-site-content-layout":"default","site-content-style":"default","site-sidebar-style":"default","ast-global-header-display":"","ast-banner-title-visibility":"","ast-main-header-display":"","ast-hfb-above-header-display":"","ast-hfb-below-header-display":"","ast-hfb-mobile-header-display":"","site-post-title":"","ast-breadcrumbs-content":"","ast-featured-img":"","footer-sml-layout":"","ast-disable-related-posts":"","theme-transparent-header-meta":"default","adv-header-id-meta":"","stick-header-meta":"default","header-above-stick-meta":"","header-main-stick-meta":"","header-below-stick-meta":"","astra-migrate-meta-layouts":"set","ast-page-background-enabled":"default","ast-page-background-meta":{"desktop":{"background-color":"var(--ast-global-color-4)","background-image":"","background-repeat":"repeat","background-position":"center center","background-size":"auto","background-attachment":"scroll","background-type":"","background-media":"","overlay-type":"","overlay-color":"","overlay-opacity":"","overlay-gradient":""},"tablet":{"background-color":"","background-image":"","background-repeat":"repeat","background-position":"center center","background-size":"auto","background-attachment":"scroll","background-type":"","background-media":"","overlay-type":"","overlay-color":"","overlay-opacity":"","overlay-gradient":""},"mobile":{"background-color":"","background-image":"","background-repeat":"repeat","background-position":"center center","background-size":"auto","background-attachment":"scroll","background-type":"","background-media":"","overlay-type":"","overlay-color":"","overlay-opacity":"","overlay-gradient":""}},"ast-content-background-meta":{"desktop":{"background-color":"var(--ast-global-color-5)","background-image":"","background-repeat":"repeat","background-position":"center center","background-size":"auto","background-attachment":"scroll","background-type":"","background-media":"","overlay-type":"","overlay-color":"","overlay-opacity":"","overlay-gradient":""},"tablet":{"background-color":"var(--ast-global-color-5)","background-image":"","background-repeat":"repeat","background-position":"center center","background-size":"auto","background-attachment":"scroll","background-type":"","background-media":"","overlay-type":"","overlay-color":"","overlay-opacity":"","overlay-gradient":""},"mobile":{"background-color":"var(--ast-global-color-5)","background-image":"","background-repeat":"repeat","background-position":"center center","background-size":"auto","background-attachment":"scroll","background-type":"","background-media":"","overlay-type":"","overlay-color":"","overlay-opacity":"","overlay-gradient":""}},"jetpack_post_was_ever_published":false,"footnotes":""},"class_list":["post-13991","page","type-page","status-publish","hentry"],"jetpack-related-posts":[{"id":13882,"url":"https:\/\/guydutoit.com\/es\/shop\/payments\/","url_meta":{"origin":13991,"position":0},"title":"Pagos","author":"Guy du Toit","date":"27 de septiembre de 2021","format":false,"excerpt":"Pagos y env\u00edos Mi empresa, L'Atelier de Guy du Toit - ARTelier de Guy, es una empresa registrada en Francia con un n\u00famero de IVA. Mi n\u00famero de siret es 979 832 540 00012 y mi CIF es FR29979832540. Los pagos se pueden realizar a trav\u00e9s de WooCommerce, PayPal o\u2026","rel":"","context":"Entrada similar","block_context":{"text":"Entrada similar","link":""},"img":{"alt_text":"","src":"","width":0,"height":0},"classes":[]},{"id":28467,"url":"https:\/\/guydutoit.com\/es\/cursos-de-torneado-de-madera\/","url_meta":{"origin":13991,"position":1},"title":"Cursos de torneado de madera","author":"Guy du Toit","date":"16 de febrero de 2026","format":false,"excerpt":"Domine su oficio: Cursos de torneado de madera en Carcasona \ud83c\uddeb\ud83c\uddf7 Domine su oficio: Cursos de torneado de madera en Carcasona \"De la madera en bruto a la obra maestra. Sus manos tienen el poder\". Impartido por el tornero Guy du Toit Soy Guy du Toit, y estoy dispuesto a\u2026","rel":"","context":"Entrada similar","block_context":{"text":"Entrada similar","link":""},"img":{"alt_text":"","src":"","width":0,"height":0},"classes":[]},{"id":22088,"url":"https:\/\/guydutoit.com\/es\/elementor-22081\/","url_meta":{"origin":13991,"position":2},"title":"Formaci\u00f3n en torneado de madera","author":"Guy du Toit","date":"2 de diciembre de 2025","format":false,"excerpt":"\ud83c\uddeb\ud83c\uddf7 Domine su oficio: Cursos de torneado de madera en Carcasona \"De la madera en bruto a la obra maestra. Sus manos tienen el poder\". \ud83c\udf1f Impartido por el tornero local Guy du Toit Soy Guy du Toit y estoy dispuesto a compartir el oficio que he perfeccionado a lo\u2026","rel":"","context":"Entrada similar","block_context":{"text":"Entrada similar","link":""},"img":{"alt_text":"El tornero Guy du Toit en su taller de Carcasona, Francia","src":"https:\/\/i0.wp.com\/guydutoit.com\/wp-content\/uploads\/2025\/12\/20250924_102956-300x225.jpg?resize=350%2C200&ssl=1","width":350,"height":200},"classes":[]},{"id":14005,"url":"https:\/\/guydutoit.com\/es\/ecole-escoulen-2-2\/","url_meta":{"origin":13991,"position":3},"title":"Escuela Escoulen","author":"Guy du Toit","date":"25 de febrero de 2025","format":false,"excerpt":"La primera y \u00fanica escuela de torneado de madera a tiempo completo del mundo y que lleva el nombre de Jean-Fran\u00e7ois Escoulen. Situado en Aiguines, en el sur de Francia, en la cuna del torneado moderno de la madera. La ciudad cuenta con un museo del torneado de la madera.Tras\u2026","rel":"","context":"Entrada similar","block_context":{"text":"Entrada similar","link":""},"img":{"alt_text":"Escuela Escoulen de torneado de madera","src":"https:\/\/i0.wp.com\/guydutoit.com\/wp-content\/uploads\/2025\/02\/Ecole-Escoulen.jpg?ssl=1&resize=350%2C200","width":350,"height":200},"classes":[]},{"id":13481,"url":"https:\/\/guydutoit.com\/es\/in-the-news\/","url_meta":{"origin":13991,"position":4},"title":"EN LAS NOTICIAS","author":"Guy du Toit","date":"8 de noviembre de 2024","format":false,"excerpt":"En las noticias En la prensa Mostrando el oficio La torner\u00eda de madera toma protagonismo \u00a1Estoy emocionada por compartir algunas cosas que destacan mi trabajo y mi pasi\u00f3n por la torner\u00eda de madera! Estos eventos medi\u00e1ticos han sido fundamentales para conectar con un p\u00fablico m\u00e1s amplio y mostrar los intrincados\u2026","rel":"","context":"Entrada similar","block_context":{"text":"Entrada similar","link":""},"img":{"alt_text":"Guy du Toit Documentary","src":"https:\/\/i0.wp.com\/guydutoit.com\/wp-content\/uploads\/2024\/11\/Guy-du-Toit-Documentary.png?resize=350%2C200&ssl=1","width":350,"height":200},"classes":[]},{"id":13506,"url":"https:\/\/guydutoit.com\/es\/about-guy\/","url_meta":{"origin":13991,"position":5},"title":"Sobre Guy","author":"Guy du Toit","date":"6 de noviembre de 2024","format":false,"excerpt":"Sobre Guy TRABAJO POR ENCARGO EXPOSICIONES Y EVENTOS EN LA PRENSA COLABORACIONES PREMIOS Y GALARDONES \u00a1Hola, Kia Ora, Bonjour, Goeie dag! \u00a1Bienvenido a mi p\u00e1gina web! Me llamo Guy (Gideon) du Toit y soy un tornero apasionado en un viaje de transformaci\u00f3n de la madera en bello arte. Nacida en\u2026","rel":"","context":"Entrada similar","block_context":{"text":"Entrada similar","link":""},"img":{"alt_text":"","src":"https:\/\/i0.wp.com\/guydutoit.com\/wp-content\/uploads\/2024\/11\/team.png?resize=350%2C200&ssl=1","width":350,"height":200},"classes":[]}],"jetpack_sharing_enabled":false,"jetpack_likes_enabled":false,"_links":{"self":[{"href":"https:\/\/guydutoit.com\/es\/wp-json\/wp\/v2\/pages\/13991","targetHints":{"allow":["GET"]}}],"collection":[{"href":"https:\/\/guydutoit.com\/es\/wp-json\/wp\/v2\/pages"}],"about":[{"href":"https:\/\/guydutoit.com\/es\/wp-json\/wp\/v2\/types\/page"}],"author":[{"embeddable":true,"href":"https:\/\/guydutoit.com\/es\/wp-json\/wp\/v2\/users\/2"}],"replies":[{"embeddable":true,"href":"https:\/\/guydutoit.com\/es\/wp-json\/wp\/v2\/comments?post=13991"}],"version-history":[{"count":10,"href":"https:\/\/guydutoit.com\/es\/wp-json\/wp\/v2\/pages\/13991\/revisions"}],"predecessor-version":[{"id":17693,"href":"https:\/\/guydutoit.com\/es\/wp-json\/wp\/v2\/pages\/13991\/revisions\/17693"}],"wp:attachment":[{"href":"https:\/\/guydutoit.com\/es\/wp-json\/wp\/v2\/media?parent=13991"}],"curies":[{"name":"wp","href":"https:\/\/api.w.org\/{rel}","templated":true}]}}