{"id":14265,"date":"2021-09-28T20:04:29","date_gmt":"2021-09-28T19:04:29","guid":{"rendered":"http:\/\/guydutoit.com\/copyright-statement\/"},"modified":"2025-03-18T19:47:19","modified_gmt":"2025-03-18T18:47:19","slug":"copyright-statement","status":"publish","type":"page","link":"https:\/\/guydutoit.com\/es\/copyright-statement\/","title":{"rendered":"Declaraci\u00f3n de derechos de autor"},"content":{"rendered":"<p><!--vcv no format--><!-- vcwb\/dynamicElementComment:0170fd5c --><\/p>\n<div class=\"vce-row-container\" data-vce-boxed-width=\"true\">\n<div id=\"el-0170fd5c\" class=\"vce-row vce-row--col-gap-30 vce-row-equal-height vce-row-content--top\" data-vce-do-apply=\"all el-0170fd5c\">\n<div class=\"vce-row-content\" data-vce-element-content=\"true\">\n<p><!-- vcwb\/dynamicElementComment:ebd37d4e --><\/p>\n<div id=\"el-ebd37d4e\" class=\"vce-col vce-col--md-auto vce-col--xs-1 vce-col--xs-last vce-col--xs-first vce-col--sm-last vce-col--sm-first vce-col--md-last vce-col--lg-last vce-col--xl-last vce-col--md-first vce-col--lg-first vce-col--xl-first\">\n<div class=\"vce-col-inner\" data-vce-do-apply=\"border margin background el-ebd37d4e\">\n<div class=\"vce-col-content\" data-vce-element-content=\"true\" data-vce-do-apply=\"padding el-ebd37d4e\">\n<p><!-- vcwb\/dynamicElementComment:77ccd8c4 --><\/p>\n<div class=\"vce-text-block\">\n<div id=\"el-77ccd8c4\" class=\"vce-text-block-wrapper vce\" data-vce-do-apply=\"all el-77ccd8c4\">\n<p>Declaraci\u00f3n de derechos de autor &#8211; &#8220;Agradezco su respeto por la propiedad de mi trabajo y mis derechos de autor. El arte es \u00a92016 &#8211; 2025 Guy (Gideon) du Toit y salvo que se indique lo contrario no puede ser impreso, redistribuido, modificado o publicado en otro lugar sin autorizaci\u00f3n por escrito.&#8221; \u00a9 y todos los derechos reservados Guy (Gideon) du Toit 2016 &#8211; 2025. Todas las im\u00e1genes y contenidos de este sitio est\u00e1n protegidos por derechos de autor y son propiedad intelectual del Artista.<\/p>\n<p data-sourcepos=\"10:1-10:45\">**Todos los derechos reservados. Todas las im\u00e1genes y contenidos de este sitio web est\u00e1n protegidos por derechos de autor en virtud de la legislaci\u00f3n de la Uni\u00f3n Europea y los tratados internacionales sobre derechos de autor. Copyright \u00a9 2016-2025 Guy (Gideon) du Toit o del artista respectivo mencionado en o bajo la obra de arte presentada.<\/p>\n<p data-sourcepos=\"12:1-12:184\">Cualquier reproducci\u00f3n, adaptaci\u00f3n, distribuci\u00f3n, modificaci\u00f3n, exhibici\u00f3n p\u00fablica u otra explotaci\u00f3n no autorizada de cualquier contenido de este sitio web est\u00e1 estrictamente prohibida. Esto incluye, pero no se limita a, utilizar el contenido con fines comerciales sin el permiso por escrito de Guy (Gideon) du Toit.**<\/p>\n<\/div>\n<\/div>\n<p><!-- \/vcwb\/dynamicElementComment:77ccd8c4 --><\/p>\n<\/div>\n<\/div>\n<\/div>\n<p><!-- \/vcwb\/dynamicElementComment:ebd37d4e --><\/p>\n<\/div>\n<\/div>\n<\/div>\n<p><!-- \/vcwb\/dynamicElementComment:0170fd5c --><!--vcv no format--><\/p>\n","protected":false},"excerpt":{"rendered":"<p>Declaraci\u00f3n de derechos de autor &#8211; &#8220;Agradezco su respeto por la propiedad de mi trabajo y mis derechos de autor. El arte es \u00a92016 &#8211; 2025 Guy (Gideon) du Toit y salvo que se indique lo contrario no puede ser impreso, redistribuido, modificado o publicado en otro lugar sin autorizaci\u00f3n por escrito.&#8221; \u00a9 y todos [&hellip;]<\/p>\n","protected":false},"author":2,"featured_media":0,"parent":0,"menu_order":0,"comment_status":"closed","ping_status":"closed","template":"","meta":{"site-sidebar-layout":"default","site-content-layout":"","ast-site-content-layout":"default","site-content-style":"default","site-sidebar-style":"default","ast-global-header-display":"","ast-banner-title-visibility":"","ast-main-header-display":"","ast-hfb-above-header-display":"","ast-hfb-below-header-display":"","ast-hfb-mobile-header-display":"","site-post-title":"","ast-breadcrumbs-content":"","ast-featured-img":"","footer-sml-layout":"","ast-disable-related-posts":"","theme-transparent-header-meta":"default","adv-header-id-meta":"","stick-header-meta":"default","header-above-stick-meta":"","header-main-stick-meta":"","header-below-stick-meta":"","astra-migrate-meta-layouts":"default","ast-page-background-enabled":"default","ast-page-background-meta":{"desktop":{"background-color":"var(--ast-global-color-4)","background-image":"","background-repeat":"repeat","background-position":"center center","background-size":"auto","background-attachment":"scroll","background-type":"","background-media":"","overlay-type":"","overlay-color":"","overlay-opacity":"","overlay-gradient":""},"tablet":{"background-color":"","background-image":"","background-repeat":"repeat","background-position":"center center","background-size":"auto","background-attachment":"scroll","background-type":"","background-media":"","overlay-type":"","overlay-color":"","overlay-opacity":"","overlay-gradient":""},"mobile":{"background-color":"","background-image":"","background-repeat":"repeat","background-position":"center center","background-size":"auto","background-attachment":"scroll","background-type":"","background-media":"","overlay-type":"","overlay-color":"","overlay-opacity":"","overlay-gradient":""}},"ast-content-background-meta":{"desktop":{"background-color":"var(--ast-global-color-5)","background-image":"","background-repeat":"repeat","background-position":"center center","background-size":"auto","background-attachment":"scroll","background-type":"","background-media":"","overlay-type":"","overlay-color":"","overlay-opacity":"","overlay-gradient":""},"tablet":{"background-color":"var(--ast-global-color-5)","background-image":"","background-repeat":"repeat","background-position":"center center","background-size":"auto","background-attachment":"scroll","background-type":"","background-media":"","overlay-type":"","overlay-color":"","overlay-opacity":"","overlay-gradient":""},"mobile":{"background-color":"var(--ast-global-color-5)","background-image":"","background-repeat":"repeat","background-position":"center center","background-size":"auto","background-attachment":"scroll","background-type":"","background-media":"","overlay-type":"","overlay-color":"","overlay-opacity":"","overlay-gradient":""}},"jetpack_post_was_ever_published":false,"footnotes":""},"class_list":["post-14265","page","type-page","status-publish","hentry"],"jetpack-related-posts":[{"id":14091,"url":"https:\/\/guydutoit.com\/es\/ricci-lang\/","url_meta":{"origin":14265,"position":0},"title":"Ricci Lang","author":"Guy du Toit","date":"27 de septiembre de 2021","format":false,"excerpt":"Una colaboraci\u00f3n nacida en el mercadoMi conexi\u00f3n con Ricci comenz\u00f3 en el vibrante Packhouse Market de Kerikeri, donde era una cara familiar que exhib\u00eda su cautivador trabajo. Puede explorar m\u00e1s de sus creaciones, incluidas las piezas disponibles para la compra, a trav\u00e9s de este enlace a su p\u00e1gina de Instagram.Los\u2026","rel":"","context":"Entrada similar","block_context":{"text":"Entrada similar","link":""},"img":{"alt_text":"","src":"","width":0,"height":0},"classes":[]},{"id":13481,"url":"https:\/\/guydutoit.com\/es\/in-the-news\/","url_meta":{"origin":14265,"position":1},"title":"EN LAS NOTICIAS","author":"Guy du Toit","date":"8 de noviembre de 2024","format":false,"excerpt":"En las noticias En la prensa Mostrando el oficio La torner\u00eda de madera toma protagonismo \u00a1Estoy emocionada por compartir algunas cosas que destacan mi trabajo y mi pasi\u00f3n por la torner\u00eda de madera! Estos eventos medi\u00e1ticos han sido fundamentales para conectar con un p\u00fablico m\u00e1s amplio y mostrar los intrincados\u2026","rel":"","context":"Entrada similar","block_context":{"text":"Entrada similar","link":""},"img":{"alt_text":"Guy du Toit Documentary","src":"https:\/\/i0.wp.com\/guydutoit.com\/wp-content\/uploads\/2024\/11\/Guy-du-Toit-Documentary.png?resize=350%2C200&ssl=1","width":350,"height":200},"classes":[]},{"id":16695,"url":"https:\/\/guydutoit.com\/es\/beke-lohmeyer\/","url_meta":{"origin":14265,"position":2},"title":"Beke Lohmeyer","author":"Guy du Toit","date":"5 de marzo de 2025","format":false,"excerpt":"Conoc\u00ed a Beke mientras hac\u00eda couchsurfing por Nueva Zelanda. Empezamos a hablar de arte y me ense\u00f1\u00f3 algunos de sus dibujos y pens\u00e9 que algunos de sus dibujos quedar\u00edan muy bien grabados con l\u00e1ser en platos o fuentes.As\u00ed es como Beke se describe a s\u00ed misma:\"Soy una joven aspirante a\u2026","rel":"","context":"Entrada similar","block_context":{"text":"Entrada similar","link":""},"img":{"alt_text":"","src":"","width":0,"height":0},"classes":[]},{"id":13506,"url":"https:\/\/guydutoit.com\/es\/about-guy\/","url_meta":{"origin":14265,"position":3},"title":"Sobre Guy","author":"Guy du Toit","date":"6 de noviembre de 2024","format":false,"excerpt":"Sobre Guy TRABAJO POR ENCARGO EXPOSICIONES Y EVENTOS EN LA PRENSA COLABORACIONES PREMIOS Y GALARDONES \u00a1Hola, Kia Ora, Bonjour, Goeie dag! \u00a1Bienvenido a mi p\u00e1gina web! Me llamo Guy (Gideon) du Toit y soy un tornero apasionado en un viaje de transformaci\u00f3n de la madera en bello arte. Nacida en\u2026","rel":"","context":"Entrada similar","block_context":{"text":"Entrada similar","link":""},"img":{"alt_text":"","src":"https:\/\/i0.wp.com\/guydutoit.com\/wp-content\/uploads\/2024\/11\/team.png?resize=350%2C200&ssl=1","width":350,"height":200},"classes":[]},{"id":22088,"url":"https:\/\/guydutoit.com\/es\/elementor-22081\/","url_meta":{"origin":14265,"position":4},"title":"Formaci\u00f3n en torneado de madera","author":"Guy du Toit","date":"2 de diciembre de 2025","format":false,"excerpt":"\ud83c\uddeb\ud83c\uddf7 Domine su oficio: Cursos de torneado de madera en Carcasona \"De la madera en bruto a la obra maestra. Sus manos tienen el poder\". \ud83c\udf1f Impartido por el tornero local Guy du Toit Soy Guy du Toit y estoy dispuesto a compartir el oficio que he perfeccionado a lo\u2026","rel":"","context":"Entrada similar","block_context":{"text":"Entrada similar","link":""},"img":{"alt_text":"El tornero Guy du Toit en su taller de Carcasona, Francia","src":"https:\/\/i0.wp.com\/guydutoit.com\/wp-content\/uploads\/2025\/12\/20250924_102956-300x225.jpg?resize=350%2C200&ssl=1","width":350,"height":200},"classes":[]},{"id":28467,"url":"https:\/\/guydutoit.com\/es\/cursos-de-torneado-de-madera\/","url_meta":{"origin":14265,"position":5},"title":"Cursos de torneado de madera","author":"Guy du Toit","date":"16 de febrero de 2026","format":false,"excerpt":"Domine su oficio: Cursos de torneado de madera en Carcasona \ud83c\uddeb\ud83c\uddf7 Domine su oficio: Cursos de torneado de madera en Carcasona \"De la madera en bruto a la obra maestra. Sus manos tienen el poder\". Impartido por el tornero Guy du Toit Soy Guy du Toit, y estoy dispuesto a\u2026","rel":"","context":"Entrada similar","block_context":{"text":"Entrada similar","link":""},"img":{"alt_text":"","src":"","width":0,"height":0},"classes":[]}],"jetpack_sharing_enabled":true,"jetpack_likes_enabled":true,"_links":{"self":[{"href":"https:\/\/guydutoit.com\/es\/wp-json\/wp\/v2\/pages\/14265","targetHints":{"allow":["GET"]}}],"collection":[{"href":"https:\/\/guydutoit.com\/es\/wp-json\/wp\/v2\/pages"}],"about":[{"href":"https:\/\/guydutoit.com\/es\/wp-json\/wp\/v2\/types\/page"}],"author":[{"embeddable":true,"href":"https:\/\/guydutoit.com\/es\/wp-json\/wp\/v2\/users\/2"}],"replies":[{"embeddable":true,"href":"https:\/\/guydutoit.com\/es\/wp-json\/wp\/v2\/comments?post=14265"}],"version-history":[{"count":5,"href":"https:\/\/guydutoit.com\/es\/wp-json\/wp\/v2\/pages\/14265\/revisions"}],"predecessor-version":[{"id":17526,"href":"https:\/\/guydutoit.com\/es\/wp-json\/wp\/v2\/pages\/14265\/revisions\/17526"}],"wp:attachment":[{"href":"https:\/\/guydutoit.com\/es\/wp-json\/wp\/v2\/media?parent=14265"}],"curies":[{"name":"wp","href":"https:\/\/api.w.org\/{rel}","templated":true}]}}