{"id":14130,"date":"2024-08-22T12:45:12","date_gmt":"2024-08-22T11:45:12","guid":{"rendered":"http:\/\/guydutoit.com\/shop-online\/sin%20categor\u00eda\/munro-hollowers-replacement-screw-sets\/"},"modified":"2026-02-09T05:01:51","modified_gmt":"2026-02-09T04:01:51","slug":"munro-hollowers-replacement-screw-sets","status":"publish","type":"product","link":"https:\/\/guydutoit.com\/es\/product\/munro-hollowers-replacement-screw-sets\/","title":{"rendered":"Juegos de tornillos de recambio Munro Hollowers"},"content":{"rendered":"<p><strong>Juegos de tornillos de recambio Munro Hollowers<\/strong><\/p>\n<p><strong>\u00bfNecesita sustituir sus tornillos de Munro Hollower?<\/strong>  \u00bfMeti\u00f3 la pata y perdi\u00f3 un tornillo? Cualquier tornero experimentado conoce esa sensaci\u00f3n cuando algo sale mal, esa sensaci\u00f3n de pavor en la boca del est\u00f3mago. Quiz\u00e1 estaba cambiando el disco de corte y se le cay\u00f3 el destornillador Torx al suelo del taller y, seg\u00fan la ley de Murphy, cay\u00f3 en esa grieta del suelo entre la pared y las profundidades del infierno, para no volver a ser visto nunca m\u00e1s. O en ese mont\u00f3n de virutas que lleva toda la semana barriendo. \u00bfO tal vez hizo una tonter\u00eda y decidi\u00f3 modificar su herramienta y ahora ya no funciona? No importa las razones, podemos enviarle un nuevo juego de tornillos para su Respirador Munro lo antes posible. Por favor, no utilice tornillos de repuesto baratos, nuestros tornillos son los juegos originales tal y como los utiliza Rolly Munro cuando monta sus herramientas y son del tama\u00f1o, longitud, rosca y tama\u00f1o de ranura correctos para que encajen perfectamente en su herramienta. Fabricados en acero de alta calidad, merece la pena pagarlos para saber que su hollower volver\u00e1 a funcionar como nuevo.<\/p>\n<p><strong>Invierta en calidad, invierta en su oficio. Pida hoy mismo su juego de tornillos de recambio Munro y experimente la diferencia. <\/strong><\/p>\n","protected":false},"excerpt":{"rendered":"<p>Sustituya los tornillos de su giradiscos Munro por tornillos nuevos que coincidan con los originales. Materiales de alta calidad, tama\u00f1o y rosca correctos: h\u00e1galo bien. <\/p>\n","protected":false},"featured_media":11469,"comment_status":"open","ping_status":"closed","template":"","meta":{"site-sidebar-layout":"default","site-content-layout":"","ast-site-content-layout":"default","site-content-style":"default","site-sidebar-style":"default","ast-global-header-display":"","ast-banner-title-visibility":"","ast-main-header-display":"","ast-hfb-above-header-display":"","ast-hfb-below-header-display":"","ast-hfb-mobile-header-display":"","site-post-title":"","ast-breadcrumbs-content":"","ast-featured-img":"","footer-sml-layout":"","ast-disable-related-posts":"","theme-transparent-header-meta":"default","adv-header-id-meta":"","stick-header-meta":"default","header-above-stick-meta":"","header-main-stick-meta":"","header-below-stick-meta":"","astra-migrate-meta-layouts":"default","ast-page-background-enabled":"default","ast-page-background-meta":{"desktop":{"background-color":"var(--ast-global-color-4)","background-image":"","background-repeat":"repeat","background-position":"center center","background-size":"auto","background-attachment":"scroll","background-type":"","background-media":"","overlay-type":"","overlay-color":"","overlay-opacity":"","overlay-gradient":""},"tablet":{"background-color":"","background-image":"","background-repeat":"repeat","background-position":"center center","background-size":"auto","background-attachment":"scroll","background-type":"","background-media":"","overlay-type":"","overlay-color":"","overlay-opacity":"","overlay-gradient":""},"mobile":{"background-color":"","background-image":"","background-repeat":"repeat","background-position":"center center","background-size":"auto","background-attachment":"scroll","background-type":"","background-media":"","overlay-type":"","overlay-color":"","overlay-opacity":"","overlay-gradient":""}},"ast-content-background-meta":{"desktop":{"background-color":"var(--ast-global-color-5)","background-image":"","background-repeat":"repeat","background-position":"center center","background-size":"auto","background-attachment":"scroll","background-type":"","background-media":"","overlay-type":"","overlay-color":"","overlay-opacity":"","overlay-gradient":""},"tablet":{"background-color":"var(--ast-global-color-5)","background-image":"","background-repeat":"repeat","background-position":"center center","background-size":"auto","background-attachment":"scroll","background-type":"","background-media":"","overlay-type":"","overlay-color":"","overlay-opacity":"","overlay-gradient":""},"mobile":{"background-color":"var(--ast-global-color-5)","background-image":"","background-repeat":"repeat","background-position":"center center","background-size":"auto","background-attachment":"scroll","background-type":"","background-media":"","overlay-type":"","overlay-color":"","overlay-opacity":"","overlay-gradient":""}},"jetpack_post_was_ever_published":false,"jetpack_publicize_message":"","jetpack_publicize_feature_enabled":true,"jetpack_social_post_already_shared":false,"jetpack_social_options":{"image_generator_settings":{"template":"highway","default_image_id":0,"font":"","enabled":false},"version":2}},"product_brand":[],"product_cat":[385],"product_tag":[129,128,127,125,124,217,218,130,126,226,225,216],"class_list":{"0":"post-14130","1":"product","2":"type-product","3":"status-publish","4":"has-post-thumbnail","6":"product_cat-herramientas-munro","7":"product_tag-accesorios-para-torneado-de-madera","8":"product_tag-formas-huecas-profundas","9":"product_tag-herramienta-articulada","10":"product_tag-herramienta-de-vaciado","11":"product_tag-herramientas-para-tornear-madera","12":"product_tag-limitador-de-espesor","13":"product_tag-limitador-de-profundidad-de-la-gubia-de-torneado-de-madera","14":"product_tag-mega2-es","15":"product_tag-rolly-munro-es","16":"product_tag-tornillo-de-recambio","17":"product_tag-tornillo-torx","18":"product_tag-wundercutt10-es","19":"desktop-align-left","20":"tablet-align-left","21":"mobile-align-left","22":"ast-product-gallery-layout-vertical-slider","23":"ast-product-single-variable","24":"ast-product-tabs-layout-horizontal","26":"first","27":"instock","28":"shipping-taxable","29":"purchasable","30":"product-type-variable"},"jetpack_publicize_connections":[],"jetpack-related-posts":[{"id":14138,"url":"https:\/\/guydutoit.com\/es\/product\/munro-replacement-thickness-limiter\/","url_meta":{"origin":14130,"position":0},"title":"Limitadores de espesor de recambio Munro","author":"Guy du Toit","date":"21 de agosto de 2024","format":false,"excerpt":"El ingenioso dise\u00f1o de Rolly Munro elimina la frustraci\u00f3n del ensayo y error. Consiga profundidades de corte precisas con el innovador limitador de espesor de viruta, ajustable de 0,05 mm a 0,5 mm [1\/125\" a 1\/50\"].","rel":"","context":"Entrada similar","block_context":{"text":"Entrada similar","link":""},"img":{"alt_text":"Limitadores de espesor de recambio Munro","src":"https:\/\/i0.wp.com\/guydutoit.com\/wp-content\/uploads\/2024\/11\/Munro-Replacement-Thickness-Limiters.png?fit=938%2C388&ssl=1&resize=350%2C200","width":350,"height":200,"srcset":"https:\/\/i0.wp.com\/guydutoit.com\/wp-content\/uploads\/2024\/11\/Munro-Replacement-Thickness-Limiters.png?fit=938%2C388&ssl=1&resize=350%2C200 1x, https:\/\/i0.wp.com\/guydutoit.com\/wp-content\/uploads\/2024\/11\/Munro-Replacement-Thickness-Limiters.png?fit=938%2C388&ssl=1&resize=525%2C300 1.5x, https:\/\/i0.wp.com\/guydutoit.com\/wp-content\/uploads\/2024\/11\/Munro-Replacement-Thickness-Limiters.png?fit=938%2C388&ssl=1&resize=700%2C400 2x"},"classes":[]},{"id":14124,"url":"https:\/\/guydutoit.com\/es\/product\/munro-wundercutt10-replacement-head\/","url_meta":{"origin":14130,"position":1},"title":"Cabezal de recambio Munro Wundercutt10","author":"Guy du Toit","date":"22 de agosto de 2024","format":false,"excerpt":"\u00bfEst\u00e1 construyendo su propia herramienta para ahuecar madera? \u00bfQuiz\u00e1 hizo una tonter\u00eda y decidi\u00f3 modificar su herramienta y ahora ya no funciona? Sean cuales sean las razones, podemos enviarle un nuevo cabezal de repuesto para su Wundercutt10 lo antes posible.","rel":"","context":"Entrada similar","block_context":{"text":"Entrada similar","link":""},"img":{"alt_text":"","src":"https:\/\/i0.wp.com\/guydutoit.com\/wp-content\/uploads\/2024\/08\/Munro-Wunderkutt10-Replacement-Head.png?fit=1200%2C1200&ssl=1&resize=350%2C200","width":350,"height":200,"srcset":"https:\/\/i0.wp.com\/guydutoit.com\/wp-content\/uploads\/2024\/08\/Munro-Wunderkutt10-Replacement-Head.png?fit=1200%2C1200&ssl=1&resize=350%2C200 1x, https:\/\/i0.wp.com\/guydutoit.com\/wp-content\/uploads\/2024\/08\/Munro-Wunderkutt10-Replacement-Head.png?fit=1200%2C1200&ssl=1&resize=525%2C300 1.5x, https:\/\/i0.wp.com\/guydutoit.com\/wp-content\/uploads\/2024\/08\/Munro-Wunderkutt10-Replacement-Head.png?fit=1200%2C1200&ssl=1&resize=700%2C400 2x, https:\/\/i0.wp.com\/guydutoit.com\/wp-content\/uploads\/2024\/08\/Munro-Wunderkutt10-Replacement-Head.png?fit=1200%2C1200&ssl=1&resize=1050%2C600 3x"},"classes":[]},{"id":14170,"url":"https:\/\/guydutoit.com\/es\/product\/replacement-tungsten-carbide-cutting-wheels\/","url_meta":{"origin":14130,"position":2},"title":"Disco de corte de carburo de tungsteno Munro","author":"Guy du Toit","date":"10 de agosto de 2024","format":false,"excerpt":"Discos de corte de carburo de tungsteno de recambio de precisi\u00f3n para herramientas de torneado de madera Munro. Experimente un rendimiento de corte y una longevidad superiores.","rel":"","context":"Entrada similar","block_context":{"text":"Entrada similar","link":""},"img":{"alt_text":"Tazas de corte de carburo de tungsteno Munro","src":"https:\/\/i0.wp.com\/guydutoit.com\/wp-content\/uploads\/2024\/08\/Munro-Tungsten-Carbide-Cutting-Wheels-With-Screw-In.png?fit=1200%2C867&ssl=1&resize=350%2C200","width":350,"height":200,"srcset":"https:\/\/i0.wp.com\/guydutoit.com\/wp-content\/uploads\/2024\/08\/Munro-Tungsten-Carbide-Cutting-Wheels-With-Screw-In.png?fit=1200%2C867&ssl=1&resize=350%2C200 1x, https:\/\/i0.wp.com\/guydutoit.com\/wp-content\/uploads\/2024\/08\/Munro-Tungsten-Carbide-Cutting-Wheels-With-Screw-In.png?fit=1200%2C867&ssl=1&resize=525%2C300 1.5x, https:\/\/i0.wp.com\/guydutoit.com\/wp-content\/uploads\/2024\/08\/Munro-Tungsten-Carbide-Cutting-Wheels-With-Screw-In.png?fit=1200%2C867&ssl=1&resize=700%2C400 2x, https:\/\/i0.wp.com\/guydutoit.com\/wp-content\/uploads\/2024\/08\/Munro-Tungsten-Carbide-Cutting-Wheels-With-Screw-In.png?fit=1200%2C867&ssl=1&resize=1050%2C600 3x"},"classes":[]},{"id":14154,"url":"https:\/\/guydutoit.com\/es\/product\/munro-sharpening-dowel\/","url_meta":{"origin":14130,"position":3},"title":"Taco de afilado Munro","author":"Guy du Toit","date":"16 de agosto de 2024","format":false,"excerpt":"Tacos de afilado de precisi\u00f3n para afilar discos de corte de carburo de tungsteno para herramientas de torneado de madera Munro. Experimente un rendimiento de corte y una longevidad superiores.","rel":"","context":"Entrada similar","block_context":{"text":"Entrada similar","link":""},"img":{"alt_text":"Taco de afilado Munro para discos de corte de carburo de tungsteno","src":"https:\/\/i0.wp.com\/guydutoit.com\/wp-content\/uploads\/2024\/11\/Munro-Sharpening-Dowel-for-Tungsten-Carbide-Cutting-Wheels.png?fit=678%2C806&ssl=1&resize=350%2C200","width":350,"height":200,"srcset":"https:\/\/i0.wp.com\/guydutoit.com\/wp-content\/uploads\/2024\/11\/Munro-Sharpening-Dowel-for-Tungsten-Carbide-Cutting-Wheels.png?fit=678%2C806&ssl=1&resize=350%2C200 1x, https:\/\/i0.wp.com\/guydutoit.com\/wp-content\/uploads\/2024\/11\/Munro-Sharpening-Dowel-for-Tungsten-Carbide-Cutting-Wheels.png?fit=678%2C806&ssl=1&resize=525%2C300 1.5x"},"classes":[]},{"id":29065,"url":"https:\/\/guydutoit.com\/es\/product\/juego-de-abridores-de-botellas-torneados-en-madera-de-primera-calidad\/","url_meta":{"origin":14130,"position":4},"title":"Juego de abridores de botellas torneados en madera de primera calidad","author":"Guy du Toit","date":"23 de enero de 2026","format":false,"excerpt":"Eleve sus proyectos de torneado de madera con este juego premium de 5 kits de abridores de botellas y 10 tornillos. Perfectamente compatible con nuestro juego de moldes de silicona RZ-SM005. Haga regalos \u00fanicos sin esfuerzo","rel":"","context":"Entrada similar","block_context":{"text":"Entrada similar","link":""},"img":{"alt_text":"","src":"","width":0,"height":0},"classes":[]},{"id":14250,"url":"https:\/\/guydutoit.com\/es\/product\/munro-wundercutt10-deep-hollowing-tool\/","url_meta":{"origin":14130,"position":5},"title":"Munro Wundercutt10","author":"Guy du Toit","date":"27 de julio de 2024","format":false,"excerpt":"\u00bfBusca crear impresionantes formas huecas y llevar sus habilidades de torneado de madera al siguiente nivel? No busque m\u00e1s, la Wundercutt10 de Rolly Munro es la elecci\u00f3n de confianza de los torneros de madera de todo el mundo.","rel":"","context":"Entrada similar","block_context":{"text":"Entrada similar","link":""},"img":{"alt_text":"Desbrozadora articulada Wundercutt10","src":"https:\/\/i0.wp.com\/guydutoit.com\/wp-content\/uploads\/2024\/11\/Wundercutt10-Articulated-Hollower.png?fit=1200%2C815&ssl=1&resize=350%2C200","width":350,"height":200,"srcset":"https:\/\/i0.wp.com\/guydutoit.com\/wp-content\/uploads\/2024\/11\/Wundercutt10-Articulated-Hollower.png?fit=1200%2C815&ssl=1&resize=350%2C200 1x, https:\/\/i0.wp.com\/guydutoit.com\/wp-content\/uploads\/2024\/11\/Wundercutt10-Articulated-Hollower.png?fit=1200%2C815&ssl=1&resize=525%2C300 1.5x, https:\/\/i0.wp.com\/guydutoit.com\/wp-content\/uploads\/2024\/11\/Wundercutt10-Articulated-Hollower.png?fit=1200%2C815&ssl=1&resize=700%2C400 2x, https:\/\/i0.wp.com\/guydutoit.com\/wp-content\/uploads\/2024\/11\/Wundercutt10-Articulated-Hollower.png?fit=1200%2C815&ssl=1&resize=1050%2C600 3x"},"classes":[]}],"jetpack_sharing_enabled":true,"jetpack_likes_enabled":true,"_links":{"self":[{"href":"https:\/\/guydutoit.com\/es\/wp-json\/wp\/v2\/product\/14130","targetHints":{"allow":["GET"]}}],"collection":[{"href":"https:\/\/guydutoit.com\/es\/wp-json\/wp\/v2\/product"}],"about":[{"href":"https:\/\/guydutoit.com\/es\/wp-json\/wp\/v2\/types\/product"}],"replies":[{"embeddable":true,"href":"https:\/\/guydutoit.com\/es\/wp-json\/wp\/v2\/comments?post=14130"}],"wp:featuredmedia":[{"embeddable":true,"href":"https:\/\/guydutoit.com\/es\/wp-json\/wp\/v2\/media\/11469"}],"wp:attachment":[{"href":"https:\/\/guydutoit.com\/es\/wp-json\/wp\/v2\/media?parent=14130"}],"wp:term":[{"taxonomy":"product_brand","embeddable":true,"href":"https:\/\/guydutoit.com\/es\/wp-json\/wp\/v2\/product_brand?post=14130"},{"taxonomy":"product_cat","embeddable":true,"href":"https:\/\/guydutoit.com\/es\/wp-json\/wp\/v2\/product_cat?post=14130"},{"taxonomy":"product_tag","embeddable":true,"href":"https:\/\/guydutoit.com\/es\/wp-json\/wp\/v2\/product_tag?post=14130"}],"curies":[{"name":"wp","href":"https:\/\/api.w.org\/{rel}","templated":true}]}}