{"id":14138,"date":"2024-08-21T18:33:18","date_gmt":"2024-08-21T17:33:18","guid":{"rendered":"http:\/\/guydutoit.com\/shop-online\/sin%20categor\u00eda\/munro-replacement-thickness-limiter\/"},"modified":"2026-02-09T05:01:53","modified_gmt":"2026-02-09T04:01:53","slug":"munro-replacement-thickness-limiter","status":"publish","type":"product","link":"https:\/\/guydutoit.com\/es\/product\/munro-replacement-thickness-limiter\/","title":{"rendered":"Limitadores de espesor de recambio Munro"},"content":{"rendered":"<p><strong>Limitador de espesor de recambio Munro<\/strong><\/p>\n<p><strong>\u00bfNecesita sustituir su limitador de espesor de Munro Hollower?<\/strong>  Le tenemos cubierto (\u00a1s\u00ed, hay un juego de palabras ah\u00ed dentro!). Cualquier tornero experimentado conoce esa sensaci\u00f3n cuando algo sale mal, esa sensaci\u00f3n de pavor en la boca del est\u00f3mago. Tal vez estaba cambiando el disco de corte y se le cay\u00f3 el limitador de espesor al suelo del taller y, seg\u00fan la ley de Murphy, cay\u00f3 en esa grieta del suelo entre la pared y las profundidades del infierno, para no volver a ser visto. O en ese mont\u00f3n de virutas que lleva toda la semana barriendo. \u00bfO tal vez hizo algo realmente tonto y decidi\u00f3 modificarlo y ahora ya no funciona? Sean cuales sean las razones, podemos enviarle uno nuevo lo antes posible. Hasta entonces, es una buena pr\u00e1ctica girar sin ella de vez en cuando, permite un excelente control de las herramientas. (Y unos nervios de acero mejorados&#8230;)<\/p>\n<p><strong>Control de profundidad microajustable:<\/strong> El ingenioso dise\u00f1o de Rolly Munro elimina la frustraci\u00f3n del ensayo y error. Consiga profundidades de corte precisas con el innovador limitador de espesor de viruta, ajustable de 0,05 mm a 0,5 mm [1\/125&#8243; a 1\/50&#8243;].<\/p>\n<p><strong>Construido para durar:<\/strong><\/p>\n<ul>\n<li><strong>Materiales de primera calidad:<\/strong> Fabricados con acero inoxidable de alta calidad en su totalidad, los limitadores de espesor Munro est\u00e1n construidos para soportar las exigencias de su taller.<\/li>\n<\/ul>\n<p><strong>Invierta en calidad, invierta en su oficio. Pida hoy mismo su limitador de espesor de recambio Munro y experimente la diferencia. <\/strong><\/p>\n","protected":false},"excerpt":{"rendered":"<p>El ingenioso dise\u00f1o de Rolly Munro elimina la frustraci\u00f3n del ensayo y error. Consiga profundidades de corte precisas con el innovador limitador de espesor de viruta, ajustable de 0,05 mm a 0,5 mm [1\/125&#8243; a 1\/50&#8243;].<\/p>\n","protected":false},"featured_media":13257,"comment_status":"open","ping_status":"closed","template":"","meta":{"site-sidebar-layout":"default","site-content-layout":"","ast-site-content-layout":"default","site-content-style":"default","site-sidebar-style":"default","ast-global-header-display":"","ast-banner-title-visibility":"","ast-main-header-display":"","ast-hfb-above-header-display":"","ast-hfb-below-header-display":"","ast-hfb-mobile-header-display":"","site-post-title":"","ast-breadcrumbs-content":"","ast-featured-img":"","footer-sml-layout":"","ast-disable-related-posts":"","theme-transparent-header-meta":"default","adv-header-id-meta":"","stick-header-meta":"default","header-above-stick-meta":"","header-main-stick-meta":"","header-below-stick-meta":"","astra-migrate-meta-layouts":"default","ast-page-background-enabled":"default","ast-page-background-meta":{"desktop":{"background-color":"var(--ast-global-color-4)","background-image":"","background-repeat":"repeat","background-position":"center center","background-size":"auto","background-attachment":"scroll","background-type":"","background-media":"","overlay-type":"","overlay-color":"","overlay-opacity":"","overlay-gradient":""},"tablet":{"background-color":"","background-image":"","background-repeat":"repeat","background-position":"center center","background-size":"auto","background-attachment":"scroll","background-type":"","background-media":"","overlay-type":"","overlay-color":"","overlay-opacity":"","overlay-gradient":""},"mobile":{"background-color":"","background-image":"","background-repeat":"repeat","background-position":"center center","background-size":"auto","background-attachment":"scroll","background-type":"","background-media":"","overlay-type":"","overlay-color":"","overlay-opacity":"","overlay-gradient":""}},"ast-content-background-meta":{"desktop":{"background-color":"var(--ast-global-color-5)","background-image":"","background-repeat":"repeat","background-position":"center center","background-size":"auto","background-attachment":"scroll","background-type":"","background-media":"","overlay-type":"","overlay-color":"","overlay-opacity":"","overlay-gradient":""},"tablet":{"background-color":"var(--ast-global-color-5)","background-image":"","background-repeat":"repeat","background-position":"center center","background-size":"auto","background-attachment":"scroll","background-type":"","background-media":"","overlay-type":"","overlay-color":"","overlay-opacity":"","overlay-gradient":""},"mobile":{"background-color":"var(--ast-global-color-5)","background-image":"","background-repeat":"repeat","background-position":"center center","background-size":"auto","background-attachment":"scroll","background-type":"","background-media":"","overlay-type":"","overlay-color":"","overlay-opacity":"","overlay-gradient":""}},"jetpack_post_was_ever_published":false,"jetpack_publicize_message":"","jetpack_publicize_feature_enabled":true,"jetpack_social_post_already_shared":false,"jetpack_social_options":{"image_generator_settings":{"template":"highway","default_image_id":0,"font":"","enabled":false},"version":2}},"product_brand":[],"product_cat":[385],"product_tag":[129,128,127,125,124,217,218,130,126,216],"class_list":{"0":"post-14138","1":"product","2":"type-product","3":"status-publish","4":"has-post-thumbnail","6":"product_cat-herramientas-munro","7":"product_tag-accesorios-para-torneado-de-madera","8":"product_tag-formas-huecas-profundas","9":"product_tag-herramienta-articulada","10":"product_tag-herramienta-de-vaciado","11":"product_tag-herramientas-para-tornear-madera","12":"product_tag-limitador-de-espesor","13":"product_tag-limitador-de-profundidad-de-la-gubia-de-torneado-de-madera","14":"product_tag-mega2-es","15":"product_tag-rolly-munro-es","16":"product_tag-wundercutt10-es","17":"desktop-align-left","18":"tablet-align-left","19":"mobile-align-left","20":"ast-product-gallery-layout-vertical-slider","21":"ast-product-single-variable","22":"ast-product-tabs-layout-horizontal","24":"first","25":"instock","26":"featured","27":"shipping-taxable","28":"purchasable","29":"product-type-variable"},"jetpack_publicize_connections":[],"jetpack-related-posts":[{"id":14130,"url":"https:\/\/guydutoit.com\/es\/product\/munro-hollowers-replacement-screw-sets\/","url_meta":{"origin":14138,"position":0},"title":"Juegos de tornillos de recambio Munro Hollowers","author":"Guy du Toit","date":"22 de agosto de 2024","format":false,"excerpt":"Sustituya los tornillos de su giradiscos Munro por tornillos nuevos que coincidan con los originales. Materiales de alta calidad, tama\u00f1o y rosca correctos: h\u00e1galo bien.","rel":"","context":"Entrada similar","block_context":{"text":"Entrada similar","link":""},"img":{"alt_text":"","src":"https:\/\/i0.wp.com\/guydutoit.com\/wp-content\/uploads\/2024\/08\/Munro-Hollowers-Replacement-Screw-Sets.png?fit=1200%2C675&ssl=1&resize=350%2C200","width":350,"height":200,"srcset":"https:\/\/i0.wp.com\/guydutoit.com\/wp-content\/uploads\/2024\/08\/Munro-Hollowers-Replacement-Screw-Sets.png?fit=1200%2C675&ssl=1&resize=350%2C200 1x, https:\/\/i0.wp.com\/guydutoit.com\/wp-content\/uploads\/2024\/08\/Munro-Hollowers-Replacement-Screw-Sets.png?fit=1200%2C675&ssl=1&resize=525%2C300 1.5x, https:\/\/i0.wp.com\/guydutoit.com\/wp-content\/uploads\/2024\/08\/Munro-Hollowers-Replacement-Screw-Sets.png?fit=1200%2C675&ssl=1&resize=700%2C400 2x, https:\/\/i0.wp.com\/guydutoit.com\/wp-content\/uploads\/2024\/08\/Munro-Hollowers-Replacement-Screw-Sets.png?fit=1200%2C675&ssl=1&resize=1050%2C600 3x"},"classes":[]},{"id":14124,"url":"https:\/\/guydutoit.com\/es\/product\/munro-wundercutt10-replacement-head\/","url_meta":{"origin":14138,"position":1},"title":"Cabezal de recambio Munro Wundercutt10","author":"Guy du Toit","date":"22 de agosto de 2024","format":false,"excerpt":"\u00bfEst\u00e1 construyendo su propia herramienta para ahuecar madera? \u00bfQuiz\u00e1 hizo una tonter\u00eda y decidi\u00f3 modificar su herramienta y ahora ya no funciona? Sean cuales sean las razones, podemos enviarle un nuevo cabezal de repuesto para su Wundercutt10 lo antes posible.","rel":"","context":"Entrada similar","block_context":{"text":"Entrada similar","link":""},"img":{"alt_text":"","src":"https:\/\/i0.wp.com\/guydutoit.com\/wp-content\/uploads\/2024\/08\/Munro-Wunderkutt10-Replacement-Head.png?fit=1200%2C1200&ssl=1&resize=350%2C200","width":350,"height":200,"srcset":"https:\/\/i0.wp.com\/guydutoit.com\/wp-content\/uploads\/2024\/08\/Munro-Wunderkutt10-Replacement-Head.png?fit=1200%2C1200&ssl=1&resize=350%2C200 1x, https:\/\/i0.wp.com\/guydutoit.com\/wp-content\/uploads\/2024\/08\/Munro-Wunderkutt10-Replacement-Head.png?fit=1200%2C1200&ssl=1&resize=525%2C300 1.5x, https:\/\/i0.wp.com\/guydutoit.com\/wp-content\/uploads\/2024\/08\/Munro-Wunderkutt10-Replacement-Head.png?fit=1200%2C1200&ssl=1&resize=700%2C400 2x, https:\/\/i0.wp.com\/guydutoit.com\/wp-content\/uploads\/2024\/08\/Munro-Wunderkutt10-Replacement-Head.png?fit=1200%2C1200&ssl=1&resize=1050%2C600 3x"},"classes":[]},{"id":14250,"url":"https:\/\/guydutoit.com\/es\/product\/munro-wundercutt10-deep-hollowing-tool\/","url_meta":{"origin":14138,"position":2},"title":"Munro Wundercutt10","author":"Guy du Toit","date":"27 de julio de 2024","format":false,"excerpt":"\u00bfBusca crear impresionantes formas huecas y llevar sus habilidades de torneado de madera al siguiente nivel? No busque m\u00e1s, la Wundercutt10 de Rolly Munro es la elecci\u00f3n de confianza de los torneros de madera de todo el mundo.","rel":"","context":"Entrada similar","block_context":{"text":"Entrada similar","link":""},"img":{"alt_text":"Desbrozadora articulada Wundercutt10","src":"https:\/\/i0.wp.com\/guydutoit.com\/wp-content\/uploads\/2024\/11\/Wundercutt10-Articulated-Hollower.png?fit=1200%2C815&ssl=1&resize=350%2C200","width":350,"height":200,"srcset":"https:\/\/i0.wp.com\/guydutoit.com\/wp-content\/uploads\/2024\/11\/Wundercutt10-Articulated-Hollower.png?fit=1200%2C815&ssl=1&resize=350%2C200 1x, https:\/\/i0.wp.com\/guydutoit.com\/wp-content\/uploads\/2024\/11\/Wundercutt10-Articulated-Hollower.png?fit=1200%2C815&ssl=1&resize=525%2C300 1.5x, https:\/\/i0.wp.com\/guydutoit.com\/wp-content\/uploads\/2024\/11\/Wundercutt10-Articulated-Hollower.png?fit=1200%2C815&ssl=1&resize=700%2C400 2x, https:\/\/i0.wp.com\/guydutoit.com\/wp-content\/uploads\/2024\/11\/Wundercutt10-Articulated-Hollower.png?fit=1200%2C815&ssl=1&resize=1050%2C600 3x"},"classes":[]},{"id":14154,"url":"https:\/\/guydutoit.com\/es\/product\/munro-sharpening-dowel\/","url_meta":{"origin":14138,"position":3},"title":"Taco de afilado Munro","author":"Guy du Toit","date":"16 de agosto de 2024","format":false,"excerpt":"Tacos de afilado de precisi\u00f3n para afilar discos de corte de carburo de tungsteno para herramientas de torneado de madera Munro. Experimente un rendimiento de corte y una longevidad superiores.","rel":"","context":"Entrada similar","block_context":{"text":"Entrada similar","link":""},"img":{"alt_text":"Taco de afilado Munro para discos de corte de carburo de tungsteno","src":"https:\/\/i0.wp.com\/guydutoit.com\/wp-content\/uploads\/2024\/11\/Munro-Sharpening-Dowel-for-Tungsten-Carbide-Cutting-Wheels.png?fit=678%2C806&ssl=1&resize=350%2C200","width":350,"height":200,"srcset":"https:\/\/i0.wp.com\/guydutoit.com\/wp-content\/uploads\/2024\/11\/Munro-Sharpening-Dowel-for-Tungsten-Carbide-Cutting-Wheels.png?fit=678%2C806&ssl=1&resize=350%2C200 1x, https:\/\/i0.wp.com\/guydutoit.com\/wp-content\/uploads\/2024\/11\/Munro-Sharpening-Dowel-for-Tungsten-Carbide-Cutting-Wheels.png?fit=678%2C806&ssl=1&resize=525%2C300 1.5x"},"classes":[]},{"id":14170,"url":"https:\/\/guydutoit.com\/es\/product\/replacement-tungsten-carbide-cutting-wheels\/","url_meta":{"origin":14138,"position":4},"title":"Disco de corte de carburo de tungsteno Munro","author":"Guy du Toit","date":"10 de agosto de 2024","format":false,"excerpt":"Discos de corte de carburo de tungsteno de recambio de precisi\u00f3n para herramientas de torneado de madera Munro. Experimente un rendimiento de corte y una longevidad superiores.","rel":"","context":"Entrada similar","block_context":{"text":"Entrada similar","link":""},"img":{"alt_text":"Tazas de corte de carburo de tungsteno Munro","src":"https:\/\/i0.wp.com\/guydutoit.com\/wp-content\/uploads\/2024\/08\/Munro-Tungsten-Carbide-Cutting-Wheels-With-Screw-In.png?fit=1200%2C867&ssl=1&resize=350%2C200","width":350,"height":200,"srcset":"https:\/\/i0.wp.com\/guydutoit.com\/wp-content\/uploads\/2024\/08\/Munro-Tungsten-Carbide-Cutting-Wheels-With-Screw-In.png?fit=1200%2C867&ssl=1&resize=350%2C200 1x, https:\/\/i0.wp.com\/guydutoit.com\/wp-content\/uploads\/2024\/08\/Munro-Tungsten-Carbide-Cutting-Wheels-With-Screw-In.png?fit=1200%2C867&ssl=1&resize=525%2C300 1.5x, https:\/\/i0.wp.com\/guydutoit.com\/wp-content\/uploads\/2024\/08\/Munro-Tungsten-Carbide-Cutting-Wheels-With-Screw-In.png?fit=1200%2C867&ssl=1&resize=700%2C400 2x, https:\/\/i0.wp.com\/guydutoit.com\/wp-content\/uploads\/2024\/08\/Munro-Tungsten-Carbide-Cutting-Wheels-With-Screw-In.png?fit=1200%2C867&ssl=1&resize=1050%2C600 3x"},"classes":[]},{"id":14162,"url":"https:\/\/guydutoit.com\/es\/product\/woodturning-shear-scraping-attachments\/","url_meta":{"origin":14138,"position":5},"title":"Rascadores de cizalla ariculada Munro","author":"Guy du Toit","date":"10 de agosto de 2024","format":false,"excerpt":"Accesorios de raspado de cizalla de precisi\u00f3n para torneado de madera. Consiga acabados impecables con nuestro rascador articulado y las cuchillas de recambio.","rel":"","context":"Entrada similar","block_context":{"text":"Entrada similar","link":""},"img":{"alt_text":"Rascadores de cizalla Munro","src":"https:\/\/i0.wp.com\/guydutoit.com\/wp-content\/uploads\/2024\/11\/Munro-Shear-Scrapers.png?fit=1099%2C1200&ssl=1&resize=350%2C200","width":350,"height":200,"srcset":"https:\/\/i0.wp.com\/guydutoit.com\/wp-content\/uploads\/2024\/11\/Munro-Shear-Scrapers.png?fit=1099%2C1200&ssl=1&resize=350%2C200 1x, https:\/\/i0.wp.com\/guydutoit.com\/wp-content\/uploads\/2024\/11\/Munro-Shear-Scrapers.png?fit=1099%2C1200&ssl=1&resize=525%2C300 1.5x, https:\/\/i0.wp.com\/guydutoit.com\/wp-content\/uploads\/2024\/11\/Munro-Shear-Scrapers.png?fit=1099%2C1200&ssl=1&resize=700%2C400 2x, https:\/\/i0.wp.com\/guydutoit.com\/wp-content\/uploads\/2024\/11\/Munro-Shear-Scrapers.png?fit=1099%2C1200&ssl=1&resize=1050%2C600 3x"},"classes":[]}],"jetpack_sharing_enabled":true,"jetpack_likes_enabled":true,"_links":{"self":[{"href":"https:\/\/guydutoit.com\/es\/wp-json\/wp\/v2\/product\/14138","targetHints":{"allow":["GET"]}}],"collection":[{"href":"https:\/\/guydutoit.com\/es\/wp-json\/wp\/v2\/product"}],"about":[{"href":"https:\/\/guydutoit.com\/es\/wp-json\/wp\/v2\/types\/product"}],"replies":[{"embeddable":true,"href":"https:\/\/guydutoit.com\/es\/wp-json\/wp\/v2\/comments?post=14138"}],"wp:featuredmedia":[{"embeddable":true,"href":"https:\/\/guydutoit.com\/es\/wp-json\/wp\/v2\/media\/13257"}],"wp:attachment":[{"href":"https:\/\/guydutoit.com\/es\/wp-json\/wp\/v2\/media?parent=14138"}],"wp:term":[{"taxonomy":"product_brand","embeddable":true,"href":"https:\/\/guydutoit.com\/es\/wp-json\/wp\/v2\/product_brand?post=14138"},{"taxonomy":"product_cat","embeddable":true,"href":"https:\/\/guydutoit.com\/es\/wp-json\/wp\/v2\/product_cat?post=14138"},{"taxonomy":"product_tag","embeddable":true,"href":"https:\/\/guydutoit.com\/es\/wp-json\/wp\/v2\/product_tag?post=14138"}],"curies":[{"name":"wp","href":"https:\/\/api.w.org\/{rel}","templated":true}]}}