{"id":14214,"date":"2024-08-08T20:00:05","date_gmt":"2024-08-08T19:00:05","guid":{"rendered":"http:\/\/guydutoit.com\/shop-online\/sin%20categor\u00eda\/munro-minimum6-owen-hollowing-tool\/"},"modified":"2026-02-09T04:21:39","modified_gmt":"2026-02-09T03:21:39","slug":"munro-minimum6-owen-hollowing-tool","status":"publish","type":"product","link":"https:\/\/guydutoit.com\/es\/product\/munro-minimum6-owen-hollowing-tool\/","title":{"rendered":"Herramienta de ahuecado Munro Minimum 6 Owen Bend"},"content":{"rendered":"<h1>Conquiste aberturas estrechas y libere profundidades ocultas con poco presupuesto: La herramienta para ahuecar curvas Owen Minimum6 de Rolly Munro<\/h1>\n<p>&nbsp;<\/p>\n<h2>Visi\u00f3n general de la herramienta de ahuecado Owen Bend<\/h2>\n<p>La herramienta para ahuecar curvas Minimum6 Owen de Rolly Munro es un complemento esencial en el juego de herramientas de cualquier tornero de madera, especialmente los que se centran en formas huecas peque\u00f1as o medianas. Fabricada en Nueva Zelanda, esta herramienta est\u00e1 construida para ofrecer precisi\u00f3n y facilidad de uso. Tanto si est\u00e1 limpiando el interior de recipientes como afinando el fondo de formas huecas, esta herramienta ofrece resultados excepcionales.<\/p>\n<h3>Caracter\u00edsticas de la herramienta de ahuecado Owen Bend<\/h3>\n<p>Esta herramienta cuenta con un s\u00f3lido eje de acero inoxidable de 350 mm de longitud y 12,7 mm (1\/2&#8243;) de di\u00e1metro, que proporciona la estabilidad y el control necesarios para los trabajos delicados. La fresa de carburo de tungsteno desplazada de 6 mm est\u00e1 dise\u00f1ada para una acci\u00f3n de raspado con cizalla, ofreciendo un acabado casi perfecto en sus proyectos. La parte superior plana fresada del eje garantiza que la herramienta se bloquee firmemente en el mango, evitando cualquier torsi\u00f3n durante su uso.<\/p>\n<h3>Ventajas de utilizar la herramienta de ahuecado Owen Bend<\/h3>\n<p>Dise\u00f1ada pensando tanto en los profesionales como en los aficionados, la herramienta de ahuecado Owen Bend ofrece un corte suave y no agresivo que minimiza la necesidad de un acabado adicional. Su cuchilla recambiable de carburo de tungsteno garantiza un afilado duradero, lo que la convierte en una inversi\u00f3n que resistir\u00e1 el paso del tiempo.<\/p>\n<h3>\u00bfPor qu\u00e9 elegir la gama Minimum6 de Rolly Munro?<\/h3>\n<p>Rolly Munro es conocido en todo el mundo por su experiencia en la creaci\u00f3n de herramientas de torneado de madera de alta calidad. La gama Minimum6 refleja su compromiso de ofrecer herramientas que combinen la ingenier\u00eda de precisi\u00f3n con la asequibilidad. Esta herramienta, como otras de la gama, ofrece la mejor relaci\u00f3n calidad-precio para quienes buscan crear formas huecas peque\u00f1as o medianas sin renunciar a la calidad.<\/p>\n<h4>Especificaciones de la herramienta de ahuecado Owen Bend<\/h4>\n<ul>\n<li>Longitud: 350 mm<\/li>\n<li>Di\u00e1metro: 12,7 mm<\/li>\n<li>Fresa: Carburo de tungsteno desplazado 6 mm<\/li>\n<li>Compatibilidad con asas: Asa Minimum6 (se vende por separado)<\/li>\n<\/ul>\n<h4>Compatibilidad y extras<\/h4>\n<p>La herramienta de ahuecado Owen Bend est\u00e1 dise\u00f1ada para funcionar a la perfecci\u00f3n con el mango Minimum6, que puede adquirirse por separado. Cada herramienta se suministra con una llave de torsi\u00f3n para facilitar la sustituci\u00f3n de la fresa, lo que le permitir\u00e1 mantener un rendimiento \u00f3ptimo con el m\u00ednimo esfuerzo.<\/p>\n","protected":false},"excerpt":{"rendered":"<p>Perfecta para el ahuecado detallado, la herramienta de ahuecado de eje doblado Minimum6 Owen de Rolly Munro est\u00e1 fabricada para formas peque\u00f1as y medianas.<\/p>\n","protected":false},"featured_media":17104,"comment_status":"open","ping_status":"closed","template":"","meta":{"site-sidebar-layout":"default","site-content-layout":"","ast-site-content-layout":"default","site-content-style":"default","site-sidebar-style":"default","ast-global-header-display":"","ast-banner-title-visibility":"","ast-main-header-display":"","ast-hfb-above-header-display":"","ast-hfb-below-header-display":"","ast-hfb-mobile-header-display":"","site-post-title":"","ast-breadcrumbs-content":"","ast-featured-img":"","footer-sml-layout":"","ast-disable-related-posts":"","theme-transparent-header-meta":"default","adv-header-id-meta":"","stick-header-meta":"default","header-above-stick-meta":"","header-main-stick-meta":"","header-below-stick-meta":"","astra-migrate-meta-layouts":"default","ast-page-background-enabled":"default","ast-page-background-meta":{"desktop":{"background-color":"var(--ast-global-color-4)","background-image":"","background-repeat":"repeat","background-position":"center center","background-size":"auto","background-attachment":"scroll","background-type":"","background-media":"","overlay-type":"","overlay-color":"","overlay-opacity":"","overlay-gradient":""},"tablet":{"background-color":"","background-image":"","background-repeat":"repeat","background-position":"center center","background-size":"auto","background-attachment":"scroll","background-type":"","background-media":"","overlay-type":"","overlay-color":"","overlay-opacity":"","overlay-gradient":""},"mobile":{"background-color":"","background-image":"","background-repeat":"repeat","background-position":"center center","background-size":"auto","background-attachment":"scroll","background-type":"","background-media":"","overlay-type":"","overlay-color":"","overlay-opacity":"","overlay-gradient":""}},"ast-content-background-meta":{"desktop":{"background-color":"var(--ast-global-color-5)","background-image":"","background-repeat":"repeat","background-position":"center center","background-size":"auto","background-attachment":"scroll","background-type":"","background-media":"","overlay-type":"","overlay-color":"","overlay-opacity":"","overlay-gradient":""},"tablet":{"background-color":"var(--ast-global-color-5)","background-image":"","background-repeat":"repeat","background-position":"center center","background-size":"auto","background-attachment":"scroll","background-type":"","background-media":"","overlay-type":"","overlay-color":"","overlay-opacity":"","overlay-gradient":""},"mobile":{"background-color":"var(--ast-global-color-5)","background-image":"","background-repeat":"repeat","background-position":"center center","background-size":"auto","background-attachment":"scroll","background-type":"","background-media":"","overlay-type":"","overlay-color":"","overlay-opacity":"","overlay-gradient":""}},"jetpack_post_was_ever_published":false,"jetpack_publicize_message":"","jetpack_publicize_feature_enabled":true,"jetpack_social_post_already_shared":false,"jetpack_social_options":{"image_generator_settings":{"template":"highway","default_image_id":0,"font":"","enabled":false},"version":2}},"product_brand":[],"product_cat":[385],"product_tag":[153,154,150,151,124,152,155],"class_list":{"0":"post-14214","1":"product","2":"type-product","3":"status-publish","4":"has-post-thumbnail","6":"product_cat-herramientas-munro","7":"product_tag-fresa-de-carburo-de-tungsteno","8":"product_tag-herramienta-de-ahuecado-owen","9":"product_tag-herramientas-de-ahuecado","10":"product_tag-herramientas-munro","11":"product_tag-herramientas-para-tornear-madera","12":"product_tag-presupuesto-torneado-de-madera","13":"product_tag-torneado-de-precision","14":"desktop-align-left","15":"tablet-align-left","16":"mobile-align-left","17":"ast-product-gallery-layout-vertical-slider","18":"ast-product-tabs-layout-horizontal","20":"first","21":"instock","22":"shipping-taxable","23":"purchasable","24":"product-type-simple"},"jetpack_publicize_connections":[],"jetpack-related-posts":[{"id":14193,"url":"https:\/\/guydutoit.com\/es\/product\/munro-minimum-6-lister-bend-hollowing-tool-copy\/","url_meta":{"origin":14214,"position":0},"title":"Herramienta de ahuecado Munro Minimum 6 Lister Bend","author":"Guy du Toit","date":"10 de agosto de 2024","format":false,"excerpt":"Perfecta para el ahuecado detallado, la herramienta de ahuecado Minimum6 Lister Bend de Rolly Munro est\u00e1 fabricada para formas peque\u00f1as y medianas.","rel":"","context":"Entrada similar","block_context":{"text":"Entrada similar","link":""},"img":{"alt_text":"","src":"https:\/\/i0.wp.com\/guydutoit.com\/wp-content\/uploads\/2024\/08\/Munro-Minimum6-Lister-bend-png.webp?fit=1200%2C1200&ssl=1&resize=350%2C200","width":350,"height":200,"srcset":"https:\/\/i0.wp.com\/guydutoit.com\/wp-content\/uploads\/2024\/08\/Munro-Minimum6-Lister-bend-png.webp?fit=1200%2C1200&ssl=1&resize=350%2C200 1x, https:\/\/i0.wp.com\/guydutoit.com\/wp-content\/uploads\/2024\/08\/Munro-Minimum6-Lister-bend-png.webp?fit=1200%2C1200&ssl=1&resize=525%2C300 1.5x, https:\/\/i0.wp.com\/guydutoit.com\/wp-content\/uploads\/2024\/08\/Munro-Minimum6-Lister-bend-png.webp?fit=1200%2C1200&ssl=1&resize=700%2C400 2x, https:\/\/i0.wp.com\/guydutoit.com\/wp-content\/uploads\/2024\/08\/Munro-Minimum6-Lister-bend-png.webp?fit=1200%2C1200&ssl=1&resize=1050%2C600 3x"},"classes":[]},{"id":14244,"url":"https:\/\/guydutoit.com\/es\/product\/munro-minimum-6-straight-shaft-hollower\/","url_meta":{"origin":14214,"position":1},"title":"Atornillador de eje recto Munro Minimum 6","author":"Guy du Toit","date":"8 de agosto de 2024","format":false,"excerpt":"La herramienta de ahuecado recto Minimum6 de Rolly Munro est\u00e1 dise\u00f1ada para tareas de ahuecado precisas en formas peque\u00f1as y medianas.","rel":"","context":"Entrada similar","block_context":{"text":"Entrada similar","link":""},"img":{"alt_text":"","src":"https:\/\/i0.wp.com\/guydutoit.com\/wp-content\/uploads\/2024\/08\/Munro-Minimun6-Straight-Shaft-Hollowing-Tool-png.webp?fit=1200%2C675&ssl=1&resize=350%2C200","width":350,"height":200,"srcset":"https:\/\/i0.wp.com\/guydutoit.com\/wp-content\/uploads\/2024\/08\/Munro-Minimun6-Straight-Shaft-Hollowing-Tool-png.webp?fit=1200%2C675&ssl=1&resize=350%2C200 1x, https:\/\/i0.wp.com\/guydutoit.com\/wp-content\/uploads\/2024\/08\/Munro-Minimun6-Straight-Shaft-Hollowing-Tool-png.webp?fit=1200%2C675&ssl=1&resize=525%2C300 1.5x, https:\/\/i0.wp.com\/guydutoit.com\/wp-content\/uploads\/2024\/08\/Munro-Minimun6-Straight-Shaft-Hollowing-Tool-png.webp?fit=1200%2C675&ssl=1&resize=700%2C400 2x, https:\/\/i0.wp.com\/guydutoit.com\/wp-content\/uploads\/2024\/08\/Munro-Minimun6-Straight-Shaft-Hollowing-Tool-png.webp?fit=1200%2C675&ssl=1&resize=1050%2C600 3x"},"classes":[]},{"id":14248,"url":"https:\/\/guydutoit.com\/es\/product\/munro-minimum6-articulating-hollowing-tool\/","url_meta":{"origin":14214,"position":2},"title":"Herramienta de vaciado articulada Munro Minimum6","author":"Guy du Toit","date":"8 de agosto de 2024","format":false,"excerpt":"Conquiste aberturas estrechas sin esfuerzo con la herramienta de ahuecado articulada Minimum6. Esta revolucionaria herramienta de Rolly Munro ofrece una precisi\u00f3n, un control y una durabilidad inigualables para crear impresionantes formas huecas. La herramienta articulada Minimum6 de Rolly Munro es la soluci\u00f3n definitiva para los torneros que buscan dominar el\u2026","rel":"","context":"Entrada similar","block_context":{"text":"Entrada similar","link":""},"img":{"alt_text":"","src":"https:\/\/i0.wp.com\/guydutoit.com\/wp-content\/uploads\/2024\/08\/Munro-Minimun6-Articulating-Package-png.webp?fit=1200%2C1200&ssl=1&resize=350%2C200","width":350,"height":200,"srcset":"https:\/\/i0.wp.com\/guydutoit.com\/wp-content\/uploads\/2024\/08\/Munro-Minimun6-Articulating-Package-png.webp?fit=1200%2C1200&ssl=1&resize=350%2C200 1x, https:\/\/i0.wp.com\/guydutoit.com\/wp-content\/uploads\/2024\/08\/Munro-Minimun6-Articulating-Package-png.webp?fit=1200%2C1200&ssl=1&resize=525%2C300 1.5x, https:\/\/i0.wp.com\/guydutoit.com\/wp-content\/uploads\/2024\/08\/Munro-Minimun6-Articulating-Package-png.webp?fit=1200%2C1200&ssl=1&resize=700%2C400 2x, https:\/\/i0.wp.com\/guydutoit.com\/wp-content\/uploads\/2024\/08\/Munro-Minimun6-Articulating-Package-png.webp?fit=1200%2C1200&ssl=1&resize=1050%2C600 3x"},"classes":[]},{"id":14246,"url":"https:\/\/guydutoit.com\/es\/product\/rolly-munro-articulated-mega2-hollowing-tool\/","url_meta":{"origin":14214,"position":3},"title":"Herramienta de vaciado Munro Mega2","author":"Guy du Toit","date":"8 de agosto de 2024","format":false,"excerpt":"Domine las grandes formas huecas con precisi\u00f3n y facilidad utilizando la herramienta articulada MEGA2 de Rolly Munro. Construida para ofrecer control, comodidad y durabilidad.","rel":"","context":"Entrada similar","block_context":{"text":"Entrada similar","link":""},"img":{"alt_text":"","src":"https:\/\/i0.wp.com\/guydutoit.com\/wp-content\/uploads\/2024\/08\/Munro-Mega2-Package-png.webp?fit=1200%2C1200&ssl=1&resize=350%2C200","width":350,"height":200,"srcset":"https:\/\/i0.wp.com\/guydutoit.com\/wp-content\/uploads\/2024\/08\/Munro-Mega2-Package-png.webp?fit=1200%2C1200&ssl=1&resize=350%2C200 1x, https:\/\/i0.wp.com\/guydutoit.com\/wp-content\/uploads\/2024\/08\/Munro-Mega2-Package-png.webp?fit=1200%2C1200&ssl=1&resize=525%2C300 1.5x, https:\/\/i0.wp.com\/guydutoit.com\/wp-content\/uploads\/2024\/08\/Munro-Mega2-Package-png.webp?fit=1200%2C1200&ssl=1&resize=700%2C400 2x, https:\/\/i0.wp.com\/guydutoit.com\/wp-content\/uploads\/2024\/08\/Munro-Mega2-Package-png.webp?fit=1200%2C1200&ssl=1&resize=1050%2C600 3x"},"classes":[]},{"id":14145,"url":"https:\/\/guydutoit.com\/es\/product\/munro-hollower-handle-only\/","url_meta":{"origin":14214,"position":4},"title":"Mangos para herramientas de ahuecado Rolly Munro","author":"Guy du Toit","date":"21 de agosto de 2024","format":false,"excerpt":"Mangos para herramientas de ahuecado Rolly Munro para gubias de torneado de madera y herramientas de ahuecado. \u00a1Los mejores que hay!","rel":"","context":"Entrada similar","block_context":{"text":"Entrada similar","link":""},"img":{"alt_text":"Rolly Munro Asideros","src":"https:\/\/i0.wp.com\/guydutoit.com\/wp-content\/uploads\/2024\/11\/Rolly-Munro-Hollower-Handles.png?fit=817%2C1200&ssl=1&resize=350%2C200","width":350,"height":200,"srcset":"https:\/\/i0.wp.com\/guydutoit.com\/wp-content\/uploads\/2024\/11\/Rolly-Munro-Hollower-Handles.png?fit=817%2C1200&ssl=1&resize=350%2C200 1x, https:\/\/i0.wp.com\/guydutoit.com\/wp-content\/uploads\/2024\/11\/Rolly-Munro-Hollower-Handles.png?fit=817%2C1200&ssl=1&resize=525%2C300 1.5x, https:\/\/i0.wp.com\/guydutoit.com\/wp-content\/uploads\/2024\/11\/Rolly-Munro-Hollower-Handles.png?fit=817%2C1200&ssl=1&resize=700%2C400 2x"},"classes":[]},{"id":14124,"url":"https:\/\/guydutoit.com\/es\/product\/munro-wundercutt10-replacement-head\/","url_meta":{"origin":14214,"position":5},"title":"Cabezal de recambio Munro Wundercutt10","author":"Guy du Toit","date":"22 de agosto de 2024","format":false,"excerpt":"\u00bfEst\u00e1 construyendo su propia herramienta para ahuecar madera? \u00bfQuiz\u00e1 hizo una tonter\u00eda y decidi\u00f3 modificar su herramienta y ahora ya no funciona? Sean cuales sean las razones, podemos enviarle un nuevo cabezal de repuesto para su Wundercutt10 lo antes posible.","rel":"","context":"Entrada similar","block_context":{"text":"Entrada similar","link":""},"img":{"alt_text":"","src":"https:\/\/i0.wp.com\/guydutoit.com\/wp-content\/uploads\/2024\/08\/Munro-Wunderkutt10-Replacement-Head.png?fit=1200%2C1200&ssl=1&resize=350%2C200","width":350,"height":200,"srcset":"https:\/\/i0.wp.com\/guydutoit.com\/wp-content\/uploads\/2024\/08\/Munro-Wunderkutt10-Replacement-Head.png?fit=1200%2C1200&ssl=1&resize=350%2C200 1x, https:\/\/i0.wp.com\/guydutoit.com\/wp-content\/uploads\/2024\/08\/Munro-Wunderkutt10-Replacement-Head.png?fit=1200%2C1200&ssl=1&resize=525%2C300 1.5x, https:\/\/i0.wp.com\/guydutoit.com\/wp-content\/uploads\/2024\/08\/Munro-Wunderkutt10-Replacement-Head.png?fit=1200%2C1200&ssl=1&resize=700%2C400 2x, https:\/\/i0.wp.com\/guydutoit.com\/wp-content\/uploads\/2024\/08\/Munro-Wunderkutt10-Replacement-Head.png?fit=1200%2C1200&ssl=1&resize=1050%2C600 3x"},"classes":[]}],"jetpack_sharing_enabled":true,"jetpack_likes_enabled":true,"_links":{"self":[{"href":"https:\/\/guydutoit.com\/es\/wp-json\/wp\/v2\/product\/14214","targetHints":{"allow":["GET"]}}],"collection":[{"href":"https:\/\/guydutoit.com\/es\/wp-json\/wp\/v2\/product"}],"about":[{"href":"https:\/\/guydutoit.com\/es\/wp-json\/wp\/v2\/types\/product"}],"replies":[{"embeddable":true,"href":"https:\/\/guydutoit.com\/es\/wp-json\/wp\/v2\/comments?post=14214"}],"wp:featuredmedia":[{"embeddable":true,"href":"https:\/\/guydutoit.com\/es\/wp-json\/wp\/v2\/media\/17104"}],"wp:attachment":[{"href":"https:\/\/guydutoit.com\/es\/wp-json\/wp\/v2\/media?parent=14214"}],"wp:term":[{"taxonomy":"product_brand","embeddable":true,"href":"https:\/\/guydutoit.com\/es\/wp-json\/wp\/v2\/product_brand?post=14214"},{"taxonomy":"product_cat","embeddable":true,"href":"https:\/\/guydutoit.com\/es\/wp-json\/wp\/v2\/product_cat?post=14214"},{"taxonomy":"product_tag","embeddable":true,"href":"https:\/\/guydutoit.com\/es\/wp-json\/wp\/v2\/product_tag?post=14214"}],"curies":[{"name":"wp","href":"https:\/\/api.w.org\/{rel}","templated":true}]}}