{"id":18680,"date":"2025-05-07T17:57:56","date_gmt":"2025-05-07T16:57:56","guid":{"rendered":"https:\/\/guydutoit.com\/product\/plato-de-lija-de-75-mm\/"},"modified":"2026-03-03T21:11:35","modified_gmt":"2026-03-03T20:11:35","slug":"plato-de-lija-de-75-mm","status":"publish","type":"product","link":"https:\/\/guydutoit.com\/es\/product\/plato-de-lija-de-75-mm\/","title":{"rendered":"Plato de lija de 75 mm"},"content":{"rendered":"<div class=\"pro_dtt\" title=\"RZ-HLBP3 Plato soporte autoadherente de 3 pulgadas (con fijaci\u00f3n para taladro)\">Plato de lija de gancho y bucle de 75 mm (3 pulgadas) (con accesorio para taladro).<\/div>\n<div title=\"RZ-HLBP3 Plato soporte autoadherente de 3 pulgadas (con fijaci\u00f3n para taladro)\"><\/div>\n<div title=\"RZ-HLBP3 Plato soporte autoadherente de 3 pulgadas (con fijaci\u00f3n para taladro)\">Di\u00e1metro de la almohadilla: 3&#8243;(75mm).<\/div>\n<div title=\"RZ-HLBP3 Plato soporte autoadherente de 3 pulgadas (con fijaci\u00f3n para taladro)\">Capa de almohadilla: Nylon de 13 mm.<\/div>\n<div title=\"RZ-HLBP3 Plato soporte autoadherente de 3 pulgadas (con fijaci\u00f3n para taladro)\">Rosca: M6 hembra con fijaci\u00f3n para taladro.<\/div>\n<div title=\"RZ-HLBP3 Plato soporte autoadherente de 3 pulgadas (con fijaci\u00f3n para taladro)\">Interfaz: Cierre de gancho y bucle.<\/div>\n<div title=\"RZ-HLBP3 Plato soporte autoadherente de 3 pulgadas (con fijaci\u00f3n para taladro)\"><\/div>\n<div title=\"RZ-HLBP3 Plato soporte autoadherente de 3 pulgadas (con fijaci\u00f3n para taladro)\">Plato de pulir de esponja suave, adecuado para el pulido de superficies irregulares, protecci\u00f3n contra el deterioro del plato soporte, c\u00f3modo recambio.<\/div>\n<div class=\"hot\"><\/div>\n","protected":false},"excerpt":{"rendered":"<p>Plato de lija de gancho y bucle de 75 mm (3 pulgadas) (con accesorio para taladro).<\/p>\n","protected":false},"featured_media":18423,"comment_status":"closed","ping_status":"closed","template":"","meta":{"site-sidebar-layout":"default","site-content-layout":"","ast-site-content-layout":"default","site-content-style":"default","site-sidebar-style":"default","ast-global-header-display":"","ast-banner-title-visibility":"","ast-main-header-display":"","ast-hfb-above-header-display":"","ast-hfb-below-header-display":"","ast-hfb-mobile-header-display":"","site-post-title":"","ast-breadcrumbs-content":"","ast-featured-img":"","footer-sml-layout":"","ast-disable-related-posts":"","theme-transparent-header-meta":"default","adv-header-id-meta":"","stick-header-meta":"default","header-above-stick-meta":"","header-main-stick-meta":"","header-below-stick-meta":"","astra-migrate-meta-layouts":"default","ast-page-background-enabled":"default","ast-page-background-meta":{"desktop":{"background-color":"var(--ast-global-color-4)","background-image":"","background-repeat":"repeat","background-position":"center center","background-size":"auto","background-attachment":"scroll","background-type":"","background-media":"","overlay-type":"","overlay-color":"","overlay-opacity":"","overlay-gradient":""},"tablet":{"background-color":"","background-image":"","background-repeat":"repeat","background-position":"center center","background-size":"auto","background-attachment":"scroll","background-type":"","background-media":"","overlay-type":"","overlay-color":"","overlay-opacity":"","overlay-gradient":""},"mobile":{"background-color":"","background-image":"","background-repeat":"repeat","background-position":"center center","background-size":"auto","background-attachment":"scroll","background-type":"","background-media":"","overlay-type":"","overlay-color":"","overlay-opacity":"","overlay-gradient":""}},"ast-content-background-meta":{"desktop":{"background-color":"var(--ast-global-color-5)","background-image":"","background-repeat":"repeat","background-position":"center center","background-size":"auto","background-attachment":"scroll","background-type":"","background-media":"","overlay-type":"","overlay-color":"","overlay-opacity":"","overlay-gradient":""},"tablet":{"background-color":"var(--ast-global-color-5)","background-image":"","background-repeat":"repeat","background-position":"center center","background-size":"auto","background-attachment":"scroll","background-type":"","background-media":"","overlay-type":"","overlay-color":"","overlay-opacity":"","overlay-gradient":""},"mobile":{"background-color":"var(--ast-global-color-5)","background-image":"","background-repeat":"repeat","background-position":"center center","background-size":"auto","background-attachment":"scroll","background-type":"","background-media":"","overlay-type":"","overlay-color":"","overlay-opacity":"","overlay-gradient":""}},"jetpack_post_was_ever_published":false,"jetpack_publicize_message":"","jetpack_publicize_feature_enabled":true,"jetpack_social_post_already_shared":true,"jetpack_social_options":{"image_generator_settings":{"template":"highway","default_image_id":0,"font":"","enabled":false},"version":2}},"product_brand":[],"product_cat":[3141],"product_tag":[626,627,628,625,629],"class_list":{"0":"post-18680","1":"product","2":"type-product","3":"status-publish","4":"has-post-thumbnail","6":"product_cat-accesorios-para-torneado-de-madera","7":"product_tag-almohadilla-de-lijado","8":"product_tag-almohadilla-de-lijado-con-velcro","9":"product_tag-gancho-y-bucle","10":"product_tag-lijado","11":"product_tag-taladro-lijador","12":"desktop-align-left","13":"tablet-align-left","14":"mobile-align-left","15":"ast-product-gallery-layout-vertical-slider","16":"ast-product-tabs-layout-horizontal","18":"first","19":"instock","20":"shipping-taxable","21":"purchasable","22":"product-type-simple"},"jetpack_publicize_connections":[],"jetpack-related-posts":[{"id":20798,"url":"https:\/\/guydutoit.com\/es\/product\/discos-de-lija-de-75mm-granos-surtidos-para-torneado-de-madera\/","url_meta":{"origin":18680,"position":0},"title":"Discos de lija de 75mm | Granos surtidos para torneado de madera","author":"Guy du Toit","date":"5 de septiembre de 2025","format":false,"excerpt":"Este paquete de 80 discos de lija de 3 pulgadas (75 mm) con soporte de velcro ofrece ocho granos diferentes, de \u00e1spero a fino, para satisfacer todas sus necesidades de torneado y pulido de madera.","rel":"","context":"Entrada similar","block_context":{"text":"Entrada similar","link":""},"img":{"alt_text":"Paquete de 80 discos de lija surtidos de 75 mm con gancho y bucle (velcro) y m\u00faltiples granos para proyectos de torneado de madera.","src":"https:\/\/i0.wp.com\/guydutoit.com\/wp-content\/uploads\/2025\/09\/75mm-Sandpaper-Discs.jpg?fit=1100%2C740&ssl=1&resize=350%2C200","width":350,"height":200,"srcset":"https:\/\/i0.wp.com\/guydutoit.com\/wp-content\/uploads\/2025\/09\/75mm-Sandpaper-Discs.jpg?fit=1100%2C740&ssl=1&resize=350%2C200 1x, https:\/\/i0.wp.com\/guydutoit.com\/wp-content\/uploads\/2025\/09\/75mm-Sandpaper-Discs.jpg?fit=1100%2C740&ssl=1&resize=525%2C300 1.5x, https:\/\/i0.wp.com\/guydutoit.com\/wp-content\/uploads\/2025\/09\/75mm-Sandpaper-Discs.jpg?fit=1100%2C740&ssl=1&resize=700%2C400 2x, https:\/\/i0.wp.com\/guydutoit.com\/wp-content\/uploads\/2025\/09\/75mm-Sandpaper-Discs.jpg?fit=1100%2C740&ssl=1&resize=1050%2C600 3x"},"classes":[]},{"id":18683,"url":"https:\/\/guydutoit.com\/es\/product\/almohadillas-de-lijado-mixtas-ultrafinas\/","url_meta":{"origin":18680,"position":1},"title":"Almohadillas de lijado mixtas ultrafinas","author":"Guy du Toit","date":"7 de mayo de 2025","format":false,"excerpt":"Almohadillas de lijado ultrafinas de doble cara. De 1.500 a 12.000 granos. Ideal para lijar bol\u00edgrafos y otros kits torneados en madera acabados con CA (superglue) o para lijar y pulir art\u00edculos de resina acr\u00edlica.","rel":"","context":"Entrada similar","block_context":{"text":"Entrada similar","link":""},"img":{"alt_text":"Almohadillas de lijado ultrafinas","src":"https:\/\/i0.wp.com\/guydutoit.com\/wp-content\/uploads\/2025\/05\/Mixed-Sanding-Pads.jpg?fit=1100%2C740&ssl=1&resize=350%2C200","width":350,"height":200,"srcset":"https:\/\/i0.wp.com\/guydutoit.com\/wp-content\/uploads\/2025\/05\/Mixed-Sanding-Pads.jpg?fit=1100%2C740&ssl=1&resize=350%2C200 1x, https:\/\/i0.wp.com\/guydutoit.com\/wp-content\/uploads\/2025\/05\/Mixed-Sanding-Pads.jpg?fit=1100%2C740&ssl=1&resize=525%2C300 1.5x, https:\/\/i0.wp.com\/guydutoit.com\/wp-content\/uploads\/2025\/05\/Mixed-Sanding-Pads.jpg?fit=1100%2C740&ssl=1&resize=700%2C400 2x, https:\/\/i0.wp.com\/guydutoit.com\/wp-content\/uploads\/2025\/05\/Mixed-Sanding-Pads.jpg?fit=1100%2C740&ssl=1&resize=1050%2C600 3x"},"classes":[]},{"id":20799,"url":"https:\/\/guydutoit.com\/es\/product\/paquete-de-10-hojas-de-lija-carburo-de-silicio-electrocubierto\/","url_meta":{"origin":18680,"position":2},"title":"Paquete de 10 hojas de lija | Carburo de silicio electrocubierto","author":"Guy du Toit","date":"5 de septiembre de 2025","format":false,"excerpt":"Este paquete de 10 hojas de lija electro-revestidas de alta calidad es perfecto para el lijado en h\u00famedo y en seco. Disponible en cuatro granos esenciales (#180, #240, #320, #400) para garantizar un acabado impecable en sus proyectos de artesan\u00eda en madera.","rel":"","context":"Entrada similar","block_context":{"text":"Entrada similar","link":""},"img":{"alt_text":"Paquete de 10 hojas de lija de carburo de silicio resistentes al agua, disponibles en varios granos para trabajar y tornear la madera.","src":"https:\/\/i0.wp.com\/guydutoit.com\/wp-content\/uploads\/2025\/09\/Silicon-Carbide-Sanding-Sheets.jpg?fit=1100%2C740&ssl=1&resize=350%2C200","width":350,"height":200,"srcset":"https:\/\/i0.wp.com\/guydutoit.com\/wp-content\/uploads\/2025\/09\/Silicon-Carbide-Sanding-Sheets.jpg?fit=1100%2C740&ssl=1&resize=350%2C200 1x, https:\/\/i0.wp.com\/guydutoit.com\/wp-content\/uploads\/2025\/09\/Silicon-Carbide-Sanding-Sheets.jpg?fit=1100%2C740&ssl=1&resize=525%2C300 1.5x, https:\/\/i0.wp.com\/guydutoit.com\/wp-content\/uploads\/2025\/09\/Silicon-Carbide-Sanding-Sheets.jpg?fit=1100%2C740&ssl=1&resize=700%2C400 2x, https:\/\/i0.wp.com\/guydutoit.com\/wp-content\/uploads\/2025\/09\/Silicon-Carbide-Sanding-Sheets.jpg?fit=1100%2C740&ssl=1&resize=1050%2C600 3x"},"classes":[]},{"id":27788,"url":"https:\/\/guydutoit.com\/es\/product\/herramienta-de-pulido-de-cupula-para-torneado-de-madera-de-primera-calidad-100mm-de-diametro\/","url_meta":{"origin":18680,"position":3},"title":"Herramienta de pulido de c\u00fapula para torneado de madera de primera calidad 100Mm de di\u00e1metro","author":"Guy du Toit","date":"23 de enero de 2026","format":false,"excerpt":"Consiga acabados superficiales c\u00f3ncavos impecables con nuestra herramienta de pulido de c\u00fapula para torneado de madera de primera calidad. Se adapta a la mayor\u00eda de los taladros el\u00e9ctricos para facilitar su uso.","rel":"","context":"Entrada similar","block_context":{"text":"Entrada similar","link":""},"img":{"alt_text":"","src":"https:\/\/i0.wp.com\/guydutoit.com\/wp-content\/uploads\/2026\/01\/RZ-DPM100_001.jpg?fit=1100%2C740&ssl=1&resize=350%2C200","width":350,"height":200,"srcset":"https:\/\/i0.wp.com\/guydutoit.com\/wp-content\/uploads\/2026\/01\/RZ-DPM100_001.jpg?fit=1100%2C740&ssl=1&resize=350%2C200 1x, https:\/\/i0.wp.com\/guydutoit.com\/wp-content\/uploads\/2026\/01\/RZ-DPM100_001.jpg?fit=1100%2C740&ssl=1&resize=525%2C300 1.5x, https:\/\/i0.wp.com\/guydutoit.com\/wp-content\/uploads\/2026\/01\/RZ-DPM100_001.jpg?fit=1100%2C740&ssl=1&resize=700%2C400 2x, https:\/\/i0.wp.com\/guydutoit.com\/wp-content\/uploads\/2026\/01\/RZ-DPM100_001.jpg?fit=1100%2C740&ssl=1&resize=1050%2C600 3x"},"classes":[]},{"id":20803,"url":"https:\/\/guydutoit.com\/es\/product\/paquete-de-hojas-de-lija-de-grano-mixto\/","url_meta":{"origin":18680,"position":4},"title":"Paquete de hojas de lija de grano mixto","author":"Guy du Toit","date":"5 de septiembre de 2025","format":false,"excerpt":"Consiga el acabado perfecto en sus proyectos de torneado y artesan\u00eda en madera con nuestro duradero paquete mixto de hojas de lija impermeables. Este juego incluye 10 granos diferentes para el lijado en seco y en h\u00famedo.","rel":"","context":"Entrada similar","block_context":{"text":"Entrada similar","link":""},"img":{"alt_text":"Paquete mixto de hojas de lija de carburo de silicio impermeables para carpinter\u00eda y torneado de madera.","src":"https:\/\/i0.wp.com\/guydutoit.com\/wp-content\/uploads\/2025\/09\/Mixed-Grit-Sanding-sheets.jpg?fit=1100%2C740&ssl=1&resize=350%2C200","width":350,"height":200,"srcset":"https:\/\/i0.wp.com\/guydutoit.com\/wp-content\/uploads\/2025\/09\/Mixed-Grit-Sanding-sheets.jpg?fit=1100%2C740&ssl=1&resize=350%2C200 1x, https:\/\/i0.wp.com\/guydutoit.com\/wp-content\/uploads\/2025\/09\/Mixed-Grit-Sanding-sheets.jpg?fit=1100%2C740&ssl=1&resize=525%2C300 1.5x, https:\/\/i0.wp.com\/guydutoit.com\/wp-content\/uploads\/2025\/09\/Mixed-Grit-Sanding-sheets.jpg?fit=1100%2C740&ssl=1&resize=700%2C400 2x, https:\/\/i0.wp.com\/guydutoit.com\/wp-content\/uploads\/2025\/09\/Mixed-Grit-Sanding-sheets.jpg?fit=1100%2C740&ssl=1&resize=1050%2C600 3x"},"classes":[]},{"id":21702,"url":"https:\/\/guydutoit.com\/es\/product\/tapa-de-bronce-antiguo-para-popurri-de-tulipanes\/","url_meta":{"origin":18680,"position":5},"title":"Tapa de Bronce Antiguo para Popurr\u00ed de Tulipanes","author":"","date":"31 de octubre de 2025","format":false,"excerpt":"Tapa de popurr\u00ed de tulip\u00e1n de bronce antiguo de 80 mm. El toque final perfecto y de alta gama para sus cuencos de madera torneada. Transforma instant\u00e1neamente un simple recipiente de madera en un difusor de fragancias funcional y de primera calidad con un gran atractivo en el mercado.","rel":"","context":"Entrada similar","block_context":{"text":"Entrada similar","link":""},"img":{"alt_text":"Tapa de bronce antiguo para popurr\u00ed de tulipanes para proyectos de torneado de madera","src":"https:\/\/i0.wp.com\/guydutoit.com\/wp-content\/uploads\/2025\/10\/Antique-bronze-tulips-potpourri-lid.jpg?fit=1100%2C740&ssl=1&resize=350%2C200","width":350,"height":200,"srcset":"https:\/\/i0.wp.com\/guydutoit.com\/wp-content\/uploads\/2025\/10\/Antique-bronze-tulips-potpourri-lid.jpg?fit=1100%2C740&ssl=1&resize=350%2C200 1x, https:\/\/i0.wp.com\/guydutoit.com\/wp-content\/uploads\/2025\/10\/Antique-bronze-tulips-potpourri-lid.jpg?fit=1100%2C740&ssl=1&resize=525%2C300 1.5x, https:\/\/i0.wp.com\/guydutoit.com\/wp-content\/uploads\/2025\/10\/Antique-bronze-tulips-potpourri-lid.jpg?fit=1100%2C740&ssl=1&resize=700%2C400 2x, https:\/\/i0.wp.com\/guydutoit.com\/wp-content\/uploads\/2025\/10\/Antique-bronze-tulips-potpourri-lid.jpg?fit=1100%2C740&ssl=1&resize=1050%2C600 3x"},"classes":[]}],"jetpack_sharing_enabled":true,"jetpack_likes_enabled":true,"_links":{"self":[{"href":"https:\/\/guydutoit.com\/es\/wp-json\/wp\/v2\/product\/18680","targetHints":{"allow":["GET"]}}],"collection":[{"href":"https:\/\/guydutoit.com\/es\/wp-json\/wp\/v2\/product"}],"about":[{"href":"https:\/\/guydutoit.com\/es\/wp-json\/wp\/v2\/types\/product"}],"replies":[{"embeddable":true,"href":"https:\/\/guydutoit.com\/es\/wp-json\/wp\/v2\/comments?post=18680"}],"wp:featuredmedia":[{"embeddable":true,"href":"https:\/\/guydutoit.com\/es\/wp-json\/wp\/v2\/media\/18423"}],"wp:attachment":[{"href":"https:\/\/guydutoit.com\/es\/wp-json\/wp\/v2\/media?parent=18680"}],"wp:term":[{"taxonomy":"product_brand","embeddable":true,"href":"https:\/\/guydutoit.com\/es\/wp-json\/wp\/v2\/product_brand?post=18680"},{"taxonomy":"product_cat","embeddable":true,"href":"https:\/\/guydutoit.com\/es\/wp-json\/wp\/v2\/product_cat?post=18680"},{"taxonomy":"product_tag","embeddable":true,"href":"https:\/\/guydutoit.com\/es\/wp-json\/wp\/v2\/product_tag?post=18680"}],"curies":[{"name":"wp","href":"https:\/\/api.w.org\/{rel}","templated":true}]}}