{"id":26296,"date":"2026-01-23T00:50:22","date_gmt":"2026-01-22T23:50:22","guid":{"rendered":"https:\/\/guydutoit.com\/product\/kit-de-torneado-de-madera-giroscopio-cromado\/"},"modified":"2026-03-13T22:29:59","modified_gmt":"2026-03-13T21:29:59","slug":"kit-de-torneado-de-madera-giroscopio-cromado","status":"publish","type":"product","link":"https:\/\/guydutoit.com\/es\/product\/kit-de-torneado-de-madera-giroscopio-cromado\/","title":{"rendered":"Kit de torneado de madera giroscopio cromado"},"content":{"rendered":"<p>Cromado. Tubo de 10 mm con dise\u00f1o de rodamiento de bolas que le permite actuar como un giroscopio. Girar\u00e1 sobre cualquier superficie. Saca el kit que todos llevamos dentro. Torneado en un mandril, girar\u00e1 con precisi\u00f3n y es f\u00e1cil de hacer. El tama\u00f1o final es de aproximadamente 2-1\/4&#8243; de di\u00e1metro x 4&#8243; de alto. Accesorios: Casquillo (RZ-PK44#-BU) Tubos (RZ-BT44) Broca (RZ-DB010) Fresas de pluma (RZ-PM014). Puede descargar las instrucciones en PDF de este kit <a href=\"https:\/\/guydutoit.com\/wp-content\/uploads\/2026\/01\/Chrome-Plated-Gyroscope-Woodturning-Kit.pdf\">aqu\u00ed<\/a>.<\/p>\n","protected":false},"excerpt":{"rendered":"<p>Experimente el giro de precisi\u00f3n con nuestro kit de torneado de madera con giroscopio cromado. Libere su creatividad interior y haga manualidades con facilidad sobre cualquier superficie.<\/p>\n","protected":false},"featured_media":26301,"comment_status":"open","ping_status":"closed","template":"","meta":{"site-sidebar-layout":"","site-content-layout":"","ast-site-content-layout":"","site-content-style":"","site-sidebar-style":"","ast-global-header-display":"","ast-banner-title-visibility":"","ast-main-header-display":"","ast-hfb-above-header-display":"","ast-hfb-below-header-display":"","ast-hfb-mobile-header-display":"","site-post-title":"","ast-breadcrumbs-content":"","ast-featured-img":"","footer-sml-layout":"","ast-disable-related-posts":"","theme-transparent-header-meta":"","adv-header-id-meta":"","stick-header-meta":"","header-above-stick-meta":"","header-main-stick-meta":"","header-below-stick-meta":"","astra-migrate-meta-layouts":"default","ast-page-background-enabled":"default","ast-page-background-meta":{"desktop":{"background-color":"var(--ast-global-color-4)","background-image":"","background-repeat":"repeat","background-position":"center center","background-size":"auto","background-attachment":"scroll","background-type":"","background-media":"","overlay-type":"","overlay-color":"","overlay-opacity":"","overlay-gradient":""},"tablet":{"background-color":"","background-image":"","background-repeat":"repeat","background-position":"center center","background-size":"auto","background-attachment":"scroll","background-type":"","background-media":"","overlay-type":"","overlay-color":"","overlay-opacity":"","overlay-gradient":""},"mobile":{"background-color":"","background-image":"","background-repeat":"repeat","background-position":"center center","background-size":"auto","background-attachment":"scroll","background-type":"","background-media":"","overlay-type":"","overlay-color":"","overlay-opacity":"","overlay-gradient":""}},"ast-content-background-meta":{"desktop":{"background-color":"var(--ast-global-color-5)","background-image":"","background-repeat":"repeat","background-position":"center center","background-size":"auto","background-attachment":"scroll","background-type":"","background-media":"","overlay-type":"","overlay-color":"","overlay-opacity":"","overlay-gradient":""},"tablet":{"background-color":"var(--ast-global-color-5)","background-image":"","background-repeat":"repeat","background-position":"center center","background-size":"auto","background-attachment":"scroll","background-type":"","background-media":"","overlay-type":"","overlay-color":"","overlay-opacity":"","overlay-gradient":""},"mobile":{"background-color":"var(--ast-global-color-5)","background-image":"","background-repeat":"repeat","background-position":"center center","background-size":"auto","background-attachment":"scroll","background-type":"","background-media":"","overlay-type":"","overlay-color":"","overlay-opacity":"","overlay-gradient":""}},"jetpack_post_was_ever_published":false,"jetpack_publicize_message":"","jetpack_publicize_feature_enabled":true,"jetpack_social_post_already_shared":true,"jetpack_social_options":{"image_generator_settings":{"template":"highway","default_image_id":0,"font":"","enabled":false},"version":2}},"product_brand":[],"product_cat":[3141],"product_tag":[1695,1597,1765,1046,1766],"class_list":{"0":"post-26296","1":"product","2":"type-product","3":"status-publish","4":"has-post-thumbnail","6":"product_cat-accesorios-para-torneado-de-madera","7":"product_tag-accesorios-para-la-fabricacion-de-boligrafos","8":"product_tag-cromado-2","9":"product_tag-diseno-del-giroscopio","10":"product_tag-kits-de-torneado-de-madera","11":"product_tag-torneado-de-precision-2","12":"desktop-align-left","13":"tablet-align-left","14":"mobile-align-left","15":"ast-product-gallery-layout-vertical-slider","16":"ast-product-tabs-layout-horizontal","18":"first","19":"instock","20":"shipping-taxable","21":"purchasable","22":"product-type-simple"},"jetpack_publicize_connections":[],"jetpack-related-posts":[{"id":26659,"url":"https:\/\/guydutoit.com\/es\/product\/kit-de-torneado-de-madera-con-giroscopio-de-bolas-chapado-en-oro\/","url_meta":{"origin":26296,"position":0},"title":"Kit de torneado de madera con giroscopio de bolas chapado en oro","author":"Guy du Toit","date":"23 de enero de 2026","format":false,"excerpt":"Experimente la alegr\u00eda de girar con precisi\u00f3n sobre cualquier superficie con este kit de torneado de madera girosc\u00f3pico f\u00e1cil de fabricar. \u00a1Perfecto para dar rienda suelta a la creatividad!","rel":"","context":"Entrada similar","block_context":{"text":"Entrada similar","link":""},"img":{"alt_text":"","src":"https:\/\/i0.wp.com\/guydutoit.com\/wp-content\/uploads\/2026\/01\/RZ-PK44-G_001.jpg?fit=1100%2C740&ssl=1&resize=350%2C200","width":350,"height":200,"srcset":"https:\/\/i0.wp.com\/guydutoit.com\/wp-content\/uploads\/2026\/01\/RZ-PK44-G_001.jpg?fit=1100%2C740&ssl=1&resize=350%2C200 1x, https:\/\/i0.wp.com\/guydutoit.com\/wp-content\/uploads\/2026\/01\/RZ-PK44-G_001.jpg?fit=1100%2C740&ssl=1&resize=525%2C300 1.5x, https:\/\/i0.wp.com\/guydutoit.com\/wp-content\/uploads\/2026\/01\/RZ-PK44-G_001.jpg?fit=1100%2C740&ssl=1&resize=700%2C400 2x, https:\/\/i0.wp.com\/guydutoit.com\/wp-content\/uploads\/2026\/01\/RZ-PK44-G_001.jpg?fit=1100%2C740&ssl=1&resize=1050%2C600 3x"},"classes":[]},{"id":26304,"url":"https:\/\/guydutoit.com\/es\/product\/giroscopio-giratorio-chapado-en-metal-de-canon\/","url_meta":{"origin":26296,"position":1},"title":"Giroscopio giratorio chapado en metal de ca\u00f1\u00f3n","author":"Guy du Toit","date":"23 de enero de 2026","format":false,"excerpt":"Experimente la alegr\u00eda de girar con nuestro giroscopio giratorio chapado en metal de ca\u00f1\u00f3n. Torneado con precisi\u00f3n en un mandril, este tubo de 10 mm con dise\u00f1o de rodamiento de bolas gira sin esfuerzo sobre cualquier superficie, sacando el ni\u00f1o que lleva dentro.","rel":"","context":"Entrada similar","block_context":{"text":"Entrada similar","link":""},"img":{"alt_text":"","src":"https:\/\/i0.wp.com\/guydutoit.com\/wp-content\/uploads\/2026\/01\/RZ-PK44-GM_001.jpg?fit=1100%2C740&ssl=1&resize=350%2C200","width":350,"height":200,"srcset":"https:\/\/i0.wp.com\/guydutoit.com\/wp-content\/uploads\/2026\/01\/RZ-PK44-GM_001.jpg?fit=1100%2C740&ssl=1&resize=350%2C200 1x, https:\/\/i0.wp.com\/guydutoit.com\/wp-content\/uploads\/2026\/01\/RZ-PK44-GM_001.jpg?fit=1100%2C740&ssl=1&resize=525%2C300 1.5x, https:\/\/i0.wp.com\/guydutoit.com\/wp-content\/uploads\/2026\/01\/RZ-PK44-GM_001.jpg?fit=1100%2C740&ssl=1&resize=700%2C400 2x, https:\/\/i0.wp.com\/guydutoit.com\/wp-content\/uploads\/2026\/01\/RZ-PK44-GM_001.jpg?fit=1100%2C740&ssl=1&resize=1050%2C600 3x"},"classes":[]},{"id":18636,"url":"https:\/\/guydutoit.com\/es\/product\/kits-de-peonza\/","url_meta":{"origin":26296,"position":2},"title":"Kits de peonza","author":"Guy du Toit","date":"9 de mayo de 2025","format":false,"excerpt":"Kits de trompos para torneros.","rel":"","context":"Entrada similar","block_context":{"text":"Entrada similar","link":""},"img":{"alt_text":"Kits de peonza","src":"https:\/\/i0.wp.com\/guydutoit.com\/wp-content\/uploads\/2025\/05\/Spinning-Top-Kits.jpg?fit=1100%2C740&ssl=1&resize=350%2C200","width":350,"height":200,"srcset":"https:\/\/i0.wp.com\/guydutoit.com\/wp-content\/uploads\/2025\/05\/Spinning-Top-Kits.jpg?fit=1100%2C740&ssl=1&resize=350%2C200 1x, https:\/\/i0.wp.com\/guydutoit.com\/wp-content\/uploads\/2025\/05\/Spinning-Top-Kits.jpg?fit=1100%2C740&ssl=1&resize=525%2C300 1.5x, https:\/\/i0.wp.com\/guydutoit.com\/wp-content\/uploads\/2025\/05\/Spinning-Top-Kits.jpg?fit=1100%2C740&ssl=1&resize=700%2C400 2x, https:\/\/i0.wp.com\/guydutoit.com\/wp-content\/uploads\/2025\/05\/Spinning-Top-Kits.jpg?fit=1100%2C740&ssl=1&resize=1050%2C600 3x"},"classes":[]},{"id":28750,"url":"https:\/\/guydutoit.com\/es\/product\/boligrafo-cromado-premium-para-torneado-de-madera-verde\/","url_meta":{"origin":26296,"position":3},"title":"Bol\u00edgrafo cromado premium para torneado de madera verde","author":"Guy du Toit","date":"23 de enero de 2026","format":false,"excerpt":"Gire sin esfuerzo con este elegante bol\u00edgrafo de dise\u00f1o monotubo cromado y capuch\u00f3n de acci\u00f3n giratoria. Perfecto para el uso diario.","rel":"","context":"Entrada similar","block_context":{"text":"Entrada similar","link":""},"img":{"alt_text":"","src":"https:\/\/i0.wp.com\/guydutoit.com\/wp-content\/uploads\/2026\/01\/RZ-BP40-CGR_002.jpg?fit=1100%2C740&ssl=1&resize=350%2C200","width":350,"height":200,"srcset":"https:\/\/i0.wp.com\/guydutoit.com\/wp-content\/uploads\/2026\/01\/RZ-BP40-CGR_002.jpg?fit=1100%2C740&ssl=1&resize=350%2C200 1x, https:\/\/i0.wp.com\/guydutoit.com\/wp-content\/uploads\/2026\/01\/RZ-BP40-CGR_002.jpg?fit=1100%2C740&ssl=1&resize=525%2C300 1.5x, https:\/\/i0.wp.com\/guydutoit.com\/wp-content\/uploads\/2026\/01\/RZ-BP40-CGR_002.jpg?fit=1100%2C740&ssl=1&resize=700%2C400 2x, https:\/\/i0.wp.com\/guydutoit.com\/wp-content\/uploads\/2026\/01\/RZ-BP40-CGR_002.jpg?fit=1100%2C740&ssl=1&resize=1050%2C600 3x"},"classes":[]},{"id":28726,"url":"https:\/\/guydutoit.com\/es\/product\/boligrafo-cromado-azul-para-madera\/","url_meta":{"origin":26296,"position":4},"title":"Bol\u00edgrafo cromado azul para madera","author":"Guy du Toit","date":"23 de enero de 2026","format":false,"excerpt":"Gire sin esfuerzo con este elegante bol\u00edgrafo azul cromado. Basta con girar para empezar a elaborar. Un compa\u00f1ero fiable para el uso diario.","rel":"","context":"Entrada similar","block_context":{"text":"Entrada similar","link":""},"img":{"alt_text":"","src":"https:\/\/i0.wp.com\/guydutoit.com\/wp-content\/uploads\/2026\/01\/RZ-BP40-CBL_001.jpg?fit=1100%2C740&ssl=1&resize=350%2C200","width":350,"height":200,"srcset":"https:\/\/i0.wp.com\/guydutoit.com\/wp-content\/uploads\/2026\/01\/RZ-BP40-CBL_001.jpg?fit=1100%2C740&ssl=1&resize=350%2C200 1x, https:\/\/i0.wp.com\/guydutoit.com\/wp-content\/uploads\/2026\/01\/RZ-BP40-CBL_001.jpg?fit=1100%2C740&ssl=1&resize=525%2C300 1.5x, https:\/\/i0.wp.com\/guydutoit.com\/wp-content\/uploads\/2026\/01\/RZ-BP40-CBL_001.jpg?fit=1100%2C740&ssl=1&resize=700%2C400 2x, https:\/\/i0.wp.com\/guydutoit.com\/wp-content\/uploads\/2026\/01\/RZ-BP40-CBL_001.jpg?fit=1100%2C740&ssl=1&resize=1050%2C600 3x"},"classes":[]},{"id":28768,"url":"https:\/\/guydutoit.com\/es\/product\/boligrafo-cromado-rojo-para-madera\/","url_meta":{"origin":26296,"position":5},"title":"Bol\u00edgrafo cromado rojo para madera","author":"Guy du Toit","date":"23 de enero de 2026","format":false,"excerpt":"Experimente el giro sin esfuerzo con este elegante bol\u00edgrafo de dise\u00f1o monotubo. Basta con girar el tap\u00f3n para empezar a crear. Perfecto para el uso diario.","rel":"","context":"Entrada similar","block_context":{"text":"Entrada similar","link":""},"img":{"alt_text":"","src":"https:\/\/i0.wp.com\/guydutoit.com\/wp-content\/uploads\/2026\/01\/RZ-BP40-CRE_001.jpg?fit=1100%2C740&ssl=1&resize=350%2C200","width":350,"height":200,"srcset":"https:\/\/i0.wp.com\/guydutoit.com\/wp-content\/uploads\/2026\/01\/RZ-BP40-CRE_001.jpg?fit=1100%2C740&ssl=1&resize=350%2C200 1x, https:\/\/i0.wp.com\/guydutoit.com\/wp-content\/uploads\/2026\/01\/RZ-BP40-CRE_001.jpg?fit=1100%2C740&ssl=1&resize=525%2C300 1.5x, https:\/\/i0.wp.com\/guydutoit.com\/wp-content\/uploads\/2026\/01\/RZ-BP40-CRE_001.jpg?fit=1100%2C740&ssl=1&resize=700%2C400 2x, https:\/\/i0.wp.com\/guydutoit.com\/wp-content\/uploads\/2026\/01\/RZ-BP40-CRE_001.jpg?fit=1100%2C740&ssl=1&resize=1050%2C600 3x"},"classes":[]}],"jetpack_sharing_enabled":true,"jetpack_likes_enabled":true,"_links":{"self":[{"href":"https:\/\/guydutoit.com\/es\/wp-json\/wp\/v2\/product\/26296","targetHints":{"allow":["GET"]}}],"collection":[{"href":"https:\/\/guydutoit.com\/es\/wp-json\/wp\/v2\/product"}],"about":[{"href":"https:\/\/guydutoit.com\/es\/wp-json\/wp\/v2\/types\/product"}],"replies":[{"embeddable":true,"href":"https:\/\/guydutoit.com\/es\/wp-json\/wp\/v2\/comments?post=26296"}],"wp:featuredmedia":[{"embeddable":true,"href":"https:\/\/guydutoit.com\/es\/wp-json\/wp\/v2\/media\/26301"}],"wp:attachment":[{"href":"https:\/\/guydutoit.com\/es\/wp-json\/wp\/v2\/media?parent=26296"}],"wp:term":[{"taxonomy":"product_brand","embeddable":true,"href":"https:\/\/guydutoit.com\/es\/wp-json\/wp\/v2\/product_brand?post=26296"},{"taxonomy":"product_cat","embeddable":true,"href":"https:\/\/guydutoit.com\/es\/wp-json\/wp\/v2\/product_cat?post=26296"},{"taxonomy":"product_tag","embeddable":true,"href":"https:\/\/guydutoit.com\/es\/wp-json\/wp\/v2\/product_tag?post=26296"}],"curies":[{"name":"wp","href":"https:\/\/api.w.org\/{rel}","templated":true}]}}