{"id":26542,"date":"2026-01-23T01:05:21","date_gmt":"2026-01-23T00:05:21","guid":{"rendered":"https:\/\/guydutoit.com\/product\/tapa-de-popurri-de-pino-rosa-antiguo-de-cobre\/"},"modified":"2026-01-23T01:05:21","modified_gmt":"2026-01-23T00:05:21","slug":"tapa-de-popurri-de-pino-rosa-antiguo-de-cobre","status":"publish","type":"product","link":"https:\/\/guydutoit.com\/es\/product\/tapa-de-popurri-de-pino-rosa-antiguo-de-cobre\/","title":{"rendered":"Tapa de popurr\u00ed de pino rosa antiguo de cobre"},"content":{"rendered":"<p>Tapa para popurr\u00ed de pi\u00f1ones en cobre rosa antiguo. Materiales: Aleaci\u00f3n de zinc. Tama\u00f1o:80 mm de di\u00e1metro. Cada tapa est\u00e1 dise\u00f1ada para permitir que el aroma salga por la parte superior de la tapa. Estas tapas tambi\u00e9n pueden colocarse en cualquier estilo de cuenco o plato peque\u00f1o. Hay muchos estilos para su elecci\u00f3n, bienvenido al pedido.<\/p>\n","protected":false},"excerpt":{"rendered":"<p>Realce su espacio con nuestra tapa para popurr\u00ed de pi\u00f1ones en cobre rosa antiguo. Dise\u00f1ado para liberar aromas de forma eficaz, se adapta a cualquier cuenco o plato peque\u00f1o.<\/p>\n","protected":false},"featured_media":26549,"comment_status":"open","ping_status":"closed","template":"","meta":{"site-sidebar-layout":"","site-content-layout":"","ast-site-content-layout":"","site-content-style":"","site-sidebar-style":"","ast-global-header-display":"","ast-banner-title-visibility":"","ast-main-header-display":"","ast-hfb-above-header-display":"","ast-hfb-below-header-display":"","ast-hfb-mobile-header-display":"","site-post-title":"","ast-breadcrumbs-content":"","ast-featured-img":"","footer-sml-layout":"","ast-disable-related-posts":"","theme-transparent-header-meta":"","adv-header-id-meta":"","stick-header-meta":"","header-above-stick-meta":"","header-main-stick-meta":"","header-below-stick-meta":"","astra-migrate-meta-layouts":"default","ast-page-background-enabled":"default","ast-page-background-meta":{"desktop":{"background-color":"var(--ast-global-color-4)","background-image":"","background-repeat":"repeat","background-position":"center center","background-size":"auto","background-attachment":"scroll","background-type":"","background-media":"","overlay-type":"","overlay-color":"","overlay-opacity":"","overlay-gradient":""},"tablet":{"background-color":"","background-image":"","background-repeat":"repeat","background-position":"center center","background-size":"auto","background-attachment":"scroll","background-type":"","background-media":"","overlay-type":"","overlay-color":"","overlay-opacity":"","overlay-gradient":""},"mobile":{"background-color":"","background-image":"","background-repeat":"repeat","background-position":"center center","background-size":"auto","background-attachment":"scroll","background-type":"","background-media":"","overlay-type":"","overlay-color":"","overlay-opacity":"","overlay-gradient":""}},"ast-content-background-meta":{"desktop":{"background-color":"var(--ast-global-color-5)","background-image":"","background-repeat":"repeat","background-position":"center center","background-size":"auto","background-attachment":"scroll","background-type":"","background-media":"","overlay-type":"","overlay-color":"","overlay-opacity":"","overlay-gradient":""},"tablet":{"background-color":"var(--ast-global-color-5)","background-image":"","background-repeat":"repeat","background-position":"center center","background-size":"auto","background-attachment":"scroll","background-type":"","background-media":"","overlay-type":"","overlay-color":"","overlay-opacity":"","overlay-gradient":""},"mobile":{"background-color":"var(--ast-global-color-5)","background-image":"","background-repeat":"repeat","background-position":"center center","background-size":"auto","background-attachment":"scroll","background-type":"","background-media":"","overlay-type":"","overlay-color":"","overlay-opacity":"","overlay-gradient":""}},"jetpack_post_was_ever_published":false,"jetpack_publicize_message":"","jetpack_publicize_feature_enabled":true,"jetpack_social_post_already_shared":true,"jetpack_social_options":{"image_generator_settings":{"template":"highway","default_image_id":0,"font":"","enabled":false},"version":2}},"product_brand":[],"product_cat":[31],"product_tag":[2013,2011,1670,2012,1163],"class_list":{"0":"post-26542","1":"product","2":"type-product","3":"status-publish","4":"has-post-thumbnail","6":"product_cat-uncategorized","7":"product_tag-accesorios-para-cuencos-pequenos","8":"product_tag-aleacion-de-zinc","9":"product_tag-cobre-rosa-antiguo","10":"product_tag-decoracion-perfumada","11":"product_tag-tapa-de-popurri","12":"desktop-align-left","13":"tablet-align-left","14":"mobile-align-left","15":"ast-product-gallery-layout-vertical-slider","16":"ast-product-tabs-layout-horizontal","18":"first","19":"instock","20":"shipping-taxable","21":"purchasable","22":"product-type-simple"},"jetpack_publicize_connections":[],"jetpack-related-posts":[{"id":21705,"url":"https:\/\/guydutoit.com\/es\/product\/tapa-para-popurri-de-pinones-de-cobre-rosa-antiguo\/","url_meta":{"origin":26542,"position":0},"title":"Tapa para popurr\u00ed de pi\u00f1ones Rose Copper: La mejora artesanal","author":"","date":"31 de octubre de 2025","format":false,"excerpt":"Tapa de pi\u00f1\u00f3n de cobre rosa antiguo de 80 mm. El accesorio de ferreter\u00eda de primera calidad que transforma al instante sus peque\u00f1os recipientes torneados en difusores de fragancia funcionales y de gran valor. Utilice esta tapa para elevar su artesan\u00eda y aumentar la comerciabilidad de sus cuencos de madera.","rel":"","context":"Entrada similar","block_context":{"text":"Entrada similar","link":""},"img":{"alt_text":"Tapa de pi\u00f1\u00f3n de cobre rosa antiguo para proyectos de torneado de madera","src":"https:\/\/i0.wp.com\/guydutoit.com\/wp-content\/uploads\/2025\/10\/Antique-rose-copper-pine-nut-potpourri-lid.jpg?fit=1100%2C740&ssl=1&resize=350%2C200","width":350,"height":200,"srcset":"https:\/\/i0.wp.com\/guydutoit.com\/wp-content\/uploads\/2025\/10\/Antique-rose-copper-pine-nut-potpourri-lid.jpg?fit=1100%2C740&ssl=1&resize=350%2C200 1x, https:\/\/i0.wp.com\/guydutoit.com\/wp-content\/uploads\/2025\/10\/Antique-rose-copper-pine-nut-potpourri-lid.jpg?fit=1100%2C740&ssl=1&resize=525%2C300 1.5x, https:\/\/i0.wp.com\/guydutoit.com\/wp-content\/uploads\/2025\/10\/Antique-rose-copper-pine-nut-potpourri-lid.jpg?fit=1100%2C740&ssl=1&resize=700%2C400 2x, https:\/\/i0.wp.com\/guydutoit.com\/wp-content\/uploads\/2025\/10\/Antique-rose-copper-pine-nut-potpourri-lid.jpg?fit=1100%2C740&ssl=1&resize=1050%2C600 3x"},"classes":[]},{"id":21885,"url":"https:\/\/guydutoit.com\/es\/product\/tapa-de-bronce-antiguo-para-popurri-de-tulipanes-copy\/","url_meta":{"origin":26542,"position":1},"title":"Tapa Rosa Cobre Osmanthus: Elegancia floral distintiva","author":"Guy du Toit","date":"3 de noviembre de 2025","format":false,"excerpt":"Tapa de popurr\u00ed de osmanthus rosa antiguo de cobre de 80 mm. Con un delicado e intrincado dise\u00f1o floral en un c\u00e1lido acabado cobre. Este herraje de primera calidad es ideal para crear y vender sofisticados cuencos torneados de gran valor con un acento decorativo \u00fanico y refinado.","rel":"","context":"Entrada similar","block_context":{"text":"Entrada similar","link":""},"img":{"alt_text":"Kit de torneado de madera con tapa de popurr\u00ed de osmanthus en cobre rosa antiguo","src":"https:\/\/i0.wp.com\/guydutoit.com\/wp-content\/uploads\/2025\/10\/Antique-rose-copper-osmanthus-potpourri-lid.jpg?fit=1100%2C740&ssl=1&resize=350%2C200","width":350,"height":200,"srcset":"https:\/\/i0.wp.com\/guydutoit.com\/wp-content\/uploads\/2025\/10\/Antique-rose-copper-osmanthus-potpourri-lid.jpg?fit=1100%2C740&ssl=1&resize=350%2C200 1x, https:\/\/i0.wp.com\/guydutoit.com\/wp-content\/uploads\/2025\/10\/Antique-rose-copper-osmanthus-potpourri-lid.jpg?fit=1100%2C740&ssl=1&resize=525%2C300 1.5x, https:\/\/i0.wp.com\/guydutoit.com\/wp-content\/uploads\/2025\/10\/Antique-rose-copper-osmanthus-potpourri-lid.jpg?fit=1100%2C740&ssl=1&resize=700%2C400 2x, https:\/\/i0.wp.com\/guydutoit.com\/wp-content\/uploads\/2025\/10\/Antique-rose-copper-osmanthus-potpourri-lid.jpg?fit=1100%2C740&ssl=1&resize=1050%2C600 3x"},"classes":[]},{"id":21702,"url":"https:\/\/guydutoit.com\/es\/product\/tapa-de-bronce-antiguo-para-popurri-de-tulipanes\/","url_meta":{"origin":26542,"position":2},"title":"Tapa de Bronce Antiguo para Popurr\u00ed de Tulipanes","author":"","date":"31 de octubre de 2025","format":false,"excerpt":"Tapa de popurr\u00ed de tulip\u00e1n de bronce antiguo de 80 mm. El toque final perfecto y de alta gama para sus cuencos de madera torneada. Transforma instant\u00e1neamente un simple recipiente de madera en un difusor de fragancias funcional y de primera calidad con un gran atractivo en el mercado.","rel":"","context":"Entrada similar","block_context":{"text":"Entrada similar","link":""},"img":{"alt_text":"Tapa de bronce antiguo para popurr\u00ed de tulipanes para proyectos de torneado de madera","src":"https:\/\/i0.wp.com\/guydutoit.com\/wp-content\/uploads\/2025\/10\/Antique-bronze-tulips-potpourri-lid.jpg?fit=1100%2C740&ssl=1&resize=350%2C200","width":350,"height":200,"srcset":"https:\/\/i0.wp.com\/guydutoit.com\/wp-content\/uploads\/2025\/10\/Antique-bronze-tulips-potpourri-lid.jpg?fit=1100%2C740&ssl=1&resize=350%2C200 1x, https:\/\/i0.wp.com\/guydutoit.com\/wp-content\/uploads\/2025\/10\/Antique-bronze-tulips-potpourri-lid.jpg?fit=1100%2C740&ssl=1&resize=525%2C300 1.5x, https:\/\/i0.wp.com\/guydutoit.com\/wp-content\/uploads\/2025\/10\/Antique-bronze-tulips-potpourri-lid.jpg?fit=1100%2C740&ssl=1&resize=700%2C400 2x, https:\/\/i0.wp.com\/guydutoit.com\/wp-content\/uploads\/2025\/10\/Antique-bronze-tulips-potpourri-lid.jpg?fit=1100%2C740&ssl=1&resize=1050%2C600 3x"},"classes":[]},{"id":21700,"url":"https:\/\/guydutoit.com\/es\/product\/el-acento-del-popurri-monarca\/","url_meta":{"origin":26542,"position":3},"title":"Tapa Mariposa Plata Antigua: El toque final para los cuencos Premium","author":"","date":"31 de octubre de 2025","format":false,"excerpt":"Tapa para popurr\u00ed Mariposa Plata Antigua de 0 mm. El herraje de gran impacto que transforma sus peque\u00f1os recipientes torneados en difusores decorativos de gran calidad y cohesi\u00f3n. A\u00f1ada a su l\u00ednea de productos una elegancia vintage instant\u00e1nea y una funcionalidad superior.","rel":"","context":"Entrada similar","block_context":{"text":"Entrada similar","link":""},"img":{"alt_text":"Tapa de popurr\u00ed mariposa de plata antigua","src":"https:\/\/i0.wp.com\/guydutoit.com\/wp-content\/uploads\/2025\/10\/Antique-silver-butterfly-potpourri-lid.jpg?fit=1100%2C740&ssl=1&resize=350%2C200","width":350,"height":200,"srcset":"https:\/\/i0.wp.com\/guydutoit.com\/wp-content\/uploads\/2025\/10\/Antique-silver-butterfly-potpourri-lid.jpg?fit=1100%2C740&ssl=1&resize=350%2C200 1x, https:\/\/i0.wp.com\/guydutoit.com\/wp-content\/uploads\/2025\/10\/Antique-silver-butterfly-potpourri-lid.jpg?fit=1100%2C740&ssl=1&resize=525%2C300 1.5x, https:\/\/i0.wp.com\/guydutoit.com\/wp-content\/uploads\/2025\/10\/Antique-silver-butterfly-potpourri-lid.jpg?fit=1100%2C740&ssl=1&resize=700%2C400 2x, https:\/\/i0.wp.com\/guydutoit.com\/wp-content\/uploads\/2025\/10\/Antique-silver-butterfly-potpourri-lid.jpg?fit=1100%2C740&ssl=1&resize=1050%2C600 3x"},"classes":[]},{"id":28907,"url":"https:\/\/guydutoit.com\/es\/product\/kit-de-boligrafo-giratorio-rosa-antiguo-de-cobre-pulido-a-vela\/","url_meta":{"origin":26542,"position":4},"title":"Kit de bol\u00edgrafo giratorio rosa antiguo de cobre pulido a vela","author":"Guy du Toit","date":"23 de enero de 2026","format":false,"excerpt":"Explore alta mar con este kit de bol\u00edgrafo giratorio de tem\u00e1tica n\u00e1utica, perfecto para los entusiastas de la navegaci\u00f3n. \u00a1Es un regalo estupendo!","rel":"","context":"Entrada similar","block_context":{"text":"Entrada similar","link":""},"img":{"alt_text":"","src":"https:\/\/i0.wp.com\/guydutoit.com\/wp-content\/uploads\/2026\/01\/RZ-BP241-ARCP_001.jpg?fit=1100%2C740&ssl=1&resize=350%2C200","width":350,"height":200,"srcset":"https:\/\/i0.wp.com\/guydutoit.com\/wp-content\/uploads\/2026\/01\/RZ-BP241-ARCP_001.jpg?fit=1100%2C740&ssl=1&resize=350%2C200 1x, https:\/\/i0.wp.com\/guydutoit.com\/wp-content\/uploads\/2026\/01\/RZ-BP241-ARCP_001.jpg?fit=1100%2C740&ssl=1&resize=525%2C300 1.5x, https:\/\/i0.wp.com\/guydutoit.com\/wp-content\/uploads\/2026\/01\/RZ-BP241-ARCP_001.jpg?fit=1100%2C740&ssl=1&resize=700%2C400 2x, https:\/\/i0.wp.com\/guydutoit.com\/wp-content\/uploads\/2026\/01\/RZ-BP241-ARCP_001.jpg?fit=1100%2C740&ssl=1&resize=1050%2C600 3x"},"classes":[]},{"id":26284,"url":"https:\/\/guydutoit.com\/es\/product\/kit-de-boligrafo-de-clic-art-deco-en-cobre-rosa-antiguo\/","url_meta":{"origin":26542,"position":5},"title":"Kit de bol\u00edgrafo de clic Art D\u00e9co en cobre rosa antiguo","author":"Guy du Toit","date":"23 de enero de 2026","format":false,"excerpt":"Experimente un toque de elegancia cl\u00e1sica con nuestro kit de bol\u00edgrafo de clic Art D\u00e9co en cobre rosa antiguo. Perfecto para un viaje nost\u00e1lgico al pasado.","rel":"","context":"Entrada similar","block_context":{"text":"Entrada similar","link":""},"img":{"alt_text":"","src":"https:\/\/i0.wp.com\/guydutoit.com\/wp-content\/uploads\/2026\/01\/RZ-BPCL178R-ARCP_001.jpg?fit=1100%2C740&ssl=1&resize=350%2C200","width":350,"height":200,"srcset":"https:\/\/i0.wp.com\/guydutoit.com\/wp-content\/uploads\/2026\/01\/RZ-BPCL178R-ARCP_001.jpg?fit=1100%2C740&ssl=1&resize=350%2C200 1x, https:\/\/i0.wp.com\/guydutoit.com\/wp-content\/uploads\/2026\/01\/RZ-BPCL178R-ARCP_001.jpg?fit=1100%2C740&ssl=1&resize=525%2C300 1.5x, https:\/\/i0.wp.com\/guydutoit.com\/wp-content\/uploads\/2026\/01\/RZ-BPCL178R-ARCP_001.jpg?fit=1100%2C740&ssl=1&resize=700%2C400 2x, https:\/\/i0.wp.com\/guydutoit.com\/wp-content\/uploads\/2026\/01\/RZ-BPCL178R-ARCP_001.jpg?fit=1100%2C740&ssl=1&resize=1050%2C600 3x"},"classes":[]}],"jetpack_sharing_enabled":true,"jetpack_likes_enabled":true,"_links":{"self":[{"href":"https:\/\/guydutoit.com\/es\/wp-json\/wp\/v2\/product\/26542","targetHints":{"allow":["GET"]}}],"collection":[{"href":"https:\/\/guydutoit.com\/es\/wp-json\/wp\/v2\/product"}],"about":[{"href":"https:\/\/guydutoit.com\/es\/wp-json\/wp\/v2\/types\/product"}],"replies":[{"embeddable":true,"href":"https:\/\/guydutoit.com\/es\/wp-json\/wp\/v2\/comments?post=26542"}],"wp:featuredmedia":[{"embeddable":true,"href":"https:\/\/guydutoit.com\/es\/wp-json\/wp\/v2\/media\/26549"}],"wp:attachment":[{"href":"https:\/\/guydutoit.com\/es\/wp-json\/wp\/v2\/media?parent=26542"}],"wp:term":[{"taxonomy":"product_brand","embeddable":true,"href":"https:\/\/guydutoit.com\/es\/wp-json\/wp\/v2\/product_brand?post=26542"},{"taxonomy":"product_cat","embeddable":true,"href":"https:\/\/guydutoit.com\/es\/wp-json\/wp\/v2\/product_cat?post=26542"},{"taxonomy":"product_tag","embeddable":true,"href":"https:\/\/guydutoit.com\/es\/wp-json\/wp\/v2\/product_tag?post=26542"}],"curies":[{"name":"wp","href":"https:\/\/api.w.org\/{rel}","templated":true}]}}