{"id":26793,"date":"2026-01-23T01:06:14","date_gmt":"2026-01-23T00:06:14","guid":{"rendered":"https:\/\/guydutoit.com\/product\/kit-de-pluma-con-cuerpo-de-dragon-pulido-rosa-antiguo\/"},"modified":"2026-01-23T01:06:14","modified_gmt":"2026-01-23T00:06:14","slug":"kit-de-pluma-con-cuerpo-de-dragon-pulido-rosa-antiguo","status":"publish","type":"product","link":"https:\/\/guydutoit.com\/es\/product\/kit-de-pluma-con-cuerpo-de-dragon-pulido-rosa-antiguo\/","title":{"rendered":"Kit de pluma con cuerpo de drag\u00f3n pulido rosa antiguo"},"content":{"rendered":"<p>Pulimento de cobre rosa antiguo, kits de bol\u00edgrafos largos. El clip es un cuerpo de drag\u00f3n completo. La banda presenta un drag\u00f3n doble tocando una pelota. La punta y el capuch\u00f3n del bol\u00edgrafo est\u00e1n cubiertos con el escama del drag\u00f3n. Los dragones chinos son s\u00edmbolos poderosos y ben\u00e9volos en la cultura china y est\u00e1n por todas partes en China: en leyendas, festivales, astrolog\u00eda, arte, nombres y modismos. Accesorios: Casquillo(RZ-BP231#-BU) Tubos (RZ-BT231) Mecanismo de giro(RZ-M6) Puede descargar las instrucciones en PDF de este kit <a href=\"https:\/\/guydutoit.com\/wp-content\/uploads\/2026\/01\/Antique-Rose-Copper-Polish-Dragon-Body-Pen-Kit.pdf\">aqu\u00ed<\/a>.<\/p>\n","protected":false},"excerpt":{"rendered":"<p>Elaborado con un poderoso dise\u00f1o de drag\u00f3n chino, este kit de pluma pulida en cobre rosa antiguo cuenta con un clip de cuerpo de drag\u00f3n completo, doble banda de drag\u00f3n y punta y capuch\u00f3n de pluma recubiertos de Squama.<\/p>\n","protected":false},"featured_media":26794,"comment_status":"open","ping_status":"closed","template":"","meta":{"site-sidebar-layout":"","site-content-layout":"","ast-site-content-layout":"","site-content-style":"","site-sidebar-style":"","ast-global-header-display":"","ast-banner-title-visibility":"","ast-main-header-display":"","ast-hfb-above-header-display":"","ast-hfb-below-header-display":"","ast-hfb-mobile-header-display":"","site-post-title":"","ast-breadcrumbs-content":"","ast-featured-img":"","footer-sml-layout":"","ast-disable-related-posts":"","theme-transparent-header-meta":"","adv-header-id-meta":"","stick-header-meta":"","header-above-stick-meta":"","header-main-stick-meta":"","header-below-stick-meta":"","astra-migrate-meta-layouts":"default","ast-page-background-enabled":"default","ast-page-background-meta":{"desktop":{"background-color":"var(--ast-global-color-4)","background-image":"","background-repeat":"repeat","background-position":"center center","background-size":"auto","background-attachment":"scroll","background-type":"","background-media":"","overlay-type":"","overlay-color":"","overlay-opacity":"","overlay-gradient":""},"tablet":{"background-color":"","background-image":"","background-repeat":"repeat","background-position":"center center","background-size":"auto","background-attachment":"scroll","background-type":"","background-media":"","overlay-type":"","overlay-color":"","overlay-opacity":"","overlay-gradient":""},"mobile":{"background-color":"","background-image":"","background-repeat":"repeat","background-position":"center center","background-size":"auto","background-attachment":"scroll","background-type":"","background-media":"","overlay-type":"","overlay-color":"","overlay-opacity":"","overlay-gradient":""}},"ast-content-background-meta":{"desktop":{"background-color":"var(--ast-global-color-5)","background-image":"","background-repeat":"repeat","background-position":"center center","background-size":"auto","background-attachment":"scroll","background-type":"","background-media":"","overlay-type":"","overlay-color":"","overlay-opacity":"","overlay-gradient":""},"tablet":{"background-color":"var(--ast-global-color-5)","background-image":"","background-repeat":"repeat","background-position":"center center","background-size":"auto","background-attachment":"scroll","background-type":"","background-media":"","overlay-type":"","overlay-color":"","overlay-opacity":"","overlay-gradient":""},"mobile":{"background-color":"var(--ast-global-color-5)","background-image":"","background-repeat":"repeat","background-position":"center center","background-size":"auto","background-attachment":"scroll","background-type":"","background-media":"","overlay-type":"","overlay-color":"","overlay-opacity":"","overlay-gradient":""}},"jetpack_post_was_ever_published":false,"jetpack_publicize_message":"","jetpack_publicize_feature_enabled":true,"jetpack_social_post_already_shared":true,"jetpack_social_options":{"image_generator_settings":{"template":"highway","default_image_id":0,"font":"","enabled":false},"version":2}},"product_brand":[],"product_cat":[31],"product_tag":[1592,1670,2228,2205,1046],"class_list":{"0":"post-26793","1":"product","2":"type-product","3":"status-publish","4":"has-post-thumbnail","6":"product_cat-uncategorized","7":"product_tag-accesorios-para-la-madera","8":"product_tag-cobre-rosa-antiguo","9":"product_tag-diseno-del-dragon-chino","10":"product_tag-kit-de-pluma-de-dragon","11":"product_tag-kits-de-torneado-de-madera","12":"desktop-align-left","13":"tablet-align-left","14":"mobile-align-left","15":"ast-product-gallery-layout-vertical-slider","16":"ast-product-tabs-layout-horizontal","18":"first","19":"instock","20":"shipping-taxable","21":"purchasable","22":"product-type-simple"},"jetpack_publicize_connections":[],"jetpack-related-posts":[{"id":26812,"url":"https:\/\/guydutoit.com\/es\/product\/kit-de-pluma-china-de-peltre-antiguo-con-clip-completo-de-dragon\/","url_meta":{"origin":26793,"position":0},"title":"Kit de pluma china de peltre antiguo con clip completo de drag\u00f3n","author":"Guy du Toit","date":"23 de enero de 2026","format":false,"excerpt":"Aproveche el poder del simbolismo chino con este kit de pluma de esta\u00f1o antiguo con intrincados detalles de drag\u00f3n.","rel":"","context":"Entrada similar","block_context":{"text":"Entrada similar","link":""},"img":{"alt_text":"","src":"https:\/\/i0.wp.com\/guydutoit.com\/wp-content\/uploads\/2026\/01\/RZ-BP231-AP_001.jpg?fit=1100%2C740&ssl=1&resize=350%2C200","width":350,"height":200,"srcset":"https:\/\/i0.wp.com\/guydutoit.com\/wp-content\/uploads\/2026\/01\/RZ-BP231-AP_001.jpg?fit=1100%2C740&ssl=1&resize=350%2C200 1x, https:\/\/i0.wp.com\/guydutoit.com\/wp-content\/uploads\/2026\/01\/RZ-BP231-AP_001.jpg?fit=1100%2C740&ssl=1&resize=525%2C300 1.5x, https:\/\/i0.wp.com\/guydutoit.com\/wp-content\/uploads\/2026\/01\/RZ-BP231-AP_001.jpg?fit=1100%2C740&ssl=1&resize=700%2C400 2x, https:\/\/i0.wp.com\/guydutoit.com\/wp-content\/uploads\/2026\/01\/RZ-BP231-AP_001.jpg?fit=1100%2C740&ssl=1&resize=1050%2C600 3x"},"classes":[]},{"id":26766,"url":"https:\/\/guydutoit.com\/es\/product\/kit-de-pluma-de-dragon-chino-de-bronce-antiguo\/","url_meta":{"origin":26793,"position":1},"title":"Kit de pluma de drag\u00f3n chino de bronce antiguo","author":"Guy du Toit","date":"23 de enero de 2026","format":false,"excerpt":"Elaborado con intrincados detalles de drag\u00f3n chino, este kit de pluma presenta un pulido de bronce antiguo, perfecto para los entusiastas del torneado de madera.","rel":"","context":"Entrada similar","block_context":{"text":"Entrada similar","link":""},"img":{"alt_text":"","src":"https:\/\/i0.wp.com\/guydutoit.com\/wp-content\/uploads\/2026\/01\/RZ-BP231-ABP_001.jpg?fit=1100%2C740&ssl=1&resize=350%2C200","width":350,"height":200,"srcset":"https:\/\/i0.wp.com\/guydutoit.com\/wp-content\/uploads\/2026\/01\/RZ-BP231-ABP_001.jpg?fit=1100%2C740&ssl=1&resize=350%2C200 1x, https:\/\/i0.wp.com\/guydutoit.com\/wp-content\/uploads\/2026\/01\/RZ-BP231-ABP_001.jpg?fit=1100%2C740&ssl=1&resize=525%2C300 1.5x, https:\/\/i0.wp.com\/guydutoit.com\/wp-content\/uploads\/2026\/01\/RZ-BP231-ABP_001.jpg?fit=1100%2C740&ssl=1&resize=700%2C400 2x, https:\/\/i0.wp.com\/guydutoit.com\/wp-content\/uploads\/2026\/01\/RZ-BP231-ABP_001.jpg?fit=1100%2C740&ssl=1&resize=1050%2C600 3x"},"classes":[]},{"id":26313,"url":"https:\/\/guydutoit.com\/es\/product\/kit-de-boligrafo-giratorio-art-deco-con-detalles-de-cobre-rosa-antiguo\/","url_meta":{"origin":26793,"position":2},"title":"Kit de bol\u00edgrafo giratorio Art D\u00e9co con detalles de cobre rosa antiguo","author":"Guy du Toit","date":"23 de enero de 2026","format":false,"excerpt":"Experimente un denso matiz cl\u00e1sico con nuestro kit de bol\u00edgrafo giratorio Art D\u00e9co con detalles en cobre rosa antiguo. Perfecto para dar un toque nost\u00e1lgico.","rel":"","context":"Entrada similar","block_context":{"text":"Entrada similar","link":""},"img":{"alt_text":"","src":"https:\/\/i0.wp.com\/guydutoit.com\/wp-content\/uploads\/2026\/01\/RZ-BP178-GPAR1_001.jpg?fit=1100%2C740&ssl=1&resize=350%2C200","width":350,"height":200,"srcset":"https:\/\/i0.wp.com\/guydutoit.com\/wp-content\/uploads\/2026\/01\/RZ-BP178-GPAR1_001.jpg?fit=1100%2C740&ssl=1&resize=350%2C200 1x, https:\/\/i0.wp.com\/guydutoit.com\/wp-content\/uploads\/2026\/01\/RZ-BP178-GPAR1_001.jpg?fit=1100%2C740&ssl=1&resize=525%2C300 1.5x, https:\/\/i0.wp.com\/guydutoit.com\/wp-content\/uploads\/2026\/01\/RZ-BP178-GPAR1_001.jpg?fit=1100%2C740&ssl=1&resize=700%2C400 2x, https:\/\/i0.wp.com\/guydutoit.com\/wp-content\/uploads\/2026\/01\/RZ-BP178-GPAR1_001.jpg?fit=1100%2C740&ssl=1&resize=1050%2C600 3x"},"classes":[]},{"id":28907,"url":"https:\/\/guydutoit.com\/es\/product\/kit-de-boligrafo-giratorio-rosa-antiguo-de-cobre-pulido-a-vela\/","url_meta":{"origin":26793,"position":3},"title":"Kit de bol\u00edgrafo giratorio rosa antiguo de cobre pulido a vela","author":"Guy du Toit","date":"23 de enero de 2026","format":false,"excerpt":"Explore alta mar con este kit de bol\u00edgrafo giratorio de tem\u00e1tica n\u00e1utica, perfecto para los entusiastas de la navegaci\u00f3n. \u00a1Es un regalo estupendo!","rel":"","context":"Entrada similar","block_context":{"text":"Entrada similar","link":""},"img":{"alt_text":"","src":"https:\/\/i0.wp.com\/guydutoit.com\/wp-content\/uploads\/2026\/01\/RZ-BP241-ARCP_001.jpg?fit=1100%2C740&ssl=1&resize=350%2C200","width":350,"height":200,"srcset":"https:\/\/i0.wp.com\/guydutoit.com\/wp-content\/uploads\/2026\/01\/RZ-BP241-ARCP_001.jpg?fit=1100%2C740&ssl=1&resize=350%2C200 1x, https:\/\/i0.wp.com\/guydutoit.com\/wp-content\/uploads\/2026\/01\/RZ-BP241-ARCP_001.jpg?fit=1100%2C740&ssl=1&resize=525%2C300 1.5x, https:\/\/i0.wp.com\/guydutoit.com\/wp-content\/uploads\/2026\/01\/RZ-BP241-ARCP_001.jpg?fit=1100%2C740&ssl=1&resize=700%2C400 2x, https:\/\/i0.wp.com\/guydutoit.com\/wp-content\/uploads\/2026\/01\/RZ-BP241-ARCP_001.jpg?fit=1100%2C740&ssl=1&resize=1050%2C600 3x"},"classes":[]},{"id":26284,"url":"https:\/\/guydutoit.com\/es\/product\/kit-de-boligrafo-de-clic-art-deco-en-cobre-rosa-antiguo\/","url_meta":{"origin":26793,"position":4},"title":"Kit de bol\u00edgrafo de clic Art D\u00e9co en cobre rosa antiguo","author":"Guy du Toit","date":"23 de enero de 2026","format":false,"excerpt":"Experimente un toque de elegancia cl\u00e1sica con nuestro kit de bol\u00edgrafo de clic Art D\u00e9co en cobre rosa antiguo. Perfecto para un viaje nost\u00e1lgico al pasado.","rel":"","context":"Entrada similar","block_context":{"text":"Entrada similar","link":""},"img":{"alt_text":"","src":"https:\/\/i0.wp.com\/guydutoit.com\/wp-content\/uploads\/2026\/01\/RZ-BPCL178R-ARCP_001.jpg?fit=1100%2C740&ssl=1&resize=350%2C200","width":350,"height":200,"srcset":"https:\/\/i0.wp.com\/guydutoit.com\/wp-content\/uploads\/2026\/01\/RZ-BPCL178R-ARCP_001.jpg?fit=1100%2C740&ssl=1&resize=350%2C200 1x, https:\/\/i0.wp.com\/guydutoit.com\/wp-content\/uploads\/2026\/01\/RZ-BPCL178R-ARCP_001.jpg?fit=1100%2C740&ssl=1&resize=525%2C300 1.5x, https:\/\/i0.wp.com\/guydutoit.com\/wp-content\/uploads\/2026\/01\/RZ-BPCL178R-ARCP_001.jpg?fit=1100%2C740&ssl=1&resize=700%2C400 2x, https:\/\/i0.wp.com\/guydutoit.com\/wp-content\/uploads\/2026\/01\/RZ-BPCL178R-ARCP_001.jpg?fit=1100%2C740&ssl=1&resize=1050%2C600 3x"},"classes":[]},{"id":28534,"url":"https:\/\/guydutoit.com\/es\/product\/kit-de-boligrafo-ciclotron-decorativo-en-bronce-antiguo\/","url_meta":{"origin":26793,"position":5},"title":"Kit de bol\u00edgrafo ciclotr\u00f3n decorativo en bronce antiguo","author":"Guy du Toit","date":"23 de enero de 2026","format":false,"excerpt":"Cree una elegante pluma de rueda giratoria con pulido de bronce antiguo. Una idea de regalo perfecta.","rel":"","context":"Entrada similar","block_context":{"text":"Entrada similar","link":""},"img":{"alt_text":"","src":"https:\/\/i0.wp.com\/guydutoit.com\/wp-content\/uploads\/2026\/01\/RZ-BP604-ABP_002.jpg?fit=1100%2C740&ssl=1&resize=350%2C200","width":350,"height":200,"srcset":"https:\/\/i0.wp.com\/guydutoit.com\/wp-content\/uploads\/2026\/01\/RZ-BP604-ABP_002.jpg?fit=1100%2C740&ssl=1&resize=350%2C200 1x, https:\/\/i0.wp.com\/guydutoit.com\/wp-content\/uploads\/2026\/01\/RZ-BP604-ABP_002.jpg?fit=1100%2C740&ssl=1&resize=525%2C300 1.5x, https:\/\/i0.wp.com\/guydutoit.com\/wp-content\/uploads\/2026\/01\/RZ-BP604-ABP_002.jpg?fit=1100%2C740&ssl=1&resize=700%2C400 2x, https:\/\/i0.wp.com\/guydutoit.com\/wp-content\/uploads\/2026\/01\/RZ-BP604-ABP_002.jpg?fit=1100%2C740&ssl=1&resize=1050%2C600 3x"},"classes":[]}],"jetpack_sharing_enabled":true,"jetpack_likes_enabled":true,"_links":{"self":[{"href":"https:\/\/guydutoit.com\/es\/wp-json\/wp\/v2\/product\/26793","targetHints":{"allow":["GET"]}}],"collection":[{"href":"https:\/\/guydutoit.com\/es\/wp-json\/wp\/v2\/product"}],"about":[{"href":"https:\/\/guydutoit.com\/es\/wp-json\/wp\/v2\/types\/product"}],"replies":[{"embeddable":true,"href":"https:\/\/guydutoit.com\/es\/wp-json\/wp\/v2\/comments?post=26793"}],"wp:featuredmedia":[{"embeddable":true,"href":"https:\/\/guydutoit.com\/es\/wp-json\/wp\/v2\/media\/26794"}],"wp:attachment":[{"href":"https:\/\/guydutoit.com\/es\/wp-json\/wp\/v2\/media?parent=26793"}],"wp:term":[{"taxonomy":"product_brand","embeddable":true,"href":"https:\/\/guydutoit.com\/es\/wp-json\/wp\/v2\/product_brand?post=26793"},{"taxonomy":"product_cat","embeddable":true,"href":"https:\/\/guydutoit.com\/es\/wp-json\/wp\/v2\/product_cat?post=26793"},{"taxonomy":"product_tag","embeddable":true,"href":"https:\/\/guydutoit.com\/es\/wp-json\/wp\/v2\/product_tag?post=26793"}],"curies":[{"name":"wp","href":"https:\/\/api.w.org\/{rel}","templated":true}]}}