{"id":26812,"date":"2026-01-23T01:05:25","date_gmt":"2026-01-23T00:05:25","guid":{"rendered":"https:\/\/guydutoit.com\/product\/kit-de-pluma-china-de-peltre-antiguo-con-clip-completo-de-dragon\/"},"modified":"2026-01-23T01:05:25","modified_gmt":"2026-01-23T00:05:25","slug":"kit-de-pluma-china-de-peltre-antiguo-con-clip-completo-de-dragon","status":"publish","type":"product","link":"https:\/\/guydutoit.com\/es\/product\/kit-de-pluma-china-de-peltre-antiguo-con-clip-completo-de-dragon\/","title":{"rendered":"Kit de pluma china de peltre antiguo con clip completo de drag\u00f3n"},"content":{"rendered":"<p>Esta\u00f1o antiguo, kits de bol\u00edgrafos largos. El clip es un cuerpo de drag\u00f3n completo. La banda presenta un drag\u00f3n doble tocando una pelota. La punta y el capuch\u00f3n del bol\u00edgrafo est\u00e1n cubiertos con el escama del drag\u00f3n. Los dragones chinos son s\u00edmbolos poderosos y ben\u00e9volos en la cultura china y est\u00e1n por todas partes en China: en leyendas, festivales, astrolog\u00eda, arte, nombres y modismos. Accesorios: Casquillo(RZ-BP231#-BU) Tubos (RZ-BT231) Mecanismo de giro(RZ-M6) Puede descargar las instrucciones en PDF de este kit <a href=\"https:\/\/guydutoit.com\/wp-content\/uploads\/2026\/01\/Antique-Pewter-Chinese-Dragon-Pen-Kit-With-Full-Dragon-Clip.pdf\">aqu\u00ed<\/a>.<\/p>\n","protected":false},"excerpt":{"rendered":"<p>Aproveche el poder del simbolismo chino con este kit de pluma de esta\u00f1o antiguo con intrincados detalles de drag\u00f3n.<\/p>\n","protected":false},"featured_media":26815,"comment_status":"open","ping_status":"closed","template":"","meta":{"site-sidebar-layout":"","site-content-layout":"","ast-site-content-layout":"","site-content-style":"","site-sidebar-style":"","ast-global-header-display":"","ast-banner-title-visibility":"","ast-main-header-display":"","ast-hfb-above-header-display":"","ast-hfb-below-header-display":"","ast-hfb-mobile-header-display":"","site-post-title":"","ast-breadcrumbs-content":"","ast-featured-img":"","footer-sml-layout":"","ast-disable-related-posts":"","theme-transparent-header-meta":"","adv-header-id-meta":"","stick-header-meta":"","header-above-stick-meta":"","header-main-stick-meta":"","header-below-stick-meta":"","astra-migrate-meta-layouts":"default","ast-page-background-enabled":"default","ast-page-background-meta":{"desktop":{"background-color":"var(--ast-global-color-4)","background-image":"","background-repeat":"repeat","background-position":"center center","background-size":"auto","background-attachment":"scroll","background-type":"","background-media":"","overlay-type":"","overlay-color":"","overlay-opacity":"","overlay-gradient":""},"tablet":{"background-color":"","background-image":"","background-repeat":"repeat","background-position":"center center","background-size":"auto","background-attachment":"scroll","background-type":"","background-media":"","overlay-type":"","overlay-color":"","overlay-opacity":"","overlay-gradient":""},"mobile":{"background-color":"","background-image":"","background-repeat":"repeat","background-position":"center center","background-size":"auto","background-attachment":"scroll","background-type":"","background-media":"","overlay-type":"","overlay-color":"","overlay-opacity":"","overlay-gradient":""}},"ast-content-background-meta":{"desktop":{"background-color":"var(--ast-global-color-5)","background-image":"","background-repeat":"repeat","background-position":"center center","background-size":"auto","background-attachment":"scroll","background-type":"","background-media":"","overlay-type":"","overlay-color":"","overlay-opacity":"","overlay-gradient":""},"tablet":{"background-color":"var(--ast-global-color-5)","background-image":"","background-repeat":"repeat","background-position":"center center","background-size":"auto","background-attachment":"scroll","background-type":"","background-media":"","overlay-type":"","overlay-color":"","overlay-opacity":"","overlay-gradient":""},"mobile":{"background-color":"var(--ast-global-color-5)","background-image":"","background-repeat":"repeat","background-position":"center center","background-size":"auto","background-attachment":"scroll","background-type":"","background-media":"","overlay-type":"","overlay-color":"","overlay-opacity":"","overlay-gradient":""}},"jetpack_post_was_ever_published":false,"jetpack_publicize_message":"","jetpack_publicize_feature_enabled":true,"jetpack_social_post_already_shared":true,"jetpack_social_options":{"image_generator_settings":{"template":"highway","default_image_id":0,"font":"","enabled":false},"version":2}},"product_brand":[],"product_cat":[31],"product_tag":[2238,2239,2228,2236,1046],"class_list":{"0":"post-26812","1":"product","2":"type-product","3":"status-publish","4":"has-post-thumbnail","6":"product_cat-uncategorized","7":"product_tag-accesorios-para-boligrafos-dragon","8":"product_tag-boligrafos-con-mecanismo-de-giro","9":"product_tag-diseno-del-dragon-chino","10":"product_tag-juegos-de-plumas-antiguas-de-estano","11":"product_tag-kits-de-torneado-de-madera","12":"desktop-align-left","13":"tablet-align-left","14":"mobile-align-left","15":"ast-product-gallery-layout-vertical-slider","16":"ast-product-tabs-layout-horizontal","18":"first","19":"instock","20":"shipping-taxable","21":"purchasable","22":"product-type-simple"},"jetpack_publicize_connections":[],"jetpack-related-posts":[{"id":26825,"url":"https:\/\/guydutoit.com\/fr\/product\/kit-stylo-dragon-chinois-en-etain-antique-avec-clip-dragon-complet\/","url_meta":{"origin":26812,"position":0},"title":"Kit stylo dragon chinois en \u00e9tain antique avec clip dragon complet","author":"Guy du Toit","date":"23 de enero de 2026","format":false,"excerpt":"Exploitez le pouvoir du symbolisme chinois gr\u00e2ce \u00e0 ce stylo en \u00e9tain antique orn\u00e9 de d\u00e9tails de dragons.","rel":"","context":"Entrada similar","block_context":{"text":"Entrada similar","link":""},"img":{"alt_text":"","src":"https:\/\/i0.wp.com\/guydutoit.com\/wp-content\/uploads\/2026\/01\/RZ-BP231-AP_001.jpg?fit=1100%2C740&ssl=1&resize=350%2C200","width":350,"height":200,"srcset":"https:\/\/i0.wp.com\/guydutoit.com\/wp-content\/uploads\/2026\/01\/RZ-BP231-AP_001.jpg?fit=1100%2C740&ssl=1&resize=350%2C200 1x, https:\/\/i0.wp.com\/guydutoit.com\/wp-content\/uploads\/2026\/01\/RZ-BP231-AP_001.jpg?fit=1100%2C740&ssl=1&resize=525%2C300 1.5x, https:\/\/i0.wp.com\/guydutoit.com\/wp-content\/uploads\/2026\/01\/RZ-BP231-AP_001.jpg?fit=1100%2C740&ssl=1&resize=700%2C400 2x, https:\/\/i0.wp.com\/guydutoit.com\/wp-content\/uploads\/2026\/01\/RZ-BP231-AP_001.jpg?fit=1100%2C740&ssl=1&resize=1050%2C600 3x"},"classes":[]},{"id":26805,"url":"https:\/\/guydutoit.com\/fr\/product\/antique-rose-copper-polish-dragon-body-pen-kit\/","url_meta":{"origin":26812,"position":1},"title":"Antique Rose Copper Polish Dragon Body Pen Kit","author":"Guy du Toit","date":"23 de enero de 2026","format":false,"excerpt":"Fabriqu\u00e9 avec un puissant motif de dragon chinois, ce stylo \u00e0 bille en cuivre rose antique est dot\u00e9 d'un clip en forme de dragon, d'une double bande en forme de dragon et d'une pointe et d'un capuchon recouverts de squama.","rel":"","context":"Entrada similar","block_context":{"text":"Entrada similar","link":""},"img":{"alt_text":"","src":"https:\/\/i0.wp.com\/guydutoit.com\/wp-content\/uploads\/2026\/01\/RZ-BP231-ARCP_001.jpg?fit=1100%2C740&ssl=1&resize=350%2C200","width":350,"height":200,"srcset":"https:\/\/i0.wp.com\/guydutoit.com\/wp-content\/uploads\/2026\/01\/RZ-BP231-ARCP_001.jpg?fit=1100%2C740&ssl=1&resize=350%2C200 1x, https:\/\/i0.wp.com\/guydutoit.com\/wp-content\/uploads\/2026\/01\/RZ-BP231-ARCP_001.jpg?fit=1100%2C740&ssl=1&resize=525%2C300 1.5x, https:\/\/i0.wp.com\/guydutoit.com\/wp-content\/uploads\/2026\/01\/RZ-BP231-ARCP_001.jpg?fit=1100%2C740&ssl=1&resize=700%2C400 2x, https:\/\/i0.wp.com\/guydutoit.com\/wp-content\/uploads\/2026\/01\/RZ-BP231-ARCP_001.jpg?fit=1100%2C740&ssl=1&resize=1050%2C600 3x"},"classes":[]},{"id":26782,"url":"https:\/\/guydutoit.com\/fr\/product\/kit-stylo-dragon-chinois-en-bronze-antique\/","url_meta":{"origin":26812,"position":2},"title":"Kit stylo dragon chinois en bronze antique","author":"Guy du Toit","date":"23 de enero de 2026","format":false,"excerpt":"Fabriqu\u00e9 avec des d\u00e9tails complexes de dragon chinois, ce kit de stylo pr\u00e9sente un poli bronze antique, parfait pour les amateurs de tournage sur bois.","rel":"","context":"Entrada similar","block_context":{"text":"Entrada similar","link":""},"img":{"alt_text":"","src":"https:\/\/i0.wp.com\/guydutoit.com\/wp-content\/uploads\/2026\/01\/RZ-BP231-ABP_001.jpg?fit=1100%2C740&ssl=1&resize=350%2C200","width":350,"height":200,"srcset":"https:\/\/i0.wp.com\/guydutoit.com\/wp-content\/uploads\/2026\/01\/RZ-BP231-ABP_001.jpg?fit=1100%2C740&ssl=1&resize=350%2C200 1x, https:\/\/i0.wp.com\/guydutoit.com\/wp-content\/uploads\/2026\/01\/RZ-BP231-ABP_001.jpg?fit=1100%2C740&ssl=1&resize=525%2C300 1.5x, https:\/\/i0.wp.com\/guydutoit.com\/wp-content\/uploads\/2026\/01\/RZ-BP231-ABP_001.jpg?fit=1100%2C740&ssl=1&resize=700%2C400 2x, https:\/\/i0.wp.com\/guydutoit.com\/wp-content\/uploads\/2026\/01\/RZ-BP231-ABP_001.jpg?fit=1100%2C740&ssl=1&resize=1050%2C600 3x"},"classes":[]},{"id":29113,"url":"https:\/\/guydutoit.com\/fr\/product\/kit-stylo-plume-bronze-antique-polish-kitten\/","url_meta":{"origin":26812,"position":3},"title":"Kit Stylo Plume Bronze Antique Polish Kitten","author":"Guy du Toit","date":"23 de enero de 2026","format":false,"excerpt":"Surprenez les amoureux des chats avec cette trousse de stylo plume en bronze antique Polish Kitten, dot\u00e9e d'un joli clip de stylo pour chat, de gravures de pattes de chat amusantes et d'images de chatons mignons sur la bande centrale.","rel":"","context":"Entrada similar","block_context":{"text":"Entrada similar","link":""},"img":{"alt_text":"","src":"https:\/\/i0.wp.com\/guydutoit.com\/wp-content\/uploads\/2026\/01\/RZ-FP529-ABP_001.jpg?fit=1100%2C740&ssl=1&resize=350%2C200","width":350,"height":200,"srcset":"https:\/\/i0.wp.com\/guydutoit.com\/wp-content\/uploads\/2026\/01\/RZ-FP529-ABP_001.jpg?fit=1100%2C740&ssl=1&resize=350%2C200 1x, https:\/\/i0.wp.com\/guydutoit.com\/wp-content\/uploads\/2026\/01\/RZ-FP529-ABP_001.jpg?fit=1100%2C740&ssl=1&resize=525%2C300 1.5x, https:\/\/i0.wp.com\/guydutoit.com\/wp-content\/uploads\/2026\/01\/RZ-FP529-ABP_001.jpg?fit=1100%2C740&ssl=1&resize=700%2C400 2x, https:\/\/i0.wp.com\/guydutoit.com\/wp-content\/uploads\/2026\/01\/RZ-FP529-ABP_001.jpg?fit=1100%2C740&ssl=1&resize=1050%2C600 3x"},"classes":[]},{"id":26986,"url":"https:\/\/guydutoit.com\/fr\/product\/kit-stylo-plume-churchill-plaque-argent-premium\/","url_meta":{"origin":26812,"position":4},"title":"Kit stylo plume Churchill plaqu\u00e9 argent Premium","author":"Guy du Toit","date":"23 de enero de 2026","format":false,"excerpt":"Am\u00e9liorez votre tournage sur bois avec cet exquis kit de stylo-plume Churchill plaqu\u00e9 argent. Id\u00e9al pour confectionner des cadeaux luxueux.","rel":"","context":"Entrada similar","block_context":{"text":"Entrada similar","link":""},"img":{"alt_text":"","src":"https:\/\/i0.wp.com\/guydutoit.com\/wp-content\/uploads\/2026\/01\/RZ-FP71-SIL_002.jpg?fit=1100%2C740&ssl=1&resize=350%2C200","width":350,"height":200,"srcset":"https:\/\/i0.wp.com\/guydutoit.com\/wp-content\/uploads\/2026\/01\/RZ-FP71-SIL_002.jpg?fit=1100%2C740&ssl=1&resize=350%2C200 1x, https:\/\/i0.wp.com\/guydutoit.com\/wp-content\/uploads\/2026\/01\/RZ-FP71-SIL_002.jpg?fit=1100%2C740&ssl=1&resize=525%2C300 1.5x, https:\/\/i0.wp.com\/guydutoit.com\/wp-content\/uploads\/2026\/01\/RZ-FP71-SIL_002.jpg?fit=1100%2C740&ssl=1&resize=700%2C400 2x, https:\/\/i0.wp.com\/guydutoit.com\/wp-content\/uploads\/2026\/01\/RZ-FP71-SIL_002.jpg?fit=1100%2C740&ssl=1&resize=1050%2C600 3x"},"classes":[]},{"id":27018,"url":"https:\/\/guydutoit.com\/fr\/product\/kit-stylo-plume-churchill-plaque-or-premium\/","url_meta":{"origin":26812,"position":5},"title":"Kit stylo plume Churchill plaqu\u00e9 or Premium","author":"Guy du Toit","date":"23 de enero de 2026","format":false,"excerpt":"Am\u00e9liorez vos projets de tournage sur bois avec ce kit de stylo-plume Churchill plaqu\u00e9 or de premi\u00e8re qualit\u00e9. Parfait pour confectionner des cadeaux exquis.","rel":"","context":"Entrada similar","block_context":{"text":"Entrada similar","link":""},"img":{"alt_text":"","src":"https:\/\/i0.wp.com\/guydutoit.com\/wp-content\/uploads\/2026\/01\/RZ-FP71-G_002.jpg?fit=1100%2C740&ssl=1&resize=350%2C200","width":350,"height":200,"srcset":"https:\/\/i0.wp.com\/guydutoit.com\/wp-content\/uploads\/2026\/01\/RZ-FP71-G_002.jpg?fit=1100%2C740&ssl=1&resize=350%2C200 1x, https:\/\/i0.wp.com\/guydutoit.com\/wp-content\/uploads\/2026\/01\/RZ-FP71-G_002.jpg?fit=1100%2C740&ssl=1&resize=525%2C300 1.5x, https:\/\/i0.wp.com\/guydutoit.com\/wp-content\/uploads\/2026\/01\/RZ-FP71-G_002.jpg?fit=1100%2C740&ssl=1&resize=700%2C400 2x, https:\/\/i0.wp.com\/guydutoit.com\/wp-content\/uploads\/2026\/01\/RZ-FP71-G_002.jpg?fit=1100%2C740&ssl=1&resize=1050%2C600 3x"},"classes":[]}],"jetpack_sharing_enabled":true,"jetpack_likes_enabled":true,"_links":{"self":[{"href":"https:\/\/guydutoit.com\/es\/wp-json\/wp\/v2\/product\/26812","targetHints":{"allow":["GET"]}}],"collection":[{"href":"https:\/\/guydutoit.com\/es\/wp-json\/wp\/v2\/product"}],"about":[{"href":"https:\/\/guydutoit.com\/es\/wp-json\/wp\/v2\/types\/product"}],"replies":[{"embeddable":true,"href":"https:\/\/guydutoit.com\/es\/wp-json\/wp\/v2\/comments?post=26812"}],"wp:featuredmedia":[{"embeddable":true,"href":"https:\/\/guydutoit.com\/es\/wp-json\/wp\/v2\/media\/26815"}],"wp:attachment":[{"href":"https:\/\/guydutoit.com\/es\/wp-json\/wp\/v2\/media?parent=26812"}],"wp:term":[{"taxonomy":"product_brand","embeddable":true,"href":"https:\/\/guydutoit.com\/es\/wp-json\/wp\/v2\/product_brand?post=26812"},{"taxonomy":"product_cat","embeddable":true,"href":"https:\/\/guydutoit.com\/es\/wp-json\/wp\/v2\/product_cat?post=26812"},{"taxonomy":"product_tag","embeddable":true,"href":"https:\/\/guydutoit.com\/es\/wp-json\/wp\/v2\/product_tag?post=26812"}],"curies":[{"name":"wp","href":"https:\/\/api.w.org\/{rel}","templated":true}]}}