{"id":27132,"date":"2026-01-23T01:08:21","date_gmt":"2026-01-23T00:08:21","guid":{"rendered":"https:\/\/guydutoit.com\/product\/kit-ajustable-de-molinillo-de-ceramica-para-sal-y-pimienta-molido-de-grueso-a-fino\/"},"modified":"2026-01-23T01:08:21","modified_gmt":"2026-01-23T00:08:21","slug":"kit-ajustable-de-molinillo-de-ceramica-para-sal-y-pimienta-molido-de-grueso-a-fino","status":"publish","type":"product","link":"https:\/\/guydutoit.com\/es\/product\/kit-ajustable-de-molinillo-de-ceramica-para-sal-y-pimienta-molido-de-grueso-a-fino\/","title":{"rendered":"Kit ajustable de molinillo de cer\u00e1mica para sal y pimienta &#8211; Molido de grueso a fino"},"content":{"rendered":"<p>Kit de molinillo de sal y pimienta de cer\u00e1mica de 9 pulgadas.Le permite ajustar la molienda de gruesa a fina f\u00e1cilmente. Broca Forstner(RZ-FBS27, RZ-FBS38), extensi\u00f3n de broca Forstner(RZ-FBE38-08)<\/p>\n","protected":false},"excerpt":{"rendered":"<p>Ajuste f\u00e1cilmente el molido de grueso a fino con este kit de molinillo de cer\u00e1mica para sal y pimienta de 9 pulgadas.<\/p>\n","protected":false},"featured_media":27136,"comment_status":"open","ping_status":"closed","template":"","meta":{"site-sidebar-layout":"","site-content-layout":"","ast-site-content-layout":"","site-content-style":"","site-sidebar-style":"","ast-global-header-display":"","ast-banner-title-visibility":"","ast-main-header-display":"","ast-hfb-above-header-display":"","ast-hfb-below-header-display":"","ast-hfb-mobile-header-display":"","site-post-title":"","ast-breadcrumbs-content":"","ast-featured-img":"","footer-sml-layout":"","ast-disable-related-posts":"","theme-transparent-header-meta":"","adv-header-id-meta":"","stick-header-meta":"","header-above-stick-meta":"","header-main-stick-meta":"","header-below-stick-meta":"","astra-migrate-meta-layouts":"default","ast-page-background-enabled":"default","ast-page-background-meta":{"desktop":{"background-color":"var(--ast-global-color-4)","background-image":"","background-repeat":"repeat","background-position":"center center","background-size":"auto","background-attachment":"scroll","background-type":"","background-media":"","overlay-type":"","overlay-color":"","overlay-opacity":"","overlay-gradient":""},"tablet":{"background-color":"","background-image":"","background-repeat":"repeat","background-position":"center center","background-size":"auto","background-attachment":"scroll","background-type":"","background-media":"","overlay-type":"","overlay-color":"","overlay-opacity":"","overlay-gradient":""},"mobile":{"background-color":"","background-image":"","background-repeat":"repeat","background-position":"center center","background-size":"auto","background-attachment":"scroll","background-type":"","background-media":"","overlay-type":"","overlay-color":"","overlay-opacity":"","overlay-gradient":""}},"ast-content-background-meta":{"desktop":{"background-color":"var(--ast-global-color-5)","background-image":"","background-repeat":"repeat","background-position":"center center","background-size":"auto","background-attachment":"scroll","background-type":"","background-media":"","overlay-type":"","overlay-color":"","overlay-opacity":"","overlay-gradient":""},"tablet":{"background-color":"var(--ast-global-color-5)","background-image":"","background-repeat":"repeat","background-position":"center center","background-size":"auto","background-attachment":"scroll","background-type":"","background-media":"","overlay-type":"","overlay-color":"","overlay-opacity":"","overlay-gradient":""},"mobile":{"background-color":"var(--ast-global-color-5)","background-image":"","background-repeat":"repeat","background-position":"center center","background-size":"auto","background-attachment":"scroll","background-type":"","background-media":"","overlay-type":"","overlay-color":"","overlay-opacity":"","overlay-gradient":""}},"jetpack_post_was_ever_published":false,"jetpack_publicize_message":"","jetpack_publicize_feature_enabled":true,"jetpack_social_post_already_shared":true,"jetpack_social_options":{"image_generator_settings":{"template":"highway","default_image_id":0,"font":"","enabled":false},"version":2}},"product_brand":[],"product_cat":[31],"product_tag":[2499,1046,2498,2516,2515],"class_list":{"0":"post-27132","1":"product","2":"type-product","3":"status-publish","4":"has-post-thumbnail","6":"product_cat-uncategorized","7":"product_tag-broca-forstner","8":"product_tag-kits-de-torneado-de-madera","9":"product_tag-molienda-ajustable","10":"product_tag-molinillo-de-pimienta-de-ceramica","11":"product_tag-molino-de-sal-de-ceramica","12":"desktop-align-left","13":"tablet-align-left","14":"mobile-align-left","15":"ast-product-gallery-layout-vertical-slider","16":"ast-product-tabs-layout-horizontal","18":"first","19":"instock","20":"shipping-taxable","21":"purchasable","22":"product-type-simple"},"jetpack_publicize_connections":[],"jetpack-related-posts":[{"id":27160,"url":"https:\/\/guydutoit.com\/es\/product\/kit-ajustable-de-molinillo-de-ceramica-para-sal-y-pimienta-molido-grueso-a-fino\/","url_meta":{"origin":27132,"position":0},"title":"Kit ajustable de molinillo de cer\u00e1mica para sal y pimienta &#8211; Molido grueso a fino","author":"Guy du Toit","date":"23 de enero de 2026","format":false,"excerpt":"Ajuste f\u00e1cilmente el molido de grueso a fino con este kit de molinillo cer\u00e1mico de sal y pimienta de 5 pulgadas.","rel":"","context":"Entrada similar","block_context":{"text":"Entrada similar","link":""},"img":{"alt_text":"","src":"https:\/\/i0.wp.com\/guydutoit.com\/wp-content\/uploads\/2026\/01\/RZ-PK95-C005_003.jpg?fit=550%2C370&ssl=1&resize=350%2C200","width":350,"height":200,"srcset":"https:\/\/i0.wp.com\/guydutoit.com\/wp-content\/uploads\/2026\/01\/RZ-PK95-C005_003.jpg?fit=550%2C370&ssl=1&resize=350%2C200 1x, https:\/\/i0.wp.com\/guydutoit.com\/wp-content\/uploads\/2026\/01\/RZ-PK95-C005_003.jpg?fit=550%2C370&ssl=1&resize=525%2C300 1.5x"},"classes":[]},{"id":27108,"url":"https:\/\/guydutoit.com\/es\/product\/kit-ajustable-de-molinillo-de-ceramica-para-sal-y-pimienta-facil-control-de-molido\/","url_meta":{"origin":27132,"position":1},"title":"Kit ajustable de molinillo de cer\u00e1mica para sal y pimienta &#8211; F\u00e1cil control de molido","author":"Guy du Toit","date":"23 de enero de 2026","format":false,"excerpt":"Mejore su experiencia culinaria con este kit de molinillo de sal y pimienta de cer\u00e1mica de 12 pulgadas. Ajuste f\u00e1cilmente el molido de grueso a fino para un sazonado perfecto.","rel":"","context":"Entrada similar","block_context":{"text":"Entrada similar","link":""},"img":{"alt_text":"","src":"https:\/\/i0.wp.com\/guydutoit.com\/wp-content\/uploads\/2026\/01\/RZ-PK95-C012_003.jpg?fit=550%2C370&ssl=1&resize=350%2C200","width":350,"height":200,"srcset":"https:\/\/i0.wp.com\/guydutoit.com\/wp-content\/uploads\/2026\/01\/RZ-PK95-C012_003.jpg?fit=550%2C370&ssl=1&resize=350%2C200 1x, https:\/\/i0.wp.com\/guydutoit.com\/wp-content\/uploads\/2026\/01\/RZ-PK95-C012_003.jpg?fit=550%2C370&ssl=1&resize=525%2C300 1.5x"},"classes":[]},{"id":27139,"url":"https:\/\/guydutoit.com\/es\/product\/kit-ajustable-de-molinillo-de-ceramica-para-sal-y-pimienta-6-pulgadas\/","url_meta":{"origin":27132,"position":2},"title":"Kit ajustable de molinillo de cer\u00e1mica para sal y pimienta &#8211; 6 pulgadas","author":"Guy du Toit","date":"23 de enero de 2026","format":false,"excerpt":"Ajuste f\u00e1cilmente el molido de grueso a fino con este kit de molinillo cer\u00e1mico de sal y pimienta de 15 cm. Mejore su experiencia con los condimentos.","rel":"","context":"Entrada similar","block_context":{"text":"Entrada similar","link":""},"img":{"alt_text":"","src":"https:\/\/i0.wp.com\/guydutoit.com\/wp-content\/uploads\/2026\/01\/RZ-PK95-C006_002.jpg?fit=550%2C370&ssl=1&resize=350%2C200","width":350,"height":200,"srcset":"https:\/\/i0.wp.com\/guydutoit.com\/wp-content\/uploads\/2026\/01\/RZ-PK95-C006_002.jpg?fit=550%2C370&ssl=1&resize=350%2C200 1x, https:\/\/i0.wp.com\/guydutoit.com\/wp-content\/uploads\/2026\/01\/RZ-PK95-C006_002.jpg?fit=550%2C370&ssl=1&resize=525%2C300 1.5x"},"classes":[]},{"id":27156,"url":"https:\/\/guydutoit.com\/es\/product\/kit-ajustable-de-molinillo-de-ceramica-para-sal-y-pimienta-8-pulgadas\/","url_meta":{"origin":27132,"position":3},"title":"Kit ajustable de molinillo de cer\u00e1mica para sal y pimienta &#8211; 8 pulgadas","author":"Guy du Toit","date":"23 de enero de 2026","format":false,"excerpt":"Ajuste f\u00e1cilmente la molienda de gruesa a fina con este kit de molinillo de cer\u00e1mica para sal y pimienta de 8 pulgadas.","rel":"","context":"Entrada similar","block_context":{"text":"Entrada similar","link":""},"img":{"alt_text":"","src":"https:\/\/i0.wp.com\/guydutoit.com\/wp-content\/uploads\/2026\/01\/RZ-PK95-C008_002.jpg?fit=550%2C370&ssl=1&resize=350%2C200","width":350,"height":200,"srcset":"https:\/\/i0.wp.com\/guydutoit.com\/wp-content\/uploads\/2026\/01\/RZ-PK95-C008_002.jpg?fit=550%2C370&ssl=1&resize=350%2C200 1x, https:\/\/i0.wp.com\/guydutoit.com\/wp-content\/uploads\/2026\/01\/RZ-PK95-C008_002.jpg?fit=550%2C370&ssl=1&resize=525%2C300 1.5x"},"classes":[]},{"id":18642,"url":"https:\/\/guydutoit.com\/es\/product\/kit-de-torneado-de-madera-para-molinillo-de-sal-o-pimienta-de-ceramica\/","url_meta":{"origin":27132,"position":4},"title":"Kit de torneado de madera para molinillo de sal o pimienta de cer\u00e1mica","author":"Guy du Toit","date":"9 de mayo de 2025","format":false,"excerpt":"Kits de molinillo de sal o pimienta de cer\u00e1mica para torneado de madera","rel":"","context":"Entrada similar","block_context":{"text":"Entrada similar","link":""},"img":{"alt_text":"Kits de molinillos de pimienta torneados en madera","src":"https:\/\/i0.wp.com\/guydutoit.com\/wp-content\/uploads\/2025\/05\/Peppermill-kits.jpg?fit=1100%2C740&ssl=1&resize=350%2C200","width":350,"height":200,"srcset":"https:\/\/i0.wp.com\/guydutoit.com\/wp-content\/uploads\/2025\/05\/Peppermill-kits.jpg?fit=1100%2C740&ssl=1&resize=350%2C200 1x, https:\/\/i0.wp.com\/guydutoit.com\/wp-content\/uploads\/2025\/05\/Peppermill-kits.jpg?fit=1100%2C740&ssl=1&resize=525%2C300 1.5x, https:\/\/i0.wp.com\/guydutoit.com\/wp-content\/uploads\/2025\/05\/Peppermill-kits.jpg?fit=1100%2C740&ssl=1&resize=700%2C400 2x, https:\/\/i0.wp.com\/guydutoit.com\/wp-content\/uploads\/2025\/05\/Peppermill-kits.jpg?fit=1100%2C740&ssl=1&resize=1050%2C600 3x"},"classes":[]},{"id":27500,"url":"https:\/\/guydutoit.com\/es\/product\/kit-de-molinillo-de-sal-y-pimienta-con-manivela-de-10-pulgadas-y-mecanismo-de-molienda-de-ceramica\/","url_meta":{"origin":27132,"position":5},"title":"Kit de molinillo de sal y pimienta con manivela de 10 pulgadas y mecanismo de molienda de cer\u00e1mica","author":"Guy du Toit","date":"23 de enero de 2026","format":false,"excerpt":"Cree el set de regalo perfecto con este kit de molinillo de sal y pimienta f\u00e1cil de hacer. Ideal para cenas o mesas de picnic.","rel":"","context":"Entrada similar","block_context":{"text":"Entrada similar","link":""},"img":{"alt_text":"","src":"https:\/\/i0.wp.com\/guydutoit.com\/wp-content\/uploads\/2026\/01\/RZ-PK339-C010_002.jpg?fit=1100%2C740&ssl=1&resize=350%2C200","width":350,"height":200,"srcset":"https:\/\/i0.wp.com\/guydutoit.com\/wp-content\/uploads\/2026\/01\/RZ-PK339-C010_002.jpg?fit=1100%2C740&ssl=1&resize=350%2C200 1x, https:\/\/i0.wp.com\/guydutoit.com\/wp-content\/uploads\/2026\/01\/RZ-PK339-C010_002.jpg?fit=1100%2C740&ssl=1&resize=525%2C300 1.5x, https:\/\/i0.wp.com\/guydutoit.com\/wp-content\/uploads\/2026\/01\/RZ-PK339-C010_002.jpg?fit=1100%2C740&ssl=1&resize=700%2C400 2x, https:\/\/i0.wp.com\/guydutoit.com\/wp-content\/uploads\/2026\/01\/RZ-PK339-C010_002.jpg?fit=1100%2C740&ssl=1&resize=1050%2C600 3x"},"classes":[]}],"jetpack_sharing_enabled":true,"jetpack_likes_enabled":true,"_links":{"self":[{"href":"https:\/\/guydutoit.com\/es\/wp-json\/wp\/v2\/product\/27132","targetHints":{"allow":["GET"]}}],"collection":[{"href":"https:\/\/guydutoit.com\/es\/wp-json\/wp\/v2\/product"}],"about":[{"href":"https:\/\/guydutoit.com\/es\/wp-json\/wp\/v2\/types\/product"}],"replies":[{"embeddable":true,"href":"https:\/\/guydutoit.com\/es\/wp-json\/wp\/v2\/comments?post=27132"}],"wp:featuredmedia":[{"embeddable":true,"href":"https:\/\/guydutoit.com\/es\/wp-json\/wp\/v2\/media\/27136"}],"wp:attachment":[{"href":"https:\/\/guydutoit.com\/es\/wp-json\/wp\/v2\/media?parent=27132"}],"wp:term":[{"taxonomy":"product_brand","embeddable":true,"href":"https:\/\/guydutoit.com\/es\/wp-json\/wp\/v2\/product_brand?post=27132"},{"taxonomy":"product_cat","embeddable":true,"href":"https:\/\/guydutoit.com\/es\/wp-json\/wp\/v2\/product_cat?post=27132"},{"taxonomy":"product_tag","embeddable":true,"href":"https:\/\/guydutoit.com\/es\/wp-json\/wp\/v2\/product_tag?post=27132"}],"curies":[{"name":"wp","href":"https:\/\/api.w.org\/{rel}","templated":true}]}}