{"id":27600,"date":"2026-01-23T01:05:23","date_gmt":"2026-01-23T00:05:23","guid":{"rendered":"https:\/\/guydutoit.com\/product\/kit-de-boligrafo-roller-hurricane-cromado-premium\/"},"modified":"2026-01-23T01:05:23","modified_gmt":"2026-01-23T00:05:23","slug":"kit-de-boligrafo-roller-hurricane-cromado-premium","status":"publish","type":"product","link":"https:\/\/guydutoit.com\/es\/product\/kit-de-boligrafo-roller-hurricane-cromado-premium\/","title":{"rendered":"Kit de Bol\u00edgrafo Roller Hurricane Cromado Premium"},"content":{"rendered":"<p>Cromado. En los cl\u00e1sicos juegos de bol\u00edgrafos roller hurac\u00e1n, el suave y sedoso funcionamiento de la rosca del capuch\u00f3n y la experiencia de escritura se consiguen gracias a una rosca de acci\u00f3n r\u00e1pida y precisi\u00f3n. Puede atornillar sin esfuerzo sobre el tap\u00f3n al escribir. Accesorios: Casquillo(RZ-RP341#-BU) Tubos (RZ-BT341) Recambio(RZ-F20)<\/p>\n","protected":false},"excerpt":{"rendered":"<p>Experimente una escritura suave como la seda con nuestro kit de bol\u00edgrafo roller cl\u00e1sico Hurricane. Enrosque el tap\u00f3n sin esfuerzo para una experiencia de escritura de acci\u00f3n r\u00e1pida.<\/p>\n","protected":false},"featured_media":27602,"comment_status":"open","ping_status":"closed","template":"","meta":{"site-sidebar-layout":"","site-content-layout":"","ast-site-content-layout":"","site-content-style":"","site-sidebar-style":"","ast-global-header-display":"","ast-banner-title-visibility":"","ast-main-header-display":"","ast-hfb-above-header-display":"","ast-hfb-below-header-display":"","ast-hfb-mobile-header-display":"","site-post-title":"","ast-breadcrumbs-content":"","ast-featured-img":"","footer-sml-layout":"","ast-disable-related-posts":"","theme-transparent-header-meta":"","adv-header-id-meta":"","stick-header-meta":"","header-above-stick-meta":"","header-main-stick-meta":"","header-below-stick-meta":"","astra-migrate-meta-layouts":"default","ast-page-background-enabled":"default","ast-page-background-meta":{"desktop":{"background-color":"var(--ast-global-color-4)","background-image":"","background-repeat":"repeat","background-position":"center center","background-size":"auto","background-attachment":"scroll","background-type":"","background-media":"","overlay-type":"","overlay-color":"","overlay-opacity":"","overlay-gradient":""},"tablet":{"background-color":"","background-image":"","background-repeat":"repeat","background-position":"center center","background-size":"auto","background-attachment":"scroll","background-type":"","background-media":"","overlay-type":"","overlay-color":"","overlay-opacity":"","overlay-gradient":""},"mobile":{"background-color":"","background-image":"","background-repeat":"repeat","background-position":"center center","background-size":"auto","background-attachment":"scroll","background-type":"","background-media":"","overlay-type":"","overlay-color":"","overlay-opacity":"","overlay-gradient":""}},"ast-content-background-meta":{"desktop":{"background-color":"var(--ast-global-color-5)","background-image":"","background-repeat":"repeat","background-position":"center center","background-size":"auto","background-attachment":"scroll","background-type":"","background-media":"","overlay-type":"","overlay-color":"","overlay-opacity":"","overlay-gradient":""},"tablet":{"background-color":"var(--ast-global-color-5)","background-image":"","background-repeat":"repeat","background-position":"center center","background-size":"auto","background-attachment":"scroll","background-type":"","background-media":"","overlay-type":"","overlay-color":"","overlay-opacity":"","overlay-gradient":""},"mobile":{"background-color":"var(--ast-global-color-5)","background-image":"","background-repeat":"repeat","background-position":"center center","background-size":"auto","background-attachment":"scroll","background-type":"","background-media":"","overlay-type":"","overlay-color":"","overlay-opacity":"","overlay-gradient":""}},"jetpack_post_was_ever_published":false,"jetpack_publicize_message":"","jetpack_publicize_feature_enabled":true,"jetpack_social_post_already_shared":true,"jetpack_social_options":{"image_generator_settings":{"template":"highway","default_image_id":0,"font":"","enabled":false},"version":2}},"product_brand":[],"product_cat":[31],"product_tag":[1695,2757,2740,2756,1046],"class_list":{"0":"post-27600","1":"product","2":"type-product","3":"status-publish","4":"has-post-thumbnail","6":"product_cat-uncategorized","7":"product_tag-accesorios-para-la-fabricacion-de-boligrafos","8":"product_tag-boligrafo-roller-cromado","9":"product_tag-experiencia-de-escritura-fluida","10":"product_tag-kit-boligrafo-huracan","11":"product_tag-kits-de-torneado-de-madera","12":"desktop-align-left","13":"tablet-align-left","14":"mobile-align-left","15":"ast-product-gallery-layout-vertical-slider","16":"ast-product-tabs-layout-horizontal","18":"first","19":"instock","20":"shipping-taxable","21":"purchasable","22":"product-type-simple"},"jetpack_publicize_connections":[],"jetpack-related-posts":[{"id":28719,"url":"https:\/\/guydutoit.com\/es\/product\/kit-boligrafo-roller-clasico-hurricane-negro-cromado\/","url_meta":{"origin":27600,"position":0},"title":"Kit Bol\u00edgrafo Roller Cl\u00e1sico Hurricane Negro Cromado","author":"Guy du Toit","date":"23 de enero de 2026","format":false,"excerpt":"Experimente una escritura suave como la seda con la rosca de precisi\u00f3n de acci\u00f3n r\u00e1pida de este kit de bol\u00edgrafo roller cl\u00e1sico Hurricane en cromado negro.","rel":"","context":"Entrada similar","block_context":{"text":"Entrada similar","link":""},"img":{"alt_text":"","src":"https:\/\/i0.wp.com\/guydutoit.com\/wp-content\/uploads\/2026\/01\/RZ-RP341-BC_002.jpg?fit=1100%2C740&ssl=1&resize=350%2C200","width":350,"height":200,"srcset":"https:\/\/i0.wp.com\/guydutoit.com\/wp-content\/uploads\/2026\/01\/RZ-RP341-BC_002.jpg?fit=1100%2C740&ssl=1&resize=350%2C200 1x, https:\/\/i0.wp.com\/guydutoit.com\/wp-content\/uploads\/2026\/01\/RZ-RP341-BC_002.jpg?fit=1100%2C740&ssl=1&resize=525%2C300 1.5x, https:\/\/i0.wp.com\/guydutoit.com\/wp-content\/uploads\/2026\/01\/RZ-RP341-BC_002.jpg?fit=1100%2C740&ssl=1&resize=700%2C400 2x, https:\/\/i0.wp.com\/guydutoit.com\/wp-content\/uploads\/2026\/01\/RZ-RP341-BC_002.jpg?fit=1100%2C740&ssl=1&resize=1050%2C600 3x"},"classes":[]},{"id":27576,"url":"https:\/\/guydutoit.com\/es\/product\/kit-de-boligrafo-roller-hurricane-premium-banado-en-oro\/","url_meta":{"origin":27600,"position":1},"title":"Kit de Bol\u00edgrafo Roller Hurricane Premium ba\u00f1ado en oro","author":"Guy du Toit","date":"23 de enero de 2026","format":false,"excerpt":"Experimente una escritura suave como la seda con nuestro kit de bol\u00edgrafo roller cl\u00e1sico Hurricane. Enrosque el tap\u00f3n sin esfuerzo para una experiencia de escritura r\u00e1pida.","rel":"","context":"Entrada similar","block_context":{"text":"Entrada similar","link":""},"img":{"alt_text":"","src":"https:\/\/i0.wp.com\/guydutoit.com\/wp-content\/uploads\/2026\/01\/RZ-RP341-G_001.jpg?fit=1100%2C740&ssl=1&resize=350%2C200","width":350,"height":200,"srcset":"https:\/\/i0.wp.com\/guydutoit.com\/wp-content\/uploads\/2026\/01\/RZ-RP341-G_001.jpg?fit=1100%2C740&ssl=1&resize=350%2C200 1x, https:\/\/i0.wp.com\/guydutoit.com\/wp-content\/uploads\/2026\/01\/RZ-RP341-G_001.jpg?fit=1100%2C740&ssl=1&resize=525%2C300 1.5x, https:\/\/i0.wp.com\/guydutoit.com\/wp-content\/uploads\/2026\/01\/RZ-RP341-G_001.jpg?fit=1100%2C740&ssl=1&resize=700%2C400 2x, https:\/\/i0.wp.com\/guydutoit.com\/wp-content\/uploads\/2026\/01\/RZ-RP341-G_001.jpg?fit=1100%2C740&ssl=1&resize=1050%2C600 3x"},"classes":[]},{"id":27539,"url":"https:\/\/guydutoit.com\/es\/product\/boligrafo-premium-dorado-y-cromado-negro-mate-para-madera\/","url_meta":{"origin":27600,"position":2},"title":"Bol\u00edgrafo Premium Dorado y Cromado Negro Mate para Madera","author":"Guy du Toit","date":"23 de enero de 2026","format":false,"excerpt":"Disfrute de un giro sin esfuerzo con este elegante dise\u00f1o de bol\u00edgrafo monotubo. Simplemente gire el tap\u00f3n para una acci\u00f3n suave. Una compa\u00f1era fiable para el uso diario.","rel":"","context":"Entrada similar","block_context":{"text":"Entrada similar","link":""},"img":{"alt_text":"","src":"https:\/\/i0.wp.com\/guydutoit.com\/wp-content\/uploads\/2026\/01\/RZ-BP40-GMBC_001.jpg?fit=1100%2C740&ssl=1&resize=350%2C200","width":350,"height":200,"srcset":"https:\/\/i0.wp.com\/guydutoit.com\/wp-content\/uploads\/2026\/01\/RZ-BP40-GMBC_001.jpg?fit=1100%2C740&ssl=1&resize=350%2C200 1x, https:\/\/i0.wp.com\/guydutoit.com\/wp-content\/uploads\/2026\/01\/RZ-BP40-GMBC_001.jpg?fit=1100%2C740&ssl=1&resize=525%2C300 1.5x, https:\/\/i0.wp.com\/guydutoit.com\/wp-content\/uploads\/2026\/01\/RZ-BP40-GMBC_001.jpg?fit=1100%2C740&ssl=1&resize=700%2C400 2x, https:\/\/i0.wp.com\/guydutoit.com\/wp-content\/uploads\/2026\/01\/RZ-BP40-GMBC_001.jpg?fit=1100%2C740&ssl=1&resize=1050%2C600 3x"},"classes":[]},{"id":27545,"url":"https:\/\/guydutoit.com\/es\/product\/kit-de-boligrafo-cromado-y-cromado-negro-mate-para-tornear-madera\/","url_meta":{"origin":27600,"position":3},"title":"Kit de bol\u00edgrafo cromado y cromado negro mate para tornear madera","author":"Guy du Toit","date":"23 de enero de 2026","format":false,"excerpt":"Dise\u00f1o de tubo \u00fanico f\u00e1cil de girar. Tap\u00f3n giratorio para una acci\u00f3n r\u00e1pida. \u00a1El bol\u00edgrafo perfecto para todos los d\u00edas!","rel":"","context":"Entrada similar","block_context":{"text":"Entrada similar","link":""},"img":{"alt_text":"","src":"https:\/\/i0.wp.com\/guydutoit.com\/wp-content\/uploads\/2026\/01\/RZ-BP40-CMBC_001.jpg?fit=1100%2C740&ssl=1&resize=350%2C200","width":350,"height":200,"srcset":"https:\/\/i0.wp.com\/guydutoit.com\/wp-content\/uploads\/2026\/01\/RZ-BP40-CMBC_001.jpg?fit=1100%2C740&ssl=1&resize=350%2C200 1x, https:\/\/i0.wp.com\/guydutoit.com\/wp-content\/uploads\/2026\/01\/RZ-BP40-CMBC_001.jpg?fit=1100%2C740&ssl=1&resize=525%2C300 1.5x, https:\/\/i0.wp.com\/guydutoit.com\/wp-content\/uploads\/2026\/01\/RZ-BP40-CMBC_001.jpg?fit=1100%2C740&ssl=1&resize=700%2C400 2x, https:\/\/i0.wp.com\/guydutoit.com\/wp-content\/uploads\/2026\/01\/RZ-BP40-CMBC_001.jpg?fit=1100%2C740&ssl=1&resize=1050%2C600 3x"},"classes":[]},{"id":28768,"url":"https:\/\/guydutoit.com\/es\/product\/boligrafo-cromado-rojo-para-madera\/","url_meta":{"origin":27600,"position":4},"title":"Bol\u00edgrafo cromado rojo para madera","author":"Guy du Toit","date":"23 de enero de 2026","format":false,"excerpt":"Experimente el giro sin esfuerzo con este elegante bol\u00edgrafo de dise\u00f1o monotubo. Basta con girar el tap\u00f3n para empezar a crear. Perfecto para el uso diario.","rel":"","context":"Entrada similar","block_context":{"text":"Entrada similar","link":""},"img":{"alt_text":"","src":"https:\/\/i0.wp.com\/guydutoit.com\/wp-content\/uploads\/2026\/01\/RZ-BP40-CRE_001.jpg?fit=1100%2C740&ssl=1&resize=350%2C200","width":350,"height":200,"srcset":"https:\/\/i0.wp.com\/guydutoit.com\/wp-content\/uploads\/2026\/01\/RZ-BP40-CRE_001.jpg?fit=1100%2C740&ssl=1&resize=350%2C200 1x, https:\/\/i0.wp.com\/guydutoit.com\/wp-content\/uploads\/2026\/01\/RZ-BP40-CRE_001.jpg?fit=1100%2C740&ssl=1&resize=525%2C300 1.5x, https:\/\/i0.wp.com\/guydutoit.com\/wp-content\/uploads\/2026\/01\/RZ-BP40-CRE_001.jpg?fit=1100%2C740&ssl=1&resize=700%2C400 2x, https:\/\/i0.wp.com\/guydutoit.com\/wp-content\/uploads\/2026\/01\/RZ-BP40-CRE_001.jpg?fit=1100%2C740&ssl=1&resize=1050%2C600 3x"},"classes":[]},{"id":28750,"url":"https:\/\/guydutoit.com\/es\/product\/boligrafo-cromado-premium-para-torneado-de-madera-verde\/","url_meta":{"origin":27600,"position":5},"title":"Bol\u00edgrafo cromado premium para torneado de madera verde","author":"Guy du Toit","date":"23 de enero de 2026","format":false,"excerpt":"Gire sin esfuerzo con este elegante bol\u00edgrafo de dise\u00f1o monotubo cromado y capuch\u00f3n de acci\u00f3n giratoria. Perfecto para el uso diario.","rel":"","context":"Entrada similar","block_context":{"text":"Entrada similar","link":""},"img":{"alt_text":"","src":"https:\/\/i0.wp.com\/guydutoit.com\/wp-content\/uploads\/2026\/01\/RZ-BP40-CGR_002.jpg?fit=1100%2C740&ssl=1&resize=350%2C200","width":350,"height":200,"srcset":"https:\/\/i0.wp.com\/guydutoit.com\/wp-content\/uploads\/2026\/01\/RZ-BP40-CGR_002.jpg?fit=1100%2C740&ssl=1&resize=350%2C200 1x, https:\/\/i0.wp.com\/guydutoit.com\/wp-content\/uploads\/2026\/01\/RZ-BP40-CGR_002.jpg?fit=1100%2C740&ssl=1&resize=525%2C300 1.5x, https:\/\/i0.wp.com\/guydutoit.com\/wp-content\/uploads\/2026\/01\/RZ-BP40-CGR_002.jpg?fit=1100%2C740&ssl=1&resize=700%2C400 2x, https:\/\/i0.wp.com\/guydutoit.com\/wp-content\/uploads\/2026\/01\/RZ-BP40-CGR_002.jpg?fit=1100%2C740&ssl=1&resize=1050%2C600 3x"},"classes":[]}],"jetpack_sharing_enabled":true,"jetpack_likes_enabled":true,"_links":{"self":[{"href":"https:\/\/guydutoit.com\/es\/wp-json\/wp\/v2\/product\/27600","targetHints":{"allow":["GET"]}}],"collection":[{"href":"https:\/\/guydutoit.com\/es\/wp-json\/wp\/v2\/product"}],"about":[{"href":"https:\/\/guydutoit.com\/es\/wp-json\/wp\/v2\/types\/product"}],"replies":[{"embeddable":true,"href":"https:\/\/guydutoit.com\/es\/wp-json\/wp\/v2\/comments?post=27600"}],"wp:featuredmedia":[{"embeddable":true,"href":"https:\/\/guydutoit.com\/es\/wp-json\/wp\/v2\/media\/27602"}],"wp:attachment":[{"href":"https:\/\/guydutoit.com\/es\/wp-json\/wp\/v2\/media?parent=27600"}],"wp:term":[{"taxonomy":"product_brand","embeddable":true,"href":"https:\/\/guydutoit.com\/es\/wp-json\/wp\/v2\/product_brand?post=27600"},{"taxonomy":"product_cat","embeddable":true,"href":"https:\/\/guydutoit.com\/es\/wp-json\/wp\/v2\/product_cat?post=27600"},{"taxonomy":"product_tag","embeddable":true,"href":"https:\/\/guydutoit.com\/es\/wp-json\/wp\/v2\/product_tag?post=27600"}],"curies":[{"name":"wp","href":"https:\/\/api.w.org\/{rel}","templated":true}]}}