{"id":27657,"date":"2026-01-23T01:12:03","date_gmt":"2026-01-23T00:12:03","guid":{"rendered":"https:\/\/guydutoit.com\/product\/kit-de-caleidoscopio-dorado-premium-para-torneado-de-madera\/"},"modified":"2026-02-09T05:31:56","modified_gmt":"2026-02-09T04:31:56","slug":"kit-de-caleidoscopio-dorado-premium-para-torneado-de-madera","status":"publish","type":"product","link":"https:\/\/guydutoit.com\/es\/product\/kit-de-caleidoscopio-dorado-premium-para-torneado-de-madera\/","title":{"rendered":"Kit de caleidoscopio dorado premium para torneado de madera"},"content":{"rendered":"<p>Chapado en oro. Este es un caleidoscopio muy atractivo y f\u00e1cil de hacer. Se pueden adaptar formas de huevo, cilindros u otras formas para fabricarlo. Accesorios: Casquillo (RZ-PK79#-BU). Puede descargar las instrucciones en PDF de este kit <a href=\"https:\/\/guydutoit.com\/wp-content\/uploads\/2026\/01\/Premium-Gold-Plated-Kaleidoscope-Kit-For-Woodturning.pdf\">aqu\u00ed<\/a>.<\/p>\n","protected":false},"excerpt":{"rendered":"<p>Cree cautivadores caleidoscopios sin esfuerzo con este kit chapado en oro de primera calidad. Adapte f\u00e1cilmente formas de huevo, cilindros u otras formas.<\/p>\n","protected":false},"featured_media":27658,"comment_status":"open","ping_status":"closed","template":"","meta":{"site-sidebar-layout":"","site-content-layout":"","ast-site-content-layout":"","site-content-style":"","site-sidebar-style":"","ast-global-header-display":"","ast-banner-title-visibility":"","ast-main-header-display":"","ast-hfb-above-header-display":"","ast-hfb-below-header-display":"","ast-hfb-mobile-header-display":"","site-post-title":"","ast-breadcrumbs-content":"","ast-featured-img":"","footer-sml-layout":"","ast-disable-related-posts":"","theme-transparent-header-meta":"","adv-header-id-meta":"","stick-header-meta":"","header-above-stick-meta":"","header-main-stick-meta":"","header-below-stick-meta":"","astra-migrate-meta-layouts":"default","ast-page-background-enabled":"default","ast-page-background-meta":{"desktop":{"background-color":"var(--ast-global-color-4)","background-image":"","background-repeat":"repeat","background-position":"center center","background-size":"auto","background-attachment":"scroll","background-type":"","background-media":"","overlay-type":"","overlay-color":"","overlay-opacity":"","overlay-gradient":""},"tablet":{"background-color":"","background-image":"","background-repeat":"repeat","background-position":"center center","background-size":"auto","background-attachment":"scroll","background-type":"","background-media":"","overlay-type":"","overlay-color":"","overlay-opacity":"","overlay-gradient":""},"mobile":{"background-color":"","background-image":"","background-repeat":"repeat","background-position":"center center","background-size":"auto","background-attachment":"scroll","background-type":"","background-media":"","overlay-type":"","overlay-color":"","overlay-opacity":"","overlay-gradient":""}},"ast-content-background-meta":{"desktop":{"background-color":"var(--ast-global-color-5)","background-image":"","background-repeat":"repeat","background-position":"center center","background-size":"auto","background-attachment":"scroll","background-type":"","background-media":"","overlay-type":"","overlay-color":"","overlay-opacity":"","overlay-gradient":""},"tablet":{"background-color":"var(--ast-global-color-5)","background-image":"","background-repeat":"repeat","background-position":"center center","background-size":"auto","background-attachment":"scroll","background-type":"","background-media":"","overlay-type":"","overlay-color":"","overlay-opacity":"","overlay-gradient":""},"mobile":{"background-color":"var(--ast-global-color-5)","background-image":"","background-repeat":"repeat","background-position":"center center","background-size":"auto","background-attachment":"scroll","background-type":"","background-media":"","overlay-type":"","overlay-color":"","overlay-opacity":"","overlay-gradient":""}},"jetpack_post_was_ever_published":false,"jetpack_publicize_message":"","jetpack_publicize_feature_enabled":true,"jetpack_social_post_already_shared":true,"jetpack_social_options":{"image_generator_settings":{"template":"highway","default_image_id":0,"font":"","enabled":false},"version":2}},"product_brand":[],"product_cat":[3141],"product_tag":[129,1739,2799,2798,2797],"class_list":{"0":"post-27657","1":"product","2":"type-product","3":"status-publish","4":"has-post-thumbnail","6":"product_cat-accesorios-para-torneado-de-madera","7":"product_tag-accesorios-para-torneado-de-madera","8":"product_tag-chapado-en-oro-2","9":"product_tag-formas-cilindricas","10":"product_tag-formas-de-huevo","11":"product_tag-kit-caleidoscopio","12":"desktop-align-left","13":"tablet-align-left","14":"mobile-align-left","15":"ast-product-gallery-layout-vertical-slider","16":"ast-product-tabs-layout-horizontal","18":"first","19":"instock","20":"shipping-taxable","21":"purchasable","22":"product-type-simple"},"jetpack_publicize_connections":[],"jetpack-related-posts":[{"id":26797,"url":"https:\/\/guydutoit.com\/es\/product\/kit-sacacorchos-t-chapado-en-oro-de-primera-calidad-para-abrir-botellas\/","url_meta":{"origin":27657,"position":0},"title":"Kit sacacorchos T chapado en oro de primera calidad para abrir botellas","author":"Guy du Toit","date":"23 de enero de 2026","format":false,"excerpt":"Descubra la comodidad de nuestro kit abrebotellas sacacorchos de un solo tubo en forma de T con ba\u00f1o de oro. Ll\u00e9velo f\u00e1cilmente en el bolsillo o en el bolso para utilizarlo sobre la marcha.","rel":"","context":"Entrada similar","block_context":{"text":"Entrada similar","link":""},"img":{"alt_text":"","src":"https:\/\/i0.wp.com\/guydutoit.com\/wp-content\/uploads\/2026\/01\/RZ-PK223-G_002.jpg?fit=1100%2C740&ssl=1&resize=350%2C200","width":350,"height":200,"srcset":"https:\/\/i0.wp.com\/guydutoit.com\/wp-content\/uploads\/2026\/01\/RZ-PK223-G_002.jpg?fit=1100%2C740&ssl=1&resize=350%2C200 1x, https:\/\/i0.wp.com\/guydutoit.com\/wp-content\/uploads\/2026\/01\/RZ-PK223-G_002.jpg?fit=1100%2C740&ssl=1&resize=525%2C300 1.5x, https:\/\/i0.wp.com\/guydutoit.com\/wp-content\/uploads\/2026\/01\/RZ-PK223-G_002.jpg?fit=1100%2C740&ssl=1&resize=700%2C400 2x, https:\/\/i0.wp.com\/guydutoit.com\/wp-content\/uploads\/2026\/01\/RZ-PK223-G_002.jpg?fit=1100%2C740&ssl=1&resize=1050%2C600 3x"},"classes":[]},{"id":21624,"url":"https:\/\/guydutoit.com\/es\/product\/kit-de-torneado-de-madera-con-sacacorchos-estilo-t-chapado-en-oro-o-cromo\/","url_meta":{"origin":27657,"position":1},"title":"Kit de torneado de madera con sacacorchos estilo T (chapado en oro o cromo)","author":"Guy du Toit","date":"28 de octubre de 2025","format":false,"excerpt":"Cree un bonito y pr\u00e1ctico sacacorchos estilo T con este kit de primera calidad chapado en oro o cromo. Presenta un dise\u00f1o seguro de un solo tubo que se guarda perfectamente en un bolsillo, lo que lo convierte en el regalo artesanal y el accesorio de picnic perfecto. \u00a1Empiece a\u2026","rel":"","context":"Entrada similar","block_context":{"text":"Entrada similar","link":""},"img":{"alt_text":"Primer plano de los kits de torneado de madera para abrebotellas sacacorchos estilo T cromado, mostrando los componentes met\u00e1licos, incluido el tornillo sin fin sacacorchos y los tubos roscados.","src":"https:\/\/i0.wp.com\/guydutoit.com\/wp-content\/uploads\/2025\/10\/Chrome-T-corkscrew-bottle-opener-kits.jpg?fit=1100%2C740&ssl=1&resize=350%2C200","width":350,"height":200,"srcset":"https:\/\/i0.wp.com\/guydutoit.com\/wp-content\/uploads\/2025\/10\/Chrome-T-corkscrew-bottle-opener-kits.jpg?fit=1100%2C740&ssl=1&resize=350%2C200 1x, https:\/\/i0.wp.com\/guydutoit.com\/wp-content\/uploads\/2025\/10\/Chrome-T-corkscrew-bottle-opener-kits.jpg?fit=1100%2C740&ssl=1&resize=525%2C300 1.5x, https:\/\/i0.wp.com\/guydutoit.com\/wp-content\/uploads\/2025\/10\/Chrome-T-corkscrew-bottle-opener-kits.jpg?fit=1100%2C740&ssl=1&resize=700%2C400 2x, https:\/\/i0.wp.com\/guydutoit.com\/wp-content\/uploads\/2025\/10\/Chrome-T-corkscrew-bottle-opener-kits.jpg?fit=1100%2C740&ssl=1&resize=1050%2C600 3x"},"classes":[]},{"id":26268,"url":"https:\/\/guydutoit.com\/es\/product\/kit-de-boligrafo-roller-dorado-de-abeja-premium-con-capuchon-de-colmena\/","url_meta":{"origin":27657,"position":2},"title":"Kit de bol\u00edgrafo roller dorado de abeja premium con capuch\u00f3n de colmena","author":"Guy du Toit","date":"23 de enero de 2026","format":false,"excerpt":"Eleve su experiencia de escritura con nuestro kit de bol\u00edgrafo roller dorado de alta calidad con forma de abeja y un exclusivo capuch\u00f3n de colmena. Este exquisito bol\u00edgrafo est\u00e1 adornado con intrincados elementos de abejas y un dise\u00f1o de panal en la banda central. Una idea de regalo perfecta para\u2026","rel":"","context":"Entrada similar","block_context":{"text":"Entrada similar","link":""},"img":{"alt_text":"","src":"","width":0,"height":0},"classes":[]},{"id":29192,"url":"https:\/\/guydutoit.com\/es\/product\/kit-de-llavero-chapado-en-oro-para-facilitar-su-elaboracion\/","url_meta":{"origin":27657,"position":3},"title":"Kit de llavero chapado en oro para facilitar su elaboraci\u00f3n","author":"Guy du Toit","date":"23 de enero de 2026","format":false,"excerpt":"Haga que las manualidades sean f\u00e1ciles y divertidas con este kit de llavero chapado en oro. Ideal para regalos o ferias de artesan\u00eda.","rel":"","context":"Entrada similar","block_context":{"text":"Entrada similar","link":""},"img":{"alt_text":"","src":"https:\/\/i0.wp.com\/guydutoit.com\/wp-content\/uploads\/2026\/01\/RZ-KR23N-G_001.jpg?fit=1100%2C740&ssl=1&resize=350%2C200","width":350,"height":200,"srcset":"https:\/\/i0.wp.com\/guydutoit.com\/wp-content\/uploads\/2026\/01\/RZ-KR23N-G_001.jpg?fit=1100%2C740&ssl=1&resize=350%2C200 1x, https:\/\/i0.wp.com\/guydutoit.com\/wp-content\/uploads\/2026\/01\/RZ-KR23N-G_001.jpg?fit=1100%2C740&ssl=1&resize=525%2C300 1.5x, https:\/\/i0.wp.com\/guydutoit.com\/wp-content\/uploads\/2026\/01\/RZ-KR23N-G_001.jpg?fit=1100%2C740&ssl=1&resize=700%2C400 2x, https:\/\/i0.wp.com\/guydutoit.com\/wp-content\/uploads\/2026\/01\/RZ-KR23N-G_001.jpg?fit=1100%2C740&ssl=1&resize=1050%2C600 3x"},"classes":[]},{"id":27026,"url":"https:\/\/guydutoit.com\/es\/product\/kit-de-soporte-para-maquinilla-de-afeitar-y-mango-de-brocha-chapados-en-oro-de-primera-calidad\/","url_meta":{"origin":27657,"position":4},"title":"Kit de soporte para maquinilla de afeitar y mango de brocha chapados en oro de primera calidad","author":"Guy du Toit","date":"23 de enero de 2026","format":false,"excerpt":"Mantenga organizados con estilo sus mangos de navajas y brochas con este kit de soporte chapado en oro de primera calidad para proyectos de torneado de madera.","rel":"","context":"Entrada similar","block_context":{"text":"Entrada similar","link":""},"img":{"alt_text":"","src":"https:\/\/i0.wp.com\/guydutoit.com\/wp-content\/uploads\/2026\/01\/RZ-PK92-G_002.jpg?fit=1100%2C740&ssl=1&resize=350%2C200","width":350,"height":200,"srcset":"https:\/\/i0.wp.com\/guydutoit.com\/wp-content\/uploads\/2026\/01\/RZ-PK92-G_002.jpg?fit=1100%2C740&ssl=1&resize=350%2C200 1x, https:\/\/i0.wp.com\/guydutoit.com\/wp-content\/uploads\/2026\/01\/RZ-PK92-G_002.jpg?fit=1100%2C740&ssl=1&resize=525%2C300 1.5x, https:\/\/i0.wp.com\/guydutoit.com\/wp-content\/uploads\/2026\/01\/RZ-PK92-G_002.jpg?fit=1100%2C740&ssl=1&resize=700%2C400 2x, https:\/\/i0.wp.com\/guydutoit.com\/wp-content\/uploads\/2026\/01\/RZ-PK92-G_002.jpg?fit=1100%2C740&ssl=1&resize=1050%2C600 3x"},"classes":[]},{"id":28939,"url":"https:\/\/guydutoit.com\/es\/product\/kit-de-pluma-de-madera-dorada-de-primera-calidad-ideal-para-plumas-sierra-y-lancer\/","url_meta":{"origin":27657,"position":5},"title":"Kit de pluma de madera dorada de primera calidad &#8211; Ideal para plumas Sierra y Lancer","author":"Guy du Toit","date":"23 de enero de 2026","format":false,"excerpt":"Eleve el giro de su pluma con nuestro kit de plumas premium chapado en oro, perfecto para plumas m\u00e1s grandes como Sierra y Lancer.","rel":"","context":"Entrada similar","block_context":{"text":"Entrada similar","link":""},"img":{"alt_text":"","src":"https:\/\/i0.wp.com\/guydutoit.com\/wp-content\/uploads\/2026\/01\/RZ-PH05-G_002.jpg?fit=1100%2C740&ssl=1&resize=350%2C200","width":350,"height":200,"srcset":"https:\/\/i0.wp.com\/guydutoit.com\/wp-content\/uploads\/2026\/01\/RZ-PH05-G_002.jpg?fit=1100%2C740&ssl=1&resize=350%2C200 1x, https:\/\/i0.wp.com\/guydutoit.com\/wp-content\/uploads\/2026\/01\/RZ-PH05-G_002.jpg?fit=1100%2C740&ssl=1&resize=525%2C300 1.5x, https:\/\/i0.wp.com\/guydutoit.com\/wp-content\/uploads\/2026\/01\/RZ-PH05-G_002.jpg?fit=1100%2C740&ssl=1&resize=700%2C400 2x, https:\/\/i0.wp.com\/guydutoit.com\/wp-content\/uploads\/2026\/01\/RZ-PH05-G_002.jpg?fit=1100%2C740&ssl=1&resize=1050%2C600 3x"},"classes":[]}],"jetpack_sharing_enabled":true,"jetpack_likes_enabled":true,"_links":{"self":[{"href":"https:\/\/guydutoit.com\/es\/wp-json\/wp\/v2\/product\/27657","targetHints":{"allow":["GET"]}}],"collection":[{"href":"https:\/\/guydutoit.com\/es\/wp-json\/wp\/v2\/product"}],"about":[{"href":"https:\/\/guydutoit.com\/es\/wp-json\/wp\/v2\/types\/product"}],"replies":[{"embeddable":true,"href":"https:\/\/guydutoit.com\/es\/wp-json\/wp\/v2\/comments?post=27657"}],"wp:featuredmedia":[{"embeddable":true,"href":"https:\/\/guydutoit.com\/es\/wp-json\/wp\/v2\/media\/27658"}],"wp:attachment":[{"href":"https:\/\/guydutoit.com\/es\/wp-json\/wp\/v2\/media?parent=27657"}],"wp:term":[{"taxonomy":"product_brand","embeddable":true,"href":"https:\/\/guydutoit.com\/es\/wp-json\/wp\/v2\/product_brand?post=27657"},{"taxonomy":"product_cat","embeddable":true,"href":"https:\/\/guydutoit.com\/es\/wp-json\/wp\/v2\/product_cat?post=27657"},{"taxonomy":"product_tag","embeddable":true,"href":"https:\/\/guydutoit.com\/es\/wp-json\/wp\/v2\/product_tag?post=27657"}],"curies":[{"name":"wp","href":"https:\/\/api.w.org\/{rel}","templated":true}]}}