{"id":27948,"date":"2026-01-23T01:11:06","date_gmt":"2026-01-23T00:11:06","guid":{"rendered":"https:\/\/guydutoit.com\/product\/portaboligrafos-de-cuero-hecho-a-mano-con-motivos-florales\/"},"modified":"2026-01-23T01:11:06","modified_gmt":"2026-01-23T00:11:06","slug":"portaboligrafos-de-cuero-hecho-a-mano-con-motivos-florales","status":"publish","type":"product","link":"https:\/\/guydutoit.com\/es\/product\/portaboligrafos-de-cuero-hecho-a-mano-con-motivos-florales\/","title":{"rendered":"Portabol\u00edgrafos de cuero hecho a mano con motivos florales"},"content":{"rendered":"<p>Color azul. Est\u00e1 fabricada con una primera capa de cuero de alta calidad. Su superficie tiene un bonito estampado de flores que puede albergar un bol\u00edgrafo o dos bol\u00edgrafos delgados.11 colores para su elecci\u00f3n. Longitud:160mm,Anchura:45mm.<\/p>\n","protected":false},"excerpt":{"rendered":"<p>Mantenga sus bol\u00edgrafos seguros y con estilo con nuestro portabol\u00edgrafos de cuero hecho a mano con un bonito motivo floral. Elija entre 11 colores.<\/p>\n","protected":false},"featured_media":27953,"comment_status":"open","ping_status":"closed","template":"","meta":{"site-sidebar-layout":"","site-content-layout":"","ast-site-content-layout":"","site-content-style":"","site-sidebar-style":"","ast-global-header-display":"","ast-banner-title-visibility":"","ast-main-header-display":"","ast-hfb-above-header-display":"","ast-hfb-below-header-display":"","ast-hfb-mobile-header-display":"","site-post-title":"","ast-breadcrumbs-content":"","ast-featured-img":"","footer-sml-layout":"","ast-disable-related-posts":"","theme-transparent-header-meta":"","adv-header-id-meta":"","stick-header-meta":"","header-above-stick-meta":"","header-main-stick-meta":"","header-below-stick-meta":"","astra-migrate-meta-layouts":"default","ast-page-background-enabled":"default","ast-page-background-meta":{"desktop":{"background-color":"var(--ast-global-color-4)","background-image":"","background-repeat":"repeat","background-position":"center center","background-size":"auto","background-attachment":"scroll","background-type":"","background-media":"","overlay-type":"","overlay-color":"","overlay-opacity":"","overlay-gradient":""},"tablet":{"background-color":"","background-image":"","background-repeat":"repeat","background-position":"center center","background-size":"auto","background-attachment":"scroll","background-type":"","background-media":"","overlay-type":"","overlay-color":"","overlay-opacity":"","overlay-gradient":""},"mobile":{"background-color":"","background-image":"","background-repeat":"repeat","background-position":"center center","background-size":"auto","background-attachment":"scroll","background-type":"","background-media":"","overlay-type":"","overlay-color":"","overlay-opacity":"","overlay-gradient":""}},"ast-content-background-meta":{"desktop":{"background-color":"var(--ast-global-color-5)","background-image":"","background-repeat":"repeat","background-position":"center center","background-size":"auto","background-attachment":"scroll","background-type":"","background-media":"","overlay-type":"","overlay-color":"","overlay-opacity":"","overlay-gradient":""},"tablet":{"background-color":"var(--ast-global-color-5)","background-image":"","background-repeat":"repeat","background-position":"center center","background-size":"auto","background-attachment":"scroll","background-type":"","background-media":"","overlay-type":"","overlay-color":"","overlay-opacity":"","overlay-gradient":""},"mobile":{"background-color":"var(--ast-global-color-5)","background-image":"","background-repeat":"repeat","background-position":"center center","background-size":"auto","background-attachment":"scroll","background-type":"","background-media":"","overlay-type":"","overlay-color":"","overlay-opacity":"","overlay-gradient":""}},"jetpack_post_was_ever_published":false,"jetpack_publicize_message":"","jetpack_publicize_feature_enabled":true,"jetpack_social_post_already_shared":true,"jetpack_social_options":{"image_generator_settings":{"template":"highway","default_image_id":0,"font":"","enabled":false},"version":2}},"product_brand":[],"product_cat":[31],"product_tag":[129,3012,2976,3011,3010],"class_list":{"0":"post-27948","1":"product","2":"type-product","3":"status-publish","4":"has-post-thumbnail","6":"product_cat-uncategorized","7":"product_tag-accesorios-para-torneado-de-madera","8":"product_tag-almacenamiento-de-boligrafos-delgados","9":"product_tag-cuero-de-alta-calidad","10":"product_tag-estuche-para-boligrafos-con-motivos-florales","11":"product_tag-portaboligrafos-de-cuero-azul","12":"desktop-align-left","13":"tablet-align-left","14":"mobile-align-left","15":"ast-product-gallery-layout-vertical-slider","16":"ast-product-tabs-layout-horizontal","18":"first","19":"instock","20":"shipping-taxable","21":"purchasable","22":"product-type-simple"},"jetpack_publicize_connections":[],"jetpack-related-posts":[{"id":28085,"url":"https:\/\/guydutoit.com\/es\/product\/portaboligrafos-artesanal-de-cuero-azul-con-estampado-de-flores\/","url_meta":{"origin":27948,"position":0},"title":"Portabol\u00edgrafos artesanal de cuero azul con estampado de flores","author":"Guy du Toit","date":"23 de enero de 2026","format":false,"excerpt":"Mantenga sus bol\u00edgrafos seguros y con estilo con este portabol\u00edgrafos de cuero azul hecho a mano con un bonito estampado de flores. Perfecto para sujetar uno o dos bol\u00edgrafos delgados.","rel":"","context":"Entrada similar","block_context":{"text":"Entrada similar","link":""},"img":{"alt_text":"","src":"https:\/\/i0.wp.com\/guydutoit.com\/wp-content\/uploads\/2026\/01\/RZ-HPS02-BL_001.jpg?fit=1100%2C740&ssl=1&resize=350%2C200","width":350,"height":200,"srcset":"https:\/\/i0.wp.com\/guydutoit.com\/wp-content\/uploads\/2026\/01\/RZ-HPS02-BL_001.jpg?fit=1100%2C740&ssl=1&resize=350%2C200 1x, https:\/\/i0.wp.com\/guydutoit.com\/wp-content\/uploads\/2026\/01\/RZ-HPS02-BL_001.jpg?fit=1100%2C740&ssl=1&resize=525%2C300 1.5x, https:\/\/i0.wp.com\/guydutoit.com\/wp-content\/uploads\/2026\/01\/RZ-HPS02-BL_001.jpg?fit=1100%2C740&ssl=1&resize=700%2C400 2x, https:\/\/i0.wp.com\/guydutoit.com\/wp-content\/uploads\/2026\/01\/RZ-HPS02-BL_001.jpg?fit=1100%2C740&ssl=1&resize=1050%2C600 3x"},"classes":[]},{"id":27893,"url":"https:\/\/guydutoit.com\/es\/product\/portaboligrafos-de-piel-de-primera-calidad-con-estampado-de-flores\/","url_meta":{"origin":27948,"position":1},"title":"Portabol\u00edgrafos de piel de primera calidad con estampado de flores","author":"Guy du Toit","date":"23 de enero de 2026","format":false,"excerpt":"Mantenga sus bol\u00edgrafos a salvo con estilo gracias a nuestro portabol\u00edgrafos de piel de primera calidad con un bonito estampado de flores. Disponible en 11 colores.","rel":"","context":"Entrada similar","block_context":{"text":"Entrada similar","link":""},"img":{"alt_text":"","src":"https:\/\/i0.wp.com\/guydutoit.com\/wp-content\/uploads\/2026\/01\/RZ-HPS01-DBK_001.jpg?fit=1100%2C740&ssl=1&resize=350%2C200","width":350,"height":200,"srcset":"https:\/\/i0.wp.com\/guydutoit.com\/wp-content\/uploads\/2026\/01\/RZ-HPS01-DBK_001.jpg?fit=1100%2C740&ssl=1&resize=350%2C200 1x, https:\/\/i0.wp.com\/guydutoit.com\/wp-content\/uploads\/2026\/01\/RZ-HPS01-DBK_001.jpg?fit=1100%2C740&ssl=1&resize=525%2C300 1.5x, https:\/\/i0.wp.com\/guydutoit.com\/wp-content\/uploads\/2026\/01\/RZ-HPS01-DBK_001.jpg?fit=1100%2C740&ssl=1&resize=700%2C400 2x, https:\/\/i0.wp.com\/guydutoit.com\/wp-content\/uploads\/2026\/01\/RZ-HPS01-DBK_001.jpg?fit=1100%2C740&ssl=1&resize=1050%2C600 3x"},"classes":[]},{"id":27981,"url":"https:\/\/guydutoit.com\/es\/product\/portaboligrafos-de-piel-de-primera-calidad-con-un-bonito-estampado-floral\/","url_meta":{"origin":27948,"position":2},"title":"Portabol\u00edgrafos de piel de primera calidad con un bonito estampado floral","author":"Guy du Toit","date":"23 de enero de 2026","format":false,"excerpt":"Mantenga sus bol\u00edgrafos seguros y con estilo con este portabol\u00edgrafos de piel de primera calidad con un bonito estampado de flores. Perfecto para sujetar uno o dos bol\u00edgrafos delgados.","rel":"","context":"Entrada similar","block_context":{"text":"Entrada similar","link":""},"img":{"alt_text":"","src":"https:\/\/i0.wp.com\/guydutoit.com\/wp-content\/uploads\/2026\/01\/RZ-HPS02-CO_001.jpg?fit=1100%2C740&ssl=1&resize=350%2C200","width":350,"height":200,"srcset":"https:\/\/i0.wp.com\/guydutoit.com\/wp-content\/uploads\/2026\/01\/RZ-HPS02-CO_001.jpg?fit=1100%2C740&ssl=1&resize=350%2C200 1x, https:\/\/i0.wp.com\/guydutoit.com\/wp-content\/uploads\/2026\/01\/RZ-HPS02-CO_001.jpg?fit=1100%2C740&ssl=1&resize=525%2C300 1.5x, https:\/\/i0.wp.com\/guydutoit.com\/wp-content\/uploads\/2026\/01\/RZ-HPS02-CO_001.jpg?fit=1100%2C740&ssl=1&resize=700%2C400 2x, https:\/\/i0.wp.com\/guydutoit.com\/wp-content\/uploads\/2026\/01\/RZ-HPS02-CO_001.jpg?fit=1100%2C740&ssl=1&resize=1050%2C600 3x"},"classes":[]},{"id":28004,"url":"https:\/\/guydutoit.com\/es\/product\/portaboligrafos-premium-de-piel-rojo-oscuro-con-estampado-de-flores\/","url_meta":{"origin":27948,"position":3},"title":"Portabol\u00edgrafos Premium de piel rojo oscuro con estampado de flores","author":"Guy du Toit","date":"23 de enero de 2026","format":false,"excerpt":"Mantenga sus bol\u00edgrafos organizados con estilo gracias a nuestro portabol\u00edgrafos de piel de alta calidad con un bonito estampado de flores. \u00a1Elija entre 11 impresionantes colores!","rel":"","context":"Entrada similar","block_context":{"text":"Entrada similar","link":""},"img":{"alt_text":"","src":"https:\/\/i0.wp.com\/guydutoit.com\/wp-content\/uploads\/2026\/01\/RZ-HPS01-DR_002.jpg?fit=1100%2C740&ssl=1&resize=350%2C200","width":350,"height":200,"srcset":"https:\/\/i0.wp.com\/guydutoit.com\/wp-content\/uploads\/2026\/01\/RZ-HPS01-DR_002.jpg?fit=1100%2C740&ssl=1&resize=350%2C200 1x, https:\/\/i0.wp.com\/guydutoit.com\/wp-content\/uploads\/2026\/01\/RZ-HPS01-DR_002.jpg?fit=1100%2C740&ssl=1&resize=525%2C300 1.5x, https:\/\/i0.wp.com\/guydutoit.com\/wp-content\/uploads\/2026\/01\/RZ-HPS01-DR_002.jpg?fit=1100%2C740&ssl=1&resize=700%2C400 2x, https:\/\/i0.wp.com\/guydutoit.com\/wp-content\/uploads\/2026\/01\/RZ-HPS01-DR_002.jpg?fit=1100%2C740&ssl=1&resize=1050%2C600 3x"},"classes":[]},{"id":21103,"url":"https:\/\/guydutoit.com\/es\/product\/fundas-para-boligrafo-de-cuero-negro-hechas-a-mano-con-estampado-de-flores\/","url_meta":{"origin":27948,"position":4},"title":"Fundas para bol\u00edgrafo de cuero negro hechas a mano con estampado de flores","author":"Guy du Toit","date":"11 de septiembre de 2025","format":false,"excerpt":"Esta funda para bol\u00edgrafo de cuero de primera calidad, hecha a mano, est\u00e1 repujada con un bonito estampado floral, que a\u00f1ade un toque de clase a sus bol\u00edgrafos acabados. Es la forma perfecta de proteger y presentar su trabajo.","rel":"","context":"Entrada similar","block_context":{"text":"Entrada similar","link":""},"img":{"alt_text":"Una funda para bol\u00edgrafo de cuero de alta calidad con un detallado motivo floral grabado en su superficie.","src":"https:\/\/i0.wp.com\/guydutoit.com\/wp-content\/uploads\/2025\/09\/Black-Handmade-Leather-Pen-Sleeves-with-Flower-Pattern-with-pen.jpg?fit=1100%2C740&ssl=1&resize=350%2C200","width":350,"height":200,"srcset":"https:\/\/i0.wp.com\/guydutoit.com\/wp-content\/uploads\/2025\/09\/Black-Handmade-Leather-Pen-Sleeves-with-Flower-Pattern-with-pen.jpg?fit=1100%2C740&ssl=1&resize=350%2C200 1x, https:\/\/i0.wp.com\/guydutoit.com\/wp-content\/uploads\/2025\/09\/Black-Handmade-Leather-Pen-Sleeves-with-Flower-Pattern-with-pen.jpg?fit=1100%2C740&ssl=1&resize=525%2C300 1.5x, https:\/\/i0.wp.com\/guydutoit.com\/wp-content\/uploads\/2025\/09\/Black-Handmade-Leather-Pen-Sleeves-with-Flower-Pattern-with-pen.jpg?fit=1100%2C740&ssl=1&resize=700%2C400 2x, https:\/\/i0.wp.com\/guydutoit.com\/wp-content\/uploads\/2025\/09\/Black-Handmade-Leather-Pen-Sleeves-with-Flower-Pattern-with-pen.jpg?fit=1100%2C740&ssl=1&resize=1050%2C600 3x"},"classes":[]},{"id":21156,"url":"https:\/\/guydutoit.com\/es\/product\/fundas-para-boligrafo-de-cuero-rojo-hechas-a-mano-con-estampado-de-flores\/","url_meta":{"origin":27948,"position":5},"title":"Fundas para bol\u00edgrafo de cuero rojo hechas a mano con estampado de flores","author":"Guy du Toit","date":"11 de septiembre de 2025","format":false,"excerpt":"Esta funda para bol\u00edgrafo de cuero de primera calidad, hecha a mano, est\u00e1 repujada con un bonito estampado floral, que a\u00f1ade un toque de clase a sus bol\u00edgrafos acabados. Es la forma perfecta de proteger y presentar su trabajo.","rel":"","context":"Entrada similar","block_context":{"text":"Entrada similar","link":""},"img":{"alt_text":"Una funda para bol\u00edgrafo de cuero de alta calidad con un detallado motivo floral grabado en su superficie.","src":"https:\/\/i0.wp.com\/guydutoit.com\/wp-content\/uploads\/2025\/09\/Red-Handmade-Leather-Pen-Sleeves-with-Flower-Pattern-with-pen.jpg?fit=1100%2C740&ssl=1&resize=350%2C200","width":350,"height":200,"srcset":"https:\/\/i0.wp.com\/guydutoit.com\/wp-content\/uploads\/2025\/09\/Red-Handmade-Leather-Pen-Sleeves-with-Flower-Pattern-with-pen.jpg?fit=1100%2C740&ssl=1&resize=350%2C200 1x, https:\/\/i0.wp.com\/guydutoit.com\/wp-content\/uploads\/2025\/09\/Red-Handmade-Leather-Pen-Sleeves-with-Flower-Pattern-with-pen.jpg?fit=1100%2C740&ssl=1&resize=525%2C300 1.5x, https:\/\/i0.wp.com\/guydutoit.com\/wp-content\/uploads\/2025\/09\/Red-Handmade-Leather-Pen-Sleeves-with-Flower-Pattern-with-pen.jpg?fit=1100%2C740&ssl=1&resize=700%2C400 2x, https:\/\/i0.wp.com\/guydutoit.com\/wp-content\/uploads\/2025\/09\/Red-Handmade-Leather-Pen-Sleeves-with-Flower-Pattern-with-pen.jpg?fit=1100%2C740&ssl=1&resize=1050%2C600 3x"},"classes":[]}],"jetpack_sharing_enabled":true,"jetpack_likes_enabled":true,"_links":{"self":[{"href":"https:\/\/guydutoit.com\/es\/wp-json\/wp\/v2\/product\/27948","targetHints":{"allow":["GET"]}}],"collection":[{"href":"https:\/\/guydutoit.com\/es\/wp-json\/wp\/v2\/product"}],"about":[{"href":"https:\/\/guydutoit.com\/es\/wp-json\/wp\/v2\/types\/product"}],"replies":[{"embeddable":true,"href":"https:\/\/guydutoit.com\/es\/wp-json\/wp\/v2\/comments?post=27948"}],"wp:featuredmedia":[{"embeddable":true,"href":"https:\/\/guydutoit.com\/es\/wp-json\/wp\/v2\/media\/27953"}],"wp:attachment":[{"href":"https:\/\/guydutoit.com\/es\/wp-json\/wp\/v2\/media?parent=27948"}],"wp:term":[{"taxonomy":"product_brand","embeddable":true,"href":"https:\/\/guydutoit.com\/es\/wp-json\/wp\/v2\/product_brand?post=27948"},{"taxonomy":"product_cat","embeddable":true,"href":"https:\/\/guydutoit.com\/es\/wp-json\/wp\/v2\/product_cat?post=27948"},{"taxonomy":"product_tag","embeddable":true,"href":"https:\/\/guydutoit.com\/es\/wp-json\/wp\/v2\/product_tag?post=27948"}],"curies":[{"name":"wp","href":"https:\/\/api.w.org\/{rel}","templated":true}]}}