{"id":28515,"date":"2026-01-23T00:51:18","date_gmt":"2026-01-22T23:51:18","guid":{"rendered":"https:\/\/guydutoit.com\/product\/kit-de-boligrafo-sierra-twist-chapado-en-acero-inoxidable-de-primera-calidad\/"},"modified":"2026-01-23T00:51:18","modified_gmt":"2026-01-22T23:51:18","slug":"kit-de-boligrafo-sierra-twist-chapado-en-acero-inoxidable-de-primera-calidad","status":"publish","type":"product","link":"https:\/\/guydutoit.com\/es\/product\/kit-de-boligrafo-sierra-twist-chapado-en-acero-inoxidable-de-primera-calidad\/","title":{"rendered":"Kit de bol\u00edgrafo Sierra Twist chapado en acero inoxidable de primera calidad"},"content":{"rendered":"<p>Kits de bol\u00edgrafo giratorio sierra chapado en acero inoxidable (brillante). El dise\u00f1o de tubo \u00fanico queda muy bien y es f\u00e1cil de girar. Un simple giro de la secci\u00f3n del tap\u00f3n y estar\u00e1 en acci\u00f3n. Un bol\u00edgrafo sin complicaciones con el que podr\u00e1 vivir a diario. Accesorios: Casquillo (RZ-BP40#-BU) Broca (RZ-DB27\/64, RZ-RSDB27\/64) Tubos (RZ-BT40) Fresas para bol\u00edgrafo (RZ-PM015) Recambio (RZ-F6). Puede descargar las instrucciones en PDF de este kit <a href=\"https:\/\/guydutoit.com\/wp-content\/uploads\/2026\/01\/Premium-Stainless-Steel-Plating-Sierra-Twist-Pen-Kit.pdf\">aqu\u00ed<\/a>.<\/p>\n","protected":false},"excerpt":{"rendered":"<p>Elaborado con un brillante chapado en acero inoxidable, este kit de bol\u00edgrafo giratorio Sierra presenta un elegante dise\u00f1o de un solo tubo para facilitar el giro. Basta con girar la secci\u00f3n del tap\u00f3n para empezar a crear sin esfuerzo. Su compa\u00f1ero perfecto para el uso diario.<\/p>\n","protected":false},"featured_media":28519,"comment_status":"open","ping_status":"closed","template":"","meta":{"site-sidebar-layout":"","site-content-layout":"","ast-site-content-layout":"","site-content-style":"","site-sidebar-style":"","ast-global-header-display":"","ast-banner-title-visibility":"","ast-main-header-display":"","ast-hfb-above-header-display":"","ast-hfb-below-header-display":"","ast-hfb-mobile-header-display":"","site-post-title":"","ast-breadcrumbs-content":"","ast-featured-img":"","footer-sml-layout":"","ast-disable-related-posts":"","theme-transparent-header-meta":"","adv-header-id-meta":"","stick-header-meta":"","header-above-stick-meta":"","header-main-stick-meta":"","header-below-stick-meta":"","astra-migrate-meta-layouts":"default","ast-page-background-enabled":"default","ast-page-background-meta":{"desktop":{"background-color":"var(--ast-global-color-4)","background-image":"","background-repeat":"repeat","background-position":"center center","background-size":"auto","background-attachment":"scroll","background-type":"","background-media":"","overlay-type":"","overlay-color":"","overlay-opacity":"","overlay-gradient":""},"tablet":{"background-color":"","background-image":"","background-repeat":"repeat","background-position":"center center","background-size":"auto","background-attachment":"scroll","background-type":"","background-media":"","overlay-type":"","overlay-color":"","overlay-opacity":"","overlay-gradient":""},"mobile":{"background-color":"","background-image":"","background-repeat":"repeat","background-position":"center center","background-size":"auto","background-attachment":"scroll","background-type":"","background-media":"","overlay-type":"","overlay-color":"","overlay-opacity":"","overlay-gradient":""}},"ast-content-background-meta":{"desktop":{"background-color":"var(--ast-global-color-5)","background-image":"","background-repeat":"repeat","background-position":"center center","background-size":"auto","background-attachment":"scroll","background-type":"","background-media":"","overlay-type":"","overlay-color":"","overlay-opacity":"","overlay-gradient":""},"tablet":{"background-color":"var(--ast-global-color-5)","background-image":"","background-repeat":"repeat","background-position":"center center","background-size":"auto","background-attachment":"scroll","background-type":"","background-media":"","overlay-type":"","overlay-color":"","overlay-opacity":"","overlay-gradient":""},"mobile":{"background-color":"var(--ast-global-color-5)","background-image":"","background-repeat":"repeat","background-position":"center center","background-size":"auto","background-attachment":"scroll","background-type":"","background-media":"","overlay-type":"","overlay-color":"","overlay-opacity":"","overlay-gradient":""}},"jetpack_post_was_ever_published":false,"jetpack_publicize_message":"","jetpack_publicize_feature_enabled":true,"jetpack_social_post_already_shared":true,"jetpack_social_options":{"image_generator_settings":{"template":"highway","default_image_id":0,"font":"","enabled":false},"version":2}},"product_brand":[],"product_cat":[3141],"product_tag":[129,2711,1594,1715,3178],"class_list":{"0":"post-28515","1":"product","2":"type-product","3":"status-publish","4":"has-post-thumbnail","6":"product_cat-accesorios-para-torneado-de-madera","7":"product_tag-accesorios-para-torneado-de-madera","8":"product_tag-boligrafo-facil-de-girar","9":"product_tag-boligrafo-giratorio-sierra","10":"product_tag-fabricacion-de-boligrafos-diy","11":"product_tag-kit-para-boligrafo-de-acero-inoxidable","12":"desktop-align-left","13":"tablet-align-left","14":"mobile-align-left","15":"ast-product-gallery-layout-vertical-slider","16":"ast-product-tabs-layout-horizontal","18":"first","19":"instock","20":"shipping-taxable","21":"purchasable","22":"product-type-simple"},"jetpack_publicize_connections":[],"jetpack-related-posts":[{"id":29000,"url":"https:\/\/guydutoit.com\/es\/product\/kit-de-boligrafo-sierra-twist-chapado-en-oro-y-cobre-satinado\/","url_meta":{"origin":28515,"position":0},"title":"Kit de bol\u00edgrafo Sierra Twist chapado en oro y cobre satinado","author":"Guy du Toit","date":"23 de enero de 2026","format":false,"excerpt":"Experimente la elegancia del kit de bol\u00edgrafo Sierra Twist chapado en oro y cobre satinado. Convierta sin esfuerzo el dise\u00f1o de tubo \u00fanico en un elegante bol\u00edgrafo con s\u00f3lo girarlo. Perfecto para el uso diario.","rel":"","context":"Entrada similar","block_context":{"text":"Entrada similar","link":""},"img":{"alt_text":"","src":"https:\/\/i0.wp.com\/guydutoit.com\/wp-content\/uploads\/2026\/01\/RZ-BP40-GSCO_001.jpg?fit=1100%2C740&ssl=1&resize=350%2C200","width":350,"height":200,"srcset":"https:\/\/i0.wp.com\/guydutoit.com\/wp-content\/uploads\/2026\/01\/RZ-BP40-GSCO_001.jpg?fit=1100%2C740&ssl=1&resize=350%2C200 1x, https:\/\/i0.wp.com\/guydutoit.com\/wp-content\/uploads\/2026\/01\/RZ-BP40-GSCO_001.jpg?fit=1100%2C740&ssl=1&resize=525%2C300 1.5x, https:\/\/i0.wp.com\/guydutoit.com\/wp-content\/uploads\/2026\/01\/RZ-BP40-GSCO_001.jpg?fit=1100%2C740&ssl=1&resize=700%2C400 2x, https:\/\/i0.wp.com\/guydutoit.com\/wp-content\/uploads\/2026\/01\/RZ-BP40-GSCO_001.jpg?fit=1100%2C740&ssl=1&resize=1050%2C600 3x"},"classes":[]},{"id":26123,"url":"https:\/\/guydutoit.com\/es\/product\/kit-de-pulidor-sierra-twist-pen-premium-mate-gun-metal\/","url_meta":{"origin":28515,"position":1},"title":"Kit de pulidor Sierra Twist Pen Premium Mate Gun Metal","author":"Guy du Toit","date":"23 de enero de 2026","format":false,"excerpt":"Experimente el giro sin esfuerzo con este kit de bol\u00edgrafo giratorio de primera calidad. Elaborado con un elegante dise\u00f1o de un solo tubo, este bol\u00edgrafo sin complicaciones es perfecto para el uso diario.","rel":"","context":"Entrada similar","block_context":{"text":"Entrada similar","link":""},"img":{"alt_text":"","src":"https:\/\/i0.wp.com\/guydutoit.com\/wp-content\/uploads\/2026\/01\/RZ-BP40-MGMP_001.jpg?fit=1100%2C740&ssl=1&resize=350%2C200","width":350,"height":200,"srcset":"https:\/\/i0.wp.com\/guydutoit.com\/wp-content\/uploads\/2026\/01\/RZ-BP40-MGMP_001.jpg?fit=1100%2C740&ssl=1&resize=350%2C200 1x, https:\/\/i0.wp.com\/guydutoit.com\/wp-content\/uploads\/2026\/01\/RZ-BP40-MGMP_001.jpg?fit=1100%2C740&ssl=1&resize=525%2C300 1.5x, https:\/\/i0.wp.com\/guydutoit.com\/wp-content\/uploads\/2026\/01\/RZ-BP40-MGMP_001.jpg?fit=1100%2C740&ssl=1&resize=700%2C400 2x, https:\/\/i0.wp.com\/guydutoit.com\/wp-content\/uploads\/2026\/01\/RZ-BP40-MGMP_001.jpg?fit=1100%2C740&ssl=1&resize=1050%2C600 3x"},"classes":[]},{"id":26903,"url":"https:\/\/guydutoit.com\/es\/product\/boligrafo-de-titanio-negro-chapado-en-oro-de-primera-calidad\/","url_meta":{"origin":28515,"position":2},"title":"Bol\u00edgrafo de titanio negro chapado en oro de primera calidad","author":"Guy du Toit","date":"23 de enero de 2026","format":false,"excerpt":"Disfrute de un giro sin esfuerzo con este elegante bol\u00edgrafo monotubo. Basta con girar el tap\u00f3n para empezar a crear. Un imprescindible duradero para el d\u00eda a d\u00eda.","rel":"","context":"Entrada similar","block_context":{"text":"Entrada similar","link":""},"img":{"alt_text":"","src":"https:\/\/i0.wp.com\/guydutoit.com\/wp-content\/uploads\/2026\/01\/RZ-BP40-GBT_003.jpg?fit=1100%2C740&ssl=1&resize=350%2C200","width":350,"height":200,"srcset":"https:\/\/i0.wp.com\/guydutoit.com\/wp-content\/uploads\/2026\/01\/RZ-BP40-GBT_003.jpg?fit=1100%2C740&ssl=1&resize=350%2C200 1x, https:\/\/i0.wp.com\/guydutoit.com\/wp-content\/uploads\/2026\/01\/RZ-BP40-GBT_003.jpg?fit=1100%2C740&ssl=1&resize=525%2C300 1.5x, https:\/\/i0.wp.com\/guydutoit.com\/wp-content\/uploads\/2026\/01\/RZ-BP40-GBT_003.jpg?fit=1100%2C740&ssl=1&resize=700%2C400 2x, https:\/\/i0.wp.com\/guydutoit.com\/wp-content\/uploads\/2026\/01\/RZ-BP40-GBT_003.jpg?fit=1100%2C740&ssl=1&resize=1050%2C600 3x"},"classes":[]},{"id":29028,"url":"https:\/\/guydutoit.com\/es\/product\/kit-de-boligrafo-sierra-twist-de-primera-calidad-en-cromo-negro-y-niquel-satinado\/","url_meta":{"origin":28515,"position":3},"title":"Kit de bol\u00edgrafo Sierra Twist de primera calidad en cromo negro y n\u00edquel satinado","author":"Guy du Toit","date":"23 de enero de 2026","format":false,"excerpt":"Gire sin esfuerzo con nuestro kit de bol\u00edgrafo giratorio Sierra de primera calidad en cromo negro y n\u00edquel satinado. Simple acci\u00f3n giratoria para el uso diario.","rel":"","context":"Entrada similar","block_context":{"text":"Entrada similar","link":""},"img":{"alt_text":"","src":"https:\/\/i0.wp.com\/guydutoit.com\/wp-content\/uploads\/2026\/01\/RZ-BP40-BSN_002.jpg?fit=1100%2C740&ssl=1&resize=350%2C200","width":350,"height":200,"srcset":"https:\/\/i0.wp.com\/guydutoit.com\/wp-content\/uploads\/2026\/01\/RZ-BP40-BSN_002.jpg?fit=1100%2C740&ssl=1&resize=350%2C200 1x, https:\/\/i0.wp.com\/guydutoit.com\/wp-content\/uploads\/2026\/01\/RZ-BP40-BSN_002.jpg?fit=1100%2C740&ssl=1&resize=525%2C300 1.5x, https:\/\/i0.wp.com\/guydutoit.com\/wp-content\/uploads\/2026\/01\/RZ-BP40-BSN_002.jpg?fit=1100%2C740&ssl=1&resize=700%2C400 2x, https:\/\/i0.wp.com\/guydutoit.com\/wp-content\/uploads\/2026\/01\/RZ-BP40-BSN_002.jpg?fit=1100%2C740&ssl=1&resize=1050%2C600 3x"},"classes":[]},{"id":28867,"url":"https:\/\/guydutoit.com\/es\/product\/boligrafo-premium-dorado-azul\/","url_meta":{"origin":28515,"position":4},"title":"Bol\u00edgrafo Premium Dorado Azul","author":"Guy du Toit","date":"23 de enero de 2026","format":false,"excerpt":"Experimente el giro sin esfuerzo con este elegante bol\u00edgrafo azul chapado en oro. Basta con girar el tap\u00f3n para empezar a elaborar. Perfecto para el uso diario.","rel":"","context":"Entrada similar","block_context":{"text":"Entrada similar","link":""},"img":{"alt_text":"","src":"https:\/\/i0.wp.com\/guydutoit.com\/wp-content\/uploads\/2026\/01\/RZ-BP40-GBL_001.jpg?fit=1100%2C740&ssl=1&resize=350%2C200","width":350,"height":200,"srcset":"https:\/\/i0.wp.com\/guydutoit.com\/wp-content\/uploads\/2026\/01\/RZ-BP40-GBL_001.jpg?fit=1100%2C740&ssl=1&resize=350%2C200 1x, https:\/\/i0.wp.com\/guydutoit.com\/wp-content\/uploads\/2026\/01\/RZ-BP40-GBL_001.jpg?fit=1100%2C740&ssl=1&resize=525%2C300 1.5x, https:\/\/i0.wp.com\/guydutoit.com\/wp-content\/uploads\/2026\/01\/RZ-BP40-GBL_001.jpg?fit=1100%2C740&ssl=1&resize=700%2C400 2x, https:\/\/i0.wp.com\/guydutoit.com\/wp-content\/uploads\/2026\/01\/RZ-BP40-GBL_001.jpg?fit=1100%2C740&ssl=1&resize=1050%2C600 3x"},"classes":[]},{"id":28875,"url":"https:\/\/guydutoit.com\/es\/product\/boligrafo-monotubo-verde-dorado-para-girar-con-facilidad\/","url_meta":{"origin":28515,"position":5},"title":"Bol\u00edgrafo monotubo verde dorado para girar con facilidad","author":"Guy du Toit","date":"23 de enero de 2026","format":false,"excerpt":"Gire sin esfuerzo este elegante bol\u00edgrafo verde chapado en oro con un simple giro del capuch\u00f3n. Perfecto para el uso diario.","rel":"","context":"Entrada similar","block_context":{"text":"Entrada similar","link":""},"img":{"alt_text":"","src":"https:\/\/i0.wp.com\/guydutoit.com\/wp-content\/uploads\/2026\/01\/RZ-BP40-GGR_001.jpg?fit=1100%2C740&ssl=1&resize=350%2C200","width":350,"height":200,"srcset":"https:\/\/i0.wp.com\/guydutoit.com\/wp-content\/uploads\/2026\/01\/RZ-BP40-GGR_001.jpg?fit=1100%2C740&ssl=1&resize=350%2C200 1x, https:\/\/i0.wp.com\/guydutoit.com\/wp-content\/uploads\/2026\/01\/RZ-BP40-GGR_001.jpg?fit=1100%2C740&ssl=1&resize=525%2C300 1.5x, https:\/\/i0.wp.com\/guydutoit.com\/wp-content\/uploads\/2026\/01\/RZ-BP40-GGR_001.jpg?fit=1100%2C740&ssl=1&resize=700%2C400 2x, https:\/\/i0.wp.com\/guydutoit.com\/wp-content\/uploads\/2026\/01\/RZ-BP40-GGR_001.jpg?fit=1100%2C740&ssl=1&resize=1050%2C600 3x"},"classes":[]}],"jetpack_sharing_enabled":true,"jetpack_likes_enabled":true,"_links":{"self":[{"href":"https:\/\/guydutoit.com\/es\/wp-json\/wp\/v2\/product\/28515","targetHints":{"allow":["GET"]}}],"collection":[{"href":"https:\/\/guydutoit.com\/es\/wp-json\/wp\/v2\/product"}],"about":[{"href":"https:\/\/guydutoit.com\/es\/wp-json\/wp\/v2\/types\/product"}],"replies":[{"embeddable":true,"href":"https:\/\/guydutoit.com\/es\/wp-json\/wp\/v2\/comments?post=28515"}],"wp:featuredmedia":[{"embeddable":true,"href":"https:\/\/guydutoit.com\/es\/wp-json\/wp\/v2\/media\/28519"}],"wp:attachment":[{"href":"https:\/\/guydutoit.com\/es\/wp-json\/wp\/v2\/media?parent=28515"}],"wp:term":[{"taxonomy":"product_brand","embeddable":true,"href":"https:\/\/guydutoit.com\/es\/wp-json\/wp\/v2\/product_brand?post=28515"},{"taxonomy":"product_cat","embeddable":true,"href":"https:\/\/guydutoit.com\/es\/wp-json\/wp\/v2\/product_cat?post=28515"},{"taxonomy":"product_tag","embeddable":true,"href":"https:\/\/guydutoit.com\/es\/wp-json\/wp\/v2\/product_tag?post=28515"}],"curies":[{"name":"wp","href":"https:\/\/api.w.org\/{rel}","templated":true}]}}