{"id":28989,"date":"2026-01-23T01:01:38","date_gmt":"2026-01-23T00:01:38","guid":{"rendered":"https:\/\/guydutoit.com\/product\/kit-de-boligrafo-roller-chapado-en-oro-de-primera-calidad-con-banda-central-plana-y-capuchon-terminal\/"},"modified":"2026-04-10T11:44:55","modified_gmt":"2026-04-10T10:44:55","slug":"kit-de-boligrafo-roller-chapado-en-oro-de-primera-calidad-con-banda-central-plana-y-capuchon-terminal","status":"publish","type":"product","link":"https:\/\/guydutoit.com\/es\/product\/kit-de-boligrafo-roller-chapado-en-oro-de-primera-calidad-con-banda-central-plana-y-capuchon-terminal\/","title":{"rendered":"Kit de bol\u00edgrafo roller chapado en oro de primera calidad con banda central plana y capuch\u00f3n terminal"},"content":{"rendered":"<p>Juego de bol\u00edgrafos roller de nuevo dise\u00f1o con la banda central plana y el capuch\u00f3n del extremo chapados en oro. La pluma tiene un buen peso y equilibrio sin ser demasiado grande o pesada. Tambi\u00e9n es muy f\u00e1cil de montar. El anillo de goma negro puede colocarse en la ranura del acoplador de puntas, s\u00f3lo necesita como m\u00e1ximo 3 \u00f3 4 vueltas completas para cerrar la copa. Si no desea utilizarlo, no hay ning\u00fan problema. Accesorios: Casquillo(RZ-FP233#-BU) Tubos (RZ-BT233) Broca(RZ-DB27\/64).<\/p>\n","protected":false},"excerpt":{"rendered":"<p>Experimente un equilibrio y una solidez excelentes con nuestro kit de bol\u00edgrafo roller chapado en oro f\u00e1cil de montar, que incluye una banda central plana y un capuch\u00f3n final.<\/p>\n","protected":false},"featured_media":0,"comment_status":"open","ping_status":"closed","template":"","meta":{"site-sidebar-layout":"","site-content-layout":"","ast-site-content-layout":"","site-content-style":"","site-sidebar-style":"","ast-global-header-display":"","ast-banner-title-visibility":"","ast-main-header-display":"","ast-hfb-above-header-display":"","ast-hfb-below-header-display":"","ast-hfb-mobile-header-display":"","site-post-title":"","ast-breadcrumbs-content":"","ast-featured-img":"","footer-sml-layout":"","ast-disable-related-posts":"","theme-transparent-header-meta":"","adv-header-id-meta":"","stick-header-meta":"","header-above-stick-meta":"","header-main-stick-meta":"","header-below-stick-meta":"","astra-migrate-meta-layouts":"default","ast-page-background-enabled":"default","ast-page-background-meta":{"desktop":{"background-color":"var(--ast-global-color-4)","background-image":"","background-repeat":"repeat","background-position":"center center","background-size":"auto","background-attachment":"scroll","background-type":"","background-media":"","overlay-type":"","overlay-color":"","overlay-opacity":"","overlay-gradient":""},"tablet":{"background-color":"","background-image":"","background-repeat":"repeat","background-position":"center center","background-size":"auto","background-attachment":"scroll","background-type":"","background-media":"","overlay-type":"","overlay-color":"","overlay-opacity":"","overlay-gradient":""},"mobile":{"background-color":"","background-image":"","background-repeat":"repeat","background-position":"center center","background-size":"auto","background-attachment":"scroll","background-type":"","background-media":"","overlay-type":"","overlay-color":"","overlay-opacity":"","overlay-gradient":""}},"ast-content-background-meta":{"desktop":{"background-color":"var(--ast-global-color-5)","background-image":"","background-repeat":"repeat","background-position":"center center","background-size":"auto","background-attachment":"scroll","background-type":"","background-media":"","overlay-type":"","overlay-color":"","overlay-opacity":"","overlay-gradient":""},"tablet":{"background-color":"var(--ast-global-color-5)","background-image":"","background-repeat":"repeat","background-position":"center center","background-size":"auto","background-attachment":"scroll","background-type":"","background-media":"","overlay-type":"","overlay-color":"","overlay-opacity":"","overlay-gradient":""},"mobile":{"background-color":"var(--ast-global-color-5)","background-image":"","background-repeat":"repeat","background-position":"center center","background-size":"auto","background-attachment":"scroll","background-type":"","background-media":"","overlay-type":"","overlay-color":"","overlay-opacity":"","overlay-gradient":""}},"jetpack_post_was_ever_published":false,"jetpack_publicize_message":"","jetpack_publicize_feature_enabled":true,"jetpack_social_post_already_shared":true,"jetpack_social_options":{"image_generator_settings":{"template":"highway","default_image_id":0,"font":"","enabled":false},"version":2}},"product_brand":[],"product_cat":[3141],"product_tag":[129,2712,3421,3420,1985],"class_list":{"0":"post-28989","1":"product","2":"type-product","3":"status-publish","5":"product_cat-accesorios-para-torneado-de-madera","6":"product_tag-accesorios-para-torneado-de-madera","7":"product_tag-boligrafo-chapado-en-oro","8":"product_tag-boligrafo-de-banda-central-plana","9":"product_tag-boligrafo-de-facil-montaje","10":"product_tag-juegos-de-boligrafos-roller","11":"desktop-align-left","12":"tablet-align-left","13":"mobile-align-left","14":"ast-product-gallery-layout-vertical-slider","15":"ast-product-gallery-with-no-image","16":"ast-product-tabs-layout-horizontal","18":"first","19":"onbackorder","20":"shipping-taxable","21":"purchasable","22":"product-type-simple"},"jetpack_publicize_connections":[],"jetpack-related-posts":[{"id":29005,"url":"https:\/\/guydutoit.com\/es\/product\/kit-de-boligrafo-roller-chapado-en-oro-de-primera-calidad-con-banda-central-plana\/","url_meta":{"origin":28989,"position":0},"title":"Kit de bol\u00edgrafo roller chapado en oro de primera calidad con banda central plana","author":"Guy du Toit","date":"23 de enero de 2026","format":false,"excerpt":"Experimente el equilibrio y el peso perfectos con nuestro kit de bol\u00edgrafo roller chapado en oro f\u00e1cil de montar. A\u00f1ada un toque de lujo a sus proyectos de torno.","rel":"","context":"Entrada similar","block_context":{"text":"Entrada similar","link":""},"img":{"alt_text":"","src":"https:\/\/i0.wp.com\/guydutoit.com\/wp-content\/uploads\/2026\/01\/RZ-RP501-ABP_001.jpg?fit=1100%2C740&ssl=1&resize=350%2C200","width":350,"height":200,"srcset":"https:\/\/i0.wp.com\/guydutoit.com\/wp-content\/uploads\/2026\/01\/RZ-RP501-ABP_001.jpg?fit=1100%2C740&ssl=1&resize=350%2C200 1x, https:\/\/i0.wp.com\/guydutoit.com\/wp-content\/uploads\/2026\/01\/RZ-RP501-ABP_001.jpg?fit=1100%2C740&ssl=1&resize=525%2C300 1.5x, https:\/\/i0.wp.com\/guydutoit.com\/wp-content\/uploads\/2026\/01\/RZ-RP501-ABP_001.jpg?fit=1100%2C740&ssl=1&resize=700%2C400 2x, https:\/\/i0.wp.com\/guydutoit.com\/wp-content\/uploads\/2026\/01\/RZ-RP501-ABP_001.jpg?fit=1100%2C740&ssl=1&resize=1050%2C600 3x"},"classes":[]},{"id":26520,"url":"https:\/\/guydutoit.com\/es\/product\/elegante-kit-de-boligrafo-rollerball-jr-gentleman-grande-chapado-en-oro\/","url_meta":{"origin":28989,"position":1},"title":"Elegante kit de bol\u00edgrafo Rollerball Jr Gentleman grande chapado en oro","author":"Guy du Toit","date":"23 de enero de 2026","format":false,"excerpt":"Descubra el lujoso encanto de nuestro nuevo kit de bol\u00edgrafo roller chapado en oro con intrincados dibujos en la banda central y el capuch\u00f3n del extremo.","rel":"","context":"Entrada similar","block_context":{"text":"Entrada similar","link":""},"img":{"alt_text":"","src":"https:\/\/i0.wp.com\/guydutoit.com\/wp-content\/uploads\/2026\/01\/RZ-RP50N-G_001.jpg?fit=1100%2C740&ssl=1&resize=350%2C200","width":350,"height":200,"srcset":"https:\/\/i0.wp.com\/guydutoit.com\/wp-content\/uploads\/2026\/01\/RZ-RP50N-G_001.jpg?fit=1100%2C740&ssl=1&resize=350%2C200 1x, https:\/\/i0.wp.com\/guydutoit.com\/wp-content\/uploads\/2026\/01\/RZ-RP50N-G_001.jpg?fit=1100%2C740&ssl=1&resize=525%2C300 1.5x, https:\/\/i0.wp.com\/guydutoit.com\/wp-content\/uploads\/2026\/01\/RZ-RP50N-G_001.jpg?fit=1100%2C740&ssl=1&resize=700%2C400 2x, https:\/\/i0.wp.com\/guydutoit.com\/wp-content\/uploads\/2026\/01\/RZ-RP50N-G_001.jpg?fit=1100%2C740&ssl=1&resize=1050%2C600 3x"},"classes":[]},{"id":26268,"url":"https:\/\/guydutoit.com\/es\/product\/kit-de-boligrafo-roller-dorado-de-abeja-premium-con-capuchon-de-colmena\/","url_meta":{"origin":28989,"position":2},"title":"Kit de bol\u00edgrafo roller dorado de abeja premium con capuch\u00f3n de colmena","author":"Guy du Toit","date":"23 de enero de 2026","format":false,"excerpt":"Eleve su experiencia de escritura con nuestro kit de bol\u00edgrafo roller dorado de alta calidad con forma de abeja y un exclusivo capuch\u00f3n de colmena. Este exquisito bol\u00edgrafo est\u00e1 adornado con intrincados elementos de abejas y un dise\u00f1o de panal en la banda central. Una idea de regalo perfecta para\u2026","rel":"","context":"Entrada similar","block_context":{"text":"Entrada similar","link":""},"img":{"alt_text":"","src":"","width":0,"height":0},"classes":[]},{"id":27274,"url":"https:\/\/guydutoit.com\/es\/product\/kit-de-boligrafo-skyrollerball-misterioso-banado-en-oro\/","url_meta":{"origin":28989,"position":3},"title":"Kit de bol\u00edgrafo Skyrollerball misterioso ba\u00f1ado en oro","author":"Guy du Toit","date":"23 de enero de 2026","format":false,"excerpt":"Experimente el misterio con nuestro kit de bol\u00edgrafo skyrollerball chapado en oro con un motivo de cielo estrellado en el capuch\u00f3n del extremo y un cautivador dise\u00f1o de ojos negros.","rel":"","context":"Entrada similar","block_context":{"text":"Entrada similar","link":""},"img":{"alt_text":"","src":"https:\/\/i0.wp.com\/guydutoit.com\/wp-content\/uploads\/2026\/01\/RZ-RP272-G_002.jpg?fit=1100%2C740&ssl=1&resize=350%2C200","width":350,"height":200,"srcset":"https:\/\/i0.wp.com\/guydutoit.com\/wp-content\/uploads\/2026\/01\/RZ-RP272-G_002.jpg?fit=1100%2C740&ssl=1&resize=350%2C200 1x, https:\/\/i0.wp.com\/guydutoit.com\/wp-content\/uploads\/2026\/01\/RZ-RP272-G_002.jpg?fit=1100%2C740&ssl=1&resize=525%2C300 1.5x, https:\/\/i0.wp.com\/guydutoit.com\/wp-content\/uploads\/2026\/01\/RZ-RP272-G_002.jpg?fit=1100%2C740&ssl=1&resize=700%2C400 2x, https:\/\/i0.wp.com\/guydutoit.com\/wp-content\/uploads\/2026\/01\/RZ-RP272-G_002.jpg?fit=1100%2C740&ssl=1&resize=1050%2C600 3x"},"classes":[]},{"id":29225,"url":"https:\/\/guydutoit.com\/es\/product\/kit-de-boligrafo-ciclotron-chapado-en-oro-con-clip-de-rueda-giratoria\/","url_meta":{"origin":28989,"position":4},"title":"Kit de bol\u00edgrafo ciclotr\u00f3n chapado en oro con clip de rueda giratoria","author":"Guy du Toit","date":"23 de enero de 2026","format":false,"excerpt":"Cree elegantes instrumentos de escritura con nuestro kit de bol\u00edgrafo ciclotr\u00f3n chapado en oro con clip de rueda giratoria. \u00a1Es un regalo perfecto!","rel":"","context":"Entrada similar","block_context":{"text":"Entrada similar","link":""},"img":{"alt_text":"","src":"https:\/\/i0.wp.com\/guydutoit.com\/wp-content\/uploads\/2026\/01\/RZ-BP604-G_001.jpg?fit=1100%2C740&ssl=1&resize=350%2C200","width":350,"height":200,"srcset":"https:\/\/i0.wp.com\/guydutoit.com\/wp-content\/uploads\/2026\/01\/RZ-BP604-G_001.jpg?fit=1100%2C740&ssl=1&resize=350%2C200 1x, https:\/\/i0.wp.com\/guydutoit.com\/wp-content\/uploads\/2026\/01\/RZ-BP604-G_001.jpg?fit=1100%2C740&ssl=1&resize=525%2C300 1.5x, https:\/\/i0.wp.com\/guydutoit.com\/wp-content\/uploads\/2026\/01\/RZ-BP604-G_001.jpg?fit=1100%2C740&ssl=1&resize=700%2C400 2x, https:\/\/i0.wp.com\/guydutoit.com\/wp-content\/uploads\/2026\/01\/RZ-BP604-G_001.jpg?fit=1100%2C740&ssl=1&resize=1050%2C600 3x"},"classes":[]},{"id":28804,"url":"https:\/\/guydutoit.com\/es\/product\/boligrafo-banado-en-oro-de-tematica-militar-para-entusiastas-de-la-torneria-de-madera\/","url_meta":{"origin":28989,"position":5},"title":"Bol\u00edgrafo ba\u00f1ado en oro de tem\u00e1tica militar para entusiastas de la torner\u00eda de madera","author":"Guy du Toit","date":"23 de enero de 2026","format":false,"excerpt":"Sorprenda a los aficionados militares con este bol\u00edgrafo chapado en oro con un casco de soldado en el capuch\u00f3n, un clip para bol\u00edgrafo con escudo y un dise\u00f1o de banda remachada.","rel":"","context":"Entrada similar","block_context":{"text":"Entrada similar","link":""},"img":{"alt_text":"","src":"https:\/\/i0.wp.com\/guydutoit.com\/wp-content\/uploads\/2026\/01\/RZ-BP407-G_001.jpg?fit=1100%2C740&ssl=1&resize=350%2C200","width":350,"height":200,"srcset":"https:\/\/i0.wp.com\/guydutoit.com\/wp-content\/uploads\/2026\/01\/RZ-BP407-G_001.jpg?fit=1100%2C740&ssl=1&resize=350%2C200 1x, https:\/\/i0.wp.com\/guydutoit.com\/wp-content\/uploads\/2026\/01\/RZ-BP407-G_001.jpg?fit=1100%2C740&ssl=1&resize=525%2C300 1.5x, https:\/\/i0.wp.com\/guydutoit.com\/wp-content\/uploads\/2026\/01\/RZ-BP407-G_001.jpg?fit=1100%2C740&ssl=1&resize=700%2C400 2x, https:\/\/i0.wp.com\/guydutoit.com\/wp-content\/uploads\/2026\/01\/RZ-BP407-G_001.jpg?fit=1100%2C740&ssl=1&resize=1050%2C600 3x"},"classes":[]}],"jetpack_sharing_enabled":true,"jetpack_likes_enabled":true,"_links":{"self":[{"href":"https:\/\/guydutoit.com\/es\/wp-json\/wp\/v2\/product\/28989","targetHints":{"allow":["GET"]}}],"collection":[{"href":"https:\/\/guydutoit.com\/es\/wp-json\/wp\/v2\/product"}],"about":[{"href":"https:\/\/guydutoit.com\/es\/wp-json\/wp\/v2\/types\/product"}],"replies":[{"embeddable":true,"href":"https:\/\/guydutoit.com\/es\/wp-json\/wp\/v2\/comments?post=28989"}],"wp:attachment":[{"href":"https:\/\/guydutoit.com\/es\/wp-json\/wp\/v2\/media?parent=28989"}],"wp:term":[{"taxonomy":"product_brand","embeddable":true,"href":"https:\/\/guydutoit.com\/es\/wp-json\/wp\/v2\/product_brand?post=28989"},{"taxonomy":"product_cat","embeddable":true,"href":"https:\/\/guydutoit.com\/es\/wp-json\/wp\/v2\/product_cat?post=28989"},{"taxonomy":"product_tag","embeddable":true,"href":"https:\/\/guydutoit.com\/es\/wp-json\/wp\/v2\/product_tag?post=28989"}],"curies":[{"name":"wp","href":"https:\/\/api.w.org\/{rel}","templated":true}]}}