{"id":15511,"date":"2024-07-18T11:59:42","date_gmt":"2024-07-18T10:59:42","guid":{"rendered":"http:\/\/guydutoit.com\/my-account\/"},"modified":"2026-03-14T14:43:22","modified_gmt":"2026-03-14T13:43:22","slug":"my-account","status":"publish","type":"page","link":"https:\/\/guydutoit.com\/fr\/my-account\/","title":{"rendered":"Mon compte"},"content":{"rendered":"\t\t<div data-elementor-type=\"wp-page\" data-elementor-id=\"15511\" class=\"elementor elementor-15511 elementor-3243\" data-elementor-post-type=\"page\">\n\t\t\t\t<div class=\"elementor-element elementor-element-513d3744 e-flex e-con-boxed e-con e-parent\" data-id=\"513d3744\" data-element_type=\"container\" data-e-type=\"container\">\n\t\t\t\t\t<div class=\"e-con-inner\">\n\t\t\t\t<div class=\"elementor-element elementor-element-0e56724 e-my-account-tabs-vertical elementor-widget elementor-widget-woocommerce-my-account\" data-id=\"0e56724\" data-element_type=\"widget\" data-e-type=\"widget\" data-widget_type=\"woocommerce-my-account.default\">\n\t\t\t\t<div class=\"elementor-widget-container\">\n\t\t\t\t\t<div class=\"e-my-account-tab e-my-account-tab__ \">\t\t\t<div class=\"woocommerce\"><\/div>\t\t<\/div>\n\t\t\t\t\t\t<\/div>\n\t\t\t\t<\/div>\n\t\t\t\t\t<\/div>\n\t\t\t\t<\/div>\n\t\t\t\t<\/div>\n\t\t","protected":false},"excerpt":{"rendered":"","protected":false},"author":2,"featured_media":0,"parent":0,"menu_order":0,"comment_status":"closed","ping_status":"closed","template":"elementor_header_footer","meta":{"site-sidebar-layout":"default","site-content-layout":"","ast-site-content-layout":"default","site-content-style":"default","site-sidebar-style":"default","ast-global-header-display":"","ast-banner-title-visibility":"","ast-main-header-display":"","ast-hfb-above-header-display":"","ast-hfb-below-header-display":"","ast-hfb-mobile-header-display":"","site-post-title":"","ast-breadcrumbs-content":"","ast-featured-img":"","footer-sml-layout":"","ast-disable-related-posts":"","theme-transparent-header-meta":"default","adv-header-id-meta":"","stick-header-meta":"default","header-above-stick-meta":"","header-main-stick-meta":"","header-below-stick-meta":"","astra-migrate-meta-layouts":"set","ast-page-background-enabled":"default","ast-page-background-meta":{"desktop":{"background-color":"var(--ast-global-color-4)","background-image":"","background-repeat":"repeat","background-position":"center center","background-size":"auto","background-attachment":"scroll","background-type":"","background-media":"","overlay-type":"","overlay-color":"","overlay-opacity":"","overlay-gradient":""},"tablet":{"background-color":"","background-image":"","background-repeat":"repeat","background-position":"center center","background-size":"auto","background-attachment":"scroll","background-type":"","background-media":"","overlay-type":"","overlay-color":"","overlay-opacity":"","overlay-gradient":""},"mobile":{"background-color":"","background-image":"","background-repeat":"repeat","background-position":"center center","background-size":"auto","background-attachment":"scroll","background-type":"","background-media":"","overlay-type":"","overlay-color":"","overlay-opacity":"","overlay-gradient":""}},"ast-content-background-meta":{"desktop":{"background-color":"var(--ast-global-color-5)","background-image":"","background-repeat":"repeat","background-position":"center center","background-size":"auto","background-attachment":"scroll","background-type":"","background-media":"","overlay-type":"","overlay-color":"","overlay-opacity":"","overlay-gradient":""},"tablet":{"background-color":"var(--ast-global-color-5)","background-image":"","background-repeat":"repeat","background-position":"center center","background-size":"auto","background-attachment":"scroll","background-type":"","background-media":"","overlay-type":"","overlay-color":"","overlay-opacity":"","overlay-gradient":""},"mobile":{"background-color":"var(--ast-global-color-5)","background-image":"","background-repeat":"repeat","background-position":"center center","background-size":"auto","background-attachment":"scroll","background-type":"","background-media":"","overlay-type":"","overlay-color":"","overlay-opacity":"","overlay-gradient":""}},"jetpack_post_was_ever_published":false,"footnotes":""},"class_list":["post-15511","page","type-page","status-publish","hentry"],"jetpack-related-posts":[{"id":15549,"url":"https:\/\/guydutoit.com\/fr\/shop\/payments\/","url_meta":{"origin":15511,"position":0},"title":"Paiements","author":"Guy du Toit","date":"27 septembre 2021","format":false,"excerpt":"Paiements et exp\u00e9dition Mon entreprise, L'Atelier de Guy du Toit - ARTelier de Guy, est une entreprise fran\u00e7aise enregistr\u00e9e avec un num\u00e9ro de TVA. Mon num\u00e9ro de siret est le 979 832 540 00012 et mon num\u00e9ro de TVA est le FR29979832540. Les paiements peuvent \u00eatre effectu\u00e9s via WooCommerce, PayPal\u2026","rel":"","context":"Article similaire","block_context":{"text":"Article similaire","link":""},"img":{"alt_text":"","src":"","width":0,"height":0},"classes":[]},{"id":15486,"url":"https:\/\/guydutoit.com\/fr\/in-the-news\/","url_meta":{"origin":15511,"position":1},"title":"DANS L&#8217;ACTUALIT\u00c9","author":"Guy du Toit","date":"8 novembre 2024","format":false,"excerpt":"Dans l'actualit\u00e9 Dans la presse : L'artisanat \u00e0 l'honneur Le tournage sur bois au c\u0153ur de l'actualit\u00e9 J'ai h\u00e2te de partager quelques \u00e9l\u00e9ments qui mettent en valeur mon travail et ma passion pour le tournage sur bois ! Ces \u00e9v\u00e9nements m\u00e9diatiques ont permis d'entrer en contact avec un public plus\u2026","rel":"","context":"Article similaire","block_context":{"text":"Article similaire","link":""},"img":{"alt_text":"Guy du Toit Documentary","src":"https:\/\/i0.wp.com\/guydutoit.com\/wp-content\/uploads\/2024\/11\/Guy-du-Toit-Documentary.png?resize=350%2C200&ssl=1","width":350,"height":200},"classes":[]},{"id":15509,"url":"https:\/\/guydutoit.com\/fr\/jean-francois-escoulen\/","url_meta":{"origin":15511,"position":2},"title":"Jean-Fran\u00e7ois Escoulen","author":"Guy du Toit","date":"19 juillet 2024","format":false,"excerpt":"Une collaboration unique : Le Trembleur excentrique En 2022, j'ai ressenti le besoin de renouer avec mes racines de tourneur sur bois. Je suis retourn\u00e9 \u00e0 l'\u00e9cole Escoulen en France pour une semaine de formation intensive avec Jean Fran\u00e7ois Escoulen, en me concentrant sp\u00e9cifiquement sur les techniques de tournage excentrique\u2026","rel":"","context":"Article similaire","block_context":{"text":"Article similaire","link":""},"img":{"alt_text":"","src":"","width":0,"height":0},"classes":[]},{"id":15490,"url":"https:\/\/guydutoit.com\/fr\/about-guy\/","url_meta":{"origin":15511,"position":3},"title":"\u00c0 propos de Guy","author":"Guy du Toit","date":"6 novembre 2024","format":false,"excerpt":"\u00c0 propos de Guy TRAVAIL DE COMMISSION EXPOSITIONS ET \u00c9V\u00c9NEMENTS DANS LA PRESSE COLLABORATIONS PRIX ET R\u00c9COMPENSES Hello, Kia Ora, Bonjour, Goeie dag ! Bienvenue sur mon site web ! Je m'appelle Guy (Gideon) du Toit et je suis un tourneur sur bois passionn\u00e9 qui cherche \u00e0 transformer le bois\u2026","rel":"","context":"Article similaire","block_context":{"text":"Article similaire","link":""},"img":{"alt_text":"","src":"https:\/\/i0.wp.com\/guydutoit.com\/wp-content\/uploads\/2024\/11\/team.png?resize=350%2C200&ssl=1","width":350,"height":200},"classes":[]},{"id":15547,"url":"https:\/\/guydutoit.com\/fr\/ricci-lang\/","url_meta":{"origin":15511,"position":4},"title":"Ricci Lang","author":"Guy du Toit","date":"27 septembre 2021","format":false,"excerpt":"Une collaboration n\u00e9e au march\u00e9Ma relation avec Ricci s'est nou\u00e9e au vibrant Packhouse Market de Kerikeri, o\u00f9 elle \u00e9tait un visage familier qui pr\u00e9sentait son travail captivant. Vous pouvez d\u00e9couvrir d'autres de ses cr\u00e9ations, y compris des pi\u00e8ces disponibles \u00e0 l'achat, gr\u00e2ce \u00e0 ce lien vers sa page Instagram.Les dessins\u2026","rel":"","context":"Article similaire","block_context":{"text":"Article similaire","link":""},"img":{"alt_text":"","src":"","width":0,"height":0},"classes":[]},{"id":15506,"url":"https:\/\/guydutoit.com\/fr\/soul-gallery-hamilton\/","url_meta":{"origin":15511,"position":5},"title":"Galerie de l&#8217;\u00e2me Hamilton","author":"Guy du Toit","date":"19 juillet 2024","format":false,"excerpt":"Galerie Soul - Hamilton Soul Gallery \u00e0 Hamilton a \u00e9t\u00e9 la premi\u00e8re galerie o\u00f9 j'ai expos\u00e9 mes cr\u00e9ations en bois. Elle m'a permis de pr\u00e9senter mon savoir-faire et ma vision artistique au public.","rel":"","context":"Article similaire","block_context":{"text":"Article similaire","link":""},"img":{"alt_text":"","src":"","width":0,"height":0},"classes":[]}],"jetpack_sharing_enabled":false,"jetpack_likes_enabled":false,"_links":{"self":[{"href":"https:\/\/guydutoit.com\/fr\/wp-json\/wp\/v2\/pages\/15511","targetHints":{"allow":["GET"]}}],"collection":[{"href":"https:\/\/guydutoit.com\/fr\/wp-json\/wp\/v2\/pages"}],"about":[{"href":"https:\/\/guydutoit.com\/fr\/wp-json\/wp\/v2\/types\/page"}],"author":[{"embeddable":true,"href":"https:\/\/guydutoit.com\/fr\/wp-json\/wp\/v2\/users\/2"}],"replies":[{"embeddable":true,"href":"https:\/\/guydutoit.com\/fr\/wp-json\/wp\/v2\/comments?post=15511"}],"version-history":[{"count":6,"href":"https:\/\/guydutoit.com\/fr\/wp-json\/wp\/v2\/pages\/15511\/revisions"}],"predecessor-version":[{"id":17674,"href":"https:\/\/guydutoit.com\/fr\/wp-json\/wp\/v2\/pages\/15511\/revisions\/17674"}],"wp:attachment":[{"href":"https:\/\/guydutoit.com\/fr\/wp-json\/wp\/v2\/media?parent=15511"}],"curies":[{"name":"wp","href":"https:\/\/api.w.org\/{rel}","templated":true}]}}