{"id":15515,"date":"2021-11-08T22:58:37","date_gmt":"2021-11-08T21:58:37","guid":{"rendered":"http:\/\/guydutoit.com\/chakra-cube\/"},"modified":"2025-03-13T10:42:10","modified_gmt":"2025-03-13T09:42:10","slug":"chakra-cube","status":"publish","type":"page","link":"https:\/\/guydutoit.com\/fr\/chakra-cube\/","title":{"rendered":"Collier en bois rare Chakra Cube"},"content":{"rendered":"<p><!--vcv no format--><\/p>\n<div class=\"vce-row-container\" data-vce-boxed-width=\"true\">\n<div id=\"el-8193401d\" class=\"vce-row vce-row--col-gap-30 vce-row-equal-height vce-row-content--top\" data-vce-do-apply=\"all el-8193401d\">\n<div class=\"vce-row-content\" data-vce-element-content=\"true\">\n<div id=\"el-3ad4823a\" class=\"vce-col vce-col--md-auto vce-col--xs-1 vce-col--xs-last vce-col--xs-first vce-col--sm-last vce-col--sm-first vce-col--md-last vce-col--lg-last vce-col--xl-last vce-col--md-first vce-col--lg-first vce-col--xl-first\">\n<div class=\"vce-col-inner\" data-vce-do-apply=\"border margin background el-3ad4823a\">\n<div class=\"vce-col-content\" data-vce-element-content=\"true\" data-vce-do-apply=\"padding el-3ad4823a\">\n<div class=\"vce-text-block\">\n<div id=\"el-d9440d8c\" class=\"vce-text-block-wrapper vce\" data-vce-do-apply=\"all el-d9440d8c\">\n<h2>7 Chakras, 7 bois &#8211; $120.00<\/h2>\n<p>Fabriqu\u00e9 \u00e0 partir de 7 essences de bois diff\u00e9rentes, avec au centre le Purple Heart qui repr\u00e9sente le chakra du c\u0153ur, voici un cadeau qui r\u00e9chauffe le c\u0153ur et remonte le moral.<\/p>\n<\/div>\n<\/div>\n<\/div>\n<\/div>\n<\/div>\n<\/div>\n<\/div>\n<\/div>\n<div class=\"vce-row-container\" data-vce-boxed-width=\"true\">\n<div id=\"el-402434e5\" class=\"vce-row vce-row--col-gap-30 vce-row-equal-height vce-row-content--top\" data-vce-do-apply=\"all el-402434e5\">\n<div class=\"vce-row-content\" data-vce-element-content=\"true\">\n<div id=\"el-fd74abc5\" class=\"vce-col vce-col--md-auto vce-col--xs-1 vce-col--xs-last vce-col--xs-first vce-col--sm-last vce-col--sm-first vce-col--md-last vce-col--lg-last vce-col--xl-last vce-col--md-first vce-col--lg-first vce-col--xl-first\">\n<div class=\"vce-col-inner\" data-vce-do-apply=\"border margin background el-fd74abc5\">\n<div class=\"vce-col-content\" data-vce-element-content=\"true\" data-vce-do-apply=\"padding el-fd74abc5\">\n<div class=\"vce-image-gallery vce-image-gallery--gap-10 vce-image-gallery--columns-3 vce-image-gallery--border-rounded vce-image-gallery-caption--align-center\">\n<div id=\"el-ece44793\" class=\"vce-image-gallery-wrapper vce\" data-vce-do-apply=\"all el-ece44793\">\n<div class=\"vce-image-gallery-list\">\n<div class=\"vce-image-gallery-item\">\n<figure class=\"vce-image-gallery-item-inner-wrapper\"><a class=\"vce-image-gallery-item-inner\" href=\"|!|vcvUploadUrl|!|\/2021\/11\/20211108_133629-scaled-e1636408535831.jpg\" data-lightbox=\"lightbox-ece44793\"><img decoding=\"async\" class=\"vce-image-gallery-img vce-image-gallery-img--orientation-portrait\" title=\"Collier en bois rare Chakra Cube\" src=\"|!|vcvUploadUrl|!|\/2021\/11\/20211108_133629-scaled-e1636408528797-576x1024.jpg\" alt=\"Collier en bois rare Chakra Cube\"><\/a><figcaption>Collier en bois rare Chakra Cube<\/figcaption><\/figure>\n<\/div>\n<div class=\"vce-image-gallery-item\">\n<figure class=\"vce-image-gallery-item-inner-wrapper\"><a class=\"vce-image-gallery-item-inner\" href=\"|!|vcvUploadUrl|!|\/2021\/11\/20211108_202330-scaled-e1636408311435.jpg\" data-lightbox=\"lightbox-ece44793\"><img decoding=\"async\" class=\"vce-image-gallery-img\" title=\"Collier en bois rare Chakra Cube\" src=\"|!|vcvUploadUrl|!|\/2021\/11\/20211108_202330-scaled-e1636408305248-1024x595.jpg\" alt=\"Collier en bois rare Chakra Cube\"><\/a><figcaption>Collier en bois rare Chakra Cube<\/figcaption><\/figure>\n<\/div>\n<div class=\"vce-image-gallery-item\">\n<figure class=\"vce-image-gallery-item-inner-wrapper\"><a class=\"vce-image-gallery-item-inner\" href=\"|!|vcvUploadUrl|!|\/2021\/11\/20211108_203155-scaled-e1636408252750.jpg\" data-lightbox=\"lightbox-ece44793\"><img decoding=\"async\" class=\"vce-image-gallery-img vce-image-gallery-img--orientation-portrait\" title=\"Collier en bois rare Chakra Cube\" src=\"|!|vcvUploadUrl|!|\/2021\/11\/20211108_203155-scaled-e1636408246497-795x1024.jpg\" alt=\"Collier en bois rare Chakra Cube\"><\/a><figcaption>Collier en bois rare Chakra Cube<\/figcaption><\/figure>\n<\/div>\n<\/div>\n<\/div>\n<\/div>\n<\/div>\n<\/div>\n<\/div>\n<\/div>\n<\/div>\n<\/div>\n<p><!--vcv no format--><\/p>\n","protected":false},"excerpt":{"rendered":"<p>7 Chakras, 7 bois &#8211; $120.00 Fabriqu\u00e9 \u00e0 partir de 7 essences de bois diff\u00e9rentes, avec au centre le Purple Heart qui repr\u00e9sente le chakra du c\u0153ur, voici un cadeau qui r\u00e9chauffe le c\u0153ur et remonte le moral. Collier en bois rare Chakra Cube Collier en bois rare Chakra Cube Collier en bois rare Chakra [&hellip;]<\/p>\n","protected":false},"author":2,"featured_media":0,"parent":0,"menu_order":0,"comment_status":"closed","ping_status":"closed","template":"","meta":{"site-sidebar-layout":"default","site-content-layout":"","ast-site-content-layout":"default","site-content-style":"default","site-sidebar-style":"default","ast-global-header-display":"","ast-banner-title-visibility":"","ast-main-header-display":"","ast-hfb-above-header-display":"","ast-hfb-below-header-display":"","ast-hfb-mobile-header-display":"","site-post-title":"","ast-breadcrumbs-content":"","ast-featured-img":"","footer-sml-layout":"","ast-disable-related-posts":"","theme-transparent-header-meta":"default","adv-header-id-meta":"","stick-header-meta":"default","header-above-stick-meta":"","header-main-stick-meta":"","header-below-stick-meta":"","astra-migrate-meta-layouts":"set","ast-page-background-enabled":"default","ast-page-background-meta":{"desktop":{"background-color":"var(--ast-global-color-4)","background-image":"","background-repeat":"repeat","background-position":"center center","background-size":"auto","background-attachment":"scroll","background-type":"","background-media":"","overlay-type":"","overlay-color":"","overlay-opacity":"","overlay-gradient":""},"tablet":{"background-color":"","background-image":"","background-repeat":"repeat","background-position":"center center","background-size":"auto","background-attachment":"scroll","background-type":"","background-media":"","overlay-type":"","overlay-color":"","overlay-opacity":"","overlay-gradient":""},"mobile":{"background-color":"","background-image":"","background-repeat":"repeat","background-position":"center center","background-size":"auto","background-attachment":"scroll","background-type":"","background-media":"","overlay-type":"","overlay-color":"","overlay-opacity":"","overlay-gradient":""}},"ast-content-background-meta":{"desktop":{"background-color":"var(--ast-global-color-5)","background-image":"","background-repeat":"repeat","background-position":"center center","background-size":"auto","background-attachment":"scroll","background-type":"","background-media":"","overlay-type":"","overlay-color":"","overlay-opacity":"","overlay-gradient":""},"tablet":{"background-color":"var(--ast-global-color-5)","background-image":"","background-repeat":"repeat","background-position":"center center","background-size":"auto","background-attachment":"scroll","background-type":"","background-media":"","overlay-type":"","overlay-color":"","overlay-opacity":"","overlay-gradient":""},"mobile":{"background-color":"var(--ast-global-color-5)","background-image":"","background-repeat":"repeat","background-position":"center center","background-size":"auto","background-attachment":"scroll","background-type":"","background-media":"","overlay-type":"","overlay-color":"","overlay-opacity":"","overlay-gradient":""}},"jetpack_post_was_ever_published":false,"footnotes":""},"class_list":["post-15515","page","type-page","status-publish","hentry"],"jetpack-related-posts":[{"id":15551,"url":"https:\/\/guydutoit.com\/fr\/wooden-jewellery\/","url_meta":{"origin":15515,"position":0},"title":"Bijoux en bois","author":"Guy du Toit","date":"27 septembre 2021","format":false,"excerpt":"Vous trouverez ici une s\u00e9lection de bijoux artisanaux fabriqu\u00e9s \u00e0 partir de bois rares que Guy propose \u00e0 la vente dans sa galerie de Kerikeri. D'autres \u0153uvres sont expos\u00e9es dans des galeries o\u00f9 vous pouvez \u00e9galement acheter certaines des \u0153uvres originales de Guy. Pour voir les galeries qui exposent actuellement\u2026","rel":"","context":"Article similaire","block_context":{"text":"Article similaire","link":""},"img":{"alt_text":"Collier en bois sculpt\u00e9 \u00e0 la main Buis","src":"|!|vcvUploadUrl|!|\/2021\/11\/20211108_195920-1024x461.jpg","width":350,"height":200,"srcset":"|!|vcvUploadUrl|!|\/2021\/11\/20211108_195920-1024x461.jpg 1x, |!|vcvUploadUrl|!|\/2021\/11\/20211108_195920-1024x461.jpg 1.5x, |!|vcvUploadUrl|!|\/2021\/11\/20211108_195920-1024x461.jpg 2x"},"classes":[]},{"id":13638,"url":"https:\/\/guydutoit.com\/es\/chakra-cube\/","url_meta":{"origin":15515,"position":1},"title":"Collar de madera rara Chakra Cube","author":"Guy du Toit","date":"8 novembre 2021","format":false,"excerpt":"7 Chakras, 7 maderas - $120.00 Hecho de 7 tipos diferentes de madera, con el coraz\u00f3n p\u00farpura para representar el chakra del coraz\u00f3n en el centro, he aqu\u00ed un regalo para calentar el coraz\u00f3n y levantar el \u00e1nimo. Collar de madera rara Chakra Cube Collar de madera rara Chakra Cube\u2026","rel":"","context":"Article similaire","block_context":{"text":"Article similaire","link":""},"img":{"alt_text":"Collar de madera rara Chakra Cube","src":"|!|vcvUploadUrl|!|\/2021\/11\/20211108_133629-scaled-e1636408528797-576x1024.jpg","width":350,"height":200,"srcset":"|!|vcvUploadUrl|!|\/2021\/11\/20211108_133629-scaled-e1636408528797-576x1024.jpg 1x, |!|vcvUploadUrl|!|\/2021\/11\/20211108_133629-scaled-e1636408528797-576x1024.jpg 1.5x"},"classes":[]},{"id":13640,"url":"https:\/\/guydutoit.com\/de\/chakra-cube\/","url_meta":{"origin":15515,"position":2},"title":"Chakra W\u00fcrfel seltenes Holz Halskette","author":"Guy du Toit","date":"8 novembre 2021","format":false,"excerpt":"7 Chakren, 7 H\u00f6lzer - $120.00 Hergestellt aus 7 verschiedenen Holzsorten, mit Purple Heart in der Mitte, das das Herzchakra repr\u00e4sentiert, ist dies ein Geschenk, das das Herz erw\u00e4rmt und die Stimmung hebt. Chakra W\u00fcrfel seltenes Holz Halskette Chakra W\u00fcrfel seltenes Holz Halskette Chakra W\u00fcrfel seltenes Holz Halskette","rel":"","context":"Article similaire","block_context":{"text":"Article similaire","link":""},"img":{"alt_text":"Chakra W\u00fcrfel seltenes Holz Halskette","src":"|!|vcvUploadUrl|!|\/2021\/11\/20211108_133629-scaled-e1636408528797-576x1024.jpg","width":350,"height":200,"srcset":"|!|vcvUploadUrl|!|\/2021\/11\/20211108_133629-scaled-e1636408528797-576x1024.jpg 1x, |!|vcvUploadUrl|!|\/2021\/11\/20211108_133629-scaled-e1636408528797-576x1024.jpg 1.5x"},"classes":[]},{"id":15534,"url":"https:\/\/guydutoit.com\/fr\/commissions\/","url_meta":{"origin":15515,"position":3},"title":"Commissions","author":"Guy du Toit","date":"30 septembre 2021","format":false,"excerpt":"R\u00e9v\u00e9ler votre vision : L'art de commander une pi\u00e8ce de tournage sur boisVous avez un besoin ou une envie pour une pi\u00e8ce sp\u00e9cifique de tournage sur bois ? Vous avez peut-\u00eatre besoin d'un objet traditionnel tourn\u00e9 en bois, comme des balustrades d'escalier ou des pieds de table, ou vous fabriquez\u2026","rel":"","context":"Article similaire","block_context":{"text":"Article similaire","link":""},"img":{"alt_text":"Trembleur de Guy du Toit","src":"https:\/\/i0.wp.com\/guydutoit.com\/wp-content\/uploads\/2024\/11\/Trembleur-Flat.jpg?resize=350%2C200&ssl=1","width":350,"height":200,"srcset":"https:\/\/i0.wp.com\/guydutoit.com\/wp-content\/uploads\/2024\/11\/Trembleur-Flat.jpg?resize=350%2C200&ssl=1 1x, https:\/\/i0.wp.com\/guydutoit.com\/wp-content\/uploads\/2024\/11\/Trembleur-Flat.jpg?resize=525%2C300&ssl=1 1.5x, https:\/\/i0.wp.com\/guydutoit.com\/wp-content\/uploads\/2024\/11\/Trembleur-Flat.jpg?resize=700%2C400&ssl=1 2x, https:\/\/i0.wp.com\/guydutoit.com\/wp-content\/uploads\/2024\/11\/Trembleur-Flat.jpg?resize=1050%2C600&ssl=1 3x, https:\/\/i0.wp.com\/guydutoit.com\/wp-content\/uploads\/2024\/11\/Trembleur-Flat.jpg?resize=1400%2C800&ssl=1 4x"},"classes":[]},{"id":15486,"url":"https:\/\/guydutoit.com\/fr\/in-the-news\/","url_meta":{"origin":15515,"position":4},"title":"DANS L&#8217;ACTUALIT\u00c9","author":"Guy du Toit","date":"8 novembre 2024","format":false,"excerpt":"Dans l'actualit\u00e9 Dans la presse : L'artisanat \u00e0 l'honneur Le tournage sur bois au c\u0153ur de l'actualit\u00e9 J'ai h\u00e2te de partager quelques \u00e9l\u00e9ments qui mettent en valeur mon travail et ma passion pour le tournage sur bois ! Ces \u00e9v\u00e9nements m\u00e9diatiques ont permis d'entrer en contact avec un public plus\u2026","rel":"","context":"Article similaire","block_context":{"text":"Article similaire","link":""},"img":{"alt_text":"Guy du Toit Documentary","src":"https:\/\/i0.wp.com\/guydutoit.com\/wp-content\/uploads\/2024\/11\/Guy-du-Toit-Documentary.png?resize=350%2C200&ssl=1","width":350,"height":200},"classes":[]},{"id":15526,"url":"https:\/\/guydutoit.com\/fr\/boule-de-canton-captive-wooden-spheres\/","url_meta":{"origin":15515,"position":5},"title":"&#8220;Boule de Canton&#8221; Sph\u00e8res en bois captives","author":"Guy du Toit","date":"5 octobre 2021","format":false,"excerpt":"Connues sous le nom de \"boules de bois captives\" ou \"boules de Canton\", ces boules sont fabriqu\u00e9es \u00e0 partir d'un seul morceau de bois et chaque boule est compos\u00e9e de 5 ou 7 sph\u00e8res individuelles. Il faut beaucoup de pr\u00e9cision, de patience et d'habilet\u00e9 pour les fabriquer. Chaque boule a\u2026","rel":"","context":"Article similaire","block_context":{"text":"Article similaire","link":""},"img":{"alt_text":"","src":"https:\/\/i0.wp.com\/guydutoit.com\/wp-content\/uploads\/2021\/10\/Boule-de-Canton-300x300.jpg?resize=350%2C200","width":350,"height":200},"classes":[]}],"jetpack_sharing_enabled":false,"jetpack_likes_enabled":false,"_links":{"self":[{"href":"https:\/\/guydutoit.com\/fr\/wp-json\/wp\/v2\/pages\/15515","targetHints":{"allow":["GET"]}}],"collection":[{"href":"https:\/\/guydutoit.com\/fr\/wp-json\/wp\/v2\/pages"}],"about":[{"href":"https:\/\/guydutoit.com\/fr\/wp-json\/wp\/v2\/types\/page"}],"author":[{"embeddable":true,"href":"https:\/\/guydutoit.com\/fr\/wp-json\/wp\/v2\/users\/2"}],"replies":[{"embeddable":true,"href":"https:\/\/guydutoit.com\/fr\/wp-json\/wp\/v2\/comments?post=15515"}],"version-history":[{"count":1,"href":"https:\/\/guydutoit.com\/fr\/wp-json\/wp\/v2\/pages\/15515\/revisions"}],"predecessor-version":[{"id":15713,"href":"https:\/\/guydutoit.com\/fr\/wp-json\/wp\/v2\/pages\/15515\/revisions\/15713"}],"wp:attachment":[{"href":"https:\/\/guydutoit.com\/fr\/wp-json\/wp\/v2\/media?parent=15515"}],"curies":[{"name":"wp","href":"https:\/\/api.w.org\/{rel}","templated":true}]}}