{"id":15527,"date":"2021-10-05T00:42:41","date_gmt":"2021-10-04T23:42:41","guid":{"rendered":"http:\/\/guydutoit.com\/the-long-white-cloud\/"},"modified":"2025-03-13T10:42:11","modified_gmt":"2025-03-13T09:42:11","slug":"the-long-white-cloud","status":"publish","type":"page","link":"https:\/\/guydutoit.com\/fr\/the-long-white-cloud\/","title":{"rendered":"&#8220;Le long nuage blanc"},"content":{"rendered":"<p><!--vcv no format--><\/p>\n<div class=\"vce-row-container\" data-vce-boxed-width=\"true\">\n<div id=\"el-aab25700\" class=\"vce-row vce-row--col-gap-30 vce-row-equal-height vce-row-content--top\" data-vce-do-apply=\"all el-aab25700\">\n<div class=\"vce-row-content\" data-vce-element-content=\"true\">\n<div id=\"el-136ebc76\" class=\"vce-col vce-col--md-auto vce-col--xs-1 vce-col--xs-last vce-col--xs-first vce-col--sm-last vce-col--sm-first vce-col--md-last vce-col--lg-last vce-col--xl-last vce-col--md-first vce-col--lg-first vce-col--xl-first\">\n<div class=\"vce-col-inner\" data-vce-do-apply=\"border margin background el-136ebc76\">\n<div class=\"vce-col-content\" data-vce-element-content=\"true\" data-vce-do-apply=\"padding el-136ebc76\">\n<div class=\"vce-text-block\">\n<div id=\"el-7de18f95\" class=\"vce-text-block-wrapper vce\" data-vce-do-apply=\"all el-7de18f95\">\n<h2>Grande plaque noire Maire NZ$ 600.00 incl GST<\/h2>\n<p>Ce plateau est \u00e9norme et d&#8217;une beaut\u00e9 absolue ! Et il cache un secret que seul son propri\u00e9taire conna\u00eetra jusqu&#8217;\u00e0 ce que vous le retourniez pour le montrer \u00e0 vos amis !<\/p>\n<p><img fetchpriority=\"high\" decoding=\"async\" class=\"aligncenter wp-image-834 size-large\" src=\"|!|vcvUploadUrl|!|\/2021\/10\/DSC00186-1024x768.jpg\" alt=\"Am\u00e9lioration de la r\u00e9sine sur le tournage du bois\" width=\"640\" height=\"480\"><\/p>\n<p>Le fait que le &#8220;Long nuage blanc&#8221; ne soit visible que lorsque la pi\u00e8ce est retourn\u00e9e ajoute une touche de sophistication \u00e0 cette \u0153uvre d&#8217;art d\u00e9j\u00e0 splendide. Rien de tel qu&#8217;une petite surprise cach\u00e9e.<\/p>\n<p>Pour les non-Kiwis, &#8220;Le long nuage blanc&#8221; est la traduction du nom maori de la Nouvelle-Z\u00e9lande &#8211; Aotearoa.<\/p>\n<p>Le Black Maire est un bois d&#8217;origine n\u00e9o-z\u00e9landaise d&#8217;une duret\u00e9 exceptionnelle. Les Maoris utilisaient ce bois pour fabriquer leurs armes. Les \u0153uvres de Black Maire de cette taille sont tr\u00e8s rares.<\/p>\n<p>Cette pi\u00e8ce sera un excellent compl\u00e9ment pour tout collectionneur d&#8217;objets d&#8217;art tourn\u00e9s en bois n\u00e9o-z\u00e9landais \u00e0 partir de bois indig\u00e8ne rare.<\/p>\n<p>Taille approximative &#8211;<\/p>\n<p>Diam\u00e8tre : 460 mm<\/p>\n<p>Hauteur : 40 mm<\/p>\n<p>Bois : Noir Maire.<\/p>\n<p>Finition : Cire de carnuba polie sans danger pour les aliments<\/p>\n<p>Am\u00e9liorations et \u0153uvres d&#8217;art : R\u00e9sine acrylique tourn\u00e9e avec incrustation de paua (coquille d&#8217;ormeau) et nuages en r\u00e9sine peints \u00e0 la main, entour\u00e9s d&#8217;un cadre en noyer noir.<\/p>\n<\/div>\n<\/div>\n<\/div>\n<\/div>\n<\/div>\n<\/div>\n<\/div>\n<\/div>\n<div class=\"vce-row-container\" data-vce-boxed-width=\"true\">\n<div id=\"el-168491be\" class=\"vce-row vce-row--col-gap-30 vce-row-equal-height vce-row-content--top\" data-vce-do-apply=\"all el-168491be\">\n<div class=\"vce-row-content\" data-vce-element-content=\"true\">\n<div id=\"el-f598b869\" class=\"vce-col vce-col--md-auto vce-col--xs-1 vce-col--xs-last vce-col--xs-first vce-col--sm-last vce-col--sm-first vce-col--md-last vce-col--lg-last vce-col--xl-last vce-col--md-first vce-col--lg-first vce-col--xl-first\">\n<div class=\"vce-col-inner\" data-vce-do-apply=\"border margin background el-f598b869\">\n<div class=\"vce-col-content\" data-vce-element-content=\"true\" data-vce-do-apply=\"padding el-f598b869\">\n<div class=\"vce-image-gallery vce-image-gallery--gap-10 vce-image-gallery--columns-4 vce-image-gallery--border-rounded\">\n<div id=\"el-d8c44183\" class=\"vce-image-gallery-wrapper vce\" data-vce-do-apply=\"all el-d8c44183\">\n<div class=\"vce-image-gallery-list\">\n<div class=\"vce-image-gallery-item\">\n<figure class=\"vce-image-gallery-item-inner-wrapper\"><a class=\"vce-image-gallery-item-inner\" href=\"|!|vcvUploadUrl|!|\/2021\/10\/DSC00183-e1633394407800.jpg\" data-lightbox=\"lightbox-d8c44183\"><img decoding=\"async\" class=\"vce-image-gallery-img\" title=\"Plateau Black Maire\" src=\"|!|vcvUploadUrl|!|\/2021\/10\/DSC00183-e1633394397420-1024x872.jpg\" alt=\"Plateau Black Maire\"><\/a><\/figure>\n<\/div>\n<div class=\"vce-image-gallery-item\">\n<figure class=\"vce-image-gallery-item-inner-wrapper\"><a class=\"vce-image-gallery-item-inner\" href=\"|!|vcvUploadUrl|!|\/2021\/10\/DSC00185-e1633394373661.jpg\" data-lightbox=\"lightbox-d8c44183\"><img decoding=\"async\" class=\"vce-image-gallery-img\" title=\"Plateau Black Maire\" src=\"|!|vcvUploadUrl|!|\/2021\/10\/DSC00185-1024x768.jpg\" alt=\"Plateau Black Maire\"><\/a><\/figure>\n<\/div>\n<div class=\"vce-image-gallery-item\">\n<figure class=\"vce-image-gallery-item-inner-wrapper\"><a class=\"vce-image-gallery-item-inner\" href=\"|!|vcvUploadUrl|!|\/2021\/10\/DSC00186-e1633394325745.jpg\" data-lightbox=\"lightbox-d8c44183\"><img decoding=\"async\" class=\"vce-image-gallery-img\" title=\"Am\u00e9lioration de la r\u00e9sine sur le tournage du bois\" src=\"|!|vcvUploadUrl|!|\/2021\/10\/DSC00186-1024x768.jpg\" alt=\"Am\u00e9lioration de la r\u00e9sine sur le tournage du bois\"><\/a><\/figure>\n<\/div>\n<div class=\"vce-image-gallery-item\">\n<figure class=\"vce-image-gallery-item-inner-wrapper\"><a class=\"vce-image-gallery-item-inner\" href=\"|!|vcvUploadUrl|!|\/2021\/10\/DSC00188-e1633394311123.jpg\" data-lightbox=\"lightbox-d8c44183\"><img decoding=\"async\" class=\"vce-image-gallery-img\" title=\"Plaque tournante en bois de Maire noir\" src=\"|!|vcvUploadUrl|!|\/2021\/10\/DSC00188-1024x768.jpg\" alt=\"Plaque tournante en bois de Maire noir\"><\/a><\/figure>\n<\/div>\n<\/div>\n<\/div>\n<\/div>\n<\/div>\n<\/div>\n<\/div>\n<\/div>\n<\/div>\n<\/div>\n<p><!--vcv no format--><\/p>\n","protected":false},"excerpt":{"rendered":"<p>Grande plaque noire Maire NZ$ 600.00 incl GST Ce plateau est \u00e9norme et d&#8217;une beaut\u00e9 absolue ! Et il cache un secret que seul son propri\u00e9taire conna\u00eetra jusqu&#8217;\u00e0 ce que vous le retourniez pour le montrer \u00e0 vos amis ! Le fait que le &#8220;Long nuage blanc&#8221; ne soit visible que lorsque la pi\u00e8ce est [&hellip;]<\/p>\n","protected":false},"author":2,"featured_media":0,"parent":0,"menu_order":0,"comment_status":"closed","ping_status":"closed","template":"","meta":{"site-sidebar-layout":"default","site-content-layout":"","ast-site-content-layout":"default","site-content-style":"default","site-sidebar-style":"default","ast-global-header-display":"","ast-banner-title-visibility":"","ast-main-header-display":"","ast-hfb-above-header-display":"","ast-hfb-below-header-display":"","ast-hfb-mobile-header-display":"","site-post-title":"","ast-breadcrumbs-content":"","ast-featured-img":"","footer-sml-layout":"","ast-disable-related-posts":"","theme-transparent-header-meta":"default","adv-header-id-meta":"","stick-header-meta":"default","header-above-stick-meta":"","header-main-stick-meta":"","header-below-stick-meta":"","astra-migrate-meta-layouts":"set","ast-page-background-enabled":"default","ast-page-background-meta":{"desktop":{"background-color":"var(--ast-global-color-4)","background-image":"","background-repeat":"repeat","background-position":"center center","background-size":"auto","background-attachment":"scroll","background-type":"","background-media":"","overlay-type":"","overlay-color":"","overlay-opacity":"","overlay-gradient":""},"tablet":{"background-color":"","background-image":"","background-repeat":"repeat","background-position":"center center","background-size":"auto","background-attachment":"scroll","background-type":"","background-media":"","overlay-type":"","overlay-color":"","overlay-opacity":"","overlay-gradient":""},"mobile":{"background-color":"","background-image":"","background-repeat":"repeat","background-position":"center center","background-size":"auto","background-attachment":"scroll","background-type":"","background-media":"","overlay-type":"","overlay-color":"","overlay-opacity":"","overlay-gradient":""}},"ast-content-background-meta":{"desktop":{"background-color":"var(--ast-global-color-5)","background-image":"","background-repeat":"repeat","background-position":"center center","background-size":"auto","background-attachment":"scroll","background-type":"","background-media":"","overlay-type":"","overlay-color":"","overlay-opacity":"","overlay-gradient":""},"tablet":{"background-color":"var(--ast-global-color-5)","background-image":"","background-repeat":"repeat","background-position":"center center","background-size":"auto","background-attachment":"scroll","background-type":"","background-media":"","overlay-type":"","overlay-color":"","overlay-opacity":"","overlay-gradient":""},"mobile":{"background-color":"var(--ast-global-color-5)","background-image":"","background-repeat":"repeat","background-position":"center center","background-size":"auto","background-attachment":"scroll","background-type":"","background-media":"","overlay-type":"","overlay-color":"","overlay-opacity":"","overlay-gradient":""}},"jetpack_post_was_ever_published":false,"footnotes":""},"class_list":["post-15527","page","type-page","status-publish","hentry"],"jetpack-related-posts":[{"id":15539,"url":"https:\/\/guydutoit.com\/fr\/copyright-statement\/","url_meta":{"origin":15527,"position":0},"title":"D\u00e9claration de droit d&#8217;auteur","author":"Guy du Toit","date":"28 septembre 2021","format":false,"excerpt":"D\u00e9claration de droit d'auteur - \"J'appr\u00e9cie votre respect pour la propri\u00e9t\u00e9 de mon travail et mes droits d'auteur. L'art est \u00a92016 - 2025 Guy (Gideon) du Toit et, sauf indication contraire, ne peut \u00eatre imprim\u00e9, redistribu\u00e9, modifi\u00e9 ou affich\u00e9 ailleurs sans autorisation \u00e9crite.\" \u00a9 et tous droits r\u00e9serv\u00e9s Guy (Gideon)\u2026","rel":"","context":"Article similaire","block_context":{"text":"Article similaire","link":""},"img":{"alt_text":"","src":"","width":0,"height":0},"classes":[]},{"id":15490,"url":"https:\/\/guydutoit.com\/fr\/about-guy\/","url_meta":{"origin":15527,"position":1},"title":"\u00c0 propos de Guy","author":"Guy du Toit","date":"6 novembre 2024","format":false,"excerpt":"\u00c0 propos de Guy TRAVAIL DE COMMISSION EXPOSITIONS ET \u00c9V\u00c9NEMENTS DANS LA PRESSE COLLABORATIONS PRIX ET R\u00c9COMPENSES Hello, Kia Ora, Bonjour, Goeie dag ! Bienvenue sur mon site web ! Je m'appelle Guy (Gideon) du Toit et je suis un tourneur sur bois passionn\u00e9 qui cherche \u00e0 transformer le bois\u2026","rel":"","context":"Article similaire","block_context":{"text":"Article similaire","link":""},"img":{"alt_text":"","src":"https:\/\/i0.wp.com\/guydutoit.com\/wp-content\/uploads\/2024\/11\/team.png?resize=350%2C200&ssl=1","width":350,"height":200},"classes":[]},{"id":15523,"url":"https:\/\/guydutoit.com\/fr\/the-rocket-pot\/","url_meta":{"origin":15527,"position":2},"title":"Le pot de fleurs","author":"Guy du Toit","date":"7 novembre 2021","format":false,"excerpt":"J'ai fabriqu\u00e9 ce pot pour participer \u00e0 mon premier grand concours d'art du bois, le Kawerau National Wood Festival, et j'ai \u00e9t\u00e9 tr\u00e8s honor\u00e9e de recevoir le premier prix. Fabriqu\u00e9 en noyer noir et en rimu figur\u00e9, ce petit pot sera un excellent compl\u00e9ment \u00e0 toute collection et occupera une\u2026","rel":"","context":"Article similaire","block_context":{"text":"Article similaire","link":""},"img":{"alt_text":"Premi\u00e8re place - New Turner - Kawerau Woodfest 2017","src":"|!|vcvUploadUrl|!|\/2021\/09\/IMG_4199-e1509308245270-768x1024.jpg","width":350,"height":200,"srcset":"|!|vcvUploadUrl|!|\/2021\/09\/IMG_4199-e1509308245270-768x1024.jpg 1x, |!|vcvUploadUrl|!|\/2021\/09\/IMG_4199-e1509308245270-768x1024.jpg 1.5x, |!|vcvUploadUrl|!|\/2021\/09\/IMG_4199-e1509308245270-768x1024.jpg 2x"},"classes":[]},{"id":15516,"url":"https:\/\/guydutoit.com\/fr\/diamond-segmented-pin-rare-wood-necklace\/","url_meta":{"origin":15527,"position":3},"title":"Collier en bois rare avec broche segment\u00e9e en diamant","author":"Guy du Toit","date":"8 novembre 2021","format":false,"excerpt":"Collier en bois segment\u00e9 fabriqu\u00e9 \u00e0 la main \u00e0 partir de bois rares - $120.00 Fabriqu\u00e9s \u00e0 la main \u00e0 partir de diff\u00e9rents morceaux de bois rares, notamment des loupes, du bois spalt\u00e9 et d'autres bois rares, ces colliers sont uniques et feront l'envie de tous vos amis. Les pi\u00e8ces\u2026","rel":"","context":"Article similaire","block_context":{"text":"Article similaire","link":""},"img":{"alt_text":"Broche \u00e0 segment diamant\u00e9e dos de collier en bois rare","src":"|!|vcvUploadUrl|!|\/2021\/11\/20211108_155010-scaled-e1636404840600-964x1024.jpg","width":350,"height":200,"srcset":"|!|vcvUploadUrl|!|\/2021\/11\/20211108_155010-scaled-e1636404840600-964x1024.jpg 1x, |!|vcvUploadUrl|!|\/2021\/11\/20211108_155010-scaled-e1636404840600-964x1024.jpg 1.5x, |!|vcvUploadUrl|!|\/2021\/11\/20211108_155010-scaled-e1636404840600-964x1024.jpg 2x"},"classes":[]},{"id":15517,"url":"https:\/\/guydutoit.com\/fr\/large-rectangle-segmented-pin-rare-wood-necklace\/","url_meta":{"origin":15527,"position":4},"title":"Large Rectangle Segmented Pin Collier en bois rare","author":"Guy du Toit","date":"8 novembre 2021","format":false,"excerpt":"Collier en bois segment\u00e9 fabriqu\u00e9 \u00e0 la main \u00e0 partir de bois rares - $120.00 Fabriqu\u00e9s \u00e0 la main \u00e0 partir de diff\u00e9rents morceaux de bois rares, notamment des loupes, du bois spalt\u00e9 et d'autres bois rares, ces colliers sont uniques et feront l'envie de tous vos amis. De forme\u2026","rel":"","context":"Article similaire","block_context":{"text":"Article similaire","link":""},"img":{"alt_text":"Large Rectangle Segmented Pin Collier en bois rare","src":"|!|vcvUploadUrl|!|\/2021\/11\/20211108_203247-scaled-e1636408078988-762x1024.jpg","width":350,"height":200,"srcset":"|!|vcvUploadUrl|!|\/2021\/11\/20211108_203247-scaled-e1636408078988-762x1024.jpg 1x, |!|vcvUploadUrl|!|\/2021\/11\/20211108_203247-scaled-e1636408078988-762x1024.jpg 1.5x, |!|vcvUploadUrl|!|\/2021\/11\/20211108_203247-scaled-e1636408078988-762x1024.jpg 2x"},"classes":[]},{"id":15518,"url":"https:\/\/guydutoit.com\/fr\/square-segmented-pin-rare-wood-necklace\/","url_meta":{"origin":15527,"position":5},"title":"Collier en bois rare avec \u00e9pingle \u00e0 segment carr\u00e9","author":"Guy du Toit","date":"8 novembre 2021","format":false,"excerpt":"Collier en bois segment\u00e9 fabriqu\u00e9 \u00e0 la main \u00e0 partir de bois rares - $120.00 Fabriqu\u00e9s \u00e0 la main \u00e0 partir de diff\u00e9rents morceaux de bois rares, notamment des loupes, du bois spalt\u00e9 et d'autres bois rares, ces colliers sont uniques et feront l'envie de tous vos amis. Les pi\u00e8ces\u2026","rel":"","context":"Article similaire","block_context":{"text":"Article similaire","link":""},"img":{"alt_text":"\u00c9pingle \u00e0 segment carr\u00e9 dos de collier en bois rare","src":"|!|vcvUploadUrl|!|\/2021\/11\/20211108_154919-461x1024.jpg","width":350,"height":200},"classes":[]}],"jetpack_sharing_enabled":false,"jetpack_likes_enabled":false,"_links":{"self":[{"href":"https:\/\/guydutoit.com\/fr\/wp-json\/wp\/v2\/pages\/15527","targetHints":{"allow":["GET"]}}],"collection":[{"href":"https:\/\/guydutoit.com\/fr\/wp-json\/wp\/v2\/pages"}],"about":[{"href":"https:\/\/guydutoit.com\/fr\/wp-json\/wp\/v2\/types\/page"}],"author":[{"embeddable":true,"href":"https:\/\/guydutoit.com\/fr\/wp-json\/wp\/v2\/users\/2"}],"replies":[{"embeddable":true,"href":"https:\/\/guydutoit.com\/fr\/wp-json\/wp\/v2\/comments?post=15527"}],"version-history":[{"count":1,"href":"https:\/\/guydutoit.com\/fr\/wp-json\/wp\/v2\/pages\/15527\/revisions"}],"predecessor-version":[{"id":15669,"href":"https:\/\/guydutoit.com\/fr\/wp-json\/wp\/v2\/pages\/15527\/revisions\/15669"}],"wp:attachment":[{"href":"https:\/\/guydutoit.com\/fr\/wp-json\/wp\/v2\/media?parent=15527"}],"curies":[{"name":"wp","href":"https:\/\/api.w.org\/{rel}","templated":true}]}}