{"id":15531,"date":"2021-09-30T01:40:57","date_gmt":"2021-09-30T00:40:57","guid":{"rendered":"http:\/\/guydutoit.com\/the-vault\/"},"modified":"2025-03-13T10:42:07","modified_gmt":"2025-03-13T09:42:07","slug":"the-vault","status":"publish","type":"page","link":"https:\/\/guydutoit.com\/fr\/the-vault\/","title":{"rendered":"La chambre forte"},"content":{"rendered":"<p><!--vcv no format--><\/p>\n<div class=\"vce-row-container\" data-vce-boxed-width=\"true\">\n<div id=\"el-43f20ce5\" class=\"vce-row vce-row--col-gap-30 vce-row-equal-height vce-row-content--top\" data-vce-do-apply=\"all el-43f20ce5\">\n<div class=\"vce-row-content\" data-vce-element-content=\"true\">\n<div id=\"el-5381619b\" class=\"vce-col vce-col--md-auto vce-col--xs-1 vce-col--xs-last vce-col--xs-first vce-col--sm-last vce-col--sm-first vce-col--md-last vce-col--lg-last vce-col--xl-last vce-col--md-first vce-col--lg-first vce-col--xl-first\">\n<div class=\"vce-col-inner\" data-vce-do-apply=\"border margin background el-5381619b\">\n<div class=\"vce-col-content\" data-vce-element-content=\"true\" data-vce-do-apply=\"padding el-5381619b\">\n<div class=\"vce-text-block\">\n<div id=\"el-32ea1a7a\" class=\"vce-text-block-wrapper vce\" data-vce-do-apply=\"all el-32ea1a7a\">\n<header class=\"entry-header\">\n<h2 class=\"entry-title\">&#8220;La chambre forte&#8221; &#8211; NZ$ 300.00<\/h2>\n<\/header>\n<div class=\"entry-content\">\n<div class=\"vce-row-container\">\n<div id=\"el-eed8a90c\" class=\"vce-row vce-row--col-gap-30 vce-row-columns--top vce-row-content--top\" data-vce-do-apply=\"all el-eed8a90c\">\n<div class=\"vce-row-content\" data-vce-element-content=\"true\">\n<div id=\"el-d911af9c\" class=\"vce-col vce-col--md-auto vce-col--xs-1 vce-col--xs-last vce-col--xs-first vce-col--sm-last vce-col--sm-first vce-col--md-last vce-col--lg-last vce-col--xl-last vce-col--md-first vce-col--lg-first vce-col--xl-first\">\n<div class=\"vce-col-inner\" data-vce-do-apply=\"border margin background el-d911af9c\">\n<div class=\"vce-col-content\" data-vce-element-content=\"true\" data-vce-do-apply=\"padding el-d911af9c\">\n<div class=\"vce-text-block\">\n<div id=\"el-b4c0ddd0\" class=\"vce-text-block-wrapper vce\" data-vce-do-apply=\"all el-b4c0ddd0\">\n<p>Cette \u0153uvre d&#8217;art fait allusion \u00e0 la force du bois mais aussi \u00e0 la force de vos intentions de garder vos secrets int\u00e9rieurs \u00e0 l&#8217;abri. Sous la surface, nous sommes tous beaucoup plus qu&#8217;il n&#8217;y para\u00eet.<\/p>\n<p>Art tourn\u00e9, sabl\u00e9, pyrograv\u00e9 avec de l&#8217;acrylique bross\u00e9 \u00e0 sec et de la cire en p\u00e2te argent\u00e9e.<\/p>\n<p>Le couvercle de &#8220;The Vault&#8221; se visse sur le bois finement filet\u00e9 de la French Box et se ferme herm\u00e9tiquement pour prot\u00e9ger vos petits tr\u00e9sors.<\/p>\n<p>Bois : fils en buis fran\u00e7ais, corps et couvercle en orme et fr\u00eane olivier.<\/p>\n<p>Taille approximative &#8211;<\/p>\n<p>Diam\u00e8tre : 95 mm<\/p>\n<p>Hauteur : 70 mm<\/p>\n<\/div>\n<\/div>\n<\/div>\n<\/div>\n<\/div>\n<\/div>\n<\/div>\n<\/div>\n<\/div>\n<\/div>\n<\/div>\n<\/div>\n<\/div>\n<\/div>\n<\/div>\n<\/div>\n<\/div>\n<div class=\"vce-row-container\" data-vce-boxed-width=\"true\">\n<div id=\"el-a04fd0f8\" class=\"vce-row vce-row--col-gap-30 vce-row-equal-height vce-row-content--top\" data-vce-do-apply=\"all el-a04fd0f8\">\n<div class=\"vce-row-content\" data-vce-element-content=\"true\">\n<div id=\"el-f4cf967f\" class=\"vce-col vce-col--md-auto vce-col--xs-1 vce-col--xs-last vce-col--xs-first vce-col--sm-last vce-col--sm-first vce-col--md-last vce-col--lg-last vce-col--xl-last vce-col--md-first vce-col--lg-first vce-col--xl-first\">\n<div class=\"vce-col-inner\" data-vce-do-apply=\"border margin background el-f4cf967f\">\n<div class=\"vce-col-content\" data-vce-element-content=\"true\" data-vce-do-apply=\"padding el-f4cf967f\">\n<div class=\"vce-image-gallery vce-image-gallery--gap-10 vce-image-gallery--columns-4 vce-image-gallery--border-rounded vce-image-gallery-caption--align-center\">\n<div id=\"el-0938181d\" class=\"vce-image-gallery-wrapper vce\" data-vce-do-apply=\"all el-0938181d\">\n<div class=\"vce-image-gallery-list\">\n<div class=\"vce-image-gallery-item\">\n<figure class=\"vce-image-gallery-item-inner-wrapper\"><a class=\"vce-image-gallery-item-inner\" href=\"|!|vcvUploadUrl|!|\/2021\/09\/Vault-e1564041085419.jpg\" data-lightbox=\"lightbox-0938181d\"><img decoding=\"async\" class=\"vce-image-gallery-img\" title=\"\"La chambre forte\" par Guy du Toit\" src=\"|!|vcvUploadUrl|!|\/2021\/09\/Vault-e1564041085419.jpg\" alt=\"\"La chambre forte\" par Guy du Toit\"><\/a><figcaption>&#8220;La chambre forte&#8221; par Guy du Toit<\/figcaption><\/figure>\n<\/div>\n<div class=\"vce-image-gallery-item\">\n<figure class=\"vce-image-gallery-item-inner-wrapper\"><a class=\"vce-image-gallery-item-inner\" href=\"|!|vcvUploadUrl|!|\/2021\/09\/Vault-Open-e1632965878282.jpg\" data-lightbox=\"lightbox-0938181d\"><img decoding=\"async\" class=\"vce-image-gallery-img\" title=\"\"La chambre forte ouverte\" src=\"|!|vcvUploadUrl|!|\/2021\/09\/Vault-Open-1024x769.jpg\" alt=\"\"The Vault\" art by Guy du Toit\"><\/a><figcaption>&#8220;La chambre forte ouverte<\/figcaption><\/figure>\n<\/div>\n<div class=\"vce-image-gallery-item\">\n<figure class=\"vce-image-gallery-item-inner-wrapper\"><a class=\"vce-image-gallery-item-inner\" href=\"|!|vcvUploadUrl|!|\/2021\/09\/Vault-Sandblasted-view-e1632965865661.jpg\" data-lightbox=\"lightbox-0938181d\"><img decoding=\"async\" class=\"vce-image-gallery-img\" title=\"Vue de la chambre forte sabl\u00e9e\" src=\"|!|vcvUploadUrl|!|\/2021\/09\/Vault-Sandblasted-view-1024x769.jpg\" alt=\"\"The Vault\" art by Guy du Toit\"><\/a><figcaption>Vue de la chambre forte sabl\u00e9e<\/figcaption><\/figure>\n<\/div>\n<div class=\"vce-image-gallery-item\">\n<figure class=\"vce-image-gallery-item-inner-wrapper\"><a class=\"vce-image-gallery-item-inner\" href=\"|!|vcvUploadUrl|!|\/2021\/09\/VaultHeader-e1632965922169.jpg\" data-lightbox=\"lightbox-0938181d\"><img decoding=\"async\" class=\"vce-image-gallery-img\" title=\"\"D\u00e9tails de l'art \"The Vault\" src=\"|!|vcvUploadUrl|!|\/2021\/09\/VaultHeader-e1632965922169.jpg\" alt=\"\"D\u00e9tails de l'art \"The Vault\"><\/a><figcaption>&#8220;D\u00e9tails de l&#8217;art &#8220;The Vault<\/figcaption><\/figure>\n<\/div>\n<\/div>\n<\/div>\n<\/div>\n<\/div>\n<\/div>\n<\/div>\n<\/div>\n<\/div>\n<\/div>\n<p><!--vcv no format--><\/p>\n","protected":false},"excerpt":{"rendered":"<p>&#8220;La chambre forte&#8221; &#8211; NZ$ 300.00 Cette \u0153uvre d&#8217;art fait allusion \u00e0 la force du bois mais aussi \u00e0 la force de vos intentions de garder vos secrets int\u00e9rieurs \u00e0 l&#8217;abri. Sous la surface, nous sommes tous beaucoup plus qu&#8217;il n&#8217;y para\u00eet. Art tourn\u00e9, sabl\u00e9, pyrograv\u00e9 avec de l&#8217;acrylique bross\u00e9 \u00e0 sec et de la [&hellip;]<\/p>\n","protected":false},"author":2,"featured_media":0,"parent":0,"menu_order":0,"comment_status":"closed","ping_status":"closed","template":"","meta":{"site-sidebar-layout":"default","site-content-layout":"","ast-site-content-layout":"default","site-content-style":"default","site-sidebar-style":"default","ast-global-header-display":"","ast-banner-title-visibility":"","ast-main-header-display":"","ast-hfb-above-header-display":"","ast-hfb-below-header-display":"","ast-hfb-mobile-header-display":"","site-post-title":"","ast-breadcrumbs-content":"","ast-featured-img":"","footer-sml-layout":"","ast-disable-related-posts":"","theme-transparent-header-meta":"default","adv-header-id-meta":"","stick-header-meta":"default","header-above-stick-meta":"","header-main-stick-meta":"","header-below-stick-meta":"","astra-migrate-meta-layouts":"set","ast-page-background-enabled":"default","ast-page-background-meta":{"desktop":{"background-color":"var(--ast-global-color-4)","background-image":"","background-repeat":"repeat","background-position":"center center","background-size":"auto","background-attachment":"scroll","background-type":"","background-media":"","overlay-type":"","overlay-color":"","overlay-opacity":"","overlay-gradient":""},"tablet":{"background-color":"","background-image":"","background-repeat":"repeat","background-position":"center center","background-size":"auto","background-attachment":"scroll","background-type":"","background-media":"","overlay-type":"","overlay-color":"","overlay-opacity":"","overlay-gradient":""},"mobile":{"background-color":"","background-image":"","background-repeat":"repeat","background-position":"center center","background-size":"auto","background-attachment":"scroll","background-type":"","background-media":"","overlay-type":"","overlay-color":"","overlay-opacity":"","overlay-gradient":""}},"ast-content-background-meta":{"desktop":{"background-color":"var(--ast-global-color-5)","background-image":"","background-repeat":"repeat","background-position":"center center","background-size":"auto","background-attachment":"scroll","background-type":"","background-media":"","overlay-type":"","overlay-color":"","overlay-opacity":"","overlay-gradient":""},"tablet":{"background-color":"var(--ast-global-color-5)","background-image":"","background-repeat":"repeat","background-position":"center center","background-size":"auto","background-attachment":"scroll","background-type":"","background-media":"","overlay-type":"","overlay-color":"","overlay-opacity":"","overlay-gradient":""},"mobile":{"background-color":"var(--ast-global-color-5)","background-image":"","background-repeat":"repeat","background-position":"center center","background-size":"auto","background-attachment":"scroll","background-type":"","background-media":"","overlay-type":"","overlay-color":"","overlay-opacity":"","overlay-gradient":""}},"jetpack_post_was_ever_published":false,"footnotes":""},"class_list":["post-15531","page","type-page","status-publish","hentry"],"jetpack-related-posts":[{"id":13694,"url":"https:\/\/guydutoit.com\/es\/the-vault\/","url_meta":{"origin":15531,"position":0},"title":"La b\u00f3veda","author":"Guy du Toit","date":"30 septembre 2021","format":false,"excerpt":"\"La B\u00f3veda\" - NZ$ 300.00 Esta obra de arte alude a la fuerza de la madera pero tambi\u00e9n a la fuerza de sus intenciones para mantener a salvo sus secretos interiores. Bajo la superficie todos somos mucho m\u00e1s de lo que aparentamos por fuera. Arte torneado, arenado y pirograbado con\u2026","rel":"","context":"Article similaire","block_context":{"text":"Article similaire","link":""},"img":{"alt_text":"","src":"|!|vcvUploadUrl|!|\/2021\/09\/Vault-Open-1024x769.jpg","width":350,"height":200,"srcset":"|!|vcvUploadUrl|!|\/2021\/09\/Vault-Open-1024x769.jpg 1x, |!|vcvUploadUrl|!|\/2021\/09\/Vault-Open-1024x769.jpg 1.5x, |!|vcvUploadUrl|!|\/2021\/09\/Vault-Open-1024x769.jpg 2x"},"classes":[]},{"id":15541,"url":"https:\/\/guydutoit.com\/fr\/ecole-escoulen-2-2\/","url_meta":{"origin":15531,"position":1},"title":"Ecole Escoulen","author":"Guy du Toit","date":"25 f\u00e9vrier 2025","format":false,"excerpt":"La premi\u00e8re et seule \u00e9cole de tournage sur bois \u00e0 temps plein au monde, nomm\u00e9e en l'honneur de Jean-Fran\u00e7ois Escoulen. Situ\u00e9 \u00e0 Aiguines dans le sud de la France, dans le berceau du tournage moderne sur bois. La ville comprend un mus\u00e9e de la tournerie.Apr\u00e8s avoir suivi un apprentissage traditionnel\u2026","rel":"","context":"Article similaire","block_context":{"text":"Article similaire","link":""},"img":{"alt_text":"Ecole Escoulen, \u00e9cole de tournage sur bois","src":"https:\/\/i0.wp.com\/guydutoit.com\/wp-content\/uploads\/2025\/02\/Ecole-Escoulen.jpg?ssl=1&resize=350%2C200","width":350,"height":200},"classes":[]},{"id":13696,"url":"https:\/\/guydutoit.com\/de\/the-vault\/","url_meta":{"origin":15531,"position":2},"title":"Der Tresor","author":"Guy du Toit","date":"30 septembre 2021","format":false,"excerpt":"\"Der Tresor\" - NZ$ 300.00 Dieses Kunstwerk weist auf die St\u00e4rke des Holzes hin, aber auch auf die St\u00e4rke Ihrer Absichten, Ihre inneren Geheimnisse zu bewahren. Unter der Oberfl\u00e4che sind wir alle so viel mehr, als wir nach au\u00dfen hin erscheinen. Gedrehte, sandgestrahlte, pyrogeschnitzte Kunst mit trocken geb\u00fcrstetem Acryl und\u2026","rel":"","context":"Article similaire","block_context":{"text":"Article similaire","link":""},"img":{"alt_text":"","src":"|!|vcvUploadUrl|!|\/2021\/09\/Vault-Open-1024x769.jpg","width":350,"height":200,"srcset":"|!|vcvUploadUrl|!|\/2021\/09\/Vault-Open-1024x769.jpg 1x, |!|vcvUploadUrl|!|\/2021\/09\/Vault-Open-1024x769.jpg 1.5x, |!|vcvUploadUrl|!|\/2021\/09\/Vault-Open-1024x769.jpg 2x"},"classes":[]},{"id":13505,"url":"https:\/\/guydutoit.com\/es\/exhibitions-events\/","url_meta":{"origin":15531,"position":3},"title":"Exposiciones y eventos","author":"Guy du Toit","date":"6 novembre 2024","format":false,"excerpt":"Exposiciones y eventos Estas son algunas de las exposiciones y muestras a las que he sido invitada, eventos en los que he participado y algunas de las galer\u00edas \/ boutiques que venden o han vendido mis creaciones. Al hacer clic en la imagen se abrir\u00e1 una nueva ventana con m\u00e1s\u2026","rel":"","context":"Article similaire","block_context":{"text":"Article similaire","link":""},"img":{"alt_text":"K.O.A.S.T.","src":"https:\/\/i0.wp.com\/guydutoit.com\/wp-content\/uploads\/2021\/09\/logo_y2-e1732167057338.jpg?resize=350%2C200&ssl=1","width":350,"height":200},"classes":[]},{"id":13686,"url":"https:\/\/guydutoit.com\/es\/perception\/","url_meta":{"origin":15531,"position":4},"title":"Percepci\u00f3n","author":"Guy du Toit","date":"30 septembre 2021","format":false,"excerpt":"Cuenco Totara Bird's Eye Burl - NZ$589 Torneado a partir de la excepcionalmente rara rebaba \/ rebaba de ojo de p\u00e1jaro aut\u00f3ctona de Nueva Zelanda, este exquisito cuenco es un verdadero tesoro y una inversi\u00f3n. La madera de nudo de ojo de p\u00e1jaro de Totara es hoy en d\u00eda incre\u00edblemente\u2026","rel":"","context":"Article similaire","block_context":{"text":"Article similaire","link":""},"img":{"alt_text":"","src":"|!|vcvUploadUrl|!|\/2021\/09\/DSCF1315-Guy-de-Toit-LR-1024x768.jpg","width":350,"height":200,"srcset":"|!|vcvUploadUrl|!|\/2021\/09\/DSCF1315-Guy-de-Toit-LR-1024x768.jpg 1x, |!|vcvUploadUrl|!|\/2021\/09\/DSCF1315-Guy-de-Toit-LR-1024x768.jpg 1.5x, |!|vcvUploadUrl|!|\/2021\/09\/DSCF1315-Guy-de-Toit-LR-1024x768.jpg 2x"},"classes":[]},{"id":15538,"url":"https:\/\/guydutoit.com\/fr\/neptunes-vase\/","url_meta":{"origin":15531,"position":5},"title":"Vase de Neptune","author":"Guy du Toit","date":"28 septembre 2021","format":false,"excerpt":"Scuplture - \"Vase de Neptune\" NZ$ 389-00. Sculpt\u00e9 et tourn\u00e9 \u00e0 partir d'un morceau de bois flott\u00e9 (je soup\u00e7onne Pohutekawa) trouv\u00e9 sur la plage de Waihi et mont\u00e9 sur une tige en laiton qui pivote dans une pierre de rivi\u00e8re en granit trouv\u00e9e lors d'une partie de p\u00eache \u00e0 la\u2026","rel":"","context":"Article similaire","block_context":{"text":"Article similaire","link":""},"img":{"alt_text":"Sculpture en bois flott\u00e9 - ","src":"|!|vcvUploadUrl|!|\/2021\/09\/20171128_100327-606x1024.jpg","width":350,"height":200,"srcset":"|!|vcvUploadUrl|!|\/2021\/09\/20171128_100327-606x1024.jpg 1x, |!|vcvUploadUrl|!|\/2021\/09\/20171128_100327-606x1024.jpg 1.5x"},"classes":[]}],"jetpack_sharing_enabled":false,"jetpack_likes_enabled":false,"_links":{"self":[{"href":"https:\/\/guydutoit.com\/fr\/wp-json\/wp\/v2\/pages\/15531","targetHints":{"allow":["GET"]}}],"collection":[{"href":"https:\/\/guydutoit.com\/fr\/wp-json\/wp\/v2\/pages"}],"about":[{"href":"https:\/\/guydutoit.com\/fr\/wp-json\/wp\/v2\/types\/page"}],"author":[{"embeddable":true,"href":"https:\/\/guydutoit.com\/fr\/wp-json\/wp\/v2\/users\/2"}],"replies":[{"embeddable":true,"href":"https:\/\/guydutoit.com\/fr\/wp-json\/wp\/v2\/comments?post=15531"}],"version-history":[{"count":1,"href":"https:\/\/guydutoit.com\/fr\/wp-json\/wp\/v2\/pages\/15531\/revisions"}],"predecessor-version":[{"id":15657,"href":"https:\/\/guydutoit.com\/fr\/wp-json\/wp\/v2\/pages\/15531\/revisions\/15657"}],"wp:attachment":[{"href":"https:\/\/guydutoit.com\/fr\/wp-json\/wp\/v2\/media?parent=15531"}],"curies":[{"name":"wp","href":"https:\/\/api.w.org\/{rel}","templated":true}]}}