{"id":15545,"date":"2021-09-27T22:24:05","date_gmt":"2021-09-27T21:24:05","guid":{"rendered":"http:\/\/guydutoit.com\/koast\/"},"modified":"2025-11-30T02:32:23","modified_gmt":"2025-11-30T01:32:23","slug":"koast","status":"publish","type":"page","link":"https:\/\/guydutoit.com\/fr\/koast\/","title":{"rendered":"KOAST"},"content":{"rendered":"\t\t<div data-elementor-type=\"wp-page\" data-elementor-id=\"15545\" class=\"elementor elementor-15545 elementor-12771\" data-elementor-post-type=\"page\">\n\t\t\t\t<div class=\"elementor-element elementor-element-3c7ec74c e-flex e-con-boxed e-con e-parent\" data-id=\"3c7ec74c\" data-element_type=\"container\" data-e-type=\"container\">\n\t\t\t\t\t<div class=\"e-con-inner\">\n\t\t\t\t<div class=\"elementor-element elementor-element-621c1bf3 elementor-widget elementor-widget-text-editor\" data-id=\"621c1bf3\" data-element_type=\"widget\" data-e-type=\"widget\" data-widget_type=\"text-editor.default\">\n\t\t\t\t<div class=\"elementor-widget-container\">\n\t\t\t\t\t\t\t\t\t<div class=\"vce-row-container\" data-vce-boxed-width=\"true\">\n<div id=\"el-535ef9ff\" class=\"vce-row vce-row--col-gap-30 vce-row-equal-height vce-row-content--top\" data-vce-do-apply=\"all el-535ef9ff\">\n<div class=\"vce-row-content\" data-vce-element-content=\"true\">\n<div id=\"el-378e87e4\" class=\"vce-col vce-col--md-auto vce-col--xs-1 vce-col--xs-last vce-col--xs-first vce-col--sm-last vce-col--sm-first vce-col--md-last vce-col--lg-last vce-col--xl-last vce-col--md-first vce-col--lg-first vce-col--xl-first\">\n<div class=\"vce-col-inner\" data-vce-do-apply=\"border margin background el-378e87e4\">\n<div class=\"vce-col-content\" data-vce-element-content=\"true\" data-vce-do-apply=\"padding el-378e87e4\">\n<div class=\"vce-text-block\">\n<div id=\"el-939677cc\" class=\"vce-text-block-wrapper vce\" data-vce-do-apply=\"all el-939677cc\">\n<h3><a style=\"font-size: 1.7em; line-height: 50px; font-weight: bold;\" href=\"https:\/\/koast.org.nz\/\" target=\"_blank\" rel=\"noopener\">Circuit des ateliers d&#8217;art ouverts de Kerikeri<\/a><\/h3>\n<div class=\"entry-content clear\">\n<div class=\"vce-row-container\" data-vce-boxed-width=\"true\">\n<div id=\"el-535ef9ff\" class=\"vce-row vce-row--col-gap-30 vce-row-equal-height vce-row-content--top\" data-vce-do-apply=\"all el-535ef9ff\">\n<div class=\"vce-row-content\" data-vce-element-content=\"true\">\n<div id=\"el-378e87e4\" class=\"vce-col vce-col--md-auto vce-col--xs-1 vce-col--xs-last vce-col--xs-first vce-col--sm-last vce-col--sm-first vce-col--md-last vce-col--lg-last vce-col--xl-last vce-col--md-first vce-col--lg-first vce-col--xl-first\">\n<div class=\"vce-col-inner\" data-vce-do-apply=\"border margin background el-378e87e4\">\n<div class=\"vce-col-content\" data-vce-element-content=\"true\" data-vce-do-apply=\"padding el-378e87e4\">\n<div class=\"vce-text-block\">\n<div id=\"el-939677cc\" class=\"vce-text-block-wrapper vce\" data-vce-do-apply=\"all el-939677cc\">\n\nLes belles r\u00e9gions et les beaux endroits ont attir\u00e9 et inspir\u00e9 les artistes depuis des si\u00e8cles, notamment Constable, C\u00e9zanne, van Gogh et, bien s\u00fbr, les jardins de Monet. Kerikeri, dans la Bay of Islands (Northland), est bien connue pour ses paysages \u00e9poustouflants, ses belles plages, ses promenades agr\u00e9ables et ses vergers d&#8217;agrumes et de kiwis. \n\nCette r\u00e9gion fascinante offre bien d&#8217;autres possibilit\u00e9s et de nombreux artistes n\u00e9o-z\u00e9landais tr\u00e8s talentueux y ont \u00e9lu domicile. Chaque ann\u00e9e, la<strong> <a href=\"https:\/\/koast.org.nz\/\" target=\"_blank\" rel=\"noopener\">piste des studios d&#8217;art ouverts de Kerikeri <\/a><\/strong>a permis aux artistes de la r\u00e9gion, aux artistes invit\u00e9s, aux visiteurs et aux collectionneurs d&#8217;art d&#8217;appr\u00e9cier leur talent.\n\nLa piste des studios d&#8217;art ouverts de Kerikeri offre aux visiteurs une merveilleuse exp\u00e9rience artistique. La visite des exposants dans leurs ateliers peut vraiment donner une perspective unique et int\u00e9ressante sur un lieu et en augmenter consid\u00e9rablement l&#8217;attrait. \n\nLes visiteurs qui se rendent dans les ateliers et les galeries des artistes contribuent \u00e0 soutenir ces derniers dans leur profession. La visite de leurs ateliers permet aux artistes d&#8217;\u00e9largir leur client\u00e8le et de vendre leurs \u0153uvres directement aux amateurs d&#8217;art et \u00e0 d&#8217;autres personnes int\u00e9ress\u00e9es. Chaque artiste a quelque chose de tr\u00e8s sp\u00e9cial \u00e0 offrir aux visiteurs.  \n\nEn cliquant sur les images ci-dessous, vous ouvrirez une nouvelle fen\u00eatre contenant plus d&#8217;informations sur ma participation \u00e0 KOAST pour l&#8217;ann\u00e9e en question.\n\n<\/div>\n<\/div>\n<\/div>\n<\/div>\n<\/div>\n<\/div>\n<\/div>\n<\/div>\n<\/div>\n<\/div>\n<\/div>\n<\/div>\n<\/div>\n<\/div>\n<\/div>\n<\/div>\n<\/div>\n<div class=\"vce-row-container\" data-vce-boxed-width=\"true\">\n<div id=\"el-2822f8ab\" class=\"vce-row vce-row--col-gap-30 vce-row-equal-height vce-row-content--top\" data-vce-do-apply=\"all el-2822f8ab\">\n<div class=\"vce-row-content\" data-vce-element-content=\"true\">\n<div id=\"el-4c424d2f\" class=\"vce-col vce-col--md-auto vce-col--xs-1 vce-col--xs-last vce-col--xs-first vce-col--sm-last vce-col--sm-first vce-col--md-last vce-col--lg-last vce-col--xl-last vce-col--md-first vce-col--lg-first vce-col--xl-first\">\n<div class=\"vce-col-inner\" data-vce-do-apply=\"border margin background el-4c424d2f\">\n<div class=\"vce-col-content\" data-vce-element-content=\"true\" data-vce-do-apply=\"padding el-4c424d2f\"><\/div>\n<\/div>\n<\/div>\n<\/div>\n<\/div>\n<\/div>\t\t\t\t\t\t\t\t<\/div>\n\t\t\t\t<\/div>\n\t\t\t\t\t<\/div>\n\t\t\t\t<\/div>\n\t\t<div class=\"elementor-element elementor-element-ca3b859 e-grid e-con-full e-con e-parent\" data-id=\"ca3b859\" data-element_type=\"container\" data-e-type=\"container\">\n\t\t\t\t<div class=\"elementor-element elementor-element-6dcac61 elementor-widget elementor-widget-image\" data-id=\"6dcac61\" data-element_type=\"widget\" data-e-type=\"widget\" data-widget_type=\"image.default\">\n\t\t\t\t<div class=\"elementor-widget-container\">\n\t\t\t\t\t\t\t\t\t\t\t\t\t\t\t\t<a href=\"http:\/\/guydutoit.com\/koast-2019\/\" target=\"_blank\">\n\t\t\t\t\t\t\t<img fetchpriority=\"high\" decoding=\"async\" data-attachment-id=\"15107\" data-permalink=\"https:\/\/guydutoit.com\/fr\/koast\/koast-2019-2-2\/\" data-orig-file=\"https:\/\/i0.wp.com\/guydutoit.com\/wp-content\/uploads\/2024\/11\/KOAST-2019.jpg?fit=170%2C300&amp;ssl=1\" data-orig-size=\"170,300\" data-comments-opened=\"0\" data-image-meta=\"{&quot;aperture&quot;:&quot;1.8&quot;,&quot;credit&quot;:&quot;&quot;,&quot;camera&quot;:&quot;SM-G988B&quot;,&quot;caption&quot;:&quot;&quot;,&quot;created_timestamp&quot;:&quot;1635343892&quot;,&quot;copyright&quot;:&quot;&quot;,&quot;focal_length&quot;:&quot;7&quot;,&quot;iso&quot;:&quot;400&quot;,&quot;shutter_speed&quot;:&quot;0.01&quot;,&quot;title&quot;:&quot;&quot;,&quot;orientation&quot;:&quot;1&quot;}\" data-image-title=\"KOAST 2019\" data-image-description=\"&lt;p&gt;KOAST 2019&lt;\/p&gt;\n\" data-image-caption=\"&lt;p&gt;KOAST 2019&lt;\/p&gt;\n\" data-medium-file=\"https:\/\/i0.wp.com\/guydutoit.com\/wp-content\/uploads\/2024\/11\/KOAST-2019.jpg?fit=170%2C300&amp;ssl=1\" data-large-file=\"https:\/\/i0.wp.com\/guydutoit.com\/wp-content\/uploads\/2024\/11\/KOAST-2019.jpg?fit=170%2C300&amp;ssl=1\" width=\"170\" height=\"300\" src=\"https:\/\/i0.wp.com\/guydutoit.com\/wp-content\/uploads\/2024\/11\/KOAST-2019.jpg?fit=170%2C300&amp;ssl=1\" class=\"attachment-large size-large wp-image-15107\" alt=\"KOAST 2019\" data-attachment-id=\"15107\" data-permalink=\"https:\/\/guydutoit.com\/fr\/koast\/koast-2019-2-2\/\" data-orig-file=\"https:\/\/i0.wp.com\/guydutoit.com\/wp-content\/uploads\/2024\/11\/KOAST-2019.jpg?fit=170%2C300&amp;ssl=1\" data-orig-size=\"170,300\" data-comments-opened=\"0\" data-image-meta=\"{&quot;aperture&quot;:&quot;1.8&quot;,&quot;credit&quot;:&quot;&quot;,&quot;camera&quot;:&quot;SM-G988B&quot;,&quot;caption&quot;:&quot;&quot;,&quot;created_timestamp&quot;:&quot;1635343892&quot;,&quot;copyright&quot;:&quot;&quot;,&quot;focal_length&quot;:&quot;7&quot;,&quot;iso&quot;:&quot;400&quot;,&quot;shutter_speed&quot;:&quot;0.01&quot;,&quot;title&quot;:&quot;&quot;,&quot;orientation&quot;:&quot;1&quot;}\" data-image-title=\"KOAST 2019\" data-image-description=\"&lt;p&gt;KOAST 2019&lt;\/p&gt;\n\" data-image-caption=\"&lt;p&gt;KOAST 2019&lt;\/p&gt;\n\" data-medium-file=\"https:\/\/i0.wp.com\/guydutoit.com\/wp-content\/uploads\/2024\/11\/KOAST-2019.jpg?fit=170%2C300&amp;ssl=1\" data-large-file=\"https:\/\/i0.wp.com\/guydutoit.com\/wp-content\/uploads\/2024\/11\/KOAST-2019.jpg?fit=170%2C300&amp;ssl=1\" \/>\t\t\t\t\t\t\t\t<\/a>\n\t\t\t\t\t\t\t\t\t\t\t\t\t\t\t<\/div>\n\t\t\t\t<\/div>\n\t\t\t\t<div class=\"elementor-element elementor-element-88b67ba elementor-widget elementor-widget-image\" data-id=\"88b67ba\" data-element_type=\"widget\" data-e-type=\"widget\" data-widget_type=\"image.default\">\n\t\t\t\t<div class=\"elementor-widget-container\">\n\t\t\t\t\t\t\t\t\t\t\t\t\t\t\t\t<a href=\"http:\/\/guydutoit.com\/koast-2021\/\" target=\"_blank\">\n\t\t\t\t\t\t\t<img decoding=\"async\" data-attachment-id=\"15108\" data-permalink=\"https:\/\/guydutoit.com\/fr\/koast\/koast-2021-2-2\/\" data-orig-file=\"https:\/\/i0.wp.com\/guydutoit.com\/wp-content\/uploads\/2024\/11\/KOAST-2021.jpg?fit=160%2C300&amp;ssl=1\" data-orig-size=\"160,300\" data-comments-opened=\"0\" data-image-meta=\"{&quot;aperture&quot;:&quot;1.8&quot;,&quot;credit&quot;:&quot;&quot;,&quot;camera&quot;:&quot;SM-G988B&quot;,&quot;caption&quot;:&quot;&quot;,&quot;created_timestamp&quot;:&quot;1635343948&quot;,&quot;copyright&quot;:&quot;&quot;,&quot;focal_length&quot;:&quot;7&quot;,&quot;iso&quot;:&quot;320&quot;,&quot;shutter_speed&quot;:&quot;0.01&quot;,&quot;title&quot;:&quot;&quot;,&quot;orientation&quot;:&quot;1&quot;}\" data-image-title=\"KOAST 2021\" data-image-description=\"&lt;p&gt;KOAST 2021&lt;\/p&gt;\n\" data-image-caption=\"&lt;p&gt;KOAST 2021&lt;\/p&gt;\n\" data-medium-file=\"https:\/\/i0.wp.com\/guydutoit.com\/wp-content\/uploads\/2024\/11\/KOAST-2021.jpg?fit=160%2C300&amp;ssl=1\" data-large-file=\"https:\/\/i0.wp.com\/guydutoit.com\/wp-content\/uploads\/2024\/11\/KOAST-2021.jpg?fit=160%2C300&amp;ssl=1\" width=\"160\" height=\"300\" src=\"https:\/\/i0.wp.com\/guydutoit.com\/wp-content\/uploads\/2024\/11\/KOAST-2021.jpg?fit=160%2C300&amp;ssl=1\" class=\"attachment-large size-large wp-image-15108\" alt=\"KOAST 2021\" data-attachment-id=\"15108\" data-permalink=\"https:\/\/guydutoit.com\/fr\/koast\/koast-2021-2-2\/\" data-orig-file=\"https:\/\/i0.wp.com\/guydutoit.com\/wp-content\/uploads\/2024\/11\/KOAST-2021.jpg?fit=160%2C300&amp;ssl=1\" data-orig-size=\"160,300\" data-comments-opened=\"0\" data-image-meta=\"{&quot;aperture&quot;:&quot;1.8&quot;,&quot;credit&quot;:&quot;&quot;,&quot;camera&quot;:&quot;SM-G988B&quot;,&quot;caption&quot;:&quot;&quot;,&quot;created_timestamp&quot;:&quot;1635343948&quot;,&quot;copyright&quot;:&quot;&quot;,&quot;focal_length&quot;:&quot;7&quot;,&quot;iso&quot;:&quot;320&quot;,&quot;shutter_speed&quot;:&quot;0.01&quot;,&quot;title&quot;:&quot;&quot;,&quot;orientation&quot;:&quot;1&quot;}\" data-image-title=\"KOAST 2021\" data-image-description=\"&lt;p&gt;KOAST 2021&lt;\/p&gt;\n\" data-image-caption=\"&lt;p&gt;KOAST 2021&lt;\/p&gt;\n\" data-medium-file=\"https:\/\/i0.wp.com\/guydutoit.com\/wp-content\/uploads\/2024\/11\/KOAST-2021.jpg?fit=160%2C300&amp;ssl=1\" data-large-file=\"https:\/\/i0.wp.com\/guydutoit.com\/wp-content\/uploads\/2024\/11\/KOAST-2021.jpg?fit=160%2C300&amp;ssl=1\" \/>\t\t\t\t\t\t\t\t<\/a>\n\t\t\t\t\t\t\t\t\t\t\t\t\t\t\t<\/div>\n\t\t\t\t<\/div>\n\t\t\t\t<\/div>\n\t\t\t\t<\/div>\n\t\t","protected":false},"excerpt":{"rendered":"<p>Circuit des ateliers d&#8217;art ouverts de Kerikeri Les belles r\u00e9gions et les beaux endroits ont attir\u00e9 et inspir\u00e9 les artistes depuis des si\u00e8cles, notamment Constable, C\u00e9zanne, van Gogh et, bien s\u00fbr, les jardins de Monet. Kerikeri, dans la Bay of Islands (Northland), est bien connue pour ses paysages \u00e9poustouflants, ses belles plages, ses promenades agr\u00e9ables [&hellip;]<\/p>\n","protected":false},"author":2,"featured_media":0,"parent":0,"menu_order":0,"comment_status":"closed","ping_status":"closed","template":"","meta":{"site-sidebar-layout":"default","site-content-layout":"","ast-site-content-layout":"default","site-content-style":"default","site-sidebar-style":"default","ast-global-header-display":"","ast-banner-title-visibility":"","ast-main-header-display":"","ast-hfb-above-header-display":"","ast-hfb-below-header-display":"","ast-hfb-mobile-header-display":"","site-post-title":"","ast-breadcrumbs-content":"","ast-featured-img":"","footer-sml-layout":"","ast-disable-related-posts":"","theme-transparent-header-meta":"default","adv-header-id-meta":"","stick-header-meta":"default","header-above-stick-meta":"","header-main-stick-meta":"","header-below-stick-meta":"","astra-migrate-meta-layouts":"set","ast-page-background-enabled":"default","ast-page-background-meta":{"desktop":{"background-color":"var(--ast-global-color-4)","background-image":"","background-repeat":"repeat","background-position":"center center","background-size":"auto","background-attachment":"scroll","background-type":"","background-media":"","overlay-type":"","overlay-color":"","overlay-opacity":"","overlay-gradient":""},"tablet":{"background-color":"","background-image":"","background-repeat":"repeat","background-position":"center center","background-size":"auto","background-attachment":"scroll","background-type":"","background-media":"","overlay-type":"","overlay-color":"","overlay-opacity":"","overlay-gradient":""},"mobile":{"background-color":"","background-image":"","background-repeat":"repeat","background-position":"center center","background-size":"auto","background-attachment":"scroll","background-type":"","background-media":"","overlay-type":"","overlay-color":"","overlay-opacity":"","overlay-gradient":""}},"ast-content-background-meta":{"desktop":{"background-color":"var(--ast-global-color-5)","background-image":"","background-repeat":"repeat","background-position":"center center","background-size":"auto","background-attachment":"scroll","background-type":"","background-media":"","overlay-type":"","overlay-color":"","overlay-opacity":"","overlay-gradient":""},"tablet":{"background-color":"var(--ast-global-color-5)","background-image":"","background-repeat":"repeat","background-position":"center center","background-size":"auto","background-attachment":"scroll","background-type":"","background-media":"","overlay-type":"","overlay-color":"","overlay-opacity":"","overlay-gradient":""},"mobile":{"background-color":"var(--ast-global-color-5)","background-image":"","background-repeat":"repeat","background-position":"center center","background-size":"auto","background-attachment":"scroll","background-type":"","background-media":"","overlay-type":"","overlay-color":"","overlay-opacity":"","overlay-gradient":""}},"jetpack_post_was_ever_published":false,"footnotes":""},"class_list":["post-15545","page","type-page","status-publish","hentry"],"jetpack-related-posts":[{"id":16687,"url":"https:\/\/guydutoit.com\/fr\/koast-2019\/","url_meta":{"origin":15545,"position":0},"title":"KOAST 2019","author":"Guy du Toit","date":"5 mars 2025","format":false,"excerpt":"En 2019, Rolly Munro, Leigh Munro et moi-m\u00eame avons partag\u00e9 un espace d'exposition dans le studio\/atelier de Rolly \u00e0 Kerikeri.Ce fut un week-end formidable avec de nombreux visiteurs et des discussions int\u00e9ressantes avec des personnes venues de loin pour visiter tous les artistes merveilleusement diversifi\u00e9s du Grand Nord et pour\u2026","rel":"","context":"Article similaire","block_context":{"text":"Article similaire","link":""},"img":{"alt_text":"","src":"","width":0,"height":0},"classes":[]},{"id":15525,"url":"https:\/\/guydutoit.com\/fr\/kerikeri-retirement-village-art-show-2020\/","url_meta":{"origin":15545,"position":1},"title":"Exposition d&#8217;art du village de retrait\u00e9s de Kerikeri 2020","author":"Guy du Toit","date":"19 octobre 2021","format":false,"excerpt":"En d\u00e9cembre 2020, j'ai \u00e9t\u00e9 invit\u00e9e \u00e0 exposer mes \u0153uvres en bois avec certains des nombreux artistes tr\u00e8s talentueux de Kerikeri dans la nouvelle aile d'appartements du village de retraite de Kerikeri. C'\u00e9tait un \u00e9v\u00e9nement extraordinaire, tr\u00e8s bien soutenu par les artistes locaux, et c'\u00e9tait un plaisir de passer du\u2026","rel":"","context":"Article similaire","block_context":{"text":"Article similaire","link":""},"img":{"alt_text":"","src":"","width":0,"height":0},"classes":[]},{"id":15488,"url":"https:\/\/guydutoit.com\/fr\/exhibitions-events\/","url_meta":{"origin":15545,"position":2},"title":"Expositions et \u00e9v\u00e9nements","author":"Guy du Toit","date":"6 novembre 2024","format":false,"excerpt":"Expositions et \u00e9v\u00e9nements Voici quelques-unes des expositions auxquelles j'ai \u00e9t\u00e9 invit\u00e9e, des \u00e9v\u00e9nements auxquels j'ai particip\u00e9 et des galeries et boutiques qui vendent ou ont vendu mes cr\u00e9ations. En cliquant sur l'image, vous ouvrirez une nouvelle fen\u00eatre contenant plus d'informations sur la galerie, la boutique ou l'exposition. En cliquant sur\u2026","rel":"","context":"Article similaire","block_context":{"text":"Article similaire","link":""},"img":{"alt_text":"","src":"https:\/\/i0.wp.com\/guydutoit.com\/wp-content\/uploads\/2025\/03\/Tuhono-1.png?resize=350%2C200&ssl=1","width":350,"height":200,"srcset":"https:\/\/i0.wp.com\/guydutoit.com\/wp-content\/uploads\/2025\/03\/Tuhono-1.png?resize=350%2C200&ssl=1 1x, https:\/\/i0.wp.com\/guydutoit.com\/wp-content\/uploads\/2025\/03\/Tuhono-1.png?resize=525%2C300&ssl=1 1.5x, https:\/\/i0.wp.com\/guydutoit.com\/wp-content\/uploads\/2025\/03\/Tuhono-1.png?resize=700%2C400&ssl=1 2x"},"classes":[]},{"id":15524,"url":"https:\/\/guydutoit.com\/fr\/koast-2021\/","url_meta":{"origin":15545,"position":3},"title":"KOAST 2021","author":"Guy du Toit","date":"27 octobre 2021","format":false,"excerpt":"Malheureusement, KOAST 2021 a \u00e9t\u00e9 report\u00e9 au week-end anniversaire d'Auckland 2022 \u00e0 cause de Covid-19.Nous \u00e9tions au niveau 2 de verrouillage, mais j'ai quand m\u00eame ouvert ma galerie d'art \u00e0 Kerikeri pour le week-end du travail et, malgr\u00e9 les restrictions en mati\u00e8re d'hygi\u00e8ne et un temps vraiment sauvage et humide,\u2026","rel":"","context":"Article similaire","block_context":{"text":"Article similaire","link":""},"img":{"alt_text":"","src":"","width":0,"height":0},"classes":[]},{"id":15543,"url":"https:\/\/guydutoit.com\/fr\/tuhono-kerikeri\/","url_meta":{"origin":15545,"position":4},"title":"TUHONO Kerikeri","author":"Guy du Toit","date":"28 septembre 2021","format":false,"excerpt":"C\u00e9l\u00e9bration du 200e anniversaire de Kerikeri Tuhono Kerikeri \u00e9tait un \u00e9v\u00e9nement pr\u00e9vu pour c\u00e9l\u00e9brer le 200e anniversaire de la fondation de Kerikeri. Plusieurs artistes locaux ont \u00e9t\u00e9 invit\u00e9s \u00e0 cr\u00e9er des \u0153uvres d'art pour une exposition dans le cadre de cet \u00e9v\u00e9nement. Malheureusement, l'\u00e9v\u00e9nement n'a jamais eu lieu \u00e0 cause\u2026","rel":"","context":"Article similaire","block_context":{"text":"Article similaire","link":""},"img":{"alt_text":"","src":"","width":0,"height":0},"classes":[]},{"id":15486,"url":"https:\/\/guydutoit.com\/fr\/in-the-news\/","url_meta":{"origin":15545,"position":5},"title":"DANS L&#8217;ACTUALIT\u00c9","author":"Guy du Toit","date":"8 novembre 2024","format":false,"excerpt":"Dans l'actualit\u00e9 Dans la presse : L'artisanat \u00e0 l'honneur Le tournage sur bois au c\u0153ur de l'actualit\u00e9 J'ai h\u00e2te de partager quelques \u00e9l\u00e9ments qui mettent en valeur mon travail et ma passion pour le tournage sur bois ! Ces \u00e9v\u00e9nements m\u00e9diatiques ont permis d'entrer en contact avec un public plus\u2026","rel":"","context":"Article similaire","block_context":{"text":"Article similaire","link":""},"img":{"alt_text":"Guy du Toit Documentary","src":"https:\/\/i0.wp.com\/guydutoit.com\/wp-content\/uploads\/2024\/11\/Guy-du-Toit-Documentary.png?resize=350%2C200&ssl=1","width":350,"height":200},"classes":[]}],"jetpack_sharing_enabled":false,"jetpack_likes_enabled":false,"_links":{"self":[{"href":"https:\/\/guydutoit.com\/fr\/wp-json\/wp\/v2\/pages\/15545","targetHints":{"allow":["GET"]}}],"collection":[{"href":"https:\/\/guydutoit.com\/fr\/wp-json\/wp\/v2\/pages"}],"about":[{"href":"https:\/\/guydutoit.com\/fr\/wp-json\/wp\/v2\/types\/page"}],"author":[{"embeddable":true,"href":"https:\/\/guydutoit.com\/fr\/wp-json\/wp\/v2\/users\/2"}],"replies":[{"embeddable":true,"href":"https:\/\/guydutoit.com\/fr\/wp-json\/wp\/v2\/comments?post=15545"}],"version-history":[{"count":15,"href":"https:\/\/guydutoit.com\/fr\/wp-json\/wp\/v2\/pages\/15545\/revisions"}],"predecessor-version":[{"id":22071,"href":"https:\/\/guydutoit.com\/fr\/wp-json\/wp\/v2\/pages\/15545\/revisions\/22071"}],"wp:attachment":[{"href":"https:\/\/guydutoit.com\/fr\/wp-json\/wp\/v2\/media?parent=15545"}],"curies":[{"name":"wp","href":"https:\/\/api.w.org\/{rel}","templated":true}]}}