{"id":15552,"date":"2021-09-23T21:41:41","date_gmt":"2021-09-23T20:41:41","guid":{"rendered":"http:\/\/guydutoit.com\/privacy-statement\/"},"modified":"2026-03-16T17:49:33","modified_gmt":"2026-03-16T16:49:33","slug":"privacy-statement","status":"publish","type":"page","link":"https:\/\/guydutoit.com\/fr\/privacy-statement\/","title":{"rendered":"Politique de confidentialit\u00e9"},"content":{"rendered":"<p><!--vcv no format--><\/p>\n<div class=\"vce-row-container\" data-vce-boxed-width=\"true\">\n<div id=\"el-ff1c92df\" class=\"vce-row vce-row--col-gap-30 vce-row-equal-height vce-row-content--top\" data-vce-do-apply=\"all el-ff1c92df\">\n<div class=\"vce-row-content\" data-vce-element-content=\"true\">\n<div id=\"el-1ada2271\" class=\"vce-col vce-col--md-auto vce-col--xs-1 vce-col--xs-last vce-col--xs-first vce-col--sm-last vce-col--sm-first vce-col--md-last vce-col--lg-last vce-col--xl-last vce-col--md-first vce-col--lg-first vce-col--xl-first\">\n<div class=\"vce-col-inner\" data-vce-do-apply=\"border margin background el-1ada2271\">\n<div class=\"vce-col-content\" data-vce-element-content=\"true\" data-vce-do-apply=\"padding el-1ada2271\">\n<div class=\"vce-text-block\">\n<div id=\"el-4a892927\" class=\"vce-text-block-wrapper vce\" data-vce-do-apply=\"all el-4a892927\">\n&#013;\n<div class=\"flex max-w-full flex-col flex-grow\">&#013;\n<div class=\"min-h-[20px] text-message flex w-full flex-col items-end gap-2 break-words [.text-message+&amp;]:mt-5 overflow-x-auto whitespace-normal\" dir=\"auto\" data-message-author-role=\"assistant\" data-message-id=\"697acbec-029e-4ba7-82ce-15bec4569451\">&#013;\n<div class=\"flex w-full flex-col gap-1 empty:hidden first:pt-[3px]\">&#013;\n<div class=\"markdown prose w-full break-words dark:prose-invert light\">&#013;\n<h3 class=\"wp-block-heading\">D\u00e9claration de confidentialit\u00e9<\/h3>&#013;\n<p><strong>Effective Date:<\/strong> 29\/08\/2024<\/p>&#013;\n<h4>1. Qui sommes-nous ?<\/h4>&#013;\n<p>Welcome to the official online website of Guy du Toit. My website address is: <a href=\"http:\/\/guydutoit.com\" target=\"_blank\" rel=\"noopener\">http:\/\/guydutoit.com<\/a>. We are committed to protecting your privacy and ensuring the security of any personal data you share with us. This privacy statement outlines how we collect, use, and protect your personal information in compliance with the General Data Protection Regulation (GDPR).<\/p>&#013;\n<h4>2. Commentaires<\/h4>&#013;\n<p>When visitors leave comments on our site, we collect the data provided in the comments form, including the visitor\u2019s IP address and browser user agent string, to help with spam detection. Additionally, an anonymized string (hash) created from your email address may be shared with the Gravatar service to determine if you are using it. The Gravatar service\u2019s privacy policy is available <a href=\"http:\/\/guydutoit.com\/terms-and-conditions\/privacy-statement\/\" target=\"_blank\" rel=\"noopener\">here<\/a>. After your comment is approved, your profile picture, if available, may be visible to the public alongside your comment.<\/p>&#013;\n<h4>3. Cookies<\/h4>&#013;\n<p>If you leave a comment on our site, you may opt-in to saving your name, email address, and website in cookies. These cookies are for your convenience, allowing you to avoid re-entering your details for future comments. These cookies will last for one year.<\/p>&#013;\n<h4>4. Contenu int\u00e9gr\u00e9 d&#8217;autres sites web<\/h4>&#013;\n<p>Articles on this site may include embedded content, such as videos, images, and articles. Embedded content from other websites behaves in the same way as if you visited the other website directly. These third-party websites may collect data about you, use cookies, embed additional third-party tracking, and monitor your interaction with that embedded content, including tracking your interaction if you have an account and are logged in to that website.<\/p>&#013;\n<h4>5. Avec qui nous partageons vos donn\u00e9es<\/h4>&#013;\n<p>We value your privacy and do not share your personal data with any third parties except as described in this policy. Your data is never sold or rented to anyone.<\/p>&#013;\n<h4>6. Dur\u00e9e de conservation de vos donn\u00e9es<\/h4>&#013;\n<p>If you leave a comment, the comment and its metadata are retained indefinitely. This allows us to recognize and approve any follow-up comments automatically without placing them in a moderation queue.<\/p>&#013;\n<p>For users who register on our website (if applicable), we store the personal information provided in their user profile. All registered users can see, edit, or delete their personal information at any time (except for their username). Website administrators can also view and edit that information.<\/p>&#013;\n<h4>7. Vos droits sur vos donn\u00e9es<\/h4>&#013;\n<p>If you have left comments on our site, you may request an exported file of the personal data we hold about you, including any data you provided to us. You also have the right to request the erasure of any personal data we hold about you. Please note that this does not include any data we are obliged to retain for administrative, legal, or security purposes.<\/p>&#013;\n<h4>8. O\u00f9 nous envoyons vos donn\u00e9es<\/h4>&#013;\n<p>Visitor comments may be checked through an automated spam detection service. This process is in place to protect our site and users from unwanted and harmful content.<\/p>&#013;\n<h4>9. S\u00e9curit\u00e9 des donn\u00e9es<\/h4>&#013;\n<p>We implement appropriate technical and organizational measures to protect your data against unauthorized access, alteration, disclosure, or destruction. However, please note that no method of transmission over the internet or electronic storage is completely secure.<\/p>&#013;\n<h4>10. Modifications de la pr\u00e9sente politique de protection de la vie priv\u00e9e<\/h4>&#013;\n<p>We may update this privacy policy from time to time to reflect changes in our practices or for other operational, legal, or regulatory reasons. Please review this page periodically for the latest information on our privacy practices.<\/p>&#013;\n<h4>11. Contactez nous<\/h4>&#013;\n<p>If you have any questions or concerns about this privacy policy or how your personal data is handled, please contact us via the <a href=\"http:\/\/guydutoit.com\/contact\/\" target=\"_blank\" rel=\"noopener\">CONTACT<\/a> page.<\/p>&#013;\n<p>Thank you for trusting us with your personal information. We are committed to safeguarding your privacy as you enjoy exploring the art of Guy du Toit.<\/p>&#013;\n<\/div>&#013;\n<\/div>&#013;\n<\/div>&#013;\n<\/div>&#013;\n<\/div>\n<\/div>\n<\/div>\n<\/div>\n<\/div>\n<\/div>\n<\/div>\n<\/div>\n<p><!--vcv no format--><\/p>\n","protected":false},"excerpt":{"rendered":"<p>&#013; &#013; &#013; &#013; &#013; D\u00e9claration de confidentialit\u00e9 &#013; Effective Date: 29\/08\/2024 &#013; 1. Qui sommes-nous ? &#013; Welcome to the official online website of Guy du Toit. My website address is: http:\/\/guydutoit.com. We are committed to protecting your privacy and ensuring the security of any personal data you share with us. This privacy statement [&hellip;]<\/p>\n","protected":false},"author":2,"featured_media":0,"parent":0,"menu_order":0,"comment_status":"closed","ping_status":"open","template":"","meta":{"site-sidebar-layout":"default","site-content-layout":"","ast-site-content-layout":"default","site-content-style":"default","site-sidebar-style":"default","ast-global-header-display":"","ast-banner-title-visibility":"","ast-main-header-display":"","ast-hfb-above-header-display":"","ast-hfb-below-header-display":"","ast-hfb-mobile-header-display":"","site-post-title":"","ast-breadcrumbs-content":"","ast-featured-img":"","footer-sml-layout":"","ast-disable-related-posts":"","theme-transparent-header-meta":"default","adv-header-id-meta":"","stick-header-meta":"default","header-above-stick-meta":"","header-main-stick-meta":"","header-below-stick-meta":"","astra-migrate-meta-layouts":"set","ast-page-background-enabled":"default","ast-page-background-meta":{"desktop":{"background-color":"var(--ast-global-color-4)","background-image":"","background-repeat":"repeat","background-position":"center center","background-size":"auto","background-attachment":"scroll","background-type":"","background-media":"","overlay-type":"","overlay-color":"","overlay-opacity":"","overlay-gradient":""},"tablet":{"background-color":"","background-image":"","background-repeat":"repeat","background-position":"center center","background-size":"auto","background-attachment":"scroll","background-type":"","background-media":"","overlay-type":"","overlay-color":"","overlay-opacity":"","overlay-gradient":""},"mobile":{"background-color":"","background-image":"","background-repeat":"repeat","background-position":"center center","background-size":"auto","background-attachment":"scroll","background-type":"","background-media":"","overlay-type":"","overlay-color":"","overlay-opacity":"","overlay-gradient":""}},"ast-content-background-meta":{"desktop":{"background-color":"var(--ast-global-color-5)","background-image":"","background-repeat":"repeat","background-position":"center center","background-size":"auto","background-attachment":"scroll","background-type":"","background-media":"","overlay-type":"","overlay-color":"","overlay-opacity":"","overlay-gradient":""},"tablet":{"background-color":"var(--ast-global-color-5)","background-image":"","background-repeat":"repeat","background-position":"center center","background-size":"auto","background-attachment":"scroll","background-type":"","background-media":"","overlay-type":"","overlay-color":"","overlay-opacity":"","overlay-gradient":""},"mobile":{"background-color":"var(--ast-global-color-5)","background-image":"","background-repeat":"repeat","background-position":"center center","background-size":"auto","background-attachment":"scroll","background-type":"","background-media":"","overlay-type":"","overlay-color":"","overlay-opacity":"","overlay-gradient":""}},"jetpack_post_was_ever_published":false,"footnotes":""},"class_list":["post-15552","page","type-page","status-publish","hentry"],"jetpack-related-posts":[{"id":15514,"url":"https:\/\/guydutoit.com\/fr\/cookie-policy-eu\/","url_meta":{"origin":15552,"position":0},"title":"Politique en mati\u00e8re de cookies (UE)","author":"Guy du Toit","date":"16 juillet 2024","format":false,"excerpt":"","rel":"","context":"Article similaire","block_context":{"text":"Article similaire","link":""},"img":{"alt_text":"","src":"","width":0,"height":0},"classes":[]},{"id":15479,"url":"https:\/\/guydutoit.com\/fr\/refund_returns\/","url_meta":{"origin":15552,"position":1},"title":"Politique de remboursement et de retour","author":"Guy du Toit","date":"25 novembre 2024","format":false,"excerpt":"\r Il s'agit d'une page d'exemple.\r \r Vue d'ensemble\r \r Notre politique de remboursement et de retour dure 30 jours. Si 30 jours se sont \u00e9coul\u00e9s depuis votre achat, nous ne pouvons pas vous offrir un remboursement complet ou un \u00e9change. \r \r Pour pouvoir \u00eatre retourn\u00e9, votre article doit\u2026","rel":"","context":"Article similaire","block_context":{"text":"Article similaire","link":""},"img":{"alt_text":"","src":"","width":0,"height":0},"classes":[]},{"id":15483,"url":"https:\/\/guydutoit.com\/fr\/home-page-new\/","url_meta":{"origin":15552,"position":2},"title":"Conception de la maison","author":"Guy du Toit","date":"16 novembre 2024","format":false,"excerpt":"L'atelier de Guy - 'ARTelier de Guy' Le choc de l'art et du bois SHOP NOW Bienvenue dans l'univers de Guy du Toit, o\u00f9 le bois est transform\u00e9 en art captivant. En tant que tourneur sur bois exp\u00e9riment\u00e9, artisan, je cr\u00e9e des pi\u00e8ces uniques et sur mesure en utilisant du\u2026","rel":"","context":"Article similaire","block_context":{"text":"Article similaire","link":""},"img":{"alt_text":"ARTelier de Guy interieur","src":"https:\/\/i0.wp.com\/guydutoit.com\/wp-content\/uploads\/2025\/06\/IMG_20250612_121059.jpg?resize=350%2C200&ssl=1","width":350,"height":200,"srcset":"https:\/\/i0.wp.com\/guydutoit.com\/wp-content\/uploads\/2025\/06\/IMG_20250612_121059.jpg?resize=350%2C200&ssl=1 1x, https:\/\/i0.wp.com\/guydutoit.com\/wp-content\/uploads\/2025\/06\/IMG_20250612_121059.jpg?resize=525%2C300&ssl=1 1.5x, https:\/\/i0.wp.com\/guydutoit.com\/wp-content\/uploads\/2025\/06\/IMG_20250612_121059.jpg?resize=700%2C400&ssl=1 2x, https:\/\/i0.wp.com\/guydutoit.com\/wp-content\/uploads\/2025\/06\/IMG_20250612_121059.jpg?resize=1050%2C600&ssl=1 3x, https:\/\/i0.wp.com\/guydutoit.com\/wp-content\/uploads\/2025\/06\/IMG_20250612_121059.jpg?resize=1400%2C800&ssl=1 4x"},"classes":[]},{"id":13646,"url":"https:\/\/guydutoit.com\/es\/large-hourglass-segmented-pin-rare-wood-necklace\/","url_meta":{"origin":15552,"position":3},"title":"Gran alfiler segmentado de reloj de arena collar de madera rara","author":"Guy du Toit","date":"8 novembre 2021","format":false,"excerpt":"Collar artesanal de madera segmentada de maderas raras - $120.00 Elaborados a mano a partir de diferentes piezas de maderas raras que pueden incluir nudos, madera espalmada y otras maderas raras, estos collares son \u00fanicos y seguro que ser\u00e1n la envidia de todos sus amigos. Gruesos y muy masculinos, sientan\u2026","rel":"","context":"Article similaire","block_context":{"text":"Article similaire","link":""},"img":{"alt_text":"Gran alfiler segmentado de reloj de arena collar de madera rara","src":"|!|vcvUploadUrl|!|\/2021\/11\/20211108_202952-scaled-e1636408002671-678x1024.jpg","width":350,"height":200,"srcset":"|!|vcvUploadUrl|!|\/2021\/11\/20211108_202952-scaled-e1636408002671-678x1024.jpg 1x, |!|vcvUploadUrl|!|\/2021\/11\/20211108_202952-scaled-e1636408002671-678x1024.jpg 1.5x"},"classes":[]},{"id":13929,"url":"https:\/\/guydutoit.com\/es\/wooden-jewellery\/","url_meta":{"origin":15552,"position":4},"title":"Joyas de madera","author":"Guy du Toit","date":"27 septembre 2021","format":false,"excerpt":"Aqu\u00ed encontrar\u00e1 una selecci\u00f3n de joyas artesanales hechas con maderas raras que Guy tiene a la venta en su galer\u00eda de Kerikeri. Hay otras obras en galer\u00edas donde tambi\u00e9n puede adquirir algunos de los originales de Guy. Para ver las galer\u00edas que actualmente exponen su arte, por favor pulse aqu\u00ed.\u2026","rel":"","context":"Article similaire","block_context":{"text":"Article similaire","link":""},"img":{"alt_text":"Collar franc\u00e9s Buis de madera tallada a mano","src":"|!|vcvUploadUrl|!|\/2021\/11\/20211108_195920-1024x461.jpg","width":350,"height":200,"srcset":"|!|vcvUploadUrl|!|\/2021\/11\/20211108_195920-1024x461.jpg 1x, |!|vcvUploadUrl|!|\/2021\/11\/20211108_195920-1024x461.jpg 1.5x, |!|vcvUploadUrl|!|\/2021\/11\/20211108_195920-1024x461.jpg 2x"},"classes":[]},{"id":13666,"url":"https:\/\/guydutoit.com\/es\/diamond-segmented-pin-rare-wood-necklace\/","url_meta":{"origin":15552,"position":5},"title":"Alfiler segmentado de diamantes collar de madera rara","author":"Guy du Toit","date":"8 novembre 2021","format":false,"excerpt":"Collar artesanal de madera segmentada de maderas raras - $120.00 Elaborados a mano a partir de diferentes piezas de maderas raras que pueden incluir nudos, madera espalmada y otras maderas raras, estos collares son \u00fanicos y seguro que ser\u00e1n la envidia de todos sus amigos. Todas las piezas se cortan\u2026","rel":"","context":"Article similaire","block_context":{"text":"Article similaire","link":""},"img":{"alt_text":"Pasador segmentado de diamantes collar de madera rara espalda","src":"|!|vcvUploadUrl|!|\/2021\/11\/20211108_155010-scaled-e1636404840600-964x1024.jpg","width":350,"height":200,"srcset":"|!|vcvUploadUrl|!|\/2021\/11\/20211108_155010-scaled-e1636404840600-964x1024.jpg 1x, |!|vcvUploadUrl|!|\/2021\/11\/20211108_155010-scaled-e1636404840600-964x1024.jpg 1.5x, |!|vcvUploadUrl|!|\/2021\/11\/20211108_155010-scaled-e1636404840600-964x1024.jpg 2x"},"classes":[]}],"jetpack_sharing_enabled":false,"jetpack_likes_enabled":false,"_links":{"self":[{"href":"https:\/\/guydutoit.com\/fr\/wp-json\/wp\/v2\/pages\/15552","targetHints":{"allow":["GET"]}}],"collection":[{"href":"https:\/\/guydutoit.com\/fr\/wp-json\/wp\/v2\/pages"}],"about":[{"href":"https:\/\/guydutoit.com\/fr\/wp-json\/wp\/v2\/types\/page"}],"author":[{"embeddable":true,"href":"https:\/\/guydutoit.com\/fr\/wp-json\/wp\/v2\/users\/2"}],"replies":[{"embeddable":true,"href":"https:\/\/guydutoit.com\/fr\/wp-json\/wp\/v2\/comments?post=15552"}],"version-history":[{"count":14,"href":"https:\/\/guydutoit.com\/fr\/wp-json\/wp\/v2\/pages\/15552\/revisions"}],"predecessor-version":[{"id":28452,"href":"https:\/\/guydutoit.com\/fr\/wp-json\/wp\/v2\/pages\/15552\/revisions\/28452"}],"wp:attachment":[{"href":"https:\/\/guydutoit.com\/fr\/wp-json\/wp\/v2\/media?parent=15552"}],"curies":[{"name":"wp","href":"https:\/\/api.w.org\/{rel}","templated":true}]}}